{"id":164003,"date":"2022-11-14T15:28:37","date_gmt":"2022-11-14T14:28:37","guid":{"rendered":"https:\/\/ekkla.ch\/produit\/wand-deckenleuchte-g13-o17-grau-sammode\/"},"modified":"2022-11-22T12:40:26","modified_gmt":"2022-11-22T11:40:26","slug":"wand-deckenleuchte-g13-o17-grau-sammode","status":"publish","type":"product","link":"https:\/\/ekkla.ch\/de\/produit\/wand-deckenleuchte-g13-o17-grau-sammode\/","title":{"rendered":"Wand-\/Deckenleuchte G13 &#8211; \u00d817 &#8211; Grau &#8211; Sammode"},"content":{"rendered":"<p>Die funktionale und \u00e4sthetische Deckenleuchte G13 passt in jedes Schlafzimmer, in jeden Flur, in jedes B\u00fcro und sogar in Ihre K\u00fcche. Sie besteht aus einem perforierten Metallgitter und einer echten Fresnel-Linse aus Glas, durch die das Licht gestreut wird. Die Deckenleuchte ist in drei Gr\u00f6ssen (S, M und L) und drei Farben (schwarz, weiss und grau) erh\u00e4ltlich, sodass sie sich einzeln oder in der Mehrzahl in beliebig vielen Kombinationen einsetzen l\u00e4sst.<\/p>\n<p>Die Deckenleuchte G13 verdankt ihr Design dem ber\u00fchmten Designer Pierre Guariche, von dem Sammode nun eine Neuauflage anbietet.\u00a0Pierre Guariche entwarf eine ganze Reihe von Leuchten oder, anders gesagt, &#8222;Lampenfamilien&#8220;. Diese beinhalten Schreib-, Stehl-, Wand- und H\u00e4ngeleuchten. Alle Modelle bieten einen hohen Nutzungskomfort &#8211; keine sichtbaren Lichtquellen &#8211; und eine ideale Lichtqualit\u00e4t. Sie k\u00f6nnen sehr vielf\u00e4ltig eingesetzt werden: als allgemeine Beleuchtung, stimmungsvolle oder punktuelle Beleuchtung, sanfte oder starke Beleuchtung, oder sogar indirekte Beleuchtung durch Reflexion.<\/p>\n<p>Dass Sammode jetzt einige dieser Modelle neu auflegt, ist alles andere als ein Zufall. Seit vielen Jahren erinnert das \u00e4sthetische und technologische Streben der Marke an dasjenige, das Guariche einst propagierte. Die Affinit\u00e4ten sind zahlreich. Sie haben vor allem einen Namen: Innovation.<\/p>\n<p>In der Tat erfand Pierre Guariche eine Vielzahl von Vorrichtungen: ein schwenkbares Pendel , Kragtr\u00e4ger, Dreh- oder Kipparm, Gelenkarme mithilfe von Kugelgelenken und Gegengewichtskugeln. Bei Guariche gibt es keine unn\u00f6tigen Stilmittel oder Details, die weder technisch noch funktional gerechtfertigt sind. Pierre Guariche hat die Codes einer radikalen, wenn nicht gar avantgardistischen \u00c4sthetik aufgestellt. Auf der einen Seite stehen reine Linien und neuartige Formen. Auf der anderen Seite eine innovative, technische Dimension und eine Intelligenz der Materialien, insbesondere bei Metall.<\/p>\n<p>Die Modelle mit dem Logo <em>Sammode &#8211; Pierre Guariche<\/em> bleiben dem urspr\u00fcnglichen Entwurf treu und integrieren zeitgen\u00f6ssische Technologien. Wie alle Sammode-Leuchten profitieren sie von einer aussergew\u00f6hnlichen Qualit\u00e4t und einer franz\u00f6sischen Herstellung.<\/p>\n<p>Die Leuchten werden in Frankreich hergestellt, zusammengebaut und verpackt (in Ch\u00e2tillon-sur-Sa\u00f4ne in den Vogesen). Die Standardlieferzeit betr\u00e4gt 3-5 Wochen.<\/p>\n<blockquote>\n<h2>Merkmale &amp; Eigenschaften<\/h2>\n<p><strong>Marke<\/strong> Sammode<\/p>\n<p><strong>Farbe<\/strong> Grau<\/p>\n<p><strong>Materialien<\/strong> Perforierter Stahlzylinder | Aluminum | Pressglas<\/p>\n<p><strong>Gl\u00fchbirne<\/strong>\u00a0E14 (nicht inbegriffen)<\/p>\n<p><strong>Max. Leistung (W) <\/strong>11<\/p>\n<p><strong>Stromversorgung (v)<\/strong> 220-240<\/p>\n<p><strong>Durchmesser (cm)<\/strong>\u00a017<\/p>\n<p><strong>H\u00f6he (cm)<\/strong> 15<\/p>\n<p><strong>Schutzfaktor (IP)<\/strong> 20<\/p><\/blockquote>\n","protected":false},"excerpt":{"rendered":"<p>Die funktionale und \u00e4sthetische Deckenleuchte G13 passt in jedes Schlafzimmer, in jeden Flur, in jedes B\u00fcro und sogar in Ihre K\u00fcche. Sie besteht aus einem perforierten Metallgitter und einer echten Fresnel-Linse aus Glas, durch die das Licht gestreut wird. Die Deckenleuchte ist in drei Gr\u00f6ssen (S, M und L) und drei Farben (schwarz, weiss und [&hellip;]<\/p>\n","protected":false},"featured_media":163636,"template":"","meta":{"_acf_changed":false,"om_disable_all_campaigns":false},"product_cat":[561],"product_tag":[1254,892,554,1188,1265,801],"bundled_by":[],"bundle_stock_status":"onbackorder","bundle_stock_quantity":null,"bundle_virtual":false,"bundle_layout":"","bundle_add_to_cart_form_location":"","bundle_editable_in_cart":false,"bundle_sold_individually_context":"","bundle_item_grouping":"","bundle_min_size":"","bundle_max_size":"","bundle_price":[],"bundled_items":[],"bundle_sell_ids":[],"acf":[],"yoast_head":"<!-- This site is optimized with the Yoast SEO Premium plugin v22.2 (Yoast SEO v22.8) - https:\/\/yoast.com\/wordpress\/plugins\/seo\/ -->\n<title>Sammode | Wand-\/Deckenleuchte G13 17 | Gratis Lieferung | Ekkla<\/title>\n<meta name=\"description\" content=\"Wand-\/Deckenleuchte f\u00fcr den Innenbereich, hergestellt in Frankreich. Industriedesign von Sammode Studio. Kostenlose Lieferung in der ganzen Schweiz.\" \/>\n<meta name=\"robots\" content=\"index, follow, max-snippet:-1, max-image-preview:large, max-video-preview:-1\" \/>\n<link rel=\"canonical\" href=\"https:\/\/ekkla.ch\/de\/produit\/wand-deckenleuchte-g13-o17-grau-sammode\/\" \/>\n<meta property=\"og:locale\" content=\"de_DE\" \/>\n<meta property=\"og:type\" content=\"article\" \/>\n<meta property=\"og:title\" content=\"Wand-\/Deckenleuchte G13 - \u00d817 - Grau - Sammode\" \/>\n<meta property=\"og:description\" content=\"Wand-\/Deckenleuchte f\u00fcr den Innenbereich, hergestellt in Frankreich. Industriedesign von Sammode Studio. Kostenlose Lieferung in der ganzen Schweiz.\" \/>\n<meta property=\"og:url\" content=\"https:\/\/ekkla.ch\/de\/produit\/wand-deckenleuchte-g13-o17-grau-sammode\/\" \/>\n<meta property=\"og:site_name\" content=\"Ekkla\" \/>\n<meta property=\"article:modified_time\" content=\"2022-11-22T11:40:26+00:00\" \/>\n<meta property=\"og:image\" content=\"https:\/\/ekkla.ch\/wp-content\/uploads\/2022\/11\/Ekkla-light-sammode_0063_G13-Ceiling-Size-S-Grey-On-Sammode-Pierre-Guariche.jpg\" \/>\n\t<meta property=\"og:image:width\" content=\"900\" \/>\n\t<meta property=\"og:image:height\" content=\"900\" \/>\n\t<meta property=\"og:image:type\" content=\"image\/jpeg\" \/>\n<meta name=\"twitter:card\" content=\"summary_large_image\" \/>\n<meta name=\"twitter:label1\" content=\"Gesch\u00e4tzte Lesezeit\" \/>\n\t<meta name=\"twitter:data1\" content=\"2\u00a0Minuten\" \/>\n<script type=\"application\/ld+json\" class=\"yoast-schema-graph\">{\"@context\":\"https:\/\/schema.org\",\"@graph\":[{\"@type\":\"WebPage\",\"@id\":\"https:\/\/ekkla.ch\/de\/produit\/wand-deckenleuchte-g13-o17-grau-sammode\/\",\"url\":\"https:\/\/ekkla.ch\/de\/produit\/wand-deckenleuchte-g13-o17-grau-sammode\/\",\"name\":\"Sammode | Wand-\/Deckenleuchte G13 17 | Gratis Lieferung | Ekkla\",\"isPartOf\":{\"@id\":\"https:\/\/ekkla.ch\/#website\"},\"primaryImageOfPage\":{\"@id\":\"https:\/\/ekkla.ch\/de\/produit\/wand-deckenleuchte-g13-o17-grau-sammode\/#primaryimage\"},\"image\":{\"@id\":\"https:\/\/ekkla.ch\/de\/produit\/wand-deckenleuchte-g13-o17-grau-sammode\/#primaryimage\"},\"thumbnailUrl\":\"https:\/\/ekkla.ch\/wp-content\/uploads\/2022\/11\/Ekkla-light-sammode_0063_G13-Ceiling-Size-S-Grey-On-Sammode-Pierre-Guariche.jpg\",\"datePublished\":\"2022-11-14T14:28:37+00:00\",\"dateModified\":\"2022-11-22T11:40:26+00:00\",\"description\":\"Wand-\/Deckenleuchte f\u00fcr den Innenbereich, hergestellt in Frankreich. Industriedesign von Sammode Studio. Kostenlose Lieferung in der ganzen Schweiz.\",\"breadcrumb\":{\"@id\":\"https:\/\/ekkla.ch\/de\/produit\/wand-deckenleuchte-g13-o17-grau-sammode\/#breadcrumb\"},\"inLanguage\":\"de\",\"potentialAction\":[{\"@type\":\"ReadAction\",\"target\":[\"https:\/\/ekkla.ch\/de\/produit\/wand-deckenleuchte-g13-o17-grau-sammode\/\"]}]},{\"@type\":\"ImageObject\",\"inLanguage\":\"de\",\"@id\":\"https:\/\/ekkla.ch\/de\/produit\/wand-deckenleuchte-g13-o17-grau-sammode\/#primaryimage\",\"url\":\"https:\/\/ekkla.ch\/wp-content\/uploads\/2022\/11\/Ekkla-light-sammode_0063_G13-Ceiling-Size-S-Grey-On-Sammode-Pierre-Guariche.jpg\",\"contentUrl\":\"https:\/\/ekkla.ch\/wp-content\/uploads\/2022\/11\/Ekkla-light-sammode_0063_G13-Ceiling-Size-S-Grey-On-Sammode-Pierre-Guariche.jpg\",\"width\":900,\"height\":900},{\"@type\":\"BreadcrumbList\",\"@id\":\"https:\/\/ekkla.ch\/de\/produit\/wand-deckenleuchte-g13-o17-grau-sammode\/#breadcrumb\",\"itemListElement\":[{\"@type\":\"ListItem\",\"position\":1,\"name\":\"Home\",\"item\":\"https:\/\/ekkla.ch\/de\/\"},{\"@type\":\"ListItem\",\"position\":2,\"name\":\"Shop\",\"item\":\"https:\/\/ekkla.ch\/de\/shop\/\"},{\"@type\":\"ListItem\",\"position\":3,\"name\":\"Wand-\/Deckenleuchte G13 &#8211; \u00d817 &#8211; Grau &#8211; Sammode\"}]},{\"@type\":\"WebSite\",\"@id\":\"https:\/\/ekkla.ch\/#website\",\"url\":\"https:\/\/ekkla.ch\/\",\"name\":\"Ekkla\",\"description\":\"Der Onlineshop f\u00fcr Beleuchtung\",\"publisher\":{\"@id\":\"https:\/\/ekkla.ch\/#organization\"},\"potentialAction\":[{\"@type\":\"SearchAction\",\"target\":{\"@type\":\"EntryPoint\",\"urlTemplate\":\"https:\/\/ekkla.ch\/?s={search_term_string}\"},\"query-input\":\"required name=search_term_string\"}],\"inLanguage\":\"de\"},{\"@type\":\"Organization\",\"@id\":\"https:\/\/ekkla.ch\/#organization\",\"name\":\"Ekkla\",\"url\":\"https:\/\/ekkla.ch\/\",\"logo\":{\"@type\":\"ImageObject\",\"inLanguage\":\"de\",\"@id\":\"https:\/\/ekkla.ch\/#\/schema\/logo\/image\/\",\"url\":\"http:\/\/ekkla.ch\/wp-content\/uploads\/2019\/07\/logo-1.svg\",\"contentUrl\":\"http:\/\/ekkla.ch\/wp-content\/uploads\/2019\/07\/logo-1.svg\",\"width\":1,\"height\":1,\"caption\":\"Ekkla\"},\"image\":{\"@id\":\"https:\/\/ekkla.ch\/#\/schema\/logo\/image\/\"},\"sameAs\":[\"https:\/\/www.instagram.com\/ekkla_light\/\"]}]}<\/script>\n<!-- \/ Yoast SEO Premium plugin. -->","yoast_head_json":{"title":"Sammode | Wand-\/Deckenleuchte G13 17 | Gratis Lieferung | Ekkla","description":"Wand-\/Deckenleuchte f\u00fcr den Innenbereich, hergestellt in Frankreich. Industriedesign von Sammode Studio. Kostenlose Lieferung in der ganzen Schweiz.","robots":{"index":"index","follow":"follow","max-snippet":"max-snippet:-1","max-image-preview":"max-image-preview:large","max-video-preview":"max-video-preview:-1"},"canonical":"https:\/\/ekkla.ch\/de\/produit\/wand-deckenleuchte-g13-o17-grau-sammode\/","og_locale":"de_DE","og_type":"article","og_title":"Wand-\/Deckenleuchte G13 - \u00d817 - Grau - Sammode","og_description":"Wand-\/Deckenleuchte f\u00fcr den Innenbereich, hergestellt in Frankreich. Industriedesign von Sammode Studio. Kostenlose Lieferung in der ganzen Schweiz.","og_url":"https:\/\/ekkla.ch\/de\/produit\/wand-deckenleuchte-g13-o17-grau-sammode\/","og_site_name":"Ekkla","article_modified_time":"2022-11-22T11:40:26+00:00","og_image":[{"width":900,"height":900,"url":"https:\/\/ekkla.ch\/wp-content\/uploads\/2022\/11\/Ekkla-light-sammode_0063_G13-Ceiling-Size-S-Grey-On-Sammode-Pierre-Guariche.jpg","type":"image\/jpeg"}],"twitter_card":"summary_large_image","twitter_misc":{"Gesch\u00e4tzte Lesezeit":"2\u00a0Minuten"},"schema":{"@context":"https:\/\/schema.org","@graph":[{"@type":"WebPage","@id":"https:\/\/ekkla.ch\/de\/produit\/wand-deckenleuchte-g13-o17-grau-sammode\/","url":"https:\/\/ekkla.ch\/de\/produit\/wand-deckenleuchte-g13-o17-grau-sammode\/","name":"Sammode | Wand-\/Deckenleuchte G13 17 | Gratis Lieferung | Ekkla","isPartOf":{"@id":"https:\/\/ekkla.ch\/#website"},"primaryImageOfPage":{"@id":"https:\/\/ekkla.ch\/de\/produit\/wand-deckenleuchte-g13-o17-grau-sammode\/#primaryimage"},"image":{"@id":"https:\/\/ekkla.ch\/de\/produit\/wand-deckenleuchte-g13-o17-grau-sammode\/#primaryimage"},"thumbnailUrl":"https:\/\/ekkla.ch\/wp-content\/uploads\/2022\/11\/Ekkla-light-sammode_0063_G13-Ceiling-Size-S-Grey-On-Sammode-Pierre-Guariche.jpg","datePublished":"2022-11-14T14:28:37+00:00","dateModified":"2022-11-22T11:40:26+00:00","description":"Wand-\/Deckenleuchte f\u00fcr den Innenbereich, hergestellt in Frankreich. Industriedesign von Sammode Studio. Kostenlose Lieferung in der ganzen Schweiz.","breadcrumb":{"@id":"https:\/\/ekkla.ch\/de\/produit\/wand-deckenleuchte-g13-o17-grau-sammode\/#breadcrumb"},"inLanguage":"de","potentialAction":[{"@type":"ReadAction","target":["https:\/\/ekkla.ch\/de\/produit\/wand-deckenleuchte-g13-o17-grau-sammode\/"]}]},{"@type":"ImageObject","inLanguage":"de","@id":"https:\/\/ekkla.ch\/de\/produit\/wand-deckenleuchte-g13-o17-grau-sammode\/#primaryimage","url":"https:\/\/ekkla.ch\/wp-content\/uploads\/2022\/11\/Ekkla-light-sammode_0063_G13-Ceiling-Size-S-Grey-On-Sammode-Pierre-Guariche.jpg","contentUrl":"https:\/\/ekkla.ch\/wp-content\/uploads\/2022\/11\/Ekkla-light-sammode_0063_G13-Ceiling-Size-S-Grey-On-Sammode-Pierre-Guariche.jpg","width":900,"height":900},{"@type":"BreadcrumbList","@id":"https:\/\/ekkla.ch\/de\/produit\/wand-deckenleuchte-g13-o17-grau-sammode\/#breadcrumb","itemListElement":[{"@type":"ListItem","position":1,"name":"Home","item":"https:\/\/ekkla.ch\/de\/"},{"@type":"ListItem","position":2,"name":"Shop","item":"https:\/\/ekkla.ch\/de\/shop\/"},{"@type":"ListItem","position":3,"name":"Wand-\/Deckenleuchte G13 &#8211; \u00d817 &#8211; Grau &#8211; Sammode"}]},{"@type":"WebSite","@id":"https:\/\/ekkla.ch\/#website","url":"https:\/\/ekkla.ch\/","name":"Ekkla","description":"Der Onlineshop f\u00fcr Beleuchtung","publisher":{"@id":"https:\/\/ekkla.ch\/#organization"},"potentialAction":[{"@type":"SearchAction","target":{"@type":"EntryPoint","urlTemplate":"https:\/\/ekkla.ch\/?s={search_term_string}"},"query-input":"required name=search_term_string"}],"inLanguage":"de"},{"@type":"Organization","@id":"https:\/\/ekkla.ch\/#organization","name":"Ekkla","url":"https:\/\/ekkla.ch\/","logo":{"@type":"ImageObject","inLanguage":"de","@id":"https:\/\/ekkla.ch\/#\/schema\/logo\/image\/","url":"http:\/\/ekkla.ch\/wp-content\/uploads\/2019\/07\/logo-1.svg","contentUrl":"http:\/\/ekkla.ch\/wp-content\/uploads\/2019\/07\/logo-1.svg","width":1,"height":1,"caption":"Ekkla"},"image":{"@id":"https:\/\/ekkla.ch\/#\/schema\/logo\/image\/"},"sameAs":["https:\/\/www.instagram.com\/ekkla_light\/"]}]}},"_links":{"self":[{"href":"https:\/\/ekkla.ch\/de\/wp-json\/wp\/v2\/product\/164003"}],"collection":[{"href":"https:\/\/ekkla.ch\/de\/wp-json\/wp\/v2\/product"}],"about":[{"href":"https:\/\/ekkla.ch\/de\/wp-json\/wp\/v2\/types\/product"}],"wp:featuredmedia":[{"embeddable":true,"href":"https:\/\/ekkla.ch\/de\/wp-json\/wp\/v2\/media\/163636"}],"wp:attachment":[{"href":"https:\/\/ekkla.ch\/de\/wp-json\/wp\/v2\/media?parent=164003"}],"wp:term":[{"taxonomy":"product_cat","embeddable":true,"href":"https:\/\/ekkla.ch\/de\/wp-json\/wp\/v2\/product_cat?post=164003"},{"taxonomy":"product_tag","embeddable":true,"href":"https:\/\/ekkla.ch\/de\/wp-json\/wp\/v2\/product_tag?post=164003"}],"curies":[{"name":"wp","href":"https:\/\/api.w.org\/{rel}","templated":true}]}}