{"id":164016,"date":"2022-11-15T16:18:59","date_gmt":"2022-11-15T15:18:59","guid":{"rendered":"https:\/\/ekkla.ch\/produit\/bewegliche-wandleuchte-g1-oe44-weiss-sammode\/"},"modified":"2022-11-22T13:52:21","modified_gmt":"2022-11-22T12:52:21","slug":"bewegliche-wandleuchte-g1-oe44-weiss-sammode","status":"publish","type":"product","link":"https:\/\/ekkla.ch\/de\/produit\/bewegliche-wandleuchte-g1-oe44-weiss-sammode\/","title":{"rendered":"Bewegliche Wandleuchte G1 &#8211; \u00d844 &#8211; Weiss &#8211; Sammode"},"content":{"rendered":"<p>Die G1 \u2013 eine 1951 von Pierre Guariche entworfene Leuchte, die zu einem Markenzeichen des Designs der 1950er Jahre wurde \u2013 muss man nicht mehr vorstellen. Das Wandleuchte-Modell zeichnet sich durch einen Schirm aus Metall und zwei Lichtquellen aus, die direktes und indirektes Licht spenden. Eine massive Messingkugel dient als Gegengewicht, w\u00e4hrend der Lampenarm ebenfalls aus Messing gefertigt ist und die Grenzen der Schwerkraft \u00fcberschreitet. Diese Wandleuchte eignet sich perfekt f\u00fcr Ihre Leseecke oder neben einem Esstisch in einer sanften und warmen Atmosph\u00e4re. Der spektakul\u00e4re Lampenschirm ist in f\u00fcnf verschiedenen Farben erh\u00e4ltlich: rot, schwarz, weiss, gr\u00fcn und cremefarbig. Somit haben Sie die Wahl, wie Sie Ihre Einrichtung versch\u00f6nern m\u00f6chten! Zwei Gl\u00fchbirnen sorgen f\u00fcr eine gleichm\u00e4ssige und gem\u00fctliche Beleuchtung.<\/p>\n<p>Die Wandleuchte G1 verdankt ihr Design dem ber\u00fchmten Designer Pierre Guariche, von dem Sammode nun eine Neuauflage anbietet.\u00a0Pierre Guariche entwarf eine ganze Reihe von Leuchten oder, anders gesagt, &#8222;Lampenfamilien&#8220;. Diese beinhalten Schreib-, Stehl-, Wand- und H\u00e4ngeleuchten. Alle Modelle bieten einen hohen Nutzungskomfort &#8211; keine sichtbaren Lichtquellen &#8211; und eine ideale Lichtqualit\u00e4t. Sie k\u00f6nnen sehr vielf\u00e4ltig eingesetzt werden: als allgemeine Beleuchtung, stimmungsvolle oder punktuelle Beleuchtung, sanfte oder starke Beleuchtung, oder sogar indirekte Beleuchtung durch Reflexion.<\/p>\n<p>Dass Sammode jetzt einige dieser Modelle neu auflegt, ist alles andere als ein Zufall. Seit vielen Jahren erinnert das \u00e4sthetische und technologische Streben der Marke an dasjenige, das Guariche einst propagierte. Die Affinit\u00e4ten sind zahlreich. Sie haben vor allem einen Namen: Innovation.<\/p>\n<p>In der Tat erfand Pierre Guariche eine Vielzahl von Vorrichtungen: ein schwenkbares Pendel , Kragtr\u00e4ger, Dreh- oder Kipparm, Gelenkarme mithilfe von Kugelgelenken und Gegengewichtskugeln. Bei Guariche gibt es keine unn\u00f6tigen Stilmittel oder Details, die weder technisch noch funktional gerechtfertigt sind. Pierre Guariche hat die Codes einer radikalen, wenn nicht gar avantgardistischen \u00c4sthetik aufgestellt. Auf der einen Seite stehen reine Linien und neuartige Formen. Auf der anderen Seite eine innovative, technische Dimension und eine Intelligenz der Materialien, insbesondere bei Metall.<\/p>\n<p>Die Modelle mit dem Logo <em>Sammode &#8211; Pierre Guariche<\/em> bleiben dem urspr\u00fcnglichen Entwurf treu und integrieren zeitgen\u00f6ssische Technologien. Wie alle Sammode-Leuchten profitieren sie von einer aussergew\u00f6hnlichen Qualit\u00e4t und einer franz\u00f6sischen Herstellung.<\/p>\n<p>Die Leuchten werden in Frankreich hergestellt, zusammengebaut und verpackt (in Ch\u00e2tillon-sur-Sa\u00f4ne in den Vogesen). Die Standardlieferzeit betr\u00e4gt 3-5 Wochen.<\/p>\n<blockquote>\n<h2>Merkmale &amp; Eigenschaften<\/h2>\n<p><strong>Marke<\/strong> Sammode<\/p>\n<p><strong>Farbe<\/strong> Weiss<\/p>\n<p><strong>Materialien<\/strong> Aluminium| Messing<\/p>\n<p><strong>Gl\u00fchbirnen<\/strong> 2xE27 (nicht inbegriffen)<\/p>\n<p><strong>Max. Leistung (W) <\/strong>11<\/p>\n<p><strong>Stromversorgung (v)<\/strong> 220-240<\/p>\n<p><strong>Durchmesser Lampenschirm (cm)<\/strong> 44<\/p>\n<p><strong>H\u00f6he Lampenschirm (cm)<\/strong> 35<\/p>\n<p><strong>H\u00f6he der Lampe (cm)<\/strong> 67<\/p>\n<p><strong>Tiefe der Lampe (cm)<\/strong> 115<\/p>\n<p><strong>Kabell\u00e4nge (cm)<\/strong> 200<\/p><\/blockquote>\n","protected":false},"excerpt":{"rendered":"<p>Die G1 \u2013 eine 1951 von Pierre Guariche entworfene Leuchte, die zu einem Markenzeichen des Designs der 1950er Jahre wurde \u2013 muss man nicht mehr vorstellen. Das Wandleuchte-Modell zeichnet sich durch einen Schirm aus Metall und zwei Lichtquellen aus, die direktes und indirektes Licht spenden. Eine massive Messingkugel dient als Gegengewicht, w\u00e4hrend der Lampenarm ebenfalls [&hellip;]<\/p>\n","protected":false},"featured_media":163684,"template":"","meta":{"_acf_changed":false,"om_disable_all_campaigns":false},"product_cat":[286],"product_tag":[1254,892,1188,1265,801],"bundled_by":[],"bundle_stock_status":"onbackorder","bundle_stock_quantity":null,"bundle_virtual":false,"bundle_layout":"","bundle_add_to_cart_form_location":"","bundle_editable_in_cart":false,"bundle_sold_individually_context":"","bundle_item_grouping":"","bundle_min_size":"","bundle_max_size":"","bundle_price":[],"bundled_items":[],"bundle_sell_ids":[],"acf":[],"yoast_head":"<!-- This site is optimized with the Yoast SEO Premium plugin v22.2 (Yoast SEO v22.8) - https:\/\/yoast.com\/wordpress\/plugins\/seo\/ -->\n<title>Sammode | Bewegliche Wandleuchte G1 | Gratis Lieferung | Ekkla<\/title>\n<meta name=\"description\" content=\"Bewegliche Wandleuchte, in France hergestellt. Industrielles Design von Sammode Studio. Kostenlose Lieferung in die ganze Schweiz.\" \/>\n<meta name=\"robots\" content=\"index, follow, max-snippet:-1, max-image-preview:large, max-video-preview:-1\" \/>\n<link rel=\"canonical\" href=\"https:\/\/ekkla.ch\/de\/produit\/bewegliche-wandleuchte-g1-oe44-weiss-sammode\/\" \/>\n<meta property=\"og:locale\" content=\"de_DE\" \/>\n<meta property=\"og:type\" content=\"article\" \/>\n<meta property=\"og:title\" content=\"Bewegliche Wandleuchte G1 - \u00d844 - Weiss - Sammode\" \/>\n<meta property=\"og:description\" content=\"Bewegliche Wandleuchte, in France hergestellt. Industrielles Design von Sammode Studio. Kostenlose Lieferung in die ganze Schweiz.\" \/>\n<meta property=\"og:url\" content=\"https:\/\/ekkla.ch\/de\/produit\/bewegliche-wandleuchte-g1-oe44-weiss-sammode\/\" \/>\n<meta property=\"og:site_name\" content=\"Ekkla\" \/>\n<meta property=\"article:modified_time\" content=\"2022-11-22T12:52:21+00:00\" \/>\n<meta property=\"og:image\" content=\"https:\/\/ekkla.ch\/wp-content\/uploads\/2022\/11\/Ekkla-light-sammode_0157_G1-White-Wall-Lamp-Sammode-Pierre-Guariche.jpg\" \/>\n\t<meta property=\"og:image:width\" content=\"900\" \/>\n\t<meta property=\"og:image:height\" content=\"900\" \/>\n\t<meta property=\"og:image:type\" content=\"image\/jpeg\" \/>\n<meta name=\"twitter:card\" content=\"summary_large_image\" \/>\n<meta name=\"twitter:label1\" content=\"Gesch\u00e4tzte Lesezeit\" \/>\n\t<meta name=\"twitter:data1\" content=\"3\u00a0Minuten\" \/>\n<script type=\"application\/ld+json\" class=\"yoast-schema-graph\">{\"@context\":\"https:\/\/schema.org\",\"@graph\":[{\"@type\":\"WebPage\",\"@id\":\"https:\/\/ekkla.ch\/de\/produit\/bewegliche-wandleuchte-g1-oe44-weiss-sammode\/\",\"url\":\"https:\/\/ekkla.ch\/de\/produit\/bewegliche-wandleuchte-g1-oe44-weiss-sammode\/\",\"name\":\"Sammode | Bewegliche Wandleuchte G1 | Gratis Lieferung | Ekkla\",\"isPartOf\":{\"@id\":\"https:\/\/ekkla.ch\/#website\"},\"primaryImageOfPage\":{\"@id\":\"https:\/\/ekkla.ch\/de\/produit\/bewegliche-wandleuchte-g1-oe44-weiss-sammode\/#primaryimage\"},\"image\":{\"@id\":\"https:\/\/ekkla.ch\/de\/produit\/bewegliche-wandleuchte-g1-oe44-weiss-sammode\/#primaryimage\"},\"thumbnailUrl\":\"https:\/\/ekkla.ch\/wp-content\/uploads\/2022\/11\/Ekkla-light-sammode_0157_G1-White-Wall-Lamp-Sammode-Pierre-Guariche.jpg\",\"datePublished\":\"2022-11-15T15:18:59+00:00\",\"dateModified\":\"2022-11-22T12:52:21+00:00\",\"description\":\"Bewegliche Wandleuchte, in France hergestellt. Industrielles Design von Sammode Studio. Kostenlose Lieferung in die ganze Schweiz.\",\"breadcrumb\":{\"@id\":\"https:\/\/ekkla.ch\/de\/produit\/bewegliche-wandleuchte-g1-oe44-weiss-sammode\/#breadcrumb\"},\"inLanguage\":\"de\",\"potentialAction\":[{\"@type\":\"ReadAction\",\"target\":[\"https:\/\/ekkla.ch\/de\/produit\/bewegliche-wandleuchte-g1-oe44-weiss-sammode\/\"]}]},{\"@type\":\"ImageObject\",\"inLanguage\":\"de\",\"@id\":\"https:\/\/ekkla.ch\/de\/produit\/bewegliche-wandleuchte-g1-oe44-weiss-sammode\/#primaryimage\",\"url\":\"https:\/\/ekkla.ch\/wp-content\/uploads\/2022\/11\/Ekkla-light-sammode_0157_G1-White-Wall-Lamp-Sammode-Pierre-Guariche.jpg\",\"contentUrl\":\"https:\/\/ekkla.ch\/wp-content\/uploads\/2022\/11\/Ekkla-light-sammode_0157_G1-White-Wall-Lamp-Sammode-Pierre-Guariche.jpg\",\"width\":900,\"height\":900},{\"@type\":\"BreadcrumbList\",\"@id\":\"https:\/\/ekkla.ch\/de\/produit\/bewegliche-wandleuchte-g1-oe44-weiss-sammode\/#breadcrumb\",\"itemListElement\":[{\"@type\":\"ListItem\",\"position\":1,\"name\":\"Home\",\"item\":\"https:\/\/ekkla.ch\/de\/\"},{\"@type\":\"ListItem\",\"position\":2,\"name\":\"Shop\",\"item\":\"https:\/\/ekkla.ch\/de\/shop\/\"},{\"@type\":\"ListItem\",\"position\":3,\"name\":\"Bewegliche Wandleuchte G1 &#8211; \u00d844 &#8211; Weiss &#8211; Sammode\"}]},{\"@type\":\"WebSite\",\"@id\":\"https:\/\/ekkla.ch\/#website\",\"url\":\"https:\/\/ekkla.ch\/\",\"name\":\"Ekkla\",\"description\":\"Der Onlineshop f\u00fcr Beleuchtung\",\"publisher\":{\"@id\":\"https:\/\/ekkla.ch\/#organization\"},\"potentialAction\":[{\"@type\":\"SearchAction\",\"target\":{\"@type\":\"EntryPoint\",\"urlTemplate\":\"https:\/\/ekkla.ch\/?s={search_term_string}\"},\"query-input\":\"required name=search_term_string\"}],\"inLanguage\":\"de\"},{\"@type\":\"Organization\",\"@id\":\"https:\/\/ekkla.ch\/#organization\",\"name\":\"Ekkla\",\"url\":\"https:\/\/ekkla.ch\/\",\"logo\":{\"@type\":\"ImageObject\",\"inLanguage\":\"de\",\"@id\":\"https:\/\/ekkla.ch\/#\/schema\/logo\/image\/\",\"url\":\"http:\/\/ekkla.ch\/wp-content\/uploads\/2019\/07\/logo-1.svg\",\"contentUrl\":\"http:\/\/ekkla.ch\/wp-content\/uploads\/2019\/07\/logo-1.svg\",\"width\":1,\"height\":1,\"caption\":\"Ekkla\"},\"image\":{\"@id\":\"https:\/\/ekkla.ch\/#\/schema\/logo\/image\/\"},\"sameAs\":[\"https:\/\/www.instagram.com\/ekkla_light\/\"]}]}<\/script>\n<!-- \/ Yoast SEO Premium plugin. -->","yoast_head_json":{"title":"Sammode | Bewegliche Wandleuchte G1 | Gratis Lieferung | Ekkla","description":"Bewegliche Wandleuchte, in France hergestellt. Industrielles Design von Sammode Studio. Kostenlose Lieferung in die ganze Schweiz.","robots":{"index":"index","follow":"follow","max-snippet":"max-snippet:-1","max-image-preview":"max-image-preview:large","max-video-preview":"max-video-preview:-1"},"canonical":"https:\/\/ekkla.ch\/de\/produit\/bewegliche-wandleuchte-g1-oe44-weiss-sammode\/","og_locale":"de_DE","og_type":"article","og_title":"Bewegliche Wandleuchte G1 - \u00d844 - Weiss - Sammode","og_description":"Bewegliche Wandleuchte, in France hergestellt. Industrielles Design von Sammode Studio. Kostenlose Lieferung in die ganze Schweiz.","og_url":"https:\/\/ekkla.ch\/de\/produit\/bewegliche-wandleuchte-g1-oe44-weiss-sammode\/","og_site_name":"Ekkla","article_modified_time":"2022-11-22T12:52:21+00:00","og_image":[{"width":900,"height":900,"url":"https:\/\/ekkla.ch\/wp-content\/uploads\/2022\/11\/Ekkla-light-sammode_0157_G1-White-Wall-Lamp-Sammode-Pierre-Guariche.jpg","type":"image\/jpeg"}],"twitter_card":"summary_large_image","twitter_misc":{"Gesch\u00e4tzte Lesezeit":"3\u00a0Minuten"},"schema":{"@context":"https:\/\/schema.org","@graph":[{"@type":"WebPage","@id":"https:\/\/ekkla.ch\/de\/produit\/bewegliche-wandleuchte-g1-oe44-weiss-sammode\/","url":"https:\/\/ekkla.ch\/de\/produit\/bewegliche-wandleuchte-g1-oe44-weiss-sammode\/","name":"Sammode | Bewegliche Wandleuchte G1 | Gratis Lieferung | Ekkla","isPartOf":{"@id":"https:\/\/ekkla.ch\/#website"},"primaryImageOfPage":{"@id":"https:\/\/ekkla.ch\/de\/produit\/bewegliche-wandleuchte-g1-oe44-weiss-sammode\/#primaryimage"},"image":{"@id":"https:\/\/ekkla.ch\/de\/produit\/bewegliche-wandleuchte-g1-oe44-weiss-sammode\/#primaryimage"},"thumbnailUrl":"https:\/\/ekkla.ch\/wp-content\/uploads\/2022\/11\/Ekkla-light-sammode_0157_G1-White-Wall-Lamp-Sammode-Pierre-Guariche.jpg","datePublished":"2022-11-15T15:18:59+00:00","dateModified":"2022-11-22T12:52:21+00:00","description":"Bewegliche Wandleuchte, in France hergestellt. Industrielles Design von Sammode Studio. Kostenlose Lieferung in die ganze Schweiz.","breadcrumb":{"@id":"https:\/\/ekkla.ch\/de\/produit\/bewegliche-wandleuchte-g1-oe44-weiss-sammode\/#breadcrumb"},"inLanguage":"de","potentialAction":[{"@type":"ReadAction","target":["https:\/\/ekkla.ch\/de\/produit\/bewegliche-wandleuchte-g1-oe44-weiss-sammode\/"]}]},{"@type":"ImageObject","inLanguage":"de","@id":"https:\/\/ekkla.ch\/de\/produit\/bewegliche-wandleuchte-g1-oe44-weiss-sammode\/#primaryimage","url":"https:\/\/ekkla.ch\/wp-content\/uploads\/2022\/11\/Ekkla-light-sammode_0157_G1-White-Wall-Lamp-Sammode-Pierre-Guariche.jpg","contentUrl":"https:\/\/ekkla.ch\/wp-content\/uploads\/2022\/11\/Ekkla-light-sammode_0157_G1-White-Wall-Lamp-Sammode-Pierre-Guariche.jpg","width":900,"height":900},{"@type":"BreadcrumbList","@id":"https:\/\/ekkla.ch\/de\/produit\/bewegliche-wandleuchte-g1-oe44-weiss-sammode\/#breadcrumb","itemListElement":[{"@type":"ListItem","position":1,"name":"Home","item":"https:\/\/ekkla.ch\/de\/"},{"@type":"ListItem","position":2,"name":"Shop","item":"https:\/\/ekkla.ch\/de\/shop\/"},{"@type":"ListItem","position":3,"name":"Bewegliche Wandleuchte G1 &#8211; \u00d844 &#8211; Weiss &#8211; Sammode"}]},{"@type":"WebSite","@id":"https:\/\/ekkla.ch\/#website","url":"https:\/\/ekkla.ch\/","name":"Ekkla","description":"Der Onlineshop f\u00fcr Beleuchtung","publisher":{"@id":"https:\/\/ekkla.ch\/#organization"},"potentialAction":[{"@type":"SearchAction","target":{"@type":"EntryPoint","urlTemplate":"https:\/\/ekkla.ch\/?s={search_term_string}"},"query-input":"required name=search_term_string"}],"inLanguage":"de"},{"@type":"Organization","@id":"https:\/\/ekkla.ch\/#organization","name":"Ekkla","url":"https:\/\/ekkla.ch\/","logo":{"@type":"ImageObject","inLanguage":"de","@id":"https:\/\/ekkla.ch\/#\/schema\/logo\/image\/","url":"http:\/\/ekkla.ch\/wp-content\/uploads\/2019\/07\/logo-1.svg","contentUrl":"http:\/\/ekkla.ch\/wp-content\/uploads\/2019\/07\/logo-1.svg","width":1,"height":1,"caption":"Ekkla"},"image":{"@id":"https:\/\/ekkla.ch\/#\/schema\/logo\/image\/"},"sameAs":["https:\/\/www.instagram.com\/ekkla_light\/"]}]}},"_links":{"self":[{"href":"https:\/\/ekkla.ch\/de\/wp-json\/wp\/v2\/product\/164016"}],"collection":[{"href":"https:\/\/ekkla.ch\/de\/wp-json\/wp\/v2\/product"}],"about":[{"href":"https:\/\/ekkla.ch\/de\/wp-json\/wp\/v2\/types\/product"}],"wp:featuredmedia":[{"embeddable":true,"href":"https:\/\/ekkla.ch\/de\/wp-json\/wp\/v2\/media\/163684"}],"wp:attachment":[{"href":"https:\/\/ekkla.ch\/de\/wp-json\/wp\/v2\/media?parent=164016"}],"wp:term":[{"taxonomy":"product_cat","embeddable":true,"href":"https:\/\/ekkla.ch\/de\/wp-json\/wp\/v2\/product_cat?post=164016"},{"taxonomy":"product_tag","embeddable":true,"href":"https:\/\/ekkla.ch\/de\/wp-json\/wp\/v2\/product_tag?post=164016"}],"curies":[{"name":"wp","href":"https:\/\/api.w.org\/{rel}","templated":true}]}}