{"id":164049,"date":"2022-11-17T10:49:44","date_gmt":"2022-11-17T09:49:44","guid":{"rendered":"https:\/\/ekkla.ch\/produit\/tischleuchte-m3-h-34-rot-sammode\/"},"modified":"2023-02-22T16:42:05","modified_gmt":"2023-02-22T15:42:05","slug":"tischleuchte-m3-h-34-rot-sammode","status":"publish","type":"product","link":"https:\/\/ekkla.ch\/de\/produit\/tischleuchte-m3-h-34-rot-sammode\/","title":{"rendered":"Tischleuchte M3 &#8211; H.34 &#8211; rot &#8211; Sammode"},"content":{"rendered":"<p>Die Tischlampe M3 wurde 1952 von dem franz\u00f6sischen Designer Michel Mortier entworfen. Ihr elegant gebogenes Rohr aus schwarzem Metall dient als Sitz und Drehachse f\u00fcr den farbigen Lampenschirm. Das Licht l\u00e4sst sich so leicht ausrichten, was sie zu einem idealen Modell f\u00fcr eine B\u00fcrobeleuchtung oder sogar eine Nachttischlampe macht. Wenn Sie die Leuchte mithilfe des Wandbefestigungszubeh\u00f6rs als Wandleuchte aufh\u00e4ngen m\u00f6chten, dann m\u00fcssen Sie das Licht nur noch nach Bedarf ausrichten: nach unten f\u00fcr ein direktes Licht, wie bei einer Leselampe, oder nach oben f\u00fcr eine indirekte Beleuchtung. Das Modell ist in drei Ausf\u00fchrungen erh\u00e4ltlich (schwarz, grau und rot).<\/p>\n<p>Die Tischleuchte M3 verdankt ihr Design dem ber\u00fchmten Designer Michel Mortier, von dem Sammode nun eine Neuauflage anbietet.\u00a0Die Modelle mit dem Logo <em>Sammode &#8211; Michel Mortier<\/em> bleiben dem urspr\u00fcnglichen Design treu und integrieren zeitgen\u00f6ssische Technologien. Wie alle Sammode-Leuchten profitieren sie von einer aussergew\u00f6hnlichen Qualit\u00e4t und einer franz\u00f6sischen Herstellung.<\/p>\n<p>Die Leuchten werden in Frankreich hergestellt, zusammengebaut und verpackt (in Ch\u00e2tillon-sur-Sa\u00f4ne in den Vogesen). Die Standardlieferzeit betr\u00e4gt 3-5 Wochen.<\/p>\n<blockquote>\n<h2>Merkmale &amp; Eigenschaften<\/h2>\n<p><strong>Marke<\/strong> Sammode<\/p>\n<p><strong>Farbe<\/strong> Rot<\/p>\n<p><strong>Material<\/strong>\u00a0Stahl<\/p>\n<p><strong>Gl\u00fchbirne<\/strong>\u00a0E27 (nicht inbegriffen)<\/p>\n<p><strong>Max.\u00a0Leistung\u00a0(W) <\/strong>11<\/p>\n<p><strong>Stromversorgung (v)<\/strong> 220-240<\/p>\n<p><strong>Breite (cm)<\/strong> 30<\/p>\n<p><strong>H\u00f6he (cm)<\/strong> 34<\/p>\n<p><strong>Tiefe (cm)<\/strong> 27,5<\/p>\n<p><strong>Kabell\u00e4nge (cm)<\/strong> 250<\/p><\/blockquote>\n","protected":false},"excerpt":{"rendered":"<p>Die Tischlampe M3 wurde 1952 von dem franz\u00f6sischen Designer Michel Mortier entworfen. Ihr elegant gebogenes Rohr aus schwarzem Metall dient als Sitz und Drehachse f\u00fcr den farbigen Lampenschirm. Das Licht l\u00e4sst sich so leicht ausrichten, was sie zu einem idealen Modell f\u00fcr eine B\u00fcrobeleuchtung oder sogar eine Nachttischlampe macht. Wenn Sie die Leuchte mithilfe des [&hellip;]<\/p>\n","protected":false},"featured_media":163791,"template":"","meta":{"_acf_changed":false,"om_disable_all_campaigns":false},"product_cat":[290],"product_tag":[1254,892,554,1188,1265,801],"bundled_by":[],"bundle_stock_status":"onbackorder","bundle_stock_quantity":null,"bundle_virtual":false,"bundle_layout":"","bundle_add_to_cart_form_location":"","bundle_editable_in_cart":false,"bundle_sold_individually_context":"","bundle_item_grouping":"","bundle_min_size":"","bundle_max_size":"","bundle_price":[],"bundled_items":[],"bundle_sell_ids":[],"acf":[],"yoast_head":"<!-- This site is optimized with the Yoast SEO Premium plugin v22.2 (Yoast SEO v22.8) - https:\/\/yoast.com\/wordpress\/plugins\/seo\/ -->\n<title>Sammode | Tischleuchte M3 | Gratis Lieferung | Ekkla<\/title>\n<meta name=\"description\" content=\"Tischleuchte f\u00fcr den Innenbereich, hergestellt in Frankreich. Industriedesign von Sammode Studio. Kostenlose Lieferung in der ganzen Schweiz.\" \/>\n<meta name=\"robots\" content=\"index, follow, max-snippet:-1, max-image-preview:large, max-video-preview:-1\" \/>\n<link rel=\"canonical\" href=\"https:\/\/ekkla.ch\/de\/produit\/tischleuchte-m3-h-34-rot-sammode\/\" \/>\n<meta property=\"og:locale\" content=\"de_DE\" \/>\n<meta property=\"og:type\" content=\"article\" \/>\n<meta property=\"og:title\" content=\"Tischleuchte M3 - H.34 - rot - Sammode\" \/>\n<meta property=\"og:description\" content=\"Tischleuchte f\u00fcr den Innenbereich, hergestellt in Frankreich. Industriedesign von Sammode Studio. Kostenlose Lieferung in der ganzen Schweiz.\" \/>\n<meta property=\"og:url\" content=\"https:\/\/ekkla.ch\/de\/produit\/tischleuchte-m3-h-34-rot-sammode\/\" \/>\n<meta property=\"og:site_name\" content=\"Ekkla\" \/>\n<meta property=\"article:modified_time\" content=\"2023-02-22T15:42:05+00:00\" \/>\n<meta property=\"og:image\" content=\"https:\/\/ekkla.ch\/wp-content\/uploads\/2022\/11\/Ekkla-light-sammode_0090_M3-Sammode-Mortier-Rouge-Brillant-Allume\u0301e-Packshot.jpg\" \/>\n\t<meta property=\"og:image:width\" content=\"900\" \/>\n\t<meta property=\"og:image:height\" content=\"900\" \/>\n\t<meta property=\"og:image:type\" content=\"image\/jpeg\" \/>\n<meta name=\"twitter:card\" content=\"summary_large_image\" \/>\n<meta name=\"twitter:label1\" content=\"Gesch\u00e4tzte Lesezeit\" \/>\n\t<meta name=\"twitter:data1\" content=\"2\u00a0Minuten\" \/>\n<script type=\"application\/ld+json\" class=\"yoast-schema-graph\">{\"@context\":\"https:\/\/schema.org\",\"@graph\":[{\"@type\":\"WebPage\",\"@id\":\"https:\/\/ekkla.ch\/de\/produit\/tischleuchte-m3-h-34-rot-sammode\/\",\"url\":\"https:\/\/ekkla.ch\/de\/produit\/tischleuchte-m3-h-34-rot-sammode\/\",\"name\":\"Sammode | Tischleuchte M3 | Gratis Lieferung | Ekkla\",\"isPartOf\":{\"@id\":\"https:\/\/ekkla.ch\/#website\"},\"primaryImageOfPage\":{\"@id\":\"https:\/\/ekkla.ch\/de\/produit\/tischleuchte-m3-h-34-rot-sammode\/#primaryimage\"},\"image\":{\"@id\":\"https:\/\/ekkla.ch\/de\/produit\/tischleuchte-m3-h-34-rot-sammode\/#primaryimage\"},\"thumbnailUrl\":\"https:\/\/ekkla.ch\/wp-content\/uploads\/2022\/11\/Ekkla-light-sammode_0090_M3-Sammode-Mortier-Rouge-Brillant-Allume\u0301e-Packshot.jpg\",\"datePublished\":\"2022-11-17T09:49:44+00:00\",\"dateModified\":\"2023-02-22T15:42:05+00:00\",\"description\":\"Tischleuchte f\u00fcr den Innenbereich, hergestellt in Frankreich. Industriedesign von Sammode Studio. Kostenlose Lieferung in der ganzen Schweiz.\",\"breadcrumb\":{\"@id\":\"https:\/\/ekkla.ch\/de\/produit\/tischleuchte-m3-h-34-rot-sammode\/#breadcrumb\"},\"inLanguage\":\"de\",\"potentialAction\":[{\"@type\":\"ReadAction\",\"target\":[\"https:\/\/ekkla.ch\/de\/produit\/tischleuchte-m3-h-34-rot-sammode\/\"]}]},{\"@type\":\"ImageObject\",\"inLanguage\":\"de\",\"@id\":\"https:\/\/ekkla.ch\/de\/produit\/tischleuchte-m3-h-34-rot-sammode\/#primaryimage\",\"url\":\"https:\/\/ekkla.ch\/wp-content\/uploads\/2022\/11\/Ekkla-light-sammode_0090_M3-Sammode-Mortier-Rouge-Brillant-Allume\u0301e-Packshot.jpg\",\"contentUrl\":\"https:\/\/ekkla.ch\/wp-content\/uploads\/2022\/11\/Ekkla-light-sammode_0090_M3-Sammode-Mortier-Rouge-Brillant-Allume\u0301e-Packshot.jpg\",\"width\":900,\"height\":900},{\"@type\":\"BreadcrumbList\",\"@id\":\"https:\/\/ekkla.ch\/de\/produit\/tischleuchte-m3-h-34-rot-sammode\/#breadcrumb\",\"itemListElement\":[{\"@type\":\"ListItem\",\"position\":1,\"name\":\"Home\",\"item\":\"https:\/\/ekkla.ch\/de\/\"},{\"@type\":\"ListItem\",\"position\":2,\"name\":\"Shop\",\"item\":\"https:\/\/ekkla.ch\/de\/shop\/\"},{\"@type\":\"ListItem\",\"position\":3,\"name\":\"Tischleuchte M3 &#8211; H.34 &#8211; rot &#8211; Sammode\"}]},{\"@type\":\"WebSite\",\"@id\":\"https:\/\/ekkla.ch\/#website\",\"url\":\"https:\/\/ekkla.ch\/\",\"name\":\"Ekkla\",\"description\":\"Der Onlineshop f\u00fcr Beleuchtung\",\"publisher\":{\"@id\":\"https:\/\/ekkla.ch\/#organization\"},\"potentialAction\":[{\"@type\":\"SearchAction\",\"target\":{\"@type\":\"EntryPoint\",\"urlTemplate\":\"https:\/\/ekkla.ch\/?s={search_term_string}\"},\"query-input\":\"required name=search_term_string\"}],\"inLanguage\":\"de\"},{\"@type\":\"Organization\",\"@id\":\"https:\/\/ekkla.ch\/#organization\",\"name\":\"Ekkla\",\"url\":\"https:\/\/ekkla.ch\/\",\"logo\":{\"@type\":\"ImageObject\",\"inLanguage\":\"de\",\"@id\":\"https:\/\/ekkla.ch\/#\/schema\/logo\/image\/\",\"url\":\"http:\/\/ekkla.ch\/wp-content\/uploads\/2019\/07\/logo-1.svg\",\"contentUrl\":\"http:\/\/ekkla.ch\/wp-content\/uploads\/2019\/07\/logo-1.svg\",\"width\":1,\"height\":1,\"caption\":\"Ekkla\"},\"image\":{\"@id\":\"https:\/\/ekkla.ch\/#\/schema\/logo\/image\/\"},\"sameAs\":[\"https:\/\/www.instagram.com\/ekkla_light\/\"]}]}<\/script>\n<!-- \/ Yoast SEO Premium plugin. -->","yoast_head_json":{"title":"Sammode | Tischleuchte M3 | Gratis Lieferung | Ekkla","description":"Tischleuchte f\u00fcr den Innenbereich, hergestellt in Frankreich. Industriedesign von Sammode Studio. Kostenlose Lieferung in der ganzen Schweiz.","robots":{"index":"index","follow":"follow","max-snippet":"max-snippet:-1","max-image-preview":"max-image-preview:large","max-video-preview":"max-video-preview:-1"},"canonical":"https:\/\/ekkla.ch\/de\/produit\/tischleuchte-m3-h-34-rot-sammode\/","og_locale":"de_DE","og_type":"article","og_title":"Tischleuchte M3 - H.34 - rot - Sammode","og_description":"Tischleuchte f\u00fcr den Innenbereich, hergestellt in Frankreich. Industriedesign von Sammode Studio. Kostenlose Lieferung in der ganzen Schweiz.","og_url":"https:\/\/ekkla.ch\/de\/produit\/tischleuchte-m3-h-34-rot-sammode\/","og_site_name":"Ekkla","article_modified_time":"2023-02-22T15:42:05+00:00","og_image":[{"width":900,"height":900,"url":"https:\/\/ekkla.ch\/wp-content\/uploads\/2022\/11\/Ekkla-light-sammode_0090_M3-Sammode-Mortier-Rouge-Brillant-Allume\u0301e-Packshot.jpg","type":"image\/jpeg"}],"twitter_card":"summary_large_image","twitter_misc":{"Gesch\u00e4tzte Lesezeit":"2\u00a0Minuten"},"schema":{"@context":"https:\/\/schema.org","@graph":[{"@type":"WebPage","@id":"https:\/\/ekkla.ch\/de\/produit\/tischleuchte-m3-h-34-rot-sammode\/","url":"https:\/\/ekkla.ch\/de\/produit\/tischleuchte-m3-h-34-rot-sammode\/","name":"Sammode | Tischleuchte M3 | Gratis Lieferung | Ekkla","isPartOf":{"@id":"https:\/\/ekkla.ch\/#website"},"primaryImageOfPage":{"@id":"https:\/\/ekkla.ch\/de\/produit\/tischleuchte-m3-h-34-rot-sammode\/#primaryimage"},"image":{"@id":"https:\/\/ekkla.ch\/de\/produit\/tischleuchte-m3-h-34-rot-sammode\/#primaryimage"},"thumbnailUrl":"https:\/\/ekkla.ch\/wp-content\/uploads\/2022\/11\/Ekkla-light-sammode_0090_M3-Sammode-Mortier-Rouge-Brillant-Allume\u0301e-Packshot.jpg","datePublished":"2022-11-17T09:49:44+00:00","dateModified":"2023-02-22T15:42:05+00:00","description":"Tischleuchte f\u00fcr den Innenbereich, hergestellt in Frankreich. Industriedesign von Sammode Studio. Kostenlose Lieferung in der ganzen Schweiz.","breadcrumb":{"@id":"https:\/\/ekkla.ch\/de\/produit\/tischleuchte-m3-h-34-rot-sammode\/#breadcrumb"},"inLanguage":"de","potentialAction":[{"@type":"ReadAction","target":["https:\/\/ekkla.ch\/de\/produit\/tischleuchte-m3-h-34-rot-sammode\/"]}]},{"@type":"ImageObject","inLanguage":"de","@id":"https:\/\/ekkla.ch\/de\/produit\/tischleuchte-m3-h-34-rot-sammode\/#primaryimage","url":"https:\/\/ekkla.ch\/wp-content\/uploads\/2022\/11\/Ekkla-light-sammode_0090_M3-Sammode-Mortier-Rouge-Brillant-Allume\u0301e-Packshot.jpg","contentUrl":"https:\/\/ekkla.ch\/wp-content\/uploads\/2022\/11\/Ekkla-light-sammode_0090_M3-Sammode-Mortier-Rouge-Brillant-Allume\u0301e-Packshot.jpg","width":900,"height":900},{"@type":"BreadcrumbList","@id":"https:\/\/ekkla.ch\/de\/produit\/tischleuchte-m3-h-34-rot-sammode\/#breadcrumb","itemListElement":[{"@type":"ListItem","position":1,"name":"Home","item":"https:\/\/ekkla.ch\/de\/"},{"@type":"ListItem","position":2,"name":"Shop","item":"https:\/\/ekkla.ch\/de\/shop\/"},{"@type":"ListItem","position":3,"name":"Tischleuchte M3 &#8211; H.34 &#8211; rot &#8211; Sammode"}]},{"@type":"WebSite","@id":"https:\/\/ekkla.ch\/#website","url":"https:\/\/ekkla.ch\/","name":"Ekkla","description":"Der Onlineshop f\u00fcr Beleuchtung","publisher":{"@id":"https:\/\/ekkla.ch\/#organization"},"potentialAction":[{"@type":"SearchAction","target":{"@type":"EntryPoint","urlTemplate":"https:\/\/ekkla.ch\/?s={search_term_string}"},"query-input":"required name=search_term_string"}],"inLanguage":"de"},{"@type":"Organization","@id":"https:\/\/ekkla.ch\/#organization","name":"Ekkla","url":"https:\/\/ekkla.ch\/","logo":{"@type":"ImageObject","inLanguage":"de","@id":"https:\/\/ekkla.ch\/#\/schema\/logo\/image\/","url":"http:\/\/ekkla.ch\/wp-content\/uploads\/2019\/07\/logo-1.svg","contentUrl":"http:\/\/ekkla.ch\/wp-content\/uploads\/2019\/07\/logo-1.svg","width":1,"height":1,"caption":"Ekkla"},"image":{"@id":"https:\/\/ekkla.ch\/#\/schema\/logo\/image\/"},"sameAs":["https:\/\/www.instagram.com\/ekkla_light\/"]}]}},"_links":{"self":[{"href":"https:\/\/ekkla.ch\/de\/wp-json\/wp\/v2\/product\/164049"}],"collection":[{"href":"https:\/\/ekkla.ch\/de\/wp-json\/wp\/v2\/product"}],"about":[{"href":"https:\/\/ekkla.ch\/de\/wp-json\/wp\/v2\/types\/product"}],"wp:featuredmedia":[{"embeddable":true,"href":"https:\/\/ekkla.ch\/de\/wp-json\/wp\/v2\/media\/163791"}],"wp:attachment":[{"href":"https:\/\/ekkla.ch\/de\/wp-json\/wp\/v2\/media?parent=164049"}],"wp:term":[{"taxonomy":"product_cat","embeddable":true,"href":"https:\/\/ekkla.ch\/de\/wp-json\/wp\/v2\/product_cat?post=164049"},{"taxonomy":"product_tag","embeddable":true,"href":"https:\/\/ekkla.ch\/de\/wp-json\/wp\/v2\/product_tag?post=164049"}],"curies":[{"name":"wp","href":"https:\/\/api.w.org\/{rel}","templated":true}]}}