{"id":165886,"date":"2022-12-20T12:17:11","date_gmt":"2022-12-20T11:17:11","guid":{"rendered":"https:\/\/ekkla.ch\/produit\/stehleuchte-puff-bubble-h-153-cm-reispapier-normann-copenhagen\/"},"modified":"2023-01-11T15:45:52","modified_gmt":"2023-01-11T14:45:52","slug":"stehleuchte-puff-bubble-h-153-cm-reispapier-normann-copenhagen","status":"publish","type":"product","link":"https:\/\/ekkla.ch\/de\/produit\/stehleuchte-puff-bubble-h-153-cm-reispapier-normann-copenhagen\/","title":{"rendered":"Stehleuchte Puff Bubble H.153 cm &#8211; Reispapier &#8211; Normann Copenhagen"},"content":{"rendered":"<p>Entdecken Sie die Stehleuchte <em>Puff Bubble<\/em>, eine moderne und grafische Version der traditionellen asiatischen Reispapierlampe, die von der Designerin Saskia Huebner entworfen wurde. Inspiriert von den unz\u00e4hligen Variationen von Reispapierlampen, die sie auf einer Reise durch Japan gesehen hat, pr\u00e4sentiert sie nun eine organische Kollektion, die das richtige Gleichgewicht zwischen skulpturalem Spiel und funktionalem Minimalismus bietet. Diese volumin\u00f6se, aber leichte Lampe eignet sich gut f\u00fcr grosse Hotellobbys wie auch f\u00fcr kleine, private R\u00e4ume. Gl\u00fchbirne nicht inbegriffen.<\/p>\n<blockquote>\n<h2>Merkmale &amp; Eigenschaften<\/h2>\n<p><strong>Marke<\/strong> Normann Copenhagen<\/p>\n<p><strong>Farbe<\/strong> Weiss<\/p>\n<p><strong>Material\u00a0<\/strong>Reispapier<\/p>\n<p><b>Gl\u00fchbirne<\/b> E14 (max. 2W)<\/p>\n<p><strong>Durchmesser (cm)<\/strong>\u00a045<\/p>\n<p><strong>H\u00f6he (cm)<\/strong>\u00a0153<\/p><\/blockquote>\n","protected":false},"excerpt":{"rendered":"<p>Entdecken Sie die Stehleuchte Puff Bubble, eine moderne und grafische Version der traditionellen asiatischen Reispapierlampe, die von der Designerin Saskia Huebner entworfen wurde. Inspiriert von den unz\u00e4hligen Variationen von Reispapierlampen, die sie auf einer Reise durch Japan gesehen hat, pr\u00e4sentiert sie nun eine organische Kollektion, die das richtige Gleichgewicht zwischen skulpturalem Spiel und funktionalem Minimalismus [&hellip;]<\/p>\n","protected":false},"featured_media":165788,"template":"","meta":{"_acf_changed":false,"om_disable_all_campaigns":false},"product_cat":[289],"product_tag":[1256,898,1188,1265,816,856],"bundled_by":[],"bundle_stock_status":"onbackorder","bundle_stock_quantity":0,"bundle_virtual":false,"bundle_layout":"","bundle_add_to_cart_form_location":"","bundle_editable_in_cart":false,"bundle_sold_individually_context":"","bundle_item_grouping":"","bundle_min_size":"","bundle_max_size":"","bundle_price":[],"bundled_items":[],"bundle_sell_ids":[],"acf":[],"yoast_head":"<!-- This site is optimized with the Yoast SEO Premium plugin v22.2 (Yoast SEO v22.8) - https:\/\/yoast.com\/wordpress\/plugins\/seo\/ -->\n<title>Normann Copenhagen | Stehleuchte Puff Bubble | Ekkla<\/title>\n<meta name=\"description\" content=\"Eine wundersch\u00f6ne Stehleuchte aus Reispapier. Sie ist mehr als eine Lampe, sondern ein echtes Dekorationsobjekt, das Ihre Wohnung stilvoll beleuchten wird.\" \/>\n<meta name=\"robots\" content=\"index, follow, max-snippet:-1, max-image-preview:large, max-video-preview:-1\" \/>\n<link rel=\"canonical\" href=\"https:\/\/ekkla.ch\/de\/produit\/stehleuchte-puff-bubble-h-153-cm-reispapier-normann-copenhagen\/\" \/>\n<meta property=\"og:locale\" content=\"de_DE\" \/>\n<meta property=\"og:type\" content=\"article\" \/>\n<meta property=\"og:title\" content=\"Stehleuchte Puff Bubble H.153 cm - Reispapier - Normann Copenhagen\" \/>\n<meta property=\"og:description\" content=\"Eine wundersch\u00f6ne Stehleuchte aus Reispapier. Sie ist mehr als eine Lampe, sondern ein echtes Dekorationsobjekt, das Ihre Wohnung stilvoll beleuchten wird.\" \/>\n<meta property=\"og:url\" content=\"https:\/\/ekkla.ch\/de\/produit\/stehleuchte-puff-bubble-h-153-cm-reispapier-normann-copenhagen\/\" \/>\n<meta property=\"og:site_name\" content=\"Ekkla\" \/>\n<meta property=\"article:modified_time\" content=\"2023-01-11T14:45:52+00:00\" \/>\n<meta property=\"og:image\" content=\"https:\/\/ekkla.ch\/wp-content\/uploads\/2022\/12\/1-1.png\" \/>\n\t<meta property=\"og:image:width\" content=\"900\" \/>\n\t<meta property=\"og:image:height\" content=\"900\" \/>\n\t<meta property=\"og:image:type\" content=\"image\/png\" \/>\n<meta name=\"twitter:card\" content=\"summary_large_image\" \/>\n<meta name=\"twitter:label1\" content=\"Gesch\u00e4tzte Lesezeit\" \/>\n\t<meta name=\"twitter:data1\" content=\"1\u00a0Minute\" \/>\n<script type=\"application\/ld+json\" class=\"yoast-schema-graph\">{\"@context\":\"https:\/\/schema.org\",\"@graph\":[{\"@type\":\"WebPage\",\"@id\":\"https:\/\/ekkla.ch\/de\/produit\/stehleuchte-puff-bubble-h-153-cm-reispapier-normann-copenhagen\/\",\"url\":\"https:\/\/ekkla.ch\/de\/produit\/stehleuchte-puff-bubble-h-153-cm-reispapier-normann-copenhagen\/\",\"name\":\"Normann Copenhagen | Stehleuchte Puff Bubble | Ekkla\",\"isPartOf\":{\"@id\":\"https:\/\/ekkla.ch\/#website\"},\"primaryImageOfPage\":{\"@id\":\"https:\/\/ekkla.ch\/de\/produit\/stehleuchte-puff-bubble-h-153-cm-reispapier-normann-copenhagen\/#primaryimage\"},\"image\":{\"@id\":\"https:\/\/ekkla.ch\/de\/produit\/stehleuchte-puff-bubble-h-153-cm-reispapier-normann-copenhagen\/#primaryimage\"},\"thumbnailUrl\":\"https:\/\/ekkla.ch\/wp-content\/uploads\/2022\/12\/1-1.png\",\"datePublished\":\"2022-12-20T11:17:11+00:00\",\"dateModified\":\"2023-01-11T14:45:52+00:00\",\"description\":\"Eine wundersch\u00f6ne Stehleuchte aus Reispapier. Sie ist mehr als eine Lampe, sondern ein echtes Dekorationsobjekt, das Ihre Wohnung stilvoll beleuchten wird.\",\"breadcrumb\":{\"@id\":\"https:\/\/ekkla.ch\/de\/produit\/stehleuchte-puff-bubble-h-153-cm-reispapier-normann-copenhagen\/#breadcrumb\"},\"inLanguage\":\"de\",\"potentialAction\":[{\"@type\":\"ReadAction\",\"target\":[\"https:\/\/ekkla.ch\/de\/produit\/stehleuchte-puff-bubble-h-153-cm-reispapier-normann-copenhagen\/\"]}]},{\"@type\":\"ImageObject\",\"inLanguage\":\"de\",\"@id\":\"https:\/\/ekkla.ch\/de\/produit\/stehleuchte-puff-bubble-h-153-cm-reispapier-normann-copenhagen\/#primaryimage\",\"url\":\"https:\/\/ekkla.ch\/wp-content\/uploads\/2022\/12\/1-1.png\",\"contentUrl\":\"https:\/\/ekkla.ch\/wp-content\/uploads\/2022\/12\/1-1.png\",\"width\":900,\"height\":900},{\"@type\":\"BreadcrumbList\",\"@id\":\"https:\/\/ekkla.ch\/de\/produit\/stehleuchte-puff-bubble-h-153-cm-reispapier-normann-copenhagen\/#breadcrumb\",\"itemListElement\":[{\"@type\":\"ListItem\",\"position\":1,\"name\":\"Home\",\"item\":\"https:\/\/ekkla.ch\/de\/\"},{\"@type\":\"ListItem\",\"position\":2,\"name\":\"Shop\",\"item\":\"https:\/\/ekkla.ch\/de\/shop\/\"},{\"@type\":\"ListItem\",\"position\":3,\"name\":\"Stehleuchte Puff Bubble H.153 cm &#8211; Reispapier &#8211; Normann Copenhagen\"}]},{\"@type\":\"WebSite\",\"@id\":\"https:\/\/ekkla.ch\/#website\",\"url\":\"https:\/\/ekkla.ch\/\",\"name\":\"Ekkla\",\"description\":\"Der Onlineshop f\u00fcr Beleuchtung\",\"publisher\":{\"@id\":\"https:\/\/ekkla.ch\/#organization\"},\"potentialAction\":[{\"@type\":\"SearchAction\",\"target\":{\"@type\":\"EntryPoint\",\"urlTemplate\":\"https:\/\/ekkla.ch\/?s={search_term_string}\"},\"query-input\":\"required name=search_term_string\"}],\"inLanguage\":\"de\"},{\"@type\":\"Organization\",\"@id\":\"https:\/\/ekkla.ch\/#organization\",\"name\":\"Ekkla\",\"url\":\"https:\/\/ekkla.ch\/\",\"logo\":{\"@type\":\"ImageObject\",\"inLanguage\":\"de\",\"@id\":\"https:\/\/ekkla.ch\/#\/schema\/logo\/image\/\",\"url\":\"http:\/\/ekkla.ch\/wp-content\/uploads\/2019\/07\/logo-1.svg\",\"contentUrl\":\"http:\/\/ekkla.ch\/wp-content\/uploads\/2019\/07\/logo-1.svg\",\"width\":1,\"height\":1,\"caption\":\"Ekkla\"},\"image\":{\"@id\":\"https:\/\/ekkla.ch\/#\/schema\/logo\/image\/\"},\"sameAs\":[\"https:\/\/www.instagram.com\/ekkla_light\/\"]}]}<\/script>\n<!-- \/ Yoast SEO Premium plugin. -->","yoast_head_json":{"title":"Normann Copenhagen | Stehleuchte Puff Bubble | Ekkla","description":"Eine wundersch\u00f6ne Stehleuchte aus Reispapier. Sie ist mehr als eine Lampe, sondern ein echtes Dekorationsobjekt, das Ihre Wohnung stilvoll beleuchten wird.","robots":{"index":"index","follow":"follow","max-snippet":"max-snippet:-1","max-image-preview":"max-image-preview:large","max-video-preview":"max-video-preview:-1"},"canonical":"https:\/\/ekkla.ch\/de\/produit\/stehleuchte-puff-bubble-h-153-cm-reispapier-normann-copenhagen\/","og_locale":"de_DE","og_type":"article","og_title":"Stehleuchte Puff Bubble H.153 cm - Reispapier - Normann Copenhagen","og_description":"Eine wundersch\u00f6ne Stehleuchte aus Reispapier. Sie ist mehr als eine Lampe, sondern ein echtes Dekorationsobjekt, das Ihre Wohnung stilvoll beleuchten wird.","og_url":"https:\/\/ekkla.ch\/de\/produit\/stehleuchte-puff-bubble-h-153-cm-reispapier-normann-copenhagen\/","og_site_name":"Ekkla","article_modified_time":"2023-01-11T14:45:52+00:00","og_image":[{"width":900,"height":900,"url":"https:\/\/ekkla.ch\/wp-content\/uploads\/2022\/12\/1-1.png","type":"image\/png"}],"twitter_card":"summary_large_image","twitter_misc":{"Gesch\u00e4tzte Lesezeit":"1\u00a0Minute"},"schema":{"@context":"https:\/\/schema.org","@graph":[{"@type":"WebPage","@id":"https:\/\/ekkla.ch\/de\/produit\/stehleuchte-puff-bubble-h-153-cm-reispapier-normann-copenhagen\/","url":"https:\/\/ekkla.ch\/de\/produit\/stehleuchte-puff-bubble-h-153-cm-reispapier-normann-copenhagen\/","name":"Normann Copenhagen | Stehleuchte Puff Bubble | Ekkla","isPartOf":{"@id":"https:\/\/ekkla.ch\/#website"},"primaryImageOfPage":{"@id":"https:\/\/ekkla.ch\/de\/produit\/stehleuchte-puff-bubble-h-153-cm-reispapier-normann-copenhagen\/#primaryimage"},"image":{"@id":"https:\/\/ekkla.ch\/de\/produit\/stehleuchte-puff-bubble-h-153-cm-reispapier-normann-copenhagen\/#primaryimage"},"thumbnailUrl":"https:\/\/ekkla.ch\/wp-content\/uploads\/2022\/12\/1-1.png","datePublished":"2022-12-20T11:17:11+00:00","dateModified":"2023-01-11T14:45:52+00:00","description":"Eine wundersch\u00f6ne Stehleuchte aus Reispapier. Sie ist mehr als eine Lampe, sondern ein echtes Dekorationsobjekt, das Ihre Wohnung stilvoll beleuchten wird.","breadcrumb":{"@id":"https:\/\/ekkla.ch\/de\/produit\/stehleuchte-puff-bubble-h-153-cm-reispapier-normann-copenhagen\/#breadcrumb"},"inLanguage":"de","potentialAction":[{"@type":"ReadAction","target":["https:\/\/ekkla.ch\/de\/produit\/stehleuchte-puff-bubble-h-153-cm-reispapier-normann-copenhagen\/"]}]},{"@type":"ImageObject","inLanguage":"de","@id":"https:\/\/ekkla.ch\/de\/produit\/stehleuchte-puff-bubble-h-153-cm-reispapier-normann-copenhagen\/#primaryimage","url":"https:\/\/ekkla.ch\/wp-content\/uploads\/2022\/12\/1-1.png","contentUrl":"https:\/\/ekkla.ch\/wp-content\/uploads\/2022\/12\/1-1.png","width":900,"height":900},{"@type":"BreadcrumbList","@id":"https:\/\/ekkla.ch\/de\/produit\/stehleuchte-puff-bubble-h-153-cm-reispapier-normann-copenhagen\/#breadcrumb","itemListElement":[{"@type":"ListItem","position":1,"name":"Home","item":"https:\/\/ekkla.ch\/de\/"},{"@type":"ListItem","position":2,"name":"Shop","item":"https:\/\/ekkla.ch\/de\/shop\/"},{"@type":"ListItem","position":3,"name":"Stehleuchte Puff Bubble H.153 cm &#8211; Reispapier &#8211; Normann Copenhagen"}]},{"@type":"WebSite","@id":"https:\/\/ekkla.ch\/#website","url":"https:\/\/ekkla.ch\/","name":"Ekkla","description":"Der Onlineshop f\u00fcr Beleuchtung","publisher":{"@id":"https:\/\/ekkla.ch\/#organization"},"potentialAction":[{"@type":"SearchAction","target":{"@type":"EntryPoint","urlTemplate":"https:\/\/ekkla.ch\/?s={search_term_string}"},"query-input":"required name=search_term_string"}],"inLanguage":"de"},{"@type":"Organization","@id":"https:\/\/ekkla.ch\/#organization","name":"Ekkla","url":"https:\/\/ekkla.ch\/","logo":{"@type":"ImageObject","inLanguage":"de","@id":"https:\/\/ekkla.ch\/#\/schema\/logo\/image\/","url":"http:\/\/ekkla.ch\/wp-content\/uploads\/2019\/07\/logo-1.svg","contentUrl":"http:\/\/ekkla.ch\/wp-content\/uploads\/2019\/07\/logo-1.svg","width":1,"height":1,"caption":"Ekkla"},"image":{"@id":"https:\/\/ekkla.ch\/#\/schema\/logo\/image\/"},"sameAs":["https:\/\/www.instagram.com\/ekkla_light\/"]}]}},"_links":{"self":[{"href":"https:\/\/ekkla.ch\/de\/wp-json\/wp\/v2\/product\/165886"}],"collection":[{"href":"https:\/\/ekkla.ch\/de\/wp-json\/wp\/v2\/product"}],"about":[{"href":"https:\/\/ekkla.ch\/de\/wp-json\/wp\/v2\/types\/product"}],"wp:featuredmedia":[{"embeddable":true,"href":"https:\/\/ekkla.ch\/de\/wp-json\/wp\/v2\/media\/165788"}],"wp:attachment":[{"href":"https:\/\/ekkla.ch\/de\/wp-json\/wp\/v2\/media?parent=165886"}],"wp:term":[{"taxonomy":"product_cat","embeddable":true,"href":"https:\/\/ekkla.ch\/de\/wp-json\/wp\/v2\/product_cat?post=165886"},{"taxonomy":"product_tag","embeddable":true,"href":"https:\/\/ekkla.ch\/de\/wp-json\/wp\/v2\/product_tag?post=165886"}],"curies":[{"name":"wp","href":"https:\/\/api.w.org\/{rel}","templated":true}]}}