{"id":166388,"date":"2023-01-18T11:41:21","date_gmt":"2023-01-18T10:41:21","guid":{"rendered":"https:\/\/ekkla.ch\/produit\/hangeleuchte-around-the-world-glas-und-messing-o27-2-umage\/"},"modified":"2023-05-17T09:13:59","modified_gmt":"2023-05-17T07:13:59","slug":"hangeleuchte-around-the-world-glas-und-messing-o27-2-umage","status":"publish","type":"product","link":"https:\/\/ekkla.ch\/de\/produit\/hangeleuchte-around-the-world-glas-und-messing-o27-2-umage\/","title":{"rendered":"H\u00e4ngeleuchte Around The World &#8211; Glas und Messing &#8211;  \u00d827.2 &#8211; Umage"},"content":{"rendered":"<p>Der Lampenschirm der Leuchte<em> Around The World<\/em> ist aus mundgeblasenem Opalglas gefertigt und hat eine Form, die einem Heissluftballon \u00e4hnelt &#8211; inspiriert von der Welt des ber\u00fchmten Autors Jules Verne. Die milchig-weisse Farbe, die bezaubernde Form und der sanfte Ausdruck machen sie zur perfekten Erg\u00e4nzung jeder Inneneinrichtung.<\/p>\n<p>Lassen Sie Around The World wie einen Anh\u00e4nger von der Decke baumeln, um einen Flur oder einen Esstisch geschmackvoll zu beleuchten. Das metallene Teil am Lampenschirm verleiht dieser H\u00e4ngeleuchte ein schickes Finish und ist in Schwarz oder geb\u00fcrstetem Messing erh\u00e4ltlich.<\/p>\n<p>Dieses handgefertigte Produkt weist kleine Sch\u00f6nheitsfehler auf \u2013 was jedes St\u00fcck zu einem charmanten Unikat macht.<\/p>\n<p>Gl\u00fchbirne nicht inbegriffen.<\/p>\n<p>Lieferfrist: Ende Mai 2023.<\/p>\n<blockquote>\n<h2>Merkmale &amp; Eigenschaften<\/h2>\n<p><strong>Marke<\/strong> Umage<\/p>\n<p><strong>Farben<\/strong>\u00a0Gold und weiss<\/p>\n<p><strong>Materialien<\/strong>\u00a0Glas und geb\u00fcrstetes Messing<\/p>\n<p><strong>Gl\u00fchbirne\u00a0<\/strong>E27<\/p>\n<p><strong>Max. Leistung (W) <\/strong>15 LED<\/p>\n<p><strong>Durchmesser (cm)<\/strong> 27,2<\/p>\n<p><strong>H\u00f6he (cm)<\/strong> 29,8<\/p>\n<p><strong>Gewicht (kg)<\/strong> 1,6<\/p><\/blockquote>\n","protected":false},"excerpt":{"rendered":"<p>Der Lampenschirm der Leuchte Around The World ist aus mundgeblasenem Opalglas gefertigt und hat eine Form, die einem Heissluftballon \u00e4hnelt &#8211; inspiriert von der Welt des ber\u00fchmten Autors Jules Verne. Die milchig-weisse Farbe, die bezaubernde Form und der sanfte Ausdruck machen sie zur perfekten Erg\u00e4nzung jeder Inneneinrichtung. Lassen Sie Around The World wie einen Anh\u00e4nger [&hellip;]<\/p>\n","protected":false},"featured_media":166302,"template":"","meta":{"_acf_changed":false,"om_disable_all_campaigns":false},"product_cat":[291],"product_tag":[1258,898,554,1188,816,936,775],"bundled_by":[],"bundle_stock_status":"onbackorder","bundle_stock_quantity":null,"bundle_virtual":false,"bundle_layout":"","bundle_add_to_cart_form_location":"","bundle_editable_in_cart":false,"bundle_sold_individually_context":"","bundle_item_grouping":"","bundle_min_size":"","bundle_max_size":"","bundle_price":[],"bundled_items":[],"bundle_sell_ids":[],"acf":[],"yoast_head":"<!-- This site is optimized with the Yoast SEO Premium plugin v22.2 (Yoast SEO v22.8) - https:\/\/yoast.com\/wordpress\/plugins\/seo\/ -->\n<title>Umage | H\u00e4ngeleuchte Around The World | Gratis Lieferung | Ekkla<\/title>\n<meta name=\"description\" content=\"H\u00e4ngeleuchte aus mundgeblasenem Opalglas. Weiss und geb\u00fcrstetes Messing. Ideal \u00fcber einem Esstisch oder in einem Flur. Kostenlose Lieferung.\" \/>\n<meta name=\"robots\" content=\"index, follow, max-snippet:-1, max-image-preview:large, max-video-preview:-1\" \/>\n<link rel=\"canonical\" href=\"https:\/\/ekkla.ch\/de\/produit\/hangeleuchte-around-the-world-glas-und-messing-o27-2-umage\/\" \/>\n<meta property=\"og:locale\" content=\"de_DE\" \/>\n<meta property=\"og:type\" content=\"article\" \/>\n<meta property=\"og:title\" content=\"H\u00e4ngeleuchte Around The World - Glas und Messing - \u00d827.2 - Umage\" \/>\n<meta property=\"og:description\" content=\"H\u00e4ngeleuchte aus mundgeblasenem Opalglas. Weiss und geb\u00fcrstetes Messing. Ideal \u00fcber einem Esstisch oder in einem Flur. Kostenlose Lieferung.\" \/>\n<meta property=\"og:url\" content=\"https:\/\/ekkla.ch\/de\/produit\/hangeleuchte-around-the-world-glas-und-messing-o27-2-umage\/\" \/>\n<meta property=\"og:site_name\" content=\"Ekkla\" \/>\n<meta property=\"article:modified_time\" content=\"2023-05-17T07:13:59+00:00\" \/>\n<meta property=\"og:image\" content=\"https:\/\/ekkla.ch\/wp-content\/uploads\/2023\/01\/EKKLA-light_0012_Around_the_world_gold_umage.jpg\" \/>\n\t<meta property=\"og:image:width\" content=\"900\" \/>\n\t<meta property=\"og:image:height\" content=\"900\" \/>\n\t<meta property=\"og:image:type\" content=\"image\/jpeg\" \/>\n<meta name=\"twitter:card\" content=\"summary_large_image\" \/>\n<meta name=\"twitter:label1\" content=\"Gesch\u00e4tzte Lesezeit\" \/>\n\t<meta name=\"twitter:data1\" content=\"1\u00a0Minute\" \/>\n<script type=\"application\/ld+json\" class=\"yoast-schema-graph\">{\"@context\":\"https:\/\/schema.org\",\"@graph\":[{\"@type\":\"WebPage\",\"@id\":\"https:\/\/ekkla.ch\/de\/produit\/hangeleuchte-around-the-world-glas-und-messing-o27-2-umage\/\",\"url\":\"https:\/\/ekkla.ch\/de\/produit\/hangeleuchte-around-the-world-glas-und-messing-o27-2-umage\/\",\"name\":\"Umage | H\u00e4ngeleuchte Around The World | Gratis Lieferung | Ekkla\",\"isPartOf\":{\"@id\":\"https:\/\/ekkla.ch\/#website\"},\"primaryImageOfPage\":{\"@id\":\"https:\/\/ekkla.ch\/de\/produit\/hangeleuchte-around-the-world-glas-und-messing-o27-2-umage\/#primaryimage\"},\"image\":{\"@id\":\"https:\/\/ekkla.ch\/de\/produit\/hangeleuchte-around-the-world-glas-und-messing-o27-2-umage\/#primaryimage\"},\"thumbnailUrl\":\"https:\/\/ekkla.ch\/wp-content\/uploads\/2023\/01\/EKKLA-light_0012_Around_the_world_gold_umage.jpg\",\"datePublished\":\"2023-01-18T10:41:21+00:00\",\"dateModified\":\"2023-05-17T07:13:59+00:00\",\"description\":\"H\u00e4ngeleuchte aus mundgeblasenem Opalglas. Weiss und geb\u00fcrstetes Messing. Ideal \u00fcber einem Esstisch oder in einem Flur. Kostenlose Lieferung.\",\"breadcrumb\":{\"@id\":\"https:\/\/ekkla.ch\/de\/produit\/hangeleuchte-around-the-world-glas-und-messing-o27-2-umage\/#breadcrumb\"},\"inLanguage\":\"de\",\"potentialAction\":[{\"@type\":\"ReadAction\",\"target\":[\"https:\/\/ekkla.ch\/de\/produit\/hangeleuchte-around-the-world-glas-und-messing-o27-2-umage\/\"]}]},{\"@type\":\"ImageObject\",\"inLanguage\":\"de\",\"@id\":\"https:\/\/ekkla.ch\/de\/produit\/hangeleuchte-around-the-world-glas-und-messing-o27-2-umage\/#primaryimage\",\"url\":\"https:\/\/ekkla.ch\/wp-content\/uploads\/2023\/01\/EKKLA-light_0012_Around_the_world_gold_umage.jpg\",\"contentUrl\":\"https:\/\/ekkla.ch\/wp-content\/uploads\/2023\/01\/EKKLA-light_0012_Around_the_world_gold_umage.jpg\",\"width\":900,\"height\":900},{\"@type\":\"BreadcrumbList\",\"@id\":\"https:\/\/ekkla.ch\/de\/produit\/hangeleuchte-around-the-world-glas-und-messing-o27-2-umage\/#breadcrumb\",\"itemListElement\":[{\"@type\":\"ListItem\",\"position\":1,\"name\":\"Home\",\"item\":\"https:\/\/ekkla.ch\/de\/\"},{\"@type\":\"ListItem\",\"position\":2,\"name\":\"Shop\",\"item\":\"https:\/\/ekkla.ch\/de\/shop\/\"},{\"@type\":\"ListItem\",\"position\":3,\"name\":\"H\u00e4ngeleuchte Around The World &#8211; Glas und Messing &#8211; \u00d827.2 &#8211; Umage\"}]},{\"@type\":\"WebSite\",\"@id\":\"https:\/\/ekkla.ch\/#website\",\"url\":\"https:\/\/ekkla.ch\/\",\"name\":\"Ekkla\",\"description\":\"Der Onlineshop f\u00fcr Beleuchtung\",\"publisher\":{\"@id\":\"https:\/\/ekkla.ch\/#organization\"},\"potentialAction\":[{\"@type\":\"SearchAction\",\"target\":{\"@type\":\"EntryPoint\",\"urlTemplate\":\"https:\/\/ekkla.ch\/?s={search_term_string}\"},\"query-input\":\"required name=search_term_string\"}],\"inLanguage\":\"de\"},{\"@type\":\"Organization\",\"@id\":\"https:\/\/ekkla.ch\/#organization\",\"name\":\"Ekkla\",\"url\":\"https:\/\/ekkla.ch\/\",\"logo\":{\"@type\":\"ImageObject\",\"inLanguage\":\"de\",\"@id\":\"https:\/\/ekkla.ch\/#\/schema\/logo\/image\/\",\"url\":\"http:\/\/ekkla.ch\/wp-content\/uploads\/2019\/07\/logo-1.svg\",\"contentUrl\":\"http:\/\/ekkla.ch\/wp-content\/uploads\/2019\/07\/logo-1.svg\",\"width\":1,\"height\":1,\"caption\":\"Ekkla\"},\"image\":{\"@id\":\"https:\/\/ekkla.ch\/#\/schema\/logo\/image\/\"},\"sameAs\":[\"https:\/\/www.instagram.com\/ekkla_light\/\"]}]}<\/script>\n<!-- \/ Yoast SEO Premium plugin. -->","yoast_head_json":{"title":"Umage | H\u00e4ngeleuchte Around The World | Gratis Lieferung | Ekkla","description":"H\u00e4ngeleuchte aus mundgeblasenem Opalglas. Weiss und geb\u00fcrstetes Messing. Ideal \u00fcber einem Esstisch oder in einem Flur. Kostenlose Lieferung.","robots":{"index":"index","follow":"follow","max-snippet":"max-snippet:-1","max-image-preview":"max-image-preview:large","max-video-preview":"max-video-preview:-1"},"canonical":"https:\/\/ekkla.ch\/de\/produit\/hangeleuchte-around-the-world-glas-und-messing-o27-2-umage\/","og_locale":"de_DE","og_type":"article","og_title":"H\u00e4ngeleuchte Around The World - Glas und Messing - \u00d827.2 - Umage","og_description":"H\u00e4ngeleuchte aus mundgeblasenem Opalglas. Weiss und geb\u00fcrstetes Messing. Ideal \u00fcber einem Esstisch oder in einem Flur. Kostenlose Lieferung.","og_url":"https:\/\/ekkla.ch\/de\/produit\/hangeleuchte-around-the-world-glas-und-messing-o27-2-umage\/","og_site_name":"Ekkla","article_modified_time":"2023-05-17T07:13:59+00:00","og_image":[{"width":900,"height":900,"url":"https:\/\/ekkla.ch\/wp-content\/uploads\/2023\/01\/EKKLA-light_0012_Around_the_world_gold_umage.jpg","type":"image\/jpeg"}],"twitter_card":"summary_large_image","twitter_misc":{"Gesch\u00e4tzte Lesezeit":"1\u00a0Minute"},"schema":{"@context":"https:\/\/schema.org","@graph":[{"@type":"WebPage","@id":"https:\/\/ekkla.ch\/de\/produit\/hangeleuchte-around-the-world-glas-und-messing-o27-2-umage\/","url":"https:\/\/ekkla.ch\/de\/produit\/hangeleuchte-around-the-world-glas-und-messing-o27-2-umage\/","name":"Umage | H\u00e4ngeleuchte Around The World | Gratis Lieferung | Ekkla","isPartOf":{"@id":"https:\/\/ekkla.ch\/#website"},"primaryImageOfPage":{"@id":"https:\/\/ekkla.ch\/de\/produit\/hangeleuchte-around-the-world-glas-und-messing-o27-2-umage\/#primaryimage"},"image":{"@id":"https:\/\/ekkla.ch\/de\/produit\/hangeleuchte-around-the-world-glas-und-messing-o27-2-umage\/#primaryimage"},"thumbnailUrl":"https:\/\/ekkla.ch\/wp-content\/uploads\/2023\/01\/EKKLA-light_0012_Around_the_world_gold_umage.jpg","datePublished":"2023-01-18T10:41:21+00:00","dateModified":"2023-05-17T07:13:59+00:00","description":"H\u00e4ngeleuchte aus mundgeblasenem Opalglas. Weiss und geb\u00fcrstetes Messing. Ideal \u00fcber einem Esstisch oder in einem Flur. Kostenlose Lieferung.","breadcrumb":{"@id":"https:\/\/ekkla.ch\/de\/produit\/hangeleuchte-around-the-world-glas-und-messing-o27-2-umage\/#breadcrumb"},"inLanguage":"de","potentialAction":[{"@type":"ReadAction","target":["https:\/\/ekkla.ch\/de\/produit\/hangeleuchte-around-the-world-glas-und-messing-o27-2-umage\/"]}]},{"@type":"ImageObject","inLanguage":"de","@id":"https:\/\/ekkla.ch\/de\/produit\/hangeleuchte-around-the-world-glas-und-messing-o27-2-umage\/#primaryimage","url":"https:\/\/ekkla.ch\/wp-content\/uploads\/2023\/01\/EKKLA-light_0012_Around_the_world_gold_umage.jpg","contentUrl":"https:\/\/ekkla.ch\/wp-content\/uploads\/2023\/01\/EKKLA-light_0012_Around_the_world_gold_umage.jpg","width":900,"height":900},{"@type":"BreadcrumbList","@id":"https:\/\/ekkla.ch\/de\/produit\/hangeleuchte-around-the-world-glas-und-messing-o27-2-umage\/#breadcrumb","itemListElement":[{"@type":"ListItem","position":1,"name":"Home","item":"https:\/\/ekkla.ch\/de\/"},{"@type":"ListItem","position":2,"name":"Shop","item":"https:\/\/ekkla.ch\/de\/shop\/"},{"@type":"ListItem","position":3,"name":"H\u00e4ngeleuchte Around The World &#8211; Glas und Messing &#8211; \u00d827.2 &#8211; Umage"}]},{"@type":"WebSite","@id":"https:\/\/ekkla.ch\/#website","url":"https:\/\/ekkla.ch\/","name":"Ekkla","description":"Der Onlineshop f\u00fcr Beleuchtung","publisher":{"@id":"https:\/\/ekkla.ch\/#organization"},"potentialAction":[{"@type":"SearchAction","target":{"@type":"EntryPoint","urlTemplate":"https:\/\/ekkla.ch\/?s={search_term_string}"},"query-input":"required name=search_term_string"}],"inLanguage":"de"},{"@type":"Organization","@id":"https:\/\/ekkla.ch\/#organization","name":"Ekkla","url":"https:\/\/ekkla.ch\/","logo":{"@type":"ImageObject","inLanguage":"de","@id":"https:\/\/ekkla.ch\/#\/schema\/logo\/image\/","url":"http:\/\/ekkla.ch\/wp-content\/uploads\/2019\/07\/logo-1.svg","contentUrl":"http:\/\/ekkla.ch\/wp-content\/uploads\/2019\/07\/logo-1.svg","width":1,"height":1,"caption":"Ekkla"},"image":{"@id":"https:\/\/ekkla.ch\/#\/schema\/logo\/image\/"},"sameAs":["https:\/\/www.instagram.com\/ekkla_light\/"]}]}},"_links":{"self":[{"href":"https:\/\/ekkla.ch\/de\/wp-json\/wp\/v2\/product\/166388"}],"collection":[{"href":"https:\/\/ekkla.ch\/de\/wp-json\/wp\/v2\/product"}],"about":[{"href":"https:\/\/ekkla.ch\/de\/wp-json\/wp\/v2\/types\/product"}],"wp:featuredmedia":[{"embeddable":true,"href":"https:\/\/ekkla.ch\/de\/wp-json\/wp\/v2\/media\/166302"}],"wp:attachment":[{"href":"https:\/\/ekkla.ch\/de\/wp-json\/wp\/v2\/media?parent=166388"}],"wp:term":[{"taxonomy":"product_cat","embeddable":true,"href":"https:\/\/ekkla.ch\/de\/wp-json\/wp\/v2\/product_cat?post=166388"},{"taxonomy":"product_tag","embeddable":true,"href":"https:\/\/ekkla.ch\/de\/wp-json\/wp\/v2\/product_tag?post=166388"}],"curies":[{"name":"wp","href":"https:\/\/api.w.org\/{rel}","templated":true}]}}