{"id":166665,"date":"2023-01-22T20:06:27","date_gmt":"2023-01-22T19:06:27","guid":{"rendered":"https:\/\/ekkla.ch\/produit\/haengeleuchte-fl-y-durchsichtiges-bordeaux-%e2%88%8552-kartell\/"},"modified":"2023-02-21T11:48:41","modified_gmt":"2023-02-21T10:48:41","slug":"haengeleuchte-fl-y-durchsichtiges-bordeaux-%e2%88%8552-kartell","status":"publish","type":"product","link":"https:\/\/ekkla.ch\/de\/produit\/haengeleuchte-fl-y-durchsichtiges-bordeaux-%e2%88%8552-kartell\/","title":{"rendered":"H\u00e4ngeleuchte FL\/Y &#8211; Durchsichtiges Bordeaux &#8211; \u220552 &#8211; Kartell"},"content":{"rendered":"<p>Dies ist die erste H\u00e4ngeleuchte der Marke Kartell. Sie ist in verschiedenen Gr\u00f6ssen und einer breiten Farbpalette erh\u00e4ltlich, wobei sich das Design auf die wesentlichen Linien konzentriert. Durch das Zusammenspiel zwischen Transparenz und matten Farben bietet diese verspielte Leuchte, deren Form an Seifenblasen erinnert, schimmernde Lichtreflexionen. Sie k\u00f6nnen die Leuchte einzeln oder in der Mehrzahl aufh\u00e4ngen, um einen maximalen Glanz zu erzielen. Vom Wohnzimmer \u00fcber das Badezimmer bis hin zur K\u00fcche oder den Eingangsbereich: diese Leuchte k\u00f6nnen Sie in jedem Raum Ihres Zuhauses anbringen! Gl\u00fchbirne inbegriffen.<\/p>\n<blockquote>\n<h2 style=\"text-align: left;\">Merkmale &amp; Eigenschaften<\/h2>\n<p><strong>Marke<\/strong> Kartell<\/p>\n<p style=\"text-align: left;\"><strong>Farbe<\/strong>\u00a0Durchsichtiges Bordeaux<\/p>\n<p style=\"text-align: left;\"><strong>Material<\/strong>\u00a0Durchgef\u00e4rbtes PMMA<\/p>\n<p><strong>Gl\u00fchbirne<\/strong> E27<\/p>\n<p><strong>Lichtintensit\u00e4t (W)<\/strong> 220 &#8211; 240<\/p>\n<p><strong>Farbtemperatur (K) <\/strong>2700<\/p>\n<p style=\"text-align: left;\"><strong>H\u00f6he (cm)<\/strong>\u00a033<\/p>\n<p><strong>Durchmesser (cm)<\/strong> 52<\/p>\n<p><strong>Max. Kabell\u00e4nge (cm)<\/strong> 280<\/p><\/blockquote>\n","protected":false},"excerpt":{"rendered":"<p>Dies ist die erste H\u00e4ngeleuchte der Marke Kartell. Sie ist in verschiedenen Gr\u00f6ssen und einer breiten Farbpalette erh\u00e4ltlich, wobei sich das Design auf die wesentlichen Linien konzentriert. Durch das Zusammenspiel zwischen Transparenz und matten Farben bietet diese verspielte Leuchte, deren Form an Seifenblasen erinnert, schimmernde Lichtreflexionen. Sie k\u00f6nnen die Leuchte einzeln oder in der Mehrzahl [&hellip;]<\/p>\n","protected":false},"featured_media":166823,"template":"","meta":{"_acf_changed":false,"om_disable_all_campaigns":false},"product_cat":[291],"product_tag":[1258,896,554,1188,801,1203,816,704,1209],"bundled_by":[],"bundle_stock_status":"onbackorder","bundle_stock_quantity":0,"bundle_virtual":false,"bundle_layout":"","bundle_add_to_cart_form_location":"","bundle_editable_in_cart":false,"bundle_sold_individually_context":"","bundle_item_grouping":"","bundle_min_size":"","bundle_max_size":"","bundle_price":[],"bundled_items":[],"bundle_sell_ids":[],"acf":[],"yoast_head":"<!-- This site is optimized with the Yoast SEO Premium plugin v22.2 (Yoast SEO v22.8) - https:\/\/yoast.com\/wordpress\/plugins\/seo\/ -->\n<title>Kartell | H\u00e4ngeleuchte FL\/Y | Italienisches Design | Ekkla<\/title>\n<meta name=\"description\" content=\"Wundersch\u00f6ne, hochwertige H\u00e4ngeleuchte FL\/Y in transparentem Bordeaux. Ideal f\u00fcr Ihre K\u00fcche oder Ihr Wohnzimmer. F\u00fcr eine schlichte und elegante Dekoration.\" \/>\n<meta name=\"robots\" content=\"index, follow, max-snippet:-1, max-image-preview:large, max-video-preview:-1\" \/>\n<link rel=\"canonical\" href=\"https:\/\/ekkla.ch\/de\/produit\/haengeleuchte-fl-y-durchsichtiges-bordeaux-\u220552-kartell\/\" \/>\n<meta property=\"og:locale\" content=\"de_DE\" \/>\n<meta property=\"og:type\" content=\"article\" \/>\n<meta property=\"og:title\" content=\"H\u00e4ngeleuchte FL\/Y - Durchsichtiges Bordeaux - \u220552 - Kartell\" \/>\n<meta property=\"og:description\" content=\"Wundersch\u00f6ne, hochwertige H\u00e4ngeleuchte FL\/Y in transparentem Bordeaux. Ideal f\u00fcr Ihre K\u00fcche oder Ihr Wohnzimmer. F\u00fcr eine schlichte und elegante Dekoration.\" \/>\n<meta property=\"og:url\" content=\"https:\/\/ekkla.ch\/de\/produit\/haengeleuchte-fl-y-durchsichtiges-bordeaux-\u220552-kartell\/\" \/>\n<meta property=\"og:site_name\" content=\"Ekkla\" \/>\n<meta property=\"article:modified_time\" content=\"2023-02-21T10:48:41+00:00\" \/>\n<meta property=\"og:image\" content=\"https:\/\/ekkla.ch\/wp-content\/uploads\/2023\/01\/Ekkla-light-kartell_0029_9030-BO_01.jpg\" \/>\n\t<meta property=\"og:image:width\" content=\"900\" \/>\n\t<meta property=\"og:image:height\" content=\"900\" \/>\n\t<meta property=\"og:image:type\" content=\"image\/jpeg\" \/>\n<meta name=\"twitter:card\" content=\"summary_large_image\" \/>\n<meta name=\"twitter:label1\" content=\"Gesch\u00e4tzte Lesezeit\" \/>\n\t<meta name=\"twitter:data1\" content=\"1\u00a0Minute\" \/>\n<script type=\"application\/ld+json\" class=\"yoast-schema-graph\">{\"@context\":\"https:\/\/schema.org\",\"@graph\":[{\"@type\":\"WebPage\",\"@id\":\"https:\/\/ekkla.ch\/de\/produit\/haengeleuchte-fl-y-durchsichtiges-bordeaux-%e2%88%8552-kartell\/\",\"url\":\"https:\/\/ekkla.ch\/de\/produit\/haengeleuchte-fl-y-durchsichtiges-bordeaux-%e2%88%8552-kartell\/\",\"name\":\"Kartell | H\u00e4ngeleuchte FL\/Y | Italienisches Design | Ekkla\",\"isPartOf\":{\"@id\":\"https:\/\/ekkla.ch\/#website\"},\"primaryImageOfPage\":{\"@id\":\"https:\/\/ekkla.ch\/de\/produit\/haengeleuchte-fl-y-durchsichtiges-bordeaux-%e2%88%8552-kartell\/#primaryimage\"},\"image\":{\"@id\":\"https:\/\/ekkla.ch\/de\/produit\/haengeleuchte-fl-y-durchsichtiges-bordeaux-%e2%88%8552-kartell\/#primaryimage\"},\"thumbnailUrl\":\"https:\/\/ekkla.ch\/wp-content\/uploads\/2023\/01\/Ekkla-light-kartell_0029_9030-BO_01.jpg\",\"datePublished\":\"2023-01-22T19:06:27+00:00\",\"dateModified\":\"2023-02-21T10:48:41+00:00\",\"description\":\"Wundersch\u00f6ne, hochwertige H\u00e4ngeleuchte FL\/Y in transparentem Bordeaux. Ideal f\u00fcr Ihre K\u00fcche oder Ihr Wohnzimmer. F\u00fcr eine schlichte und elegante Dekoration.\",\"breadcrumb\":{\"@id\":\"https:\/\/ekkla.ch\/de\/produit\/haengeleuchte-fl-y-durchsichtiges-bordeaux-%e2%88%8552-kartell\/#breadcrumb\"},\"inLanguage\":\"de\",\"potentialAction\":[{\"@type\":\"ReadAction\",\"target\":[\"https:\/\/ekkla.ch\/de\/produit\/haengeleuchte-fl-y-durchsichtiges-bordeaux-%e2%88%8552-kartell\/\"]}]},{\"@type\":\"ImageObject\",\"inLanguage\":\"de\",\"@id\":\"https:\/\/ekkla.ch\/de\/produit\/haengeleuchte-fl-y-durchsichtiges-bordeaux-%e2%88%8552-kartell\/#primaryimage\",\"url\":\"https:\/\/ekkla.ch\/wp-content\/uploads\/2023\/01\/Ekkla-light-kartell_0029_9030-BO_01.jpg\",\"contentUrl\":\"https:\/\/ekkla.ch\/wp-content\/uploads\/2023\/01\/Ekkla-light-kartell_0029_9030-BO_01.jpg\",\"width\":900,\"height\":900},{\"@type\":\"BreadcrumbList\",\"@id\":\"https:\/\/ekkla.ch\/de\/produit\/haengeleuchte-fl-y-durchsichtiges-bordeaux-%e2%88%8552-kartell\/#breadcrumb\",\"itemListElement\":[{\"@type\":\"ListItem\",\"position\":1,\"name\":\"Home\",\"item\":\"https:\/\/ekkla.ch\/de\/\"},{\"@type\":\"ListItem\",\"position\":2,\"name\":\"Shop\",\"item\":\"https:\/\/ekkla.ch\/de\/shop\/\"},{\"@type\":\"ListItem\",\"position\":3,\"name\":\"H\u00e4ngeleuchte FL\/Y &#8211; Durchsichtiges Bordeaux &#8211; \u220552 &#8211; Kartell\"}]},{\"@type\":\"WebSite\",\"@id\":\"https:\/\/ekkla.ch\/#website\",\"url\":\"https:\/\/ekkla.ch\/\",\"name\":\"Ekkla\",\"description\":\"Der Onlineshop f\u00fcr Beleuchtung\",\"publisher\":{\"@id\":\"https:\/\/ekkla.ch\/#organization\"},\"potentialAction\":[{\"@type\":\"SearchAction\",\"target\":{\"@type\":\"EntryPoint\",\"urlTemplate\":\"https:\/\/ekkla.ch\/?s={search_term_string}\"},\"query-input\":\"required name=search_term_string\"}],\"inLanguage\":\"de\"},{\"@type\":\"Organization\",\"@id\":\"https:\/\/ekkla.ch\/#organization\",\"name\":\"Ekkla\",\"url\":\"https:\/\/ekkla.ch\/\",\"logo\":{\"@type\":\"ImageObject\",\"inLanguage\":\"de\",\"@id\":\"https:\/\/ekkla.ch\/#\/schema\/logo\/image\/\",\"url\":\"http:\/\/ekkla.ch\/wp-content\/uploads\/2019\/07\/logo-1.svg\",\"contentUrl\":\"http:\/\/ekkla.ch\/wp-content\/uploads\/2019\/07\/logo-1.svg\",\"width\":1,\"height\":1,\"caption\":\"Ekkla\"},\"image\":{\"@id\":\"https:\/\/ekkla.ch\/#\/schema\/logo\/image\/\"},\"sameAs\":[\"https:\/\/www.instagram.com\/ekkla_light\/\"]}]}<\/script>\n<!-- \/ Yoast SEO Premium plugin. -->","yoast_head_json":{"title":"Kartell | H\u00e4ngeleuchte FL\/Y | Italienisches Design | Ekkla","description":"Wundersch\u00f6ne, hochwertige H\u00e4ngeleuchte FL\/Y in transparentem Bordeaux. Ideal f\u00fcr Ihre K\u00fcche oder Ihr Wohnzimmer. F\u00fcr eine schlichte und elegante Dekoration.","robots":{"index":"index","follow":"follow","max-snippet":"max-snippet:-1","max-image-preview":"max-image-preview:large","max-video-preview":"max-video-preview:-1"},"canonical":"https:\/\/ekkla.ch\/de\/produit\/haengeleuchte-fl-y-durchsichtiges-bordeaux-\u220552-kartell\/","og_locale":"de_DE","og_type":"article","og_title":"H\u00e4ngeleuchte FL\/Y - Durchsichtiges Bordeaux - \u220552 - Kartell","og_description":"Wundersch\u00f6ne, hochwertige H\u00e4ngeleuchte FL\/Y in transparentem Bordeaux. Ideal f\u00fcr Ihre K\u00fcche oder Ihr Wohnzimmer. F\u00fcr eine schlichte und elegante Dekoration.","og_url":"https:\/\/ekkla.ch\/de\/produit\/haengeleuchte-fl-y-durchsichtiges-bordeaux-\u220552-kartell\/","og_site_name":"Ekkla","article_modified_time":"2023-02-21T10:48:41+00:00","og_image":[{"width":900,"height":900,"url":"https:\/\/ekkla.ch\/wp-content\/uploads\/2023\/01\/Ekkla-light-kartell_0029_9030-BO_01.jpg","type":"image\/jpeg"}],"twitter_card":"summary_large_image","twitter_misc":{"Gesch\u00e4tzte Lesezeit":"1\u00a0Minute"},"schema":{"@context":"https:\/\/schema.org","@graph":[{"@type":"WebPage","@id":"https:\/\/ekkla.ch\/de\/produit\/haengeleuchte-fl-y-durchsichtiges-bordeaux-%e2%88%8552-kartell\/","url":"https:\/\/ekkla.ch\/de\/produit\/haengeleuchte-fl-y-durchsichtiges-bordeaux-%e2%88%8552-kartell\/","name":"Kartell | H\u00e4ngeleuchte FL\/Y | Italienisches Design | Ekkla","isPartOf":{"@id":"https:\/\/ekkla.ch\/#website"},"primaryImageOfPage":{"@id":"https:\/\/ekkla.ch\/de\/produit\/haengeleuchte-fl-y-durchsichtiges-bordeaux-%e2%88%8552-kartell\/#primaryimage"},"image":{"@id":"https:\/\/ekkla.ch\/de\/produit\/haengeleuchte-fl-y-durchsichtiges-bordeaux-%e2%88%8552-kartell\/#primaryimage"},"thumbnailUrl":"https:\/\/ekkla.ch\/wp-content\/uploads\/2023\/01\/Ekkla-light-kartell_0029_9030-BO_01.jpg","datePublished":"2023-01-22T19:06:27+00:00","dateModified":"2023-02-21T10:48:41+00:00","description":"Wundersch\u00f6ne, hochwertige H\u00e4ngeleuchte FL\/Y in transparentem Bordeaux. Ideal f\u00fcr Ihre K\u00fcche oder Ihr Wohnzimmer. F\u00fcr eine schlichte und elegante Dekoration.","breadcrumb":{"@id":"https:\/\/ekkla.ch\/de\/produit\/haengeleuchte-fl-y-durchsichtiges-bordeaux-%e2%88%8552-kartell\/#breadcrumb"},"inLanguage":"de","potentialAction":[{"@type":"ReadAction","target":["https:\/\/ekkla.ch\/de\/produit\/haengeleuchte-fl-y-durchsichtiges-bordeaux-%e2%88%8552-kartell\/"]}]},{"@type":"ImageObject","inLanguage":"de","@id":"https:\/\/ekkla.ch\/de\/produit\/haengeleuchte-fl-y-durchsichtiges-bordeaux-%e2%88%8552-kartell\/#primaryimage","url":"https:\/\/ekkla.ch\/wp-content\/uploads\/2023\/01\/Ekkla-light-kartell_0029_9030-BO_01.jpg","contentUrl":"https:\/\/ekkla.ch\/wp-content\/uploads\/2023\/01\/Ekkla-light-kartell_0029_9030-BO_01.jpg","width":900,"height":900},{"@type":"BreadcrumbList","@id":"https:\/\/ekkla.ch\/de\/produit\/haengeleuchte-fl-y-durchsichtiges-bordeaux-%e2%88%8552-kartell\/#breadcrumb","itemListElement":[{"@type":"ListItem","position":1,"name":"Home","item":"https:\/\/ekkla.ch\/de\/"},{"@type":"ListItem","position":2,"name":"Shop","item":"https:\/\/ekkla.ch\/de\/shop\/"},{"@type":"ListItem","position":3,"name":"H\u00e4ngeleuchte FL\/Y &#8211; Durchsichtiges Bordeaux &#8211; \u220552 &#8211; Kartell"}]},{"@type":"WebSite","@id":"https:\/\/ekkla.ch\/#website","url":"https:\/\/ekkla.ch\/","name":"Ekkla","description":"Der Onlineshop f\u00fcr Beleuchtung","publisher":{"@id":"https:\/\/ekkla.ch\/#organization"},"potentialAction":[{"@type":"SearchAction","target":{"@type":"EntryPoint","urlTemplate":"https:\/\/ekkla.ch\/?s={search_term_string}"},"query-input":"required name=search_term_string"}],"inLanguage":"de"},{"@type":"Organization","@id":"https:\/\/ekkla.ch\/#organization","name":"Ekkla","url":"https:\/\/ekkla.ch\/","logo":{"@type":"ImageObject","inLanguage":"de","@id":"https:\/\/ekkla.ch\/#\/schema\/logo\/image\/","url":"http:\/\/ekkla.ch\/wp-content\/uploads\/2019\/07\/logo-1.svg","contentUrl":"http:\/\/ekkla.ch\/wp-content\/uploads\/2019\/07\/logo-1.svg","width":1,"height":1,"caption":"Ekkla"},"image":{"@id":"https:\/\/ekkla.ch\/#\/schema\/logo\/image\/"},"sameAs":["https:\/\/www.instagram.com\/ekkla_light\/"]}]}},"_links":{"self":[{"href":"https:\/\/ekkla.ch\/de\/wp-json\/wp\/v2\/product\/166665"}],"collection":[{"href":"https:\/\/ekkla.ch\/de\/wp-json\/wp\/v2\/product"}],"about":[{"href":"https:\/\/ekkla.ch\/de\/wp-json\/wp\/v2\/types\/product"}],"wp:featuredmedia":[{"embeddable":true,"href":"https:\/\/ekkla.ch\/de\/wp-json\/wp\/v2\/media\/166823"}],"wp:attachment":[{"href":"https:\/\/ekkla.ch\/de\/wp-json\/wp\/v2\/media?parent=166665"}],"wp:term":[{"taxonomy":"product_cat","embeddable":true,"href":"https:\/\/ekkla.ch\/de\/wp-json\/wp\/v2\/product_cat?post=166665"},{"taxonomy":"product_tag","embeddable":true,"href":"https:\/\/ekkla.ch\/de\/wp-json\/wp\/v2\/product_tag?post=166665"}],"curies":[{"name":"wp","href":"https:\/\/api.w.org\/{rel}","templated":true}]}}