{"id":166698,"date":"2023-01-23T16:13:57","date_gmt":"2023-01-23T15:13:57","guid":{"rendered":"https:\/\/ekkla.ch\/produit\/magnetsockel-h-24-aplo-anthrazit-fermob\/"},"modified":"2023-02-11T12:28:14","modified_gmt":"2023-02-11T11:28:14","slug":"magnetsockel-h-24-aplo-anthrazit-fermob","status":"publish","type":"product","link":"https:\/\/ekkla.ch\/de\/produit\/magnetsockel-h-24-aplo-anthrazit-fermob\/","title":{"rendered":"Magnetsockel f\u00fcr Apl\u00f4 H.24 &#8211; Anthrazit &#8211; Fermob"},"content":{"rendered":"<p>Nach dem Erfolg der tragbaren Lampen gelingt Tristan Lohner mit dem Lichtkonzept Apl\u00f4 erneut ein Meisterst\u00fcck.<\/p>\n<p>Diese witzige Gl\u00fchbirne, die geradewegs einem Comic entsprungen zu sein scheint, greift die Leitlinien auf, die das Markenzeichen von Fermob sind: Einfachheit, Benutzbarkeit und Kreativit\u00e4t. Schnappen Sie sich Ihre kabellose Lampe und bringen Sie Ihre Wohnbereiche drinnen wie draussen zum Leuchten!<\/p>\n<p>Aus der grossen Familie des cleveren Apl\u00f4-Zubeh\u00f6rs fragen wir nach dem Magnetsockel. Nach dem H\u00e4ngegurt und der Wandhalterung erg\u00e4nzt Fermob sein Konzept der kabellosen Leuchte mit einem Magnetsockel. Mit ihren verschiedenen Magneten, die \u00fcber den gesamten Sockel verteilt sind, l\u00e4sst sich die Leuchte an allen Metalloberfl\u00e4chen und nicht zuletzt an den meisten Fermob-M\u00f6beln befestigen.<\/p>\n<p>Ob kopf\u00fcber oder kopfunter, horizontal oder vertikal &#8211; der Magnetsockel sorgt f\u00fcr den n\u00f6tigen Halt Ihrer Apl\u00f4-Lampe. Und verwandelt sie schier endlos auf spielerische Weise. Bei Fermob ist das Design genauso wichtig wie die technischen Leistungen. Wie alle Zubeh\u00f6rteile der Kollektion besitzt auch der Magnetsockel Apl\u00f4 das gleiche einfache und intuitive Befestigungssystem, das seinen Erfolg ausmacht. Und schwupps, mit nur einer Vierteldrehung \u00e4ndert die Tischlampe ihren Verwendungszweck. Unser kleiner Vulkan ist mit den ber\u00fchmten Pulverlacken f\u00fcr eine Verwendung im Freien beschichtet, und in allen Farben der Lampe zu einem g\u00fcnstigen Preis erh\u00e4ltlich.<\/p>\n<p>Unser Deko-Tipp? Man nehme 2 oder 3 Apl\u00f4-Tischlampen und stelle sie auf ihren Magnetsockeln auf einem gro\u00dfen Tisch f\u00fcr 10 Personen auf \u2013 beispielsweise unserem Tisch Bellevie oder Ribambelle. F\u00fcr ein geselliges Beisammensein bis tief in die Nacht&#8230;<\/p>\n<h2><\/h2>\n<h2>Merkmale &amp; Eigenschaften<\/h2>\n<p><strong>\u00a0 \u00a0 \u00a0 \u00a0 \u00a0 Marke\u00a0<\/strong>Fermob<\/p>\n<p><strong>\u00a0 \u00a0 \u00a0 \u00a0 \u00a0 Farbe <\/strong>Anthrazit<\/p>\n<p><strong>\u00a0 \u00a0 \u00a0 \u00a0 \u00a0 Material<\/strong>\u00a0Aluminium<\/p>\n<p><strong>\u00a0 \u00a0 \u00a0 \u00a0 \u00a0 H\u00f6he (cm) <\/strong>2<\/p>\n<p><strong>\u00a0 \u00a0 \u00a0 \u00a0 \u00a0 Breite (cm)<\/strong> 8<\/p>\n<p><strong>\u00a0 \u00a0 \u00a0 \u00a0 \u00a0 Gewicht (kg) <\/strong>0,072<\/p>\n","protected":false},"excerpt":{"rendered":"<p>Nach dem Erfolg der tragbaren Lampen gelingt Tristan Lohner mit dem Lichtkonzept Apl\u00f4 erneut ein Meisterst\u00fcck. Diese witzige Gl\u00fchbirne, die geradewegs einem Comic entsprungen zu sein scheint, greift die Leitlinien auf, die das Markenzeichen von Fermob sind: Einfachheit, Benutzbarkeit und Kreativit\u00e4t. Schnappen Sie sich Ihre kabellose Lampe und bringen Sie Ihre Wohnbereiche drinnen wie draussen [&hellip;]<\/p>\n","protected":false},"featured_media":168901,"template":"","meta":{"_acf_changed":false,"om_disable_all_campaigns":false},"product_cat":[290],"product_tag":[1268,926,932,818,900,1188,1265,1072,1022,860,1203,872,883,403,1209],"bundled_by":[],"bundle_stock_status":"instock","bundle_stock_quantity":3,"bundle_virtual":false,"bundle_layout":"","bundle_add_to_cart_form_location":"","bundle_editable_in_cart":false,"bundle_sold_individually_context":"","bundle_item_grouping":"","bundle_min_size":"","bundle_max_size":"","bundle_price":[],"bundled_items":[],"bundle_sell_ids":[],"acf":[],"yoast_head":"<!-- This site is optimized with the Yoast SEO Premium plugin v22.2 (Yoast SEO v22.8) - https:\/\/yoast.com\/wordpress\/plugins\/seo\/ -->\n<title>Magnetsockel f\u00fcr Apl\u00f4 H.24 - Anthrazit - Fermob | Ekkla<\/title>\n<meta name=\"description\" content=\"Diskreter Design-Magnetsockel f\u00fcr die Lampen Apl\u00f4 von Fermob, f\u00fcr den Gebrauch im Innen- und Aussenbereich. Erh\u00e4ltlich in verschiedenen Farben.\" \/>\n<meta name=\"robots\" content=\"index, follow, max-snippet:-1, max-image-preview:large, max-video-preview:-1\" \/>\n<link rel=\"canonical\" href=\"https:\/\/ekkla.ch\/de\/produit\/magnetsockel-h-24-aplo-anthrazit-fermob\/\" \/>\n<meta property=\"og:locale\" content=\"de_DE\" \/>\n<meta property=\"og:type\" content=\"article\" \/>\n<meta property=\"og:title\" content=\"Magnetsockel f\u00fcr Apl\u00f4 H.24 - Anthrazit - Fermob\" \/>\n<meta property=\"og:description\" content=\"Diskreter Design-Magnetsockel f\u00fcr die Lampen Apl\u00f4 von Fermob, f\u00fcr den Gebrauch im Innen- und Aussenbereich. Erh\u00e4ltlich in verschiedenen Farben.\" \/>\n<meta property=\"og:url\" content=\"https:\/\/ekkla.ch\/de\/produit\/magnetsockel-h-24-aplo-anthrazit-fermob\/\" \/>\n<meta property=\"og:site_name\" content=\"Ekkla\" \/>\n<meta property=\"article:modified_time\" content=\"2023-02-11T11:28:14+00:00\" \/>\n<meta property=\"og:image\" content=\"https:\/\/ekkla.ch\/wp-content\/uploads\/2023\/01\/Socle-aimante-aplo-carbone-Ekkla.png\" \/>\n\t<meta property=\"og:image:width\" content=\"900\" \/>\n\t<meta property=\"og:image:height\" content=\"900\" \/>\n\t<meta property=\"og:image:type\" content=\"image\/png\" \/>\n<meta name=\"twitter:card\" content=\"summary_large_image\" \/>\n<meta name=\"twitter:label1\" content=\"Gesch\u00e4tzte Lesezeit\" \/>\n\t<meta name=\"twitter:data1\" content=\"1\u00a0Minute\" \/>\n<script type=\"application\/ld+json\" class=\"yoast-schema-graph\">{\"@context\":\"https:\/\/schema.org\",\"@graph\":[{\"@type\":\"WebPage\",\"@id\":\"https:\/\/ekkla.ch\/de\/produit\/magnetsockel-h-24-aplo-anthrazit-fermob\/\",\"url\":\"https:\/\/ekkla.ch\/de\/produit\/magnetsockel-h-24-aplo-anthrazit-fermob\/\",\"name\":\"Magnetsockel f\u00fcr Apl\u00f4 H.24 - Anthrazit - Fermob | Ekkla\",\"isPartOf\":{\"@id\":\"https:\/\/ekkla.ch\/#website\"},\"primaryImageOfPage\":{\"@id\":\"https:\/\/ekkla.ch\/de\/produit\/magnetsockel-h-24-aplo-anthrazit-fermob\/#primaryimage\"},\"image\":{\"@id\":\"https:\/\/ekkla.ch\/de\/produit\/magnetsockel-h-24-aplo-anthrazit-fermob\/#primaryimage\"},\"thumbnailUrl\":\"https:\/\/ekkla.ch\/wp-content\/uploads\/2023\/01\/Socle-aimante-aplo-carbone-Ekkla.png\",\"datePublished\":\"2023-01-23T15:13:57+00:00\",\"dateModified\":\"2023-02-11T11:28:14+00:00\",\"description\":\"Diskreter Design-Magnetsockel f\u00fcr die Lampen Apl\u00f4 von Fermob, f\u00fcr den Gebrauch im Innen- und Aussenbereich. Erh\u00e4ltlich in verschiedenen Farben.\",\"breadcrumb\":{\"@id\":\"https:\/\/ekkla.ch\/de\/produit\/magnetsockel-h-24-aplo-anthrazit-fermob\/#breadcrumb\"},\"inLanguage\":\"de\",\"potentialAction\":[{\"@type\":\"ReadAction\",\"target\":[\"https:\/\/ekkla.ch\/de\/produit\/magnetsockel-h-24-aplo-anthrazit-fermob\/\"]}]},{\"@type\":\"ImageObject\",\"inLanguage\":\"de\",\"@id\":\"https:\/\/ekkla.ch\/de\/produit\/magnetsockel-h-24-aplo-anthrazit-fermob\/#primaryimage\",\"url\":\"https:\/\/ekkla.ch\/wp-content\/uploads\/2023\/01\/Socle-aimante-aplo-carbone-Ekkla.png\",\"contentUrl\":\"https:\/\/ekkla.ch\/wp-content\/uploads\/2023\/01\/Socle-aimante-aplo-carbone-Ekkla.png\",\"width\":900,\"height\":900},{\"@type\":\"BreadcrumbList\",\"@id\":\"https:\/\/ekkla.ch\/de\/produit\/magnetsockel-h-24-aplo-anthrazit-fermob\/#breadcrumb\",\"itemListElement\":[{\"@type\":\"ListItem\",\"position\":1,\"name\":\"Home\",\"item\":\"https:\/\/ekkla.ch\/de\/\"},{\"@type\":\"ListItem\",\"position\":2,\"name\":\"Shop\",\"item\":\"https:\/\/ekkla.ch\/de\/shop\/\"},{\"@type\":\"ListItem\",\"position\":3,\"name\":\"Magnetsockel f\u00fcr Apl\u00f4 H.24 &#8211; Anthrazit &#8211; Fermob\"}]},{\"@type\":\"WebSite\",\"@id\":\"https:\/\/ekkla.ch\/#website\",\"url\":\"https:\/\/ekkla.ch\/\",\"name\":\"Ekkla\",\"description\":\"Der Onlineshop f\u00fcr Beleuchtung\",\"publisher\":{\"@id\":\"https:\/\/ekkla.ch\/#organization\"},\"potentialAction\":[{\"@type\":\"SearchAction\",\"target\":{\"@type\":\"EntryPoint\",\"urlTemplate\":\"https:\/\/ekkla.ch\/?s={search_term_string}\"},\"query-input\":\"required name=search_term_string\"}],\"inLanguage\":\"de\"},{\"@type\":\"Organization\",\"@id\":\"https:\/\/ekkla.ch\/#organization\",\"name\":\"Ekkla\",\"url\":\"https:\/\/ekkla.ch\/\",\"logo\":{\"@type\":\"ImageObject\",\"inLanguage\":\"de\",\"@id\":\"https:\/\/ekkla.ch\/#\/schema\/logo\/image\/\",\"url\":\"http:\/\/ekkla.ch\/wp-content\/uploads\/2019\/07\/logo-1.svg\",\"contentUrl\":\"http:\/\/ekkla.ch\/wp-content\/uploads\/2019\/07\/logo-1.svg\",\"width\":1,\"height\":1,\"caption\":\"Ekkla\"},\"image\":{\"@id\":\"https:\/\/ekkla.ch\/#\/schema\/logo\/image\/\"},\"sameAs\":[\"https:\/\/www.instagram.com\/ekkla_light\/\"]}]}<\/script>\n<!-- \/ Yoast SEO Premium plugin. -->","yoast_head_json":{"title":"Magnetsockel f\u00fcr Apl\u00f4 H.24 - Anthrazit - Fermob | Ekkla","description":"Diskreter Design-Magnetsockel f\u00fcr die Lampen Apl\u00f4 von Fermob, f\u00fcr den Gebrauch im Innen- und Aussenbereich. Erh\u00e4ltlich in verschiedenen Farben.","robots":{"index":"index","follow":"follow","max-snippet":"max-snippet:-1","max-image-preview":"max-image-preview:large","max-video-preview":"max-video-preview:-1"},"canonical":"https:\/\/ekkla.ch\/de\/produit\/magnetsockel-h-24-aplo-anthrazit-fermob\/","og_locale":"de_DE","og_type":"article","og_title":"Magnetsockel f\u00fcr Apl\u00f4 H.24 - Anthrazit - Fermob","og_description":"Diskreter Design-Magnetsockel f\u00fcr die Lampen Apl\u00f4 von Fermob, f\u00fcr den Gebrauch im Innen- und Aussenbereich. Erh\u00e4ltlich in verschiedenen Farben.","og_url":"https:\/\/ekkla.ch\/de\/produit\/magnetsockel-h-24-aplo-anthrazit-fermob\/","og_site_name":"Ekkla","article_modified_time":"2023-02-11T11:28:14+00:00","og_image":[{"width":900,"height":900,"url":"https:\/\/ekkla.ch\/wp-content\/uploads\/2023\/01\/Socle-aimante-aplo-carbone-Ekkla.png","type":"image\/png"}],"twitter_card":"summary_large_image","twitter_misc":{"Gesch\u00e4tzte Lesezeit":"1\u00a0Minute"},"schema":{"@context":"https:\/\/schema.org","@graph":[{"@type":"WebPage","@id":"https:\/\/ekkla.ch\/de\/produit\/magnetsockel-h-24-aplo-anthrazit-fermob\/","url":"https:\/\/ekkla.ch\/de\/produit\/magnetsockel-h-24-aplo-anthrazit-fermob\/","name":"Magnetsockel f\u00fcr Apl\u00f4 H.24 - Anthrazit - Fermob | Ekkla","isPartOf":{"@id":"https:\/\/ekkla.ch\/#website"},"primaryImageOfPage":{"@id":"https:\/\/ekkla.ch\/de\/produit\/magnetsockel-h-24-aplo-anthrazit-fermob\/#primaryimage"},"image":{"@id":"https:\/\/ekkla.ch\/de\/produit\/magnetsockel-h-24-aplo-anthrazit-fermob\/#primaryimage"},"thumbnailUrl":"https:\/\/ekkla.ch\/wp-content\/uploads\/2023\/01\/Socle-aimante-aplo-carbone-Ekkla.png","datePublished":"2023-01-23T15:13:57+00:00","dateModified":"2023-02-11T11:28:14+00:00","description":"Diskreter Design-Magnetsockel f\u00fcr die Lampen Apl\u00f4 von Fermob, f\u00fcr den Gebrauch im Innen- und Aussenbereich. Erh\u00e4ltlich in verschiedenen Farben.","breadcrumb":{"@id":"https:\/\/ekkla.ch\/de\/produit\/magnetsockel-h-24-aplo-anthrazit-fermob\/#breadcrumb"},"inLanguage":"de","potentialAction":[{"@type":"ReadAction","target":["https:\/\/ekkla.ch\/de\/produit\/magnetsockel-h-24-aplo-anthrazit-fermob\/"]}]},{"@type":"ImageObject","inLanguage":"de","@id":"https:\/\/ekkla.ch\/de\/produit\/magnetsockel-h-24-aplo-anthrazit-fermob\/#primaryimage","url":"https:\/\/ekkla.ch\/wp-content\/uploads\/2023\/01\/Socle-aimante-aplo-carbone-Ekkla.png","contentUrl":"https:\/\/ekkla.ch\/wp-content\/uploads\/2023\/01\/Socle-aimante-aplo-carbone-Ekkla.png","width":900,"height":900},{"@type":"BreadcrumbList","@id":"https:\/\/ekkla.ch\/de\/produit\/magnetsockel-h-24-aplo-anthrazit-fermob\/#breadcrumb","itemListElement":[{"@type":"ListItem","position":1,"name":"Home","item":"https:\/\/ekkla.ch\/de\/"},{"@type":"ListItem","position":2,"name":"Shop","item":"https:\/\/ekkla.ch\/de\/shop\/"},{"@type":"ListItem","position":3,"name":"Magnetsockel f\u00fcr Apl\u00f4 H.24 &#8211; Anthrazit &#8211; Fermob"}]},{"@type":"WebSite","@id":"https:\/\/ekkla.ch\/#website","url":"https:\/\/ekkla.ch\/","name":"Ekkla","description":"Der Onlineshop f\u00fcr Beleuchtung","publisher":{"@id":"https:\/\/ekkla.ch\/#organization"},"potentialAction":[{"@type":"SearchAction","target":{"@type":"EntryPoint","urlTemplate":"https:\/\/ekkla.ch\/?s={search_term_string}"},"query-input":"required name=search_term_string"}],"inLanguage":"de"},{"@type":"Organization","@id":"https:\/\/ekkla.ch\/#organization","name":"Ekkla","url":"https:\/\/ekkla.ch\/","logo":{"@type":"ImageObject","inLanguage":"de","@id":"https:\/\/ekkla.ch\/#\/schema\/logo\/image\/","url":"http:\/\/ekkla.ch\/wp-content\/uploads\/2019\/07\/logo-1.svg","contentUrl":"http:\/\/ekkla.ch\/wp-content\/uploads\/2019\/07\/logo-1.svg","width":1,"height":1,"caption":"Ekkla"},"image":{"@id":"https:\/\/ekkla.ch\/#\/schema\/logo\/image\/"},"sameAs":["https:\/\/www.instagram.com\/ekkla_light\/"]}]}},"_links":{"self":[{"href":"https:\/\/ekkla.ch\/de\/wp-json\/wp\/v2\/product\/166698"}],"collection":[{"href":"https:\/\/ekkla.ch\/de\/wp-json\/wp\/v2\/product"}],"about":[{"href":"https:\/\/ekkla.ch\/de\/wp-json\/wp\/v2\/types\/product"}],"wp:featuredmedia":[{"embeddable":true,"href":"https:\/\/ekkla.ch\/de\/wp-json\/wp\/v2\/media\/168901"}],"wp:attachment":[{"href":"https:\/\/ekkla.ch\/de\/wp-json\/wp\/v2\/media?parent=166698"}],"wp:term":[{"taxonomy":"product_cat","embeddable":true,"href":"https:\/\/ekkla.ch\/de\/wp-json\/wp\/v2\/product_cat?post=166698"},{"taxonomy":"product_tag","embeddable":true,"href":"https:\/\/ekkla.ch\/de\/wp-json\/wp\/v2\/product_tag?post=166698"}],"curies":[{"name":"wp","href":"https:\/\/api.w.org\/{rel}","templated":true}]}}