{"id":167568,"date":"2023-01-17T14:47:30","date_gmt":"2023-01-17T13:47:30","guid":{"rendered":"https:\/\/ekkla.ch\/produit\/tischleuchte-bhutan-geflochtener-bambus-naturton-h-40-good-mojo\/"},"modified":"2023-02-10T14:54:42","modified_gmt":"2023-02-10T13:54:42","slug":"tischleuchte-bhutan-geflochtener-bambus-naturton-h-40-good-mojo","status":"publish","type":"product","link":"https:\/\/ekkla.ch\/de\/produit\/tischleuchte-bhutan-geflochtener-bambus-naturton-h-40-good-mojo\/","title":{"rendered":"Tischleuchte Bhutan &#8211; Geflochtener Bambus &#8211; Naturton &#8211; H.40 &#8211; Good &#038; Mojo"},"content":{"rendered":"<p>Die Bhutan-Kollektion ist inspiriert von dem einzigen Land mit negativen Kohlenstoffemissionen: Bhutan. Diese komplett handgeflochtene Tischleuchte wird Ihrem Interieur Eleganz verleihen und findet ihren perfekten Platz in einem Wohnzimmer, einem Schlafzimmer oder in Ihrem B\u00fcro.<\/p>\n<p>Die Marke GOOD&amp;MOJO umfasst \u00f6kologisch verantwortungsvolle Leuchten, die ausschliesslich aus nachhaltigen und\/oder recycelten Materialien bestehen. Die meisten dieser Leuchten werden von den Handwerkern einer Gemeinschaft in einem kleinen vietnamesischen Dorf handgefertigt. Jedes St\u00fcck ist eine echte technische Herausforderung, deren Herstellung ein aussergew\u00f6hnliches handwerkliches K\u00f6nnen erfordert.F\u00fcr jede verkaufte Lampe der Good &amp; Mojo-Kollektion werden 5% an die <a href=\"https:\/\/waka-waka.com\/de\/\">WakaWaka<\/a>-Stiftung gespendet, die Solarbeleuchtungsl\u00f6sungen f\u00fcr bed\u00fcrftige Bev\u00f6lkerungsgruppen bereitstellt. Gl\u00fchbirne nicht inbegriffen.<\/p>\n<h2>\u00a0 \u00a0 \u00a0 Merkmale &amp; Eigenschaften<\/h2>\n<p><strong>\u00a0 \u00a0 \u00a0 \u00a0 \u00a0Marke<\/strong> Good &amp; Mojo<\/p>\n<p><strong>\u00a0 \u00a0 \u00a0 \u00a0 \u00a0Farbe\u00a0<\/strong>Naturholz<\/p>\n<p><strong>\u00a0 \u00a0 \u00a0 \u00a0 \u00a0Material<\/strong>\u00a0Bambus<\/p>\n<p><b>\u00a0 \u00a0 \u00a0 \u00a0 \u00a0Gl\u00fchbirne\u00a0<\/b>E27<\/p>\n<p><strong>\u00a0 \u00a0 \u00a0 \u00a0 \u00a0Max. Leistung (W)<\/strong>\u00a040<\/p>\n<p><strong>\u00a0 \u00a0 \u00a0 \u00a0 \u00a0H\u00f6he (cm)<\/strong>\u00a040<\/p>\n<p><strong>\u00a0 \u00a0 \u00a0 \u00a0 \u00a0Breite (cm) <\/strong>25<\/p>\n","protected":false},"excerpt":{"rendered":"<p>Die Bhutan-Kollektion ist inspiriert von dem einzigen Land mit negativen Kohlenstoffemissionen: Bhutan. Diese komplett handgeflochtene Tischleuchte wird Ihrem Interieur Eleganz verleihen und findet ihren perfekten Platz in einem Wohnzimmer, einem Schlafzimmer oder in Ihrem B\u00fcro. Die Marke GOOD&amp;MOJO umfasst \u00f6kologisch verantwortungsvolle Leuchten, die ausschliesslich aus nachhaltigen und\/oder recycelten Materialien bestehen. Die meisten dieser Leuchten werden [&hellip;]<\/p>\n","protected":false},"featured_media":167121,"template":"","meta":{"_acf_changed":false,"om_disable_all_campaigns":false},"product_cat":[290],"product_tag":[1258,898,554,1188,816,704,603],"bundled_by":[],"bundle_stock_status":"onbackorder","bundle_stock_quantity":null,"bundle_virtual":false,"bundle_layout":"","bundle_add_to_cart_form_location":"","bundle_editable_in_cart":false,"bundle_sold_individually_context":"","bundle_item_grouping":"","bundle_min_size":"","bundle_max_size":"","bundle_price":[],"bundled_items":[],"bundle_sell_ids":[],"acf":[],"yoast_head":"<!-- This site is optimized with the Yoast SEO Premium plugin v22.2 (Yoast SEO v22.8) - https:\/\/yoast.com\/wordpress\/plugins\/seo\/ -->\n<title>Good &amp; Mojo | Tischleuchte Bhutan | Geflochtener Bambus | Ekkla<\/title>\n<meta name=\"description\" content=\"Diese handgeflochtene Tischlampe aus nat\u00fcrlichem Bambus mischt nat\u00fcrliches Material und zeitgen\u00f6ssisches Design in einem sehr aktuellen Ethno-Chic-Look.\" \/>\n<meta name=\"robots\" content=\"index, follow, max-snippet:-1, max-image-preview:large, max-video-preview:-1\" \/>\n<link rel=\"canonical\" href=\"https:\/\/ekkla.ch\/de\/produit\/tischleuchte-bhutan-geflochtener-bambus-naturton-h-40-good-mojo\/\" \/>\n<meta property=\"og:locale\" content=\"de_DE\" \/>\n<meta property=\"og:type\" content=\"article\" \/>\n<meta property=\"og:title\" content=\"Tischleuchte Bhutan - Geflochtener Bambus - Naturton - H.40 - Good &amp; Mojo\" \/>\n<meta property=\"og:description\" content=\"Diese handgeflochtene Tischlampe aus nat\u00fcrlichem Bambus mischt nat\u00fcrliches Material und zeitgen\u00f6ssisches Design in einem sehr aktuellen Ethno-Chic-Look.\" \/>\n<meta property=\"og:url\" content=\"https:\/\/ekkla.ch\/de\/produit\/tischleuchte-bhutan-geflochtener-bambus-naturton-h-40-good-mojo\/\" \/>\n<meta property=\"og:site_name\" content=\"Ekkla\" \/>\n<meta property=\"article:modified_time\" content=\"2023-02-10T13:54:42+00:00\" \/>\n<meta property=\"og:image\" content=\"https:\/\/ekkla.ch\/wp-content\/uploads\/2023\/01\/Ekkla-light-good-mojo_0007_bhutan-t25-n-2520-bn.jpg\" \/>\n\t<meta property=\"og:image:width\" content=\"900\" \/>\n\t<meta property=\"og:image:height\" content=\"900\" \/>\n\t<meta property=\"og:image:type\" content=\"image\/jpeg\" \/>\n<meta name=\"twitter:card\" content=\"summary_large_image\" \/>\n<meta name=\"twitter:label1\" content=\"Gesch\u00e4tzte Lesezeit\" \/>\n\t<meta name=\"twitter:data1\" content=\"1\u00a0Minute\" \/>\n<script type=\"application\/ld+json\" class=\"yoast-schema-graph\">{\"@context\":\"https:\/\/schema.org\",\"@graph\":[{\"@type\":\"WebPage\",\"@id\":\"https:\/\/ekkla.ch\/de\/produit\/tischleuchte-bhutan-geflochtener-bambus-naturton-h-40-good-mojo\/\",\"url\":\"https:\/\/ekkla.ch\/de\/produit\/tischleuchte-bhutan-geflochtener-bambus-naturton-h-40-good-mojo\/\",\"name\":\"Good & Mojo | Tischleuchte Bhutan | Geflochtener Bambus | Ekkla\",\"isPartOf\":{\"@id\":\"https:\/\/ekkla.ch\/#website\"},\"primaryImageOfPage\":{\"@id\":\"https:\/\/ekkla.ch\/de\/produit\/tischleuchte-bhutan-geflochtener-bambus-naturton-h-40-good-mojo\/#primaryimage\"},\"image\":{\"@id\":\"https:\/\/ekkla.ch\/de\/produit\/tischleuchte-bhutan-geflochtener-bambus-naturton-h-40-good-mojo\/#primaryimage\"},\"thumbnailUrl\":\"https:\/\/ekkla.ch\/wp-content\/uploads\/2023\/01\/Ekkla-light-good-mojo_0007_bhutan-t25-n-2520-bn.jpg\",\"datePublished\":\"2023-01-17T13:47:30+00:00\",\"dateModified\":\"2023-02-10T13:54:42+00:00\",\"description\":\"Diese handgeflochtene Tischlampe aus nat\u00fcrlichem Bambus mischt nat\u00fcrliches Material und zeitgen\u00f6ssisches Design in einem sehr aktuellen Ethno-Chic-Look.\",\"breadcrumb\":{\"@id\":\"https:\/\/ekkla.ch\/de\/produit\/tischleuchte-bhutan-geflochtener-bambus-naturton-h-40-good-mojo\/#breadcrumb\"},\"inLanguage\":\"de\",\"potentialAction\":[{\"@type\":\"ReadAction\",\"target\":[\"https:\/\/ekkla.ch\/de\/produit\/tischleuchte-bhutan-geflochtener-bambus-naturton-h-40-good-mojo\/\"]}]},{\"@type\":\"ImageObject\",\"inLanguage\":\"de\",\"@id\":\"https:\/\/ekkla.ch\/de\/produit\/tischleuchte-bhutan-geflochtener-bambus-naturton-h-40-good-mojo\/#primaryimage\",\"url\":\"https:\/\/ekkla.ch\/wp-content\/uploads\/2023\/01\/Ekkla-light-good-mojo_0007_bhutan-t25-n-2520-bn.jpg\",\"contentUrl\":\"https:\/\/ekkla.ch\/wp-content\/uploads\/2023\/01\/Ekkla-light-good-mojo_0007_bhutan-t25-n-2520-bn.jpg\",\"width\":900,\"height\":900},{\"@type\":\"BreadcrumbList\",\"@id\":\"https:\/\/ekkla.ch\/de\/produit\/tischleuchte-bhutan-geflochtener-bambus-naturton-h-40-good-mojo\/#breadcrumb\",\"itemListElement\":[{\"@type\":\"ListItem\",\"position\":1,\"name\":\"Home\",\"item\":\"https:\/\/ekkla.ch\/de\/\"},{\"@type\":\"ListItem\",\"position\":2,\"name\":\"Shop\",\"item\":\"https:\/\/ekkla.ch\/de\/shop\/\"},{\"@type\":\"ListItem\",\"position\":3,\"name\":\"Tischleuchte Bhutan &#8211; Geflochtener Bambus &#8211; Naturton &#8211; H.40 &#8211; Good &#038; Mojo\"}]},{\"@type\":\"WebSite\",\"@id\":\"https:\/\/ekkla.ch\/#website\",\"url\":\"https:\/\/ekkla.ch\/\",\"name\":\"Ekkla\",\"description\":\"Der Onlineshop f\u00fcr Beleuchtung\",\"publisher\":{\"@id\":\"https:\/\/ekkla.ch\/#organization\"},\"potentialAction\":[{\"@type\":\"SearchAction\",\"target\":{\"@type\":\"EntryPoint\",\"urlTemplate\":\"https:\/\/ekkla.ch\/?s={search_term_string}\"},\"query-input\":\"required name=search_term_string\"}],\"inLanguage\":\"de\"},{\"@type\":\"Organization\",\"@id\":\"https:\/\/ekkla.ch\/#organization\",\"name\":\"Ekkla\",\"url\":\"https:\/\/ekkla.ch\/\",\"logo\":{\"@type\":\"ImageObject\",\"inLanguage\":\"de\",\"@id\":\"https:\/\/ekkla.ch\/#\/schema\/logo\/image\/\",\"url\":\"http:\/\/ekkla.ch\/wp-content\/uploads\/2019\/07\/logo-1.svg\",\"contentUrl\":\"http:\/\/ekkla.ch\/wp-content\/uploads\/2019\/07\/logo-1.svg\",\"width\":1,\"height\":1,\"caption\":\"Ekkla\"},\"image\":{\"@id\":\"https:\/\/ekkla.ch\/#\/schema\/logo\/image\/\"},\"sameAs\":[\"https:\/\/www.instagram.com\/ekkla_light\/\"]}]}<\/script>\n<!-- \/ Yoast SEO Premium plugin. -->","yoast_head_json":{"title":"Good & Mojo | Tischleuchte Bhutan | Geflochtener Bambus | Ekkla","description":"Diese handgeflochtene Tischlampe aus nat\u00fcrlichem Bambus mischt nat\u00fcrliches Material und zeitgen\u00f6ssisches Design in einem sehr aktuellen Ethno-Chic-Look.","robots":{"index":"index","follow":"follow","max-snippet":"max-snippet:-1","max-image-preview":"max-image-preview:large","max-video-preview":"max-video-preview:-1"},"canonical":"https:\/\/ekkla.ch\/de\/produit\/tischleuchte-bhutan-geflochtener-bambus-naturton-h-40-good-mojo\/","og_locale":"de_DE","og_type":"article","og_title":"Tischleuchte Bhutan - Geflochtener Bambus - Naturton - H.40 - Good & Mojo","og_description":"Diese handgeflochtene Tischlampe aus nat\u00fcrlichem Bambus mischt nat\u00fcrliches Material und zeitgen\u00f6ssisches Design in einem sehr aktuellen Ethno-Chic-Look.","og_url":"https:\/\/ekkla.ch\/de\/produit\/tischleuchte-bhutan-geflochtener-bambus-naturton-h-40-good-mojo\/","og_site_name":"Ekkla","article_modified_time":"2023-02-10T13:54:42+00:00","og_image":[{"width":900,"height":900,"url":"https:\/\/ekkla.ch\/wp-content\/uploads\/2023\/01\/Ekkla-light-good-mojo_0007_bhutan-t25-n-2520-bn.jpg","type":"image\/jpeg"}],"twitter_card":"summary_large_image","twitter_misc":{"Gesch\u00e4tzte Lesezeit":"1\u00a0Minute"},"schema":{"@context":"https:\/\/schema.org","@graph":[{"@type":"WebPage","@id":"https:\/\/ekkla.ch\/de\/produit\/tischleuchte-bhutan-geflochtener-bambus-naturton-h-40-good-mojo\/","url":"https:\/\/ekkla.ch\/de\/produit\/tischleuchte-bhutan-geflochtener-bambus-naturton-h-40-good-mojo\/","name":"Good & Mojo | Tischleuchte Bhutan | Geflochtener Bambus | Ekkla","isPartOf":{"@id":"https:\/\/ekkla.ch\/#website"},"primaryImageOfPage":{"@id":"https:\/\/ekkla.ch\/de\/produit\/tischleuchte-bhutan-geflochtener-bambus-naturton-h-40-good-mojo\/#primaryimage"},"image":{"@id":"https:\/\/ekkla.ch\/de\/produit\/tischleuchte-bhutan-geflochtener-bambus-naturton-h-40-good-mojo\/#primaryimage"},"thumbnailUrl":"https:\/\/ekkla.ch\/wp-content\/uploads\/2023\/01\/Ekkla-light-good-mojo_0007_bhutan-t25-n-2520-bn.jpg","datePublished":"2023-01-17T13:47:30+00:00","dateModified":"2023-02-10T13:54:42+00:00","description":"Diese handgeflochtene Tischlampe aus nat\u00fcrlichem Bambus mischt nat\u00fcrliches Material und zeitgen\u00f6ssisches Design in einem sehr aktuellen Ethno-Chic-Look.","breadcrumb":{"@id":"https:\/\/ekkla.ch\/de\/produit\/tischleuchte-bhutan-geflochtener-bambus-naturton-h-40-good-mojo\/#breadcrumb"},"inLanguage":"de","potentialAction":[{"@type":"ReadAction","target":["https:\/\/ekkla.ch\/de\/produit\/tischleuchte-bhutan-geflochtener-bambus-naturton-h-40-good-mojo\/"]}]},{"@type":"ImageObject","inLanguage":"de","@id":"https:\/\/ekkla.ch\/de\/produit\/tischleuchte-bhutan-geflochtener-bambus-naturton-h-40-good-mojo\/#primaryimage","url":"https:\/\/ekkla.ch\/wp-content\/uploads\/2023\/01\/Ekkla-light-good-mojo_0007_bhutan-t25-n-2520-bn.jpg","contentUrl":"https:\/\/ekkla.ch\/wp-content\/uploads\/2023\/01\/Ekkla-light-good-mojo_0007_bhutan-t25-n-2520-bn.jpg","width":900,"height":900},{"@type":"BreadcrumbList","@id":"https:\/\/ekkla.ch\/de\/produit\/tischleuchte-bhutan-geflochtener-bambus-naturton-h-40-good-mojo\/#breadcrumb","itemListElement":[{"@type":"ListItem","position":1,"name":"Home","item":"https:\/\/ekkla.ch\/de\/"},{"@type":"ListItem","position":2,"name":"Shop","item":"https:\/\/ekkla.ch\/de\/shop\/"},{"@type":"ListItem","position":3,"name":"Tischleuchte Bhutan &#8211; Geflochtener Bambus &#8211; Naturton &#8211; H.40 &#8211; Good &#038; Mojo"}]},{"@type":"WebSite","@id":"https:\/\/ekkla.ch\/#website","url":"https:\/\/ekkla.ch\/","name":"Ekkla","description":"Der Onlineshop f\u00fcr Beleuchtung","publisher":{"@id":"https:\/\/ekkla.ch\/#organization"},"potentialAction":[{"@type":"SearchAction","target":{"@type":"EntryPoint","urlTemplate":"https:\/\/ekkla.ch\/?s={search_term_string}"},"query-input":"required name=search_term_string"}],"inLanguage":"de"},{"@type":"Organization","@id":"https:\/\/ekkla.ch\/#organization","name":"Ekkla","url":"https:\/\/ekkla.ch\/","logo":{"@type":"ImageObject","inLanguage":"de","@id":"https:\/\/ekkla.ch\/#\/schema\/logo\/image\/","url":"http:\/\/ekkla.ch\/wp-content\/uploads\/2019\/07\/logo-1.svg","contentUrl":"http:\/\/ekkla.ch\/wp-content\/uploads\/2019\/07\/logo-1.svg","width":1,"height":1,"caption":"Ekkla"},"image":{"@id":"https:\/\/ekkla.ch\/#\/schema\/logo\/image\/"},"sameAs":["https:\/\/www.instagram.com\/ekkla_light\/"]}]}},"_links":{"self":[{"href":"https:\/\/ekkla.ch\/de\/wp-json\/wp\/v2\/product\/167568"}],"collection":[{"href":"https:\/\/ekkla.ch\/de\/wp-json\/wp\/v2\/product"}],"about":[{"href":"https:\/\/ekkla.ch\/de\/wp-json\/wp\/v2\/types\/product"}],"wp:featuredmedia":[{"embeddable":true,"href":"https:\/\/ekkla.ch\/de\/wp-json\/wp\/v2\/media\/167121"}],"wp:attachment":[{"href":"https:\/\/ekkla.ch\/de\/wp-json\/wp\/v2\/media?parent=167568"}],"wp:term":[{"taxonomy":"product_cat","embeddable":true,"href":"https:\/\/ekkla.ch\/de\/wp-json\/wp\/v2\/product_cat?post=167568"},{"taxonomy":"product_tag","embeddable":true,"href":"https:\/\/ekkla.ch\/de\/wp-json\/wp\/v2\/product_tag?post=167568"}],"curies":[{"name":"wp","href":"https:\/\/api.w.org\/{rel}","templated":true}]}}