{"id":167584,"date":"2023-02-01T15:19:47","date_gmt":"2023-02-01T14:19:47","guid":{"rendered":"https:\/\/ekkla.ch\/produit\/stehleuchte-java-geflochtener-bambus-naturton-h-128-good-mojo\/"},"modified":"2023-02-10T17:44:59","modified_gmt":"2023-02-10T16:44:59","slug":"stehleuchte-java-geflochtener-bambus-naturton-h-128-good-mojo","status":"publish","type":"product","link":"https:\/\/ekkla.ch\/de\/produit\/stehleuchte-java-geflochtener-bambus-naturton-h-128-good-mojo\/","title":{"rendered":"Stehleuchte Java &#8211; Geflochtener Bambus &#8211; Naturton &#8211; H.128 &#8211; Good &#038; Mojo"},"content":{"rendered":"<p>Die Java-Kollektion ist von der gleichnamigen bekannten Insel in Indonesien inspiriert. Die Stehleuchte Java aus Bambus verleiht Ihrer Einrichtung Eleganz und passt perfekt in ein Wohnzimmer, ein Schlafzimmer oder in den Eingangsbereich. Ihre schlichte und moderne Form verbindet sich harmonisch mit der W\u00e4rme, die der Bambus ausstrahlt. Aufgrund ihrer geflochtenen und durchbrochenen Struktur verf\u00fcgt die Stehlampe Java \u00fcber eine grosse visuelle Leichtigkeit und wirft sch\u00f6ne Schatten in den Raum. Jedes St\u00fcck ist eine technische Herausforderung, deren Herstellung aussergew\u00f6hnliches handwerkliches K\u00f6nnen erfordert. Die Gl\u00fchbirne ist nicht inbegriffen.<\/p>\n<p>Die Marke Good &amp; Mojo umfasst \u00f6kologisch verantwortungsvolle Leuchten, die ausschliesslich aus nachhaltigen und\/oder recycelten Materialien bestehen. Die meisten dieser Leuchten werden von den Handwerkern einer Gemeinschaft in einem kleinen vietnamesischen Dorf handgefertigt.<\/p>\n<p>F\u00fcr jede verkaufte Lampe der Good &amp; Mojo-Kollektion werden 5% an die <a href=\"https:\/\/waka-waka.com\/de\/\">WakaWaka<\/a>-Stiftung gespendet, die Solarbeleuchtungsl\u00f6sungen f\u00fcr bed\u00fcrftige Bev\u00f6lkerungsgruppen bereitstellt. Gl\u00fchbirne nicht inbegriffen.<\/p>\n<h2>\u00a0 \u00a0 \u00a0 Merkmale &amp; Eigenschaften<\/h2>\n<p><strong>\u00a0 \u00a0 \u00a0 \u00a0 \u00a0Marke<\/strong> Good &amp; Mojo<\/p>\n<p><strong>\u00a0 \u00a0 \u00a0 \u00a0 \u00a0Farbe\u00a0<\/strong>Naturholz<\/p>\n<p><strong>\u00a0 \u00a0 \u00a0 \u00a0 \u00a0Material<\/strong>\u00a0Bambus<\/p>\n<p><b>\u00a0 \u00a0 \u00a0 \u00a0 \u00a0Gl\u00fchbirne<\/b>\u00a0E27<\/p>\n<p><strong>\u00a0 \u00a0 \u00a0 \u00a0 \u00a0Max. Leistung (W)\u00a0<\/strong>60<\/p>\n<p><strong>\u00a0 \u00a0 \u00a0 \u00a0 \u00a0H\u00f6he (cm)<\/strong>\u00a0128<\/p>\n<p><strong>\u00a0 \u00a0 \u00a0 \u00a0 \u00a0Breite (cm)<\/strong>\u00a032<\/p>\n","protected":false},"excerpt":{"rendered":"<p>Die Java-Kollektion ist von der gleichnamigen bekannten Insel in Indonesien inspiriert. Die Stehleuchte Java aus Bambus verleiht Ihrer Einrichtung Eleganz und passt perfekt in ein Wohnzimmer, ein Schlafzimmer oder in den Eingangsbereich. Ihre schlichte und moderne Form verbindet sich harmonisch mit der W\u00e4rme, die der Bambus ausstrahlt. Aufgrund ihrer geflochtenen und durchbrochenen Struktur verf\u00fcgt die [&hellip;]<\/p>\n","protected":false},"featured_media":168226,"template":"","meta":{"_acf_changed":false,"om_disable_all_campaigns":false},"product_cat":[289],"product_tag":[1258,900,554,1188,1077,1204,816,872,1109,883,704,603],"bundled_by":[],"bundle_stock_status":"onbackorder","bundle_stock_quantity":1,"bundle_virtual":false,"bundle_layout":"","bundle_add_to_cart_form_location":"","bundle_editable_in_cart":false,"bundle_sold_individually_context":"","bundle_item_grouping":"","bundle_min_size":"","bundle_max_size":"","bundle_price":[],"bundled_items":[],"bundle_sell_ids":[],"acf":[],"yoast_head":"<!-- This site is optimized with the Yoast SEO Premium plugin v22.2 (Yoast SEO v22.8) - https:\/\/yoast.com\/wordpress\/plugins\/seo\/ -->\n<title>Good &amp; Mojo | Stehleuchte Java | Geflochtener Bambus | Ekkla<\/title>\n<meta name=\"description\" content=\"Diese handgeflochtene Stehlampe aus nat\u00fcrlichem Bambus mischt nat\u00fcrliches Material und zeitgen\u00f6ssisches Design in einem sehr aktuellen Ethno-Chic-Look.\" \/>\n<meta name=\"robots\" content=\"index, follow, max-snippet:-1, max-image-preview:large, max-video-preview:-1\" \/>\n<link rel=\"canonical\" href=\"https:\/\/ekkla.ch\/de\/produit\/stehleuchte-java-geflochtener-bambus-naturton-h-128-good-mojo\/\" \/>\n<meta property=\"og:locale\" content=\"de_DE\" \/>\n<meta property=\"og:type\" content=\"article\" \/>\n<meta property=\"og:title\" content=\"Stehleuchte Java - Geflochtener Bambus - Naturton - H.128 - Good &amp; Mojo\" \/>\n<meta property=\"og:description\" content=\"Diese handgeflochtene Stehlampe aus nat\u00fcrlichem Bambus mischt nat\u00fcrliches Material und zeitgen\u00f6ssisches Design in einem sehr aktuellen Ethno-Chic-Look.\" \/>\n<meta property=\"og:url\" content=\"https:\/\/ekkla.ch\/de\/produit\/stehleuchte-java-geflochtener-bambus-naturton-h-128-good-mojo\/\" \/>\n<meta property=\"og:site_name\" content=\"Ekkla\" \/>\n<meta property=\"article:modified_time\" content=\"2023-02-10T16:44:59+00:00\" \/>\n<meta property=\"og:image\" content=\"https:\/\/ekkla.ch\/wp-content\/uploads\/2023\/02\/goodmojo-ekkla-light-ecoresponsable_0000_java-fs-fj-n-3218-n.jpg\" \/>\n\t<meta property=\"og:image:width\" content=\"900\" \/>\n\t<meta property=\"og:image:height\" content=\"900\" \/>\n\t<meta property=\"og:image:type\" content=\"image\/jpeg\" \/>\n<meta name=\"twitter:card\" content=\"summary_large_image\" \/>\n<meta name=\"twitter:label1\" content=\"Gesch\u00e4tzte Lesezeit\" \/>\n\t<meta name=\"twitter:data1\" content=\"1\u00a0Minute\" \/>\n<script type=\"application\/ld+json\" class=\"yoast-schema-graph\">{\"@context\":\"https:\/\/schema.org\",\"@graph\":[{\"@type\":\"WebPage\",\"@id\":\"https:\/\/ekkla.ch\/de\/produit\/stehleuchte-java-geflochtener-bambus-naturton-h-128-good-mojo\/\",\"url\":\"https:\/\/ekkla.ch\/de\/produit\/stehleuchte-java-geflochtener-bambus-naturton-h-128-good-mojo\/\",\"name\":\"Good & Mojo | Stehleuchte Java | Geflochtener Bambus | Ekkla\",\"isPartOf\":{\"@id\":\"https:\/\/ekkla.ch\/#website\"},\"primaryImageOfPage\":{\"@id\":\"https:\/\/ekkla.ch\/de\/produit\/stehleuchte-java-geflochtener-bambus-naturton-h-128-good-mojo\/#primaryimage\"},\"image\":{\"@id\":\"https:\/\/ekkla.ch\/de\/produit\/stehleuchte-java-geflochtener-bambus-naturton-h-128-good-mojo\/#primaryimage\"},\"thumbnailUrl\":\"https:\/\/ekkla.ch\/wp-content\/uploads\/2023\/02\/goodmojo-ekkla-light-ecoresponsable_0000_java-fs-fj-n-3218-n.jpg\",\"datePublished\":\"2023-02-01T14:19:47+00:00\",\"dateModified\":\"2023-02-10T16:44:59+00:00\",\"description\":\"Diese handgeflochtene Stehlampe aus nat\u00fcrlichem Bambus mischt nat\u00fcrliches Material und zeitgen\u00f6ssisches Design in einem sehr aktuellen Ethno-Chic-Look.\",\"breadcrumb\":{\"@id\":\"https:\/\/ekkla.ch\/de\/produit\/stehleuchte-java-geflochtener-bambus-naturton-h-128-good-mojo\/#breadcrumb\"},\"inLanguage\":\"de\",\"potentialAction\":[{\"@type\":\"ReadAction\",\"target\":[\"https:\/\/ekkla.ch\/de\/produit\/stehleuchte-java-geflochtener-bambus-naturton-h-128-good-mojo\/\"]}]},{\"@type\":\"ImageObject\",\"inLanguage\":\"de\",\"@id\":\"https:\/\/ekkla.ch\/de\/produit\/stehleuchte-java-geflochtener-bambus-naturton-h-128-good-mojo\/#primaryimage\",\"url\":\"https:\/\/ekkla.ch\/wp-content\/uploads\/2023\/02\/goodmojo-ekkla-light-ecoresponsable_0000_java-fs-fj-n-3218-n.jpg\",\"contentUrl\":\"https:\/\/ekkla.ch\/wp-content\/uploads\/2023\/02\/goodmojo-ekkla-light-ecoresponsable_0000_java-fs-fj-n-3218-n.jpg\",\"width\":900,\"height\":900},{\"@type\":\"BreadcrumbList\",\"@id\":\"https:\/\/ekkla.ch\/de\/produit\/stehleuchte-java-geflochtener-bambus-naturton-h-128-good-mojo\/#breadcrumb\",\"itemListElement\":[{\"@type\":\"ListItem\",\"position\":1,\"name\":\"Home\",\"item\":\"https:\/\/ekkla.ch\/de\/\"},{\"@type\":\"ListItem\",\"position\":2,\"name\":\"Shop\",\"item\":\"https:\/\/ekkla.ch\/de\/shop\/\"},{\"@type\":\"ListItem\",\"position\":3,\"name\":\"Stehleuchte Java &#8211; Geflochtener Bambus &#8211; Naturton &#8211; H.128 &#8211; Good &#038; Mojo\"}]},{\"@type\":\"WebSite\",\"@id\":\"https:\/\/ekkla.ch\/#website\",\"url\":\"https:\/\/ekkla.ch\/\",\"name\":\"Ekkla\",\"description\":\"Der Onlineshop f\u00fcr Beleuchtung\",\"publisher\":{\"@id\":\"https:\/\/ekkla.ch\/#organization\"},\"potentialAction\":[{\"@type\":\"SearchAction\",\"target\":{\"@type\":\"EntryPoint\",\"urlTemplate\":\"https:\/\/ekkla.ch\/?s={search_term_string}\"},\"query-input\":\"required name=search_term_string\"}],\"inLanguage\":\"de\"},{\"@type\":\"Organization\",\"@id\":\"https:\/\/ekkla.ch\/#organization\",\"name\":\"Ekkla\",\"url\":\"https:\/\/ekkla.ch\/\",\"logo\":{\"@type\":\"ImageObject\",\"inLanguage\":\"de\",\"@id\":\"https:\/\/ekkla.ch\/#\/schema\/logo\/image\/\",\"url\":\"http:\/\/ekkla.ch\/wp-content\/uploads\/2019\/07\/logo-1.svg\",\"contentUrl\":\"http:\/\/ekkla.ch\/wp-content\/uploads\/2019\/07\/logo-1.svg\",\"width\":1,\"height\":1,\"caption\":\"Ekkla\"},\"image\":{\"@id\":\"https:\/\/ekkla.ch\/#\/schema\/logo\/image\/\"},\"sameAs\":[\"https:\/\/www.instagram.com\/ekkla_light\/\"]}]}<\/script>\n<!-- \/ Yoast SEO Premium plugin. -->","yoast_head_json":{"title":"Good & Mojo | Stehleuchte Java | Geflochtener Bambus | Ekkla","description":"Diese handgeflochtene Stehlampe aus nat\u00fcrlichem Bambus mischt nat\u00fcrliches Material und zeitgen\u00f6ssisches Design in einem sehr aktuellen Ethno-Chic-Look.","robots":{"index":"index","follow":"follow","max-snippet":"max-snippet:-1","max-image-preview":"max-image-preview:large","max-video-preview":"max-video-preview:-1"},"canonical":"https:\/\/ekkla.ch\/de\/produit\/stehleuchte-java-geflochtener-bambus-naturton-h-128-good-mojo\/","og_locale":"de_DE","og_type":"article","og_title":"Stehleuchte Java - Geflochtener Bambus - Naturton - H.128 - Good & Mojo","og_description":"Diese handgeflochtene Stehlampe aus nat\u00fcrlichem Bambus mischt nat\u00fcrliches Material und zeitgen\u00f6ssisches Design in einem sehr aktuellen Ethno-Chic-Look.","og_url":"https:\/\/ekkla.ch\/de\/produit\/stehleuchte-java-geflochtener-bambus-naturton-h-128-good-mojo\/","og_site_name":"Ekkla","article_modified_time":"2023-02-10T16:44:59+00:00","og_image":[{"width":900,"height":900,"url":"https:\/\/ekkla.ch\/wp-content\/uploads\/2023\/02\/goodmojo-ekkla-light-ecoresponsable_0000_java-fs-fj-n-3218-n.jpg","type":"image\/jpeg"}],"twitter_card":"summary_large_image","twitter_misc":{"Gesch\u00e4tzte Lesezeit":"1\u00a0Minute"},"schema":{"@context":"https:\/\/schema.org","@graph":[{"@type":"WebPage","@id":"https:\/\/ekkla.ch\/de\/produit\/stehleuchte-java-geflochtener-bambus-naturton-h-128-good-mojo\/","url":"https:\/\/ekkla.ch\/de\/produit\/stehleuchte-java-geflochtener-bambus-naturton-h-128-good-mojo\/","name":"Good & Mojo | Stehleuchte Java | Geflochtener Bambus | Ekkla","isPartOf":{"@id":"https:\/\/ekkla.ch\/#website"},"primaryImageOfPage":{"@id":"https:\/\/ekkla.ch\/de\/produit\/stehleuchte-java-geflochtener-bambus-naturton-h-128-good-mojo\/#primaryimage"},"image":{"@id":"https:\/\/ekkla.ch\/de\/produit\/stehleuchte-java-geflochtener-bambus-naturton-h-128-good-mojo\/#primaryimage"},"thumbnailUrl":"https:\/\/ekkla.ch\/wp-content\/uploads\/2023\/02\/goodmojo-ekkla-light-ecoresponsable_0000_java-fs-fj-n-3218-n.jpg","datePublished":"2023-02-01T14:19:47+00:00","dateModified":"2023-02-10T16:44:59+00:00","description":"Diese handgeflochtene Stehlampe aus nat\u00fcrlichem Bambus mischt nat\u00fcrliches Material und zeitgen\u00f6ssisches Design in einem sehr aktuellen Ethno-Chic-Look.","breadcrumb":{"@id":"https:\/\/ekkla.ch\/de\/produit\/stehleuchte-java-geflochtener-bambus-naturton-h-128-good-mojo\/#breadcrumb"},"inLanguage":"de","potentialAction":[{"@type":"ReadAction","target":["https:\/\/ekkla.ch\/de\/produit\/stehleuchte-java-geflochtener-bambus-naturton-h-128-good-mojo\/"]}]},{"@type":"ImageObject","inLanguage":"de","@id":"https:\/\/ekkla.ch\/de\/produit\/stehleuchte-java-geflochtener-bambus-naturton-h-128-good-mojo\/#primaryimage","url":"https:\/\/ekkla.ch\/wp-content\/uploads\/2023\/02\/goodmojo-ekkla-light-ecoresponsable_0000_java-fs-fj-n-3218-n.jpg","contentUrl":"https:\/\/ekkla.ch\/wp-content\/uploads\/2023\/02\/goodmojo-ekkla-light-ecoresponsable_0000_java-fs-fj-n-3218-n.jpg","width":900,"height":900},{"@type":"BreadcrumbList","@id":"https:\/\/ekkla.ch\/de\/produit\/stehleuchte-java-geflochtener-bambus-naturton-h-128-good-mojo\/#breadcrumb","itemListElement":[{"@type":"ListItem","position":1,"name":"Home","item":"https:\/\/ekkla.ch\/de\/"},{"@type":"ListItem","position":2,"name":"Shop","item":"https:\/\/ekkla.ch\/de\/shop\/"},{"@type":"ListItem","position":3,"name":"Stehleuchte Java &#8211; Geflochtener Bambus &#8211; Naturton &#8211; H.128 &#8211; Good &#038; Mojo"}]},{"@type":"WebSite","@id":"https:\/\/ekkla.ch\/#website","url":"https:\/\/ekkla.ch\/","name":"Ekkla","description":"Der Onlineshop f\u00fcr Beleuchtung","publisher":{"@id":"https:\/\/ekkla.ch\/#organization"},"potentialAction":[{"@type":"SearchAction","target":{"@type":"EntryPoint","urlTemplate":"https:\/\/ekkla.ch\/?s={search_term_string}"},"query-input":"required name=search_term_string"}],"inLanguage":"de"},{"@type":"Organization","@id":"https:\/\/ekkla.ch\/#organization","name":"Ekkla","url":"https:\/\/ekkla.ch\/","logo":{"@type":"ImageObject","inLanguage":"de","@id":"https:\/\/ekkla.ch\/#\/schema\/logo\/image\/","url":"http:\/\/ekkla.ch\/wp-content\/uploads\/2019\/07\/logo-1.svg","contentUrl":"http:\/\/ekkla.ch\/wp-content\/uploads\/2019\/07\/logo-1.svg","width":1,"height":1,"caption":"Ekkla"},"image":{"@id":"https:\/\/ekkla.ch\/#\/schema\/logo\/image\/"},"sameAs":["https:\/\/www.instagram.com\/ekkla_light\/"]}]}},"_links":{"self":[{"href":"https:\/\/ekkla.ch\/de\/wp-json\/wp\/v2\/product\/167584"}],"collection":[{"href":"https:\/\/ekkla.ch\/de\/wp-json\/wp\/v2\/product"}],"about":[{"href":"https:\/\/ekkla.ch\/de\/wp-json\/wp\/v2\/types\/product"}],"wp:featuredmedia":[{"embeddable":true,"href":"https:\/\/ekkla.ch\/de\/wp-json\/wp\/v2\/media\/168226"}],"wp:attachment":[{"href":"https:\/\/ekkla.ch\/de\/wp-json\/wp\/v2\/media?parent=167584"}],"wp:term":[{"taxonomy":"product_cat","embeddable":true,"href":"https:\/\/ekkla.ch\/de\/wp-json\/wp\/v2\/product_cat?post=167584"},{"taxonomy":"product_tag","embeddable":true,"href":"https:\/\/ekkla.ch\/de\/wp-json\/wp\/v2\/product_tag?post=167584"}],"curies":[{"name":"wp","href":"https:\/\/api.w.org\/{rel}","templated":true}]}}