{"id":167590,"date":"2023-02-01T18:08:30","date_gmt":"2023-02-01T17:08:30","guid":{"rendered":"https:\/\/ekkla.ch\/produit\/wandleuchte-iguazu-m-jute-o55-good-mojo\/"},"modified":"2023-02-10T17:59:13","modified_gmt":"2023-02-10T16:59:13","slug":"wandleuchte-iguazu-m-jute-o55-good-mojo","status":"publish","type":"product","link":"https:\/\/ekkla.ch\/de\/produit\/wandleuchte-iguazu-m-jute-o55-good-mojo\/","title":{"rendered":"Wandleuchte Iguazu M &#8211; Jute &#8211; \u00d855 &#8211; Good &#038; Mojo"},"content":{"rendered":"<p>Ein zeitloser und stylischer Look f\u00fcr diese Good &amp; Mojo-Wandleuchte, die vollst\u00e4ndig von Hand aus Jutefasern hergestellt wird. In einem bohemischen und ethnischen Geist schafft diese Leuchte eine gem\u00fctliche Atmosph\u00e4re dank des Schatten-Licht-Spiels, das sie abwirft. Ihre minimalistischen und zeitgen\u00f6ssischen Formen stehen im Kontrast zu den traditionellen Materialien und Techniken. Das durchbrochene Material bildet ein leichtes und luftiges Volumen rund um die Lichtquelle.<\/p>\n<p>Die Marke Good &amp; Mojo umfasst \u00f6kologisch verantwortungsvolle Leuchten, die ausschliesslich aus nachhaltigen und\/oder recycelten Materialien bestehen. Die meisten dieser Leuchten werden von den Handwerkern einer Gemeinschaft in einem kleinen vietnamesischen Dorf handgefertigt.\u00a0F\u00fcr jede verkaufte Lampe der Good &amp; Mojo-Kollektion werden 5% an die <a href=\"https:\/\/waka-waka.com\/de\/\">WakaWaka<\/a>-Stiftung gespendet, die Solarbeleuchtungsl\u00f6sungen f\u00fcr bed\u00fcrftige Bev\u00f6lkerungsgruppen bereitstellt. Gl\u00fchbirne nicht inbegriffen.<\/p>\n<h2 style=\"text-align: left;\">\u00a0 \u00a0 \u00a0 Merkmale &amp; Eigenschaften<\/h2>\n<p style=\"text-align: left;\"><strong>\u00a0 \u00a0 \u00a0 \u00a0 \u00a0 Marke<\/strong> Good &amp; Mojo<\/p>\n<p style=\"text-align: left;\"><strong>\u00a0 \u00a0 \u00a0 \u00a0 \u00a0 Farbe<\/strong> Naturholz<\/p>\n<p style=\"text-align: left;\"><strong>\u00a0 \u00a0 \u00a0 \u00a0 \u00a0 Materialien <\/strong>Jute und Metall<\/p>\n<p style=\"text-align: left;\"><strong>\u00a0 \u00a0 \u00a0 \u00a0 \u00a0 Gl\u00fchbirne<\/strong>\u00a0E27<\/p>\n<p style=\"text-align: left;\"><strong>\u00a0 \u00a0 \u00a0 \u00a0 \u00a0 Max. Leistung (W) <\/strong>60<\/p>\n<p style=\"text-align: left;\"><strong>\u00a0 \u00a0 \u00a0 \u00a0 \u00a0 Durchmesser (cm) <\/strong>55<\/p>\n","protected":false},"excerpt":{"rendered":"<p>Ein zeitloser und stylischer Look f\u00fcr diese Good &amp; Mojo-Wandleuchte, die vollst\u00e4ndig von Hand aus Jutefasern hergestellt wird. In einem bohemischen und ethnischen Geist schafft diese Leuchte eine gem\u00fctliche Atmosph\u00e4re dank des Schatten-Licht-Spiels, das sie abwirft. Ihre minimalistischen und zeitgen\u00f6ssischen Formen stehen im Kontrast zu den traditionellen Materialien und Techniken. Das durchbrochene Material bildet ein [&hellip;]<\/p>\n","protected":false},"featured_media":168203,"template":"","meta":{"_acf_changed":false,"om_disable_all_campaigns":false},"product_cat":[286],"product_tag":[1258,898,554,1188,816,704,603],"bundled_by":[],"bundle_stock_status":"onbackorder","bundle_stock_quantity":1,"bundle_virtual":false,"bundle_layout":"","bundle_add_to_cart_form_location":"","bundle_editable_in_cart":false,"bundle_sold_individually_context":"","bundle_item_grouping":"","bundle_min_size":"","bundle_max_size":"","bundle_price":[],"bundled_items":[],"bundle_sell_ids":[],"acf":[],"yoast_head":"<!-- This site is optimized with the Yoast SEO Premium plugin v22.2 (Yoast SEO v22.8) - https:\/\/yoast.com\/wordpress\/plugins\/seo\/ -->\n<title>Good &amp; Mojo | Wandleuchte Iguazu medium| Eco-friendly | Ekkla<\/title>\n<meta name=\"description\" content=\"Eine handgefertigte Wandleuchte aus Jutefaser, die Ihrer Inneneinrichtung einen nat\u00fcrlichen und raffinierten Touch im Boh\u00e8me-Stil verleiht.\" \/>\n<meta name=\"robots\" content=\"index, follow, max-snippet:-1, max-image-preview:large, max-video-preview:-1\" \/>\n<link rel=\"canonical\" href=\"https:\/\/ekkla.ch\/de\/produit\/wandleuchte-iguazu-m-jute-o55-good-mojo\/\" \/>\n<meta property=\"og:locale\" content=\"de_DE\" \/>\n<meta property=\"og:type\" content=\"article\" \/>\n<meta property=\"og:title\" content=\"Wandleuchte Iguazu M - Jute - \u00d855 - Good &amp; Mojo\" \/>\n<meta property=\"og:description\" content=\"Eine handgefertigte Wandleuchte aus Jutefaser, die Ihrer Inneneinrichtung einen nat\u00fcrlichen und raffinierten Touch im Boh\u00e8me-Stil verleiht.\" \/>\n<meta property=\"og:url\" content=\"https:\/\/ekkla.ch\/de\/produit\/wandleuchte-iguazu-m-jute-o55-good-mojo\/\" \/>\n<meta property=\"og:site_name\" content=\"Ekkla\" \/>\n<meta property=\"article:modified_time\" content=\"2023-02-10T16:59:13+00:00\" \/>\n<meta property=\"og:image\" content=\"https:\/\/ekkla.ch\/wp-content\/uploads\/2023\/02\/goodmojo-ekkla-light-ecoresponsable_0010_iguazu-w-5514-b.jpg\" \/>\n\t<meta property=\"og:image:width\" content=\"900\" \/>\n\t<meta property=\"og:image:height\" content=\"900\" \/>\n\t<meta property=\"og:image:type\" content=\"image\/jpeg\" \/>\n<meta name=\"twitter:card\" content=\"summary_large_image\" \/>\n<meta name=\"twitter:label1\" content=\"Gesch\u00e4tzte Lesezeit\" \/>\n\t<meta name=\"twitter:data1\" content=\"1\u00a0Minute\" \/>\n<script type=\"application\/ld+json\" class=\"yoast-schema-graph\">{\"@context\":\"https:\/\/schema.org\",\"@graph\":[{\"@type\":\"WebPage\",\"@id\":\"https:\/\/ekkla.ch\/de\/produit\/wandleuchte-iguazu-m-jute-o55-good-mojo\/\",\"url\":\"https:\/\/ekkla.ch\/de\/produit\/wandleuchte-iguazu-m-jute-o55-good-mojo\/\",\"name\":\"Good & Mojo | Wandleuchte Iguazu medium| Eco-friendly | Ekkla\",\"isPartOf\":{\"@id\":\"https:\/\/ekkla.ch\/#website\"},\"primaryImageOfPage\":{\"@id\":\"https:\/\/ekkla.ch\/de\/produit\/wandleuchte-iguazu-m-jute-o55-good-mojo\/#primaryimage\"},\"image\":{\"@id\":\"https:\/\/ekkla.ch\/de\/produit\/wandleuchte-iguazu-m-jute-o55-good-mojo\/#primaryimage\"},\"thumbnailUrl\":\"https:\/\/ekkla.ch\/wp-content\/uploads\/2023\/02\/goodmojo-ekkla-light-ecoresponsable_0010_iguazu-w-5514-b.jpg\",\"datePublished\":\"2023-02-01T17:08:30+00:00\",\"dateModified\":\"2023-02-10T16:59:13+00:00\",\"description\":\"Eine handgefertigte Wandleuchte aus Jutefaser, die Ihrer Inneneinrichtung einen nat\u00fcrlichen und raffinierten Touch im Boh\u00e8me-Stil verleiht.\",\"breadcrumb\":{\"@id\":\"https:\/\/ekkla.ch\/de\/produit\/wandleuchte-iguazu-m-jute-o55-good-mojo\/#breadcrumb\"},\"inLanguage\":\"de\",\"potentialAction\":[{\"@type\":\"ReadAction\",\"target\":[\"https:\/\/ekkla.ch\/de\/produit\/wandleuchte-iguazu-m-jute-o55-good-mojo\/\"]}]},{\"@type\":\"ImageObject\",\"inLanguage\":\"de\",\"@id\":\"https:\/\/ekkla.ch\/de\/produit\/wandleuchte-iguazu-m-jute-o55-good-mojo\/#primaryimage\",\"url\":\"https:\/\/ekkla.ch\/wp-content\/uploads\/2023\/02\/goodmojo-ekkla-light-ecoresponsable_0010_iguazu-w-5514-b.jpg\",\"contentUrl\":\"https:\/\/ekkla.ch\/wp-content\/uploads\/2023\/02\/goodmojo-ekkla-light-ecoresponsable_0010_iguazu-w-5514-b.jpg\",\"width\":900,\"height\":900},{\"@type\":\"BreadcrumbList\",\"@id\":\"https:\/\/ekkla.ch\/de\/produit\/wandleuchte-iguazu-m-jute-o55-good-mojo\/#breadcrumb\",\"itemListElement\":[{\"@type\":\"ListItem\",\"position\":1,\"name\":\"Home\",\"item\":\"https:\/\/ekkla.ch\/de\/\"},{\"@type\":\"ListItem\",\"position\":2,\"name\":\"Shop\",\"item\":\"https:\/\/ekkla.ch\/de\/shop\/\"},{\"@type\":\"ListItem\",\"position\":3,\"name\":\"Wandleuchte Iguazu M &#8211; Jute &#8211; \u00d855 &#8211; Good &#038; Mojo\"}]},{\"@type\":\"WebSite\",\"@id\":\"https:\/\/ekkla.ch\/#website\",\"url\":\"https:\/\/ekkla.ch\/\",\"name\":\"Ekkla\",\"description\":\"Der Onlineshop f\u00fcr Beleuchtung\",\"publisher\":{\"@id\":\"https:\/\/ekkla.ch\/#organization\"},\"potentialAction\":[{\"@type\":\"SearchAction\",\"target\":{\"@type\":\"EntryPoint\",\"urlTemplate\":\"https:\/\/ekkla.ch\/?s={search_term_string}\"},\"query-input\":\"required name=search_term_string\"}],\"inLanguage\":\"de\"},{\"@type\":\"Organization\",\"@id\":\"https:\/\/ekkla.ch\/#organization\",\"name\":\"Ekkla\",\"url\":\"https:\/\/ekkla.ch\/\",\"logo\":{\"@type\":\"ImageObject\",\"inLanguage\":\"de\",\"@id\":\"https:\/\/ekkla.ch\/#\/schema\/logo\/image\/\",\"url\":\"http:\/\/ekkla.ch\/wp-content\/uploads\/2019\/07\/logo-1.svg\",\"contentUrl\":\"http:\/\/ekkla.ch\/wp-content\/uploads\/2019\/07\/logo-1.svg\",\"width\":1,\"height\":1,\"caption\":\"Ekkla\"},\"image\":{\"@id\":\"https:\/\/ekkla.ch\/#\/schema\/logo\/image\/\"},\"sameAs\":[\"https:\/\/www.instagram.com\/ekkla_light\/\"]}]}<\/script>\n<!-- \/ Yoast SEO Premium plugin. -->","yoast_head_json":{"title":"Good & Mojo | Wandleuchte Iguazu medium| Eco-friendly | Ekkla","description":"Eine handgefertigte Wandleuchte aus Jutefaser, die Ihrer Inneneinrichtung einen nat\u00fcrlichen und raffinierten Touch im Boh\u00e8me-Stil verleiht.","robots":{"index":"index","follow":"follow","max-snippet":"max-snippet:-1","max-image-preview":"max-image-preview:large","max-video-preview":"max-video-preview:-1"},"canonical":"https:\/\/ekkla.ch\/de\/produit\/wandleuchte-iguazu-m-jute-o55-good-mojo\/","og_locale":"de_DE","og_type":"article","og_title":"Wandleuchte Iguazu M - Jute - \u00d855 - Good & Mojo","og_description":"Eine handgefertigte Wandleuchte aus Jutefaser, die Ihrer Inneneinrichtung einen nat\u00fcrlichen und raffinierten Touch im Boh\u00e8me-Stil verleiht.","og_url":"https:\/\/ekkla.ch\/de\/produit\/wandleuchte-iguazu-m-jute-o55-good-mojo\/","og_site_name":"Ekkla","article_modified_time":"2023-02-10T16:59:13+00:00","og_image":[{"width":900,"height":900,"url":"https:\/\/ekkla.ch\/wp-content\/uploads\/2023\/02\/goodmojo-ekkla-light-ecoresponsable_0010_iguazu-w-5514-b.jpg","type":"image\/jpeg"}],"twitter_card":"summary_large_image","twitter_misc":{"Gesch\u00e4tzte Lesezeit":"1\u00a0Minute"},"schema":{"@context":"https:\/\/schema.org","@graph":[{"@type":"WebPage","@id":"https:\/\/ekkla.ch\/de\/produit\/wandleuchte-iguazu-m-jute-o55-good-mojo\/","url":"https:\/\/ekkla.ch\/de\/produit\/wandleuchte-iguazu-m-jute-o55-good-mojo\/","name":"Good & Mojo | Wandleuchte Iguazu medium| Eco-friendly | Ekkla","isPartOf":{"@id":"https:\/\/ekkla.ch\/#website"},"primaryImageOfPage":{"@id":"https:\/\/ekkla.ch\/de\/produit\/wandleuchte-iguazu-m-jute-o55-good-mojo\/#primaryimage"},"image":{"@id":"https:\/\/ekkla.ch\/de\/produit\/wandleuchte-iguazu-m-jute-o55-good-mojo\/#primaryimage"},"thumbnailUrl":"https:\/\/ekkla.ch\/wp-content\/uploads\/2023\/02\/goodmojo-ekkla-light-ecoresponsable_0010_iguazu-w-5514-b.jpg","datePublished":"2023-02-01T17:08:30+00:00","dateModified":"2023-02-10T16:59:13+00:00","description":"Eine handgefertigte Wandleuchte aus Jutefaser, die Ihrer Inneneinrichtung einen nat\u00fcrlichen und raffinierten Touch im Boh\u00e8me-Stil verleiht.","breadcrumb":{"@id":"https:\/\/ekkla.ch\/de\/produit\/wandleuchte-iguazu-m-jute-o55-good-mojo\/#breadcrumb"},"inLanguage":"de","potentialAction":[{"@type":"ReadAction","target":["https:\/\/ekkla.ch\/de\/produit\/wandleuchte-iguazu-m-jute-o55-good-mojo\/"]}]},{"@type":"ImageObject","inLanguage":"de","@id":"https:\/\/ekkla.ch\/de\/produit\/wandleuchte-iguazu-m-jute-o55-good-mojo\/#primaryimage","url":"https:\/\/ekkla.ch\/wp-content\/uploads\/2023\/02\/goodmojo-ekkla-light-ecoresponsable_0010_iguazu-w-5514-b.jpg","contentUrl":"https:\/\/ekkla.ch\/wp-content\/uploads\/2023\/02\/goodmojo-ekkla-light-ecoresponsable_0010_iguazu-w-5514-b.jpg","width":900,"height":900},{"@type":"BreadcrumbList","@id":"https:\/\/ekkla.ch\/de\/produit\/wandleuchte-iguazu-m-jute-o55-good-mojo\/#breadcrumb","itemListElement":[{"@type":"ListItem","position":1,"name":"Home","item":"https:\/\/ekkla.ch\/de\/"},{"@type":"ListItem","position":2,"name":"Shop","item":"https:\/\/ekkla.ch\/de\/shop\/"},{"@type":"ListItem","position":3,"name":"Wandleuchte Iguazu M &#8211; Jute &#8211; \u00d855 &#8211; Good &#038; Mojo"}]},{"@type":"WebSite","@id":"https:\/\/ekkla.ch\/#website","url":"https:\/\/ekkla.ch\/","name":"Ekkla","description":"Der Onlineshop f\u00fcr Beleuchtung","publisher":{"@id":"https:\/\/ekkla.ch\/#organization"},"potentialAction":[{"@type":"SearchAction","target":{"@type":"EntryPoint","urlTemplate":"https:\/\/ekkla.ch\/?s={search_term_string}"},"query-input":"required name=search_term_string"}],"inLanguage":"de"},{"@type":"Organization","@id":"https:\/\/ekkla.ch\/#organization","name":"Ekkla","url":"https:\/\/ekkla.ch\/","logo":{"@type":"ImageObject","inLanguage":"de","@id":"https:\/\/ekkla.ch\/#\/schema\/logo\/image\/","url":"http:\/\/ekkla.ch\/wp-content\/uploads\/2019\/07\/logo-1.svg","contentUrl":"http:\/\/ekkla.ch\/wp-content\/uploads\/2019\/07\/logo-1.svg","width":1,"height":1,"caption":"Ekkla"},"image":{"@id":"https:\/\/ekkla.ch\/#\/schema\/logo\/image\/"},"sameAs":["https:\/\/www.instagram.com\/ekkla_light\/"]}]}},"_links":{"self":[{"href":"https:\/\/ekkla.ch\/de\/wp-json\/wp\/v2\/product\/167590"}],"collection":[{"href":"https:\/\/ekkla.ch\/de\/wp-json\/wp\/v2\/product"}],"about":[{"href":"https:\/\/ekkla.ch\/de\/wp-json\/wp\/v2\/types\/product"}],"wp:featuredmedia":[{"embeddable":true,"href":"https:\/\/ekkla.ch\/de\/wp-json\/wp\/v2\/media\/168203"}],"wp:attachment":[{"href":"https:\/\/ekkla.ch\/de\/wp-json\/wp\/v2\/media?parent=167590"}],"wp:term":[{"taxonomy":"product_cat","embeddable":true,"href":"https:\/\/ekkla.ch\/de\/wp-json\/wp\/v2\/product_cat?post=167590"},{"taxonomy":"product_tag","embeddable":true,"href":"https:\/\/ekkla.ch\/de\/wp-json\/wp\/v2\/product_tag?post=167590"}],"curies":[{"name":"wp","href":"https:\/\/api.w.org\/{rel}","templated":true}]}}