{"id":167591,"date":"2023-02-07T11:13:01","date_gmt":"2023-02-07T10:13:01","guid":{"rendered":"https:\/\/ekkla.ch\/produit\/wandleuchte-zanzibar-rattan-naturton-o40-good-mojo\/"},"modified":"2023-02-10T18:12:27","modified_gmt":"2023-02-10T17:12:27","slug":"wandleuchte-zanzibar-rattan-naturton-o40-good-mojo","status":"publish","type":"product","link":"https:\/\/ekkla.ch\/de\/produit\/wandleuchte-zanzibar-rattan-naturton-o40-good-mojo\/","title":{"rendered":"Wandleuchte Sansibar &#8211; Rattan &#8211; Naturton &#8211; \u00d840 &#8211; Good &#038; Mojo"},"content":{"rendered":"<p>Die neue Sansibar-Kollektion ist nach dem gleichnamigen Archipel im Indischen Ozean benannt. Die Wandleuchte Sansibar aus Rattan mit den Metallbeschl\u00e4gen verleiht Ihrer Einrichtung Eleganz und passt perfekt in ein Wohnzimmer, ein Schlafzimmer oder in den Eingangsbereich. Ihre schlichte und moderne Form passt hervorragend zur W\u00e4rme, die das Rattan ausstrahlt. Die durchbrochene Struktur des Leuchte sorgt f\u00fcr ein angenehmes Lichtspiel.<\/p>\n<p>Die Marke Good &amp; Mojo umfasst \u00f6kologisch verantwortungsvolle Leuchten, die ausschliesslich aus nachhaltigen und\/oder recycelten Materialien bestehen. Die meisten dieser Leuchten werden von den Handwerkern einer Gemeinschaft in einem kleinen vietnamesischen Dorf handgefertigt.<\/p>\n<p>F\u00fcr jede verkaufte Lampe der Good &amp; Mojo-Kollektion werden 5% an die <a href=\"https:\/\/waka-waka.com\/de\/\">WakaWaka<\/a>-Stiftung gespendet, die Solarbeleuchtungsl\u00f6sungen f\u00fcr bed\u00fcrftige Bev\u00f6lkerungsgruppen bereitstellt. Gl\u00fchbirne nicht inbegriffen.<\/p>\n<h2>\u00a0 \u00a0 \u00a0 Merkmale &amp; Eigenschaften<\/h2>\n<p><strong>\u00a0 \u00a0 \u00a0 \u00a0 \u00a0Marke<\/strong> Good &amp; Mojo<\/p>\n<p><strong>\u00a0 \u00a0 \u00a0 \u00a0 \u00a0Farbe\u00a0<\/strong>Naturholz<\/p>\n<p><strong>\u00a0 \u00a0 \u00a0 \u00a0 \u00a0Materialien<\/strong>\u00a0Rattan und Metall<\/p>\n<p><b>\u00a0 \u00a0 \u00a0 \u00a0 \u00a0Gl\u00fchbirne<\/b>\u00a0E27<\/p>\n<p><strong>\u00a0 \u00a0 \u00a0 \u00a0 \u00a0Max. Leistung (W)<\/strong>\u00a060<\/p>\n<p><strong>\u00a0 \u00a0 \u00a0 \u00a0 \u00a0Durchmesser (cm)<\/strong>\u00a040<\/p>\n","protected":false},"excerpt":{"rendered":"<p>Die neue Sansibar-Kollektion ist nach dem gleichnamigen Archipel im Indischen Ozean benannt. Die Wandleuchte Sansibar aus Rattan mit den Metallbeschl\u00e4gen verleiht Ihrer Einrichtung Eleganz und passt perfekt in ein Wohnzimmer, ein Schlafzimmer oder in den Eingangsbereich. Ihre schlichte und moderne Form passt hervorragend zur W\u00e4rme, die das Rattan ausstrahlt. Die durchbrochene Struktur des Leuchte sorgt [&hellip;]<\/p>\n","protected":false},"featured_media":167779,"template":"","meta":{"_acf_changed":false,"om_disable_all_campaigns":false},"product_cat":[286],"product_tag":[1258,898,554,1188,1265,816,704,603],"bundled_by":[],"bundle_stock_status":"onbackorder","bundle_stock_quantity":null,"bundle_virtual":false,"bundle_layout":"","bundle_add_to_cart_form_location":"","bundle_editable_in_cart":false,"bundle_sold_individually_context":"","bundle_item_grouping":"","bundle_min_size":"","bundle_max_size":"","bundle_price":[],"bundled_items":[],"bundle_sell_ids":[],"acf":[],"yoast_head":"<!-- This site is optimized with the Yoast SEO Premium plugin v22.2 (Yoast SEO v22.8) - https:\/\/yoast.com\/wordpress\/plugins\/seo\/ -->\n<title>Good &amp; Mojo | Wandleuchte Sansibar | Rattan | Ekkla | Ecofriendly<\/title>\n<meta name=\"description\" content=\"Diese Wandleuchte aus nat\u00fcrlichem Rattan ist eine Mischung aus nat\u00fcrlichen Materialien und zeitgen\u00f6ssischem Design in einem aktuellen Ethno-Chic-Look.\" \/>\n<meta name=\"robots\" content=\"index, follow, max-snippet:-1, max-image-preview:large, max-video-preview:-1\" \/>\n<link rel=\"canonical\" href=\"https:\/\/ekkla.ch\/de\/produit\/wandleuchte-zanzibar-rattan-naturton-o40-good-mojo\/\" \/>\n<meta property=\"og:locale\" content=\"de_DE\" \/>\n<meta property=\"og:type\" content=\"article\" \/>\n<meta property=\"og:title\" content=\"Wandleuchte Sansibar - Rattan - Naturton - \u00d840 - Good &amp; Mojo\" \/>\n<meta property=\"og:description\" content=\"Diese Wandleuchte aus nat\u00fcrlichem Rattan ist eine Mischung aus nat\u00fcrlichen Materialien und zeitgen\u00f6ssischem Design in einem aktuellen Ethno-Chic-Look.\" \/>\n<meta property=\"og:url\" content=\"https:\/\/ekkla.ch\/de\/produit\/wandleuchte-zanzibar-rattan-naturton-o40-good-mojo\/\" \/>\n<meta property=\"og:site_name\" content=\"Ekkla\" \/>\n<meta property=\"article:modified_time\" content=\"2023-02-10T17:12:27+00:00\" \/>\n<meta property=\"og:image\" content=\"https:\/\/ekkla.ch\/wp-content\/uploads\/2023\/02\/Goodmojo-ekkla_0008_zanzibar-w-4012-n.jpg\" \/>\n\t<meta property=\"og:image:width\" content=\"900\" \/>\n\t<meta property=\"og:image:height\" content=\"900\" \/>\n\t<meta property=\"og:image:type\" content=\"image\/jpeg\" \/>\n<meta name=\"twitter:card\" content=\"summary_large_image\" \/>\n<meta name=\"twitter:label1\" content=\"Gesch\u00e4tzte Lesezeit\" \/>\n\t<meta name=\"twitter:data1\" content=\"1\u00a0Minute\" \/>\n<script type=\"application\/ld+json\" class=\"yoast-schema-graph\">{\"@context\":\"https:\/\/schema.org\",\"@graph\":[{\"@type\":\"WebPage\",\"@id\":\"https:\/\/ekkla.ch\/de\/produit\/wandleuchte-zanzibar-rattan-naturton-o40-good-mojo\/\",\"url\":\"https:\/\/ekkla.ch\/de\/produit\/wandleuchte-zanzibar-rattan-naturton-o40-good-mojo\/\",\"name\":\"Good & Mojo | Wandleuchte Sansibar | Rattan | Ekkla | Ecofriendly\",\"isPartOf\":{\"@id\":\"https:\/\/ekkla.ch\/#website\"},\"primaryImageOfPage\":{\"@id\":\"https:\/\/ekkla.ch\/de\/produit\/wandleuchte-zanzibar-rattan-naturton-o40-good-mojo\/#primaryimage\"},\"image\":{\"@id\":\"https:\/\/ekkla.ch\/de\/produit\/wandleuchte-zanzibar-rattan-naturton-o40-good-mojo\/#primaryimage\"},\"thumbnailUrl\":\"https:\/\/ekkla.ch\/wp-content\/uploads\/2023\/02\/Goodmojo-ekkla_0008_zanzibar-w-4012-n.jpg\",\"datePublished\":\"2023-02-07T10:13:01+00:00\",\"dateModified\":\"2023-02-10T17:12:27+00:00\",\"description\":\"Diese Wandleuchte aus nat\u00fcrlichem Rattan ist eine Mischung aus nat\u00fcrlichen Materialien und zeitgen\u00f6ssischem Design in einem aktuellen Ethno-Chic-Look.\",\"breadcrumb\":{\"@id\":\"https:\/\/ekkla.ch\/de\/produit\/wandleuchte-zanzibar-rattan-naturton-o40-good-mojo\/#breadcrumb\"},\"inLanguage\":\"de\",\"potentialAction\":[{\"@type\":\"ReadAction\",\"target\":[\"https:\/\/ekkla.ch\/de\/produit\/wandleuchte-zanzibar-rattan-naturton-o40-good-mojo\/\"]}]},{\"@type\":\"ImageObject\",\"inLanguage\":\"de\",\"@id\":\"https:\/\/ekkla.ch\/de\/produit\/wandleuchte-zanzibar-rattan-naturton-o40-good-mojo\/#primaryimage\",\"url\":\"https:\/\/ekkla.ch\/wp-content\/uploads\/2023\/02\/Goodmojo-ekkla_0008_zanzibar-w-4012-n.jpg\",\"contentUrl\":\"https:\/\/ekkla.ch\/wp-content\/uploads\/2023\/02\/Goodmojo-ekkla_0008_zanzibar-w-4012-n.jpg\",\"width\":900,\"height\":900},{\"@type\":\"BreadcrumbList\",\"@id\":\"https:\/\/ekkla.ch\/de\/produit\/wandleuchte-zanzibar-rattan-naturton-o40-good-mojo\/#breadcrumb\",\"itemListElement\":[{\"@type\":\"ListItem\",\"position\":1,\"name\":\"Home\",\"item\":\"https:\/\/ekkla.ch\/de\/\"},{\"@type\":\"ListItem\",\"position\":2,\"name\":\"Shop\",\"item\":\"https:\/\/ekkla.ch\/de\/shop\/\"},{\"@type\":\"ListItem\",\"position\":3,\"name\":\"Wandleuchte Sansibar &#8211; Rattan &#8211; Naturton &#8211; \u00d840 &#8211; Good &#038; Mojo\"}]},{\"@type\":\"WebSite\",\"@id\":\"https:\/\/ekkla.ch\/#website\",\"url\":\"https:\/\/ekkla.ch\/\",\"name\":\"Ekkla\",\"description\":\"Der Onlineshop f\u00fcr Beleuchtung\",\"publisher\":{\"@id\":\"https:\/\/ekkla.ch\/#organization\"},\"potentialAction\":[{\"@type\":\"SearchAction\",\"target\":{\"@type\":\"EntryPoint\",\"urlTemplate\":\"https:\/\/ekkla.ch\/?s={search_term_string}\"},\"query-input\":\"required name=search_term_string\"}],\"inLanguage\":\"de\"},{\"@type\":\"Organization\",\"@id\":\"https:\/\/ekkla.ch\/#organization\",\"name\":\"Ekkla\",\"url\":\"https:\/\/ekkla.ch\/\",\"logo\":{\"@type\":\"ImageObject\",\"inLanguage\":\"de\",\"@id\":\"https:\/\/ekkla.ch\/#\/schema\/logo\/image\/\",\"url\":\"http:\/\/ekkla.ch\/wp-content\/uploads\/2019\/07\/logo-1.svg\",\"contentUrl\":\"http:\/\/ekkla.ch\/wp-content\/uploads\/2019\/07\/logo-1.svg\",\"width\":1,\"height\":1,\"caption\":\"Ekkla\"},\"image\":{\"@id\":\"https:\/\/ekkla.ch\/#\/schema\/logo\/image\/\"},\"sameAs\":[\"https:\/\/www.instagram.com\/ekkla_light\/\"]}]}<\/script>\n<!-- \/ Yoast SEO Premium plugin. -->","yoast_head_json":{"title":"Good & Mojo | Wandleuchte Sansibar | Rattan | Ekkla | Ecofriendly","description":"Diese Wandleuchte aus nat\u00fcrlichem Rattan ist eine Mischung aus nat\u00fcrlichen Materialien und zeitgen\u00f6ssischem Design in einem aktuellen Ethno-Chic-Look.","robots":{"index":"index","follow":"follow","max-snippet":"max-snippet:-1","max-image-preview":"max-image-preview:large","max-video-preview":"max-video-preview:-1"},"canonical":"https:\/\/ekkla.ch\/de\/produit\/wandleuchte-zanzibar-rattan-naturton-o40-good-mojo\/","og_locale":"de_DE","og_type":"article","og_title":"Wandleuchte Sansibar - Rattan - Naturton - \u00d840 - Good & Mojo","og_description":"Diese Wandleuchte aus nat\u00fcrlichem Rattan ist eine Mischung aus nat\u00fcrlichen Materialien und zeitgen\u00f6ssischem Design in einem aktuellen Ethno-Chic-Look.","og_url":"https:\/\/ekkla.ch\/de\/produit\/wandleuchte-zanzibar-rattan-naturton-o40-good-mojo\/","og_site_name":"Ekkla","article_modified_time":"2023-02-10T17:12:27+00:00","og_image":[{"width":900,"height":900,"url":"https:\/\/ekkla.ch\/wp-content\/uploads\/2023\/02\/Goodmojo-ekkla_0008_zanzibar-w-4012-n.jpg","type":"image\/jpeg"}],"twitter_card":"summary_large_image","twitter_misc":{"Gesch\u00e4tzte Lesezeit":"1\u00a0Minute"},"schema":{"@context":"https:\/\/schema.org","@graph":[{"@type":"WebPage","@id":"https:\/\/ekkla.ch\/de\/produit\/wandleuchte-zanzibar-rattan-naturton-o40-good-mojo\/","url":"https:\/\/ekkla.ch\/de\/produit\/wandleuchte-zanzibar-rattan-naturton-o40-good-mojo\/","name":"Good & Mojo | Wandleuchte Sansibar | Rattan | Ekkla | Ecofriendly","isPartOf":{"@id":"https:\/\/ekkla.ch\/#website"},"primaryImageOfPage":{"@id":"https:\/\/ekkla.ch\/de\/produit\/wandleuchte-zanzibar-rattan-naturton-o40-good-mojo\/#primaryimage"},"image":{"@id":"https:\/\/ekkla.ch\/de\/produit\/wandleuchte-zanzibar-rattan-naturton-o40-good-mojo\/#primaryimage"},"thumbnailUrl":"https:\/\/ekkla.ch\/wp-content\/uploads\/2023\/02\/Goodmojo-ekkla_0008_zanzibar-w-4012-n.jpg","datePublished":"2023-02-07T10:13:01+00:00","dateModified":"2023-02-10T17:12:27+00:00","description":"Diese Wandleuchte aus nat\u00fcrlichem Rattan ist eine Mischung aus nat\u00fcrlichen Materialien und zeitgen\u00f6ssischem Design in einem aktuellen Ethno-Chic-Look.","breadcrumb":{"@id":"https:\/\/ekkla.ch\/de\/produit\/wandleuchte-zanzibar-rattan-naturton-o40-good-mojo\/#breadcrumb"},"inLanguage":"de","potentialAction":[{"@type":"ReadAction","target":["https:\/\/ekkla.ch\/de\/produit\/wandleuchte-zanzibar-rattan-naturton-o40-good-mojo\/"]}]},{"@type":"ImageObject","inLanguage":"de","@id":"https:\/\/ekkla.ch\/de\/produit\/wandleuchte-zanzibar-rattan-naturton-o40-good-mojo\/#primaryimage","url":"https:\/\/ekkla.ch\/wp-content\/uploads\/2023\/02\/Goodmojo-ekkla_0008_zanzibar-w-4012-n.jpg","contentUrl":"https:\/\/ekkla.ch\/wp-content\/uploads\/2023\/02\/Goodmojo-ekkla_0008_zanzibar-w-4012-n.jpg","width":900,"height":900},{"@type":"BreadcrumbList","@id":"https:\/\/ekkla.ch\/de\/produit\/wandleuchte-zanzibar-rattan-naturton-o40-good-mojo\/#breadcrumb","itemListElement":[{"@type":"ListItem","position":1,"name":"Home","item":"https:\/\/ekkla.ch\/de\/"},{"@type":"ListItem","position":2,"name":"Shop","item":"https:\/\/ekkla.ch\/de\/shop\/"},{"@type":"ListItem","position":3,"name":"Wandleuchte Sansibar &#8211; Rattan &#8211; Naturton &#8211; \u00d840 &#8211; Good &#038; Mojo"}]},{"@type":"WebSite","@id":"https:\/\/ekkla.ch\/#website","url":"https:\/\/ekkla.ch\/","name":"Ekkla","description":"Der Onlineshop f\u00fcr Beleuchtung","publisher":{"@id":"https:\/\/ekkla.ch\/#organization"},"potentialAction":[{"@type":"SearchAction","target":{"@type":"EntryPoint","urlTemplate":"https:\/\/ekkla.ch\/?s={search_term_string}"},"query-input":"required name=search_term_string"}],"inLanguage":"de"},{"@type":"Organization","@id":"https:\/\/ekkla.ch\/#organization","name":"Ekkla","url":"https:\/\/ekkla.ch\/","logo":{"@type":"ImageObject","inLanguage":"de","@id":"https:\/\/ekkla.ch\/#\/schema\/logo\/image\/","url":"http:\/\/ekkla.ch\/wp-content\/uploads\/2019\/07\/logo-1.svg","contentUrl":"http:\/\/ekkla.ch\/wp-content\/uploads\/2019\/07\/logo-1.svg","width":1,"height":1,"caption":"Ekkla"},"image":{"@id":"https:\/\/ekkla.ch\/#\/schema\/logo\/image\/"},"sameAs":["https:\/\/www.instagram.com\/ekkla_light\/"]}]}},"_links":{"self":[{"href":"https:\/\/ekkla.ch\/de\/wp-json\/wp\/v2\/product\/167591"}],"collection":[{"href":"https:\/\/ekkla.ch\/de\/wp-json\/wp\/v2\/product"}],"about":[{"href":"https:\/\/ekkla.ch\/de\/wp-json\/wp\/v2\/types\/product"}],"wp:featuredmedia":[{"embeddable":true,"href":"https:\/\/ekkla.ch\/de\/wp-json\/wp\/v2\/media\/167779"}],"wp:attachment":[{"href":"https:\/\/ekkla.ch\/de\/wp-json\/wp\/v2\/media?parent=167591"}],"wp:term":[{"taxonomy":"product_cat","embeddable":true,"href":"https:\/\/ekkla.ch\/de\/wp-json\/wp\/v2\/product_cat?post=167591"},{"taxonomy":"product_tag","embeddable":true,"href":"https:\/\/ekkla.ch\/de\/wp-json\/wp\/v2\/product_tag?post=167591"}],"curies":[{"name":"wp","href":"https:\/\/api.w.org\/{rel}","templated":true}]}}