{"id":167594,"date":"2023-02-07T11:04:31","date_gmt":"2023-02-07T10:04:31","guid":{"rendered":"https:\/\/ekkla.ch\/produit\/wandleuchte-hokkaido-bambus-naturton-o38-good-mojo\/"},"modified":"2023-02-10T18:18:36","modified_gmt":"2023-02-10T17:18:36","slug":"wandleuchte-hokkaido-bambus-naturton-o38-good-mojo","status":"publish","type":"product","link":"https:\/\/ekkla.ch\/de\/produit\/wandleuchte-hokkaido-bambus-naturton-o38-good-mojo\/","title":{"rendered":"Wandleuchte Hokkaido &#8211; Bambus &#8211; Naturton &#8211; \u00d838 &#8211; Good &#038; Mojo"},"content":{"rendered":"<p>Die neue Hokkaido-Kollektion ist nach der Insel im Norden Japans benannt. Die Wandleuchte Hokkaido aus Bambus mit Metallbeschl\u00e4gen verleiht Ihrem Zuhause Eleganz und passt perfekt in ein Wohnzimmer, ein Schlafzimmer oder in den Eingangsbereich. Ihre schlichte und moderne Form passt hervorragend zur W\u00e4rme des Bambus. Die durchbrochene Struktur der Leuchte sorgt f\u00fcr ein angenehmes Lichtspiel.<\/p>\n<p>Die Marke Good &amp; Mojo umfasst \u00f6kologisch verantwortungsvolle Leuchten, die ausschliesslich aus nachhaltigen und\/oder recycelten Materialien bestehen. Die meisten dieser Leuchten werden von den Handwerkern einer Gemeinschaft in einem kleinen vietnamesischen Dorf handgefertigt.<\/p>\n<p>F\u00fcr jede verkaufte Lampe der Good &amp; Mojo-Kollektion werden 5% an die <a href=\"https:\/\/waka-waka.com\/de\/\">WakaWaka<\/a>-Stiftung gespendet, die Solarbeleuchtungsl\u00f6sungen f\u00fcr bed\u00fcrftige Bev\u00f6lkerungsgruppen bereitstellt. Gl\u00fchbirne nicht inbegriffen.<\/p>\n<h2>\u00a0 \u00a0 \u00a0 Merkmale &amp; Eigenschaften<\/h2>\n<p><strong>\u00a0 \u00a0 \u00a0 \u00a0 \u00a0Marke<\/strong> Good &amp; Mojo<\/p>\n<p><strong>\u00a0 \u00a0 \u00a0 \u00a0 \u00a0Farbe\u00a0<\/strong>Naturholz<\/p>\n<p><strong>\u00a0 \u00a0 \u00a0 \u00a0 \u00a0Materialien<\/strong>\u00a0Bambus und Metall<\/p>\n<p><b>\u00a0 \u00a0 \u00a0 \u00a0 \u00a0Gl\u00fchbirne<\/b> E27<\/p>\n<p><strong>\u00a0 \u00a0 \u00a0 \u00a0 \u00a0Max. Leistung (W)<\/strong>\u00a060<\/p>\n<p><strong>\u00a0 \u00a0 \u00a0 \u00a0 \u00a0Durchmesser (cm)<\/strong>\u00a038<\/p>\n","protected":false},"excerpt":{"rendered":"<p>Die neue Hokkaido-Kollektion ist nach der Insel im Norden Japans benannt. Die Wandleuchte Hokkaido aus Bambus mit Metallbeschl\u00e4gen verleiht Ihrem Zuhause Eleganz und passt perfekt in ein Wohnzimmer, ein Schlafzimmer oder in den Eingangsbereich. Ihre schlichte und moderne Form passt hervorragend zur W\u00e4rme des Bambus. Die durchbrochene Struktur der Leuchte sorgt f\u00fcr ein angenehmes Lichtspiel. [&hellip;]<\/p>\n","protected":false},"featured_media":167803,"template":"","meta":{"_acf_changed":false,"om_disable_all_campaigns":false},"product_cat":[286],"product_tag":[1258,898,554,1188,1265,816,704,603],"bundled_by":[],"bundle_stock_status":"onbackorder","bundle_stock_quantity":null,"bundle_virtual":false,"bundle_layout":"","bundle_add_to_cart_form_location":"","bundle_editable_in_cart":false,"bundle_sold_individually_context":"","bundle_item_grouping":"","bundle_min_size":"","bundle_max_size":"","bundle_price":[],"bundled_items":[],"bundle_sell_ids":[],"acf":[],"yoast_head":"<!-- This site is optimized with the Yoast SEO Premium plugin v22.2 (Yoast SEO v22.8) - https:\/\/yoast.com\/wordpress\/plugins\/seo\/ -->\n<title>Good &amp; Mojo | Wandleuchte Hokkaido aus Bambus | Ekkla<\/title>\n<meta name=\"description\" content=\"Diese Wandleuchte aus nat\u00fcrlichem Bambus ist eine Mischung aus nat\u00fcrlichen Materialien und modernem Design in einem sehr aktuellen Ethno-Chic-Look.\" \/>\n<meta name=\"robots\" content=\"index, follow, max-snippet:-1, max-image-preview:large, max-video-preview:-1\" \/>\n<link rel=\"canonical\" href=\"https:\/\/ekkla.ch\/de\/produit\/wandleuchte-hokkaido-bambus-naturton-o38-good-mojo\/\" \/>\n<meta property=\"og:locale\" content=\"de_DE\" \/>\n<meta property=\"og:type\" content=\"article\" \/>\n<meta property=\"og:title\" content=\"Wandleuchte Hokkaido - Bambus - Naturton - \u00d838 - Good &amp; Mojo\" \/>\n<meta property=\"og:description\" content=\"Diese Wandleuchte aus nat\u00fcrlichem Bambus ist eine Mischung aus nat\u00fcrlichen Materialien und modernem Design in einem sehr aktuellen Ethno-Chic-Look.\" \/>\n<meta property=\"og:url\" content=\"https:\/\/ekkla.ch\/de\/produit\/wandleuchte-hokkaido-bambus-naturton-o38-good-mojo\/\" \/>\n<meta property=\"og:site_name\" content=\"Ekkla\" \/>\n<meta property=\"article:modified_time\" content=\"2023-02-10T17:18:36+00:00\" \/>\n<meta property=\"og:image\" content=\"https:\/\/ekkla.ch\/wp-content\/uploads\/2023\/02\/Goodmojo-ekkla_0021_hokkaido-w25-n.jpg\" \/>\n\t<meta property=\"og:image:width\" content=\"900\" \/>\n\t<meta property=\"og:image:height\" content=\"900\" \/>\n\t<meta property=\"og:image:type\" content=\"image\/jpeg\" \/>\n<meta name=\"twitter:card\" content=\"summary_large_image\" \/>\n<meta name=\"twitter:label1\" content=\"Gesch\u00e4tzte Lesezeit\" \/>\n\t<meta name=\"twitter:data1\" content=\"1\u00a0Minute\" \/>\n<script type=\"application\/ld+json\" class=\"yoast-schema-graph\">{\"@context\":\"https:\/\/schema.org\",\"@graph\":[{\"@type\":\"WebPage\",\"@id\":\"https:\/\/ekkla.ch\/de\/produit\/wandleuchte-hokkaido-bambus-naturton-o38-good-mojo\/\",\"url\":\"https:\/\/ekkla.ch\/de\/produit\/wandleuchte-hokkaido-bambus-naturton-o38-good-mojo\/\",\"name\":\"Good & Mojo | Wandleuchte Hokkaido aus Bambus | Ekkla\",\"isPartOf\":{\"@id\":\"https:\/\/ekkla.ch\/#website\"},\"primaryImageOfPage\":{\"@id\":\"https:\/\/ekkla.ch\/de\/produit\/wandleuchte-hokkaido-bambus-naturton-o38-good-mojo\/#primaryimage\"},\"image\":{\"@id\":\"https:\/\/ekkla.ch\/de\/produit\/wandleuchte-hokkaido-bambus-naturton-o38-good-mojo\/#primaryimage\"},\"thumbnailUrl\":\"https:\/\/ekkla.ch\/wp-content\/uploads\/2023\/02\/Goodmojo-ekkla_0021_hokkaido-w25-n.jpg\",\"datePublished\":\"2023-02-07T10:04:31+00:00\",\"dateModified\":\"2023-02-10T17:18:36+00:00\",\"description\":\"Diese Wandleuchte aus nat\u00fcrlichem Bambus ist eine Mischung aus nat\u00fcrlichen Materialien und modernem Design in einem sehr aktuellen Ethno-Chic-Look.\",\"breadcrumb\":{\"@id\":\"https:\/\/ekkla.ch\/de\/produit\/wandleuchte-hokkaido-bambus-naturton-o38-good-mojo\/#breadcrumb\"},\"inLanguage\":\"de\",\"potentialAction\":[{\"@type\":\"ReadAction\",\"target\":[\"https:\/\/ekkla.ch\/de\/produit\/wandleuchte-hokkaido-bambus-naturton-o38-good-mojo\/\"]}]},{\"@type\":\"ImageObject\",\"inLanguage\":\"de\",\"@id\":\"https:\/\/ekkla.ch\/de\/produit\/wandleuchte-hokkaido-bambus-naturton-o38-good-mojo\/#primaryimage\",\"url\":\"https:\/\/ekkla.ch\/wp-content\/uploads\/2023\/02\/Goodmojo-ekkla_0021_hokkaido-w25-n.jpg\",\"contentUrl\":\"https:\/\/ekkla.ch\/wp-content\/uploads\/2023\/02\/Goodmojo-ekkla_0021_hokkaido-w25-n.jpg\",\"width\":900,\"height\":900},{\"@type\":\"BreadcrumbList\",\"@id\":\"https:\/\/ekkla.ch\/de\/produit\/wandleuchte-hokkaido-bambus-naturton-o38-good-mojo\/#breadcrumb\",\"itemListElement\":[{\"@type\":\"ListItem\",\"position\":1,\"name\":\"Home\",\"item\":\"https:\/\/ekkla.ch\/de\/\"},{\"@type\":\"ListItem\",\"position\":2,\"name\":\"Shop\",\"item\":\"https:\/\/ekkla.ch\/de\/shop\/\"},{\"@type\":\"ListItem\",\"position\":3,\"name\":\"Wandleuchte Hokkaido &#8211; Bambus &#8211; Naturton &#8211; \u00d838 &#8211; Good &#038; Mojo\"}]},{\"@type\":\"WebSite\",\"@id\":\"https:\/\/ekkla.ch\/#website\",\"url\":\"https:\/\/ekkla.ch\/\",\"name\":\"Ekkla\",\"description\":\"Der Onlineshop f\u00fcr Beleuchtung\",\"publisher\":{\"@id\":\"https:\/\/ekkla.ch\/#organization\"},\"potentialAction\":[{\"@type\":\"SearchAction\",\"target\":{\"@type\":\"EntryPoint\",\"urlTemplate\":\"https:\/\/ekkla.ch\/?s={search_term_string}\"},\"query-input\":\"required name=search_term_string\"}],\"inLanguage\":\"de\"},{\"@type\":\"Organization\",\"@id\":\"https:\/\/ekkla.ch\/#organization\",\"name\":\"Ekkla\",\"url\":\"https:\/\/ekkla.ch\/\",\"logo\":{\"@type\":\"ImageObject\",\"inLanguage\":\"de\",\"@id\":\"https:\/\/ekkla.ch\/#\/schema\/logo\/image\/\",\"url\":\"http:\/\/ekkla.ch\/wp-content\/uploads\/2019\/07\/logo-1.svg\",\"contentUrl\":\"http:\/\/ekkla.ch\/wp-content\/uploads\/2019\/07\/logo-1.svg\",\"width\":1,\"height\":1,\"caption\":\"Ekkla\"},\"image\":{\"@id\":\"https:\/\/ekkla.ch\/#\/schema\/logo\/image\/\"},\"sameAs\":[\"https:\/\/www.instagram.com\/ekkla_light\/\"]}]}<\/script>\n<!-- \/ Yoast SEO Premium plugin. -->","yoast_head_json":{"title":"Good & Mojo | Wandleuchte Hokkaido aus Bambus | Ekkla","description":"Diese Wandleuchte aus nat\u00fcrlichem Bambus ist eine Mischung aus nat\u00fcrlichen Materialien und modernem Design in einem sehr aktuellen Ethno-Chic-Look.","robots":{"index":"index","follow":"follow","max-snippet":"max-snippet:-1","max-image-preview":"max-image-preview:large","max-video-preview":"max-video-preview:-1"},"canonical":"https:\/\/ekkla.ch\/de\/produit\/wandleuchte-hokkaido-bambus-naturton-o38-good-mojo\/","og_locale":"de_DE","og_type":"article","og_title":"Wandleuchte Hokkaido - Bambus - Naturton - \u00d838 - Good & Mojo","og_description":"Diese Wandleuchte aus nat\u00fcrlichem Bambus ist eine Mischung aus nat\u00fcrlichen Materialien und modernem Design in einem sehr aktuellen Ethno-Chic-Look.","og_url":"https:\/\/ekkla.ch\/de\/produit\/wandleuchte-hokkaido-bambus-naturton-o38-good-mojo\/","og_site_name":"Ekkla","article_modified_time":"2023-02-10T17:18:36+00:00","og_image":[{"width":900,"height":900,"url":"https:\/\/ekkla.ch\/wp-content\/uploads\/2023\/02\/Goodmojo-ekkla_0021_hokkaido-w25-n.jpg","type":"image\/jpeg"}],"twitter_card":"summary_large_image","twitter_misc":{"Gesch\u00e4tzte Lesezeit":"1\u00a0Minute"},"schema":{"@context":"https:\/\/schema.org","@graph":[{"@type":"WebPage","@id":"https:\/\/ekkla.ch\/de\/produit\/wandleuchte-hokkaido-bambus-naturton-o38-good-mojo\/","url":"https:\/\/ekkla.ch\/de\/produit\/wandleuchte-hokkaido-bambus-naturton-o38-good-mojo\/","name":"Good & Mojo | Wandleuchte Hokkaido aus Bambus | Ekkla","isPartOf":{"@id":"https:\/\/ekkla.ch\/#website"},"primaryImageOfPage":{"@id":"https:\/\/ekkla.ch\/de\/produit\/wandleuchte-hokkaido-bambus-naturton-o38-good-mojo\/#primaryimage"},"image":{"@id":"https:\/\/ekkla.ch\/de\/produit\/wandleuchte-hokkaido-bambus-naturton-o38-good-mojo\/#primaryimage"},"thumbnailUrl":"https:\/\/ekkla.ch\/wp-content\/uploads\/2023\/02\/Goodmojo-ekkla_0021_hokkaido-w25-n.jpg","datePublished":"2023-02-07T10:04:31+00:00","dateModified":"2023-02-10T17:18:36+00:00","description":"Diese Wandleuchte aus nat\u00fcrlichem Bambus ist eine Mischung aus nat\u00fcrlichen Materialien und modernem Design in einem sehr aktuellen Ethno-Chic-Look.","breadcrumb":{"@id":"https:\/\/ekkla.ch\/de\/produit\/wandleuchte-hokkaido-bambus-naturton-o38-good-mojo\/#breadcrumb"},"inLanguage":"de","potentialAction":[{"@type":"ReadAction","target":["https:\/\/ekkla.ch\/de\/produit\/wandleuchte-hokkaido-bambus-naturton-o38-good-mojo\/"]}]},{"@type":"ImageObject","inLanguage":"de","@id":"https:\/\/ekkla.ch\/de\/produit\/wandleuchte-hokkaido-bambus-naturton-o38-good-mojo\/#primaryimage","url":"https:\/\/ekkla.ch\/wp-content\/uploads\/2023\/02\/Goodmojo-ekkla_0021_hokkaido-w25-n.jpg","contentUrl":"https:\/\/ekkla.ch\/wp-content\/uploads\/2023\/02\/Goodmojo-ekkla_0021_hokkaido-w25-n.jpg","width":900,"height":900},{"@type":"BreadcrumbList","@id":"https:\/\/ekkla.ch\/de\/produit\/wandleuchte-hokkaido-bambus-naturton-o38-good-mojo\/#breadcrumb","itemListElement":[{"@type":"ListItem","position":1,"name":"Home","item":"https:\/\/ekkla.ch\/de\/"},{"@type":"ListItem","position":2,"name":"Shop","item":"https:\/\/ekkla.ch\/de\/shop\/"},{"@type":"ListItem","position":3,"name":"Wandleuchte Hokkaido &#8211; Bambus &#8211; Naturton &#8211; \u00d838 &#8211; Good &#038; Mojo"}]},{"@type":"WebSite","@id":"https:\/\/ekkla.ch\/#website","url":"https:\/\/ekkla.ch\/","name":"Ekkla","description":"Der Onlineshop f\u00fcr Beleuchtung","publisher":{"@id":"https:\/\/ekkla.ch\/#organization"},"potentialAction":[{"@type":"SearchAction","target":{"@type":"EntryPoint","urlTemplate":"https:\/\/ekkla.ch\/?s={search_term_string}"},"query-input":"required name=search_term_string"}],"inLanguage":"de"},{"@type":"Organization","@id":"https:\/\/ekkla.ch\/#organization","name":"Ekkla","url":"https:\/\/ekkla.ch\/","logo":{"@type":"ImageObject","inLanguage":"de","@id":"https:\/\/ekkla.ch\/#\/schema\/logo\/image\/","url":"http:\/\/ekkla.ch\/wp-content\/uploads\/2019\/07\/logo-1.svg","contentUrl":"http:\/\/ekkla.ch\/wp-content\/uploads\/2019\/07\/logo-1.svg","width":1,"height":1,"caption":"Ekkla"},"image":{"@id":"https:\/\/ekkla.ch\/#\/schema\/logo\/image\/"},"sameAs":["https:\/\/www.instagram.com\/ekkla_light\/"]}]}},"_links":{"self":[{"href":"https:\/\/ekkla.ch\/de\/wp-json\/wp\/v2\/product\/167594"}],"collection":[{"href":"https:\/\/ekkla.ch\/de\/wp-json\/wp\/v2\/product"}],"about":[{"href":"https:\/\/ekkla.ch\/de\/wp-json\/wp\/v2\/types\/product"}],"wp:featuredmedia":[{"embeddable":true,"href":"https:\/\/ekkla.ch\/de\/wp-json\/wp\/v2\/media\/167803"}],"wp:attachment":[{"href":"https:\/\/ekkla.ch\/de\/wp-json\/wp\/v2\/media?parent=167594"}],"wp:term":[{"taxonomy":"product_cat","embeddable":true,"href":"https:\/\/ekkla.ch\/de\/wp-json\/wp\/v2\/product_cat?post=167594"},{"taxonomy":"product_tag","embeddable":true,"href":"https:\/\/ekkla.ch\/de\/wp-json\/wp\/v2\/product_tag?post=167594"}],"curies":[{"name":"wp","href":"https:\/\/api.w.org\/{rel}","templated":true}]}}