{"id":167606,"date":"2023-02-02T17:36:46","date_gmt":"2023-02-02T16:36:46","guid":{"rendered":"https:\/\/ekkla.ch\/produit\/tischleuchte-kalahari-rattan-naturton-und-weiss-o32-good-mojo\/"},"modified":"2023-02-11T11:22:46","modified_gmt":"2023-02-11T10:22:46","slug":"tischleuchte-kalahari-rattan-naturton-und-weiss-o32-good-mojo","status":"publish","type":"product","link":"https:\/\/ekkla.ch\/de\/produit\/tischleuchte-kalahari-rattan-naturton-und-weiss-o32-good-mojo\/","title":{"rendered":"Tischleuchte Kalahari &#8211; Rattan &#8211; Naturton und weiss &#8211; \u00d832 &#8211; Good &#038; Mojo"},"content":{"rendered":"<p>Die handgefertigte Tischlampe Kalahari aus Rattan von Good &amp; Mojo bringt Eleganz in Ihre Dekoration und passt perfekt in ein Wohnzimmer, ein Schlafzimmer oder in den Eingangsbereich. Ihre schlichte, moderne Form passt hervorragend zur W\u00e4rme des Rattans. Jedes St\u00fcck ist eine echte technische Herausforderung, deren Herstellung ein aussergew\u00f6hnliches handwerkliches Know-how erfordert. Die Gl\u00fchbirne ist nicht inbegriffen.<\/p>\n<p>Die Marke Good &amp; Mojo umfasst \u00f6kologisch verantwortungsvolle Leuchten, die ausschliesslich aus nachhaltigen und\/oder recycelten Materialien bestehen. Die meisten dieser Leuchten werden von den Handwerkern einer Gemeinschaft in einem kleinen vietnamesischen Dorf handgefertigt.<\/p>\n<p>F\u00fcr jede verkaufte Lampe der Good &amp; Mojo-Kollektion werden 5% an die <a href=\"https:\/\/waka-waka.com\/de\/\">WakaWaka<\/a>-Stiftung gespendet, die Solarbeleuchtungsl\u00f6sungen f\u00fcr bed\u00fcrftige Bev\u00f6lkerungsgruppen bereitstellt.<\/p>\n<h2>\u00a0 \u00a0 \u00a0 Merkmale &amp; Eigenschaften<\/h2>\n<p><strong>\u00a0 \u00a0 \u00a0 \u00a0 \u00a0Marke<\/strong> Good &amp; Mojo<\/p>\n<p><strong>\u00a0 \u00a0 \u00a0 \u00a0 \u00a0Farben\u00a0<\/strong>Naturton und weiss<\/p>\n<p><strong>\u00a0 \u00a0 \u00a0 \u00a0 \u00a0Material<\/strong>\u00a0Rattan<\/p>\n<p><b>\u00a0 \u00a0 \u00a0 \u00a0 \u00a0Gl\u00fchbirne<\/b> E27<\/p>\n<p><strong>Max. Leistung (W)<\/strong> 40<\/p>\n<p><strong>\u00a0 \u00a0 \u00a0 \u00a0 \u00a0Durchmesser (cm)<\/strong>\u00a032<\/p>\n<p><strong>H\u00f6he (cm)<\/strong> 48<\/p>\n<p><strong>\u00a0 \u00a0 \u00a0 \u00a0 \u00a0Max. Kabell\u00e4nge (cm)<\/strong>\u00a0225<\/p>\n","protected":false},"excerpt":{"rendered":"<p>Die handgefertigte Tischlampe Kalahari aus Rattan von Good &amp; Mojo bringt Eleganz in Ihre Dekoration und passt perfekt in ein Wohnzimmer, ein Schlafzimmer oder in den Eingangsbereich. Ihre schlichte, moderne Form passt hervorragend zur W\u00e4rme des Rattans. Jedes St\u00fcck ist eine echte technische Herausforderung, deren Herstellung ein aussergew\u00f6hnliches handwerkliches Know-how erfordert. Die Gl\u00fchbirne ist nicht [&hellip;]<\/p>\n","protected":false},"featured_media":167843,"template":"","meta":{"_acf_changed":false,"om_disable_all_campaigns":false},"product_cat":[290],"product_tag":[1258,898,1188,816,704,603],"bundled_by":[],"bundle_stock_status":"onbackorder","bundle_stock_quantity":null,"bundle_virtual":false,"bundle_layout":"","bundle_add_to_cart_form_location":"","bundle_editable_in_cart":false,"bundle_sold_individually_context":"","bundle_item_grouping":"","bundle_min_size":"","bundle_max_size":"","bundle_price":[],"bundled_items":[],"bundle_sell_ids":[],"acf":[],"yoast_head":"<!-- This site is optimized with the Yoast SEO Premium plugin v22.2 (Yoast SEO v22.8) - https:\/\/yoast.com\/wordpress\/plugins\/seo\/ -->\n<title>Tischleuchte Kalahari l Good &amp; Mojo l Eco-friendly l Ekkla<\/title>\n<meta name=\"description\" content=\"Handgefertigte Tischlampe aus Rattan, mit einer subtilen Mischung aus nat\u00fcrlichen Materialien und zeitgen\u00f6ssischem Design in einem aktuellen Ethno-Chic-Look.\" \/>\n<meta name=\"robots\" content=\"index, follow, max-snippet:-1, max-image-preview:large, max-video-preview:-1\" \/>\n<link rel=\"canonical\" href=\"https:\/\/ekkla.ch\/de\/produit\/tischleuchte-kalahari-rattan-naturton-und-weiss-o32-good-mojo\/\" \/>\n<meta property=\"og:locale\" content=\"de_DE\" \/>\n<meta property=\"og:type\" content=\"article\" \/>\n<meta property=\"og:title\" content=\"Tischleuchte Kalahari - Rattan - Naturton und weiss - \u00d832 - Good &amp; Mojo\" \/>\n<meta property=\"og:description\" content=\"Handgefertigte Tischlampe aus Rattan, mit einer subtilen Mischung aus nat\u00fcrlichen Materialien und zeitgen\u00f6ssischem Design in einem aktuellen Ethno-Chic-Look.\" \/>\n<meta property=\"og:url\" content=\"https:\/\/ekkla.ch\/de\/produit\/tischleuchte-kalahari-rattan-naturton-und-weiss-o32-good-mojo\/\" \/>\n<meta property=\"og:site_name\" content=\"Ekkla\" \/>\n<meta property=\"article:modified_time\" content=\"2023-02-11T10:22:46+00:00\" \/>\n<meta property=\"og:image\" content=\"https:\/\/ekkla.ch\/wp-content\/uploads\/2023\/02\/Goodmojo-ekkla_0007_kalahari-t32-n-3220-w.jpg\" \/>\n\t<meta property=\"og:image:width\" content=\"900\" \/>\n\t<meta property=\"og:image:height\" content=\"900\" \/>\n\t<meta property=\"og:image:type\" content=\"image\/jpeg\" \/>\n<meta name=\"twitter:card\" content=\"summary_large_image\" \/>\n<meta name=\"twitter:label1\" content=\"Gesch\u00e4tzte Lesezeit\" \/>\n\t<meta name=\"twitter:data1\" content=\"1\u00a0Minute\" \/>\n<script type=\"application\/ld+json\" class=\"yoast-schema-graph\">{\"@context\":\"https:\/\/schema.org\",\"@graph\":[{\"@type\":\"WebPage\",\"@id\":\"https:\/\/ekkla.ch\/de\/produit\/tischleuchte-kalahari-rattan-naturton-und-weiss-o32-good-mojo\/\",\"url\":\"https:\/\/ekkla.ch\/de\/produit\/tischleuchte-kalahari-rattan-naturton-und-weiss-o32-good-mojo\/\",\"name\":\"Tischleuchte Kalahari l Good & Mojo l Eco-friendly l Ekkla\",\"isPartOf\":{\"@id\":\"https:\/\/ekkla.ch\/#website\"},\"primaryImageOfPage\":{\"@id\":\"https:\/\/ekkla.ch\/de\/produit\/tischleuchte-kalahari-rattan-naturton-und-weiss-o32-good-mojo\/#primaryimage\"},\"image\":{\"@id\":\"https:\/\/ekkla.ch\/de\/produit\/tischleuchte-kalahari-rattan-naturton-und-weiss-o32-good-mojo\/#primaryimage\"},\"thumbnailUrl\":\"https:\/\/ekkla.ch\/wp-content\/uploads\/2023\/02\/Goodmojo-ekkla_0007_kalahari-t32-n-3220-w.jpg\",\"datePublished\":\"2023-02-02T16:36:46+00:00\",\"dateModified\":\"2023-02-11T10:22:46+00:00\",\"description\":\"Handgefertigte Tischlampe aus Rattan, mit einer subtilen Mischung aus nat\u00fcrlichen Materialien und zeitgen\u00f6ssischem Design in einem aktuellen Ethno-Chic-Look.\",\"breadcrumb\":{\"@id\":\"https:\/\/ekkla.ch\/de\/produit\/tischleuchte-kalahari-rattan-naturton-und-weiss-o32-good-mojo\/#breadcrumb\"},\"inLanguage\":\"de\",\"potentialAction\":[{\"@type\":\"ReadAction\",\"target\":[\"https:\/\/ekkla.ch\/de\/produit\/tischleuchte-kalahari-rattan-naturton-und-weiss-o32-good-mojo\/\"]}]},{\"@type\":\"ImageObject\",\"inLanguage\":\"de\",\"@id\":\"https:\/\/ekkla.ch\/de\/produit\/tischleuchte-kalahari-rattan-naturton-und-weiss-o32-good-mojo\/#primaryimage\",\"url\":\"https:\/\/ekkla.ch\/wp-content\/uploads\/2023\/02\/Goodmojo-ekkla_0007_kalahari-t32-n-3220-w.jpg\",\"contentUrl\":\"https:\/\/ekkla.ch\/wp-content\/uploads\/2023\/02\/Goodmojo-ekkla_0007_kalahari-t32-n-3220-w.jpg\",\"width\":900,\"height\":900},{\"@type\":\"BreadcrumbList\",\"@id\":\"https:\/\/ekkla.ch\/de\/produit\/tischleuchte-kalahari-rattan-naturton-und-weiss-o32-good-mojo\/#breadcrumb\",\"itemListElement\":[{\"@type\":\"ListItem\",\"position\":1,\"name\":\"Home\",\"item\":\"https:\/\/ekkla.ch\/de\/\"},{\"@type\":\"ListItem\",\"position\":2,\"name\":\"Shop\",\"item\":\"https:\/\/ekkla.ch\/de\/shop\/\"},{\"@type\":\"ListItem\",\"position\":3,\"name\":\"Tischleuchte Kalahari &#8211; Rattan &#8211; Naturton und weiss &#8211; \u00d832 &#8211; Good &#038; Mojo\"}]},{\"@type\":\"WebSite\",\"@id\":\"https:\/\/ekkla.ch\/#website\",\"url\":\"https:\/\/ekkla.ch\/\",\"name\":\"Ekkla\",\"description\":\"Der Onlineshop f\u00fcr Beleuchtung\",\"publisher\":{\"@id\":\"https:\/\/ekkla.ch\/#organization\"},\"potentialAction\":[{\"@type\":\"SearchAction\",\"target\":{\"@type\":\"EntryPoint\",\"urlTemplate\":\"https:\/\/ekkla.ch\/?s={search_term_string}\"},\"query-input\":\"required name=search_term_string\"}],\"inLanguage\":\"de\"},{\"@type\":\"Organization\",\"@id\":\"https:\/\/ekkla.ch\/#organization\",\"name\":\"Ekkla\",\"url\":\"https:\/\/ekkla.ch\/\",\"logo\":{\"@type\":\"ImageObject\",\"inLanguage\":\"de\",\"@id\":\"https:\/\/ekkla.ch\/#\/schema\/logo\/image\/\",\"url\":\"http:\/\/ekkla.ch\/wp-content\/uploads\/2019\/07\/logo-1.svg\",\"contentUrl\":\"http:\/\/ekkla.ch\/wp-content\/uploads\/2019\/07\/logo-1.svg\",\"width\":1,\"height\":1,\"caption\":\"Ekkla\"},\"image\":{\"@id\":\"https:\/\/ekkla.ch\/#\/schema\/logo\/image\/\"},\"sameAs\":[\"https:\/\/www.instagram.com\/ekkla_light\/\"]}]}<\/script>\n<!-- \/ Yoast SEO Premium plugin. -->","yoast_head_json":{"title":"Tischleuchte Kalahari l Good & Mojo l Eco-friendly l Ekkla","description":"Handgefertigte Tischlampe aus Rattan, mit einer subtilen Mischung aus nat\u00fcrlichen Materialien und zeitgen\u00f6ssischem Design in einem aktuellen Ethno-Chic-Look.","robots":{"index":"index","follow":"follow","max-snippet":"max-snippet:-1","max-image-preview":"max-image-preview:large","max-video-preview":"max-video-preview:-1"},"canonical":"https:\/\/ekkla.ch\/de\/produit\/tischleuchte-kalahari-rattan-naturton-und-weiss-o32-good-mojo\/","og_locale":"de_DE","og_type":"article","og_title":"Tischleuchte Kalahari - Rattan - Naturton und weiss - \u00d832 - Good & Mojo","og_description":"Handgefertigte Tischlampe aus Rattan, mit einer subtilen Mischung aus nat\u00fcrlichen Materialien und zeitgen\u00f6ssischem Design in einem aktuellen Ethno-Chic-Look.","og_url":"https:\/\/ekkla.ch\/de\/produit\/tischleuchte-kalahari-rattan-naturton-und-weiss-o32-good-mojo\/","og_site_name":"Ekkla","article_modified_time":"2023-02-11T10:22:46+00:00","og_image":[{"width":900,"height":900,"url":"https:\/\/ekkla.ch\/wp-content\/uploads\/2023\/02\/Goodmojo-ekkla_0007_kalahari-t32-n-3220-w.jpg","type":"image\/jpeg"}],"twitter_card":"summary_large_image","twitter_misc":{"Gesch\u00e4tzte Lesezeit":"1\u00a0Minute"},"schema":{"@context":"https:\/\/schema.org","@graph":[{"@type":"WebPage","@id":"https:\/\/ekkla.ch\/de\/produit\/tischleuchte-kalahari-rattan-naturton-und-weiss-o32-good-mojo\/","url":"https:\/\/ekkla.ch\/de\/produit\/tischleuchte-kalahari-rattan-naturton-und-weiss-o32-good-mojo\/","name":"Tischleuchte Kalahari l Good & Mojo l Eco-friendly l Ekkla","isPartOf":{"@id":"https:\/\/ekkla.ch\/#website"},"primaryImageOfPage":{"@id":"https:\/\/ekkla.ch\/de\/produit\/tischleuchte-kalahari-rattan-naturton-und-weiss-o32-good-mojo\/#primaryimage"},"image":{"@id":"https:\/\/ekkla.ch\/de\/produit\/tischleuchte-kalahari-rattan-naturton-und-weiss-o32-good-mojo\/#primaryimage"},"thumbnailUrl":"https:\/\/ekkla.ch\/wp-content\/uploads\/2023\/02\/Goodmojo-ekkla_0007_kalahari-t32-n-3220-w.jpg","datePublished":"2023-02-02T16:36:46+00:00","dateModified":"2023-02-11T10:22:46+00:00","description":"Handgefertigte Tischlampe aus Rattan, mit einer subtilen Mischung aus nat\u00fcrlichen Materialien und zeitgen\u00f6ssischem Design in einem aktuellen Ethno-Chic-Look.","breadcrumb":{"@id":"https:\/\/ekkla.ch\/de\/produit\/tischleuchte-kalahari-rattan-naturton-und-weiss-o32-good-mojo\/#breadcrumb"},"inLanguage":"de","potentialAction":[{"@type":"ReadAction","target":["https:\/\/ekkla.ch\/de\/produit\/tischleuchte-kalahari-rattan-naturton-und-weiss-o32-good-mojo\/"]}]},{"@type":"ImageObject","inLanguage":"de","@id":"https:\/\/ekkla.ch\/de\/produit\/tischleuchte-kalahari-rattan-naturton-und-weiss-o32-good-mojo\/#primaryimage","url":"https:\/\/ekkla.ch\/wp-content\/uploads\/2023\/02\/Goodmojo-ekkla_0007_kalahari-t32-n-3220-w.jpg","contentUrl":"https:\/\/ekkla.ch\/wp-content\/uploads\/2023\/02\/Goodmojo-ekkla_0007_kalahari-t32-n-3220-w.jpg","width":900,"height":900},{"@type":"BreadcrumbList","@id":"https:\/\/ekkla.ch\/de\/produit\/tischleuchte-kalahari-rattan-naturton-und-weiss-o32-good-mojo\/#breadcrumb","itemListElement":[{"@type":"ListItem","position":1,"name":"Home","item":"https:\/\/ekkla.ch\/de\/"},{"@type":"ListItem","position":2,"name":"Shop","item":"https:\/\/ekkla.ch\/de\/shop\/"},{"@type":"ListItem","position":3,"name":"Tischleuchte Kalahari &#8211; Rattan &#8211; Naturton und weiss &#8211; \u00d832 &#8211; Good &#038; Mojo"}]},{"@type":"WebSite","@id":"https:\/\/ekkla.ch\/#website","url":"https:\/\/ekkla.ch\/","name":"Ekkla","description":"Der Onlineshop f\u00fcr Beleuchtung","publisher":{"@id":"https:\/\/ekkla.ch\/#organization"},"potentialAction":[{"@type":"SearchAction","target":{"@type":"EntryPoint","urlTemplate":"https:\/\/ekkla.ch\/?s={search_term_string}"},"query-input":"required name=search_term_string"}],"inLanguage":"de"},{"@type":"Organization","@id":"https:\/\/ekkla.ch\/#organization","name":"Ekkla","url":"https:\/\/ekkla.ch\/","logo":{"@type":"ImageObject","inLanguage":"de","@id":"https:\/\/ekkla.ch\/#\/schema\/logo\/image\/","url":"http:\/\/ekkla.ch\/wp-content\/uploads\/2019\/07\/logo-1.svg","contentUrl":"http:\/\/ekkla.ch\/wp-content\/uploads\/2019\/07\/logo-1.svg","width":1,"height":1,"caption":"Ekkla"},"image":{"@id":"https:\/\/ekkla.ch\/#\/schema\/logo\/image\/"},"sameAs":["https:\/\/www.instagram.com\/ekkla_light\/"]}]}},"_links":{"self":[{"href":"https:\/\/ekkla.ch\/de\/wp-json\/wp\/v2\/product\/167606"}],"collection":[{"href":"https:\/\/ekkla.ch\/de\/wp-json\/wp\/v2\/product"}],"about":[{"href":"https:\/\/ekkla.ch\/de\/wp-json\/wp\/v2\/types\/product"}],"wp:featuredmedia":[{"embeddable":true,"href":"https:\/\/ekkla.ch\/de\/wp-json\/wp\/v2\/media\/167843"}],"wp:attachment":[{"href":"https:\/\/ekkla.ch\/de\/wp-json\/wp\/v2\/media?parent=167606"}],"wp:term":[{"taxonomy":"product_cat","embeddable":true,"href":"https:\/\/ekkla.ch\/de\/wp-json\/wp\/v2\/product_cat?post=167606"},{"taxonomy":"product_tag","embeddable":true,"href":"https:\/\/ekkla.ch\/de\/wp-json\/wp\/v2\/product_tag?post=167606"}],"curies":[{"name":"wp","href":"https:\/\/api.w.org\/{rel}","templated":true}]}}