{"id":168297,"date":"2023-02-21T15:16:04","date_gmt":"2023-02-21T14:16:05","guid":{"rendered":"https:\/\/ekkla.ch\/?post_type=product&#038;p=168297"},"modified":"2025-03-14T10:47:20","modified_gmt":"2025-03-14T09:47:20","slug":"hangeleuchte-hyphen-chromatisches-schwarz-darmes","status":"publish","type":"product","link":"https:\/\/ekkla.ch\/de\/produit\/hangeleuchte-hyphen-chromatisches-schwarz-darmes\/","title":{"rendered":"H\u00e4ngeleuchte Hyphen &#8211; Chromatisches Schwarz &#8211; Darmes"},"content":{"rendered":"<p><em>Hyphen<\/em> stammt aus dem Altgriechischen und bezeichnet die Vereinigung von zwei zu einem. Diese Kollektion wurde vom kanadischen Unternehmen Darmes und der Keramikk\u00fcnstlerin Gr\u00e9ta Jonckheere und vereint Gegens\u00e4tze. Die Modelle sind in verschiedenen Materialien erh\u00e4ltlich.<\/p>\n<p>Die Hyphen-H\u00e4ngeleuchten bestehen aus zwei zylindrischen K\u00f6rpern, die durch ihre Mitte in entgegengesetzter Richtung verbunden sind. Diese beiden Teile sind durch einen Drehpunkt verbunden, der es erm\u00f6glicht, die Position und Ausrichtung jeder einzelnen Lampe zu ver\u00e4ndern. In dieser Version in Chromatischem Schwarz verleiht die H\u00e4ngeleuchte Ihrem Wohn- oder Schlafzimmer ein modernes, harmonisches Aussehen.<\/p>\n<p>Durch die Handfertigung der Leuchte in Kanada muss mit einer Lieferzeit von circa 5 bis 7 Wochen gerechnet werden.<\/p>\n<p><i>Dieses Modell kann kundenspezifisch angepasst werden. F\u00fcr zus\u00e4tzliche Informationen helfen wir Ihnen sehr gerne per E-Mail weiter: <\/i><a style=\"font-style: italic;\" href=\"mailto:eclaire-moi@ekkla.ch\">eclaire-moi@ekkla.ch<\/a><\/p>\n<blockquote>\n<h2 style=\"text-align: left;\">Merkmale &amp; Eigenschaften<\/h2>\n<p><strong>Marke<\/strong> Darmes<\/p>\n<p style=\"text-align: left;\"><strong>Farbe<\/strong>\u00a0Chromatisches Schwarz<\/p>\n<p style=\"text-align: left;\"><strong>Material<\/strong>\u00a0Stahl<\/p>\n<p style=\"text-align: left;\"><strong>Gl\u00fchbirne<\/strong> PAR30S LED (inbegriffen)<\/p>\n<p><strong>Leistung (lm)<\/strong>\u00a02000<\/p>\n<p><strong>Farbtemperatur<\/strong>\u00a0<strong>(k)<\/strong>\u00a03000<\/p>\n<p style=\"text-align: left;\"><strong>H\u00f6he (cm)<\/strong>\u00a024<\/p>\n<p><strong>Breite (cm) <\/strong>22<\/p>\n<p><strong>L\u00e4nge (cm)<\/strong>\u00a029<\/p>\n<p><strong>Kabell\u00e4nge (cm)<\/strong> 270<\/p><\/blockquote>\n","protected":false},"excerpt":{"rendered":"<p>Hyphen stammt aus dem Altgriechischen und bezeichnet die Vereinigung von zwei zu einem. Diese Kollektion wurde vom kanadischen Unternehmen Darmes und der Keramikk\u00fcnstlerin Gr\u00e9ta Jonckheere und vereint Gegens\u00e4tze. Die Modelle sind in verschiedenen Materialien erh\u00e4ltlich. Die Hyphen-H\u00e4ngeleuchten bestehen aus zwei zylindrischen K\u00f6rpern, die durch ihre Mitte in entgegengesetzter Richtung verbunden sind. Diese beiden Teile sind [&hellip;]<\/p>\n","protected":false},"featured_media":168608,"template":"","meta":{"_acf_changed":false,"om_disable_all_campaigns":false},"product_cat":[291],"product_tag":[1256,1265,801],"bundled_by":[],"bundle_stock_status":"onbackorder","bundle_stock_quantity":null,"bundle_virtual":false,"bundle_layout":"","bundle_add_to_cart_form_location":"","bundle_editable_in_cart":false,"bundle_sold_individually_context":"","bundle_item_grouping":"","bundle_min_size":"","bundle_max_size":"","bundle_price":[],"bundled_items":[],"bundle_sell_ids":[],"acf":[],"yoast_head":"<!-- This site is optimized with the Yoast SEO Premium plugin v22.2 (Yoast SEO v22.8) - https:\/\/yoast.com\/wordpress\/plugins\/seo\/ -->\n<title>Darmes | H\u00e4ngeleuchte Hyphen Schwarz | Hohe Qualit\u00e4t | Ekkla<\/title>\n<meta name=\"description\" content=\"Die Hyphen-H\u00e4ngeleuchten bestehen aus 2 zylindrischen K\u00f6rpern, die in der Mitte verbunden sind, um ihre Ausrichtung zu ver\u00e4ndern. Perfekt f\u00fcrs Wohnzimmer.\" \/>\n<meta name=\"robots\" content=\"index, follow, max-snippet:-1, max-image-preview:large, max-video-preview:-1\" \/>\n<link rel=\"canonical\" href=\"https:\/\/ekkla.ch\/de\/produit\/hangeleuchte-hyphen-chromatisches-schwarz-darmes\/\" \/>\n<meta property=\"og:locale\" content=\"de_DE\" \/>\n<meta property=\"og:type\" content=\"article\" \/>\n<meta property=\"og:title\" content=\"H\u00e4ngeleuchte Hyphen - Chromatisches Schwarz - Darmes\" \/>\n<meta property=\"og:description\" content=\"Die Hyphen-H\u00e4ngeleuchten bestehen aus 2 zylindrischen K\u00f6rpern, die in der Mitte verbunden sind, um ihre Ausrichtung zu ver\u00e4ndern. Perfekt f\u00fcrs Wohnzimmer.\" \/>\n<meta property=\"og:url\" content=\"https:\/\/ekkla.ch\/de\/produit\/hangeleuchte-hyphen-chromatisches-schwarz-darmes\/\" \/>\n<meta property=\"og:site_name\" content=\"Ekkla\" \/>\n<meta property=\"article:modified_time\" content=\"2025-03-14T09:47:20+00:00\" \/>\n<meta property=\"og:image\" content=\"https:\/\/ekkla.ch\/wp-content\/uploads\/2023\/02\/Ekkla-Light-Darmes_0014_Copie-de-HYPEBC_Sans-Fond-20220510.jpg\" \/>\n\t<meta property=\"og:image:width\" content=\"900\" \/>\n\t<meta property=\"og:image:height\" content=\"900\" \/>\n\t<meta property=\"og:image:type\" content=\"image\/jpeg\" \/>\n<meta name=\"twitter:card\" content=\"summary_large_image\" \/>\n<meta name=\"twitter:label1\" content=\"Gesch\u00e4tzte Lesezeit\" \/>\n\t<meta name=\"twitter:data1\" content=\"1\u00a0Minute\" \/>\n<script type=\"application\/ld+json\" class=\"yoast-schema-graph\">{\"@context\":\"https:\/\/schema.org\",\"@graph\":[{\"@type\":\"WebPage\",\"@id\":\"https:\/\/ekkla.ch\/de\/produit\/hangeleuchte-hyphen-chromatisches-schwarz-darmes\/\",\"url\":\"https:\/\/ekkla.ch\/de\/produit\/hangeleuchte-hyphen-chromatisches-schwarz-darmes\/\",\"name\":\"Darmes | H\u00e4ngeleuchte Hyphen Schwarz | Hohe Qualit\u00e4t | Ekkla\",\"isPartOf\":{\"@id\":\"https:\/\/ekkla.ch\/#website\"},\"primaryImageOfPage\":{\"@id\":\"https:\/\/ekkla.ch\/de\/produit\/hangeleuchte-hyphen-chromatisches-schwarz-darmes\/#primaryimage\"},\"image\":{\"@id\":\"https:\/\/ekkla.ch\/de\/produit\/hangeleuchte-hyphen-chromatisches-schwarz-darmes\/#primaryimage\"},\"thumbnailUrl\":\"https:\/\/ekkla.ch\/wp-content\/uploads\/2023\/02\/Ekkla-Light-Darmes_0014_Copie-de-HYPEBC_Sans-Fond-20220510.jpg\",\"datePublished\":\"2023-02-21T14:16:05+00:00\",\"dateModified\":\"2025-03-14T09:47:20+00:00\",\"description\":\"Die Hyphen-H\u00e4ngeleuchten bestehen aus 2 zylindrischen K\u00f6rpern, die in der Mitte verbunden sind, um ihre Ausrichtung zu ver\u00e4ndern. Perfekt f\u00fcrs Wohnzimmer.\",\"breadcrumb\":{\"@id\":\"https:\/\/ekkla.ch\/de\/produit\/hangeleuchte-hyphen-chromatisches-schwarz-darmes\/#breadcrumb\"},\"inLanguage\":\"de\",\"potentialAction\":[{\"@type\":\"ReadAction\",\"target\":[\"https:\/\/ekkla.ch\/de\/produit\/hangeleuchte-hyphen-chromatisches-schwarz-darmes\/\"]}]},{\"@type\":\"ImageObject\",\"inLanguage\":\"de\",\"@id\":\"https:\/\/ekkla.ch\/de\/produit\/hangeleuchte-hyphen-chromatisches-schwarz-darmes\/#primaryimage\",\"url\":\"https:\/\/ekkla.ch\/wp-content\/uploads\/2023\/02\/Ekkla-Light-Darmes_0014_Copie-de-HYPEBC_Sans-Fond-20220510.jpg\",\"contentUrl\":\"https:\/\/ekkla.ch\/wp-content\/uploads\/2023\/02\/Ekkla-Light-Darmes_0014_Copie-de-HYPEBC_Sans-Fond-20220510.jpg\",\"width\":900,\"height\":900},{\"@type\":\"BreadcrumbList\",\"@id\":\"https:\/\/ekkla.ch\/de\/produit\/hangeleuchte-hyphen-chromatisches-schwarz-darmes\/#breadcrumb\",\"itemListElement\":[{\"@type\":\"ListItem\",\"position\":1,\"name\":\"Home\",\"item\":\"https:\/\/ekkla.ch\/de\/\"},{\"@type\":\"ListItem\",\"position\":2,\"name\":\"Shop\",\"item\":\"https:\/\/ekkla.ch\/de\/shop\/\"},{\"@type\":\"ListItem\",\"position\":3,\"name\":\"H\u00e4ngeleuchte Hyphen - Chromatisches Schwarz - Darmes\"}]},{\"@type\":\"WebSite\",\"@id\":\"https:\/\/ekkla.ch\/#website\",\"url\":\"https:\/\/ekkla.ch\/\",\"name\":\"Ekkla\",\"description\":\"Der Onlineshop f\u00fcr Beleuchtung\",\"publisher\":{\"@id\":\"https:\/\/ekkla.ch\/#organization\"},\"potentialAction\":[{\"@type\":\"SearchAction\",\"target\":{\"@type\":\"EntryPoint\",\"urlTemplate\":\"https:\/\/ekkla.ch\/?s={search_term_string}\"},\"query-input\":\"required name=search_term_string\"}],\"inLanguage\":\"de\"},{\"@type\":\"Organization\",\"@id\":\"https:\/\/ekkla.ch\/#organization\",\"name\":\"Ekkla\",\"url\":\"https:\/\/ekkla.ch\/\",\"logo\":{\"@type\":\"ImageObject\",\"inLanguage\":\"de\",\"@id\":\"https:\/\/ekkla.ch\/#\/schema\/logo\/image\/\",\"url\":\"http:\/\/ekkla.ch\/wp-content\/uploads\/2019\/07\/logo-1.svg\",\"contentUrl\":\"http:\/\/ekkla.ch\/wp-content\/uploads\/2019\/07\/logo-1.svg\",\"width\":1,\"height\":1,\"caption\":\"Ekkla\"},\"image\":{\"@id\":\"https:\/\/ekkla.ch\/#\/schema\/logo\/image\/\"},\"sameAs\":[\"https:\/\/www.instagram.com\/ekkla_light\/\"]}]}<\/script>\n<!-- \/ Yoast SEO Premium plugin. -->","yoast_head_json":{"title":"Darmes | H\u00e4ngeleuchte Hyphen Schwarz | Hohe Qualit\u00e4t | Ekkla","description":"Die Hyphen-H\u00e4ngeleuchten bestehen aus 2 zylindrischen K\u00f6rpern, die in der Mitte verbunden sind, um ihre Ausrichtung zu ver\u00e4ndern. Perfekt f\u00fcrs Wohnzimmer.","robots":{"index":"index","follow":"follow","max-snippet":"max-snippet:-1","max-image-preview":"max-image-preview:large","max-video-preview":"max-video-preview:-1"},"canonical":"https:\/\/ekkla.ch\/de\/produit\/hangeleuchte-hyphen-chromatisches-schwarz-darmes\/","og_locale":"de_DE","og_type":"article","og_title":"H\u00e4ngeleuchte Hyphen - Chromatisches Schwarz - Darmes","og_description":"Die Hyphen-H\u00e4ngeleuchten bestehen aus 2 zylindrischen K\u00f6rpern, die in der Mitte verbunden sind, um ihre Ausrichtung zu ver\u00e4ndern. Perfekt f\u00fcrs Wohnzimmer.","og_url":"https:\/\/ekkla.ch\/de\/produit\/hangeleuchte-hyphen-chromatisches-schwarz-darmes\/","og_site_name":"Ekkla","article_modified_time":"2025-03-14T09:47:20+00:00","og_image":[{"width":900,"height":900,"url":"https:\/\/ekkla.ch\/wp-content\/uploads\/2023\/02\/Ekkla-Light-Darmes_0014_Copie-de-HYPEBC_Sans-Fond-20220510.jpg","type":"image\/jpeg"}],"twitter_card":"summary_large_image","twitter_misc":{"Gesch\u00e4tzte Lesezeit":"1\u00a0Minute"},"schema":{"@context":"https:\/\/schema.org","@graph":[{"@type":"WebPage","@id":"https:\/\/ekkla.ch\/de\/produit\/hangeleuchte-hyphen-chromatisches-schwarz-darmes\/","url":"https:\/\/ekkla.ch\/de\/produit\/hangeleuchte-hyphen-chromatisches-schwarz-darmes\/","name":"Darmes | H\u00e4ngeleuchte Hyphen Schwarz | Hohe Qualit\u00e4t | Ekkla","isPartOf":{"@id":"https:\/\/ekkla.ch\/#website"},"primaryImageOfPage":{"@id":"https:\/\/ekkla.ch\/de\/produit\/hangeleuchte-hyphen-chromatisches-schwarz-darmes\/#primaryimage"},"image":{"@id":"https:\/\/ekkla.ch\/de\/produit\/hangeleuchte-hyphen-chromatisches-schwarz-darmes\/#primaryimage"},"thumbnailUrl":"https:\/\/ekkla.ch\/wp-content\/uploads\/2023\/02\/Ekkla-Light-Darmes_0014_Copie-de-HYPEBC_Sans-Fond-20220510.jpg","datePublished":"2023-02-21T14:16:05+00:00","dateModified":"2025-03-14T09:47:20+00:00","description":"Die Hyphen-H\u00e4ngeleuchten bestehen aus 2 zylindrischen K\u00f6rpern, die in der Mitte verbunden sind, um ihre Ausrichtung zu ver\u00e4ndern. Perfekt f\u00fcrs Wohnzimmer.","breadcrumb":{"@id":"https:\/\/ekkla.ch\/de\/produit\/hangeleuchte-hyphen-chromatisches-schwarz-darmes\/#breadcrumb"},"inLanguage":"de","potentialAction":[{"@type":"ReadAction","target":["https:\/\/ekkla.ch\/de\/produit\/hangeleuchte-hyphen-chromatisches-schwarz-darmes\/"]}]},{"@type":"ImageObject","inLanguage":"de","@id":"https:\/\/ekkla.ch\/de\/produit\/hangeleuchte-hyphen-chromatisches-schwarz-darmes\/#primaryimage","url":"https:\/\/ekkla.ch\/wp-content\/uploads\/2023\/02\/Ekkla-Light-Darmes_0014_Copie-de-HYPEBC_Sans-Fond-20220510.jpg","contentUrl":"https:\/\/ekkla.ch\/wp-content\/uploads\/2023\/02\/Ekkla-Light-Darmes_0014_Copie-de-HYPEBC_Sans-Fond-20220510.jpg","width":900,"height":900},{"@type":"BreadcrumbList","@id":"https:\/\/ekkla.ch\/de\/produit\/hangeleuchte-hyphen-chromatisches-schwarz-darmes\/#breadcrumb","itemListElement":[{"@type":"ListItem","position":1,"name":"Home","item":"https:\/\/ekkla.ch\/de\/"},{"@type":"ListItem","position":2,"name":"Shop","item":"https:\/\/ekkla.ch\/de\/shop\/"},{"@type":"ListItem","position":3,"name":"H\u00e4ngeleuchte Hyphen - Chromatisches Schwarz - Darmes"}]},{"@type":"WebSite","@id":"https:\/\/ekkla.ch\/#website","url":"https:\/\/ekkla.ch\/","name":"Ekkla","description":"Der Onlineshop f\u00fcr Beleuchtung","publisher":{"@id":"https:\/\/ekkla.ch\/#organization"},"potentialAction":[{"@type":"SearchAction","target":{"@type":"EntryPoint","urlTemplate":"https:\/\/ekkla.ch\/?s={search_term_string}"},"query-input":"required name=search_term_string"}],"inLanguage":"de"},{"@type":"Organization","@id":"https:\/\/ekkla.ch\/#organization","name":"Ekkla","url":"https:\/\/ekkla.ch\/","logo":{"@type":"ImageObject","inLanguage":"de","@id":"https:\/\/ekkla.ch\/#\/schema\/logo\/image\/","url":"http:\/\/ekkla.ch\/wp-content\/uploads\/2019\/07\/logo-1.svg","contentUrl":"http:\/\/ekkla.ch\/wp-content\/uploads\/2019\/07\/logo-1.svg","width":1,"height":1,"caption":"Ekkla"},"image":{"@id":"https:\/\/ekkla.ch\/#\/schema\/logo\/image\/"},"sameAs":["https:\/\/www.instagram.com\/ekkla_light\/"]}]}},"_links":{"self":[{"href":"https:\/\/ekkla.ch\/de\/wp-json\/wp\/v2\/product\/168297"}],"collection":[{"href":"https:\/\/ekkla.ch\/de\/wp-json\/wp\/v2\/product"}],"about":[{"href":"https:\/\/ekkla.ch\/de\/wp-json\/wp\/v2\/types\/product"}],"wp:featuredmedia":[{"embeddable":true,"href":"https:\/\/ekkla.ch\/de\/wp-json\/wp\/v2\/media\/168608"}],"wp:attachment":[{"href":"https:\/\/ekkla.ch\/de\/wp-json\/wp\/v2\/media?parent=168297"}],"wp:term":[{"taxonomy":"product_cat","embeddable":true,"href":"https:\/\/ekkla.ch\/de\/wp-json\/wp\/v2\/product_cat?post=168297"},{"taxonomy":"product_tag","embeddable":true,"href":"https:\/\/ekkla.ch\/de\/wp-json\/wp\/v2\/product_tag?post=168297"}],"curies":[{"name":"wp","href":"https:\/\/api.w.org\/{rel}","templated":true}]}}