{"id":168319,"date":"2023-02-21T15:57:10","date_gmt":"2023-02-21T14:57:11","guid":{"rendered":"https:\/\/ekkla.ch\/?post_type=product&#038;p=168319"},"modified":"2025-03-27T08:27:38","modified_gmt":"2025-03-27T07:27:38","slug":"tischleuchte-hyphen-einfach-chromatisches-schwarz-darmes","status":"publish","type":"product","link":"https:\/\/ekkla.ch\/de\/produit\/tischleuchte-hyphen-einfach-chromatisches-schwarz-darmes\/","title":{"rendered":"Tischleuchte Hyphen einfach &#8211; Chromatisches Schwarz &#8211; Darmes"},"content":{"rendered":"<p><em>Hyphen<\/em> stammt aus dem Altgriechischen und bezeichnet die Vereinigung von zwei zu einem. Diese Kollektion wurde vom kanadischen Unternehmen Darmes und der Keramikk\u00fcnstlerin Gr\u00e9ta Jonckheere und vereint Gegens\u00e4tze. Die Modelle sind in verschiedenen Materialien erh\u00e4ltlich.<\/p>\n<p>Als Tischlampe besteht <em>Hyphen<\/em> aus einem oder zwei Modulen, die sich dank einer Halterung, die sich perfekt an ihre Formen anpasst, auf vielf\u00e4ltige Weise anordnen lassen. Die geschwungene Tischlampe Hyphen eignet sich hervorragend f\u00fcr ein Schlafzimmer oder ein Wohnzimmer, um eine angenehme Harmonie zu schaffen.<\/p>\n<p>Durch die Handfertigung der Leuchte in Kanada muss mit einer Lieferzeit von circa 5 bis 7 Wochen gerechnet werden.<\/p>\n<p><i>Dieses Modell kann kundenspezifisch angepasst werden. F\u00fcr zus\u00e4tzliche Informationen helfen wir Ihnen sehr gerne per E-Mail weiter: <\/i><a style=\"font-style: italic;\" href=\"mailto:eclaire-moi@ekkla.ch\">eclaire-moi@ekkla.ch<\/a><\/p>\n<blockquote>\n<h2 style=\"text-align: left;\">Merkmale &amp; Eigenschaften<\/h2>\n<p><strong>Marke<\/strong> Darmes<\/p>\n<p style=\"text-align: left;\"><strong>Farbe<\/strong> Chromatisches\u00a0Schwarz<\/p>\n<p style=\"text-align: left;\"><strong>Material<\/strong>\u00a0Stahl<\/p>\n<p style=\"text-align: left;\"><strong>Gl\u00fchbirne<\/strong> PAR30S LED (inbegriffen)<\/p>\n<p><strong>Leistung (lm)<\/strong> 1000<\/p>\n<p><strong>Farbtemperatur<\/strong>\u00a0<strong>(k)<\/strong>\u00a03000<\/p>\n<p style=\"text-align: left;\"><strong>H\u00f6he (cm)<\/strong>\u00a015<\/p>\n<p><strong>Breite (cm) <\/strong>11<\/p>\n<p><strong>L\u00e4nge (cm)<\/strong> 32<\/p><\/blockquote>\n","protected":false},"excerpt":{"rendered":"<p>Hyphen stammt aus dem Altgriechischen und bezeichnet die Vereinigung von zwei zu einem. Diese Kollektion wurde vom kanadischen Unternehmen Darmes und der Keramikk\u00fcnstlerin Gr\u00e9ta Jonckheere und vereint Gegens\u00e4tze. Die Modelle sind in verschiedenen Materialien erh\u00e4ltlich. Als Tischlampe besteht Hyphen aus einem oder zwei Modulen, die sich dank einer Halterung, die sich perfekt an ihre Formen [&hellip;]<\/p>\n","protected":false},"featured_media":168626,"template":"","meta":{"_acf_changed":false,"om_disable_all_campaigns":false},"product_cat":[290],"product_tag":[1256,1265,801],"bundled_by":[],"bundle_stock_status":"onbackorder","bundle_stock_quantity":null,"bundle_virtual":false,"bundle_layout":"","bundle_add_to_cart_form_location":"","bundle_editable_in_cart":false,"bundle_sold_individually_context":"","bundle_item_grouping":"","bundle_min_size":"","bundle_max_size":"","bundle_price":[],"bundled_items":[],"bundle_sell_ids":[],"acf":[],"yoast_head":"<!-- This site is optimized with the Yoast SEO Premium plugin v22.2 (Yoast SEO v22.8) - https:\/\/yoast.com\/wordpress\/plugins\/seo\/ -->\n<title>Darmes | Tischleuchte Hyphen einfach | Hohe Qualit\u00e4t | Ekkla<\/title>\n<meta name=\"description\" content=\"Als Tischlampe besteht Hyphen aus einem oder zwei Modulen, die sich dank einer anpassungsf\u00e4higen Halterung auf vielf\u00e4ltige Weise anordnen lassen.\" \/>\n<meta name=\"robots\" content=\"index, follow, max-snippet:-1, max-image-preview:large, max-video-preview:-1\" \/>\n<link rel=\"canonical\" href=\"https:\/\/ekkla.ch\/de\/produit\/tischleuchte-hyphen-einfach-chromatisches-schwarz-darmes\/\" \/>\n<meta property=\"og:locale\" content=\"de_DE\" \/>\n<meta property=\"og:type\" content=\"article\" \/>\n<meta property=\"og:title\" content=\"Tischleuchte Hyphen einfach - Chromatisches Schwarz - Darmes\" \/>\n<meta property=\"og:description\" content=\"Als Tischlampe besteht Hyphen aus einem oder zwei Modulen, die sich dank einer anpassungsf\u00e4higen Halterung auf vielf\u00e4ltige Weise anordnen lassen.\" \/>\n<meta property=\"og:url\" content=\"https:\/\/ekkla.ch\/de\/produit\/tischleuchte-hyphen-einfach-chromatisches-schwarz-darmes\/\" \/>\n<meta property=\"og:site_name\" content=\"Ekkla\" \/>\n<meta property=\"article:modified_time\" content=\"2025-03-27T07:27:38+00:00\" \/>\n<meta property=\"og:image\" content=\"https:\/\/ekkla.ch\/wp-content\/uploads\/2023\/02\/Ekkla-Light-Darmes_0003_Copie-de-HYTASIBC_Sans-Fond-20220510.jpg\" \/>\n\t<meta property=\"og:image:width\" content=\"900\" \/>\n\t<meta property=\"og:image:height\" content=\"900\" \/>\n\t<meta property=\"og:image:type\" content=\"image\/jpeg\" \/>\n<meta name=\"twitter:card\" content=\"summary_large_image\" \/>\n<meta name=\"twitter:label1\" content=\"Gesch\u00e4tzte Lesezeit\" \/>\n\t<meta name=\"twitter:data1\" content=\"1\u00a0Minute\" \/>\n<script type=\"application\/ld+json\" class=\"yoast-schema-graph\">{\"@context\":\"https:\/\/schema.org\",\"@graph\":[{\"@type\":\"WebPage\",\"@id\":\"https:\/\/ekkla.ch\/de\/produit\/tischleuchte-hyphen-einfach-chromatisches-schwarz-darmes\/\",\"url\":\"https:\/\/ekkla.ch\/de\/produit\/tischleuchte-hyphen-einfach-chromatisches-schwarz-darmes\/\",\"name\":\"Darmes | Tischleuchte Hyphen einfach | Hohe Qualit\u00e4t | Ekkla\",\"isPartOf\":{\"@id\":\"https:\/\/ekkla.ch\/#website\"},\"primaryImageOfPage\":{\"@id\":\"https:\/\/ekkla.ch\/de\/produit\/tischleuchte-hyphen-einfach-chromatisches-schwarz-darmes\/#primaryimage\"},\"image\":{\"@id\":\"https:\/\/ekkla.ch\/de\/produit\/tischleuchte-hyphen-einfach-chromatisches-schwarz-darmes\/#primaryimage\"},\"thumbnailUrl\":\"https:\/\/ekkla.ch\/wp-content\/uploads\/2023\/02\/Ekkla-Light-Darmes_0003_Copie-de-HYTASIBC_Sans-Fond-20220510.jpg\",\"datePublished\":\"2023-02-21T14:57:11+00:00\",\"dateModified\":\"2025-03-27T07:27:38+00:00\",\"description\":\"Als Tischlampe besteht Hyphen aus einem oder zwei Modulen, die sich dank einer anpassungsf\u00e4higen Halterung auf vielf\u00e4ltige Weise anordnen lassen.\",\"breadcrumb\":{\"@id\":\"https:\/\/ekkla.ch\/de\/produit\/tischleuchte-hyphen-einfach-chromatisches-schwarz-darmes\/#breadcrumb\"},\"inLanguage\":\"de\",\"potentialAction\":[{\"@type\":\"ReadAction\",\"target\":[\"https:\/\/ekkla.ch\/de\/produit\/tischleuchte-hyphen-einfach-chromatisches-schwarz-darmes\/\"]}]},{\"@type\":\"ImageObject\",\"inLanguage\":\"de\",\"@id\":\"https:\/\/ekkla.ch\/de\/produit\/tischleuchte-hyphen-einfach-chromatisches-schwarz-darmes\/#primaryimage\",\"url\":\"https:\/\/ekkla.ch\/wp-content\/uploads\/2023\/02\/Ekkla-Light-Darmes_0003_Copie-de-HYTASIBC_Sans-Fond-20220510.jpg\",\"contentUrl\":\"https:\/\/ekkla.ch\/wp-content\/uploads\/2023\/02\/Ekkla-Light-Darmes_0003_Copie-de-HYTASIBC_Sans-Fond-20220510.jpg\",\"width\":900,\"height\":900},{\"@type\":\"BreadcrumbList\",\"@id\":\"https:\/\/ekkla.ch\/de\/produit\/tischleuchte-hyphen-einfach-chromatisches-schwarz-darmes\/#breadcrumb\",\"itemListElement\":[{\"@type\":\"ListItem\",\"position\":1,\"name\":\"Home\",\"item\":\"https:\/\/ekkla.ch\/de\/\"},{\"@type\":\"ListItem\",\"position\":2,\"name\":\"Shop\",\"item\":\"https:\/\/ekkla.ch\/de\/shop\/\"},{\"@type\":\"ListItem\",\"position\":3,\"name\":\"Tischleuchte Hyphen einfach - Chromatisches Schwarz - Darmes\"}]},{\"@type\":\"WebSite\",\"@id\":\"https:\/\/ekkla.ch\/#website\",\"url\":\"https:\/\/ekkla.ch\/\",\"name\":\"Ekkla\",\"description\":\"Der Onlineshop f\u00fcr Beleuchtung\",\"publisher\":{\"@id\":\"https:\/\/ekkla.ch\/#organization\"},\"potentialAction\":[{\"@type\":\"SearchAction\",\"target\":{\"@type\":\"EntryPoint\",\"urlTemplate\":\"https:\/\/ekkla.ch\/?s={search_term_string}\"},\"query-input\":\"required name=search_term_string\"}],\"inLanguage\":\"de\"},{\"@type\":\"Organization\",\"@id\":\"https:\/\/ekkla.ch\/#organization\",\"name\":\"Ekkla\",\"url\":\"https:\/\/ekkla.ch\/\",\"logo\":{\"@type\":\"ImageObject\",\"inLanguage\":\"de\",\"@id\":\"https:\/\/ekkla.ch\/#\/schema\/logo\/image\/\",\"url\":\"http:\/\/ekkla.ch\/wp-content\/uploads\/2019\/07\/logo-1.svg\",\"contentUrl\":\"http:\/\/ekkla.ch\/wp-content\/uploads\/2019\/07\/logo-1.svg\",\"width\":1,\"height\":1,\"caption\":\"Ekkla\"},\"image\":{\"@id\":\"https:\/\/ekkla.ch\/#\/schema\/logo\/image\/\"},\"sameAs\":[\"https:\/\/www.instagram.com\/ekkla_light\/\"]}]}<\/script>\n<!-- \/ Yoast SEO Premium plugin. -->","yoast_head_json":{"title":"Darmes | Tischleuchte Hyphen einfach | Hohe Qualit\u00e4t | Ekkla","description":"Als Tischlampe besteht Hyphen aus einem oder zwei Modulen, die sich dank einer anpassungsf\u00e4higen Halterung auf vielf\u00e4ltige Weise anordnen lassen.","robots":{"index":"index","follow":"follow","max-snippet":"max-snippet:-1","max-image-preview":"max-image-preview:large","max-video-preview":"max-video-preview:-1"},"canonical":"https:\/\/ekkla.ch\/de\/produit\/tischleuchte-hyphen-einfach-chromatisches-schwarz-darmes\/","og_locale":"de_DE","og_type":"article","og_title":"Tischleuchte Hyphen einfach - Chromatisches Schwarz - Darmes","og_description":"Als Tischlampe besteht Hyphen aus einem oder zwei Modulen, die sich dank einer anpassungsf\u00e4higen Halterung auf vielf\u00e4ltige Weise anordnen lassen.","og_url":"https:\/\/ekkla.ch\/de\/produit\/tischleuchte-hyphen-einfach-chromatisches-schwarz-darmes\/","og_site_name":"Ekkla","article_modified_time":"2025-03-27T07:27:38+00:00","og_image":[{"width":900,"height":900,"url":"https:\/\/ekkla.ch\/wp-content\/uploads\/2023\/02\/Ekkla-Light-Darmes_0003_Copie-de-HYTASIBC_Sans-Fond-20220510.jpg","type":"image\/jpeg"}],"twitter_card":"summary_large_image","twitter_misc":{"Gesch\u00e4tzte Lesezeit":"1\u00a0Minute"},"schema":{"@context":"https:\/\/schema.org","@graph":[{"@type":"WebPage","@id":"https:\/\/ekkla.ch\/de\/produit\/tischleuchte-hyphen-einfach-chromatisches-schwarz-darmes\/","url":"https:\/\/ekkla.ch\/de\/produit\/tischleuchte-hyphen-einfach-chromatisches-schwarz-darmes\/","name":"Darmes | Tischleuchte Hyphen einfach | Hohe Qualit\u00e4t | Ekkla","isPartOf":{"@id":"https:\/\/ekkla.ch\/#website"},"primaryImageOfPage":{"@id":"https:\/\/ekkla.ch\/de\/produit\/tischleuchte-hyphen-einfach-chromatisches-schwarz-darmes\/#primaryimage"},"image":{"@id":"https:\/\/ekkla.ch\/de\/produit\/tischleuchte-hyphen-einfach-chromatisches-schwarz-darmes\/#primaryimage"},"thumbnailUrl":"https:\/\/ekkla.ch\/wp-content\/uploads\/2023\/02\/Ekkla-Light-Darmes_0003_Copie-de-HYTASIBC_Sans-Fond-20220510.jpg","datePublished":"2023-02-21T14:57:11+00:00","dateModified":"2025-03-27T07:27:38+00:00","description":"Als Tischlampe besteht Hyphen aus einem oder zwei Modulen, die sich dank einer anpassungsf\u00e4higen Halterung auf vielf\u00e4ltige Weise anordnen lassen.","breadcrumb":{"@id":"https:\/\/ekkla.ch\/de\/produit\/tischleuchte-hyphen-einfach-chromatisches-schwarz-darmes\/#breadcrumb"},"inLanguage":"de","potentialAction":[{"@type":"ReadAction","target":["https:\/\/ekkla.ch\/de\/produit\/tischleuchte-hyphen-einfach-chromatisches-schwarz-darmes\/"]}]},{"@type":"ImageObject","inLanguage":"de","@id":"https:\/\/ekkla.ch\/de\/produit\/tischleuchte-hyphen-einfach-chromatisches-schwarz-darmes\/#primaryimage","url":"https:\/\/ekkla.ch\/wp-content\/uploads\/2023\/02\/Ekkla-Light-Darmes_0003_Copie-de-HYTASIBC_Sans-Fond-20220510.jpg","contentUrl":"https:\/\/ekkla.ch\/wp-content\/uploads\/2023\/02\/Ekkla-Light-Darmes_0003_Copie-de-HYTASIBC_Sans-Fond-20220510.jpg","width":900,"height":900},{"@type":"BreadcrumbList","@id":"https:\/\/ekkla.ch\/de\/produit\/tischleuchte-hyphen-einfach-chromatisches-schwarz-darmes\/#breadcrumb","itemListElement":[{"@type":"ListItem","position":1,"name":"Home","item":"https:\/\/ekkla.ch\/de\/"},{"@type":"ListItem","position":2,"name":"Shop","item":"https:\/\/ekkla.ch\/de\/shop\/"},{"@type":"ListItem","position":3,"name":"Tischleuchte Hyphen einfach - Chromatisches Schwarz - Darmes"}]},{"@type":"WebSite","@id":"https:\/\/ekkla.ch\/#website","url":"https:\/\/ekkla.ch\/","name":"Ekkla","description":"Der Onlineshop f\u00fcr Beleuchtung","publisher":{"@id":"https:\/\/ekkla.ch\/#organization"},"potentialAction":[{"@type":"SearchAction","target":{"@type":"EntryPoint","urlTemplate":"https:\/\/ekkla.ch\/?s={search_term_string}"},"query-input":"required name=search_term_string"}],"inLanguage":"de"},{"@type":"Organization","@id":"https:\/\/ekkla.ch\/#organization","name":"Ekkla","url":"https:\/\/ekkla.ch\/","logo":{"@type":"ImageObject","inLanguage":"de","@id":"https:\/\/ekkla.ch\/#\/schema\/logo\/image\/","url":"http:\/\/ekkla.ch\/wp-content\/uploads\/2019\/07\/logo-1.svg","contentUrl":"http:\/\/ekkla.ch\/wp-content\/uploads\/2019\/07\/logo-1.svg","width":1,"height":1,"caption":"Ekkla"},"image":{"@id":"https:\/\/ekkla.ch\/#\/schema\/logo\/image\/"},"sameAs":["https:\/\/www.instagram.com\/ekkla_light\/"]}]}},"_links":{"self":[{"href":"https:\/\/ekkla.ch\/de\/wp-json\/wp\/v2\/product\/168319"}],"collection":[{"href":"https:\/\/ekkla.ch\/de\/wp-json\/wp\/v2\/product"}],"about":[{"href":"https:\/\/ekkla.ch\/de\/wp-json\/wp\/v2\/types\/product"}],"wp:featuredmedia":[{"embeddable":true,"href":"https:\/\/ekkla.ch\/de\/wp-json\/wp\/v2\/media\/168626"}],"wp:attachment":[{"href":"https:\/\/ekkla.ch\/de\/wp-json\/wp\/v2\/media?parent=168319"}],"wp:term":[{"taxonomy":"product_cat","embeddable":true,"href":"https:\/\/ekkla.ch\/de\/wp-json\/wp\/v2\/product_cat?post=168319"},{"taxonomy":"product_tag","embeddable":true,"href":"https:\/\/ekkla.ch\/de\/wp-json\/wp\/v2\/product_tag?post=168319"}],"curies":[{"name":"wp","href":"https:\/\/api.w.org\/{rel}","templated":true}]}}