{"id":168868,"date":"2023-02-21T13:34:44","date_gmt":"2023-02-21T12:34:44","guid":{"rendered":"https:\/\/ekkla.ch\/produit\/hangeleuchte-signal-v-440-aus-satiniertem-messing-cvl-luminaires\/"},"modified":"2023-03-09T12:09:36","modified_gmt":"2023-03-09T11:09:36","slug":"hangeleuchte-signal-v-440-aus-satiniertem-messing-cvl-luminaires","status":"publish","type":"product","link":"https:\/\/ekkla.ch\/de\/produit\/hangeleuchte-signal-v-440-aus-satiniertem-messing-cvl-luminaires\/","title":{"rendered":"H\u00e4ngeleuchte Signal V 440 aus satiniertem Messing &#8211; CVL Luminaires"},"content":{"rendered":"<p>Die ber\u00fchmte Designerin Pauline Deltour hat die H\u00e4ngeleuchte Signal f\u00fcr die emblematische franz\u00f6sische Marke CVL Luminaires entworfen.<\/p>\n<p>Die originelle und elegante H\u00e4ngeleuchte Signal sorgt f\u00fcr ein direktes, blendfreies Licht und verleiht Ihrem Zuhause einen schicken und zeitgem\u00e4ssen Look. Dar\u00fcber hinaus passt sie perfekt in alle Ihre R\u00e4ume wie das Ess-, das Wohn- oder auch Ihr Schlafzimmer und verleiht ihnen einen Hauch von Pers\u00f6nlichkeit.<\/p>\n<p>Diese Leuchte stammt aus einer handwerklichen Fertigung: sie wird von Hand zusammengesetzt und nur auf Bestellung produziert. Die Lieferzeit betr\u00e4gt 6 bis 8 Wochen.<\/p>\n<blockquote>\n<h2 style=\"text-align: left;\">Merkmale &amp; Eigenschaften<\/h2>\n<p><strong>Marke<\/strong> CVL Luminaires<\/p>\n<p style=\"text-align: left;\"><strong>Farbe<\/strong>\u00a0Satiniertes Messing<\/p>\n<p style=\"text-align: left;\"><strong>Material<\/strong>\u00a0Massives Messing<\/p>\n<p style=\"text-align: left;\"><strong>Stromversorgung<\/strong>\u00a0Integrierte LED &#8211; 1000 lumens<\/p>\n<p><strong>Lichtintensit\u00e4t (k)<\/strong> 2700<\/p>\n<p><strong>Breite (cm) <\/strong>44<\/p>\n<p><strong>Max. Kabell\u00e4nge(cm)<\/strong> 200<\/p>\n<h6>In Absprache mit der Marke ist diese Leuchte von Sonderangeboten ausgeschlossen.<\/h6>\n<\/blockquote>\n","protected":false},"excerpt":{"rendered":"<p>Die ber\u00fchmte Designerin Pauline Deltour hat die H\u00e4ngeleuchte Signal f\u00fcr die emblematische franz\u00f6sische Marke CVL Luminaires entworfen. Die originelle und elegante H\u00e4ngeleuchte Signal sorgt f\u00fcr ein direktes, blendfreies Licht und verleiht Ihrem Zuhause einen schicken und zeitgem\u00e4ssen Look. Dar\u00fcber hinaus passt sie perfekt in alle Ihre R\u00e4ume wie das Ess-, das Wohn- oder auch Ihr [&hellip;]<\/p>\n","protected":false},"featured_media":169323,"template":"","meta":{"_acf_changed":false,"om_disable_all_campaigns":false},"product_cat":[291],"product_tag":[1254,1265,801],"bundled_by":[],"bundle_stock_status":"onbackorder","bundle_stock_quantity":null,"bundle_virtual":false,"bundle_layout":"","bundle_add_to_cart_form_location":"","bundle_editable_in_cart":false,"bundle_sold_individually_context":"","bundle_item_grouping":"","bundle_min_size":"","bundle_max_size":"","bundle_price":[],"bundled_items":[],"bundle_sell_ids":[],"acf":[],"yoast_head":"<!-- This site is optimized with the Yoast SEO Premium plugin v22.2 (Yoast SEO v22.8) - https:\/\/yoast.com\/wordpress\/plugins\/seo\/ -->\n<title>CVL Luminaires | H\u00e4ngeleuchte Signal | Messing | LED | Ekkla<\/title>\n<meta name=\"description\" content=\"Die originelle und elegante H\u00e4ngeleuchte Signal sorgt f\u00fcr direktes, blendfreies Licht und schm\u00fcckt so raffiniert Ihr Zuhause.\" \/>\n<meta name=\"robots\" content=\"index, follow, max-snippet:-1, max-image-preview:large, max-video-preview:-1\" \/>\n<link rel=\"canonical\" href=\"https:\/\/ekkla.ch\/de\/produit\/hangeleuchte-signal-v-440-aus-satiniertem-messing-cvl-luminaires\/\" \/>\n<meta property=\"og:locale\" content=\"de_DE\" \/>\n<meta property=\"og:type\" content=\"article\" \/>\n<meta property=\"og:title\" content=\"H\u00e4ngeleuchte Signal V 440 aus satiniertem Messing - CVL Luminaires\" \/>\n<meta property=\"og:description\" content=\"Die originelle und elegante H\u00e4ngeleuchte Signal sorgt f\u00fcr direktes, blendfreies Licht und schm\u00fcckt so raffiniert Ihr Zuhause.\" \/>\n<meta property=\"og:url\" content=\"https:\/\/ekkla.ch\/de\/produit\/hangeleuchte-signal-v-440-aus-satiniertem-messing-cvl-luminaires\/\" \/>\n<meta property=\"og:site_name\" content=\"Ekkla\" \/>\n<meta property=\"article:modified_time\" content=\"2023-03-09T11:09:36+00:00\" \/>\n<meta property=\"og:image\" content=\"https:\/\/ekkla.ch\/wp-content\/uploads\/2023\/02\/ekkla-light-signal_0000_Signal-susp-V-.jpg\" \/>\n\t<meta property=\"og:image:width\" content=\"900\" \/>\n\t<meta property=\"og:image:height\" content=\"900\" \/>\n\t<meta property=\"og:image:type\" content=\"image\/jpeg\" \/>\n<meta name=\"twitter:card\" content=\"summary_large_image\" \/>\n<meta name=\"twitter:label1\" content=\"Gesch\u00e4tzte Lesezeit\" \/>\n\t<meta name=\"twitter:data1\" content=\"1\u00a0Minute\" \/>\n<script type=\"application\/ld+json\" class=\"yoast-schema-graph\">{\"@context\":\"https:\/\/schema.org\",\"@graph\":[{\"@type\":\"WebPage\",\"@id\":\"https:\/\/ekkla.ch\/de\/produit\/hangeleuchte-signal-v-440-aus-satiniertem-messing-cvl-luminaires\/\",\"url\":\"https:\/\/ekkla.ch\/de\/produit\/hangeleuchte-signal-v-440-aus-satiniertem-messing-cvl-luminaires\/\",\"name\":\"CVL Luminaires | H\u00e4ngeleuchte Signal | Messing | LED | Ekkla\",\"isPartOf\":{\"@id\":\"https:\/\/ekkla.ch\/#website\"},\"primaryImageOfPage\":{\"@id\":\"https:\/\/ekkla.ch\/de\/produit\/hangeleuchte-signal-v-440-aus-satiniertem-messing-cvl-luminaires\/#primaryimage\"},\"image\":{\"@id\":\"https:\/\/ekkla.ch\/de\/produit\/hangeleuchte-signal-v-440-aus-satiniertem-messing-cvl-luminaires\/#primaryimage\"},\"thumbnailUrl\":\"https:\/\/ekkla.ch\/wp-content\/uploads\/2023\/02\/ekkla-light-signal_0000_Signal-susp-V-.jpg\",\"datePublished\":\"2023-02-21T12:34:44+00:00\",\"dateModified\":\"2023-03-09T11:09:36+00:00\",\"description\":\"Die originelle und elegante H\u00e4ngeleuchte Signal sorgt f\u00fcr direktes, blendfreies Licht und schm\u00fcckt so raffiniert Ihr Zuhause.\",\"breadcrumb\":{\"@id\":\"https:\/\/ekkla.ch\/de\/produit\/hangeleuchte-signal-v-440-aus-satiniertem-messing-cvl-luminaires\/#breadcrumb\"},\"inLanguage\":\"de\",\"potentialAction\":[{\"@type\":\"ReadAction\",\"target\":[\"https:\/\/ekkla.ch\/de\/produit\/hangeleuchte-signal-v-440-aus-satiniertem-messing-cvl-luminaires\/\"]}]},{\"@type\":\"ImageObject\",\"inLanguage\":\"de\",\"@id\":\"https:\/\/ekkla.ch\/de\/produit\/hangeleuchte-signal-v-440-aus-satiniertem-messing-cvl-luminaires\/#primaryimage\",\"url\":\"https:\/\/ekkla.ch\/wp-content\/uploads\/2023\/02\/ekkla-light-signal_0000_Signal-susp-V-.jpg\",\"contentUrl\":\"https:\/\/ekkla.ch\/wp-content\/uploads\/2023\/02\/ekkla-light-signal_0000_Signal-susp-V-.jpg\",\"width\":900,\"height\":900},{\"@type\":\"BreadcrumbList\",\"@id\":\"https:\/\/ekkla.ch\/de\/produit\/hangeleuchte-signal-v-440-aus-satiniertem-messing-cvl-luminaires\/#breadcrumb\",\"itemListElement\":[{\"@type\":\"ListItem\",\"position\":1,\"name\":\"Home\",\"item\":\"https:\/\/ekkla.ch\/de\/\"},{\"@type\":\"ListItem\",\"position\":2,\"name\":\"Shop\",\"item\":\"https:\/\/ekkla.ch\/de\/shop\/\"},{\"@type\":\"ListItem\",\"position\":3,\"name\":\"H\u00e4ngeleuchte Signal V 440 aus satiniertem Messing &#8211; CVL Luminaires\"}]},{\"@type\":\"WebSite\",\"@id\":\"https:\/\/ekkla.ch\/#website\",\"url\":\"https:\/\/ekkla.ch\/\",\"name\":\"Ekkla\",\"description\":\"Der Onlineshop f\u00fcr Beleuchtung\",\"publisher\":{\"@id\":\"https:\/\/ekkla.ch\/#organization\"},\"potentialAction\":[{\"@type\":\"SearchAction\",\"target\":{\"@type\":\"EntryPoint\",\"urlTemplate\":\"https:\/\/ekkla.ch\/?s={search_term_string}\"},\"query-input\":\"required name=search_term_string\"}],\"inLanguage\":\"de\"},{\"@type\":\"Organization\",\"@id\":\"https:\/\/ekkla.ch\/#organization\",\"name\":\"Ekkla\",\"url\":\"https:\/\/ekkla.ch\/\",\"logo\":{\"@type\":\"ImageObject\",\"inLanguage\":\"de\",\"@id\":\"https:\/\/ekkla.ch\/#\/schema\/logo\/image\/\",\"url\":\"http:\/\/ekkla.ch\/wp-content\/uploads\/2019\/07\/logo-1.svg\",\"contentUrl\":\"http:\/\/ekkla.ch\/wp-content\/uploads\/2019\/07\/logo-1.svg\",\"width\":1,\"height\":1,\"caption\":\"Ekkla\"},\"image\":{\"@id\":\"https:\/\/ekkla.ch\/#\/schema\/logo\/image\/\"},\"sameAs\":[\"https:\/\/www.instagram.com\/ekkla_light\/\"]}]}<\/script>\n<!-- \/ Yoast SEO Premium plugin. -->","yoast_head_json":{"title":"CVL Luminaires | H\u00e4ngeleuchte Signal | Messing | LED | Ekkla","description":"Die originelle und elegante H\u00e4ngeleuchte Signal sorgt f\u00fcr direktes, blendfreies Licht und schm\u00fcckt so raffiniert Ihr Zuhause.","robots":{"index":"index","follow":"follow","max-snippet":"max-snippet:-1","max-image-preview":"max-image-preview:large","max-video-preview":"max-video-preview:-1"},"canonical":"https:\/\/ekkla.ch\/de\/produit\/hangeleuchte-signal-v-440-aus-satiniertem-messing-cvl-luminaires\/","og_locale":"de_DE","og_type":"article","og_title":"H\u00e4ngeleuchte Signal V 440 aus satiniertem Messing - CVL Luminaires","og_description":"Die originelle und elegante H\u00e4ngeleuchte Signal sorgt f\u00fcr direktes, blendfreies Licht und schm\u00fcckt so raffiniert Ihr Zuhause.","og_url":"https:\/\/ekkla.ch\/de\/produit\/hangeleuchte-signal-v-440-aus-satiniertem-messing-cvl-luminaires\/","og_site_name":"Ekkla","article_modified_time":"2023-03-09T11:09:36+00:00","og_image":[{"width":900,"height":900,"url":"https:\/\/ekkla.ch\/wp-content\/uploads\/2023\/02\/ekkla-light-signal_0000_Signal-susp-V-.jpg","type":"image\/jpeg"}],"twitter_card":"summary_large_image","twitter_misc":{"Gesch\u00e4tzte Lesezeit":"1\u00a0Minute"},"schema":{"@context":"https:\/\/schema.org","@graph":[{"@type":"WebPage","@id":"https:\/\/ekkla.ch\/de\/produit\/hangeleuchte-signal-v-440-aus-satiniertem-messing-cvl-luminaires\/","url":"https:\/\/ekkla.ch\/de\/produit\/hangeleuchte-signal-v-440-aus-satiniertem-messing-cvl-luminaires\/","name":"CVL Luminaires | H\u00e4ngeleuchte Signal | Messing | LED | Ekkla","isPartOf":{"@id":"https:\/\/ekkla.ch\/#website"},"primaryImageOfPage":{"@id":"https:\/\/ekkla.ch\/de\/produit\/hangeleuchte-signal-v-440-aus-satiniertem-messing-cvl-luminaires\/#primaryimage"},"image":{"@id":"https:\/\/ekkla.ch\/de\/produit\/hangeleuchte-signal-v-440-aus-satiniertem-messing-cvl-luminaires\/#primaryimage"},"thumbnailUrl":"https:\/\/ekkla.ch\/wp-content\/uploads\/2023\/02\/ekkla-light-signal_0000_Signal-susp-V-.jpg","datePublished":"2023-02-21T12:34:44+00:00","dateModified":"2023-03-09T11:09:36+00:00","description":"Die originelle und elegante H\u00e4ngeleuchte Signal sorgt f\u00fcr direktes, blendfreies Licht und schm\u00fcckt so raffiniert Ihr Zuhause.","breadcrumb":{"@id":"https:\/\/ekkla.ch\/de\/produit\/hangeleuchte-signal-v-440-aus-satiniertem-messing-cvl-luminaires\/#breadcrumb"},"inLanguage":"de","potentialAction":[{"@type":"ReadAction","target":["https:\/\/ekkla.ch\/de\/produit\/hangeleuchte-signal-v-440-aus-satiniertem-messing-cvl-luminaires\/"]}]},{"@type":"ImageObject","inLanguage":"de","@id":"https:\/\/ekkla.ch\/de\/produit\/hangeleuchte-signal-v-440-aus-satiniertem-messing-cvl-luminaires\/#primaryimage","url":"https:\/\/ekkla.ch\/wp-content\/uploads\/2023\/02\/ekkla-light-signal_0000_Signal-susp-V-.jpg","contentUrl":"https:\/\/ekkla.ch\/wp-content\/uploads\/2023\/02\/ekkla-light-signal_0000_Signal-susp-V-.jpg","width":900,"height":900},{"@type":"BreadcrumbList","@id":"https:\/\/ekkla.ch\/de\/produit\/hangeleuchte-signal-v-440-aus-satiniertem-messing-cvl-luminaires\/#breadcrumb","itemListElement":[{"@type":"ListItem","position":1,"name":"Home","item":"https:\/\/ekkla.ch\/de\/"},{"@type":"ListItem","position":2,"name":"Shop","item":"https:\/\/ekkla.ch\/de\/shop\/"},{"@type":"ListItem","position":3,"name":"H\u00e4ngeleuchte Signal V 440 aus satiniertem Messing &#8211; CVL Luminaires"}]},{"@type":"WebSite","@id":"https:\/\/ekkla.ch\/#website","url":"https:\/\/ekkla.ch\/","name":"Ekkla","description":"Der Onlineshop f\u00fcr Beleuchtung","publisher":{"@id":"https:\/\/ekkla.ch\/#organization"},"potentialAction":[{"@type":"SearchAction","target":{"@type":"EntryPoint","urlTemplate":"https:\/\/ekkla.ch\/?s={search_term_string}"},"query-input":"required name=search_term_string"}],"inLanguage":"de"},{"@type":"Organization","@id":"https:\/\/ekkla.ch\/#organization","name":"Ekkla","url":"https:\/\/ekkla.ch\/","logo":{"@type":"ImageObject","inLanguage":"de","@id":"https:\/\/ekkla.ch\/#\/schema\/logo\/image\/","url":"http:\/\/ekkla.ch\/wp-content\/uploads\/2019\/07\/logo-1.svg","contentUrl":"http:\/\/ekkla.ch\/wp-content\/uploads\/2019\/07\/logo-1.svg","width":1,"height":1,"caption":"Ekkla"},"image":{"@id":"https:\/\/ekkla.ch\/#\/schema\/logo\/image\/"},"sameAs":["https:\/\/www.instagram.com\/ekkla_light\/"]}]}},"_links":{"self":[{"href":"https:\/\/ekkla.ch\/de\/wp-json\/wp\/v2\/product\/168868"}],"collection":[{"href":"https:\/\/ekkla.ch\/de\/wp-json\/wp\/v2\/product"}],"about":[{"href":"https:\/\/ekkla.ch\/de\/wp-json\/wp\/v2\/types\/product"}],"wp:featuredmedia":[{"embeddable":true,"href":"https:\/\/ekkla.ch\/de\/wp-json\/wp\/v2\/media\/169323"}],"wp:attachment":[{"href":"https:\/\/ekkla.ch\/de\/wp-json\/wp\/v2\/media?parent=168868"}],"wp:term":[{"taxonomy":"product_cat","embeddable":true,"href":"https:\/\/ekkla.ch\/de\/wp-json\/wp\/v2\/product_cat?post=168868"},{"taxonomy":"product_tag","embeddable":true,"href":"https:\/\/ekkla.ch\/de\/wp-json\/wp\/v2\/product_tag?post=168868"}],"curies":[{"name":"wp","href":"https:\/\/api.w.org\/{rel}","templated":true}]}}