{"id":168918,"date":"2023-02-21T16:16:38","date_gmt":"2023-02-21T15:16:38","guid":{"rendered":"https:\/\/ekkla.ch\/produit\/wandleuchte-atmos-racine-o84-satiniertes-graphit-cvl-luminaires\/"},"modified":"2023-03-02T15:36:16","modified_gmt":"2023-03-02T14:36:16","slug":"wandleuchte-atmos-racine-o84-satiniertes-graphit-cvl-luminaires","status":"publish","type":"product","link":"https:\/\/ekkla.ch\/de\/produit\/wandleuchte-atmos-racine-o84-satiniertes-graphit-cvl-luminaires\/","title":{"rendered":"Wandleuchte Atmos Racine &#8211; \u00d884 &#8211; Satinierter Graphit &#8211; CVL Luminaires"},"content":{"rendered":"<p>Die Racine-Wandleuchten sind Teil der von Emilie Cathelineau entworfenen Atmos-Kollektion. In der Mitte ihres grossen, durchbrochenen Kranzes reihen sich die konzentrischen Scheiben von Atmos bis zu ihrem leuchtenden Herzen aneinander. Im ausgeschalteten Zustand ist die Wanddekoration matt, im eingeschalteten Zustand strahlt sie dank der in ihrem Herzen integrierten LED-Platine ein warmes und indirektes Licht aus. Sie ist ideal, um sie in Gemeinschaftsr\u00e4umen wie Ihrem Wohnzimmer, Esszimmer, Ihrer K\u00fcche oder auch Ihrem Flur anzubringen. F\u00fcr einen noch \u00fcberraschenderen und originelleren Effekt k\u00f6nnen Sie gut mehrere Wandleuchten miteinander kombinieren!<\/p>\n<p>Diese Leuchte stammt aus einer handwerklichen Fertigung: sie wird von Hand zusammengesetzt und nur auf Bestellung produziert. Die Lieferzeit betr\u00e4gt 6 bis 8 Wochen.<\/p>\n<blockquote>\n<h2 style=\"text-align: left;\">Merkmale &amp; Eigenschaften<\/h2>\n<p><strong>Marke<\/strong> CVL Luminaires<\/p>\n<p style=\"text-align: left;\"><strong>Farbe<\/strong>\u00a0Satinierter Graphit<\/p>\n<p style=\"text-align: left;\"><strong>Material<\/strong>\u00a0Massives Messing<\/p>\n<p style=\"text-align: left;\"><strong>Stromversorgung<\/strong>\u00a0Integrierte LED<\/p>\n<p style=\"text-align: left;\"><strong>Lichtintensit\u00e4t (lm)<\/strong> 1710<\/p>\n<p><strong>Lichtfarbe (k)\u00a0<\/strong>2700<\/p>\n<p style=\"text-align: left;\"><strong>Durchmesser (cm)<\/strong>\u00a084<\/p>\n<h6>In Absprache mit der Marke ist diese Leuchte von Sonderangeboten ausgeschlossen.<\/h6>\n<\/blockquote>\n","protected":false},"excerpt":{"rendered":"<p>Die Racine-Wandleuchten sind Teil der von Emilie Cathelineau entworfenen Atmos-Kollektion. In der Mitte ihres grossen, durchbrochenen Kranzes reihen sich die konzentrischen Scheiben von Atmos bis zu ihrem leuchtenden Herzen aneinander. Im ausgeschalteten Zustand ist die Wanddekoration matt, im eingeschalteten Zustand strahlt sie dank der in ihrem Herzen integrierten LED-Platine ein warmes und indirektes Licht aus. [&hellip;]<\/p>\n","protected":false},"featured_media":169254,"template":"","meta":{"_acf_changed":false,"om_disable_all_campaigns":false},"product_cat":[286],"product_tag":[1254,1265,801],"bundled_by":[],"bundle_stock_status":"onbackorder","bundle_stock_quantity":null,"bundle_virtual":false,"bundle_layout":"","bundle_add_to_cart_form_location":"","bundle_editable_in_cart":false,"bundle_sold_individually_context":"","bundle_item_grouping":"","bundle_min_size":"","bundle_max_size":"","bundle_price":[],"bundled_items":[],"bundle_sell_ids":[],"acf":[],"yoast_head":"<!-- This site is optimized with the Yoast SEO Premium plugin v22.2 (Yoast SEO v22.8) - https:\/\/yoast.com\/wordpress\/plugins\/seo\/ -->\n<title>CVL Luminaires | Wandleuchte Atmos Racine | LED | Ekkla<\/title>\n<meta name=\"description\" content=\"Eine Wandleuchte mit integrierter LED im originellen und schlichten Design. Mit ihrem Graphit-Finish verleiht sie Ihrem Zuhause einen Hauch von Art-Deco.\" \/>\n<meta name=\"robots\" content=\"index, follow, max-snippet:-1, max-image-preview:large, max-video-preview:-1\" \/>\n<link rel=\"canonical\" href=\"https:\/\/ekkla.ch\/de\/produit\/wandleuchte-atmos-racine-o84-satiniertes-graphit-cvl-luminaires\/\" \/>\n<meta property=\"og:locale\" content=\"de_DE\" \/>\n<meta property=\"og:type\" content=\"article\" \/>\n<meta property=\"og:title\" content=\"Wandleuchte Atmos Racine - \u00d884 - Satinierter Graphit - CVL Luminaires\" \/>\n<meta property=\"og:description\" content=\"Eine Wandleuchte mit integrierter LED im originellen und schlichten Design. Mit ihrem Graphit-Finish verleiht sie Ihrem Zuhause einen Hauch von Art-Deco.\" \/>\n<meta property=\"og:url\" content=\"https:\/\/ekkla.ch\/de\/produit\/wandleuchte-atmos-racine-o84-satiniertes-graphit-cvl-luminaires\/\" \/>\n<meta property=\"og:site_name\" content=\"Ekkla\" \/>\n<meta property=\"article:modified_time\" content=\"2023-03-02T14:36:16+00:00\" \/>\n<meta property=\"og:image\" content=\"https:\/\/ekkla.ch\/wp-content\/uploads\/2023\/02\/Luminaire_0026_hd_applique_atmos_racine_graphite_cvl_ekkla_light2.jpg\" \/>\n\t<meta property=\"og:image:width\" content=\"900\" \/>\n\t<meta property=\"og:image:height\" content=\"900\" \/>\n\t<meta property=\"og:image:type\" content=\"image\/jpeg\" \/>\n<meta name=\"twitter:card\" content=\"summary_large_image\" \/>\n<meta name=\"twitter:label1\" content=\"Gesch\u00e4tzte Lesezeit\" \/>\n\t<meta name=\"twitter:data1\" content=\"1\u00a0Minute\" \/>\n<script type=\"application\/ld+json\" class=\"yoast-schema-graph\">{\"@context\":\"https:\/\/schema.org\",\"@graph\":[{\"@type\":\"WebPage\",\"@id\":\"https:\/\/ekkla.ch\/de\/produit\/wandleuchte-atmos-racine-o84-satiniertes-graphit-cvl-luminaires\/\",\"url\":\"https:\/\/ekkla.ch\/de\/produit\/wandleuchte-atmos-racine-o84-satiniertes-graphit-cvl-luminaires\/\",\"name\":\"CVL Luminaires | Wandleuchte Atmos Racine | LED | Ekkla\",\"isPartOf\":{\"@id\":\"https:\/\/ekkla.ch\/#website\"},\"primaryImageOfPage\":{\"@id\":\"https:\/\/ekkla.ch\/de\/produit\/wandleuchte-atmos-racine-o84-satiniertes-graphit-cvl-luminaires\/#primaryimage\"},\"image\":{\"@id\":\"https:\/\/ekkla.ch\/de\/produit\/wandleuchte-atmos-racine-o84-satiniertes-graphit-cvl-luminaires\/#primaryimage\"},\"thumbnailUrl\":\"https:\/\/ekkla.ch\/wp-content\/uploads\/2023\/02\/Luminaire_0026_hd_applique_atmos_racine_graphite_cvl_ekkla_light2.jpg\",\"datePublished\":\"2023-02-21T15:16:38+00:00\",\"dateModified\":\"2023-03-02T14:36:16+00:00\",\"description\":\"Eine Wandleuchte mit integrierter LED im originellen und schlichten Design. Mit ihrem Graphit-Finish verleiht sie Ihrem Zuhause einen Hauch von Art-Deco.\",\"breadcrumb\":{\"@id\":\"https:\/\/ekkla.ch\/de\/produit\/wandleuchte-atmos-racine-o84-satiniertes-graphit-cvl-luminaires\/#breadcrumb\"},\"inLanguage\":\"de\",\"potentialAction\":[{\"@type\":\"ReadAction\",\"target\":[\"https:\/\/ekkla.ch\/de\/produit\/wandleuchte-atmos-racine-o84-satiniertes-graphit-cvl-luminaires\/\"]}]},{\"@type\":\"ImageObject\",\"inLanguage\":\"de\",\"@id\":\"https:\/\/ekkla.ch\/de\/produit\/wandleuchte-atmos-racine-o84-satiniertes-graphit-cvl-luminaires\/#primaryimage\",\"url\":\"https:\/\/ekkla.ch\/wp-content\/uploads\/2023\/02\/Luminaire_0026_hd_applique_atmos_racine_graphite_cvl_ekkla_light2.jpg\",\"contentUrl\":\"https:\/\/ekkla.ch\/wp-content\/uploads\/2023\/02\/Luminaire_0026_hd_applique_atmos_racine_graphite_cvl_ekkla_light2.jpg\",\"width\":900,\"height\":900},{\"@type\":\"BreadcrumbList\",\"@id\":\"https:\/\/ekkla.ch\/de\/produit\/wandleuchte-atmos-racine-o84-satiniertes-graphit-cvl-luminaires\/#breadcrumb\",\"itemListElement\":[{\"@type\":\"ListItem\",\"position\":1,\"name\":\"Home\",\"item\":\"https:\/\/ekkla.ch\/de\/\"},{\"@type\":\"ListItem\",\"position\":2,\"name\":\"Shop\",\"item\":\"https:\/\/ekkla.ch\/de\/shop\/\"},{\"@type\":\"ListItem\",\"position\":3,\"name\":\"Wandleuchte Atmos Racine &#8211; \u00d884 &#8211; Satinierter Graphit &#8211; CVL Luminaires\"}]},{\"@type\":\"WebSite\",\"@id\":\"https:\/\/ekkla.ch\/#website\",\"url\":\"https:\/\/ekkla.ch\/\",\"name\":\"Ekkla\",\"description\":\"Der Onlineshop f\u00fcr Beleuchtung\",\"publisher\":{\"@id\":\"https:\/\/ekkla.ch\/#organization\"},\"potentialAction\":[{\"@type\":\"SearchAction\",\"target\":{\"@type\":\"EntryPoint\",\"urlTemplate\":\"https:\/\/ekkla.ch\/?s={search_term_string}\"},\"query-input\":\"required name=search_term_string\"}],\"inLanguage\":\"de\"},{\"@type\":\"Organization\",\"@id\":\"https:\/\/ekkla.ch\/#organization\",\"name\":\"Ekkla\",\"url\":\"https:\/\/ekkla.ch\/\",\"logo\":{\"@type\":\"ImageObject\",\"inLanguage\":\"de\",\"@id\":\"https:\/\/ekkla.ch\/#\/schema\/logo\/image\/\",\"url\":\"http:\/\/ekkla.ch\/wp-content\/uploads\/2019\/07\/logo-1.svg\",\"contentUrl\":\"http:\/\/ekkla.ch\/wp-content\/uploads\/2019\/07\/logo-1.svg\",\"width\":1,\"height\":1,\"caption\":\"Ekkla\"},\"image\":{\"@id\":\"https:\/\/ekkla.ch\/#\/schema\/logo\/image\/\"},\"sameAs\":[\"https:\/\/www.instagram.com\/ekkla_light\/\"]}]}<\/script>\n<!-- \/ Yoast SEO Premium plugin. -->","yoast_head_json":{"title":"CVL Luminaires | Wandleuchte Atmos Racine | LED | Ekkla","description":"Eine Wandleuchte mit integrierter LED im originellen und schlichten Design. Mit ihrem Graphit-Finish verleiht sie Ihrem Zuhause einen Hauch von Art-Deco.","robots":{"index":"index","follow":"follow","max-snippet":"max-snippet:-1","max-image-preview":"max-image-preview:large","max-video-preview":"max-video-preview:-1"},"canonical":"https:\/\/ekkla.ch\/de\/produit\/wandleuchte-atmos-racine-o84-satiniertes-graphit-cvl-luminaires\/","og_locale":"de_DE","og_type":"article","og_title":"Wandleuchte Atmos Racine - \u00d884 - Satinierter Graphit - CVL Luminaires","og_description":"Eine Wandleuchte mit integrierter LED im originellen und schlichten Design. Mit ihrem Graphit-Finish verleiht sie Ihrem Zuhause einen Hauch von Art-Deco.","og_url":"https:\/\/ekkla.ch\/de\/produit\/wandleuchte-atmos-racine-o84-satiniertes-graphit-cvl-luminaires\/","og_site_name":"Ekkla","article_modified_time":"2023-03-02T14:36:16+00:00","og_image":[{"width":900,"height":900,"url":"https:\/\/ekkla.ch\/wp-content\/uploads\/2023\/02\/Luminaire_0026_hd_applique_atmos_racine_graphite_cvl_ekkla_light2.jpg","type":"image\/jpeg"}],"twitter_card":"summary_large_image","twitter_misc":{"Gesch\u00e4tzte Lesezeit":"1\u00a0Minute"},"schema":{"@context":"https:\/\/schema.org","@graph":[{"@type":"WebPage","@id":"https:\/\/ekkla.ch\/de\/produit\/wandleuchte-atmos-racine-o84-satiniertes-graphit-cvl-luminaires\/","url":"https:\/\/ekkla.ch\/de\/produit\/wandleuchte-atmos-racine-o84-satiniertes-graphit-cvl-luminaires\/","name":"CVL Luminaires | Wandleuchte Atmos Racine | LED | Ekkla","isPartOf":{"@id":"https:\/\/ekkla.ch\/#website"},"primaryImageOfPage":{"@id":"https:\/\/ekkla.ch\/de\/produit\/wandleuchte-atmos-racine-o84-satiniertes-graphit-cvl-luminaires\/#primaryimage"},"image":{"@id":"https:\/\/ekkla.ch\/de\/produit\/wandleuchte-atmos-racine-o84-satiniertes-graphit-cvl-luminaires\/#primaryimage"},"thumbnailUrl":"https:\/\/ekkla.ch\/wp-content\/uploads\/2023\/02\/Luminaire_0026_hd_applique_atmos_racine_graphite_cvl_ekkla_light2.jpg","datePublished":"2023-02-21T15:16:38+00:00","dateModified":"2023-03-02T14:36:16+00:00","description":"Eine Wandleuchte mit integrierter LED im originellen und schlichten Design. Mit ihrem Graphit-Finish verleiht sie Ihrem Zuhause einen Hauch von Art-Deco.","breadcrumb":{"@id":"https:\/\/ekkla.ch\/de\/produit\/wandleuchte-atmos-racine-o84-satiniertes-graphit-cvl-luminaires\/#breadcrumb"},"inLanguage":"de","potentialAction":[{"@type":"ReadAction","target":["https:\/\/ekkla.ch\/de\/produit\/wandleuchte-atmos-racine-o84-satiniertes-graphit-cvl-luminaires\/"]}]},{"@type":"ImageObject","inLanguage":"de","@id":"https:\/\/ekkla.ch\/de\/produit\/wandleuchte-atmos-racine-o84-satiniertes-graphit-cvl-luminaires\/#primaryimage","url":"https:\/\/ekkla.ch\/wp-content\/uploads\/2023\/02\/Luminaire_0026_hd_applique_atmos_racine_graphite_cvl_ekkla_light2.jpg","contentUrl":"https:\/\/ekkla.ch\/wp-content\/uploads\/2023\/02\/Luminaire_0026_hd_applique_atmos_racine_graphite_cvl_ekkla_light2.jpg","width":900,"height":900},{"@type":"BreadcrumbList","@id":"https:\/\/ekkla.ch\/de\/produit\/wandleuchte-atmos-racine-o84-satiniertes-graphit-cvl-luminaires\/#breadcrumb","itemListElement":[{"@type":"ListItem","position":1,"name":"Home","item":"https:\/\/ekkla.ch\/de\/"},{"@type":"ListItem","position":2,"name":"Shop","item":"https:\/\/ekkla.ch\/de\/shop\/"},{"@type":"ListItem","position":3,"name":"Wandleuchte Atmos Racine &#8211; \u00d884 &#8211; Satinierter Graphit &#8211; CVL Luminaires"}]},{"@type":"WebSite","@id":"https:\/\/ekkla.ch\/#website","url":"https:\/\/ekkla.ch\/","name":"Ekkla","description":"Der Onlineshop f\u00fcr Beleuchtung","publisher":{"@id":"https:\/\/ekkla.ch\/#organization"},"potentialAction":[{"@type":"SearchAction","target":{"@type":"EntryPoint","urlTemplate":"https:\/\/ekkla.ch\/?s={search_term_string}"},"query-input":"required name=search_term_string"}],"inLanguage":"de"},{"@type":"Organization","@id":"https:\/\/ekkla.ch\/#organization","name":"Ekkla","url":"https:\/\/ekkla.ch\/","logo":{"@type":"ImageObject","inLanguage":"de","@id":"https:\/\/ekkla.ch\/#\/schema\/logo\/image\/","url":"http:\/\/ekkla.ch\/wp-content\/uploads\/2019\/07\/logo-1.svg","contentUrl":"http:\/\/ekkla.ch\/wp-content\/uploads\/2019\/07\/logo-1.svg","width":1,"height":1,"caption":"Ekkla"},"image":{"@id":"https:\/\/ekkla.ch\/#\/schema\/logo\/image\/"},"sameAs":["https:\/\/www.instagram.com\/ekkla_light\/"]}]}},"_links":{"self":[{"href":"https:\/\/ekkla.ch\/de\/wp-json\/wp\/v2\/product\/168918"}],"collection":[{"href":"https:\/\/ekkla.ch\/de\/wp-json\/wp\/v2\/product"}],"about":[{"href":"https:\/\/ekkla.ch\/de\/wp-json\/wp\/v2\/types\/product"}],"wp:featuredmedia":[{"embeddable":true,"href":"https:\/\/ekkla.ch\/de\/wp-json\/wp\/v2\/media\/169254"}],"wp:attachment":[{"href":"https:\/\/ekkla.ch\/de\/wp-json\/wp\/v2\/media?parent=168918"}],"wp:term":[{"taxonomy":"product_cat","embeddable":true,"href":"https:\/\/ekkla.ch\/de\/wp-json\/wp\/v2\/product_cat?post=168918"},{"taxonomy":"product_tag","embeddable":true,"href":"https:\/\/ekkla.ch\/de\/wp-json\/wp\/v2\/product_tag?post=168918"}],"curies":[{"name":"wp","href":"https:\/\/api.w.org\/{rel}","templated":true}]}}