{"id":169113,"date":"2023-02-24T10:04:41","date_gmt":"2023-02-24T09:04:41","guid":{"rendered":"https:\/\/ekkla.ch\/produit\/hangeleuchte-projecteur-365-by-le-corbusier-nachtblau-o37-nemo-lighting\/"},"modified":"2023-03-06T10:41:27","modified_gmt":"2023-03-06T09:41:27","slug":"hangeleuchte-projecteur-365-by-le-corbusier-nachtblau-o37-nemo-lighting","status":"publish","type":"product","link":"https:\/\/ekkla.ch\/de\/produit\/hangeleuchte-projecteur-365-by-le-corbusier-nachtblau-o37-nemo-lighting\/","title":{"rendered":"H\u00e4ngeleuchte Projecteur 365 by Le Corbusier &#8211; Nachtblau &#8211; \u00d837 &#8211; Nemo Lighting"},"content":{"rendered":"<p>Die H\u00e4ngeleuchte <em>Projecteur 365<\/em> by Le Corbusier von Nemo Lighting ist eine vom Industriedesign inspirierte Pendelleuchte, die von dem ber\u00fchmten Architekten Le Corbusier entworfen wurde. Diese Lampe ist ideal f\u00fcr die Beleuchtung von Arbeitsbereichen, Tischen oder Theken sowie f\u00fcr die Schaffung einer industriellen und eleganten Atmosph\u00e4re in Wohn- und B\u00fcror\u00e4umen. Sie ist eine hochwertige Wahl f\u00fcr alle, die eine H\u00e4ngelampe mit elegantem Industriedesign suchen. Die Gl\u00fchbirne ist nicht inbegriffen.<\/p>\n<p>Nemo Lighting ist eine italienische Marke f\u00fcr Designerleuchten, die sich auf die Entwicklung hochwertiger Beleuchtungsl\u00f6sungen f\u00fcr Wohn- und Gesch\u00e4ftsr\u00e4ume spezialisiert hat. Die Leuchten von Nemo Lighting werden von renommierten Designern aus der ganzen Welt entworfen. Die Marke ist bestrebt, traditionelle Handwerkskunst mit innovativen Produktionstechniken zu kombinieren, um einzigartige, langlebige und funktionale Leuchten zu schaffen.<\/p>\n<blockquote>\n<h2 style=\"text-align: left;\">Merkmale &amp; Eigenschaften<\/h2>\n<p><strong>Marke<\/strong> Nemo Lighting<\/p>\n<p style=\"text-align: left;\"><strong>Farbe\u00a0<\/strong>Nachtblau<\/p>\n<p style=\"text-align: left;\"><strong>Material<\/strong> Aluminium<\/p>\n<p><b>Gl\u00fchbirne<\/b> E27 (LED dimmbar \/ HALO \/ FLUO) IP30<\/p>\n<p><strong>Max. Leistung\u00a0<\/strong>150W<\/p>\n<p><strong>H\u00f6he (cm) <\/strong>38<\/p>\n<p><strong>Durchmesser (cm)<\/strong> 37<\/p>\n<p><strong>Max. Kabell\u00e4nge (cm) <\/strong>300<\/p>\n<p><strong>Gewicht (kg) <\/strong>5,5<\/p><\/blockquote>\n","protected":false},"excerpt":{"rendered":"<p>Die H\u00e4ngeleuchte Projecteur 365 by Le Corbusier von Nemo Lighting ist eine vom Industriedesign inspirierte Pendelleuchte, die von dem ber\u00fchmten Architekten Le Corbusier entworfen wurde. Diese Lampe ist ideal f\u00fcr die Beleuchtung von Arbeitsbereichen, Tischen oder Theken sowie f\u00fcr die Schaffung einer industriellen und eleganten Atmosph\u00e4re in Wohn- und B\u00fcror\u00e4umen. Sie ist eine hochwertige Wahl [&hellip;]<\/p>\n","protected":false},"featured_media":168594,"template":"","meta":{"_acf_changed":false,"om_disable_all_campaigns":false},"product_cat":[291],"product_tag":[1254,896,1188,1265,801,816],"bundled_by":[],"bundle_stock_status":"onbackorder","bundle_stock_quantity":null,"bundle_virtual":false,"bundle_layout":"","bundle_add_to_cart_form_location":"","bundle_editable_in_cart":false,"bundle_sold_individually_context":"","bundle_item_grouping":"","bundle_min_size":"","bundle_max_size":"","bundle_price":[],"bundled_items":[],"bundle_sell_ids":[],"acf":[],"yoast_head":"<!-- This site is optimized with the Yoast SEO Premium plugin v22.2 (Yoast SEO v22.8) - https:\/\/yoast.com\/wordpress\/plugins\/seo\/ -->\n<title>Nemo Lighting | H\u00e4ngeleuchte Projecteur 365 by Le Corbusier | Ekkla<\/title>\n<meta name=\"description\" content=\"Wundersch\u00f6ne H\u00e4ngeleuchte Projecteur 365 by Le Corbusier von Nemo Lighting. Ideal f\u00fcr einen grossen Innenraum. F\u00fcr eine elegante Dekoration.\" \/>\n<meta name=\"robots\" content=\"index, follow, max-snippet:-1, max-image-preview:large, max-video-preview:-1\" \/>\n<link rel=\"canonical\" href=\"https:\/\/ekkla.ch\/de\/produit\/hangeleuchte-projecteur-365-by-le-corbusier-nachtblau-o37-nemo-lighting\/\" \/>\n<meta property=\"og:locale\" content=\"de_DE\" \/>\n<meta property=\"og:type\" content=\"article\" \/>\n<meta property=\"og:title\" content=\"H\u00e4ngeleuchte Projecteur 365 by Le Corbusier - Nachtblau - \u00d837 - Nemo Lighting\" \/>\n<meta property=\"og:description\" content=\"Wundersch\u00f6ne H\u00e4ngeleuchte Projecteur 365 by Le Corbusier von Nemo Lighting. Ideal f\u00fcr einen grossen Innenraum. F\u00fcr eine elegante Dekoration.\" \/>\n<meta property=\"og:url\" content=\"https:\/\/ekkla.ch\/de\/produit\/hangeleuchte-projecteur-365-by-le-corbusier-nachtblau-o37-nemo-lighting\/\" \/>\n<meta property=\"og:site_name\" content=\"Ekkla\" \/>\n<meta property=\"article:modified_time\" content=\"2023-03-06T09:41:27+00:00\" \/>\n<meta property=\"og:image\" content=\"https:\/\/ekkla.ch\/wp-content\/uploads\/2023\/02\/ekkla-light_0009_Suspension-Projecteur-365-by-Le-Corbusier-bleu-nuit-et-blanc-sable-fond-blanc1.jpg\" \/>\n\t<meta property=\"og:image:width\" content=\"900\" \/>\n\t<meta property=\"og:image:height\" content=\"900\" \/>\n\t<meta property=\"og:image:type\" content=\"image\/jpeg\" \/>\n<meta name=\"twitter:card\" content=\"summary_large_image\" \/>\n<meta name=\"twitter:label1\" content=\"Gesch\u00e4tzte Lesezeit\" \/>\n\t<meta name=\"twitter:data1\" content=\"1\u00a0Minute\" \/>\n<script type=\"application\/ld+json\" class=\"yoast-schema-graph\">{\"@context\":\"https:\/\/schema.org\",\"@graph\":[{\"@type\":\"WebPage\",\"@id\":\"https:\/\/ekkla.ch\/de\/produit\/hangeleuchte-projecteur-365-by-le-corbusier-nachtblau-o37-nemo-lighting\/\",\"url\":\"https:\/\/ekkla.ch\/de\/produit\/hangeleuchte-projecteur-365-by-le-corbusier-nachtblau-o37-nemo-lighting\/\",\"name\":\"Nemo Lighting | H\u00e4ngeleuchte Projecteur 365 by Le Corbusier | Ekkla\",\"isPartOf\":{\"@id\":\"https:\/\/ekkla.ch\/#website\"},\"primaryImageOfPage\":{\"@id\":\"https:\/\/ekkla.ch\/de\/produit\/hangeleuchte-projecteur-365-by-le-corbusier-nachtblau-o37-nemo-lighting\/#primaryimage\"},\"image\":{\"@id\":\"https:\/\/ekkla.ch\/de\/produit\/hangeleuchte-projecteur-365-by-le-corbusier-nachtblau-o37-nemo-lighting\/#primaryimage\"},\"thumbnailUrl\":\"https:\/\/ekkla.ch\/wp-content\/uploads\/2023\/02\/ekkla-light_0009_Suspension-Projecteur-365-by-Le-Corbusier-bleu-nuit-et-blanc-sable-fond-blanc1.jpg\",\"datePublished\":\"2023-02-24T09:04:41+00:00\",\"dateModified\":\"2023-03-06T09:41:27+00:00\",\"description\":\"Wundersch\u00f6ne H\u00e4ngeleuchte Projecteur 365 by Le Corbusier von Nemo Lighting. Ideal f\u00fcr einen grossen Innenraum. F\u00fcr eine elegante Dekoration.\",\"breadcrumb\":{\"@id\":\"https:\/\/ekkla.ch\/de\/produit\/hangeleuchte-projecteur-365-by-le-corbusier-nachtblau-o37-nemo-lighting\/#breadcrumb\"},\"inLanguage\":\"de\",\"potentialAction\":[{\"@type\":\"ReadAction\",\"target\":[\"https:\/\/ekkla.ch\/de\/produit\/hangeleuchte-projecteur-365-by-le-corbusier-nachtblau-o37-nemo-lighting\/\"]}]},{\"@type\":\"ImageObject\",\"inLanguage\":\"de\",\"@id\":\"https:\/\/ekkla.ch\/de\/produit\/hangeleuchte-projecteur-365-by-le-corbusier-nachtblau-o37-nemo-lighting\/#primaryimage\",\"url\":\"https:\/\/ekkla.ch\/wp-content\/uploads\/2023\/02\/ekkla-light_0009_Suspension-Projecteur-365-by-Le-Corbusier-bleu-nuit-et-blanc-sable-fond-blanc1.jpg\",\"contentUrl\":\"https:\/\/ekkla.ch\/wp-content\/uploads\/2023\/02\/ekkla-light_0009_Suspension-Projecteur-365-by-Le-Corbusier-bleu-nuit-et-blanc-sable-fond-blanc1.jpg\",\"width\":900,\"height\":900},{\"@type\":\"BreadcrumbList\",\"@id\":\"https:\/\/ekkla.ch\/de\/produit\/hangeleuchte-projecteur-365-by-le-corbusier-nachtblau-o37-nemo-lighting\/#breadcrumb\",\"itemListElement\":[{\"@type\":\"ListItem\",\"position\":1,\"name\":\"Home\",\"item\":\"https:\/\/ekkla.ch\/de\/\"},{\"@type\":\"ListItem\",\"position\":2,\"name\":\"Shop\",\"item\":\"https:\/\/ekkla.ch\/de\/shop\/\"},{\"@type\":\"ListItem\",\"position\":3,\"name\":\"H\u00e4ngeleuchte Projecteur 365 by Le Corbusier &#8211; Nachtblau &#8211; \u00d837 &#8211; Nemo Lighting\"}]},{\"@type\":\"WebSite\",\"@id\":\"https:\/\/ekkla.ch\/#website\",\"url\":\"https:\/\/ekkla.ch\/\",\"name\":\"Ekkla\",\"description\":\"Der Onlineshop f\u00fcr Beleuchtung\",\"publisher\":{\"@id\":\"https:\/\/ekkla.ch\/#organization\"},\"potentialAction\":[{\"@type\":\"SearchAction\",\"target\":{\"@type\":\"EntryPoint\",\"urlTemplate\":\"https:\/\/ekkla.ch\/?s={search_term_string}\"},\"query-input\":\"required name=search_term_string\"}],\"inLanguage\":\"de\"},{\"@type\":\"Organization\",\"@id\":\"https:\/\/ekkla.ch\/#organization\",\"name\":\"Ekkla\",\"url\":\"https:\/\/ekkla.ch\/\",\"logo\":{\"@type\":\"ImageObject\",\"inLanguage\":\"de\",\"@id\":\"https:\/\/ekkla.ch\/#\/schema\/logo\/image\/\",\"url\":\"http:\/\/ekkla.ch\/wp-content\/uploads\/2019\/07\/logo-1.svg\",\"contentUrl\":\"http:\/\/ekkla.ch\/wp-content\/uploads\/2019\/07\/logo-1.svg\",\"width\":1,\"height\":1,\"caption\":\"Ekkla\"},\"image\":{\"@id\":\"https:\/\/ekkla.ch\/#\/schema\/logo\/image\/\"},\"sameAs\":[\"https:\/\/www.instagram.com\/ekkla_light\/\"]}]}<\/script>\n<!-- \/ Yoast SEO Premium plugin. -->","yoast_head_json":{"title":"Nemo Lighting | H\u00e4ngeleuchte Projecteur 365 by Le Corbusier | Ekkla","description":"Wundersch\u00f6ne H\u00e4ngeleuchte Projecteur 365 by Le Corbusier von Nemo Lighting. Ideal f\u00fcr einen grossen Innenraum. F\u00fcr eine elegante Dekoration.","robots":{"index":"index","follow":"follow","max-snippet":"max-snippet:-1","max-image-preview":"max-image-preview:large","max-video-preview":"max-video-preview:-1"},"canonical":"https:\/\/ekkla.ch\/de\/produit\/hangeleuchte-projecteur-365-by-le-corbusier-nachtblau-o37-nemo-lighting\/","og_locale":"de_DE","og_type":"article","og_title":"H\u00e4ngeleuchte Projecteur 365 by Le Corbusier - Nachtblau - \u00d837 - Nemo Lighting","og_description":"Wundersch\u00f6ne H\u00e4ngeleuchte Projecteur 365 by Le Corbusier von Nemo Lighting. Ideal f\u00fcr einen grossen Innenraum. F\u00fcr eine elegante Dekoration.","og_url":"https:\/\/ekkla.ch\/de\/produit\/hangeleuchte-projecteur-365-by-le-corbusier-nachtblau-o37-nemo-lighting\/","og_site_name":"Ekkla","article_modified_time":"2023-03-06T09:41:27+00:00","og_image":[{"width":900,"height":900,"url":"https:\/\/ekkla.ch\/wp-content\/uploads\/2023\/02\/ekkla-light_0009_Suspension-Projecteur-365-by-Le-Corbusier-bleu-nuit-et-blanc-sable-fond-blanc1.jpg","type":"image\/jpeg"}],"twitter_card":"summary_large_image","twitter_misc":{"Gesch\u00e4tzte Lesezeit":"1\u00a0Minute"},"schema":{"@context":"https:\/\/schema.org","@graph":[{"@type":"WebPage","@id":"https:\/\/ekkla.ch\/de\/produit\/hangeleuchte-projecteur-365-by-le-corbusier-nachtblau-o37-nemo-lighting\/","url":"https:\/\/ekkla.ch\/de\/produit\/hangeleuchte-projecteur-365-by-le-corbusier-nachtblau-o37-nemo-lighting\/","name":"Nemo Lighting | H\u00e4ngeleuchte Projecteur 365 by Le Corbusier | Ekkla","isPartOf":{"@id":"https:\/\/ekkla.ch\/#website"},"primaryImageOfPage":{"@id":"https:\/\/ekkla.ch\/de\/produit\/hangeleuchte-projecteur-365-by-le-corbusier-nachtblau-o37-nemo-lighting\/#primaryimage"},"image":{"@id":"https:\/\/ekkla.ch\/de\/produit\/hangeleuchte-projecteur-365-by-le-corbusier-nachtblau-o37-nemo-lighting\/#primaryimage"},"thumbnailUrl":"https:\/\/ekkla.ch\/wp-content\/uploads\/2023\/02\/ekkla-light_0009_Suspension-Projecteur-365-by-Le-Corbusier-bleu-nuit-et-blanc-sable-fond-blanc1.jpg","datePublished":"2023-02-24T09:04:41+00:00","dateModified":"2023-03-06T09:41:27+00:00","description":"Wundersch\u00f6ne H\u00e4ngeleuchte Projecteur 365 by Le Corbusier von Nemo Lighting. Ideal f\u00fcr einen grossen Innenraum. F\u00fcr eine elegante Dekoration.","breadcrumb":{"@id":"https:\/\/ekkla.ch\/de\/produit\/hangeleuchte-projecteur-365-by-le-corbusier-nachtblau-o37-nemo-lighting\/#breadcrumb"},"inLanguage":"de","potentialAction":[{"@type":"ReadAction","target":["https:\/\/ekkla.ch\/de\/produit\/hangeleuchte-projecteur-365-by-le-corbusier-nachtblau-o37-nemo-lighting\/"]}]},{"@type":"ImageObject","inLanguage":"de","@id":"https:\/\/ekkla.ch\/de\/produit\/hangeleuchte-projecteur-365-by-le-corbusier-nachtblau-o37-nemo-lighting\/#primaryimage","url":"https:\/\/ekkla.ch\/wp-content\/uploads\/2023\/02\/ekkla-light_0009_Suspension-Projecteur-365-by-Le-Corbusier-bleu-nuit-et-blanc-sable-fond-blanc1.jpg","contentUrl":"https:\/\/ekkla.ch\/wp-content\/uploads\/2023\/02\/ekkla-light_0009_Suspension-Projecteur-365-by-Le-Corbusier-bleu-nuit-et-blanc-sable-fond-blanc1.jpg","width":900,"height":900},{"@type":"BreadcrumbList","@id":"https:\/\/ekkla.ch\/de\/produit\/hangeleuchte-projecteur-365-by-le-corbusier-nachtblau-o37-nemo-lighting\/#breadcrumb","itemListElement":[{"@type":"ListItem","position":1,"name":"Home","item":"https:\/\/ekkla.ch\/de\/"},{"@type":"ListItem","position":2,"name":"Shop","item":"https:\/\/ekkla.ch\/de\/shop\/"},{"@type":"ListItem","position":3,"name":"H\u00e4ngeleuchte Projecteur 365 by Le Corbusier &#8211; Nachtblau &#8211; \u00d837 &#8211; Nemo Lighting"}]},{"@type":"WebSite","@id":"https:\/\/ekkla.ch\/#website","url":"https:\/\/ekkla.ch\/","name":"Ekkla","description":"Der Onlineshop f\u00fcr Beleuchtung","publisher":{"@id":"https:\/\/ekkla.ch\/#organization"},"potentialAction":[{"@type":"SearchAction","target":{"@type":"EntryPoint","urlTemplate":"https:\/\/ekkla.ch\/?s={search_term_string}"},"query-input":"required name=search_term_string"}],"inLanguage":"de"},{"@type":"Organization","@id":"https:\/\/ekkla.ch\/#organization","name":"Ekkla","url":"https:\/\/ekkla.ch\/","logo":{"@type":"ImageObject","inLanguage":"de","@id":"https:\/\/ekkla.ch\/#\/schema\/logo\/image\/","url":"http:\/\/ekkla.ch\/wp-content\/uploads\/2019\/07\/logo-1.svg","contentUrl":"http:\/\/ekkla.ch\/wp-content\/uploads\/2019\/07\/logo-1.svg","width":1,"height":1,"caption":"Ekkla"},"image":{"@id":"https:\/\/ekkla.ch\/#\/schema\/logo\/image\/"},"sameAs":["https:\/\/www.instagram.com\/ekkla_light\/"]}]}},"_links":{"self":[{"href":"https:\/\/ekkla.ch\/de\/wp-json\/wp\/v2\/product\/169113"}],"collection":[{"href":"https:\/\/ekkla.ch\/de\/wp-json\/wp\/v2\/product"}],"about":[{"href":"https:\/\/ekkla.ch\/de\/wp-json\/wp\/v2\/types\/product"}],"wp:featuredmedia":[{"embeddable":true,"href":"https:\/\/ekkla.ch\/de\/wp-json\/wp\/v2\/media\/168594"}],"wp:attachment":[{"href":"https:\/\/ekkla.ch\/de\/wp-json\/wp\/v2\/media?parent=169113"}],"wp:term":[{"taxonomy":"product_cat","embeddable":true,"href":"https:\/\/ekkla.ch\/de\/wp-json\/wp\/v2\/product_cat?post=169113"},{"taxonomy":"product_tag","embeddable":true,"href":"https:\/\/ekkla.ch\/de\/wp-json\/wp\/v2\/product_tag?post=169113"}],"curies":[{"name":"wp","href":"https:\/\/api.w.org\/{rel}","templated":true}]}}