{"id":169122,"date":"2023-02-24T09:59:05","date_gmt":"2023-02-24T08:59:05","guid":{"rendered":"https:\/\/ekkla.ch\/produit\/tischleuchte-pivotante-weiss-o125-nemo-lighting\/"},"modified":"2023-03-06T10:56:45","modified_gmt":"2023-03-06T09:56:45","slug":"tischleuchte-pivotante-weiss-o125-nemo-lighting","status":"publish","type":"product","link":"https:\/\/ekkla.ch\/de\/produit\/tischleuchte-pivotante-weiss-o125-nemo-lighting\/","title":{"rendered":"Tischleuchte Pivotante &#8211; Weiss &#8211; \u00d812,5 &#8211; Nemo Lighting"},"content":{"rendered":"<p>Die Tischleuchten <em>Pivotante<\/em> von Nemo Lighting sind Design- und Funktionsleuchten, die jedem Wohn- oder Arbeitsbereich einen Hauch von Eleganz verleihen. Diese Leuchten sind mit zwei Blenden ausgestattet, die durch Drehen das Schliessen und \u00d6ffnen des Lichtstrahls sowie die direkte oder indirekte Steuerung der Beleuchtung erm\u00f6glichen. Diese Funktion bietet eine hohe Flexibilit\u00e4t und erm\u00f6glicht es, das Licht auf einen bestimmten Bereich zu richten oder einen ganzen Raum damit zu beleuchten. Die Gl\u00fchbirne ist nicht inbegriffen.<\/p>\n<p>Nemo Lighting ist eine italienische Marke f\u00fcr Designerleuchten, die sich auf die Entwicklung hochwertiger Beleuchtungsl\u00f6sungen f\u00fcr Wohn- und Gesch\u00e4ftsr\u00e4ume spezialisiert hat. Die Leuchten von Nemo Lighting werden von renommierten Designern aus der ganzen Welt entworfen. Die Marke ist bestrebt, traditionelle Handwerkskunst mit innovativen Produktionstechniken zu kombinieren, um einzigartige, langlebige und funktionale Leuchten zu schaffen.<\/p>\n<blockquote>\n<h2 style=\"text-align: left;\">Merkmale &amp; Eigenschaften<\/h2>\n<p><strong>Marke<\/strong> Nemo Lighting<\/p>\n<p style=\"text-align: left;\"><strong>Farbe\u00a0<\/strong>Weiss<\/p>\n<p style=\"text-align: left;\"><strong>Materialien<\/strong> Aluminium und Stahl<\/p>\n<p><b>Gl\u00fchbirne<\/b> E27 (LED\/ HALO\/ FLUO)<\/p>\n<p><strong>Max. Leistung\u00a0<\/strong>60W<\/p>\n<p><strong>H\u00f6he (cm) <\/strong>20<\/p>\n<p><strong>Durchmesser (cm)<\/strong>\u00a012,5<\/p>\n<p><strong>Gewicht (kg) <\/strong>1,2<\/p><\/blockquote>\n","protected":false},"excerpt":{"rendered":"<p>Die Tischleuchten Pivotante von Nemo Lighting sind Design- und Funktionsleuchten, die jedem Wohn- oder Arbeitsbereich einen Hauch von Eleganz verleihen. Diese Leuchten sind mit zwei Blenden ausgestattet, die durch Drehen das Schliessen und \u00d6ffnen des Lichtstrahls sowie die direkte oder indirekte Steuerung der Beleuchtung erm\u00f6glichen. Diese Funktion bietet eine hohe Flexibilit\u00e4t und erm\u00f6glicht es, das [&hellip;]<\/p>\n","protected":false},"featured_media":169569,"template":"","meta":{"_acf_changed":false,"om_disable_all_campaigns":false},"product_cat":[290],"product_tag":[1254,896,1188,1265,801,816],"bundled_by":[],"bundle_stock_status":"onbackorder","bundle_stock_quantity":null,"bundle_virtual":false,"bundle_layout":"","bundle_add_to_cart_form_location":"","bundle_editable_in_cart":false,"bundle_sold_individually_context":"","bundle_item_grouping":"","bundle_min_size":"","bundle_max_size":"","bundle_price":[],"bundled_items":[],"bundle_sell_ids":[],"acf":[],"yoast_head":"<!-- This site is optimized with the Yoast SEO Premium plugin v22.2 (Yoast SEO v22.8) - https:\/\/yoast.com\/wordpress\/plugins\/seo\/ -->\n<title>Nemo Lighting | Tischleuchte Pivotante | Weiss | Ekkla<\/title>\n<meta name=\"description\" content=\"Tischlampe Pivotante, ideal, um jedem Wohn- oder Arbeitsbereich einen Hauch von Eleganz zu verleihen. LED- \/ HALO- \/ FLUO-Gl\u00fchbirne.\" \/>\n<meta name=\"robots\" content=\"index, follow, max-snippet:-1, max-image-preview:large, max-video-preview:-1\" \/>\n<link rel=\"canonical\" href=\"https:\/\/ekkla.ch\/de\/produit\/tischleuchte-pivotante-weiss-o125-nemo-lighting\/\" \/>\n<meta property=\"og:locale\" content=\"de_DE\" \/>\n<meta property=\"og:type\" content=\"article\" \/>\n<meta property=\"og:title\" content=\"Tischleuchte Pivotante - Weiss - \u00d812,5 - Nemo Lighting\" \/>\n<meta property=\"og:description\" content=\"Tischlampe Pivotante, ideal, um jedem Wohn- oder Arbeitsbereich einen Hauch von Eleganz zu verleihen. LED- \/ HALO- \/ FLUO-Gl\u00fchbirne.\" \/>\n<meta property=\"og:url\" content=\"https:\/\/ekkla.ch\/de\/produit\/tischleuchte-pivotante-weiss-o125-nemo-lighting\/\" \/>\n<meta property=\"og:site_name\" content=\"Ekkla\" \/>\n<meta property=\"article:modified_time\" content=\"2023-03-06T09:56:45+00:00\" \/>\n<meta property=\"og:image\" content=\"https:\/\/ekkla.ch\/wp-content\/uploads\/2023\/02\/Ekkla-light-nemo-lighting-pivotante-blanc.jpg\" \/>\n\t<meta property=\"og:image:width\" content=\"900\" \/>\n\t<meta property=\"og:image:height\" content=\"900\" \/>\n\t<meta property=\"og:image:type\" content=\"image\/jpeg\" \/>\n<meta name=\"twitter:card\" content=\"summary_large_image\" \/>\n<meta name=\"twitter:label1\" content=\"Gesch\u00e4tzte Lesezeit\" \/>\n\t<meta name=\"twitter:data1\" content=\"1\u00a0Minute\" \/>\n<script type=\"application\/ld+json\" class=\"yoast-schema-graph\">{\"@context\":\"https:\/\/schema.org\",\"@graph\":[{\"@type\":\"WebPage\",\"@id\":\"https:\/\/ekkla.ch\/de\/produit\/tischleuchte-pivotante-weiss-o125-nemo-lighting\/\",\"url\":\"https:\/\/ekkla.ch\/de\/produit\/tischleuchte-pivotante-weiss-o125-nemo-lighting\/\",\"name\":\"Nemo Lighting | Tischleuchte Pivotante | Weiss | Ekkla\",\"isPartOf\":{\"@id\":\"https:\/\/ekkla.ch\/#website\"},\"primaryImageOfPage\":{\"@id\":\"https:\/\/ekkla.ch\/de\/produit\/tischleuchte-pivotante-weiss-o125-nemo-lighting\/#primaryimage\"},\"image\":{\"@id\":\"https:\/\/ekkla.ch\/de\/produit\/tischleuchte-pivotante-weiss-o125-nemo-lighting\/#primaryimage\"},\"thumbnailUrl\":\"https:\/\/ekkla.ch\/wp-content\/uploads\/2023\/02\/Ekkla-light-nemo-lighting-pivotante-blanc.jpg\",\"datePublished\":\"2023-02-24T08:59:05+00:00\",\"dateModified\":\"2023-03-06T09:56:45+00:00\",\"description\":\"Tischlampe Pivotante, ideal, um jedem Wohn- oder Arbeitsbereich einen Hauch von Eleganz zu verleihen. LED- \/ HALO- \/ FLUO-Gl\u00fchbirne.\",\"breadcrumb\":{\"@id\":\"https:\/\/ekkla.ch\/de\/produit\/tischleuchte-pivotante-weiss-o125-nemo-lighting\/#breadcrumb\"},\"inLanguage\":\"de\",\"potentialAction\":[{\"@type\":\"ReadAction\",\"target\":[\"https:\/\/ekkla.ch\/de\/produit\/tischleuchte-pivotante-weiss-o125-nemo-lighting\/\"]}]},{\"@type\":\"ImageObject\",\"inLanguage\":\"de\",\"@id\":\"https:\/\/ekkla.ch\/de\/produit\/tischleuchte-pivotante-weiss-o125-nemo-lighting\/#primaryimage\",\"url\":\"https:\/\/ekkla.ch\/wp-content\/uploads\/2023\/02\/Ekkla-light-nemo-lighting-pivotante-blanc.jpg\",\"contentUrl\":\"https:\/\/ekkla.ch\/wp-content\/uploads\/2023\/02\/Ekkla-light-nemo-lighting-pivotante-blanc.jpg\",\"width\":900,\"height\":900},{\"@type\":\"BreadcrumbList\",\"@id\":\"https:\/\/ekkla.ch\/de\/produit\/tischleuchte-pivotante-weiss-o125-nemo-lighting\/#breadcrumb\",\"itemListElement\":[{\"@type\":\"ListItem\",\"position\":1,\"name\":\"Home\",\"item\":\"https:\/\/ekkla.ch\/de\/\"},{\"@type\":\"ListItem\",\"position\":2,\"name\":\"Shop\",\"item\":\"https:\/\/ekkla.ch\/de\/shop\/\"},{\"@type\":\"ListItem\",\"position\":3,\"name\":\"Tischleuchte Pivotante &#8211; Weiss &#8211; \u00d812,5 &#8211; Nemo Lighting\"}]},{\"@type\":\"WebSite\",\"@id\":\"https:\/\/ekkla.ch\/#website\",\"url\":\"https:\/\/ekkla.ch\/\",\"name\":\"Ekkla\",\"description\":\"Der Onlineshop f\u00fcr Beleuchtung\",\"publisher\":{\"@id\":\"https:\/\/ekkla.ch\/#organization\"},\"potentialAction\":[{\"@type\":\"SearchAction\",\"target\":{\"@type\":\"EntryPoint\",\"urlTemplate\":\"https:\/\/ekkla.ch\/?s={search_term_string}\"},\"query-input\":\"required name=search_term_string\"}],\"inLanguage\":\"de\"},{\"@type\":\"Organization\",\"@id\":\"https:\/\/ekkla.ch\/#organization\",\"name\":\"Ekkla\",\"url\":\"https:\/\/ekkla.ch\/\",\"logo\":{\"@type\":\"ImageObject\",\"inLanguage\":\"de\",\"@id\":\"https:\/\/ekkla.ch\/#\/schema\/logo\/image\/\",\"url\":\"http:\/\/ekkla.ch\/wp-content\/uploads\/2019\/07\/logo-1.svg\",\"contentUrl\":\"http:\/\/ekkla.ch\/wp-content\/uploads\/2019\/07\/logo-1.svg\",\"width\":1,\"height\":1,\"caption\":\"Ekkla\"},\"image\":{\"@id\":\"https:\/\/ekkla.ch\/#\/schema\/logo\/image\/\"},\"sameAs\":[\"https:\/\/www.instagram.com\/ekkla_light\/\"]}]}<\/script>\n<!-- \/ Yoast SEO Premium plugin. -->","yoast_head_json":{"title":"Nemo Lighting | Tischleuchte Pivotante | Weiss | Ekkla","description":"Tischlampe Pivotante, ideal, um jedem Wohn- oder Arbeitsbereich einen Hauch von Eleganz zu verleihen. LED- \/ HALO- \/ FLUO-Gl\u00fchbirne.","robots":{"index":"index","follow":"follow","max-snippet":"max-snippet:-1","max-image-preview":"max-image-preview:large","max-video-preview":"max-video-preview:-1"},"canonical":"https:\/\/ekkla.ch\/de\/produit\/tischleuchte-pivotante-weiss-o125-nemo-lighting\/","og_locale":"de_DE","og_type":"article","og_title":"Tischleuchte Pivotante - Weiss - \u00d812,5 - Nemo Lighting","og_description":"Tischlampe Pivotante, ideal, um jedem Wohn- oder Arbeitsbereich einen Hauch von Eleganz zu verleihen. LED- \/ HALO- \/ FLUO-Gl\u00fchbirne.","og_url":"https:\/\/ekkla.ch\/de\/produit\/tischleuchte-pivotante-weiss-o125-nemo-lighting\/","og_site_name":"Ekkla","article_modified_time":"2023-03-06T09:56:45+00:00","og_image":[{"width":900,"height":900,"url":"https:\/\/ekkla.ch\/wp-content\/uploads\/2023\/02\/Ekkla-light-nemo-lighting-pivotante-blanc.jpg","type":"image\/jpeg"}],"twitter_card":"summary_large_image","twitter_misc":{"Gesch\u00e4tzte Lesezeit":"1\u00a0Minute"},"schema":{"@context":"https:\/\/schema.org","@graph":[{"@type":"WebPage","@id":"https:\/\/ekkla.ch\/de\/produit\/tischleuchte-pivotante-weiss-o125-nemo-lighting\/","url":"https:\/\/ekkla.ch\/de\/produit\/tischleuchte-pivotante-weiss-o125-nemo-lighting\/","name":"Nemo Lighting | Tischleuchte Pivotante | Weiss | Ekkla","isPartOf":{"@id":"https:\/\/ekkla.ch\/#website"},"primaryImageOfPage":{"@id":"https:\/\/ekkla.ch\/de\/produit\/tischleuchte-pivotante-weiss-o125-nemo-lighting\/#primaryimage"},"image":{"@id":"https:\/\/ekkla.ch\/de\/produit\/tischleuchte-pivotante-weiss-o125-nemo-lighting\/#primaryimage"},"thumbnailUrl":"https:\/\/ekkla.ch\/wp-content\/uploads\/2023\/02\/Ekkla-light-nemo-lighting-pivotante-blanc.jpg","datePublished":"2023-02-24T08:59:05+00:00","dateModified":"2023-03-06T09:56:45+00:00","description":"Tischlampe Pivotante, ideal, um jedem Wohn- oder Arbeitsbereich einen Hauch von Eleganz zu verleihen. LED- \/ HALO- \/ FLUO-Gl\u00fchbirne.","breadcrumb":{"@id":"https:\/\/ekkla.ch\/de\/produit\/tischleuchte-pivotante-weiss-o125-nemo-lighting\/#breadcrumb"},"inLanguage":"de","potentialAction":[{"@type":"ReadAction","target":["https:\/\/ekkla.ch\/de\/produit\/tischleuchte-pivotante-weiss-o125-nemo-lighting\/"]}]},{"@type":"ImageObject","inLanguage":"de","@id":"https:\/\/ekkla.ch\/de\/produit\/tischleuchte-pivotante-weiss-o125-nemo-lighting\/#primaryimage","url":"https:\/\/ekkla.ch\/wp-content\/uploads\/2023\/02\/Ekkla-light-nemo-lighting-pivotante-blanc.jpg","contentUrl":"https:\/\/ekkla.ch\/wp-content\/uploads\/2023\/02\/Ekkla-light-nemo-lighting-pivotante-blanc.jpg","width":900,"height":900},{"@type":"BreadcrumbList","@id":"https:\/\/ekkla.ch\/de\/produit\/tischleuchte-pivotante-weiss-o125-nemo-lighting\/#breadcrumb","itemListElement":[{"@type":"ListItem","position":1,"name":"Home","item":"https:\/\/ekkla.ch\/de\/"},{"@type":"ListItem","position":2,"name":"Shop","item":"https:\/\/ekkla.ch\/de\/shop\/"},{"@type":"ListItem","position":3,"name":"Tischleuchte Pivotante &#8211; Weiss &#8211; \u00d812,5 &#8211; Nemo Lighting"}]},{"@type":"WebSite","@id":"https:\/\/ekkla.ch\/#website","url":"https:\/\/ekkla.ch\/","name":"Ekkla","description":"Der Onlineshop f\u00fcr Beleuchtung","publisher":{"@id":"https:\/\/ekkla.ch\/#organization"},"potentialAction":[{"@type":"SearchAction","target":{"@type":"EntryPoint","urlTemplate":"https:\/\/ekkla.ch\/?s={search_term_string}"},"query-input":"required name=search_term_string"}],"inLanguage":"de"},{"@type":"Organization","@id":"https:\/\/ekkla.ch\/#organization","name":"Ekkla","url":"https:\/\/ekkla.ch\/","logo":{"@type":"ImageObject","inLanguage":"de","@id":"https:\/\/ekkla.ch\/#\/schema\/logo\/image\/","url":"http:\/\/ekkla.ch\/wp-content\/uploads\/2019\/07\/logo-1.svg","contentUrl":"http:\/\/ekkla.ch\/wp-content\/uploads\/2019\/07\/logo-1.svg","width":1,"height":1,"caption":"Ekkla"},"image":{"@id":"https:\/\/ekkla.ch\/#\/schema\/logo\/image\/"},"sameAs":["https:\/\/www.instagram.com\/ekkla_light\/"]}]}},"_links":{"self":[{"href":"https:\/\/ekkla.ch\/de\/wp-json\/wp\/v2\/product\/169122"}],"collection":[{"href":"https:\/\/ekkla.ch\/de\/wp-json\/wp\/v2\/product"}],"about":[{"href":"https:\/\/ekkla.ch\/de\/wp-json\/wp\/v2\/types\/product"}],"wp:featuredmedia":[{"embeddable":true,"href":"https:\/\/ekkla.ch\/de\/wp-json\/wp\/v2\/media\/169569"}],"wp:attachment":[{"href":"https:\/\/ekkla.ch\/de\/wp-json\/wp\/v2\/media?parent=169122"}],"wp:term":[{"taxonomy":"product_cat","embeddable":true,"href":"https:\/\/ekkla.ch\/de\/wp-json\/wp\/v2\/product_cat?post=169122"},{"taxonomy":"product_tag","embeddable":true,"href":"https:\/\/ekkla.ch\/de\/wp-json\/wp\/v2\/product_tag?post=169122"}],"curies":[{"name":"wp","href":"https:\/\/api.w.org\/{rel}","templated":true}]}}