{"id":169130,"date":"2023-02-21T14:23:08","date_gmt":"2023-02-21T13:23:08","guid":{"rendered":"https:\/\/ekkla.ch\/produit\/stehleuchte-in-the-wind-weiss-h-183-nemo-lighting\/"},"modified":"2023-03-06T11:19:20","modified_gmt":"2023-03-06T10:19:20","slug":"stehleuchte-in-the-wind-weiss-h-183-nemo-lighting","status":"publish","type":"product","link":"https:\/\/ekkla.ch\/de\/produit\/stehleuchte-in-the-wind-weiss-h-183-nemo-lighting\/","title":{"rendered":"Stehleuchte In the Wind &#8211; Weiss &#8211; H.183 &#8211; Nemo Lighting"},"content":{"rendered":"<p>Die Stehleuchte <em>In the Wind<\/em> von Nemo Lighting ist eine elegante und zeitgem\u00e4sse Leuchte, die eine raffinierte Beleuchtungsl\u00f6sung f\u00fcr jeden Raum bietet. Die Stehleuchte wurde von dem bekannten japanischen Designer Arihiro Miyake entworfen und zeichnet sich durch ihre luftig-leichte Form aus, die an eine sanfte Brise erinnert.<\/p>\n<p>Mit ihren klaren Linien und der Oberfl\u00e4che aus geb\u00fcrstetem Aluminium passt die Stehleuchte <em>In The Wind<\/em> perfekt in moderne und minimalistische Einrichtungen. Die Stehleuchte verf\u00fcgt \u00fcber einen Dimmer, mit dem Sie die Helligkeit je nach Bedarf und Lust und Laune regulieren k\u00f6nnen. Ausserdem bietet der schwenkbare Kopf viel Flexibilit\u00e4t, um das Licht in die gew\u00fcnschte Richtung zu lenken.<\/p>\n<p>Nemo Lighting ist eine italienische Marke f\u00fcr Designerleuchten, die sich auf die Entwicklung hochwertiger Beleuchtungsl\u00f6sungen f\u00fcr Wohn- und Gesch\u00e4ftsr\u00e4ume spezialisiert hat. Die Leuchten von Nemo Lighting werden von renommierten Designern aus der ganzen Welt entworfen. Die Marke ist bestrebt, traditionelle Handwerkskunst mit innovativen Produktionstechniken zu kombinieren, um einzigartige, langlebige und funktionale Leuchten zu schaffen.<\/p>\n<blockquote>\n<h2 style=\"text-align: left;\">Merkmale &amp; Eigenschaften<\/h2>\n<p><strong>Marke<\/strong> Nemo Lighting<\/p>\n<p style=\"text-align: left;\"><strong>Farbe\u00a0<\/strong>Weiss<\/p>\n<p style=\"text-align: left;\"><strong>Materialien<\/strong> Aluminium und PC<\/p>\n<p><b>Lichtquelle<\/b>\u00a0Integrierte LED (dimmbar)<\/p>\n<p><strong>Lichtintensit\u00e4t (lm)\u00a0<\/strong>2850<\/p>\n<p><strong>Lichtfarbe (K)<\/strong> 3000<\/p>\n<p><strong>H\u00f6he (cm)<\/strong>\u00a0183<\/p>\n<p><strong>Durchmesser (kg) <\/strong>26<\/p><\/blockquote>\n","protected":false},"excerpt":{"rendered":"<p>Die Stehleuchte In the Wind von Nemo Lighting ist eine elegante und zeitgem\u00e4sse Leuchte, die eine raffinierte Beleuchtungsl\u00f6sung f\u00fcr jeden Raum bietet. Die Stehleuchte wurde von dem bekannten japanischen Designer Arihiro Miyake entworfen und zeichnet sich durch ihre luftig-leichte Form aus, die an eine sanfte Brise erinnert. Mit ihren klaren Linien und der Oberfl\u00e4che aus [&hellip;]<\/p>\n","protected":false},"featured_media":168368,"template":"","meta":{"_acf_changed":false,"om_disable_all_campaigns":false},"product_cat":[289],"product_tag":[1254,896,1188,1265,801,816],"bundled_by":[],"bundle_stock_status":"onbackorder","bundle_stock_quantity":null,"bundle_virtual":false,"bundle_layout":"","bundle_add_to_cart_form_location":"","bundle_editable_in_cart":false,"bundle_sold_individually_context":"","bundle_item_grouping":"","bundle_min_size":"","bundle_max_size":"","bundle_price":[],"bundled_items":[],"bundle_sell_ids":[],"acf":[],"yoast_head":"<!-- This site is optimized with the Yoast SEO Premium plugin v22.2 (Yoast SEO v22.8) - https:\/\/yoast.com\/wordpress\/plugins\/seo\/ -->\n<title>Nemo Lighting | Stehleuchte In The Wind | Weiss | Ekkla<\/title>\n<meta name=\"description\" content=\"Diese Stehleuchte ist ein elegantes und modernes Beleuchtungselement, das dazu bestimmt ist, jedem Innenraum einen Hauch von Raffinesse zu verleihen.\" \/>\n<meta name=\"robots\" content=\"index, follow, max-snippet:-1, max-image-preview:large, max-video-preview:-1\" \/>\n<link rel=\"canonical\" href=\"https:\/\/ekkla.ch\/de\/produit\/stehleuchte-in-the-wind-weiss-h-183-nemo-lighting\/\" \/>\n<meta property=\"og:locale\" content=\"de_DE\" \/>\n<meta property=\"og:type\" content=\"article\" \/>\n<meta property=\"og:title\" content=\"Stehleuchte In the Wind - Weiss - H.183 - Nemo Lighting\" \/>\n<meta property=\"og:description\" content=\"Diese Stehleuchte ist ein elegantes und modernes Beleuchtungselement, das dazu bestimmt ist, jedem Innenraum einen Hauch von Raffinesse zu verleihen.\" \/>\n<meta property=\"og:url\" content=\"https:\/\/ekkla.ch\/de\/produit\/stehleuchte-in-the-wind-weiss-h-183-nemo-lighting\/\" \/>\n<meta property=\"og:site_name\" content=\"Ekkla\" \/>\n<meta property=\"article:modified_time\" content=\"2023-03-06T10:19:20+00:00\" \/>\n<meta property=\"og:image\" content=\"https:\/\/ekkla.ch\/wp-content\/uploads\/2023\/02\/in-the-wind-nemo-ekkla-light-white.jpg\" \/>\n\t<meta property=\"og:image:width\" content=\"900\" \/>\n\t<meta property=\"og:image:height\" content=\"900\" \/>\n\t<meta property=\"og:image:type\" content=\"image\/jpeg\" \/>\n<meta name=\"twitter:card\" content=\"summary_large_image\" \/>\n<meta name=\"twitter:label1\" content=\"Gesch\u00e4tzte Lesezeit\" \/>\n\t<meta name=\"twitter:data1\" content=\"1\u00a0Minute\" \/>\n<script type=\"application\/ld+json\" class=\"yoast-schema-graph\">{\"@context\":\"https:\/\/schema.org\",\"@graph\":[{\"@type\":\"WebPage\",\"@id\":\"https:\/\/ekkla.ch\/de\/produit\/stehleuchte-in-the-wind-weiss-h-183-nemo-lighting\/\",\"url\":\"https:\/\/ekkla.ch\/de\/produit\/stehleuchte-in-the-wind-weiss-h-183-nemo-lighting\/\",\"name\":\"Nemo Lighting | Stehleuchte In The Wind | Weiss | Ekkla\",\"isPartOf\":{\"@id\":\"https:\/\/ekkla.ch\/#website\"},\"primaryImageOfPage\":{\"@id\":\"https:\/\/ekkla.ch\/de\/produit\/stehleuchte-in-the-wind-weiss-h-183-nemo-lighting\/#primaryimage\"},\"image\":{\"@id\":\"https:\/\/ekkla.ch\/de\/produit\/stehleuchte-in-the-wind-weiss-h-183-nemo-lighting\/#primaryimage\"},\"thumbnailUrl\":\"https:\/\/ekkla.ch\/wp-content\/uploads\/2023\/02\/in-the-wind-nemo-ekkla-light-white.jpg\",\"datePublished\":\"2023-02-21T13:23:08+00:00\",\"dateModified\":\"2023-03-06T10:19:20+00:00\",\"description\":\"Diese Stehleuchte ist ein elegantes und modernes Beleuchtungselement, das dazu bestimmt ist, jedem Innenraum einen Hauch von Raffinesse zu verleihen.\",\"breadcrumb\":{\"@id\":\"https:\/\/ekkla.ch\/de\/produit\/stehleuchte-in-the-wind-weiss-h-183-nemo-lighting\/#breadcrumb\"},\"inLanguage\":\"de\",\"potentialAction\":[{\"@type\":\"ReadAction\",\"target\":[\"https:\/\/ekkla.ch\/de\/produit\/stehleuchte-in-the-wind-weiss-h-183-nemo-lighting\/\"]}]},{\"@type\":\"ImageObject\",\"inLanguage\":\"de\",\"@id\":\"https:\/\/ekkla.ch\/de\/produit\/stehleuchte-in-the-wind-weiss-h-183-nemo-lighting\/#primaryimage\",\"url\":\"https:\/\/ekkla.ch\/wp-content\/uploads\/2023\/02\/in-the-wind-nemo-ekkla-light-white.jpg\",\"contentUrl\":\"https:\/\/ekkla.ch\/wp-content\/uploads\/2023\/02\/in-the-wind-nemo-ekkla-light-white.jpg\",\"width\":900,\"height\":900},{\"@type\":\"BreadcrumbList\",\"@id\":\"https:\/\/ekkla.ch\/de\/produit\/stehleuchte-in-the-wind-weiss-h-183-nemo-lighting\/#breadcrumb\",\"itemListElement\":[{\"@type\":\"ListItem\",\"position\":1,\"name\":\"Home\",\"item\":\"https:\/\/ekkla.ch\/de\/\"},{\"@type\":\"ListItem\",\"position\":2,\"name\":\"Shop\",\"item\":\"https:\/\/ekkla.ch\/de\/shop\/\"},{\"@type\":\"ListItem\",\"position\":3,\"name\":\"Stehleuchte In the Wind &#8211; Weiss &#8211; H.183 &#8211; Nemo Lighting\"}]},{\"@type\":\"WebSite\",\"@id\":\"https:\/\/ekkla.ch\/#website\",\"url\":\"https:\/\/ekkla.ch\/\",\"name\":\"Ekkla\",\"description\":\"Der Onlineshop f\u00fcr Beleuchtung\",\"publisher\":{\"@id\":\"https:\/\/ekkla.ch\/#organization\"},\"potentialAction\":[{\"@type\":\"SearchAction\",\"target\":{\"@type\":\"EntryPoint\",\"urlTemplate\":\"https:\/\/ekkla.ch\/?s={search_term_string}\"},\"query-input\":\"required name=search_term_string\"}],\"inLanguage\":\"de\"},{\"@type\":\"Organization\",\"@id\":\"https:\/\/ekkla.ch\/#organization\",\"name\":\"Ekkla\",\"url\":\"https:\/\/ekkla.ch\/\",\"logo\":{\"@type\":\"ImageObject\",\"inLanguage\":\"de\",\"@id\":\"https:\/\/ekkla.ch\/#\/schema\/logo\/image\/\",\"url\":\"http:\/\/ekkla.ch\/wp-content\/uploads\/2019\/07\/logo-1.svg\",\"contentUrl\":\"http:\/\/ekkla.ch\/wp-content\/uploads\/2019\/07\/logo-1.svg\",\"width\":1,\"height\":1,\"caption\":\"Ekkla\"},\"image\":{\"@id\":\"https:\/\/ekkla.ch\/#\/schema\/logo\/image\/\"},\"sameAs\":[\"https:\/\/www.instagram.com\/ekkla_light\/\"]}]}<\/script>\n<!-- \/ Yoast SEO Premium plugin. -->","yoast_head_json":{"title":"Nemo Lighting | Stehleuchte In The Wind | Weiss | Ekkla","description":"Diese Stehleuchte ist ein elegantes und modernes Beleuchtungselement, das dazu bestimmt ist, jedem Innenraum einen Hauch von Raffinesse zu verleihen.","robots":{"index":"index","follow":"follow","max-snippet":"max-snippet:-1","max-image-preview":"max-image-preview:large","max-video-preview":"max-video-preview:-1"},"canonical":"https:\/\/ekkla.ch\/de\/produit\/stehleuchte-in-the-wind-weiss-h-183-nemo-lighting\/","og_locale":"de_DE","og_type":"article","og_title":"Stehleuchte In the Wind - Weiss - H.183 - Nemo Lighting","og_description":"Diese Stehleuchte ist ein elegantes und modernes Beleuchtungselement, das dazu bestimmt ist, jedem Innenraum einen Hauch von Raffinesse zu verleihen.","og_url":"https:\/\/ekkla.ch\/de\/produit\/stehleuchte-in-the-wind-weiss-h-183-nemo-lighting\/","og_site_name":"Ekkla","article_modified_time":"2023-03-06T10:19:20+00:00","og_image":[{"width":900,"height":900,"url":"https:\/\/ekkla.ch\/wp-content\/uploads\/2023\/02\/in-the-wind-nemo-ekkla-light-white.jpg","type":"image\/jpeg"}],"twitter_card":"summary_large_image","twitter_misc":{"Gesch\u00e4tzte Lesezeit":"1\u00a0Minute"},"schema":{"@context":"https:\/\/schema.org","@graph":[{"@type":"WebPage","@id":"https:\/\/ekkla.ch\/de\/produit\/stehleuchte-in-the-wind-weiss-h-183-nemo-lighting\/","url":"https:\/\/ekkla.ch\/de\/produit\/stehleuchte-in-the-wind-weiss-h-183-nemo-lighting\/","name":"Nemo Lighting | Stehleuchte In The Wind | Weiss | Ekkla","isPartOf":{"@id":"https:\/\/ekkla.ch\/#website"},"primaryImageOfPage":{"@id":"https:\/\/ekkla.ch\/de\/produit\/stehleuchte-in-the-wind-weiss-h-183-nemo-lighting\/#primaryimage"},"image":{"@id":"https:\/\/ekkla.ch\/de\/produit\/stehleuchte-in-the-wind-weiss-h-183-nemo-lighting\/#primaryimage"},"thumbnailUrl":"https:\/\/ekkla.ch\/wp-content\/uploads\/2023\/02\/in-the-wind-nemo-ekkla-light-white.jpg","datePublished":"2023-02-21T13:23:08+00:00","dateModified":"2023-03-06T10:19:20+00:00","description":"Diese Stehleuchte ist ein elegantes und modernes Beleuchtungselement, das dazu bestimmt ist, jedem Innenraum einen Hauch von Raffinesse zu verleihen.","breadcrumb":{"@id":"https:\/\/ekkla.ch\/de\/produit\/stehleuchte-in-the-wind-weiss-h-183-nemo-lighting\/#breadcrumb"},"inLanguage":"de","potentialAction":[{"@type":"ReadAction","target":["https:\/\/ekkla.ch\/de\/produit\/stehleuchte-in-the-wind-weiss-h-183-nemo-lighting\/"]}]},{"@type":"ImageObject","inLanguage":"de","@id":"https:\/\/ekkla.ch\/de\/produit\/stehleuchte-in-the-wind-weiss-h-183-nemo-lighting\/#primaryimage","url":"https:\/\/ekkla.ch\/wp-content\/uploads\/2023\/02\/in-the-wind-nemo-ekkla-light-white.jpg","contentUrl":"https:\/\/ekkla.ch\/wp-content\/uploads\/2023\/02\/in-the-wind-nemo-ekkla-light-white.jpg","width":900,"height":900},{"@type":"BreadcrumbList","@id":"https:\/\/ekkla.ch\/de\/produit\/stehleuchte-in-the-wind-weiss-h-183-nemo-lighting\/#breadcrumb","itemListElement":[{"@type":"ListItem","position":1,"name":"Home","item":"https:\/\/ekkla.ch\/de\/"},{"@type":"ListItem","position":2,"name":"Shop","item":"https:\/\/ekkla.ch\/de\/shop\/"},{"@type":"ListItem","position":3,"name":"Stehleuchte In the Wind &#8211; Weiss &#8211; H.183 &#8211; Nemo Lighting"}]},{"@type":"WebSite","@id":"https:\/\/ekkla.ch\/#website","url":"https:\/\/ekkla.ch\/","name":"Ekkla","description":"Der Onlineshop f\u00fcr Beleuchtung","publisher":{"@id":"https:\/\/ekkla.ch\/#organization"},"potentialAction":[{"@type":"SearchAction","target":{"@type":"EntryPoint","urlTemplate":"https:\/\/ekkla.ch\/?s={search_term_string}"},"query-input":"required name=search_term_string"}],"inLanguage":"de"},{"@type":"Organization","@id":"https:\/\/ekkla.ch\/#organization","name":"Ekkla","url":"https:\/\/ekkla.ch\/","logo":{"@type":"ImageObject","inLanguage":"de","@id":"https:\/\/ekkla.ch\/#\/schema\/logo\/image\/","url":"http:\/\/ekkla.ch\/wp-content\/uploads\/2019\/07\/logo-1.svg","contentUrl":"http:\/\/ekkla.ch\/wp-content\/uploads\/2019\/07\/logo-1.svg","width":1,"height":1,"caption":"Ekkla"},"image":{"@id":"https:\/\/ekkla.ch\/#\/schema\/logo\/image\/"},"sameAs":["https:\/\/www.instagram.com\/ekkla_light\/"]}]}},"_links":{"self":[{"href":"https:\/\/ekkla.ch\/de\/wp-json\/wp\/v2\/product\/169130"}],"collection":[{"href":"https:\/\/ekkla.ch\/de\/wp-json\/wp\/v2\/product"}],"about":[{"href":"https:\/\/ekkla.ch\/de\/wp-json\/wp\/v2\/types\/product"}],"wp:featuredmedia":[{"embeddable":true,"href":"https:\/\/ekkla.ch\/de\/wp-json\/wp\/v2\/media\/168368"}],"wp:attachment":[{"href":"https:\/\/ekkla.ch\/de\/wp-json\/wp\/v2\/media?parent=169130"}],"wp:term":[{"taxonomy":"product_cat","embeddable":true,"href":"https:\/\/ekkla.ch\/de\/wp-json\/wp\/v2\/product_cat?post=169130"},{"taxonomy":"product_tag","embeddable":true,"href":"https:\/\/ekkla.ch\/de\/wp-json\/wp\/v2\/product_tag?post=169130"}],"curies":[{"name":"wp","href":"https:\/\/api.w.org\/{rel}","templated":true}]}}