{"id":169138,"date":"2023-02-22T15:47:39","date_gmt":"2023-02-22T14:47:39","guid":{"rendered":"https:\/\/ekkla.ch\/produit\/hangeleuchte-crown-plana-minor-schwarz-o113-nemo-lighting\/"},"modified":"2023-03-06T12:21:07","modified_gmt":"2023-03-06T11:21:07","slug":"hangeleuchte-crown-plana-minor-schwarz-o113-nemo-lighting","status":"publish","type":"product","link":"https:\/\/ekkla.ch\/de\/produit\/hangeleuchte-crown-plana-minor-schwarz-o113-nemo-lighting\/","title":{"rendered":"H\u00e4ngeleuchte Crown Plana Minor &#8211; Schwarz &#8211; \u00d8113 &#8211; Nemo Lighting"},"content":{"rendered":"<p>Die H\u00e4ngeleuchte <em>Crown Plana Minor<\/em> von Nemo Lighting ist eine elegante Leuchte, die sich durch ihr schlichtes und modernes Design auszeichnet. Das Besondere an dieser Leuchte ist, dass ihre Metallstruktur so gestaltet ist, dass sie das Licht nicht behindert, wodurch eine gleichm\u00e4ssige und homogene Lichtverteilung erm\u00f6glicht wird. Die Leuchte bietet eine starke und angenehme Helligkeit, die im ganzen Raum eine warme und gem\u00fctliche Atmosph\u00e4re schafft.<\/p>\n<p>Die <em>Crown Plana Minor<\/em> H\u00e4ngeleuchte ist in verschiedenen Ausf\u00fchrungen erh\u00e4ltlich, sodass sie zu jedem Einrichtungsstil passt. Sie ist einfach zu installieren und zu pflegen und verf\u00fcgt \u00fcber eine solide, widerstandsf\u00e4hige Konstruktion, die eine lange Lebensdauer garantiert. Die H\u00e4ngeleuchte ben\u00f6tigt 12 G9-Gl\u00fchbirnen mit 25 W. Die Gl\u00fchbirnen sind nicht inbegriffen.<\/p>\n<p>Nemo Lighting ist eine italienische Marke f\u00fcr Designerleuchten, die sich auf die Entwicklung hochwertiger Beleuchtungsl\u00f6sungen f\u00fcr Wohn- und Gesch\u00e4ftsr\u00e4ume spezialisiert hat. Die Leuchten von Nemo Lighting werden von renommierten Designern aus der ganzen Welt entworfen. Die Marke ist bestrebt, traditionelle Handwerkskunst mit innovativen Produktionstechniken zu kombinieren, um einzigartige, langlebige und funktionale Leuchten zu schaffen.<\/p>\n<blockquote>\n<h2 style=\"text-align: left;\">Merkmale &amp; Eigenschaften<\/h2>\n<p><strong>Marke<\/strong> Nemo Lighting<\/p>\n<p style=\"text-align: left;\"><strong>Farbe\u00a0<\/strong>Schwarz<\/p>\n<p style=\"text-align: left;\"><strong>Materialien<\/strong> Aluminium und Glas<\/p>\n<p><b>Gl\u00fchbirnen<\/b>\u00a012 x G9 (LED \/ HALO)<\/p>\n<p><strong>Leistung (W)<\/strong> 12x 25W<\/p>\n<p><strong>Durchmesser (cm)<\/strong>\u00a0109<\/p>\n<p><strong>H\u00f6he (cm)<\/strong>\u00a016<\/p>\n<p><strong>Max. Kabell\u00e4nge (cm)<\/strong> 250<\/p>\n<p><strong>Gewicht (kg)<\/strong> 6<\/p><\/blockquote>\n","protected":false},"excerpt":{"rendered":"<p>Die H\u00e4ngeleuchte Crown Plana Minor von Nemo Lighting ist eine elegante Leuchte, die sich durch ihr schlichtes und modernes Design auszeichnet. Das Besondere an dieser Leuchte ist, dass ihre Metallstruktur so gestaltet ist, dass sie das Licht nicht behindert, wodurch eine gleichm\u00e4ssige und homogene Lichtverteilung erm\u00f6glicht wird. Die Leuchte bietet eine starke und angenehme Helligkeit, [&hellip;]<\/p>\n","protected":false},"featured_media":168403,"template":"","meta":{"_acf_changed":false,"om_disable_all_campaigns":false},"product_cat":[291],"product_tag":[1254,896,1188,1265,801,816],"bundled_by":[],"bundle_stock_status":"onbackorder","bundle_stock_quantity":null,"bundle_virtual":false,"bundle_layout":"","bundle_add_to_cart_form_location":"","bundle_editable_in_cart":false,"bundle_sold_individually_context":"","bundle_item_grouping":"","bundle_min_size":"","bundle_max_size":"","bundle_price":[],"bundled_items":[],"bundle_sell_ids":[],"acf":[],"yoast_head":"<!-- This site is optimized with the Yoast SEO Premium plugin v22.2 (Yoast SEO v22.8) - https:\/\/yoast.com\/wordpress\/plugins\/seo\/ -->\n<title>Nemo Lighting | H\u00e4ngeleuchte Crown Plana Minor | Schwarz | Ekkla<\/title>\n<meta name=\"description\" content=\"Wundersch\u00f6ne H\u00e4ngeleuchte Crown Plana Minor in schwarz und von hoher Qualit\u00e4t. Ideal f\u00fcr Ihr Wohnzimmer, B\u00fcRo oder Ihre K\u00fcche. F\u00fcr eine elegante Dekoration.\" \/>\n<meta name=\"robots\" content=\"index, follow, max-snippet:-1, max-image-preview:large, max-video-preview:-1\" \/>\n<link rel=\"canonical\" href=\"https:\/\/ekkla.ch\/de\/produit\/hangeleuchte-crown-plana-minor-schwarz-o113-nemo-lighting\/\" \/>\n<meta property=\"og:locale\" content=\"de_DE\" \/>\n<meta property=\"og:type\" content=\"article\" \/>\n<meta property=\"og:title\" content=\"H\u00e4ngeleuchte Crown Plana Minor - Schwarz - \u00d8113 - Nemo Lighting\" \/>\n<meta property=\"og:description\" content=\"Wundersch\u00f6ne H\u00e4ngeleuchte Crown Plana Minor in schwarz und von hoher Qualit\u00e4t. Ideal f\u00fcr Ihr Wohnzimmer, B\u00fcRo oder Ihre K\u00fcche. F\u00fcr eine elegante Dekoration.\" \/>\n<meta property=\"og:url\" content=\"https:\/\/ekkla.ch\/de\/produit\/hangeleuchte-crown-plana-minor-schwarz-o113-nemo-lighting\/\" \/>\n<meta property=\"og:site_name\" content=\"Ekkla\" \/>\n<meta property=\"article:modified_time\" content=\"2023-03-06T11:21:07+00:00\" \/>\n<meta property=\"og:image\" content=\"https:\/\/ekkla.ch\/wp-content\/uploads\/2023\/02\/ekkla-light_0031_cover.jpg\" \/>\n\t<meta property=\"og:image:width\" content=\"900\" \/>\n\t<meta property=\"og:image:height\" content=\"900\" \/>\n\t<meta property=\"og:image:type\" content=\"image\/jpeg\" \/>\n<meta name=\"twitter:card\" content=\"summary_large_image\" \/>\n<meta name=\"twitter:label1\" content=\"Gesch\u00e4tzte Lesezeit\" \/>\n\t<meta name=\"twitter:data1\" content=\"2\u00a0Minuten\" \/>\n<script type=\"application\/ld+json\" class=\"yoast-schema-graph\">{\"@context\":\"https:\/\/schema.org\",\"@graph\":[{\"@type\":\"WebPage\",\"@id\":\"https:\/\/ekkla.ch\/de\/produit\/hangeleuchte-crown-plana-minor-schwarz-o113-nemo-lighting\/\",\"url\":\"https:\/\/ekkla.ch\/de\/produit\/hangeleuchte-crown-plana-minor-schwarz-o113-nemo-lighting\/\",\"name\":\"Nemo Lighting | H\u00e4ngeleuchte Crown Plana Minor | Schwarz | Ekkla\",\"isPartOf\":{\"@id\":\"https:\/\/ekkla.ch\/#website\"},\"primaryImageOfPage\":{\"@id\":\"https:\/\/ekkla.ch\/de\/produit\/hangeleuchte-crown-plana-minor-schwarz-o113-nemo-lighting\/#primaryimage\"},\"image\":{\"@id\":\"https:\/\/ekkla.ch\/de\/produit\/hangeleuchte-crown-plana-minor-schwarz-o113-nemo-lighting\/#primaryimage\"},\"thumbnailUrl\":\"https:\/\/ekkla.ch\/wp-content\/uploads\/2023\/02\/ekkla-light_0031_cover.jpg\",\"datePublished\":\"2023-02-22T14:47:39+00:00\",\"dateModified\":\"2023-03-06T11:21:07+00:00\",\"description\":\"Wundersch\u00f6ne H\u00e4ngeleuchte Crown Plana Minor in schwarz und von hoher Qualit\u00e4t. Ideal f\u00fcr Ihr Wohnzimmer, B\u00fcRo oder Ihre K\u00fcche. F\u00fcr eine elegante Dekoration.\",\"breadcrumb\":{\"@id\":\"https:\/\/ekkla.ch\/de\/produit\/hangeleuchte-crown-plana-minor-schwarz-o113-nemo-lighting\/#breadcrumb\"},\"inLanguage\":\"de\",\"potentialAction\":[{\"@type\":\"ReadAction\",\"target\":[\"https:\/\/ekkla.ch\/de\/produit\/hangeleuchte-crown-plana-minor-schwarz-o113-nemo-lighting\/\"]}]},{\"@type\":\"ImageObject\",\"inLanguage\":\"de\",\"@id\":\"https:\/\/ekkla.ch\/de\/produit\/hangeleuchte-crown-plana-minor-schwarz-o113-nemo-lighting\/#primaryimage\",\"url\":\"https:\/\/ekkla.ch\/wp-content\/uploads\/2023\/02\/ekkla-light_0031_cover.jpg\",\"contentUrl\":\"https:\/\/ekkla.ch\/wp-content\/uploads\/2023\/02\/ekkla-light_0031_cover.jpg\",\"width\":900,\"height\":900},{\"@type\":\"BreadcrumbList\",\"@id\":\"https:\/\/ekkla.ch\/de\/produit\/hangeleuchte-crown-plana-minor-schwarz-o113-nemo-lighting\/#breadcrumb\",\"itemListElement\":[{\"@type\":\"ListItem\",\"position\":1,\"name\":\"Home\",\"item\":\"https:\/\/ekkla.ch\/de\/\"},{\"@type\":\"ListItem\",\"position\":2,\"name\":\"Shop\",\"item\":\"https:\/\/ekkla.ch\/de\/shop\/\"},{\"@type\":\"ListItem\",\"position\":3,\"name\":\"H\u00e4ngeleuchte Crown Plana Minor &#8211; Schwarz &#8211; \u00d8113 &#8211; Nemo Lighting\"}]},{\"@type\":\"WebSite\",\"@id\":\"https:\/\/ekkla.ch\/#website\",\"url\":\"https:\/\/ekkla.ch\/\",\"name\":\"Ekkla\",\"description\":\"Der Onlineshop f\u00fcr Beleuchtung\",\"publisher\":{\"@id\":\"https:\/\/ekkla.ch\/#organization\"},\"potentialAction\":[{\"@type\":\"SearchAction\",\"target\":{\"@type\":\"EntryPoint\",\"urlTemplate\":\"https:\/\/ekkla.ch\/?s={search_term_string}\"},\"query-input\":\"required name=search_term_string\"}],\"inLanguage\":\"de\"},{\"@type\":\"Organization\",\"@id\":\"https:\/\/ekkla.ch\/#organization\",\"name\":\"Ekkla\",\"url\":\"https:\/\/ekkla.ch\/\",\"logo\":{\"@type\":\"ImageObject\",\"inLanguage\":\"de\",\"@id\":\"https:\/\/ekkla.ch\/#\/schema\/logo\/image\/\",\"url\":\"http:\/\/ekkla.ch\/wp-content\/uploads\/2019\/07\/logo-1.svg\",\"contentUrl\":\"http:\/\/ekkla.ch\/wp-content\/uploads\/2019\/07\/logo-1.svg\",\"width\":1,\"height\":1,\"caption\":\"Ekkla\"},\"image\":{\"@id\":\"https:\/\/ekkla.ch\/#\/schema\/logo\/image\/\"},\"sameAs\":[\"https:\/\/www.instagram.com\/ekkla_light\/\"]}]}<\/script>\n<!-- \/ Yoast SEO Premium plugin. -->","yoast_head_json":{"title":"Nemo Lighting | H\u00e4ngeleuchte Crown Plana Minor | Schwarz | Ekkla","description":"Wundersch\u00f6ne H\u00e4ngeleuchte Crown Plana Minor in schwarz und von hoher Qualit\u00e4t. Ideal f\u00fcr Ihr Wohnzimmer, B\u00fcRo oder Ihre K\u00fcche. F\u00fcr eine elegante Dekoration.","robots":{"index":"index","follow":"follow","max-snippet":"max-snippet:-1","max-image-preview":"max-image-preview:large","max-video-preview":"max-video-preview:-1"},"canonical":"https:\/\/ekkla.ch\/de\/produit\/hangeleuchte-crown-plana-minor-schwarz-o113-nemo-lighting\/","og_locale":"de_DE","og_type":"article","og_title":"H\u00e4ngeleuchte Crown Plana Minor - Schwarz - \u00d8113 - Nemo Lighting","og_description":"Wundersch\u00f6ne H\u00e4ngeleuchte Crown Plana Minor in schwarz und von hoher Qualit\u00e4t. Ideal f\u00fcr Ihr Wohnzimmer, B\u00fcRo oder Ihre K\u00fcche. F\u00fcr eine elegante Dekoration.","og_url":"https:\/\/ekkla.ch\/de\/produit\/hangeleuchte-crown-plana-minor-schwarz-o113-nemo-lighting\/","og_site_name":"Ekkla","article_modified_time":"2023-03-06T11:21:07+00:00","og_image":[{"width":900,"height":900,"url":"https:\/\/ekkla.ch\/wp-content\/uploads\/2023\/02\/ekkla-light_0031_cover.jpg","type":"image\/jpeg"}],"twitter_card":"summary_large_image","twitter_misc":{"Gesch\u00e4tzte Lesezeit":"2\u00a0Minuten"},"schema":{"@context":"https:\/\/schema.org","@graph":[{"@type":"WebPage","@id":"https:\/\/ekkla.ch\/de\/produit\/hangeleuchte-crown-plana-minor-schwarz-o113-nemo-lighting\/","url":"https:\/\/ekkla.ch\/de\/produit\/hangeleuchte-crown-plana-minor-schwarz-o113-nemo-lighting\/","name":"Nemo Lighting | H\u00e4ngeleuchte Crown Plana Minor | Schwarz | Ekkla","isPartOf":{"@id":"https:\/\/ekkla.ch\/#website"},"primaryImageOfPage":{"@id":"https:\/\/ekkla.ch\/de\/produit\/hangeleuchte-crown-plana-minor-schwarz-o113-nemo-lighting\/#primaryimage"},"image":{"@id":"https:\/\/ekkla.ch\/de\/produit\/hangeleuchte-crown-plana-minor-schwarz-o113-nemo-lighting\/#primaryimage"},"thumbnailUrl":"https:\/\/ekkla.ch\/wp-content\/uploads\/2023\/02\/ekkla-light_0031_cover.jpg","datePublished":"2023-02-22T14:47:39+00:00","dateModified":"2023-03-06T11:21:07+00:00","description":"Wundersch\u00f6ne H\u00e4ngeleuchte Crown Plana Minor in schwarz und von hoher Qualit\u00e4t. Ideal f\u00fcr Ihr Wohnzimmer, B\u00fcRo oder Ihre K\u00fcche. F\u00fcr eine elegante Dekoration.","breadcrumb":{"@id":"https:\/\/ekkla.ch\/de\/produit\/hangeleuchte-crown-plana-minor-schwarz-o113-nemo-lighting\/#breadcrumb"},"inLanguage":"de","potentialAction":[{"@type":"ReadAction","target":["https:\/\/ekkla.ch\/de\/produit\/hangeleuchte-crown-plana-minor-schwarz-o113-nemo-lighting\/"]}]},{"@type":"ImageObject","inLanguage":"de","@id":"https:\/\/ekkla.ch\/de\/produit\/hangeleuchte-crown-plana-minor-schwarz-o113-nemo-lighting\/#primaryimage","url":"https:\/\/ekkla.ch\/wp-content\/uploads\/2023\/02\/ekkla-light_0031_cover.jpg","contentUrl":"https:\/\/ekkla.ch\/wp-content\/uploads\/2023\/02\/ekkla-light_0031_cover.jpg","width":900,"height":900},{"@type":"BreadcrumbList","@id":"https:\/\/ekkla.ch\/de\/produit\/hangeleuchte-crown-plana-minor-schwarz-o113-nemo-lighting\/#breadcrumb","itemListElement":[{"@type":"ListItem","position":1,"name":"Home","item":"https:\/\/ekkla.ch\/de\/"},{"@type":"ListItem","position":2,"name":"Shop","item":"https:\/\/ekkla.ch\/de\/shop\/"},{"@type":"ListItem","position":3,"name":"H\u00e4ngeleuchte Crown Plana Minor &#8211; Schwarz &#8211; \u00d8113 &#8211; Nemo Lighting"}]},{"@type":"WebSite","@id":"https:\/\/ekkla.ch\/#website","url":"https:\/\/ekkla.ch\/","name":"Ekkla","description":"Der Onlineshop f\u00fcr Beleuchtung","publisher":{"@id":"https:\/\/ekkla.ch\/#organization"},"potentialAction":[{"@type":"SearchAction","target":{"@type":"EntryPoint","urlTemplate":"https:\/\/ekkla.ch\/?s={search_term_string}"},"query-input":"required name=search_term_string"}],"inLanguage":"de"},{"@type":"Organization","@id":"https:\/\/ekkla.ch\/#organization","name":"Ekkla","url":"https:\/\/ekkla.ch\/","logo":{"@type":"ImageObject","inLanguage":"de","@id":"https:\/\/ekkla.ch\/#\/schema\/logo\/image\/","url":"http:\/\/ekkla.ch\/wp-content\/uploads\/2019\/07\/logo-1.svg","contentUrl":"http:\/\/ekkla.ch\/wp-content\/uploads\/2019\/07\/logo-1.svg","width":1,"height":1,"caption":"Ekkla"},"image":{"@id":"https:\/\/ekkla.ch\/#\/schema\/logo\/image\/"},"sameAs":["https:\/\/www.instagram.com\/ekkla_light\/"]}]}},"_links":{"self":[{"href":"https:\/\/ekkla.ch\/de\/wp-json\/wp\/v2\/product\/169138"}],"collection":[{"href":"https:\/\/ekkla.ch\/de\/wp-json\/wp\/v2\/product"}],"about":[{"href":"https:\/\/ekkla.ch\/de\/wp-json\/wp\/v2\/types\/product"}],"wp:featuredmedia":[{"embeddable":true,"href":"https:\/\/ekkla.ch\/de\/wp-json\/wp\/v2\/media\/168403"}],"wp:attachment":[{"href":"https:\/\/ekkla.ch\/de\/wp-json\/wp\/v2\/media?parent=169138"}],"wp:term":[{"taxonomy":"product_cat","embeddable":true,"href":"https:\/\/ekkla.ch\/de\/wp-json\/wp\/v2\/product_cat?post=169138"},{"taxonomy":"product_tag","embeddable":true,"href":"https:\/\/ekkla.ch\/de\/wp-json\/wp\/v2\/product_tag?post=169138"}],"curies":[{"name":"wp","href":"https:\/\/api.w.org\/{rel}","templated":true}]}}