{"id":169894,"date":"2023-03-04T13:15:26","date_gmt":"2023-03-04T12:15:26","guid":{"rendered":"https:\/\/ekkla.ch\/produit\/hangeleuchte-hozuki-l-weisses-papier-o39-ay-illuminate\/"},"modified":"2023-03-08T11:43:41","modified_gmt":"2023-03-08T10:43:41","slug":"hangeleuchte-hozuki-l-weisses-papier-o39-ay-illuminate","status":"publish","type":"product","link":"https:\/\/ekkla.ch\/de\/produit\/hangeleuchte-hozuki-l-weisses-papier-o39-ay-illuminate\/","title":{"rendered":"H\u00e4ngeleuchte Hozuki S &#8211; Weisses Papier &#8211; \u00d839 &#8211; Ay illuminate"},"content":{"rendered":"<p>Die Hozuki-Kollektion wurde von Ay Lin Heinen und Nelson Sepulveda f\u00fcr das Haus Ay illuminate entworfen. Sie bietet eine perfekte Mischung aus nat\u00fcrlicher Papierarbeit und zeitgen\u00f6ssischem Design. Die <em>Hozuki<\/em>-H\u00e4ngeleuchte bringt eine sanfte Atmosph\u00e4re in Ihren Raum. Das Licht verteilt sich angenehm durch das Papier. Mit ihrem nat\u00fcrlichen Stil passt diese Lampe perfekt in ein Wohn-, Ess- oder Schlafzimmer.<\/p>\n<p>Ay Illuminate bietet eine grosse Auswahl an einzigartigen Innen- und Aussenleuchten. F\u00fcr alle ihre Lampen und auch f\u00fcr die H\u00e4ngeleuchte Hozuki S werden nachhaltige und umweltfreundliche Materialien verwendet. Die niederl\u00e4ndische Marke ist bekannt f\u00fcr ihre klaren Designs im skandinavischen Stil und ihre handwerkliche Fertigung. Sie verwendet nat\u00fcrliche Materialien wie Bambus, Rattan und Baumwolle. Seit f\u00fcnfzehn Jahren produziert Ay Illuminate hochwertige Leuchten durch die Zusammenarbeit mit Handwerkern aus Asien und Afrika, die \u00fcber einzigartige F\u00e4higkeiten verf\u00fcgen. Diese Kreationen sind nicht nur von der Natur inspiriert, sondern auch von den L\u00e4ndern, in denen sie hergestellt werden, und verleihen ihnen einen warmen, ethnischen Touch.<\/p>\n<blockquote>\n<h2 style=\"text-align: left;\">Merkmale &amp; Eigenschaften<\/h2>\n<p><strong>Marke<\/strong> Ay illuminate<\/p>\n<p style=\"text-align: left;\"><strong>Farbe\u00a0<\/strong>Naturton<\/p>\n<p style=\"text-align: left;\"><strong>Material<\/strong>\u00a0Papier<\/p>\n<p><strong>Gl\u00fchbirne<\/strong> E27<\/p>\n<p><strong>Max. Leistung (W) <\/strong>60<\/p>\n<p style=\"text-align: left;\"><strong>H\u00f6he (cm)<\/strong> 35<\/p>\n<p><strong>Durchmesser (cm) <\/strong>39<\/p><\/blockquote>\n","protected":false},"excerpt":{"rendered":"<p>Die Hozuki-Kollektion wurde von Ay Lin Heinen und Nelson Sepulveda f\u00fcr das Haus Ay illuminate entworfen. Sie bietet eine perfekte Mischung aus nat\u00fcrlicher Papierarbeit und zeitgen\u00f6ssischem Design. Die Hozuki-H\u00e4ngeleuchte bringt eine sanfte Atmosph\u00e4re in Ihren Raum. Das Licht verteilt sich angenehm durch das Papier. Mit ihrem nat\u00fcrlichen Stil passt diese Lampe perfekt in ein Wohn-, [&hellip;]<\/p>\n","protected":false},"featured_media":169508,"template":"","meta":{"_acf_changed":false,"om_disable_all_campaigns":false},"product_cat":[291],"product_tag":[1256,892,1188,1265,801,816,704],"bundled_by":[],"bundle_stock_status":"onbackorder","bundle_stock_quantity":null,"bundle_virtual":false,"bundle_layout":"","bundle_add_to_cart_form_location":"","bundle_editable_in_cart":false,"bundle_sold_individually_context":"","bundle_item_grouping":"","bundle_min_size":"","bundle_max_size":"","bundle_price":[],"bundled_items":[],"bundle_sell_ids":[],"acf":[],"yoast_head":"<!-- This site is optimized with the Yoast SEO Premium plugin v22.2 (Yoast SEO v22.8) - https:\/\/yoast.com\/wordpress\/plugins\/seo\/ -->\n<title>H\u00e4ngeleuchte Hozuki S | Ay Illuminate | Ethisch &amp; nachhaltig | Ekkla<\/title>\n<meta name=\"description\" content=\"Die H\u00e4ngeleuchte Hozuki S mischt nat\u00fcrliche Papierarbeit mit modernem Design und bringt eine sanfte, kokonartige Atmosph\u00e4re in Ihren Raum. Ay Illuminate.\" \/>\n<meta name=\"robots\" content=\"index, follow, max-snippet:-1, max-image-preview:large, max-video-preview:-1\" \/>\n<link rel=\"canonical\" href=\"https:\/\/ekkla.ch\/de\/produit\/hangeleuchte-hozuki-l-weisses-papier-o39-ay-illuminate\/\" \/>\n<meta property=\"og:locale\" content=\"de_DE\" \/>\n<meta property=\"og:type\" content=\"article\" \/>\n<meta property=\"og:title\" content=\"H\u00e4ngeleuchte Hozuki S - Weisses Papier - \u00d839 - Ay illuminate\" \/>\n<meta property=\"og:description\" content=\"Die H\u00e4ngeleuchte Hozuki S mischt nat\u00fcrliche Papierarbeit mit modernem Design und bringt eine sanfte, kokonartige Atmosph\u00e4re in Ihren Raum. Ay Illuminate.\" \/>\n<meta property=\"og:url\" content=\"https:\/\/ekkla.ch\/de\/produit\/hangeleuchte-hozuki-l-weisses-papier-o39-ay-illuminate\/\" \/>\n<meta property=\"og:site_name\" content=\"Ekkla\" \/>\n<meta property=\"article:modified_time\" content=\"2023-03-08T10:43:41+00:00\" \/>\n<meta property=\"og:image\" content=\"https:\/\/ekkla.ch\/wp-content\/uploads\/2023\/03\/ekkla_0043_hd_suspension_hozuki_papier_blanc_ay_illuminate_ekkla_light.jpg\" \/>\n\t<meta property=\"og:image:width\" content=\"900\" \/>\n\t<meta property=\"og:image:height\" content=\"900\" \/>\n\t<meta property=\"og:image:type\" content=\"image\/jpeg\" \/>\n<meta name=\"twitter:card\" content=\"summary_large_image\" \/>\n<meta name=\"twitter:label1\" content=\"Gesch\u00e4tzte Lesezeit\" \/>\n\t<meta name=\"twitter:data1\" content=\"1\u00a0Minute\" \/>\n<script type=\"application\/ld+json\" class=\"yoast-schema-graph\">{\"@context\":\"https:\/\/schema.org\",\"@graph\":[{\"@type\":\"WebPage\",\"@id\":\"https:\/\/ekkla.ch\/de\/produit\/hangeleuchte-hozuki-l-weisses-papier-o39-ay-illuminate\/\",\"url\":\"https:\/\/ekkla.ch\/de\/produit\/hangeleuchte-hozuki-l-weisses-papier-o39-ay-illuminate\/\",\"name\":\"H\u00e4ngeleuchte Hozuki S | Ay Illuminate | Ethisch & nachhaltig | Ekkla\",\"isPartOf\":{\"@id\":\"https:\/\/ekkla.ch\/#website\"},\"primaryImageOfPage\":{\"@id\":\"https:\/\/ekkla.ch\/de\/produit\/hangeleuchte-hozuki-l-weisses-papier-o39-ay-illuminate\/#primaryimage\"},\"image\":{\"@id\":\"https:\/\/ekkla.ch\/de\/produit\/hangeleuchte-hozuki-l-weisses-papier-o39-ay-illuminate\/#primaryimage\"},\"thumbnailUrl\":\"https:\/\/ekkla.ch\/wp-content\/uploads\/2023\/03\/ekkla_0043_hd_suspension_hozuki_papier_blanc_ay_illuminate_ekkla_light.jpg\",\"datePublished\":\"2023-03-04T12:15:26+00:00\",\"dateModified\":\"2023-03-08T10:43:41+00:00\",\"description\":\"Die H\u00e4ngeleuchte Hozuki S mischt nat\u00fcrliche Papierarbeit mit modernem Design und bringt eine sanfte, kokonartige Atmosph\u00e4re in Ihren Raum. Ay Illuminate.\",\"breadcrumb\":{\"@id\":\"https:\/\/ekkla.ch\/de\/produit\/hangeleuchte-hozuki-l-weisses-papier-o39-ay-illuminate\/#breadcrumb\"},\"inLanguage\":\"de\",\"potentialAction\":[{\"@type\":\"ReadAction\",\"target\":[\"https:\/\/ekkla.ch\/de\/produit\/hangeleuchte-hozuki-l-weisses-papier-o39-ay-illuminate\/\"]}]},{\"@type\":\"ImageObject\",\"inLanguage\":\"de\",\"@id\":\"https:\/\/ekkla.ch\/de\/produit\/hangeleuchte-hozuki-l-weisses-papier-o39-ay-illuminate\/#primaryimage\",\"url\":\"https:\/\/ekkla.ch\/wp-content\/uploads\/2023\/03\/ekkla_0043_hd_suspension_hozuki_papier_blanc_ay_illuminate_ekkla_light.jpg\",\"contentUrl\":\"https:\/\/ekkla.ch\/wp-content\/uploads\/2023\/03\/ekkla_0043_hd_suspension_hozuki_papier_blanc_ay_illuminate_ekkla_light.jpg\",\"width\":900,\"height\":900},{\"@type\":\"BreadcrumbList\",\"@id\":\"https:\/\/ekkla.ch\/de\/produit\/hangeleuchte-hozuki-l-weisses-papier-o39-ay-illuminate\/#breadcrumb\",\"itemListElement\":[{\"@type\":\"ListItem\",\"position\":1,\"name\":\"Home\",\"item\":\"https:\/\/ekkla.ch\/de\/\"},{\"@type\":\"ListItem\",\"position\":2,\"name\":\"Shop\",\"item\":\"https:\/\/ekkla.ch\/de\/shop\/\"},{\"@type\":\"ListItem\",\"position\":3,\"name\":\"H\u00e4ngeleuchte Hozuki S &#8211; Weisses Papier &#8211; \u00d839 &#8211; Ay illuminate\"}]},{\"@type\":\"WebSite\",\"@id\":\"https:\/\/ekkla.ch\/#website\",\"url\":\"https:\/\/ekkla.ch\/\",\"name\":\"Ekkla\",\"description\":\"Der Onlineshop f\u00fcr Beleuchtung\",\"publisher\":{\"@id\":\"https:\/\/ekkla.ch\/#organization\"},\"potentialAction\":[{\"@type\":\"SearchAction\",\"target\":{\"@type\":\"EntryPoint\",\"urlTemplate\":\"https:\/\/ekkla.ch\/?s={search_term_string}\"},\"query-input\":\"required name=search_term_string\"}],\"inLanguage\":\"de\"},{\"@type\":\"Organization\",\"@id\":\"https:\/\/ekkla.ch\/#organization\",\"name\":\"Ekkla\",\"url\":\"https:\/\/ekkla.ch\/\",\"logo\":{\"@type\":\"ImageObject\",\"inLanguage\":\"de\",\"@id\":\"https:\/\/ekkla.ch\/#\/schema\/logo\/image\/\",\"url\":\"http:\/\/ekkla.ch\/wp-content\/uploads\/2019\/07\/logo-1.svg\",\"contentUrl\":\"http:\/\/ekkla.ch\/wp-content\/uploads\/2019\/07\/logo-1.svg\",\"width\":1,\"height\":1,\"caption\":\"Ekkla\"},\"image\":{\"@id\":\"https:\/\/ekkla.ch\/#\/schema\/logo\/image\/\"},\"sameAs\":[\"https:\/\/www.instagram.com\/ekkla_light\/\"]}]}<\/script>\n<!-- \/ Yoast SEO Premium plugin. -->","yoast_head_json":{"title":"H\u00e4ngeleuchte Hozuki S | Ay Illuminate | Ethisch & nachhaltig | Ekkla","description":"Die H\u00e4ngeleuchte Hozuki S mischt nat\u00fcrliche Papierarbeit mit modernem Design und bringt eine sanfte, kokonartige Atmosph\u00e4re in Ihren Raum. Ay Illuminate.","robots":{"index":"index","follow":"follow","max-snippet":"max-snippet:-1","max-image-preview":"max-image-preview:large","max-video-preview":"max-video-preview:-1"},"canonical":"https:\/\/ekkla.ch\/de\/produit\/hangeleuchte-hozuki-l-weisses-papier-o39-ay-illuminate\/","og_locale":"de_DE","og_type":"article","og_title":"H\u00e4ngeleuchte Hozuki S - Weisses Papier - \u00d839 - Ay illuminate","og_description":"Die H\u00e4ngeleuchte Hozuki S mischt nat\u00fcrliche Papierarbeit mit modernem Design und bringt eine sanfte, kokonartige Atmosph\u00e4re in Ihren Raum. Ay Illuminate.","og_url":"https:\/\/ekkla.ch\/de\/produit\/hangeleuchte-hozuki-l-weisses-papier-o39-ay-illuminate\/","og_site_name":"Ekkla","article_modified_time":"2023-03-08T10:43:41+00:00","og_image":[{"width":900,"height":900,"url":"https:\/\/ekkla.ch\/wp-content\/uploads\/2023\/03\/ekkla_0043_hd_suspension_hozuki_papier_blanc_ay_illuminate_ekkla_light.jpg","type":"image\/jpeg"}],"twitter_card":"summary_large_image","twitter_misc":{"Gesch\u00e4tzte Lesezeit":"1\u00a0Minute"},"schema":{"@context":"https:\/\/schema.org","@graph":[{"@type":"WebPage","@id":"https:\/\/ekkla.ch\/de\/produit\/hangeleuchte-hozuki-l-weisses-papier-o39-ay-illuminate\/","url":"https:\/\/ekkla.ch\/de\/produit\/hangeleuchte-hozuki-l-weisses-papier-o39-ay-illuminate\/","name":"H\u00e4ngeleuchte Hozuki S | Ay Illuminate | Ethisch & nachhaltig | Ekkla","isPartOf":{"@id":"https:\/\/ekkla.ch\/#website"},"primaryImageOfPage":{"@id":"https:\/\/ekkla.ch\/de\/produit\/hangeleuchte-hozuki-l-weisses-papier-o39-ay-illuminate\/#primaryimage"},"image":{"@id":"https:\/\/ekkla.ch\/de\/produit\/hangeleuchte-hozuki-l-weisses-papier-o39-ay-illuminate\/#primaryimage"},"thumbnailUrl":"https:\/\/ekkla.ch\/wp-content\/uploads\/2023\/03\/ekkla_0043_hd_suspension_hozuki_papier_blanc_ay_illuminate_ekkla_light.jpg","datePublished":"2023-03-04T12:15:26+00:00","dateModified":"2023-03-08T10:43:41+00:00","description":"Die H\u00e4ngeleuchte Hozuki S mischt nat\u00fcrliche Papierarbeit mit modernem Design und bringt eine sanfte, kokonartige Atmosph\u00e4re in Ihren Raum. Ay Illuminate.","breadcrumb":{"@id":"https:\/\/ekkla.ch\/de\/produit\/hangeleuchte-hozuki-l-weisses-papier-o39-ay-illuminate\/#breadcrumb"},"inLanguage":"de","potentialAction":[{"@type":"ReadAction","target":["https:\/\/ekkla.ch\/de\/produit\/hangeleuchte-hozuki-l-weisses-papier-o39-ay-illuminate\/"]}]},{"@type":"ImageObject","inLanguage":"de","@id":"https:\/\/ekkla.ch\/de\/produit\/hangeleuchte-hozuki-l-weisses-papier-o39-ay-illuminate\/#primaryimage","url":"https:\/\/ekkla.ch\/wp-content\/uploads\/2023\/03\/ekkla_0043_hd_suspension_hozuki_papier_blanc_ay_illuminate_ekkla_light.jpg","contentUrl":"https:\/\/ekkla.ch\/wp-content\/uploads\/2023\/03\/ekkla_0043_hd_suspension_hozuki_papier_blanc_ay_illuminate_ekkla_light.jpg","width":900,"height":900},{"@type":"BreadcrumbList","@id":"https:\/\/ekkla.ch\/de\/produit\/hangeleuchte-hozuki-l-weisses-papier-o39-ay-illuminate\/#breadcrumb","itemListElement":[{"@type":"ListItem","position":1,"name":"Home","item":"https:\/\/ekkla.ch\/de\/"},{"@type":"ListItem","position":2,"name":"Shop","item":"https:\/\/ekkla.ch\/de\/shop\/"},{"@type":"ListItem","position":3,"name":"H\u00e4ngeleuchte Hozuki S &#8211; Weisses Papier &#8211; \u00d839 &#8211; Ay illuminate"}]},{"@type":"WebSite","@id":"https:\/\/ekkla.ch\/#website","url":"https:\/\/ekkla.ch\/","name":"Ekkla","description":"Der Onlineshop f\u00fcr Beleuchtung","publisher":{"@id":"https:\/\/ekkla.ch\/#organization"},"potentialAction":[{"@type":"SearchAction","target":{"@type":"EntryPoint","urlTemplate":"https:\/\/ekkla.ch\/?s={search_term_string}"},"query-input":"required name=search_term_string"}],"inLanguage":"de"},{"@type":"Organization","@id":"https:\/\/ekkla.ch\/#organization","name":"Ekkla","url":"https:\/\/ekkla.ch\/","logo":{"@type":"ImageObject","inLanguage":"de","@id":"https:\/\/ekkla.ch\/#\/schema\/logo\/image\/","url":"http:\/\/ekkla.ch\/wp-content\/uploads\/2019\/07\/logo-1.svg","contentUrl":"http:\/\/ekkla.ch\/wp-content\/uploads\/2019\/07\/logo-1.svg","width":1,"height":1,"caption":"Ekkla"},"image":{"@id":"https:\/\/ekkla.ch\/#\/schema\/logo\/image\/"},"sameAs":["https:\/\/www.instagram.com\/ekkla_light\/"]}]}},"_links":{"self":[{"href":"https:\/\/ekkla.ch\/de\/wp-json\/wp\/v2\/product\/169894"}],"collection":[{"href":"https:\/\/ekkla.ch\/de\/wp-json\/wp\/v2\/product"}],"about":[{"href":"https:\/\/ekkla.ch\/de\/wp-json\/wp\/v2\/types\/product"}],"wp:featuredmedia":[{"embeddable":true,"href":"https:\/\/ekkla.ch\/de\/wp-json\/wp\/v2\/media\/169508"}],"wp:attachment":[{"href":"https:\/\/ekkla.ch\/de\/wp-json\/wp\/v2\/media?parent=169894"}],"wp:term":[{"taxonomy":"product_cat","embeddable":true,"href":"https:\/\/ekkla.ch\/de\/wp-json\/wp\/v2\/product_cat?post=169894"},{"taxonomy":"product_tag","embeddable":true,"href":"https:\/\/ekkla.ch\/de\/wp-json\/wp\/v2\/product_tag?post=169894"}],"curies":[{"name":"wp","href":"https:\/\/api.w.org\/{rel}","templated":true}]}}