{"id":170062,"date":"2023-03-06T20:32:54","date_gmt":"2023-03-06T19:32:54","guid":{"rendered":"https:\/\/ekkla.ch\/produit\/kabellose-leuchte-lucca-sc51-braun-%e2%88%8516-tradition\/"},"modified":"2023-03-08T16:29:40","modified_gmt":"2023-03-08T15:29:40","slug":"kabellose-leuchte-lucca-sc51-braun-%e2%88%8516-tradition","status":"publish","type":"product","link":"https:\/\/ekkla.ch\/de\/produit\/kabellose-leuchte-lucca-sc51-braun-%e2%88%8516-tradition\/","title":{"rendered":"Kabellose Leuchte Lucca SC51 &#8211; Braun &#8211; \u220516 &#8211; &#038;Tradition"},"content":{"rendered":"<p>Die vom Designstudio Space Copenhagen entworfene schnurlose Lampe <em>Lucca SC51<\/em> ist von den Laternen inspiriert, die die Stadt Lucca in Italien beleuchten. Diese praktische und dekorative Lampe beleuchtet Ihren Innen- und Aussenbereich und bietet drei verschiedene Lichtst\u00e4rken, um sich optimal an Ihre Stimmung anzupassen. Ihr modernes Design kombiniert mundgeblasenes Glas und farbiges Metall mit einem h\u00fcbschen Hauch von Messing am Griff der Leuchte. <em>Lucca SC51<\/em> ist dank IP44 perfekt f\u00fcr den Einsatz im Freien geeignet, hat eine Leuchtdauer von 12 Stunden und l\u00e4sst sich ganz einfach \u00fcber das USB-Kabel aufladen.<\/p>\n<p>Das 2010 in D\u00e4nemark gegr\u00fcndete Haus <em>&amp;Tradition<\/em> entstand aus dem Wunsch heraus, zeitlose und signierte Leuchten neu aufzulegen. Die Marke mischt Tradition und Innovation gekonnt miteinander und respektiert dabei die Materialien und die nordische Handwerkskunst.<\/p>\n<blockquote>\n<h2 style=\"text-align: left;\">Merkmale &amp; Eigenschaften<\/h2>\n<p><strong>Marke<\/strong> &amp;Tradition<\/p>\n<p style=\"text-align: left;\"><strong>Farbe\u00a0<\/strong>Braun<\/p>\n<p style=\"text-align: left;\"><strong>Materialien\u00a0<\/strong>Opalglas, Metall und Messing<\/p>\n<p><strong>Lichtquelle<\/strong>\u00a0Integrierte LED (dimmbar)<\/p>\n<p><strong>Lichtintensit\u00e4t (lm) <\/strong>138<\/p>\n<p><strong>Lichtfarbe (K)\u00a0<\/strong>2700<\/p>\n<p style=\"text-align: left;\"><strong>H\u00f6he (cm) <\/strong>28<\/p>\n<p><strong>Durchmesser (cm) <\/strong>16<\/p>\n<p><strong>Gewicht (kg)<\/strong> 0,9<\/p><\/blockquote>\n","protected":false},"excerpt":{"rendered":"<p>Die vom Designstudio Space Copenhagen entworfene schnurlose Lampe Lucca SC51 ist von den Laternen inspiriert, die die Stadt Lucca in Italien beleuchten. Diese praktische und dekorative Lampe beleuchtet Ihren Innen- und Aussenbereich und bietet drei verschiedene Lichtst\u00e4rken, um sich optimal an Ihre Stimmung anzupassen. Ihr modernes Design kombiniert mundgeblasenes Glas und farbiges Metall mit einem [&hellip;]<\/p>\n","protected":false},"featured_media":169386,"template":"","meta":{"_acf_changed":false,"om_disable_all_campaigns":false},"product_cat":[290],"product_tag":[846,1254,760,896,1188,1265,801,1022,816],"bundled_by":[],"bundle_stock_status":"onbackorder","bundle_stock_quantity":0,"bundle_virtual":false,"bundle_layout":"","bundle_add_to_cart_form_location":"","bundle_editable_in_cart":false,"bundle_sold_individually_context":"","bundle_item_grouping":"","bundle_min_size":"","bundle_max_size":"","bundle_price":[],"bundled_items":[],"bundle_sell_ids":[],"acf":[],"yoast_head":"<!-- This site is optimized with the Yoast SEO Premium plugin v22.2 (Yoast SEO v22.8) - https:\/\/yoast.com\/wordpress\/plugins\/seo\/ -->\n<title>Kabellose Leuchte Lucca SC51 | Brau | &amp;Tradition | Ekkla<\/title>\n<meta name=\"description\" content=\"Entdecken Sie die elegante kabellose Leuchte Lucca SC51, die von den Laternen der Stadt Lucca inspiriert wurde. Beleuchten Sie damit Zuhause und Aussenbereich!\" \/>\n<meta name=\"robots\" content=\"index, follow, max-snippet:-1, max-image-preview:large, max-video-preview:-1\" \/>\n<link rel=\"canonical\" href=\"https:\/\/ekkla.ch\/de\/produit\/kabellose-leuchte-lucca-sc51-braun-\u220516-tradition\/\" \/>\n<meta property=\"og:locale\" content=\"de_DE\" \/>\n<meta property=\"og:type\" content=\"article\" \/>\n<meta property=\"og:title\" content=\"Kabellose Leuchte Lucca SC51 - Braun - \u220516 - &amp;Tradition\" \/>\n<meta property=\"og:description\" content=\"Entdecken Sie die elegante kabellose Leuchte Lucca SC51, die von den Laternen der Stadt Lucca inspiriert wurde. Beleuchten Sie damit Zuhause und Aussenbereich!\" \/>\n<meta property=\"og:url\" content=\"https:\/\/ekkla.ch\/de\/produit\/kabellose-leuchte-lucca-sc51-braun-\u220516-tradition\/\" \/>\n<meta property=\"og:site_name\" content=\"Ekkla\" \/>\n<meta property=\"article:modified_time\" content=\"2023-03-08T15:29:40+00:00\" \/>\n<meta property=\"og:image\" content=\"https:\/\/ekkla.ch\/wp-content\/uploads\/2023\/03\/ekkla-light-tradition-luminaires_0036_Lucca_SC51_Maroon_Brass_1.jpg\" \/>\n\t<meta property=\"og:image:width\" content=\"900\" \/>\n\t<meta property=\"og:image:height\" content=\"900\" \/>\n\t<meta property=\"og:image:type\" content=\"image\/jpeg\" \/>\n<meta name=\"twitter:card\" content=\"summary_large_image\" \/>\n<meta name=\"twitter:label1\" content=\"Gesch\u00e4tzte Lesezeit\" \/>\n\t<meta name=\"twitter:data1\" content=\"1\u00a0Minute\" \/>\n<script type=\"application\/ld+json\" class=\"yoast-schema-graph\">{\"@context\":\"https:\/\/schema.org\",\"@graph\":[{\"@type\":\"WebPage\",\"@id\":\"https:\/\/ekkla.ch\/de\/produit\/kabellose-leuchte-lucca-sc51-braun-%e2%88%8516-tradition\/\",\"url\":\"https:\/\/ekkla.ch\/de\/produit\/kabellose-leuchte-lucca-sc51-braun-%e2%88%8516-tradition\/\",\"name\":\"Kabellose Leuchte Lucca SC51 | Brau | &Tradition | Ekkla\",\"isPartOf\":{\"@id\":\"https:\/\/ekkla.ch\/#website\"},\"primaryImageOfPage\":{\"@id\":\"https:\/\/ekkla.ch\/de\/produit\/kabellose-leuchte-lucca-sc51-braun-%e2%88%8516-tradition\/#primaryimage\"},\"image\":{\"@id\":\"https:\/\/ekkla.ch\/de\/produit\/kabellose-leuchte-lucca-sc51-braun-%e2%88%8516-tradition\/#primaryimage\"},\"thumbnailUrl\":\"https:\/\/ekkla.ch\/wp-content\/uploads\/2023\/03\/ekkla-light-tradition-luminaires_0036_Lucca_SC51_Maroon_Brass_1.jpg\",\"datePublished\":\"2023-03-06T19:32:54+00:00\",\"dateModified\":\"2023-03-08T15:29:40+00:00\",\"description\":\"Entdecken Sie die elegante kabellose Leuchte Lucca SC51, die von den Laternen der Stadt Lucca inspiriert wurde. Beleuchten Sie damit Zuhause und Aussenbereich!\",\"breadcrumb\":{\"@id\":\"https:\/\/ekkla.ch\/de\/produit\/kabellose-leuchte-lucca-sc51-braun-%e2%88%8516-tradition\/#breadcrumb\"},\"inLanguage\":\"de\",\"potentialAction\":[{\"@type\":\"ReadAction\",\"target\":[\"https:\/\/ekkla.ch\/de\/produit\/kabellose-leuchte-lucca-sc51-braun-%e2%88%8516-tradition\/\"]}]},{\"@type\":\"ImageObject\",\"inLanguage\":\"de\",\"@id\":\"https:\/\/ekkla.ch\/de\/produit\/kabellose-leuchte-lucca-sc51-braun-%e2%88%8516-tradition\/#primaryimage\",\"url\":\"https:\/\/ekkla.ch\/wp-content\/uploads\/2023\/03\/ekkla-light-tradition-luminaires_0036_Lucca_SC51_Maroon_Brass_1.jpg\",\"contentUrl\":\"https:\/\/ekkla.ch\/wp-content\/uploads\/2023\/03\/ekkla-light-tradition-luminaires_0036_Lucca_SC51_Maroon_Brass_1.jpg\",\"width\":900,\"height\":900},{\"@type\":\"BreadcrumbList\",\"@id\":\"https:\/\/ekkla.ch\/de\/produit\/kabellose-leuchte-lucca-sc51-braun-%e2%88%8516-tradition\/#breadcrumb\",\"itemListElement\":[{\"@type\":\"ListItem\",\"position\":1,\"name\":\"Home\",\"item\":\"https:\/\/ekkla.ch\/de\/\"},{\"@type\":\"ListItem\",\"position\":2,\"name\":\"Shop\",\"item\":\"https:\/\/ekkla.ch\/de\/shop\/\"},{\"@type\":\"ListItem\",\"position\":3,\"name\":\"Kabellose Leuchte Lucca SC51 &#8211; Braun &#8211; \u220516 &#8211; &#038;Tradition\"}]},{\"@type\":\"WebSite\",\"@id\":\"https:\/\/ekkla.ch\/#website\",\"url\":\"https:\/\/ekkla.ch\/\",\"name\":\"Ekkla\",\"description\":\"Der Onlineshop f\u00fcr Beleuchtung\",\"publisher\":{\"@id\":\"https:\/\/ekkla.ch\/#organization\"},\"potentialAction\":[{\"@type\":\"SearchAction\",\"target\":{\"@type\":\"EntryPoint\",\"urlTemplate\":\"https:\/\/ekkla.ch\/?s={search_term_string}\"},\"query-input\":\"required name=search_term_string\"}],\"inLanguage\":\"de\"},{\"@type\":\"Organization\",\"@id\":\"https:\/\/ekkla.ch\/#organization\",\"name\":\"Ekkla\",\"url\":\"https:\/\/ekkla.ch\/\",\"logo\":{\"@type\":\"ImageObject\",\"inLanguage\":\"de\",\"@id\":\"https:\/\/ekkla.ch\/#\/schema\/logo\/image\/\",\"url\":\"http:\/\/ekkla.ch\/wp-content\/uploads\/2019\/07\/logo-1.svg\",\"contentUrl\":\"http:\/\/ekkla.ch\/wp-content\/uploads\/2019\/07\/logo-1.svg\",\"width\":1,\"height\":1,\"caption\":\"Ekkla\"},\"image\":{\"@id\":\"https:\/\/ekkla.ch\/#\/schema\/logo\/image\/\"},\"sameAs\":[\"https:\/\/www.instagram.com\/ekkla_light\/\"]}]}<\/script>\n<!-- \/ Yoast SEO Premium plugin. -->","yoast_head_json":{"title":"Kabellose Leuchte Lucca SC51 | Brau | &Tradition | Ekkla","description":"Entdecken Sie die elegante kabellose Leuchte Lucca SC51, die von den Laternen der Stadt Lucca inspiriert wurde. Beleuchten Sie damit Zuhause und Aussenbereich!","robots":{"index":"index","follow":"follow","max-snippet":"max-snippet:-1","max-image-preview":"max-image-preview:large","max-video-preview":"max-video-preview:-1"},"canonical":"https:\/\/ekkla.ch\/de\/produit\/kabellose-leuchte-lucca-sc51-braun-\u220516-tradition\/","og_locale":"de_DE","og_type":"article","og_title":"Kabellose Leuchte Lucca SC51 - Braun - \u220516 - &Tradition","og_description":"Entdecken Sie die elegante kabellose Leuchte Lucca SC51, die von den Laternen der Stadt Lucca inspiriert wurde. Beleuchten Sie damit Zuhause und Aussenbereich!","og_url":"https:\/\/ekkla.ch\/de\/produit\/kabellose-leuchte-lucca-sc51-braun-\u220516-tradition\/","og_site_name":"Ekkla","article_modified_time":"2023-03-08T15:29:40+00:00","og_image":[{"width":900,"height":900,"url":"https:\/\/ekkla.ch\/wp-content\/uploads\/2023\/03\/ekkla-light-tradition-luminaires_0036_Lucca_SC51_Maroon_Brass_1.jpg","type":"image\/jpeg"}],"twitter_card":"summary_large_image","twitter_misc":{"Gesch\u00e4tzte Lesezeit":"1\u00a0Minute"},"schema":{"@context":"https:\/\/schema.org","@graph":[{"@type":"WebPage","@id":"https:\/\/ekkla.ch\/de\/produit\/kabellose-leuchte-lucca-sc51-braun-%e2%88%8516-tradition\/","url":"https:\/\/ekkla.ch\/de\/produit\/kabellose-leuchte-lucca-sc51-braun-%e2%88%8516-tradition\/","name":"Kabellose Leuchte Lucca SC51 | Brau | &Tradition | Ekkla","isPartOf":{"@id":"https:\/\/ekkla.ch\/#website"},"primaryImageOfPage":{"@id":"https:\/\/ekkla.ch\/de\/produit\/kabellose-leuchte-lucca-sc51-braun-%e2%88%8516-tradition\/#primaryimage"},"image":{"@id":"https:\/\/ekkla.ch\/de\/produit\/kabellose-leuchte-lucca-sc51-braun-%e2%88%8516-tradition\/#primaryimage"},"thumbnailUrl":"https:\/\/ekkla.ch\/wp-content\/uploads\/2023\/03\/ekkla-light-tradition-luminaires_0036_Lucca_SC51_Maroon_Brass_1.jpg","datePublished":"2023-03-06T19:32:54+00:00","dateModified":"2023-03-08T15:29:40+00:00","description":"Entdecken Sie die elegante kabellose Leuchte Lucca SC51, die von den Laternen der Stadt Lucca inspiriert wurde. Beleuchten Sie damit Zuhause und Aussenbereich!","breadcrumb":{"@id":"https:\/\/ekkla.ch\/de\/produit\/kabellose-leuchte-lucca-sc51-braun-%e2%88%8516-tradition\/#breadcrumb"},"inLanguage":"de","potentialAction":[{"@type":"ReadAction","target":["https:\/\/ekkla.ch\/de\/produit\/kabellose-leuchte-lucca-sc51-braun-%e2%88%8516-tradition\/"]}]},{"@type":"ImageObject","inLanguage":"de","@id":"https:\/\/ekkla.ch\/de\/produit\/kabellose-leuchte-lucca-sc51-braun-%e2%88%8516-tradition\/#primaryimage","url":"https:\/\/ekkla.ch\/wp-content\/uploads\/2023\/03\/ekkla-light-tradition-luminaires_0036_Lucca_SC51_Maroon_Brass_1.jpg","contentUrl":"https:\/\/ekkla.ch\/wp-content\/uploads\/2023\/03\/ekkla-light-tradition-luminaires_0036_Lucca_SC51_Maroon_Brass_1.jpg","width":900,"height":900},{"@type":"BreadcrumbList","@id":"https:\/\/ekkla.ch\/de\/produit\/kabellose-leuchte-lucca-sc51-braun-%e2%88%8516-tradition\/#breadcrumb","itemListElement":[{"@type":"ListItem","position":1,"name":"Home","item":"https:\/\/ekkla.ch\/de\/"},{"@type":"ListItem","position":2,"name":"Shop","item":"https:\/\/ekkla.ch\/de\/shop\/"},{"@type":"ListItem","position":3,"name":"Kabellose Leuchte Lucca SC51 &#8211; Braun &#8211; \u220516 &#8211; &#038;Tradition"}]},{"@type":"WebSite","@id":"https:\/\/ekkla.ch\/#website","url":"https:\/\/ekkla.ch\/","name":"Ekkla","description":"Der Onlineshop f\u00fcr Beleuchtung","publisher":{"@id":"https:\/\/ekkla.ch\/#organization"},"potentialAction":[{"@type":"SearchAction","target":{"@type":"EntryPoint","urlTemplate":"https:\/\/ekkla.ch\/?s={search_term_string}"},"query-input":"required name=search_term_string"}],"inLanguage":"de"},{"@type":"Organization","@id":"https:\/\/ekkla.ch\/#organization","name":"Ekkla","url":"https:\/\/ekkla.ch\/","logo":{"@type":"ImageObject","inLanguage":"de","@id":"https:\/\/ekkla.ch\/#\/schema\/logo\/image\/","url":"http:\/\/ekkla.ch\/wp-content\/uploads\/2019\/07\/logo-1.svg","contentUrl":"http:\/\/ekkla.ch\/wp-content\/uploads\/2019\/07\/logo-1.svg","width":1,"height":1,"caption":"Ekkla"},"image":{"@id":"https:\/\/ekkla.ch\/#\/schema\/logo\/image\/"},"sameAs":["https:\/\/www.instagram.com\/ekkla_light\/"]}]}},"_links":{"self":[{"href":"https:\/\/ekkla.ch\/de\/wp-json\/wp\/v2\/product\/170062"}],"collection":[{"href":"https:\/\/ekkla.ch\/de\/wp-json\/wp\/v2\/product"}],"about":[{"href":"https:\/\/ekkla.ch\/de\/wp-json\/wp\/v2\/types\/product"}],"wp:featuredmedia":[{"embeddable":true,"href":"https:\/\/ekkla.ch\/de\/wp-json\/wp\/v2\/media\/169386"}],"wp:attachment":[{"href":"https:\/\/ekkla.ch\/de\/wp-json\/wp\/v2\/media?parent=170062"}],"wp:term":[{"taxonomy":"product_cat","embeddable":true,"href":"https:\/\/ekkla.ch\/de\/wp-json\/wp\/v2\/product_cat?post=170062"},{"taxonomy":"product_tag","embeddable":true,"href":"https:\/\/ekkla.ch\/de\/wp-json\/wp\/v2\/product_tag?post=170062"}],"curies":[{"name":"wp","href":"https:\/\/api.w.org\/{rel}","templated":true}]}}