{"id":170410,"date":"2023-03-08T10:47:43","date_gmt":"2023-03-08T09:47:43","guid":{"rendered":"https:\/\/ekkla.ch\/produit\/hangeleuchte-formakami-jh3-elfenbeinweiss-%e2%88%8545-tradition\/"},"modified":"2023-03-09T18:57:20","modified_gmt":"2023-03-09T17:57:20","slug":"hangeleuchte-formakami-jh3-elfenbeinweiss-%e2%88%8545-tradition","status":"publish","type":"product","link":"https:\/\/ekkla.ch\/de\/produit\/hangeleuchte-formakami-jh3-elfenbeinweiss-%e2%88%8545-tradition\/","title":{"rendered":"H\u00e4ngeleuchte Formakami JH3 &#8211; Elfenbeinweiss &#8211; \u220545 &#8211; &#038;Tradition"},"content":{"rendered":"<p>Die H\u00e4ngeleuchte <em>Formakami JH3<\/em> schafft mit ihrem leichten und luftigen Look eine sanfte Zen-Atmosph\u00e4re in Ihrem Zuhause. Mit dieser modernen Neuinterpretation der asiatischen Laterne schreibt der spanische Designer Jaime Hayon das Zusammentreffen von Orient und Okzident nieder. Seine elfenbeinweisse Laternenserie aus Reispapier mit schwarzem Eichenholz ist eine perfekte Mischung aus zeitgen\u00f6ssischem skandinavischen und asiatischen Stil. Die <em>Formakami JH3<\/em> H\u00e4ngeleuchte schwebt elegant \u00fcber Ihrem Esstisch, in Ihrem Wohnzimmer oder auch in Ihrem Schlafzimmer und beleuchtet Ihre R\u00e4ume mit zwei Gl\u00fchbirnen in beiden Teilen des Lampenschirms auf raffinierte Weise. Die Gl\u00fchbirnen sind nicht inbegriffen.<\/p>\n<p>Das 2010 in D\u00e4nemark gegr\u00fcndete Haus <em>&amp;Tradition<\/em> entstand aus dem Wunsch heraus, zeitlose und ikonische Leuchten neu aufzulegen. Sie mischen Tradition und Innovation gekonnt miteinander und respektieren dabei die Materialien und die nordische Handwerkskunst.<\/p>\n<blockquote>\n<h2 style=\"text-align: left;\">Merkmale &amp; Eigenschaften<\/h2>\n<p><strong>Marke<\/strong> &amp;Tradition<\/p>\n<p style=\"text-align: left;\"><strong>Farbe\u00a0<\/strong>Elfenbeinweiss<\/p>\n<p style=\"text-align: left;\"><strong>Material\u00a0<\/strong>Reispapier<\/p>\n<p><strong>Gl\u00fchbirnen<\/strong>\u00a02 x E27<\/p>\n<p><strong>Max. Leistung (W) <\/strong>60<\/p>\n<p style=\"text-align: left;\"><strong>H\u00f6he (cm) <\/strong>68<\/p>\n<p><strong>Durchmesser (cm) <\/strong>45<\/p>\n<p><strong>Max. Kabell\u00e4nge (cm)<\/strong> 400<\/p><\/blockquote>\n","protected":false},"excerpt":{"rendered":"<p>Die H\u00e4ngeleuchte Formakami JH3 schafft mit ihrem leichten und luftigen Look eine sanfte Zen-Atmosph\u00e4re in Ihrem Zuhause. Mit dieser modernen Neuinterpretation der asiatischen Laterne schreibt der spanische Designer Jaime Hayon das Zusammentreffen von Orient und Okzident nieder. Seine elfenbeinweisse Laternenserie aus Reispapier mit schwarzem Eichenholz ist eine perfekte Mischung aus zeitgen\u00f6ssischem skandinavischen und asiatischen Stil. [&hellip;]<\/p>\n","protected":false},"featured_media":169899,"template":"","meta":{"_acf_changed":false,"om_disable_all_campaigns":false},"product_cat":[291],"product_tag":[846,1254,900,1188,1265,801,1077,1204,816,1109,883,920,1209,1092],"bundled_by":[],"bundle_stock_status":"onbackorder","bundle_stock_quantity":1,"bundle_virtual":false,"bundle_layout":"","bundle_add_to_cart_form_location":"","bundle_editable_in_cart":false,"bundle_sold_individually_context":"","bundle_item_grouping":"","bundle_min_size":"","bundle_max_size":"","bundle_price":[],"bundled_items":[],"bundle_sell_ids":[],"acf":[],"yoast_head":"<!-- This site is optimized with the Yoast SEO Premium plugin v22.2 (Yoast SEO v22.8) - https:\/\/yoast.com\/wordpress\/plugins\/seo\/ -->\n<title>H\u00e4ngeleuchte Formakami JH3 | Elfenbeinweiss | &amp;Tradition | Ekkla<\/title>\n<meta name=\"description\" content=\"Wie eine schwebende Laterne ist die Formakami JH3 H\u00e4ngeleuchte eine perfekte Mischung aus modernem und asiatischem Stil f\u00fcr eine Zen-Atmosph\u00e4re.\" \/>\n<meta name=\"robots\" content=\"index, follow, max-snippet:-1, max-image-preview:large, max-video-preview:-1\" \/>\n<link rel=\"canonical\" href=\"https:\/\/ekkla.ch\/de\/produit\/hangeleuchte-formakami-jh3-elfenbeinweiss-\u220545-tradition\/\" \/>\n<meta property=\"og:locale\" content=\"de_DE\" \/>\n<meta property=\"og:type\" content=\"article\" \/>\n<meta property=\"og:title\" content=\"H\u00e4ngeleuchte Formakami JH3 - Elfenbeinweiss - \u220545 - &amp;Tradition\" \/>\n<meta property=\"og:description\" content=\"Wie eine schwebende Laterne ist die Formakami JH3 H\u00e4ngeleuchte eine perfekte Mischung aus modernem und asiatischem Stil f\u00fcr eine Zen-Atmosph\u00e4re.\" \/>\n<meta property=\"og:url\" content=\"https:\/\/ekkla.ch\/de\/produit\/hangeleuchte-formakami-jh3-elfenbeinweiss-\u220545-tradition\/\" \/>\n<meta property=\"og:site_name\" content=\"Ekkla\" \/>\n<meta property=\"article:modified_time\" content=\"2023-03-09T17:57:20+00:00\" \/>\n<meta property=\"og:image\" content=\"https:\/\/ekkla.ch\/wp-content\/uploads\/2023\/03\/ekkla-light-tradition-luminaires_0043_Formakami_JH3.jpg\" \/>\n\t<meta property=\"og:image:width\" content=\"900\" \/>\n\t<meta property=\"og:image:height\" content=\"900\" \/>\n\t<meta property=\"og:image:type\" content=\"image\/jpeg\" \/>\n<meta name=\"twitter:card\" content=\"summary_large_image\" \/>\n<meta name=\"twitter:label1\" content=\"Gesch\u00e4tzte Lesezeit\" \/>\n\t<meta name=\"twitter:data1\" content=\"1\u00a0Minute\" \/>\n<script type=\"application\/ld+json\" class=\"yoast-schema-graph\">{\"@context\":\"https:\/\/schema.org\",\"@graph\":[{\"@type\":\"WebPage\",\"@id\":\"https:\/\/ekkla.ch\/de\/produit\/hangeleuchte-formakami-jh3-elfenbeinweiss-%e2%88%8545-tradition\/\",\"url\":\"https:\/\/ekkla.ch\/de\/produit\/hangeleuchte-formakami-jh3-elfenbeinweiss-%e2%88%8545-tradition\/\",\"name\":\"H\u00e4ngeleuchte Formakami JH3 | Elfenbeinweiss | &Tradition | Ekkla\",\"isPartOf\":{\"@id\":\"https:\/\/ekkla.ch\/#website\"},\"primaryImageOfPage\":{\"@id\":\"https:\/\/ekkla.ch\/de\/produit\/hangeleuchte-formakami-jh3-elfenbeinweiss-%e2%88%8545-tradition\/#primaryimage\"},\"image\":{\"@id\":\"https:\/\/ekkla.ch\/de\/produit\/hangeleuchte-formakami-jh3-elfenbeinweiss-%e2%88%8545-tradition\/#primaryimage\"},\"thumbnailUrl\":\"https:\/\/ekkla.ch\/wp-content\/uploads\/2023\/03\/ekkla-light-tradition-luminaires_0043_Formakami_JH3.jpg\",\"datePublished\":\"2023-03-08T09:47:43+00:00\",\"dateModified\":\"2023-03-09T17:57:20+00:00\",\"description\":\"Wie eine schwebende Laterne ist die Formakami JH3 H\u00e4ngeleuchte eine perfekte Mischung aus modernem und asiatischem Stil f\u00fcr eine Zen-Atmosph\u00e4re.\",\"breadcrumb\":{\"@id\":\"https:\/\/ekkla.ch\/de\/produit\/hangeleuchte-formakami-jh3-elfenbeinweiss-%e2%88%8545-tradition\/#breadcrumb\"},\"inLanguage\":\"de\",\"potentialAction\":[{\"@type\":\"ReadAction\",\"target\":[\"https:\/\/ekkla.ch\/de\/produit\/hangeleuchte-formakami-jh3-elfenbeinweiss-%e2%88%8545-tradition\/\"]}]},{\"@type\":\"ImageObject\",\"inLanguage\":\"de\",\"@id\":\"https:\/\/ekkla.ch\/de\/produit\/hangeleuchte-formakami-jh3-elfenbeinweiss-%e2%88%8545-tradition\/#primaryimage\",\"url\":\"https:\/\/ekkla.ch\/wp-content\/uploads\/2023\/03\/ekkla-light-tradition-luminaires_0043_Formakami_JH3.jpg\",\"contentUrl\":\"https:\/\/ekkla.ch\/wp-content\/uploads\/2023\/03\/ekkla-light-tradition-luminaires_0043_Formakami_JH3.jpg\",\"width\":900,\"height\":900},{\"@type\":\"BreadcrumbList\",\"@id\":\"https:\/\/ekkla.ch\/de\/produit\/hangeleuchte-formakami-jh3-elfenbeinweiss-%e2%88%8545-tradition\/#breadcrumb\",\"itemListElement\":[{\"@type\":\"ListItem\",\"position\":1,\"name\":\"Home\",\"item\":\"https:\/\/ekkla.ch\/de\/\"},{\"@type\":\"ListItem\",\"position\":2,\"name\":\"Shop\",\"item\":\"https:\/\/ekkla.ch\/de\/shop\/\"},{\"@type\":\"ListItem\",\"position\":3,\"name\":\"H\u00e4ngeleuchte Formakami JH3 &#8211; Elfenbeinweiss &#8211; \u220545 &#8211; &#038;Tradition\"}]},{\"@type\":\"WebSite\",\"@id\":\"https:\/\/ekkla.ch\/#website\",\"url\":\"https:\/\/ekkla.ch\/\",\"name\":\"Ekkla\",\"description\":\"Der Onlineshop f\u00fcr Beleuchtung\",\"publisher\":{\"@id\":\"https:\/\/ekkla.ch\/#organization\"},\"potentialAction\":[{\"@type\":\"SearchAction\",\"target\":{\"@type\":\"EntryPoint\",\"urlTemplate\":\"https:\/\/ekkla.ch\/?s={search_term_string}\"},\"query-input\":\"required name=search_term_string\"}],\"inLanguage\":\"de\"},{\"@type\":\"Organization\",\"@id\":\"https:\/\/ekkla.ch\/#organization\",\"name\":\"Ekkla\",\"url\":\"https:\/\/ekkla.ch\/\",\"logo\":{\"@type\":\"ImageObject\",\"inLanguage\":\"de\",\"@id\":\"https:\/\/ekkla.ch\/#\/schema\/logo\/image\/\",\"url\":\"http:\/\/ekkla.ch\/wp-content\/uploads\/2019\/07\/logo-1.svg\",\"contentUrl\":\"http:\/\/ekkla.ch\/wp-content\/uploads\/2019\/07\/logo-1.svg\",\"width\":1,\"height\":1,\"caption\":\"Ekkla\"},\"image\":{\"@id\":\"https:\/\/ekkla.ch\/#\/schema\/logo\/image\/\"},\"sameAs\":[\"https:\/\/www.instagram.com\/ekkla_light\/\"]}]}<\/script>\n<!-- \/ Yoast SEO Premium plugin. -->","yoast_head_json":{"title":"H\u00e4ngeleuchte Formakami JH3 | Elfenbeinweiss | &Tradition | Ekkla","description":"Wie eine schwebende Laterne ist die Formakami JH3 H\u00e4ngeleuchte eine perfekte Mischung aus modernem und asiatischem Stil f\u00fcr eine Zen-Atmosph\u00e4re.","robots":{"index":"index","follow":"follow","max-snippet":"max-snippet:-1","max-image-preview":"max-image-preview:large","max-video-preview":"max-video-preview:-1"},"canonical":"https:\/\/ekkla.ch\/de\/produit\/hangeleuchte-formakami-jh3-elfenbeinweiss-\u220545-tradition\/","og_locale":"de_DE","og_type":"article","og_title":"H\u00e4ngeleuchte Formakami JH3 - Elfenbeinweiss - \u220545 - &Tradition","og_description":"Wie eine schwebende Laterne ist die Formakami JH3 H\u00e4ngeleuchte eine perfekte Mischung aus modernem und asiatischem Stil f\u00fcr eine Zen-Atmosph\u00e4re.","og_url":"https:\/\/ekkla.ch\/de\/produit\/hangeleuchte-formakami-jh3-elfenbeinweiss-\u220545-tradition\/","og_site_name":"Ekkla","article_modified_time":"2023-03-09T17:57:20+00:00","og_image":[{"width":900,"height":900,"url":"https:\/\/ekkla.ch\/wp-content\/uploads\/2023\/03\/ekkla-light-tradition-luminaires_0043_Formakami_JH3.jpg","type":"image\/jpeg"}],"twitter_card":"summary_large_image","twitter_misc":{"Gesch\u00e4tzte Lesezeit":"1\u00a0Minute"},"schema":{"@context":"https:\/\/schema.org","@graph":[{"@type":"WebPage","@id":"https:\/\/ekkla.ch\/de\/produit\/hangeleuchte-formakami-jh3-elfenbeinweiss-%e2%88%8545-tradition\/","url":"https:\/\/ekkla.ch\/de\/produit\/hangeleuchte-formakami-jh3-elfenbeinweiss-%e2%88%8545-tradition\/","name":"H\u00e4ngeleuchte Formakami JH3 | Elfenbeinweiss | &Tradition | Ekkla","isPartOf":{"@id":"https:\/\/ekkla.ch\/#website"},"primaryImageOfPage":{"@id":"https:\/\/ekkla.ch\/de\/produit\/hangeleuchte-formakami-jh3-elfenbeinweiss-%e2%88%8545-tradition\/#primaryimage"},"image":{"@id":"https:\/\/ekkla.ch\/de\/produit\/hangeleuchte-formakami-jh3-elfenbeinweiss-%e2%88%8545-tradition\/#primaryimage"},"thumbnailUrl":"https:\/\/ekkla.ch\/wp-content\/uploads\/2023\/03\/ekkla-light-tradition-luminaires_0043_Formakami_JH3.jpg","datePublished":"2023-03-08T09:47:43+00:00","dateModified":"2023-03-09T17:57:20+00:00","description":"Wie eine schwebende Laterne ist die Formakami JH3 H\u00e4ngeleuchte eine perfekte Mischung aus modernem und asiatischem Stil f\u00fcr eine Zen-Atmosph\u00e4re.","breadcrumb":{"@id":"https:\/\/ekkla.ch\/de\/produit\/hangeleuchte-formakami-jh3-elfenbeinweiss-%e2%88%8545-tradition\/#breadcrumb"},"inLanguage":"de","potentialAction":[{"@type":"ReadAction","target":["https:\/\/ekkla.ch\/de\/produit\/hangeleuchte-formakami-jh3-elfenbeinweiss-%e2%88%8545-tradition\/"]}]},{"@type":"ImageObject","inLanguage":"de","@id":"https:\/\/ekkla.ch\/de\/produit\/hangeleuchte-formakami-jh3-elfenbeinweiss-%e2%88%8545-tradition\/#primaryimage","url":"https:\/\/ekkla.ch\/wp-content\/uploads\/2023\/03\/ekkla-light-tradition-luminaires_0043_Formakami_JH3.jpg","contentUrl":"https:\/\/ekkla.ch\/wp-content\/uploads\/2023\/03\/ekkla-light-tradition-luminaires_0043_Formakami_JH3.jpg","width":900,"height":900},{"@type":"BreadcrumbList","@id":"https:\/\/ekkla.ch\/de\/produit\/hangeleuchte-formakami-jh3-elfenbeinweiss-%e2%88%8545-tradition\/#breadcrumb","itemListElement":[{"@type":"ListItem","position":1,"name":"Home","item":"https:\/\/ekkla.ch\/de\/"},{"@type":"ListItem","position":2,"name":"Shop","item":"https:\/\/ekkla.ch\/de\/shop\/"},{"@type":"ListItem","position":3,"name":"H\u00e4ngeleuchte Formakami JH3 &#8211; Elfenbeinweiss &#8211; \u220545 &#8211; &#038;Tradition"}]},{"@type":"WebSite","@id":"https:\/\/ekkla.ch\/#website","url":"https:\/\/ekkla.ch\/","name":"Ekkla","description":"Der Onlineshop f\u00fcr Beleuchtung","publisher":{"@id":"https:\/\/ekkla.ch\/#organization"},"potentialAction":[{"@type":"SearchAction","target":{"@type":"EntryPoint","urlTemplate":"https:\/\/ekkla.ch\/?s={search_term_string}"},"query-input":"required name=search_term_string"}],"inLanguage":"de"},{"@type":"Organization","@id":"https:\/\/ekkla.ch\/#organization","name":"Ekkla","url":"https:\/\/ekkla.ch\/","logo":{"@type":"ImageObject","inLanguage":"de","@id":"https:\/\/ekkla.ch\/#\/schema\/logo\/image\/","url":"http:\/\/ekkla.ch\/wp-content\/uploads\/2019\/07\/logo-1.svg","contentUrl":"http:\/\/ekkla.ch\/wp-content\/uploads\/2019\/07\/logo-1.svg","width":1,"height":1,"caption":"Ekkla"},"image":{"@id":"https:\/\/ekkla.ch\/#\/schema\/logo\/image\/"},"sameAs":["https:\/\/www.instagram.com\/ekkla_light\/"]}]}},"_links":{"self":[{"href":"https:\/\/ekkla.ch\/de\/wp-json\/wp\/v2\/product\/170410"}],"collection":[{"href":"https:\/\/ekkla.ch\/de\/wp-json\/wp\/v2\/product"}],"about":[{"href":"https:\/\/ekkla.ch\/de\/wp-json\/wp\/v2\/types\/product"}],"wp:featuredmedia":[{"embeddable":true,"href":"https:\/\/ekkla.ch\/de\/wp-json\/wp\/v2\/media\/169899"}],"wp:attachment":[{"href":"https:\/\/ekkla.ch\/de\/wp-json\/wp\/v2\/media?parent=170410"}],"wp:term":[{"taxonomy":"product_cat","embeddable":true,"href":"https:\/\/ekkla.ch\/de\/wp-json\/wp\/v2\/product_cat?post=170410"},{"taxonomy":"product_tag","embeddable":true,"href":"https:\/\/ekkla.ch\/de\/wp-json\/wp\/v2\/product_tag?post=170410"}],"curies":[{"name":"wp","href":"https:\/\/api.w.org\/{rel}","templated":true}]}}