{"id":170423,"date":"2023-03-04T16:15:30","date_gmt":"2023-03-04T15:15:30","guid":{"rendered":"https:\/\/ekkla.ch\/produit\/wandleuchte-elly-a-naturlicher-bambus-h-31-ay-illuminate\/"},"modified":"2023-03-09T19:46:48","modified_gmt":"2023-03-09T18:46:48","slug":"wandleuchte-elly-a-naturlicher-bambus-h-31-ay-illuminate","status":"publish","type":"product","link":"https:\/\/ekkla.ch\/de\/produit\/wandleuchte-elly-a-naturlicher-bambus-h-31-ay-illuminate\/","title":{"rendered":"Wandleuchte Elly A- Nat\u00fcrlicher Bambus &#8211; H.31 &#8211; Ay Illuminate"},"content":{"rendered":"<p>Die Wandleuchte Elly A ist Teil der Wandleuchtenkollektion aus dem Hause Ay illuminate, die von den Designern Ay Lin Heinen und Nelson Sepulveda entworfen wurde.\u00a0Die Leuchte ist aus nat\u00fcrlichem Bambus handgefertigt und wertet jeden Raum auf, in dem sie h\u00e4ngt. Mit ihrem nat\u00fcrlichen Look passt diese Lampe perfekt in den Flur, ins Schlafzimmer oder auch ins B\u00fcro!<\/p>\n<p>Ay Illuminate bietet eine grosse Auswahl an einzigartigen, nachhaltigen und umweltfreundlichen Innen- und Aussenleuchten. Die niederl\u00e4ndische Marke ist bekannt f\u00fcr ihre klaren Designs im skandinavischen Stil und f\u00fcr ihre handwerkliche Herstellung, bei der nat\u00fcrliche Materialien wie Bambus, Rattan und Baumwolle verwendet werden. Seit f\u00fcnfzehn Jahren produziert Ay Illuminate hochwertige Leuchten durch die Zusammenarbeit mit Handwerkern aus Asien und Afrika, die \u00fcber einzigartige F\u00e4higkeiten verf\u00fcgen. Diese Kreationen sind nicht nur von der Natur inspiriert, sondern auch von den L\u00e4ndern, in denen sie hergestellt werden, und verleihen ihnen einen warmen, ethnischen Touch.<\/p>\n<blockquote>\n<h2 style=\"text-align: left;\">Merkmale &amp; Eigenschaften<\/h2>\n<p><strong>Marke<\/strong> Ay Illuminate<\/p>\n<p style=\"text-align: left;\"><strong>Farbe\u00a0<\/strong>Naturton<\/p>\n<p style=\"text-align: left;\"><strong>Material<\/strong>\u00a0Bambus<\/p>\n<p><strong>Gl\u00fchbirne<\/strong> E27<\/p>\n<p><strong>Max. Leistung (W) <\/strong>60<\/p>\n<p style=\"text-align: left;\"><strong>H\u00f6he (cm) <\/strong>31<\/p>\n<p><b>Breite (cm) <\/b>20<\/p>\n<p>&nbsp;<\/p><\/blockquote>\n","protected":false},"excerpt":{"rendered":"<p>Die Wandleuchte Elly A ist Teil der Wandleuchtenkollektion aus dem Hause Ay illuminate, die von den Designern Ay Lin Heinen und Nelson Sepulveda entworfen wurde.\u00a0Die Leuchte ist aus nat\u00fcrlichem Bambus handgefertigt und wertet jeden Raum auf, in dem sie h\u00e4ngt. Mit ihrem nat\u00fcrlichen Look passt diese Lampe perfekt in den Flur, ins Schlafzimmer oder auch [&hellip;]<\/p>\n","protected":false},"featured_media":170447,"template":"","meta":{"_acf_changed":false,"om_disable_all_campaigns":false},"product_cat":[286],"product_tag":[1256,892,1188,1265,801,816,704],"bundled_by":[],"bundle_stock_status":"onbackorder","bundle_stock_quantity":null,"bundle_virtual":false,"bundle_layout":"","bundle_add_to_cart_form_location":"","bundle_editable_in_cart":false,"bundle_sold_individually_context":"","bundle_item_grouping":"","bundle_min_size":"","bundle_max_size":"","bundle_price":[],"bundled_items":[],"bundle_sell_ids":[],"acf":[],"yoast_head":"<!-- This site is optimized with the Yoast SEO Premium plugin v22.2 (Yoast SEO v22.8) - https:\/\/yoast.com\/wordpress\/plugins\/seo\/ -->\n<title>Wandleuchte Elly A | Ay Illuminate | Ethisch &amp; nachhaltig | Ekkla<\/title>\n<meta name=\"description\" content=\"Diese aus nat\u00fcrlichem Bambus handgefertigte Wandleuchte Elly A erhellt und wertet jeden Raum auf, in dem sie steht.\" \/>\n<meta name=\"robots\" content=\"index, follow, max-snippet:-1, max-image-preview:large, max-video-preview:-1\" \/>\n<link rel=\"canonical\" href=\"https:\/\/ekkla.ch\/de\/produit\/wandleuchte-elly-a-naturlicher-bambus-h-31-ay-illuminate\/\" \/>\n<meta property=\"og:locale\" content=\"de_DE\" \/>\n<meta property=\"og:type\" content=\"article\" \/>\n<meta property=\"og:title\" content=\"Wandleuchte Elly A- Nat\u00fcrlicher Bambus - H.31 - Ay Illuminate\" \/>\n<meta property=\"og:description\" content=\"Diese aus nat\u00fcrlichem Bambus handgefertigte Wandleuchte Elly A erhellt und wertet jeden Raum auf, in dem sie steht.\" \/>\n<meta property=\"og:url\" content=\"https:\/\/ekkla.ch\/de\/produit\/wandleuchte-elly-a-naturlicher-bambus-h-31-ay-illuminate\/\" \/>\n<meta property=\"og:site_name\" content=\"Ekkla\" \/>\n<meta property=\"article:modified_time\" content=\"2023-03-09T18:46:48+00:00\" \/>\n<meta property=\"og:image\" content=\"https:\/\/ekkla.ch\/wp-content\/uploads\/2023\/03\/Sans-titre-1.jpg\" \/>\n\t<meta property=\"og:image:width\" content=\"900\" \/>\n\t<meta property=\"og:image:height\" content=\"900\" \/>\n\t<meta property=\"og:image:type\" content=\"image\/jpeg\" \/>\n<meta name=\"twitter:card\" content=\"summary_large_image\" \/>\n<meta name=\"twitter:label1\" content=\"Gesch\u00e4tzte Lesezeit\" \/>\n\t<meta name=\"twitter:data1\" content=\"1\u00a0Minute\" \/>\n<script type=\"application\/ld+json\" class=\"yoast-schema-graph\">{\"@context\":\"https:\/\/schema.org\",\"@graph\":[{\"@type\":\"WebPage\",\"@id\":\"https:\/\/ekkla.ch\/de\/produit\/wandleuchte-elly-a-naturlicher-bambus-h-31-ay-illuminate\/\",\"url\":\"https:\/\/ekkla.ch\/de\/produit\/wandleuchte-elly-a-naturlicher-bambus-h-31-ay-illuminate\/\",\"name\":\"Wandleuchte Elly A | Ay Illuminate | Ethisch & nachhaltig | Ekkla\",\"isPartOf\":{\"@id\":\"https:\/\/ekkla.ch\/#website\"},\"primaryImageOfPage\":{\"@id\":\"https:\/\/ekkla.ch\/de\/produit\/wandleuchte-elly-a-naturlicher-bambus-h-31-ay-illuminate\/#primaryimage\"},\"image\":{\"@id\":\"https:\/\/ekkla.ch\/de\/produit\/wandleuchte-elly-a-naturlicher-bambus-h-31-ay-illuminate\/#primaryimage\"},\"thumbnailUrl\":\"https:\/\/ekkla.ch\/wp-content\/uploads\/2023\/03\/Sans-titre-1.jpg\",\"datePublished\":\"2023-03-04T15:15:30+00:00\",\"dateModified\":\"2023-03-09T18:46:48+00:00\",\"description\":\"Diese aus nat\u00fcrlichem Bambus handgefertigte Wandleuchte Elly A erhellt und wertet jeden Raum auf, in dem sie steht.\",\"breadcrumb\":{\"@id\":\"https:\/\/ekkla.ch\/de\/produit\/wandleuchte-elly-a-naturlicher-bambus-h-31-ay-illuminate\/#breadcrumb\"},\"inLanguage\":\"de\",\"potentialAction\":[{\"@type\":\"ReadAction\",\"target\":[\"https:\/\/ekkla.ch\/de\/produit\/wandleuchte-elly-a-naturlicher-bambus-h-31-ay-illuminate\/\"]}]},{\"@type\":\"ImageObject\",\"inLanguage\":\"de\",\"@id\":\"https:\/\/ekkla.ch\/de\/produit\/wandleuchte-elly-a-naturlicher-bambus-h-31-ay-illuminate\/#primaryimage\",\"url\":\"https:\/\/ekkla.ch\/wp-content\/uploads\/2023\/03\/Sans-titre-1.jpg\",\"contentUrl\":\"https:\/\/ekkla.ch\/wp-content\/uploads\/2023\/03\/Sans-titre-1.jpg\",\"width\":900,\"height\":900},{\"@type\":\"BreadcrumbList\",\"@id\":\"https:\/\/ekkla.ch\/de\/produit\/wandleuchte-elly-a-naturlicher-bambus-h-31-ay-illuminate\/#breadcrumb\",\"itemListElement\":[{\"@type\":\"ListItem\",\"position\":1,\"name\":\"Home\",\"item\":\"https:\/\/ekkla.ch\/de\/\"},{\"@type\":\"ListItem\",\"position\":2,\"name\":\"Shop\",\"item\":\"https:\/\/ekkla.ch\/de\/shop\/\"},{\"@type\":\"ListItem\",\"position\":3,\"name\":\"Wandleuchte Elly A- Nat\u00fcrlicher Bambus &#8211; H.31 &#8211; Ay Illuminate\"}]},{\"@type\":\"WebSite\",\"@id\":\"https:\/\/ekkla.ch\/#website\",\"url\":\"https:\/\/ekkla.ch\/\",\"name\":\"Ekkla\",\"description\":\"Der Onlineshop f\u00fcr Beleuchtung\",\"publisher\":{\"@id\":\"https:\/\/ekkla.ch\/#organization\"},\"potentialAction\":[{\"@type\":\"SearchAction\",\"target\":{\"@type\":\"EntryPoint\",\"urlTemplate\":\"https:\/\/ekkla.ch\/?s={search_term_string}\"},\"query-input\":\"required name=search_term_string\"}],\"inLanguage\":\"de\"},{\"@type\":\"Organization\",\"@id\":\"https:\/\/ekkla.ch\/#organization\",\"name\":\"Ekkla\",\"url\":\"https:\/\/ekkla.ch\/\",\"logo\":{\"@type\":\"ImageObject\",\"inLanguage\":\"de\",\"@id\":\"https:\/\/ekkla.ch\/#\/schema\/logo\/image\/\",\"url\":\"http:\/\/ekkla.ch\/wp-content\/uploads\/2019\/07\/logo-1.svg\",\"contentUrl\":\"http:\/\/ekkla.ch\/wp-content\/uploads\/2019\/07\/logo-1.svg\",\"width\":1,\"height\":1,\"caption\":\"Ekkla\"},\"image\":{\"@id\":\"https:\/\/ekkla.ch\/#\/schema\/logo\/image\/\"},\"sameAs\":[\"https:\/\/www.instagram.com\/ekkla_light\/\"]}]}<\/script>\n<!-- \/ Yoast SEO Premium plugin. -->","yoast_head_json":{"title":"Wandleuchte Elly A | Ay Illuminate | Ethisch & nachhaltig | Ekkla","description":"Diese aus nat\u00fcrlichem Bambus handgefertigte Wandleuchte Elly A erhellt und wertet jeden Raum auf, in dem sie steht.","robots":{"index":"index","follow":"follow","max-snippet":"max-snippet:-1","max-image-preview":"max-image-preview:large","max-video-preview":"max-video-preview:-1"},"canonical":"https:\/\/ekkla.ch\/de\/produit\/wandleuchte-elly-a-naturlicher-bambus-h-31-ay-illuminate\/","og_locale":"de_DE","og_type":"article","og_title":"Wandleuchte Elly A- Nat\u00fcrlicher Bambus - H.31 - Ay Illuminate","og_description":"Diese aus nat\u00fcrlichem Bambus handgefertigte Wandleuchte Elly A erhellt und wertet jeden Raum auf, in dem sie steht.","og_url":"https:\/\/ekkla.ch\/de\/produit\/wandleuchte-elly-a-naturlicher-bambus-h-31-ay-illuminate\/","og_site_name":"Ekkla","article_modified_time":"2023-03-09T18:46:48+00:00","og_image":[{"width":900,"height":900,"url":"https:\/\/ekkla.ch\/wp-content\/uploads\/2023\/03\/Sans-titre-1.jpg","type":"image\/jpeg"}],"twitter_card":"summary_large_image","twitter_misc":{"Gesch\u00e4tzte Lesezeit":"1\u00a0Minute"},"schema":{"@context":"https:\/\/schema.org","@graph":[{"@type":"WebPage","@id":"https:\/\/ekkla.ch\/de\/produit\/wandleuchte-elly-a-naturlicher-bambus-h-31-ay-illuminate\/","url":"https:\/\/ekkla.ch\/de\/produit\/wandleuchte-elly-a-naturlicher-bambus-h-31-ay-illuminate\/","name":"Wandleuchte Elly A | Ay Illuminate | Ethisch & nachhaltig | Ekkla","isPartOf":{"@id":"https:\/\/ekkla.ch\/#website"},"primaryImageOfPage":{"@id":"https:\/\/ekkla.ch\/de\/produit\/wandleuchte-elly-a-naturlicher-bambus-h-31-ay-illuminate\/#primaryimage"},"image":{"@id":"https:\/\/ekkla.ch\/de\/produit\/wandleuchte-elly-a-naturlicher-bambus-h-31-ay-illuminate\/#primaryimage"},"thumbnailUrl":"https:\/\/ekkla.ch\/wp-content\/uploads\/2023\/03\/Sans-titre-1.jpg","datePublished":"2023-03-04T15:15:30+00:00","dateModified":"2023-03-09T18:46:48+00:00","description":"Diese aus nat\u00fcrlichem Bambus handgefertigte Wandleuchte Elly A erhellt und wertet jeden Raum auf, in dem sie steht.","breadcrumb":{"@id":"https:\/\/ekkla.ch\/de\/produit\/wandleuchte-elly-a-naturlicher-bambus-h-31-ay-illuminate\/#breadcrumb"},"inLanguage":"de","potentialAction":[{"@type":"ReadAction","target":["https:\/\/ekkla.ch\/de\/produit\/wandleuchte-elly-a-naturlicher-bambus-h-31-ay-illuminate\/"]}]},{"@type":"ImageObject","inLanguage":"de","@id":"https:\/\/ekkla.ch\/de\/produit\/wandleuchte-elly-a-naturlicher-bambus-h-31-ay-illuminate\/#primaryimage","url":"https:\/\/ekkla.ch\/wp-content\/uploads\/2023\/03\/Sans-titre-1.jpg","contentUrl":"https:\/\/ekkla.ch\/wp-content\/uploads\/2023\/03\/Sans-titre-1.jpg","width":900,"height":900},{"@type":"BreadcrumbList","@id":"https:\/\/ekkla.ch\/de\/produit\/wandleuchte-elly-a-naturlicher-bambus-h-31-ay-illuminate\/#breadcrumb","itemListElement":[{"@type":"ListItem","position":1,"name":"Home","item":"https:\/\/ekkla.ch\/de\/"},{"@type":"ListItem","position":2,"name":"Shop","item":"https:\/\/ekkla.ch\/de\/shop\/"},{"@type":"ListItem","position":3,"name":"Wandleuchte Elly A- Nat\u00fcrlicher Bambus &#8211; H.31 &#8211; Ay Illuminate"}]},{"@type":"WebSite","@id":"https:\/\/ekkla.ch\/#website","url":"https:\/\/ekkla.ch\/","name":"Ekkla","description":"Der Onlineshop f\u00fcr Beleuchtung","publisher":{"@id":"https:\/\/ekkla.ch\/#organization"},"potentialAction":[{"@type":"SearchAction","target":{"@type":"EntryPoint","urlTemplate":"https:\/\/ekkla.ch\/?s={search_term_string}"},"query-input":"required name=search_term_string"}],"inLanguage":"de"},{"@type":"Organization","@id":"https:\/\/ekkla.ch\/#organization","name":"Ekkla","url":"https:\/\/ekkla.ch\/","logo":{"@type":"ImageObject","inLanguage":"de","@id":"https:\/\/ekkla.ch\/#\/schema\/logo\/image\/","url":"http:\/\/ekkla.ch\/wp-content\/uploads\/2019\/07\/logo-1.svg","contentUrl":"http:\/\/ekkla.ch\/wp-content\/uploads\/2019\/07\/logo-1.svg","width":1,"height":1,"caption":"Ekkla"},"image":{"@id":"https:\/\/ekkla.ch\/#\/schema\/logo\/image\/"},"sameAs":["https:\/\/www.instagram.com\/ekkla_light\/"]}]}},"_links":{"self":[{"href":"https:\/\/ekkla.ch\/de\/wp-json\/wp\/v2\/product\/170423"}],"collection":[{"href":"https:\/\/ekkla.ch\/de\/wp-json\/wp\/v2\/product"}],"about":[{"href":"https:\/\/ekkla.ch\/de\/wp-json\/wp\/v2\/types\/product"}],"wp:featuredmedia":[{"embeddable":true,"href":"https:\/\/ekkla.ch\/de\/wp-json\/wp\/v2\/media\/170447"}],"wp:attachment":[{"href":"https:\/\/ekkla.ch\/de\/wp-json\/wp\/v2\/media?parent=170423"}],"wp:term":[{"taxonomy":"product_cat","embeddable":true,"href":"https:\/\/ekkla.ch\/de\/wp-json\/wp\/v2\/product_cat?post=170423"},{"taxonomy":"product_tag","embeddable":true,"href":"https:\/\/ekkla.ch\/de\/wp-json\/wp\/v2\/product_tag?post=170423"}],"curies":[{"name":"wp","href":"https:\/\/api.w.org\/{rel}","templated":true}]}}