{"id":170597,"date":"2023-03-08T15:58:49","date_gmt":"2023-03-08T14:58:49","guid":{"rendered":"https:\/\/ekkla.ch\/produit\/hangeleuchte-fun-11dm-brass-muschelplattchen-%e2%88%8570-verpan\/"},"modified":"2023-03-10T15:12:17","modified_gmt":"2023-03-10T14:12:17","slug":"hangeleuchte-fun-11dm-brass-muschelplattchen-%e2%88%8570-verpan","status":"publish","type":"product","link":"https:\/\/ekkla.ch\/de\/produit\/hangeleuchte-fun-11dm-brass-muschelplattchen-%e2%88%8570-verpan\/","title":{"rendered":"H\u00e4ngeleuchte FUN 11DM Brass &#8211; Muschelpl\u00e4ttchen &#8211; \u220570 &#8211; Verpan"},"content":{"rendered":"<p>Die glamour\u00f6se und gewagte H\u00e4ngeleuchte FUN 11DM Brass geh\u00f6rt zu den gr\u00f6ssten Meisterwerken von Verner Panton. Diese Lampe im Stil der 60er Jahre besteht aus 3 Ringen, an denen wundersch\u00f6ne Scheiben aus perlmuttfarbenen Muscheln befestigt sind. Die Harmonie zwischen der Pracht dieser H\u00e4ngelampe und dem sanften Ger\u00e4usch der aufeinanderprallenden Muscheln verleiht dem Raum, in dem sie h\u00e4ngt, eine ruhige und fr\u00f6hliche Atmosph\u00e4re. Die H\u00e4ngelampe bringt garantiert Freude in Ihr Schlafzimmer, Ihr Wohnzimmer, Ihren Flur oder Ihr Esszimmer.<\/p>\n<p>In den 1980er Jahren entwarf der Designer Verner Panton verschiedene Serien moderner Lampen, die zu einem Must-have des skandinavischen Designs wurden. Heute legt das Haus Verpan seine Ideen neu auf!<\/p>\n<blockquote>\n<h2 style=\"text-align: left;\">Merkmale &amp; Eigenschaften<\/h2>\n<p><strong>Marke<\/strong> Verpan<\/p>\n<p style=\"text-align: left;\"><strong>Farben\u00a0<\/strong>Weiss, Perlmutt und Gold<\/p>\n<p style=\"text-align: left;\"><strong>Material\u00a0<\/strong>Muschelpl\u00e4ttchen und Messing<\/p>\n<p><strong>Gl\u00fchbirne<\/strong> E27<\/p>\n<p><strong>Max. Leistung (W) <\/strong>60<\/p>\n<p><b>Durchmesser (cm) <\/b>70<\/p>\n<p><strong>H\u00f6he (cm)<\/strong>\u00a044<\/p>\n<p><strong>Kabell\u00e4nge (cm)<\/strong> 400<\/p>\n<p><strong>Gewicht (kg)\u00a0<\/strong>10<\/p><\/blockquote>\n","protected":false},"excerpt":{"rendered":"<p>Die glamour\u00f6se und gewagte H\u00e4ngeleuchte FUN 11DM Brass geh\u00f6rt zu den gr\u00f6ssten Meisterwerken von Verner Panton. Diese Lampe im Stil der 60er Jahre besteht aus 3 Ringen, an denen wundersch\u00f6ne Scheiben aus perlmuttfarbenen Muscheln befestigt sind. Die Harmonie zwischen der Pracht dieser H\u00e4ngelampe und dem sanften Ger\u00e4usch der aufeinanderprallenden Muscheln verleiht dem Raum, in dem [&hellip;]<\/p>\n","protected":false},"featured_media":170049,"template":"","meta":{"_acf_changed":false,"om_disable_all_campaigns":false},"product_cat":[291],"product_tag":[896,1188,801,816],"bundled_by":[],"bundle_stock_status":"onbackorder","bundle_stock_quantity":null,"bundle_virtual":false,"bundle_layout":"","bundle_add_to_cart_form_location":"","bundle_editable_in_cart":false,"bundle_sold_individually_context":"","bundle_item_grouping":"","bundle_min_size":"","bundle_max_size":"","bundle_price":[],"bundled_items":[],"bundle_sell_ids":[],"acf":[],"yoast_head":"<!-- This site is optimized with the Yoast SEO Premium plugin v22.2 (Yoast SEO v22.8) - https:\/\/yoast.com\/wordpress\/plugins\/seo\/ -->\n<title>H\u00e4ngeleuchte FUN 11DM | Perlmutt | Verpan | Ekkla<\/title>\n<meta name=\"description\" content=\"Die gewagte H\u00e4ngeleuchte FUN 11DM vermischt Glamour mit dem sanften Ger\u00e4usch von aneinanderprallenden Muscheln und sorgt so f\u00fcr eine gem\u00fctliche Atmosph\u00e4re.\" \/>\n<meta name=\"robots\" content=\"index, follow, max-snippet:-1, max-image-preview:large, max-video-preview:-1\" \/>\n<link rel=\"canonical\" href=\"https:\/\/ekkla.ch\/de\/produit\/hangeleuchte-fun-11dm-brass-muschelplattchen-\u220570-verpan\/\" \/>\n<meta property=\"og:locale\" content=\"de_DE\" \/>\n<meta property=\"og:type\" content=\"article\" \/>\n<meta property=\"og:title\" content=\"H\u00e4ngeleuchte FUN 11DM Brass - Muschelpl\u00e4ttchen - \u220570 - Verpan\" \/>\n<meta property=\"og:description\" content=\"Die gewagte H\u00e4ngeleuchte FUN 11DM vermischt Glamour mit dem sanften Ger\u00e4usch von aneinanderprallenden Muscheln und sorgt so f\u00fcr eine gem\u00fctliche Atmosph\u00e4re.\" \/>\n<meta property=\"og:url\" content=\"https:\/\/ekkla.ch\/de\/produit\/hangeleuchte-fun-11dm-brass-muschelplattchen-\u220570-verpan\/\" \/>\n<meta property=\"og:site_name\" content=\"Ekkla\" \/>\n<meta property=\"article:modified_time\" content=\"2023-03-10T14:12:17+00:00\" \/>\n<meta property=\"og:image\" content=\"https:\/\/ekkla.ch\/wp-content\/uploads\/2023\/03\/Ekkla-light-verpan-luminaire_0054_Fun-11DM-Brass-HR.jpg\" \/>\n\t<meta property=\"og:image:width\" content=\"900\" \/>\n\t<meta property=\"og:image:height\" content=\"900\" \/>\n\t<meta property=\"og:image:type\" content=\"image\/jpeg\" \/>\n<meta name=\"twitter:card\" content=\"summary_large_image\" \/>\n<meta name=\"twitter:label1\" content=\"Gesch\u00e4tzte Lesezeit\" \/>\n\t<meta name=\"twitter:data1\" content=\"1\u00a0Minute\" \/>\n<script type=\"application\/ld+json\" class=\"yoast-schema-graph\">{\"@context\":\"https:\/\/schema.org\",\"@graph\":[{\"@type\":\"WebPage\",\"@id\":\"https:\/\/ekkla.ch\/de\/produit\/hangeleuchte-fun-11dm-brass-muschelplattchen-%e2%88%8570-verpan\/\",\"url\":\"https:\/\/ekkla.ch\/de\/produit\/hangeleuchte-fun-11dm-brass-muschelplattchen-%e2%88%8570-verpan\/\",\"name\":\"H\u00e4ngeleuchte FUN 11DM | Perlmutt | Verpan | Ekkla\",\"isPartOf\":{\"@id\":\"https:\/\/ekkla.ch\/#website\"},\"primaryImageOfPage\":{\"@id\":\"https:\/\/ekkla.ch\/de\/produit\/hangeleuchte-fun-11dm-brass-muschelplattchen-%e2%88%8570-verpan\/#primaryimage\"},\"image\":{\"@id\":\"https:\/\/ekkla.ch\/de\/produit\/hangeleuchte-fun-11dm-brass-muschelplattchen-%e2%88%8570-verpan\/#primaryimage\"},\"thumbnailUrl\":\"https:\/\/ekkla.ch\/wp-content\/uploads\/2023\/03\/Ekkla-light-verpan-luminaire_0054_Fun-11DM-Brass-HR.jpg\",\"datePublished\":\"2023-03-08T14:58:49+00:00\",\"dateModified\":\"2023-03-10T14:12:17+00:00\",\"description\":\"Die gewagte H\u00e4ngeleuchte FUN 11DM vermischt Glamour mit dem sanften Ger\u00e4usch von aneinanderprallenden Muscheln und sorgt so f\u00fcr eine gem\u00fctliche Atmosph\u00e4re.\",\"breadcrumb\":{\"@id\":\"https:\/\/ekkla.ch\/de\/produit\/hangeleuchte-fun-11dm-brass-muschelplattchen-%e2%88%8570-verpan\/#breadcrumb\"},\"inLanguage\":\"de\",\"potentialAction\":[{\"@type\":\"ReadAction\",\"target\":[\"https:\/\/ekkla.ch\/de\/produit\/hangeleuchte-fun-11dm-brass-muschelplattchen-%e2%88%8570-verpan\/\"]}]},{\"@type\":\"ImageObject\",\"inLanguage\":\"de\",\"@id\":\"https:\/\/ekkla.ch\/de\/produit\/hangeleuchte-fun-11dm-brass-muschelplattchen-%e2%88%8570-verpan\/#primaryimage\",\"url\":\"https:\/\/ekkla.ch\/wp-content\/uploads\/2023\/03\/Ekkla-light-verpan-luminaire_0054_Fun-11DM-Brass-HR.jpg\",\"contentUrl\":\"https:\/\/ekkla.ch\/wp-content\/uploads\/2023\/03\/Ekkla-light-verpan-luminaire_0054_Fun-11DM-Brass-HR.jpg\",\"width\":900,\"height\":900},{\"@type\":\"BreadcrumbList\",\"@id\":\"https:\/\/ekkla.ch\/de\/produit\/hangeleuchte-fun-11dm-brass-muschelplattchen-%e2%88%8570-verpan\/#breadcrumb\",\"itemListElement\":[{\"@type\":\"ListItem\",\"position\":1,\"name\":\"Home\",\"item\":\"https:\/\/ekkla.ch\/de\/\"},{\"@type\":\"ListItem\",\"position\":2,\"name\":\"Shop\",\"item\":\"https:\/\/ekkla.ch\/de\/shop\/\"},{\"@type\":\"ListItem\",\"position\":3,\"name\":\"H\u00e4ngeleuchte FUN 11DM Brass &#8211; Muschelpl\u00e4ttchen &#8211; \u220570 &#8211; Verpan\"}]},{\"@type\":\"WebSite\",\"@id\":\"https:\/\/ekkla.ch\/#website\",\"url\":\"https:\/\/ekkla.ch\/\",\"name\":\"Ekkla\",\"description\":\"Der Onlineshop f\u00fcr Beleuchtung\",\"publisher\":{\"@id\":\"https:\/\/ekkla.ch\/#organization\"},\"potentialAction\":[{\"@type\":\"SearchAction\",\"target\":{\"@type\":\"EntryPoint\",\"urlTemplate\":\"https:\/\/ekkla.ch\/?s={search_term_string}\"},\"query-input\":\"required name=search_term_string\"}],\"inLanguage\":\"de\"},{\"@type\":\"Organization\",\"@id\":\"https:\/\/ekkla.ch\/#organization\",\"name\":\"Ekkla\",\"url\":\"https:\/\/ekkla.ch\/\",\"logo\":{\"@type\":\"ImageObject\",\"inLanguage\":\"de\",\"@id\":\"https:\/\/ekkla.ch\/#\/schema\/logo\/image\/\",\"url\":\"http:\/\/ekkla.ch\/wp-content\/uploads\/2019\/07\/logo-1.svg\",\"contentUrl\":\"http:\/\/ekkla.ch\/wp-content\/uploads\/2019\/07\/logo-1.svg\",\"width\":1,\"height\":1,\"caption\":\"Ekkla\"},\"image\":{\"@id\":\"https:\/\/ekkla.ch\/#\/schema\/logo\/image\/\"},\"sameAs\":[\"https:\/\/www.instagram.com\/ekkla_light\/\"]}]}<\/script>\n<!-- \/ Yoast SEO Premium plugin. -->","yoast_head_json":{"title":"H\u00e4ngeleuchte FUN 11DM | Perlmutt | Verpan | Ekkla","description":"Die gewagte H\u00e4ngeleuchte FUN 11DM vermischt Glamour mit dem sanften Ger\u00e4usch von aneinanderprallenden Muscheln und sorgt so f\u00fcr eine gem\u00fctliche Atmosph\u00e4re.","robots":{"index":"index","follow":"follow","max-snippet":"max-snippet:-1","max-image-preview":"max-image-preview:large","max-video-preview":"max-video-preview:-1"},"canonical":"https:\/\/ekkla.ch\/de\/produit\/hangeleuchte-fun-11dm-brass-muschelplattchen-\u220570-verpan\/","og_locale":"de_DE","og_type":"article","og_title":"H\u00e4ngeleuchte FUN 11DM Brass - Muschelpl\u00e4ttchen - \u220570 - Verpan","og_description":"Die gewagte H\u00e4ngeleuchte FUN 11DM vermischt Glamour mit dem sanften Ger\u00e4usch von aneinanderprallenden Muscheln und sorgt so f\u00fcr eine gem\u00fctliche Atmosph\u00e4re.","og_url":"https:\/\/ekkla.ch\/de\/produit\/hangeleuchte-fun-11dm-brass-muschelplattchen-\u220570-verpan\/","og_site_name":"Ekkla","article_modified_time":"2023-03-10T14:12:17+00:00","og_image":[{"width":900,"height":900,"url":"https:\/\/ekkla.ch\/wp-content\/uploads\/2023\/03\/Ekkla-light-verpan-luminaire_0054_Fun-11DM-Brass-HR.jpg","type":"image\/jpeg"}],"twitter_card":"summary_large_image","twitter_misc":{"Gesch\u00e4tzte Lesezeit":"1\u00a0Minute"},"schema":{"@context":"https:\/\/schema.org","@graph":[{"@type":"WebPage","@id":"https:\/\/ekkla.ch\/de\/produit\/hangeleuchte-fun-11dm-brass-muschelplattchen-%e2%88%8570-verpan\/","url":"https:\/\/ekkla.ch\/de\/produit\/hangeleuchte-fun-11dm-brass-muschelplattchen-%e2%88%8570-verpan\/","name":"H\u00e4ngeleuchte FUN 11DM | Perlmutt | Verpan | Ekkla","isPartOf":{"@id":"https:\/\/ekkla.ch\/#website"},"primaryImageOfPage":{"@id":"https:\/\/ekkla.ch\/de\/produit\/hangeleuchte-fun-11dm-brass-muschelplattchen-%e2%88%8570-verpan\/#primaryimage"},"image":{"@id":"https:\/\/ekkla.ch\/de\/produit\/hangeleuchte-fun-11dm-brass-muschelplattchen-%e2%88%8570-verpan\/#primaryimage"},"thumbnailUrl":"https:\/\/ekkla.ch\/wp-content\/uploads\/2023\/03\/Ekkla-light-verpan-luminaire_0054_Fun-11DM-Brass-HR.jpg","datePublished":"2023-03-08T14:58:49+00:00","dateModified":"2023-03-10T14:12:17+00:00","description":"Die gewagte H\u00e4ngeleuchte FUN 11DM vermischt Glamour mit dem sanften Ger\u00e4usch von aneinanderprallenden Muscheln und sorgt so f\u00fcr eine gem\u00fctliche Atmosph\u00e4re.","breadcrumb":{"@id":"https:\/\/ekkla.ch\/de\/produit\/hangeleuchte-fun-11dm-brass-muschelplattchen-%e2%88%8570-verpan\/#breadcrumb"},"inLanguage":"de","potentialAction":[{"@type":"ReadAction","target":["https:\/\/ekkla.ch\/de\/produit\/hangeleuchte-fun-11dm-brass-muschelplattchen-%e2%88%8570-verpan\/"]}]},{"@type":"ImageObject","inLanguage":"de","@id":"https:\/\/ekkla.ch\/de\/produit\/hangeleuchte-fun-11dm-brass-muschelplattchen-%e2%88%8570-verpan\/#primaryimage","url":"https:\/\/ekkla.ch\/wp-content\/uploads\/2023\/03\/Ekkla-light-verpan-luminaire_0054_Fun-11DM-Brass-HR.jpg","contentUrl":"https:\/\/ekkla.ch\/wp-content\/uploads\/2023\/03\/Ekkla-light-verpan-luminaire_0054_Fun-11DM-Brass-HR.jpg","width":900,"height":900},{"@type":"BreadcrumbList","@id":"https:\/\/ekkla.ch\/de\/produit\/hangeleuchte-fun-11dm-brass-muschelplattchen-%e2%88%8570-verpan\/#breadcrumb","itemListElement":[{"@type":"ListItem","position":1,"name":"Home","item":"https:\/\/ekkla.ch\/de\/"},{"@type":"ListItem","position":2,"name":"Shop","item":"https:\/\/ekkla.ch\/de\/shop\/"},{"@type":"ListItem","position":3,"name":"H\u00e4ngeleuchte FUN 11DM Brass &#8211; Muschelpl\u00e4ttchen &#8211; \u220570 &#8211; Verpan"}]},{"@type":"WebSite","@id":"https:\/\/ekkla.ch\/#website","url":"https:\/\/ekkla.ch\/","name":"Ekkla","description":"Der Onlineshop f\u00fcr Beleuchtung","publisher":{"@id":"https:\/\/ekkla.ch\/#organization"},"potentialAction":[{"@type":"SearchAction","target":{"@type":"EntryPoint","urlTemplate":"https:\/\/ekkla.ch\/?s={search_term_string}"},"query-input":"required name=search_term_string"}],"inLanguage":"de"},{"@type":"Organization","@id":"https:\/\/ekkla.ch\/#organization","name":"Ekkla","url":"https:\/\/ekkla.ch\/","logo":{"@type":"ImageObject","inLanguage":"de","@id":"https:\/\/ekkla.ch\/#\/schema\/logo\/image\/","url":"http:\/\/ekkla.ch\/wp-content\/uploads\/2019\/07\/logo-1.svg","contentUrl":"http:\/\/ekkla.ch\/wp-content\/uploads\/2019\/07\/logo-1.svg","width":1,"height":1,"caption":"Ekkla"},"image":{"@id":"https:\/\/ekkla.ch\/#\/schema\/logo\/image\/"},"sameAs":["https:\/\/www.instagram.com\/ekkla_light\/"]}]}},"_links":{"self":[{"href":"https:\/\/ekkla.ch\/de\/wp-json\/wp\/v2\/product\/170597"}],"collection":[{"href":"https:\/\/ekkla.ch\/de\/wp-json\/wp\/v2\/product"}],"about":[{"href":"https:\/\/ekkla.ch\/de\/wp-json\/wp\/v2\/types\/product"}],"wp:featuredmedia":[{"embeddable":true,"href":"https:\/\/ekkla.ch\/de\/wp-json\/wp\/v2\/media\/170049"}],"wp:attachment":[{"href":"https:\/\/ekkla.ch\/de\/wp-json\/wp\/v2\/media?parent=170597"}],"wp:term":[{"taxonomy":"product_cat","embeddable":true,"href":"https:\/\/ekkla.ch\/de\/wp-json\/wp\/v2\/product_cat?post=170597"},{"taxonomy":"product_tag","embeddable":true,"href":"https:\/\/ekkla.ch\/de\/wp-json\/wp\/v2\/product_tag?post=170597"}],"curies":[{"name":"wp","href":"https:\/\/api.w.org\/{rel}","templated":true}]}}