{"id":170603,"date":"2023-03-10T09:34:41","date_gmt":"2023-03-10T08:34:41","guid":{"rendered":"https:\/\/ekkla.ch\/produit\/wand-deckenleuchte-spiegel-aluminium-verpan\/"},"modified":"2024-11-27T12:47:30","modified_gmt":"2024-11-27T11:47:30","slug":"wand-deckenleuchte-spiegel-aluminium-verpan","status":"publish","type":"product","link":"https:\/\/ekkla.ch\/de\/produit\/wand-deckenleuchte-spiegel-aluminium-verpan\/","title":{"rendered":"Wand-\/ Deckenleuchte SPIEGEL &#8211; Aluminium &#8211; Verpan"},"content":{"rendered":"<p>Die Wandleuchte SPIEGEL wurde 1969 von Verner Panton entworfen. Sie ist eine vielseitige Lampe, die sowohl als Wand- als auch als Deckenleuchte, einzeln oder in der Mehrzahl verwendet werden kann und somit viele Kombinationsm\u00f6glichkeiten bietet.<\/p>\n<p>Die aus Aluminium gefertigte Lampe hat ein mattes und leicht gl\u00e4nzendes Aussehen. Dank ihrer soliden Konstruktion und der sorgf\u00e4ltigen Verarbeitung ist diese Wandleuchte leicht zu installieren und zu pflegen. Sie eignet sich hervorragend f\u00fcr den Einsatz in Wohnr\u00e4umen wie Wohnzimmern, Schlafzimmern oder im Flur. Die Leuchte verbreitet ein weiches, ged\u00e4mpftes Licht, das eine warme Atmosph\u00e4re in den Raum bringt.<\/p>\n<p>&nbsp;<\/p>\n<blockquote>\n<h2 style=\"text-align: left;\">Merkmale &amp; Eigenschaften<\/h2>\n<p><strong>Marke<\/strong> Verpan<\/p>\n<p style=\"text-align: left;\"><strong>Farbe\u00a0<\/strong>Grau<\/p>\n<p style=\"text-align: left;\"><strong>Material\u00a0<\/strong>Aluminium<\/p>\n<p><strong>Gl\u00fchbirne<\/strong> E14<\/p>\n<p><strong>Max. Leistung (W) <\/strong>60<\/p>\n<p><strong>H\u00f6he (cm)<\/strong> 62,5<\/p>\n<p><b>Breite (cm) <\/b>62,5<\/p>\n<p><strong>Tiefe (cm)<\/strong> 20<\/p>\n<p><strong>Gewicht (kg)<\/strong> 4,6<\/p><\/blockquote>\n","protected":false},"excerpt":{"rendered":"<p>Die Wandleuchte SPIEGEL wurde 1969 von Verner Panton entworfen. Sie ist eine vielseitige Lampe, die sowohl als Wand- als auch als Deckenleuchte, einzeln oder in der Mehrzahl verwendet werden kann und somit viele Kombinationsm\u00f6glichkeiten bietet. Die aus Aluminium gefertigte Lampe hat ein mattes und leicht gl\u00e4nzendes Aussehen. Dank ihrer soliden Konstruktion und der sorgf\u00e4ltigen Verarbeitung [&hellip;]<\/p>\n","protected":false},"featured_media":170452,"template":"","meta":{"_acf_changed":false,"om_disable_all_campaigns":false},"product_cat":[286],"product_tag":[896,1188,801,816,1109,883,919,1092],"bundled_by":[],"bundle_stock_status":"onbackorder","bundle_stock_quantity":-1,"bundle_virtual":false,"bundle_layout":"","bundle_add_to_cart_form_location":"","bundle_editable_in_cart":false,"bundle_sold_individually_context":"","bundle_item_grouping":"","bundle_min_size":"","bundle_max_size":"","bundle_price":[],"bundled_items":[],"bundle_sell_ids":[],"acf":[],"yoast_head":"<!-- This site is optimized with the Yoast SEO Premium plugin v22.2 (Yoast SEO v22.8) - https:\/\/yoast.com\/wordpress\/plugins\/seo\/ -->\n<title>Wandleuchte Spiegel | Aluminium | Verpan | Ekkla |<\/title>\n<meta name=\"description\" content=\"Die glamour\u00f6se und gewagte Wandleuchte Spiegel ist vielseitig einsetzbar und sorgt dank ihres Lichtdiffusors f\u00fcr eine sanfte und warme Atmosph\u00e4re.\" \/>\n<meta name=\"robots\" content=\"index, follow, max-snippet:-1, max-image-preview:large, max-video-preview:-1\" \/>\n<link rel=\"canonical\" href=\"https:\/\/ekkla.ch\/de\/produit\/wand-deckenleuchte-spiegel-aluminium-verpan\/\" \/>\n<meta property=\"og:locale\" content=\"de_DE\" \/>\n<meta property=\"og:type\" content=\"article\" \/>\n<meta property=\"og:title\" content=\"Wand-\/ Deckenleuchte SPIEGEL - Aluminium - Verpan\" \/>\n<meta property=\"og:description\" content=\"Die glamour\u00f6se und gewagte Wandleuchte Spiegel ist vielseitig einsetzbar und sorgt dank ihres Lichtdiffusors f\u00fcr eine sanfte und warme Atmosph\u00e4re.\" \/>\n<meta property=\"og:url\" content=\"https:\/\/ekkla.ch\/de\/produit\/wand-deckenleuchte-spiegel-aluminium-verpan\/\" \/>\n<meta property=\"og:site_name\" content=\"Ekkla\" \/>\n<meta property=\"article:modified_time\" content=\"2024-11-27T11:47:30+00:00\" \/>\n<meta property=\"og:image\" content=\"https:\/\/ekkla.ch\/wp-content\/uploads\/2023\/03\/Ekkla-light-verpan-luminaire_0035_Spiegel-ALU_HR.jpg\" \/>\n\t<meta property=\"og:image:width\" content=\"900\" \/>\n\t<meta property=\"og:image:height\" content=\"900\" \/>\n\t<meta property=\"og:image:type\" content=\"image\/jpeg\" \/>\n<meta name=\"twitter:card\" content=\"summary_large_image\" \/>\n<meta name=\"twitter:label1\" content=\"Gesch\u00e4tzte Lesezeit\" \/>\n\t<meta name=\"twitter:data1\" content=\"1\u00a0Minute\" \/>\n<script type=\"application\/ld+json\" class=\"yoast-schema-graph\">{\"@context\":\"https:\/\/schema.org\",\"@graph\":[{\"@type\":\"WebPage\",\"@id\":\"https:\/\/ekkla.ch\/de\/produit\/wand-deckenleuchte-spiegel-aluminium-verpan\/\",\"url\":\"https:\/\/ekkla.ch\/de\/produit\/wand-deckenleuchte-spiegel-aluminium-verpan\/\",\"name\":\"Wandleuchte Spiegel | Aluminium | Verpan | Ekkla |\",\"isPartOf\":{\"@id\":\"https:\/\/ekkla.ch\/#website\"},\"primaryImageOfPage\":{\"@id\":\"https:\/\/ekkla.ch\/de\/produit\/wand-deckenleuchte-spiegel-aluminium-verpan\/#primaryimage\"},\"image\":{\"@id\":\"https:\/\/ekkla.ch\/de\/produit\/wand-deckenleuchte-spiegel-aluminium-verpan\/#primaryimage\"},\"thumbnailUrl\":\"https:\/\/ekkla.ch\/wp-content\/uploads\/2023\/03\/Ekkla-light-verpan-luminaire_0035_Spiegel-ALU_HR.jpg\",\"datePublished\":\"2023-03-10T08:34:41+00:00\",\"dateModified\":\"2024-11-27T11:47:30+00:00\",\"description\":\"Die glamour\u00f6se und gewagte Wandleuchte Spiegel ist vielseitig einsetzbar und sorgt dank ihres Lichtdiffusors f\u00fcr eine sanfte und warme Atmosph\u00e4re.\",\"breadcrumb\":{\"@id\":\"https:\/\/ekkla.ch\/de\/produit\/wand-deckenleuchte-spiegel-aluminium-verpan\/#breadcrumb\"},\"inLanguage\":\"de\",\"potentialAction\":[{\"@type\":\"ReadAction\",\"target\":[\"https:\/\/ekkla.ch\/de\/produit\/wand-deckenleuchte-spiegel-aluminium-verpan\/\"]}]},{\"@type\":\"ImageObject\",\"inLanguage\":\"de\",\"@id\":\"https:\/\/ekkla.ch\/de\/produit\/wand-deckenleuchte-spiegel-aluminium-verpan\/#primaryimage\",\"url\":\"https:\/\/ekkla.ch\/wp-content\/uploads\/2023\/03\/Ekkla-light-verpan-luminaire_0035_Spiegel-ALU_HR.jpg\",\"contentUrl\":\"https:\/\/ekkla.ch\/wp-content\/uploads\/2023\/03\/Ekkla-light-verpan-luminaire_0035_Spiegel-ALU_HR.jpg\",\"width\":900,\"height\":900},{\"@type\":\"BreadcrumbList\",\"@id\":\"https:\/\/ekkla.ch\/de\/produit\/wand-deckenleuchte-spiegel-aluminium-verpan\/#breadcrumb\",\"itemListElement\":[{\"@type\":\"ListItem\",\"position\":1,\"name\":\"Home\",\"item\":\"https:\/\/ekkla.ch\/de\/\"},{\"@type\":\"ListItem\",\"position\":2,\"name\":\"Shop\",\"item\":\"https:\/\/ekkla.ch\/de\/shop\/\"},{\"@type\":\"ListItem\",\"position\":3,\"name\":\"Wand-\/ Deckenleuchte SPIEGEL &#8211; Aluminium &#8211; Verpan\"}]},{\"@type\":\"WebSite\",\"@id\":\"https:\/\/ekkla.ch\/#website\",\"url\":\"https:\/\/ekkla.ch\/\",\"name\":\"Ekkla\",\"description\":\"Der Onlineshop f\u00fcr Beleuchtung\",\"publisher\":{\"@id\":\"https:\/\/ekkla.ch\/#organization\"},\"potentialAction\":[{\"@type\":\"SearchAction\",\"target\":{\"@type\":\"EntryPoint\",\"urlTemplate\":\"https:\/\/ekkla.ch\/?s={search_term_string}\"},\"query-input\":\"required name=search_term_string\"}],\"inLanguage\":\"de\"},{\"@type\":\"Organization\",\"@id\":\"https:\/\/ekkla.ch\/#organization\",\"name\":\"Ekkla\",\"url\":\"https:\/\/ekkla.ch\/\",\"logo\":{\"@type\":\"ImageObject\",\"inLanguage\":\"de\",\"@id\":\"https:\/\/ekkla.ch\/#\/schema\/logo\/image\/\",\"url\":\"http:\/\/ekkla.ch\/wp-content\/uploads\/2019\/07\/logo-1.svg\",\"contentUrl\":\"http:\/\/ekkla.ch\/wp-content\/uploads\/2019\/07\/logo-1.svg\",\"width\":1,\"height\":1,\"caption\":\"Ekkla\"},\"image\":{\"@id\":\"https:\/\/ekkla.ch\/#\/schema\/logo\/image\/\"},\"sameAs\":[\"https:\/\/www.instagram.com\/ekkla_light\/\"]}]}<\/script>\n<!-- \/ Yoast SEO Premium plugin. -->","yoast_head_json":{"title":"Wandleuchte Spiegel | Aluminium | Verpan | Ekkla |","description":"Die glamour\u00f6se und gewagte Wandleuchte Spiegel ist vielseitig einsetzbar und sorgt dank ihres Lichtdiffusors f\u00fcr eine sanfte und warme Atmosph\u00e4re.","robots":{"index":"index","follow":"follow","max-snippet":"max-snippet:-1","max-image-preview":"max-image-preview:large","max-video-preview":"max-video-preview:-1"},"canonical":"https:\/\/ekkla.ch\/de\/produit\/wand-deckenleuchte-spiegel-aluminium-verpan\/","og_locale":"de_DE","og_type":"article","og_title":"Wand-\/ Deckenleuchte SPIEGEL - Aluminium - Verpan","og_description":"Die glamour\u00f6se und gewagte Wandleuchte Spiegel ist vielseitig einsetzbar und sorgt dank ihres Lichtdiffusors f\u00fcr eine sanfte und warme Atmosph\u00e4re.","og_url":"https:\/\/ekkla.ch\/de\/produit\/wand-deckenleuchte-spiegel-aluminium-verpan\/","og_site_name":"Ekkla","article_modified_time":"2024-11-27T11:47:30+00:00","og_image":[{"width":900,"height":900,"url":"https:\/\/ekkla.ch\/wp-content\/uploads\/2023\/03\/Ekkla-light-verpan-luminaire_0035_Spiegel-ALU_HR.jpg","type":"image\/jpeg"}],"twitter_card":"summary_large_image","twitter_misc":{"Gesch\u00e4tzte Lesezeit":"1\u00a0Minute"},"schema":{"@context":"https:\/\/schema.org","@graph":[{"@type":"WebPage","@id":"https:\/\/ekkla.ch\/de\/produit\/wand-deckenleuchte-spiegel-aluminium-verpan\/","url":"https:\/\/ekkla.ch\/de\/produit\/wand-deckenleuchte-spiegel-aluminium-verpan\/","name":"Wandleuchte Spiegel | Aluminium | Verpan | Ekkla |","isPartOf":{"@id":"https:\/\/ekkla.ch\/#website"},"primaryImageOfPage":{"@id":"https:\/\/ekkla.ch\/de\/produit\/wand-deckenleuchte-spiegel-aluminium-verpan\/#primaryimage"},"image":{"@id":"https:\/\/ekkla.ch\/de\/produit\/wand-deckenleuchte-spiegel-aluminium-verpan\/#primaryimage"},"thumbnailUrl":"https:\/\/ekkla.ch\/wp-content\/uploads\/2023\/03\/Ekkla-light-verpan-luminaire_0035_Spiegel-ALU_HR.jpg","datePublished":"2023-03-10T08:34:41+00:00","dateModified":"2024-11-27T11:47:30+00:00","description":"Die glamour\u00f6se und gewagte Wandleuchte Spiegel ist vielseitig einsetzbar und sorgt dank ihres Lichtdiffusors f\u00fcr eine sanfte und warme Atmosph\u00e4re.","breadcrumb":{"@id":"https:\/\/ekkla.ch\/de\/produit\/wand-deckenleuchte-spiegel-aluminium-verpan\/#breadcrumb"},"inLanguage":"de","potentialAction":[{"@type":"ReadAction","target":["https:\/\/ekkla.ch\/de\/produit\/wand-deckenleuchte-spiegel-aluminium-verpan\/"]}]},{"@type":"ImageObject","inLanguage":"de","@id":"https:\/\/ekkla.ch\/de\/produit\/wand-deckenleuchte-spiegel-aluminium-verpan\/#primaryimage","url":"https:\/\/ekkla.ch\/wp-content\/uploads\/2023\/03\/Ekkla-light-verpan-luminaire_0035_Spiegel-ALU_HR.jpg","contentUrl":"https:\/\/ekkla.ch\/wp-content\/uploads\/2023\/03\/Ekkla-light-verpan-luminaire_0035_Spiegel-ALU_HR.jpg","width":900,"height":900},{"@type":"BreadcrumbList","@id":"https:\/\/ekkla.ch\/de\/produit\/wand-deckenleuchte-spiegel-aluminium-verpan\/#breadcrumb","itemListElement":[{"@type":"ListItem","position":1,"name":"Home","item":"https:\/\/ekkla.ch\/de\/"},{"@type":"ListItem","position":2,"name":"Shop","item":"https:\/\/ekkla.ch\/de\/shop\/"},{"@type":"ListItem","position":3,"name":"Wand-\/ Deckenleuchte SPIEGEL &#8211; Aluminium &#8211; Verpan"}]},{"@type":"WebSite","@id":"https:\/\/ekkla.ch\/#website","url":"https:\/\/ekkla.ch\/","name":"Ekkla","description":"Der Onlineshop f\u00fcr Beleuchtung","publisher":{"@id":"https:\/\/ekkla.ch\/#organization"},"potentialAction":[{"@type":"SearchAction","target":{"@type":"EntryPoint","urlTemplate":"https:\/\/ekkla.ch\/?s={search_term_string}"},"query-input":"required name=search_term_string"}],"inLanguage":"de"},{"@type":"Organization","@id":"https:\/\/ekkla.ch\/#organization","name":"Ekkla","url":"https:\/\/ekkla.ch\/","logo":{"@type":"ImageObject","inLanguage":"de","@id":"https:\/\/ekkla.ch\/#\/schema\/logo\/image\/","url":"http:\/\/ekkla.ch\/wp-content\/uploads\/2019\/07\/logo-1.svg","contentUrl":"http:\/\/ekkla.ch\/wp-content\/uploads\/2019\/07\/logo-1.svg","width":1,"height":1,"caption":"Ekkla"},"image":{"@id":"https:\/\/ekkla.ch\/#\/schema\/logo\/image\/"},"sameAs":["https:\/\/www.instagram.com\/ekkla_light\/"]}]}},"_links":{"self":[{"href":"https:\/\/ekkla.ch\/de\/wp-json\/wp\/v2\/product\/170603"}],"collection":[{"href":"https:\/\/ekkla.ch\/de\/wp-json\/wp\/v2\/product"}],"about":[{"href":"https:\/\/ekkla.ch\/de\/wp-json\/wp\/v2\/types\/product"}],"wp:featuredmedia":[{"embeddable":true,"href":"https:\/\/ekkla.ch\/de\/wp-json\/wp\/v2\/media\/170452"}],"wp:attachment":[{"href":"https:\/\/ekkla.ch\/de\/wp-json\/wp\/v2\/media?parent=170603"}],"wp:term":[{"taxonomy":"product_cat","embeddable":true,"href":"https:\/\/ekkla.ch\/de\/wp-json\/wp\/v2\/product_cat?post=170603"},{"taxonomy":"product_tag","embeddable":true,"href":"https:\/\/ekkla.ch\/de\/wp-json\/wp\/v2\/product_tag?post=170603"}],"curies":[{"name":"wp","href":"https:\/\/api.w.org\/{rel}","templated":true}]}}