{"id":170814,"date":"2023-03-09T14:31:54","date_gmt":"2023-03-09T13:31:54","guid":{"rendered":"https:\/\/ekkla.ch\/produit\/hangeleuchte-flowerpot-vp1-poolblau-%e2%88%8523-tradition\/"},"modified":"2023-04-05T09:37:48","modified_gmt":"2023-04-05T07:37:48","slug":"hangeleuchte-flowerpot-vp1-poolblau-%e2%88%8523-tradition","status":"publish","type":"product","link":"https:\/\/ekkla.ch\/de\/produit\/hangeleuchte-flowerpot-vp1-poolblau-%e2%88%8523-tradition\/","title":{"rendered":"H\u00e4ngeleuchte Flowerpot VP1 &#8211; Poolblau &#8211; \u220523 &#8211; &#038;Tradition"},"content":{"rendered":"<p>Die H\u00e4ngeleuchte <em>Flowerpot VP1<\/em>\u00a0von &amp;Tradition ist ein Kultobjekt des Designs. Sie wurde 1968 von dem ber\u00fchmten skandinavischen Designer Verner Panton entworfen. Diese Leuchte mit ihren einfachen, runden Formen wurde zu einer Designikone der 70er Jahre und hat die Jahrzehnte ohne Probleme \u00fcberstanden! Mit ihrem Retro-Look ist die Leuchte <em>Flowerpot VP1<\/em>\u00a0eine Verschachtelung von zwei Kuppeln aus lackiertem Metall, die in einer Vielzahl fr\u00f6hlicher Farben erh\u00e4ltlich ist. Die ikonische H\u00e4ngeleuchte kann zur Beleuchtung eines Raumes oder zur Schaffung einer warmen und einladenden Atmosph\u00e4re verwendet werden. Ihr elegantes und modernes Design macht sie zu einem beliebten Dekorationsobjekt f\u00fcr jedes Interieur.<\/p>\n<p>Das 2010 in D\u00e4nemark gegr\u00fcndete Haus &amp;Tradition entstand aus dem Wunsch heraus, zeitlose und signierte Leuchten neu aufzulegen. Die Marke verbindet Tradition und Innovation, indem sie die Materialien sowie das nordische Handwerk respektiert.<\/p>\n<blockquote>\n<h2 style=\"text-align: left;\">Merkmale &amp; Eigenschaften<\/h2>\n<p><strong>Marke<\/strong> &amp;Tradition<\/p>\n<p style=\"text-align: left;\"><strong>Farbe<\/strong> Hell blau<\/p>\n<p style=\"text-align: left;\"><strong>Material\u00a0<\/strong>Lackiertes Metall<\/p>\n<p><strong>Gl\u00fchbirne\u00a0<\/strong>E27<\/p>\n<p><strong>Max. Leistung (W) <\/strong>40<\/p>\n<p><strong>H\u00f6he (cm) <\/strong>19<\/p>\n<p><strong>Durchmesser (cm) <\/strong>23<\/p>\n<p><strong>Gewicht (kg)<\/strong> 0,95<\/p>\n<p><strong>Max. Kabell\u00e4nge (cm)<\/strong> 300<\/p><\/blockquote>\n","protected":false},"excerpt":{"rendered":"<p>Die H\u00e4ngeleuchte Flowerpot VP1\u00a0von &amp;Tradition ist ein Kultobjekt des Designs. Sie wurde 1968 von dem ber\u00fchmten skandinavischen Designer Verner Panton entworfen. Diese Leuchte mit ihren einfachen, runden Formen wurde zu einer Designikone der 70er Jahre und hat die Jahrzehnte ohne Probleme \u00fcberstanden! Mit ihrem Retro-Look ist die Leuchte Flowerpot VP1\u00a0eine Verschachtelung von zwei Kuppeln aus [&hellip;]<\/p>\n","protected":false},"featured_media":170239,"template":"","meta":{"_acf_changed":false,"om_disable_all_campaigns":false},"product_cat":[291],"product_tag":[846,1254,896,1188,1265,801,852,816],"bundled_by":[],"bundle_stock_status":"onbackorder","bundle_stock_quantity":null,"bundle_virtual":false,"bundle_layout":"","bundle_add_to_cart_form_location":"","bundle_editable_in_cart":false,"bundle_sold_individually_context":"","bundle_item_grouping":"","bundle_min_size":"","bundle_max_size":"","bundle_price":[],"bundled_items":[],"bundle_sell_ids":[],"acf":[],"yoast_head":"<!-- This site is optimized with the Yoast SEO Premium plugin v22.2 (Yoast SEO v22.8) - https:\/\/yoast.com\/wordpress\/plugins\/seo\/ -->\n<title>H\u00e4ngeleuchte Flowerpot VP1 | Poolblau | &amp;Tradition | Ekkla<\/title>\n<meta name=\"description\" content=\"Die H\u00e4ngeleuchte Flowerpot VP1 mit ihren einfachen, runden Formen wurde zu einer Ikone des Designs der 70er Jahre und schafft eine gem\u00fctliche Atmosph\u00e4re.\" \/>\n<meta name=\"robots\" content=\"index, follow, max-snippet:-1, max-image-preview:large, max-video-preview:-1\" \/>\n<link rel=\"canonical\" href=\"https:\/\/ekkla.ch\/de\/produit\/hangeleuchte-flowerpot-vp1-poolblau-\u220523-tradition\/\" \/>\n<meta property=\"og:locale\" content=\"de_DE\" \/>\n<meta property=\"og:type\" content=\"article\" \/>\n<meta property=\"og:title\" content=\"H\u00e4ngeleuchte Flowerpot VP1 - Poolblau - \u220523 - &amp;Tradition\" \/>\n<meta property=\"og:description\" content=\"Die H\u00e4ngeleuchte Flowerpot VP1 mit ihren einfachen, runden Formen wurde zu einer Ikone des Designs der 70er Jahre und schafft eine gem\u00fctliche Atmosph\u00e4re.\" \/>\n<meta property=\"og:url\" content=\"https:\/\/ekkla.ch\/de\/produit\/hangeleuchte-flowerpot-vp1-poolblau-\u220523-tradition\/\" \/>\n<meta property=\"og:site_name\" content=\"Ekkla\" \/>\n<meta property=\"article:modified_time\" content=\"2023-04-05T07:37:48+00:00\" \/>\n<meta property=\"og:image\" content=\"https:\/\/ekkla.ch\/wp-content\/uploads\/2023\/03\/ekkla-light-tradition-luminaires_0048_Flowerpot-VP1-Swim-Blue_off-1.jpg\" \/>\n\t<meta property=\"og:image:width\" content=\"900\" \/>\n\t<meta property=\"og:image:height\" content=\"900\" \/>\n\t<meta property=\"og:image:type\" content=\"image\/jpeg\" \/>\n<meta name=\"twitter:card\" content=\"summary_large_image\" \/>\n<meta name=\"twitter:label1\" content=\"Gesch\u00e4tzte Lesezeit\" \/>\n\t<meta name=\"twitter:data1\" content=\"1\u00a0Minute\" \/>\n<script type=\"application\/ld+json\" class=\"yoast-schema-graph\">{\"@context\":\"https:\/\/schema.org\",\"@graph\":[{\"@type\":\"WebPage\",\"@id\":\"https:\/\/ekkla.ch\/de\/produit\/hangeleuchte-flowerpot-vp1-poolblau-%e2%88%8523-tradition\/\",\"url\":\"https:\/\/ekkla.ch\/de\/produit\/hangeleuchte-flowerpot-vp1-poolblau-%e2%88%8523-tradition\/\",\"name\":\"H\u00e4ngeleuchte Flowerpot VP1 | Poolblau | &Tradition | Ekkla\",\"isPartOf\":{\"@id\":\"https:\/\/ekkla.ch\/#website\"},\"primaryImageOfPage\":{\"@id\":\"https:\/\/ekkla.ch\/de\/produit\/hangeleuchte-flowerpot-vp1-poolblau-%e2%88%8523-tradition\/#primaryimage\"},\"image\":{\"@id\":\"https:\/\/ekkla.ch\/de\/produit\/hangeleuchte-flowerpot-vp1-poolblau-%e2%88%8523-tradition\/#primaryimage\"},\"thumbnailUrl\":\"https:\/\/ekkla.ch\/wp-content\/uploads\/2023\/03\/ekkla-light-tradition-luminaires_0048_Flowerpot-VP1-Swim-Blue_off-1.jpg\",\"datePublished\":\"2023-03-09T13:31:54+00:00\",\"dateModified\":\"2023-04-05T07:37:48+00:00\",\"description\":\"Die H\u00e4ngeleuchte Flowerpot VP1 mit ihren einfachen, runden Formen wurde zu einer Ikone des Designs der 70er Jahre und schafft eine gem\u00fctliche Atmosph\u00e4re.\",\"breadcrumb\":{\"@id\":\"https:\/\/ekkla.ch\/de\/produit\/hangeleuchte-flowerpot-vp1-poolblau-%e2%88%8523-tradition\/#breadcrumb\"},\"inLanguage\":\"de\",\"potentialAction\":[{\"@type\":\"ReadAction\",\"target\":[\"https:\/\/ekkla.ch\/de\/produit\/hangeleuchte-flowerpot-vp1-poolblau-%e2%88%8523-tradition\/\"]}]},{\"@type\":\"ImageObject\",\"inLanguage\":\"de\",\"@id\":\"https:\/\/ekkla.ch\/de\/produit\/hangeleuchte-flowerpot-vp1-poolblau-%e2%88%8523-tradition\/#primaryimage\",\"url\":\"https:\/\/ekkla.ch\/wp-content\/uploads\/2023\/03\/ekkla-light-tradition-luminaires_0048_Flowerpot-VP1-Swim-Blue_off-1.jpg\",\"contentUrl\":\"https:\/\/ekkla.ch\/wp-content\/uploads\/2023\/03\/ekkla-light-tradition-luminaires_0048_Flowerpot-VP1-Swim-Blue_off-1.jpg\",\"width\":900,\"height\":900},{\"@type\":\"BreadcrumbList\",\"@id\":\"https:\/\/ekkla.ch\/de\/produit\/hangeleuchte-flowerpot-vp1-poolblau-%e2%88%8523-tradition\/#breadcrumb\",\"itemListElement\":[{\"@type\":\"ListItem\",\"position\":1,\"name\":\"Home\",\"item\":\"https:\/\/ekkla.ch\/de\/\"},{\"@type\":\"ListItem\",\"position\":2,\"name\":\"Shop\",\"item\":\"https:\/\/ekkla.ch\/de\/shop\/\"},{\"@type\":\"ListItem\",\"position\":3,\"name\":\"H\u00e4ngeleuchte Flowerpot VP1 &#8211; Poolblau &#8211; \u220523 &#8211; &#038;Tradition\"}]},{\"@type\":\"WebSite\",\"@id\":\"https:\/\/ekkla.ch\/#website\",\"url\":\"https:\/\/ekkla.ch\/\",\"name\":\"Ekkla\",\"description\":\"Der Onlineshop f\u00fcr Beleuchtung\",\"publisher\":{\"@id\":\"https:\/\/ekkla.ch\/#organization\"},\"potentialAction\":[{\"@type\":\"SearchAction\",\"target\":{\"@type\":\"EntryPoint\",\"urlTemplate\":\"https:\/\/ekkla.ch\/?s={search_term_string}\"},\"query-input\":\"required name=search_term_string\"}],\"inLanguage\":\"de\"},{\"@type\":\"Organization\",\"@id\":\"https:\/\/ekkla.ch\/#organization\",\"name\":\"Ekkla\",\"url\":\"https:\/\/ekkla.ch\/\",\"logo\":{\"@type\":\"ImageObject\",\"inLanguage\":\"de\",\"@id\":\"https:\/\/ekkla.ch\/#\/schema\/logo\/image\/\",\"url\":\"http:\/\/ekkla.ch\/wp-content\/uploads\/2019\/07\/logo-1.svg\",\"contentUrl\":\"http:\/\/ekkla.ch\/wp-content\/uploads\/2019\/07\/logo-1.svg\",\"width\":1,\"height\":1,\"caption\":\"Ekkla\"},\"image\":{\"@id\":\"https:\/\/ekkla.ch\/#\/schema\/logo\/image\/\"},\"sameAs\":[\"https:\/\/www.instagram.com\/ekkla_light\/\"]}]}<\/script>\n<!-- \/ Yoast SEO Premium plugin. -->","yoast_head_json":{"title":"H\u00e4ngeleuchte Flowerpot VP1 | Poolblau | &Tradition | Ekkla","description":"Die H\u00e4ngeleuchte Flowerpot VP1 mit ihren einfachen, runden Formen wurde zu einer Ikone des Designs der 70er Jahre und schafft eine gem\u00fctliche Atmosph\u00e4re.","robots":{"index":"index","follow":"follow","max-snippet":"max-snippet:-1","max-image-preview":"max-image-preview:large","max-video-preview":"max-video-preview:-1"},"canonical":"https:\/\/ekkla.ch\/de\/produit\/hangeleuchte-flowerpot-vp1-poolblau-\u220523-tradition\/","og_locale":"de_DE","og_type":"article","og_title":"H\u00e4ngeleuchte Flowerpot VP1 - Poolblau - \u220523 - &Tradition","og_description":"Die H\u00e4ngeleuchte Flowerpot VP1 mit ihren einfachen, runden Formen wurde zu einer Ikone des Designs der 70er Jahre und schafft eine gem\u00fctliche Atmosph\u00e4re.","og_url":"https:\/\/ekkla.ch\/de\/produit\/hangeleuchte-flowerpot-vp1-poolblau-\u220523-tradition\/","og_site_name":"Ekkla","article_modified_time":"2023-04-05T07:37:48+00:00","og_image":[{"width":900,"height":900,"url":"https:\/\/ekkla.ch\/wp-content\/uploads\/2023\/03\/ekkla-light-tradition-luminaires_0048_Flowerpot-VP1-Swim-Blue_off-1.jpg","type":"image\/jpeg"}],"twitter_card":"summary_large_image","twitter_misc":{"Gesch\u00e4tzte Lesezeit":"1\u00a0Minute"},"schema":{"@context":"https:\/\/schema.org","@graph":[{"@type":"WebPage","@id":"https:\/\/ekkla.ch\/de\/produit\/hangeleuchte-flowerpot-vp1-poolblau-%e2%88%8523-tradition\/","url":"https:\/\/ekkla.ch\/de\/produit\/hangeleuchte-flowerpot-vp1-poolblau-%e2%88%8523-tradition\/","name":"H\u00e4ngeleuchte Flowerpot VP1 | Poolblau | &Tradition | Ekkla","isPartOf":{"@id":"https:\/\/ekkla.ch\/#website"},"primaryImageOfPage":{"@id":"https:\/\/ekkla.ch\/de\/produit\/hangeleuchte-flowerpot-vp1-poolblau-%e2%88%8523-tradition\/#primaryimage"},"image":{"@id":"https:\/\/ekkla.ch\/de\/produit\/hangeleuchte-flowerpot-vp1-poolblau-%e2%88%8523-tradition\/#primaryimage"},"thumbnailUrl":"https:\/\/ekkla.ch\/wp-content\/uploads\/2023\/03\/ekkla-light-tradition-luminaires_0048_Flowerpot-VP1-Swim-Blue_off-1.jpg","datePublished":"2023-03-09T13:31:54+00:00","dateModified":"2023-04-05T07:37:48+00:00","description":"Die H\u00e4ngeleuchte Flowerpot VP1 mit ihren einfachen, runden Formen wurde zu einer Ikone des Designs der 70er Jahre und schafft eine gem\u00fctliche Atmosph\u00e4re.","breadcrumb":{"@id":"https:\/\/ekkla.ch\/de\/produit\/hangeleuchte-flowerpot-vp1-poolblau-%e2%88%8523-tradition\/#breadcrumb"},"inLanguage":"de","potentialAction":[{"@type":"ReadAction","target":["https:\/\/ekkla.ch\/de\/produit\/hangeleuchte-flowerpot-vp1-poolblau-%e2%88%8523-tradition\/"]}]},{"@type":"ImageObject","inLanguage":"de","@id":"https:\/\/ekkla.ch\/de\/produit\/hangeleuchte-flowerpot-vp1-poolblau-%e2%88%8523-tradition\/#primaryimage","url":"https:\/\/ekkla.ch\/wp-content\/uploads\/2023\/03\/ekkla-light-tradition-luminaires_0048_Flowerpot-VP1-Swim-Blue_off-1.jpg","contentUrl":"https:\/\/ekkla.ch\/wp-content\/uploads\/2023\/03\/ekkla-light-tradition-luminaires_0048_Flowerpot-VP1-Swim-Blue_off-1.jpg","width":900,"height":900},{"@type":"BreadcrumbList","@id":"https:\/\/ekkla.ch\/de\/produit\/hangeleuchte-flowerpot-vp1-poolblau-%e2%88%8523-tradition\/#breadcrumb","itemListElement":[{"@type":"ListItem","position":1,"name":"Home","item":"https:\/\/ekkla.ch\/de\/"},{"@type":"ListItem","position":2,"name":"Shop","item":"https:\/\/ekkla.ch\/de\/shop\/"},{"@type":"ListItem","position":3,"name":"H\u00e4ngeleuchte Flowerpot VP1 &#8211; Poolblau &#8211; \u220523 &#8211; &#038;Tradition"}]},{"@type":"WebSite","@id":"https:\/\/ekkla.ch\/#website","url":"https:\/\/ekkla.ch\/","name":"Ekkla","description":"Der Onlineshop f\u00fcr Beleuchtung","publisher":{"@id":"https:\/\/ekkla.ch\/#organization"},"potentialAction":[{"@type":"SearchAction","target":{"@type":"EntryPoint","urlTemplate":"https:\/\/ekkla.ch\/?s={search_term_string}"},"query-input":"required name=search_term_string"}],"inLanguage":"de"},{"@type":"Organization","@id":"https:\/\/ekkla.ch\/#organization","name":"Ekkla","url":"https:\/\/ekkla.ch\/","logo":{"@type":"ImageObject","inLanguage":"de","@id":"https:\/\/ekkla.ch\/#\/schema\/logo\/image\/","url":"http:\/\/ekkla.ch\/wp-content\/uploads\/2019\/07\/logo-1.svg","contentUrl":"http:\/\/ekkla.ch\/wp-content\/uploads\/2019\/07\/logo-1.svg","width":1,"height":1,"caption":"Ekkla"},"image":{"@id":"https:\/\/ekkla.ch\/#\/schema\/logo\/image\/"},"sameAs":["https:\/\/www.instagram.com\/ekkla_light\/"]}]}},"_links":{"self":[{"href":"https:\/\/ekkla.ch\/de\/wp-json\/wp\/v2\/product\/170814"}],"collection":[{"href":"https:\/\/ekkla.ch\/de\/wp-json\/wp\/v2\/product"}],"about":[{"href":"https:\/\/ekkla.ch\/de\/wp-json\/wp\/v2\/types\/product"}],"wp:featuredmedia":[{"embeddable":true,"href":"https:\/\/ekkla.ch\/de\/wp-json\/wp\/v2\/media\/170239"}],"wp:attachment":[{"href":"https:\/\/ekkla.ch\/de\/wp-json\/wp\/v2\/media?parent=170814"}],"wp:term":[{"taxonomy":"product_cat","embeddable":true,"href":"https:\/\/ekkla.ch\/de\/wp-json\/wp\/v2\/product_cat?post=170814"},{"taxonomy":"product_tag","embeddable":true,"href":"https:\/\/ekkla.ch\/de\/wp-json\/wp\/v2\/product_tag?post=170814"}],"curies":[{"name":"wp","href":"https:\/\/api.w.org\/{rel}","templated":true}]}}