{"id":171094,"date":"2023-03-09T22:27:10","date_gmt":"2023-03-09T21:27:10","guid":{"rendered":"https:\/\/ekkla.ch\/produit\/wandleuchte-soul-story-4-weiss-und-gold-dcweditions\/"},"modified":"2023-03-20T21:50:27","modified_gmt":"2023-03-20T20:50:27","slug":"wandleuchte-soul-story-4-weiss-und-gold-dcweditions","status":"publish","type":"product","link":"https:\/\/ekkla.ch\/de\/produit\/wandleuchte-soul-story-4-weiss-und-gold-dcweditions\/","title":{"rendered":"Wandleuchte Soul Story 4 &#8211; Weiss und gold &#8211; DCW\u00e9ditions"},"content":{"rendered":"<p>Die <em>Soul Story<\/em>-Wandleuchten wurden von Charles Kalpakian f\u00fcr das Haus DCW\u00e9ditions entworfen. In seiner Kollektion <em>Soul Story<\/em> stellt Kalpakian verschiedene Lampen dar, die alle in Weiss und Gold gekleidet sind.<\/p>\n<p>Die Lampen sind aus Gips gefertigt und wirken, als w\u00fcrde man in der Abendd\u00e4mmerung eine dunkle Gasse betreten, die pl\u00f6tzlich von einem unwirklichen Licht durchdrungen wird. In jeder Lampe befindet sich ein kleines, sitzendes oder stehendes M\u00e4nnchen, das DCW\u00e9ditions als Selbstportr\u00e4t seines Sch\u00f6pfers betrachtet.<\/p>\n<p>Die Kollektion Soul Story umfasst f\u00fcnf Gipsleuchten sowie eine Eckwandleuchte.<\/p>\n<blockquote>\n<h2>Merkmale &amp; Eigenschaften<\/h2>\n<p><strong>Marke<\/strong> DCW\u00e9ditions<\/p>\n<p><strong>Farben\u00a0<\/strong>Weiss und gold<\/p>\n<p><strong>Material<\/strong>\u00a0Gips<\/p>\n<p><strong>Lichtquelle<\/strong> Integrierte\u00a0LED<\/p>\n<p><strong>Lumen (lm) <\/strong>250<\/p>\n<p><strong>Kelvin (k)<\/strong> 2700<\/p>\n<p><strong>L\u00e4nge (cm)<\/strong>\u00a019,1<\/p>\n<p><strong>H\u00f6he (cm)<\/strong> 26,8<\/p>\n<p><strong>Tiefe (cm)<\/strong> 12,2<\/p>\n<p><strong>Gewicht (kg)<\/strong>\u00a03,63<\/p><\/blockquote>\n","protected":false},"excerpt":{"rendered":"<p>Die Soul Story-Wandleuchten wurden von Charles Kalpakian f\u00fcr das Haus DCW\u00e9ditions entworfen. In seiner Kollektion Soul Story stellt Kalpakian verschiedene Lampen dar, die alle in Weiss und Gold gekleidet sind. Die Lampen sind aus Gips gefertigt und wirken, als w\u00fcrde man in der Abendd\u00e4mmerung eine dunkle Gasse betreten, die pl\u00f6tzlich von einem unwirklichen Licht durchdrungen [&hellip;]<\/p>\n","protected":false},"featured_media":172065,"template":"","meta":{"_acf_changed":false,"om_disable_all_campaigns":false},"product_cat":[286],"product_tag":[1256,896,1188,1265,801],"bundled_by":[],"bundle_stock_status":"onbackorder","bundle_stock_quantity":null,"bundle_virtual":false,"bundle_layout":"","bundle_add_to_cart_form_location":"","bundle_editable_in_cart":false,"bundle_sold_individually_context":"","bundle_item_grouping":"","bundle_min_size":"","bundle_max_size":"","bundle_price":[],"bundled_items":[],"bundle_sell_ids":[],"acf":[],"yoast_head":"<!-- This site is optimized with the Yoast SEO Premium plugin v22.2 (Yoast SEO v22.8) - https:\/\/yoast.com\/wordpress\/plugins\/seo\/ -->\n<title>DCW\u00e9ditions | Wandleuchte Soul Story 4 | Ekkla<\/title>\n<meta name=\"description\" content=\"Die aus Gips gefertigten Soul-Story-Wandleuchten sind wie das unwirkliche Licht, das abends eine dunkle Gasse durchdringt.\" \/>\n<meta name=\"robots\" content=\"index, follow, max-snippet:-1, max-image-preview:large, max-video-preview:-1\" \/>\n<link rel=\"canonical\" href=\"https:\/\/ekkla.ch\/de\/produit\/wandleuchte-soul-story-4-weiss-und-gold-dcweditions\/\" \/>\n<meta property=\"og:locale\" content=\"de_DE\" \/>\n<meta property=\"og:type\" content=\"article\" \/>\n<meta property=\"og:title\" content=\"Wandleuchte Soul Story 4 - Weiss und gold - DCW\u00e9ditions\" \/>\n<meta property=\"og:description\" content=\"Die aus Gips gefertigten Soul-Story-Wandleuchten sind wie das unwirkliche Licht, das abends eine dunkle Gasse durchdringt.\" \/>\n<meta property=\"og:url\" content=\"https:\/\/ekkla.ch\/de\/produit\/wandleuchte-soul-story-4-weiss-und-gold-dcweditions\/\" \/>\n<meta property=\"og:site_name\" content=\"Ekkla\" \/>\n<meta property=\"article:modified_time\" content=\"2023-03-20T20:50:27+00:00\" \/>\n<meta property=\"og:image\" content=\"https:\/\/ekkla.ch\/wp-content\/uploads\/2023\/03\/ekkla-light-dcw-luminaires_0035_CUT-OUT_SOUL_STORY_4_GOLD.jpg\" \/>\n\t<meta property=\"og:image:width\" content=\"900\" \/>\n\t<meta property=\"og:image:height\" content=\"900\" \/>\n\t<meta property=\"og:image:type\" content=\"image\/jpeg\" \/>\n<meta name=\"twitter:card\" content=\"summary_large_image\" \/>\n<meta name=\"twitter:label1\" content=\"Gesch\u00e4tzte Lesezeit\" \/>\n\t<meta name=\"twitter:data1\" content=\"1\u00a0Minute\" \/>\n<script type=\"application\/ld+json\" class=\"yoast-schema-graph\">{\"@context\":\"https:\/\/schema.org\",\"@graph\":[{\"@type\":\"WebPage\",\"@id\":\"https:\/\/ekkla.ch\/de\/produit\/wandleuchte-soul-story-4-weiss-und-gold-dcweditions\/\",\"url\":\"https:\/\/ekkla.ch\/de\/produit\/wandleuchte-soul-story-4-weiss-und-gold-dcweditions\/\",\"name\":\"DCW\u00e9ditions | Wandleuchte Soul Story 4 | Ekkla\",\"isPartOf\":{\"@id\":\"https:\/\/ekkla.ch\/#website\"},\"primaryImageOfPage\":{\"@id\":\"https:\/\/ekkla.ch\/de\/produit\/wandleuchte-soul-story-4-weiss-und-gold-dcweditions\/#primaryimage\"},\"image\":{\"@id\":\"https:\/\/ekkla.ch\/de\/produit\/wandleuchte-soul-story-4-weiss-und-gold-dcweditions\/#primaryimage\"},\"thumbnailUrl\":\"https:\/\/ekkla.ch\/wp-content\/uploads\/2023\/03\/ekkla-light-dcw-luminaires_0035_CUT-OUT_SOUL_STORY_4_GOLD.jpg\",\"datePublished\":\"2023-03-09T21:27:10+00:00\",\"dateModified\":\"2023-03-20T20:50:27+00:00\",\"description\":\"Die aus Gips gefertigten Soul-Story-Wandleuchten sind wie das unwirkliche Licht, das abends eine dunkle Gasse durchdringt.\",\"breadcrumb\":{\"@id\":\"https:\/\/ekkla.ch\/de\/produit\/wandleuchte-soul-story-4-weiss-und-gold-dcweditions\/#breadcrumb\"},\"inLanguage\":\"de\",\"potentialAction\":[{\"@type\":\"ReadAction\",\"target\":[\"https:\/\/ekkla.ch\/de\/produit\/wandleuchte-soul-story-4-weiss-und-gold-dcweditions\/\"]}]},{\"@type\":\"ImageObject\",\"inLanguage\":\"de\",\"@id\":\"https:\/\/ekkla.ch\/de\/produit\/wandleuchte-soul-story-4-weiss-und-gold-dcweditions\/#primaryimage\",\"url\":\"https:\/\/ekkla.ch\/wp-content\/uploads\/2023\/03\/ekkla-light-dcw-luminaires_0035_CUT-OUT_SOUL_STORY_4_GOLD.jpg\",\"contentUrl\":\"https:\/\/ekkla.ch\/wp-content\/uploads\/2023\/03\/ekkla-light-dcw-luminaires_0035_CUT-OUT_SOUL_STORY_4_GOLD.jpg\",\"width\":900,\"height\":900},{\"@type\":\"BreadcrumbList\",\"@id\":\"https:\/\/ekkla.ch\/de\/produit\/wandleuchte-soul-story-4-weiss-und-gold-dcweditions\/#breadcrumb\",\"itemListElement\":[{\"@type\":\"ListItem\",\"position\":1,\"name\":\"Home\",\"item\":\"https:\/\/ekkla.ch\/de\/\"},{\"@type\":\"ListItem\",\"position\":2,\"name\":\"Shop\",\"item\":\"https:\/\/ekkla.ch\/de\/shop\/\"},{\"@type\":\"ListItem\",\"position\":3,\"name\":\"Wandleuchte Soul Story 4 &#8211; Weiss und gold &#8211; DCW\u00e9ditions\"}]},{\"@type\":\"WebSite\",\"@id\":\"https:\/\/ekkla.ch\/#website\",\"url\":\"https:\/\/ekkla.ch\/\",\"name\":\"Ekkla\",\"description\":\"Der Onlineshop f\u00fcr Beleuchtung\",\"publisher\":{\"@id\":\"https:\/\/ekkla.ch\/#organization\"},\"potentialAction\":[{\"@type\":\"SearchAction\",\"target\":{\"@type\":\"EntryPoint\",\"urlTemplate\":\"https:\/\/ekkla.ch\/?s={search_term_string}\"},\"query-input\":\"required name=search_term_string\"}],\"inLanguage\":\"de\"},{\"@type\":\"Organization\",\"@id\":\"https:\/\/ekkla.ch\/#organization\",\"name\":\"Ekkla\",\"url\":\"https:\/\/ekkla.ch\/\",\"logo\":{\"@type\":\"ImageObject\",\"inLanguage\":\"de\",\"@id\":\"https:\/\/ekkla.ch\/#\/schema\/logo\/image\/\",\"url\":\"http:\/\/ekkla.ch\/wp-content\/uploads\/2019\/07\/logo-1.svg\",\"contentUrl\":\"http:\/\/ekkla.ch\/wp-content\/uploads\/2019\/07\/logo-1.svg\",\"width\":1,\"height\":1,\"caption\":\"Ekkla\"},\"image\":{\"@id\":\"https:\/\/ekkla.ch\/#\/schema\/logo\/image\/\"},\"sameAs\":[\"https:\/\/www.instagram.com\/ekkla_light\/\"]}]}<\/script>\n<!-- \/ Yoast SEO Premium plugin. -->","yoast_head_json":{"title":"DCW\u00e9ditions | Wandleuchte Soul Story 4 | Ekkla","description":"Die aus Gips gefertigten Soul-Story-Wandleuchten sind wie das unwirkliche Licht, das abends eine dunkle Gasse durchdringt.","robots":{"index":"index","follow":"follow","max-snippet":"max-snippet:-1","max-image-preview":"max-image-preview:large","max-video-preview":"max-video-preview:-1"},"canonical":"https:\/\/ekkla.ch\/de\/produit\/wandleuchte-soul-story-4-weiss-und-gold-dcweditions\/","og_locale":"de_DE","og_type":"article","og_title":"Wandleuchte Soul Story 4 - Weiss und gold - DCW\u00e9ditions","og_description":"Die aus Gips gefertigten Soul-Story-Wandleuchten sind wie das unwirkliche Licht, das abends eine dunkle Gasse durchdringt.","og_url":"https:\/\/ekkla.ch\/de\/produit\/wandleuchte-soul-story-4-weiss-und-gold-dcweditions\/","og_site_name":"Ekkla","article_modified_time":"2023-03-20T20:50:27+00:00","og_image":[{"width":900,"height":900,"url":"https:\/\/ekkla.ch\/wp-content\/uploads\/2023\/03\/ekkla-light-dcw-luminaires_0035_CUT-OUT_SOUL_STORY_4_GOLD.jpg","type":"image\/jpeg"}],"twitter_card":"summary_large_image","twitter_misc":{"Gesch\u00e4tzte Lesezeit":"1\u00a0Minute"},"schema":{"@context":"https:\/\/schema.org","@graph":[{"@type":"WebPage","@id":"https:\/\/ekkla.ch\/de\/produit\/wandleuchte-soul-story-4-weiss-und-gold-dcweditions\/","url":"https:\/\/ekkla.ch\/de\/produit\/wandleuchte-soul-story-4-weiss-und-gold-dcweditions\/","name":"DCW\u00e9ditions | Wandleuchte Soul Story 4 | Ekkla","isPartOf":{"@id":"https:\/\/ekkla.ch\/#website"},"primaryImageOfPage":{"@id":"https:\/\/ekkla.ch\/de\/produit\/wandleuchte-soul-story-4-weiss-und-gold-dcweditions\/#primaryimage"},"image":{"@id":"https:\/\/ekkla.ch\/de\/produit\/wandleuchte-soul-story-4-weiss-und-gold-dcweditions\/#primaryimage"},"thumbnailUrl":"https:\/\/ekkla.ch\/wp-content\/uploads\/2023\/03\/ekkla-light-dcw-luminaires_0035_CUT-OUT_SOUL_STORY_4_GOLD.jpg","datePublished":"2023-03-09T21:27:10+00:00","dateModified":"2023-03-20T20:50:27+00:00","description":"Die aus Gips gefertigten Soul-Story-Wandleuchten sind wie das unwirkliche Licht, das abends eine dunkle Gasse durchdringt.","breadcrumb":{"@id":"https:\/\/ekkla.ch\/de\/produit\/wandleuchte-soul-story-4-weiss-und-gold-dcweditions\/#breadcrumb"},"inLanguage":"de","potentialAction":[{"@type":"ReadAction","target":["https:\/\/ekkla.ch\/de\/produit\/wandleuchte-soul-story-4-weiss-und-gold-dcweditions\/"]}]},{"@type":"ImageObject","inLanguage":"de","@id":"https:\/\/ekkla.ch\/de\/produit\/wandleuchte-soul-story-4-weiss-und-gold-dcweditions\/#primaryimage","url":"https:\/\/ekkla.ch\/wp-content\/uploads\/2023\/03\/ekkla-light-dcw-luminaires_0035_CUT-OUT_SOUL_STORY_4_GOLD.jpg","contentUrl":"https:\/\/ekkla.ch\/wp-content\/uploads\/2023\/03\/ekkla-light-dcw-luminaires_0035_CUT-OUT_SOUL_STORY_4_GOLD.jpg","width":900,"height":900},{"@type":"BreadcrumbList","@id":"https:\/\/ekkla.ch\/de\/produit\/wandleuchte-soul-story-4-weiss-und-gold-dcweditions\/#breadcrumb","itemListElement":[{"@type":"ListItem","position":1,"name":"Home","item":"https:\/\/ekkla.ch\/de\/"},{"@type":"ListItem","position":2,"name":"Shop","item":"https:\/\/ekkla.ch\/de\/shop\/"},{"@type":"ListItem","position":3,"name":"Wandleuchte Soul Story 4 &#8211; Weiss und gold &#8211; DCW\u00e9ditions"}]},{"@type":"WebSite","@id":"https:\/\/ekkla.ch\/#website","url":"https:\/\/ekkla.ch\/","name":"Ekkla","description":"Der Onlineshop f\u00fcr Beleuchtung","publisher":{"@id":"https:\/\/ekkla.ch\/#organization"},"potentialAction":[{"@type":"SearchAction","target":{"@type":"EntryPoint","urlTemplate":"https:\/\/ekkla.ch\/?s={search_term_string}"},"query-input":"required name=search_term_string"}],"inLanguage":"de"},{"@type":"Organization","@id":"https:\/\/ekkla.ch\/#organization","name":"Ekkla","url":"https:\/\/ekkla.ch\/","logo":{"@type":"ImageObject","inLanguage":"de","@id":"https:\/\/ekkla.ch\/#\/schema\/logo\/image\/","url":"http:\/\/ekkla.ch\/wp-content\/uploads\/2019\/07\/logo-1.svg","contentUrl":"http:\/\/ekkla.ch\/wp-content\/uploads\/2019\/07\/logo-1.svg","width":1,"height":1,"caption":"Ekkla"},"image":{"@id":"https:\/\/ekkla.ch\/#\/schema\/logo\/image\/"},"sameAs":["https:\/\/www.instagram.com\/ekkla_light\/"]}]}},"_links":{"self":[{"href":"https:\/\/ekkla.ch\/de\/wp-json\/wp\/v2\/product\/171094"}],"collection":[{"href":"https:\/\/ekkla.ch\/de\/wp-json\/wp\/v2\/product"}],"about":[{"href":"https:\/\/ekkla.ch\/de\/wp-json\/wp\/v2\/types\/product"}],"wp:featuredmedia":[{"embeddable":true,"href":"https:\/\/ekkla.ch\/de\/wp-json\/wp\/v2\/media\/172065"}],"wp:attachment":[{"href":"https:\/\/ekkla.ch\/de\/wp-json\/wp\/v2\/media?parent=171094"}],"wp:term":[{"taxonomy":"product_cat","embeddable":true,"href":"https:\/\/ekkla.ch\/de\/wp-json\/wp\/v2\/product_cat?post=171094"},{"taxonomy":"product_tag","embeddable":true,"href":"https:\/\/ekkla.ch\/de\/wp-json\/wp\/v2\/product_tag?post=171094"}],"curies":[{"name":"wp","href":"https:\/\/api.w.org\/{rel}","templated":true}]}}