{"id":171099,"date":"2023-03-11T15:05:04","date_gmt":"2023-03-11T14:05:04","guid":{"rendered":"https:\/\/ekkla.ch\/produit\/171099\/"},"modified":"2023-04-10T21:05:51","modified_gmt":"2023-04-10T19:05:51","slug":"tischlampe-frechin-glas-marmor-h-65-dcweditions","status":"publish","type":"product","link":"https:\/\/ekkla.ch\/de\/produit\/tischlampe-frechin-glas-marmor-h-65-dcweditions\/","title":{"rendered":"Tischlampe Frechin &#8211; Glas &#038; Marmor &#8211; H.65 &#8211; DCW\u00e9ditions"},"content":{"rendered":"<p>Wie ein Teleskop besteht die von Jean-Louis Frechin entworfene Tischlampe Frechin aus einer Glasr\u00f6hre, die auf ihrem Sockel aus Marmor und Aluminium steht.<\/p>\n<p>Diese Lampe entf\u00fchrt Sie in eine Erfahrung, die Wissenschaft und Magie miteinander verbindet. Sie ist eine Darstellung der Technologie. Sie erhellt Ihren Raum ebenso gut wie sie den Eindruck erweckt, man k\u00f6nne ihn beobachten, wenn man einen Blick in ihr Inneres wirft.<\/p>\n<p>Die Frechin-Tischlampe kann je nach Wunsch auf einem Tisch oder auf dem Boden stehen. Ob neben einem Sofa, auf einem Schreibtisch oder sonstwo in Ihren R\u00e4umen, sorgt sie f\u00fcr eine poetische und ruhige Atmosph\u00e4re.<\/p>\n<blockquote>\n<h2>Merkmale &amp; Eigenschaften<\/h2>\n<p><strong>Marke<\/strong> DCW\u00e9ditions<\/p>\n<p><strong>Farbe\u00a0<\/strong>Schwarz<\/p>\n<p><strong>Materialien<\/strong>\u00a0Marmor, Glas und Aluminium<\/p>\n<p><strong>Lichtquelle\u00a0<\/strong>Integrierte LED<\/p>\n<p><strong>Lumen (lm)<\/strong> 1240<\/p>\n<p><strong>Kelvin (k)<\/strong> 2700<\/p>\n<p><strong>H\u00f6he (cm)<\/strong>\u00a065<\/p>\n<p><strong>Breite (cm)<\/strong>\u00a025<\/p>\n<p><strong>Tiefe (cm)<\/strong>\u00a015<\/p>\n<p><strong>Kabell\u00e4nge (cm)<\/strong>\u00a0210<\/p>\n<p><strong>Gewicht (kg)<\/strong>\u00a03,7<\/p><\/blockquote>\n","protected":false},"excerpt":{"rendered":"<p>Wie ein Teleskop besteht die von Jean-Louis Frechin entworfene Tischlampe Frechin aus einer Glasr\u00f6hre, die auf ihrem Sockel aus Marmor und Aluminium steht. Diese Lampe entf\u00fchrt Sie in eine Erfahrung, die Wissenschaft und Magie miteinander verbindet. Sie ist eine Darstellung der Technologie. Sie erhellt Ihren Raum ebenso gut wie sie den Eindruck erweckt, man k\u00f6nne [&hellip;]<\/p>\n","protected":false},"featured_media":172119,"template":"","meta":{"_acf_changed":false,"om_disable_all_campaigns":false},"product_cat":[290],"product_tag":[1256,896,1188,1265,801],"bundled_by":[],"bundle_stock_status":"onbackorder","bundle_stock_quantity":null,"bundle_virtual":false,"bundle_layout":"","bundle_add_to_cart_form_location":"","bundle_editable_in_cart":false,"bundle_sold_individually_context":"","bundle_item_grouping":"","bundle_min_size":"","bundle_max_size":"","bundle_price":[],"bundled_items":[],"bundle_sell_ids":[],"acf":[],"yoast_head":"<!-- This site is optimized with the Yoast SEO Premium plugin v22.2 (Yoast SEO v22.8) - https:\/\/yoast.com\/wordpress\/plugins\/seo\/ -->\n<title>DCW\u00e9ditions | Tischlampe Frechin | Glas &amp; Marmor | Ekkla<\/title>\n<meta name=\"description\" content=\"Die Tischlampe Frechin erhellt Ihren Raum ebenso gut wie sie den Eindruck erweckt, man k\u00f6nne ihn beobachten, wenn man einen Blick in ihr Inneres wirft.\" \/>\n<meta name=\"robots\" content=\"index, follow, max-snippet:-1, max-image-preview:large, max-video-preview:-1\" \/>\n<link rel=\"canonical\" href=\"https:\/\/ekkla.ch\/de\/produit\/tischlampe-frechin-glas-marmor-h-65-dcweditions\/\" \/>\n<meta property=\"og:locale\" content=\"de_DE\" \/>\n<meta property=\"og:type\" content=\"article\" \/>\n<meta property=\"og:title\" content=\"Tischlampe Frechin - Glas &amp; Marmor - H.65 - DCW\u00e9ditions\" \/>\n<meta property=\"og:description\" content=\"Die Tischlampe Frechin erhellt Ihren Raum ebenso gut wie sie den Eindruck erweckt, man k\u00f6nne ihn beobachten, wenn man einen Blick in ihr Inneres wirft.\" \/>\n<meta property=\"og:url\" content=\"https:\/\/ekkla.ch\/de\/produit\/tischlampe-frechin-glas-marmor-h-65-dcweditions\/\" \/>\n<meta property=\"og:site_name\" content=\"Ekkla\" \/>\n<meta property=\"article:modified_time\" content=\"2023-04-10T19:05:51+00:00\" \/>\n<meta property=\"og:image\" content=\"https:\/\/ekkla.ch\/wp-content\/uploads\/2023\/03\/ekkla-light-dcw-luminaires_0014_lampe-frechin.jpg\" \/>\n\t<meta property=\"og:image:width\" content=\"900\" \/>\n\t<meta property=\"og:image:height\" content=\"900\" \/>\n\t<meta property=\"og:image:type\" content=\"image\/jpeg\" \/>\n<meta name=\"twitter:card\" content=\"summary_large_image\" \/>\n<meta name=\"twitter:label1\" content=\"Gesch\u00e4tzte Lesezeit\" \/>\n\t<meta name=\"twitter:data1\" content=\"1\u00a0Minute\" \/>\n<script type=\"application\/ld+json\" class=\"yoast-schema-graph\">{\"@context\":\"https:\/\/schema.org\",\"@graph\":[{\"@type\":\"WebPage\",\"@id\":\"https:\/\/ekkla.ch\/de\/produit\/tischlampe-frechin-glas-marmor-h-65-dcweditions\/\",\"url\":\"https:\/\/ekkla.ch\/de\/produit\/tischlampe-frechin-glas-marmor-h-65-dcweditions\/\",\"name\":\"DCW\u00e9ditions | Tischlampe Frechin | Glas & Marmor | Ekkla\",\"isPartOf\":{\"@id\":\"https:\/\/ekkla.ch\/#website\"},\"primaryImageOfPage\":{\"@id\":\"https:\/\/ekkla.ch\/de\/produit\/tischlampe-frechin-glas-marmor-h-65-dcweditions\/#primaryimage\"},\"image\":{\"@id\":\"https:\/\/ekkla.ch\/de\/produit\/tischlampe-frechin-glas-marmor-h-65-dcweditions\/#primaryimage\"},\"thumbnailUrl\":\"https:\/\/ekkla.ch\/wp-content\/uploads\/2023\/03\/ekkla-light-dcw-luminaires_0014_lampe-frechin.jpg\",\"datePublished\":\"2023-03-11T14:05:04+00:00\",\"dateModified\":\"2023-04-10T19:05:51+00:00\",\"description\":\"Die Tischlampe Frechin erhellt Ihren Raum ebenso gut wie sie den Eindruck erweckt, man k\u00f6nne ihn beobachten, wenn man einen Blick in ihr Inneres wirft.\",\"breadcrumb\":{\"@id\":\"https:\/\/ekkla.ch\/de\/produit\/tischlampe-frechin-glas-marmor-h-65-dcweditions\/#breadcrumb\"},\"inLanguage\":\"de\",\"potentialAction\":[{\"@type\":\"ReadAction\",\"target\":[\"https:\/\/ekkla.ch\/de\/produit\/tischlampe-frechin-glas-marmor-h-65-dcweditions\/\"]}]},{\"@type\":\"ImageObject\",\"inLanguage\":\"de\",\"@id\":\"https:\/\/ekkla.ch\/de\/produit\/tischlampe-frechin-glas-marmor-h-65-dcweditions\/#primaryimage\",\"url\":\"https:\/\/ekkla.ch\/wp-content\/uploads\/2023\/03\/ekkla-light-dcw-luminaires_0014_lampe-frechin.jpg\",\"contentUrl\":\"https:\/\/ekkla.ch\/wp-content\/uploads\/2023\/03\/ekkla-light-dcw-luminaires_0014_lampe-frechin.jpg\",\"width\":900,\"height\":900},{\"@type\":\"BreadcrumbList\",\"@id\":\"https:\/\/ekkla.ch\/de\/produit\/tischlampe-frechin-glas-marmor-h-65-dcweditions\/#breadcrumb\",\"itemListElement\":[{\"@type\":\"ListItem\",\"position\":1,\"name\":\"Home\",\"item\":\"https:\/\/ekkla.ch\/de\/\"},{\"@type\":\"ListItem\",\"position\":2,\"name\":\"Shop\",\"item\":\"https:\/\/ekkla.ch\/de\/shop\/\"},{\"@type\":\"ListItem\",\"position\":3,\"name\":\"Tischlampe Frechin &#8211; Glas &#038; Marmor &#8211; H.65 &#8211; DCW\u00e9ditions\"}]},{\"@type\":\"WebSite\",\"@id\":\"https:\/\/ekkla.ch\/#website\",\"url\":\"https:\/\/ekkla.ch\/\",\"name\":\"Ekkla\",\"description\":\"Der Onlineshop f\u00fcr Beleuchtung\",\"publisher\":{\"@id\":\"https:\/\/ekkla.ch\/#organization\"},\"potentialAction\":[{\"@type\":\"SearchAction\",\"target\":{\"@type\":\"EntryPoint\",\"urlTemplate\":\"https:\/\/ekkla.ch\/?s={search_term_string}\"},\"query-input\":\"required name=search_term_string\"}],\"inLanguage\":\"de\"},{\"@type\":\"Organization\",\"@id\":\"https:\/\/ekkla.ch\/#organization\",\"name\":\"Ekkla\",\"url\":\"https:\/\/ekkla.ch\/\",\"logo\":{\"@type\":\"ImageObject\",\"inLanguage\":\"de\",\"@id\":\"https:\/\/ekkla.ch\/#\/schema\/logo\/image\/\",\"url\":\"http:\/\/ekkla.ch\/wp-content\/uploads\/2019\/07\/logo-1.svg\",\"contentUrl\":\"http:\/\/ekkla.ch\/wp-content\/uploads\/2019\/07\/logo-1.svg\",\"width\":1,\"height\":1,\"caption\":\"Ekkla\"},\"image\":{\"@id\":\"https:\/\/ekkla.ch\/#\/schema\/logo\/image\/\"},\"sameAs\":[\"https:\/\/www.instagram.com\/ekkla_light\/\"]}]}<\/script>\n<!-- \/ Yoast SEO Premium plugin. -->","yoast_head_json":{"title":"DCW\u00e9ditions | Tischlampe Frechin | Glas & Marmor | Ekkla","description":"Die Tischlampe Frechin erhellt Ihren Raum ebenso gut wie sie den Eindruck erweckt, man k\u00f6nne ihn beobachten, wenn man einen Blick in ihr Inneres wirft.","robots":{"index":"index","follow":"follow","max-snippet":"max-snippet:-1","max-image-preview":"max-image-preview:large","max-video-preview":"max-video-preview:-1"},"canonical":"https:\/\/ekkla.ch\/de\/produit\/tischlampe-frechin-glas-marmor-h-65-dcweditions\/","og_locale":"de_DE","og_type":"article","og_title":"Tischlampe Frechin - Glas & Marmor - H.65 - DCW\u00e9ditions","og_description":"Die Tischlampe Frechin erhellt Ihren Raum ebenso gut wie sie den Eindruck erweckt, man k\u00f6nne ihn beobachten, wenn man einen Blick in ihr Inneres wirft.","og_url":"https:\/\/ekkla.ch\/de\/produit\/tischlampe-frechin-glas-marmor-h-65-dcweditions\/","og_site_name":"Ekkla","article_modified_time":"2023-04-10T19:05:51+00:00","og_image":[{"width":900,"height":900,"url":"https:\/\/ekkla.ch\/wp-content\/uploads\/2023\/03\/ekkla-light-dcw-luminaires_0014_lampe-frechin.jpg","type":"image\/jpeg"}],"twitter_card":"summary_large_image","twitter_misc":{"Gesch\u00e4tzte Lesezeit":"1\u00a0Minute"},"schema":{"@context":"https:\/\/schema.org","@graph":[{"@type":"WebPage","@id":"https:\/\/ekkla.ch\/de\/produit\/tischlampe-frechin-glas-marmor-h-65-dcweditions\/","url":"https:\/\/ekkla.ch\/de\/produit\/tischlampe-frechin-glas-marmor-h-65-dcweditions\/","name":"DCW\u00e9ditions | Tischlampe Frechin | Glas & Marmor | Ekkla","isPartOf":{"@id":"https:\/\/ekkla.ch\/#website"},"primaryImageOfPage":{"@id":"https:\/\/ekkla.ch\/de\/produit\/tischlampe-frechin-glas-marmor-h-65-dcweditions\/#primaryimage"},"image":{"@id":"https:\/\/ekkla.ch\/de\/produit\/tischlampe-frechin-glas-marmor-h-65-dcweditions\/#primaryimage"},"thumbnailUrl":"https:\/\/ekkla.ch\/wp-content\/uploads\/2023\/03\/ekkla-light-dcw-luminaires_0014_lampe-frechin.jpg","datePublished":"2023-03-11T14:05:04+00:00","dateModified":"2023-04-10T19:05:51+00:00","description":"Die Tischlampe Frechin erhellt Ihren Raum ebenso gut wie sie den Eindruck erweckt, man k\u00f6nne ihn beobachten, wenn man einen Blick in ihr Inneres wirft.","breadcrumb":{"@id":"https:\/\/ekkla.ch\/de\/produit\/tischlampe-frechin-glas-marmor-h-65-dcweditions\/#breadcrumb"},"inLanguage":"de","potentialAction":[{"@type":"ReadAction","target":["https:\/\/ekkla.ch\/de\/produit\/tischlampe-frechin-glas-marmor-h-65-dcweditions\/"]}]},{"@type":"ImageObject","inLanguage":"de","@id":"https:\/\/ekkla.ch\/de\/produit\/tischlampe-frechin-glas-marmor-h-65-dcweditions\/#primaryimage","url":"https:\/\/ekkla.ch\/wp-content\/uploads\/2023\/03\/ekkla-light-dcw-luminaires_0014_lampe-frechin.jpg","contentUrl":"https:\/\/ekkla.ch\/wp-content\/uploads\/2023\/03\/ekkla-light-dcw-luminaires_0014_lampe-frechin.jpg","width":900,"height":900},{"@type":"BreadcrumbList","@id":"https:\/\/ekkla.ch\/de\/produit\/tischlampe-frechin-glas-marmor-h-65-dcweditions\/#breadcrumb","itemListElement":[{"@type":"ListItem","position":1,"name":"Home","item":"https:\/\/ekkla.ch\/de\/"},{"@type":"ListItem","position":2,"name":"Shop","item":"https:\/\/ekkla.ch\/de\/shop\/"},{"@type":"ListItem","position":3,"name":"Tischlampe Frechin &#8211; Glas &#038; Marmor &#8211; H.65 &#8211; DCW\u00e9ditions"}]},{"@type":"WebSite","@id":"https:\/\/ekkla.ch\/#website","url":"https:\/\/ekkla.ch\/","name":"Ekkla","description":"Der Onlineshop f\u00fcr Beleuchtung","publisher":{"@id":"https:\/\/ekkla.ch\/#organization"},"potentialAction":[{"@type":"SearchAction","target":{"@type":"EntryPoint","urlTemplate":"https:\/\/ekkla.ch\/?s={search_term_string}"},"query-input":"required name=search_term_string"}],"inLanguage":"de"},{"@type":"Organization","@id":"https:\/\/ekkla.ch\/#organization","name":"Ekkla","url":"https:\/\/ekkla.ch\/","logo":{"@type":"ImageObject","inLanguage":"de","@id":"https:\/\/ekkla.ch\/#\/schema\/logo\/image\/","url":"http:\/\/ekkla.ch\/wp-content\/uploads\/2019\/07\/logo-1.svg","contentUrl":"http:\/\/ekkla.ch\/wp-content\/uploads\/2019\/07\/logo-1.svg","width":1,"height":1,"caption":"Ekkla"},"image":{"@id":"https:\/\/ekkla.ch\/#\/schema\/logo\/image\/"},"sameAs":["https:\/\/www.instagram.com\/ekkla_light\/"]}]}},"_links":{"self":[{"href":"https:\/\/ekkla.ch\/de\/wp-json\/wp\/v2\/product\/171099"}],"collection":[{"href":"https:\/\/ekkla.ch\/de\/wp-json\/wp\/v2\/product"}],"about":[{"href":"https:\/\/ekkla.ch\/de\/wp-json\/wp\/v2\/types\/product"}],"wp:featuredmedia":[{"embeddable":true,"href":"https:\/\/ekkla.ch\/de\/wp-json\/wp\/v2\/media\/172119"}],"wp:attachment":[{"href":"https:\/\/ekkla.ch\/de\/wp-json\/wp\/v2\/media?parent=171099"}],"wp:term":[{"taxonomy":"product_cat","embeddable":true,"href":"https:\/\/ekkla.ch\/de\/wp-json\/wp\/v2\/product_cat?post=171099"},{"taxonomy":"product_tag","embeddable":true,"href":"https:\/\/ekkla.ch\/de\/wp-json\/wp\/v2\/product_tag?post=171099"}],"curies":[{"name":"wp","href":"https:\/\/api.w.org\/{rel}","templated":true}]}}