{"id":171180,"date":"2023-03-09T20:58:37","date_gmt":"2023-03-09T19:58:37","guid":{"rendered":"https:\/\/ekkla.ch\/produit\/wandleuchte-gras-nr-411-round-noir-h-120-dcweditions\/"},"modified":"2023-04-06T10:44:19","modified_gmt":"2023-04-06T08:44:19","slug":"stehleuchte-gras-nr-411-round-noir-h-120-dcweditions","status":"publish","type":"product","link":"https:\/\/ekkla.ch\/de\/produit\/stehleuchte-gras-nr-411-round-noir-h-120-dcweditions\/","title":{"rendered":"Stehleuchte Gras Nr.411 round &#8211; Schwarz &#8211; H.120 &#8211; DCW\u00e9ditions"},"content":{"rendered":"<p>Die Stehleuchte <em>Gras Nr. 411<\/em> ist Teil der grossen Leuchtenkollektion <em>Gras<\/em>, die 1921 entworfen wurde. Seit dem 20. Jahrhundert hat sie im Laufe der Zeit nicht aufgeh\u00f6rt, durch ihr zeitloses Design zu gefallen und zu begeistern.<\/p>\n<p>Diese wundersch\u00f6ne grafische Stehleuchte ist dank ihres doppelten Knicks, der ihr eine Bewegungsf\u00e4higkeit von 340\u00b0 verleiht, gleich doppelt verstellbar! Dank ihrer idealen H\u00f6he eignet sie sich perfekt f\u00fcr einen Moment des Lesens neben einem Sofa. Die elegante und diskrete Stehleuchte <em>Gras Nr. 411<\/em> verleiht Ihrem Raum einen industriellen und modernen Touch.<\/p>\n<blockquote>\n<h2>Merkmale &amp; Eigenschaften<\/h2>\n<p><strong>Marke<\/strong>\u00a0DCW\u00e9ditions<\/p>\n<p><strong>Farbe\u00a0<\/strong>Schwarz<\/p>\n<p><strong>Material<\/strong>\u00a0Stahl<\/p>\n<p style=\"text-align: left;\"><strong>Gl\u00fchbirne<\/strong>\u00a0E14 LED<\/p>\n<p style=\"text-align: left;\"><strong>Max. Leistung (W)<\/strong>\u00a015<\/p>\n<p><strong>Durchmesser (cm)<\/strong> 14<\/p>\n<p><strong>H\u00f6he (cm) <\/strong>120<\/p>\n<p><strong>Arml\u00e4nge (cm)<\/strong>\u00a034<\/p>\n<p><strong>Gewicht (kg)<\/strong>\u00a09<\/p><\/blockquote>\n","protected":false},"excerpt":{"rendered":"<p>Die Stehleuchte Gras Nr. 411 ist Teil der grossen Leuchtenkollektion Gras, die 1921 entworfen wurde. Seit dem 20. Jahrhundert hat sie im Laufe der Zeit nicht aufgeh\u00f6rt, durch ihr zeitloses Design zu gefallen und zu begeistern. Diese wundersch\u00f6ne grafische Stehleuchte ist dank ihres doppelten Knicks, der ihr eine Bewegungsf\u00e4higkeit von 340\u00b0 verleiht, gleich doppelt verstellbar! [&hellip;]<\/p>\n","protected":false},"featured_media":172028,"template":"","meta":{"_acf_changed":false,"om_disable_all_campaigns":false},"product_cat":[289],"product_tag":[1256,896,1188,1265,824,801],"bundled_by":[],"bundle_stock_status":"onbackorder","bundle_stock_quantity":null,"bundle_virtual":false,"bundle_layout":"","bundle_add_to_cart_form_location":"","bundle_editable_in_cart":false,"bundle_sold_individually_context":"","bundle_item_grouping":"","bundle_min_size":"","bundle_max_size":"","bundle_price":[],"bundled_items":[],"bundle_sell_ids":[],"acf":[],"yoast_head":"<!-- This site is optimized with the Yoast SEO Premium plugin v22.2 (Yoast SEO v22.8) - https:\/\/yoast.com\/wordpress\/plugins\/seo\/ -->\n<title>DCW\u00e9ditions | Stehleuchte Gras Nr. 411 round | Ekkla<\/title>\n<meta name=\"description\" content=\"Diese Stehleuchte ist dank ihres doppelten Knicks verstellbar und grafisch ansprechend. Sie eignet sich perfekt am Ende Ihres Sofas f\u00fcr den Lese-Moment.\" \/>\n<meta name=\"robots\" content=\"index, follow, max-snippet:-1, max-image-preview:large, max-video-preview:-1\" \/>\n<link rel=\"canonical\" href=\"https:\/\/ekkla.ch\/de\/produit\/stehleuchte-gras-nr-411-round-noir-h-120-dcweditions\/\" \/>\n<meta property=\"og:locale\" content=\"de_DE\" \/>\n<meta property=\"og:type\" content=\"article\" \/>\n<meta property=\"og:title\" content=\"Stehleuchte Gras Nr.411 round - Schwarz - H.120 - DCW\u00e9ditions\" \/>\n<meta property=\"og:description\" content=\"Diese Stehleuchte ist dank ihres doppelten Knicks verstellbar und grafisch ansprechend. Sie eignet sich perfekt am Ende Ihres Sofas f\u00fcr den Lese-Moment.\" \/>\n<meta property=\"og:url\" content=\"https:\/\/ekkla.ch\/de\/produit\/stehleuchte-gras-nr-411-round-noir-h-120-dcweditions\/\" \/>\n<meta property=\"og:site_name\" content=\"Ekkla\" \/>\n<meta property=\"article:modified_time\" content=\"2023-04-06T08:44:19+00:00\" \/>\n<meta property=\"og:image\" content=\"https:\/\/ekkla.ch\/wp-content\/uploads\/2023\/03\/ekkla-light-dcw-luminaires_0010_lampe-gras-n411.jpg\" \/>\n\t<meta property=\"og:image:width\" content=\"900\" \/>\n\t<meta property=\"og:image:height\" content=\"900\" \/>\n\t<meta property=\"og:image:type\" content=\"image\/jpeg\" \/>\n<meta name=\"twitter:card\" content=\"summary_large_image\" \/>\n<meta name=\"twitter:label1\" content=\"Gesch\u00e4tzte Lesezeit\" \/>\n\t<meta name=\"twitter:data1\" content=\"1\u00a0Minute\" \/>\n<script type=\"application\/ld+json\" class=\"yoast-schema-graph\">{\"@context\":\"https:\/\/schema.org\",\"@graph\":[{\"@type\":\"WebPage\",\"@id\":\"https:\/\/ekkla.ch\/de\/produit\/stehleuchte-gras-nr-411-round-noir-h-120-dcweditions\/\",\"url\":\"https:\/\/ekkla.ch\/de\/produit\/stehleuchte-gras-nr-411-round-noir-h-120-dcweditions\/\",\"name\":\"DCW\u00e9ditions | Stehleuchte Gras Nr. 411 round | Ekkla\",\"isPartOf\":{\"@id\":\"https:\/\/ekkla.ch\/#website\"},\"primaryImageOfPage\":{\"@id\":\"https:\/\/ekkla.ch\/de\/produit\/stehleuchte-gras-nr-411-round-noir-h-120-dcweditions\/#primaryimage\"},\"image\":{\"@id\":\"https:\/\/ekkla.ch\/de\/produit\/stehleuchte-gras-nr-411-round-noir-h-120-dcweditions\/#primaryimage\"},\"thumbnailUrl\":\"https:\/\/ekkla.ch\/wp-content\/uploads\/2023\/03\/ekkla-light-dcw-luminaires_0010_lampe-gras-n411.jpg\",\"datePublished\":\"2023-03-09T19:58:37+00:00\",\"dateModified\":\"2023-04-06T08:44:19+00:00\",\"description\":\"Diese Stehleuchte ist dank ihres doppelten Knicks verstellbar und grafisch ansprechend. Sie eignet sich perfekt am Ende Ihres Sofas f\u00fcr den Lese-Moment.\",\"breadcrumb\":{\"@id\":\"https:\/\/ekkla.ch\/de\/produit\/stehleuchte-gras-nr-411-round-noir-h-120-dcweditions\/#breadcrumb\"},\"inLanguage\":\"de\",\"potentialAction\":[{\"@type\":\"ReadAction\",\"target\":[\"https:\/\/ekkla.ch\/de\/produit\/stehleuchte-gras-nr-411-round-noir-h-120-dcweditions\/\"]}]},{\"@type\":\"ImageObject\",\"inLanguage\":\"de\",\"@id\":\"https:\/\/ekkla.ch\/de\/produit\/stehleuchte-gras-nr-411-round-noir-h-120-dcweditions\/#primaryimage\",\"url\":\"https:\/\/ekkla.ch\/wp-content\/uploads\/2023\/03\/ekkla-light-dcw-luminaires_0010_lampe-gras-n411.jpg\",\"contentUrl\":\"https:\/\/ekkla.ch\/wp-content\/uploads\/2023\/03\/ekkla-light-dcw-luminaires_0010_lampe-gras-n411.jpg\",\"width\":900,\"height\":900},{\"@type\":\"BreadcrumbList\",\"@id\":\"https:\/\/ekkla.ch\/de\/produit\/stehleuchte-gras-nr-411-round-noir-h-120-dcweditions\/#breadcrumb\",\"itemListElement\":[{\"@type\":\"ListItem\",\"position\":1,\"name\":\"Home\",\"item\":\"https:\/\/ekkla.ch\/de\/\"},{\"@type\":\"ListItem\",\"position\":2,\"name\":\"Shop\",\"item\":\"https:\/\/ekkla.ch\/de\/shop\/\"},{\"@type\":\"ListItem\",\"position\":3,\"name\":\"Stehleuchte Gras Nr.411 round &#8211; Schwarz &#8211; H.120 &#8211; DCW\u00e9ditions\"}]},{\"@type\":\"WebSite\",\"@id\":\"https:\/\/ekkla.ch\/#website\",\"url\":\"https:\/\/ekkla.ch\/\",\"name\":\"Ekkla\",\"description\":\"Der Onlineshop f\u00fcr Beleuchtung\",\"publisher\":{\"@id\":\"https:\/\/ekkla.ch\/#organization\"},\"potentialAction\":[{\"@type\":\"SearchAction\",\"target\":{\"@type\":\"EntryPoint\",\"urlTemplate\":\"https:\/\/ekkla.ch\/?s={search_term_string}\"},\"query-input\":\"required name=search_term_string\"}],\"inLanguage\":\"de\"},{\"@type\":\"Organization\",\"@id\":\"https:\/\/ekkla.ch\/#organization\",\"name\":\"Ekkla\",\"url\":\"https:\/\/ekkla.ch\/\",\"logo\":{\"@type\":\"ImageObject\",\"inLanguage\":\"de\",\"@id\":\"https:\/\/ekkla.ch\/#\/schema\/logo\/image\/\",\"url\":\"http:\/\/ekkla.ch\/wp-content\/uploads\/2019\/07\/logo-1.svg\",\"contentUrl\":\"http:\/\/ekkla.ch\/wp-content\/uploads\/2019\/07\/logo-1.svg\",\"width\":1,\"height\":1,\"caption\":\"Ekkla\"},\"image\":{\"@id\":\"https:\/\/ekkla.ch\/#\/schema\/logo\/image\/\"},\"sameAs\":[\"https:\/\/www.instagram.com\/ekkla_light\/\"]}]}<\/script>\n<!-- \/ Yoast SEO Premium plugin. -->","yoast_head_json":{"title":"DCW\u00e9ditions | Stehleuchte Gras Nr. 411 round | Ekkla","description":"Diese Stehleuchte ist dank ihres doppelten Knicks verstellbar und grafisch ansprechend. Sie eignet sich perfekt am Ende Ihres Sofas f\u00fcr den Lese-Moment.","robots":{"index":"index","follow":"follow","max-snippet":"max-snippet:-1","max-image-preview":"max-image-preview:large","max-video-preview":"max-video-preview:-1"},"canonical":"https:\/\/ekkla.ch\/de\/produit\/stehleuchte-gras-nr-411-round-noir-h-120-dcweditions\/","og_locale":"de_DE","og_type":"article","og_title":"Stehleuchte Gras Nr.411 round - Schwarz - H.120 - DCW\u00e9ditions","og_description":"Diese Stehleuchte ist dank ihres doppelten Knicks verstellbar und grafisch ansprechend. Sie eignet sich perfekt am Ende Ihres Sofas f\u00fcr den Lese-Moment.","og_url":"https:\/\/ekkla.ch\/de\/produit\/stehleuchte-gras-nr-411-round-noir-h-120-dcweditions\/","og_site_name":"Ekkla","article_modified_time":"2023-04-06T08:44:19+00:00","og_image":[{"width":900,"height":900,"url":"https:\/\/ekkla.ch\/wp-content\/uploads\/2023\/03\/ekkla-light-dcw-luminaires_0010_lampe-gras-n411.jpg","type":"image\/jpeg"}],"twitter_card":"summary_large_image","twitter_misc":{"Gesch\u00e4tzte Lesezeit":"1\u00a0Minute"},"schema":{"@context":"https:\/\/schema.org","@graph":[{"@type":"WebPage","@id":"https:\/\/ekkla.ch\/de\/produit\/stehleuchte-gras-nr-411-round-noir-h-120-dcweditions\/","url":"https:\/\/ekkla.ch\/de\/produit\/stehleuchte-gras-nr-411-round-noir-h-120-dcweditions\/","name":"DCW\u00e9ditions | Stehleuchte Gras Nr. 411 round | Ekkla","isPartOf":{"@id":"https:\/\/ekkla.ch\/#website"},"primaryImageOfPage":{"@id":"https:\/\/ekkla.ch\/de\/produit\/stehleuchte-gras-nr-411-round-noir-h-120-dcweditions\/#primaryimage"},"image":{"@id":"https:\/\/ekkla.ch\/de\/produit\/stehleuchte-gras-nr-411-round-noir-h-120-dcweditions\/#primaryimage"},"thumbnailUrl":"https:\/\/ekkla.ch\/wp-content\/uploads\/2023\/03\/ekkla-light-dcw-luminaires_0010_lampe-gras-n411.jpg","datePublished":"2023-03-09T19:58:37+00:00","dateModified":"2023-04-06T08:44:19+00:00","description":"Diese Stehleuchte ist dank ihres doppelten Knicks verstellbar und grafisch ansprechend. Sie eignet sich perfekt am Ende Ihres Sofas f\u00fcr den Lese-Moment.","breadcrumb":{"@id":"https:\/\/ekkla.ch\/de\/produit\/stehleuchte-gras-nr-411-round-noir-h-120-dcweditions\/#breadcrumb"},"inLanguage":"de","potentialAction":[{"@type":"ReadAction","target":["https:\/\/ekkla.ch\/de\/produit\/stehleuchte-gras-nr-411-round-noir-h-120-dcweditions\/"]}]},{"@type":"ImageObject","inLanguage":"de","@id":"https:\/\/ekkla.ch\/de\/produit\/stehleuchte-gras-nr-411-round-noir-h-120-dcweditions\/#primaryimage","url":"https:\/\/ekkla.ch\/wp-content\/uploads\/2023\/03\/ekkla-light-dcw-luminaires_0010_lampe-gras-n411.jpg","contentUrl":"https:\/\/ekkla.ch\/wp-content\/uploads\/2023\/03\/ekkla-light-dcw-luminaires_0010_lampe-gras-n411.jpg","width":900,"height":900},{"@type":"BreadcrumbList","@id":"https:\/\/ekkla.ch\/de\/produit\/stehleuchte-gras-nr-411-round-noir-h-120-dcweditions\/#breadcrumb","itemListElement":[{"@type":"ListItem","position":1,"name":"Home","item":"https:\/\/ekkla.ch\/de\/"},{"@type":"ListItem","position":2,"name":"Shop","item":"https:\/\/ekkla.ch\/de\/shop\/"},{"@type":"ListItem","position":3,"name":"Stehleuchte Gras Nr.411 round &#8211; Schwarz &#8211; H.120 &#8211; DCW\u00e9ditions"}]},{"@type":"WebSite","@id":"https:\/\/ekkla.ch\/#website","url":"https:\/\/ekkla.ch\/","name":"Ekkla","description":"Der Onlineshop f\u00fcr Beleuchtung","publisher":{"@id":"https:\/\/ekkla.ch\/#organization"},"potentialAction":[{"@type":"SearchAction","target":{"@type":"EntryPoint","urlTemplate":"https:\/\/ekkla.ch\/?s={search_term_string}"},"query-input":"required name=search_term_string"}],"inLanguage":"de"},{"@type":"Organization","@id":"https:\/\/ekkla.ch\/#organization","name":"Ekkla","url":"https:\/\/ekkla.ch\/","logo":{"@type":"ImageObject","inLanguage":"de","@id":"https:\/\/ekkla.ch\/#\/schema\/logo\/image\/","url":"http:\/\/ekkla.ch\/wp-content\/uploads\/2019\/07\/logo-1.svg","contentUrl":"http:\/\/ekkla.ch\/wp-content\/uploads\/2019\/07\/logo-1.svg","width":1,"height":1,"caption":"Ekkla"},"image":{"@id":"https:\/\/ekkla.ch\/#\/schema\/logo\/image\/"},"sameAs":["https:\/\/www.instagram.com\/ekkla_light\/"]}]}},"_links":{"self":[{"href":"https:\/\/ekkla.ch\/de\/wp-json\/wp\/v2\/product\/171180"}],"collection":[{"href":"https:\/\/ekkla.ch\/de\/wp-json\/wp\/v2\/product"}],"about":[{"href":"https:\/\/ekkla.ch\/de\/wp-json\/wp\/v2\/types\/product"}],"wp:featuredmedia":[{"embeddable":true,"href":"https:\/\/ekkla.ch\/de\/wp-json\/wp\/v2\/media\/172028"}],"wp:attachment":[{"href":"https:\/\/ekkla.ch\/de\/wp-json\/wp\/v2\/media?parent=171180"}],"wp:term":[{"taxonomy":"product_cat","embeddable":true,"href":"https:\/\/ekkla.ch\/de\/wp-json\/wp\/v2\/product_cat?post=171180"},{"taxonomy":"product_tag","embeddable":true,"href":"https:\/\/ekkla.ch\/de\/wp-json\/wp\/v2\/product_tag?post=171180"}],"curies":[{"name":"wp","href":"https:\/\/api.w.org\/{rel}","templated":true}]}}