{"id":171187,"date":"2023-03-07T21:05:13","date_gmt":"2023-03-07T20:05:13","guid":{"rendered":"https:\/\/ekkla.ch\/produit\/hangeleuchte-les-acrobates-de-gras-nr-326-schwarz-glas-%e2%88%85175-dcweditions\/"},"modified":"2023-03-21T20:24:49","modified_gmt":"2023-03-21T19:24:49","slug":"hangeleuchte-les-acrobates-de-gras-nr-326-schwarz-glas-%e2%88%85175-dcweditions","status":"publish","type":"product","link":"https:\/\/ekkla.ch\/de\/produit\/hangeleuchte-les-acrobates-de-gras-nr-326-schwarz-glas-%e2%88%85175-dcweditions\/","title":{"rendered":"H\u00e4ngeleuchte les Acrobates de Gras Nr. 326 &#8211; Schwarz &#8211; Glas &#8211; \u220517,5 &#8211; DCW\u00e9ditions"},"content":{"rendered":"<p>Die 1921 entworfene Lampenkollektion <em>Gras<\/em> wurde zu einer Ikone des 20. Jahrhunderts und hat im Laufe der Jahre durch ihr zeitloses Design nicht aufgeh\u00f6rt zu gefallen.<\/p>\n<p>In dieser Version <em>Les acrobates de Gras<\/em> besteht die H\u00e4ngelampe aus sechs Leuchten, die jeweils auf einer Seite mit der zentralen Lampenrosette und auf der anderen Seite mit einer dezentralen Rosette verbunden sind. Sie passt ideal \u00fcber einen Esstisch oder eine Arbeitsfl\u00e4che und verleiht dieser durch die sich kreuzenden Seile einen dynamischen Touch. Wie Akrobaten flattern diese Gl\u00fchbirnen durch die verschiedenen R\u00e4ume Ihres Hauses.<\/p>\n<blockquote>\n<h2>Merkmale &amp; Eigenschaften<\/h2>\n<p><strong>Marke<\/strong>\u00a0DCW\u00e9ditions<\/p>\n<p><strong>Farbe\u00a0<\/strong>Schwarz<\/p>\n<p><strong>Materialien<\/strong>\u00a0Stahl und Glas<\/p>\n<p style=\"text-align: left;\"><strong>Gl\u00fchbirne<\/strong>\u00a0E27 LED<\/p>\n<p style=\"text-align: left;\"><strong>Max. Leistung (W)<\/strong>\u00a023<\/p>\n<p><strong>Kabell\u00e4nge (cm)<\/strong>\u00a0300 oder 500<\/p>\n<p><strong>Durchmesser (cm)<\/strong>\u00a017,5<\/p>\n<p><strong>Durchmesser der Basis (cm) <\/strong>9 und 14<\/p>\n<p><strong>Gewicht (kg)<\/strong>\u00a05<\/p><\/blockquote>\n","protected":false},"excerpt":{"rendered":"<p>Die 1921 entworfene Lampenkollektion Gras wurde zu einer Ikone des 20. Jahrhunderts und hat im Laufe der Jahre durch ihr zeitloses Design nicht aufgeh\u00f6rt zu gefallen. In dieser Version Les acrobates de Gras besteht die H\u00e4ngelampe aus sechs Leuchten, die jeweils auf einer Seite mit der zentralen Lampenrosette und auf der anderen Seite mit einer [&hellip;]<\/p>\n","protected":false},"featured_media":171843,"template":"","meta":{"_acf_changed":false,"om_disable_all_campaigns":false},"product_cat":[291],"product_tag":[1256,896,1188,1265,824,801],"bundled_by":[],"bundle_stock_status":"onbackorder","bundle_stock_quantity":null,"bundle_virtual":false,"bundle_layout":"","bundle_add_to_cart_form_location":"","bundle_editable_in_cart":false,"bundle_sold_individually_context":"","bundle_item_grouping":"","bundle_min_size":"","bundle_max_size":"","bundle_price":[],"bundled_items":[],"bundle_sell_ids":[],"acf":[],"yoast_head":"<!-- This site is optimized with the Yoast SEO Premium plugin v22.2 (Yoast SEO v22.8) - https:\/\/yoast.com\/wordpress\/plugins\/seo\/ -->\n<title>DCW\u00e9ditions | H\u00e4ngeleuchte les Acrobates de Gras Nr. 326 | Ekkla<\/title>\n<meta name=\"description\" content=\"Diese H\u00e4ngeleuchte ist eine Ikone des 20. Jahrhunderts und besteht aus sechs Leuchten, die durch die \u00dcberkreuzung ihrer Kabel dem Raum Dynamik verleihen.\" \/>\n<meta name=\"robots\" content=\"index, follow, max-snippet:-1, max-image-preview:large, max-video-preview:-1\" \/>\n<link rel=\"canonical\" href=\"https:\/\/ekkla.ch\/de\/produit\/hangeleuchte-les-acrobates-de-gras-nr-326-schwarz-glas-\u2205175-dcweditions\/\" \/>\n<meta property=\"og:locale\" content=\"de_DE\" \/>\n<meta property=\"og:type\" content=\"article\" \/>\n<meta property=\"og:title\" content=\"H\u00e4ngeleuchte les Acrobates de Gras Nr. 326 - Schwarz - Glas - \u220517,5 - DCW\u00e9ditions\" \/>\n<meta property=\"og:description\" content=\"Diese H\u00e4ngeleuchte ist eine Ikone des 20. Jahrhunderts und besteht aus sechs Leuchten, die durch die \u00dcberkreuzung ihrer Kabel dem Raum Dynamik verleihen.\" \/>\n<meta property=\"og:url\" content=\"https:\/\/ekkla.ch\/de\/produit\/hangeleuchte-les-acrobates-de-gras-nr-326-schwarz-glas-\u2205175-dcweditions\/\" \/>\n<meta property=\"og:site_name\" content=\"Ekkla\" \/>\n<meta property=\"article:modified_time\" content=\"2023-03-21T19:24:49+00:00\" \/>\n<meta property=\"og:image\" content=\"https:\/\/ekkla.ch\/wp-content\/uploads\/2023\/03\/ekkla-light-dcw-luminaires_0006_les-acrobates-de-gras-n326.jpg\" \/>\n\t<meta property=\"og:image:width\" content=\"900\" \/>\n\t<meta property=\"og:image:height\" content=\"900\" \/>\n\t<meta property=\"og:image:type\" content=\"image\/jpeg\" \/>\n<meta name=\"twitter:card\" content=\"summary_large_image\" \/>\n<meta name=\"twitter:label1\" content=\"Gesch\u00e4tzte Lesezeit\" \/>\n\t<meta name=\"twitter:data1\" content=\"1\u00a0Minute\" \/>\n<script type=\"application\/ld+json\" class=\"yoast-schema-graph\">{\"@context\":\"https:\/\/schema.org\",\"@graph\":[{\"@type\":\"WebPage\",\"@id\":\"https:\/\/ekkla.ch\/de\/produit\/hangeleuchte-les-acrobates-de-gras-nr-326-schwarz-glas-%e2%88%85175-dcweditions\/\",\"url\":\"https:\/\/ekkla.ch\/de\/produit\/hangeleuchte-les-acrobates-de-gras-nr-326-schwarz-glas-%e2%88%85175-dcweditions\/\",\"name\":\"DCW\u00e9ditions | H\u00e4ngeleuchte les Acrobates de Gras Nr. 326 | Ekkla\",\"isPartOf\":{\"@id\":\"https:\/\/ekkla.ch\/#website\"},\"primaryImageOfPage\":{\"@id\":\"https:\/\/ekkla.ch\/de\/produit\/hangeleuchte-les-acrobates-de-gras-nr-326-schwarz-glas-%e2%88%85175-dcweditions\/#primaryimage\"},\"image\":{\"@id\":\"https:\/\/ekkla.ch\/de\/produit\/hangeleuchte-les-acrobates-de-gras-nr-326-schwarz-glas-%e2%88%85175-dcweditions\/#primaryimage\"},\"thumbnailUrl\":\"https:\/\/ekkla.ch\/wp-content\/uploads\/2023\/03\/ekkla-light-dcw-luminaires_0006_les-acrobates-de-gras-n326.jpg\",\"datePublished\":\"2023-03-07T20:05:13+00:00\",\"dateModified\":\"2023-03-21T19:24:49+00:00\",\"description\":\"Diese H\u00e4ngeleuchte ist eine Ikone des 20. Jahrhunderts und besteht aus sechs Leuchten, die durch die \u00dcberkreuzung ihrer Kabel dem Raum Dynamik verleihen.\",\"breadcrumb\":{\"@id\":\"https:\/\/ekkla.ch\/de\/produit\/hangeleuchte-les-acrobates-de-gras-nr-326-schwarz-glas-%e2%88%85175-dcweditions\/#breadcrumb\"},\"inLanguage\":\"de\",\"potentialAction\":[{\"@type\":\"ReadAction\",\"target\":[\"https:\/\/ekkla.ch\/de\/produit\/hangeleuchte-les-acrobates-de-gras-nr-326-schwarz-glas-%e2%88%85175-dcweditions\/\"]}]},{\"@type\":\"ImageObject\",\"inLanguage\":\"de\",\"@id\":\"https:\/\/ekkla.ch\/de\/produit\/hangeleuchte-les-acrobates-de-gras-nr-326-schwarz-glas-%e2%88%85175-dcweditions\/#primaryimage\",\"url\":\"https:\/\/ekkla.ch\/wp-content\/uploads\/2023\/03\/ekkla-light-dcw-luminaires_0006_les-acrobates-de-gras-n326.jpg\",\"contentUrl\":\"https:\/\/ekkla.ch\/wp-content\/uploads\/2023\/03\/ekkla-light-dcw-luminaires_0006_les-acrobates-de-gras-n326.jpg\",\"width\":900,\"height\":900},{\"@type\":\"BreadcrumbList\",\"@id\":\"https:\/\/ekkla.ch\/de\/produit\/hangeleuchte-les-acrobates-de-gras-nr-326-schwarz-glas-%e2%88%85175-dcweditions\/#breadcrumb\",\"itemListElement\":[{\"@type\":\"ListItem\",\"position\":1,\"name\":\"Home\",\"item\":\"https:\/\/ekkla.ch\/de\/\"},{\"@type\":\"ListItem\",\"position\":2,\"name\":\"Shop\",\"item\":\"https:\/\/ekkla.ch\/de\/shop\/\"},{\"@type\":\"ListItem\",\"position\":3,\"name\":\"H\u00e4ngeleuchte les Acrobates de Gras Nr. 326 &#8211; Schwarz &#8211; Glas &#8211; \u220517,5 &#8211; DCW\u00e9ditions\"}]},{\"@type\":\"WebSite\",\"@id\":\"https:\/\/ekkla.ch\/#website\",\"url\":\"https:\/\/ekkla.ch\/\",\"name\":\"Ekkla\",\"description\":\"Der Onlineshop f\u00fcr Beleuchtung\",\"publisher\":{\"@id\":\"https:\/\/ekkla.ch\/#organization\"},\"potentialAction\":[{\"@type\":\"SearchAction\",\"target\":{\"@type\":\"EntryPoint\",\"urlTemplate\":\"https:\/\/ekkla.ch\/?s={search_term_string}\"},\"query-input\":\"required name=search_term_string\"}],\"inLanguage\":\"de\"},{\"@type\":\"Organization\",\"@id\":\"https:\/\/ekkla.ch\/#organization\",\"name\":\"Ekkla\",\"url\":\"https:\/\/ekkla.ch\/\",\"logo\":{\"@type\":\"ImageObject\",\"inLanguage\":\"de\",\"@id\":\"https:\/\/ekkla.ch\/#\/schema\/logo\/image\/\",\"url\":\"http:\/\/ekkla.ch\/wp-content\/uploads\/2019\/07\/logo-1.svg\",\"contentUrl\":\"http:\/\/ekkla.ch\/wp-content\/uploads\/2019\/07\/logo-1.svg\",\"width\":1,\"height\":1,\"caption\":\"Ekkla\"},\"image\":{\"@id\":\"https:\/\/ekkla.ch\/#\/schema\/logo\/image\/\"},\"sameAs\":[\"https:\/\/www.instagram.com\/ekkla_light\/\"]}]}<\/script>\n<!-- \/ Yoast SEO Premium plugin. -->","yoast_head_json":{"title":"DCW\u00e9ditions | H\u00e4ngeleuchte les Acrobates de Gras Nr. 326 | Ekkla","description":"Diese H\u00e4ngeleuchte ist eine Ikone des 20. Jahrhunderts und besteht aus sechs Leuchten, die durch die \u00dcberkreuzung ihrer Kabel dem Raum Dynamik verleihen.","robots":{"index":"index","follow":"follow","max-snippet":"max-snippet:-1","max-image-preview":"max-image-preview:large","max-video-preview":"max-video-preview:-1"},"canonical":"https:\/\/ekkla.ch\/de\/produit\/hangeleuchte-les-acrobates-de-gras-nr-326-schwarz-glas-\u2205175-dcweditions\/","og_locale":"de_DE","og_type":"article","og_title":"H\u00e4ngeleuchte les Acrobates de Gras Nr. 326 - Schwarz - Glas - \u220517,5 - DCW\u00e9ditions","og_description":"Diese H\u00e4ngeleuchte ist eine Ikone des 20. Jahrhunderts und besteht aus sechs Leuchten, die durch die \u00dcberkreuzung ihrer Kabel dem Raum Dynamik verleihen.","og_url":"https:\/\/ekkla.ch\/de\/produit\/hangeleuchte-les-acrobates-de-gras-nr-326-schwarz-glas-\u2205175-dcweditions\/","og_site_name":"Ekkla","article_modified_time":"2023-03-21T19:24:49+00:00","og_image":[{"width":900,"height":900,"url":"https:\/\/ekkla.ch\/wp-content\/uploads\/2023\/03\/ekkla-light-dcw-luminaires_0006_les-acrobates-de-gras-n326.jpg","type":"image\/jpeg"}],"twitter_card":"summary_large_image","twitter_misc":{"Gesch\u00e4tzte Lesezeit":"1\u00a0Minute"},"schema":{"@context":"https:\/\/schema.org","@graph":[{"@type":"WebPage","@id":"https:\/\/ekkla.ch\/de\/produit\/hangeleuchte-les-acrobates-de-gras-nr-326-schwarz-glas-%e2%88%85175-dcweditions\/","url":"https:\/\/ekkla.ch\/de\/produit\/hangeleuchte-les-acrobates-de-gras-nr-326-schwarz-glas-%e2%88%85175-dcweditions\/","name":"DCW\u00e9ditions | H\u00e4ngeleuchte les Acrobates de Gras Nr. 326 | Ekkla","isPartOf":{"@id":"https:\/\/ekkla.ch\/#website"},"primaryImageOfPage":{"@id":"https:\/\/ekkla.ch\/de\/produit\/hangeleuchte-les-acrobates-de-gras-nr-326-schwarz-glas-%e2%88%85175-dcweditions\/#primaryimage"},"image":{"@id":"https:\/\/ekkla.ch\/de\/produit\/hangeleuchte-les-acrobates-de-gras-nr-326-schwarz-glas-%e2%88%85175-dcweditions\/#primaryimage"},"thumbnailUrl":"https:\/\/ekkla.ch\/wp-content\/uploads\/2023\/03\/ekkla-light-dcw-luminaires_0006_les-acrobates-de-gras-n326.jpg","datePublished":"2023-03-07T20:05:13+00:00","dateModified":"2023-03-21T19:24:49+00:00","description":"Diese H\u00e4ngeleuchte ist eine Ikone des 20. Jahrhunderts und besteht aus sechs Leuchten, die durch die \u00dcberkreuzung ihrer Kabel dem Raum Dynamik verleihen.","breadcrumb":{"@id":"https:\/\/ekkla.ch\/de\/produit\/hangeleuchte-les-acrobates-de-gras-nr-326-schwarz-glas-%e2%88%85175-dcweditions\/#breadcrumb"},"inLanguage":"de","potentialAction":[{"@type":"ReadAction","target":["https:\/\/ekkla.ch\/de\/produit\/hangeleuchte-les-acrobates-de-gras-nr-326-schwarz-glas-%e2%88%85175-dcweditions\/"]}]},{"@type":"ImageObject","inLanguage":"de","@id":"https:\/\/ekkla.ch\/de\/produit\/hangeleuchte-les-acrobates-de-gras-nr-326-schwarz-glas-%e2%88%85175-dcweditions\/#primaryimage","url":"https:\/\/ekkla.ch\/wp-content\/uploads\/2023\/03\/ekkla-light-dcw-luminaires_0006_les-acrobates-de-gras-n326.jpg","contentUrl":"https:\/\/ekkla.ch\/wp-content\/uploads\/2023\/03\/ekkla-light-dcw-luminaires_0006_les-acrobates-de-gras-n326.jpg","width":900,"height":900},{"@type":"BreadcrumbList","@id":"https:\/\/ekkla.ch\/de\/produit\/hangeleuchte-les-acrobates-de-gras-nr-326-schwarz-glas-%e2%88%85175-dcweditions\/#breadcrumb","itemListElement":[{"@type":"ListItem","position":1,"name":"Home","item":"https:\/\/ekkla.ch\/de\/"},{"@type":"ListItem","position":2,"name":"Shop","item":"https:\/\/ekkla.ch\/de\/shop\/"},{"@type":"ListItem","position":3,"name":"H\u00e4ngeleuchte les Acrobates de Gras Nr. 326 &#8211; Schwarz &#8211; Glas &#8211; \u220517,5 &#8211; DCW\u00e9ditions"}]},{"@type":"WebSite","@id":"https:\/\/ekkla.ch\/#website","url":"https:\/\/ekkla.ch\/","name":"Ekkla","description":"Der Onlineshop f\u00fcr Beleuchtung","publisher":{"@id":"https:\/\/ekkla.ch\/#organization"},"potentialAction":[{"@type":"SearchAction","target":{"@type":"EntryPoint","urlTemplate":"https:\/\/ekkla.ch\/?s={search_term_string}"},"query-input":"required name=search_term_string"}],"inLanguage":"de"},{"@type":"Organization","@id":"https:\/\/ekkla.ch\/#organization","name":"Ekkla","url":"https:\/\/ekkla.ch\/","logo":{"@type":"ImageObject","inLanguage":"de","@id":"https:\/\/ekkla.ch\/#\/schema\/logo\/image\/","url":"http:\/\/ekkla.ch\/wp-content\/uploads\/2019\/07\/logo-1.svg","contentUrl":"http:\/\/ekkla.ch\/wp-content\/uploads\/2019\/07\/logo-1.svg","width":1,"height":1,"caption":"Ekkla"},"image":{"@id":"https:\/\/ekkla.ch\/#\/schema\/logo\/image\/"},"sameAs":["https:\/\/www.instagram.com\/ekkla_light\/"]}]}},"_links":{"self":[{"href":"https:\/\/ekkla.ch\/de\/wp-json\/wp\/v2\/product\/171187"}],"collection":[{"href":"https:\/\/ekkla.ch\/de\/wp-json\/wp\/v2\/product"}],"about":[{"href":"https:\/\/ekkla.ch\/de\/wp-json\/wp\/v2\/types\/product"}],"wp:featuredmedia":[{"embeddable":true,"href":"https:\/\/ekkla.ch\/de\/wp-json\/wp\/v2\/media\/171843"}],"wp:attachment":[{"href":"https:\/\/ekkla.ch\/de\/wp-json\/wp\/v2\/media?parent=171187"}],"wp:term":[{"taxonomy":"product_cat","embeddable":true,"href":"https:\/\/ekkla.ch\/de\/wp-json\/wp\/v2\/product_cat?post=171187"},{"taxonomy":"product_tag","embeddable":true,"href":"https:\/\/ekkla.ch\/de\/wp-json\/wp\/v2\/product_tag?post=171187"}],"curies":[{"name":"wp","href":"https:\/\/api.w.org\/{rel}","templated":true}]}}