{"id":171188,"date":"2023-03-07T20:56:10","date_gmt":"2023-03-07T19:56:10","guid":{"rendered":"https:\/\/ekkla.ch\/produit\/hangeleuchte-les-acrobates-de-gras-nr-323-l-conic-schwarz-%e2%88%8526-dcweditions\/"},"modified":"2023-03-21T20:24:27","modified_gmt":"2023-03-21T19:24:27","slug":"hangeleuchte-les-acrobates-de-gras-nr-323-l-conic-schwarz-%e2%88%8526-dcweditions","status":"publish","type":"product","link":"https:\/\/ekkla.ch\/de\/produit\/hangeleuchte-les-acrobates-de-gras-nr-323-l-conic-schwarz-%e2%88%8526-dcweditions\/","title":{"rendered":"H\u00e4ngeleuchte les Acrobates de Gras Nr. 323 L conic &#8211; Schwarz &#8211; \u220526 &#8211; DCW\u00e9ditions"},"content":{"rendered":"<p>Die 1921 entworfene Lampenkollektion <em>Gras<\/em> wurde zu einer Ikone des 20. Jahrhunderts und hat im Laufe der Jahre durch ihr zeitloses Design nicht aufgeh\u00f6rt zu gefallen.<\/p>\n<p>Diese elegante H\u00e4ngeleuchte besteht aus zwei Kabeln und einer Deckenleuchte, die an 2 separaten Rosetten h\u00e4ngt. Sie eignet sich ideal \u00fcber einem Esstisch, \u00fcber einem Sofa oder \u00fcber einer Arbeitsfl\u00e4che. Die Leuchte <em>Gras Nr. 323<\/em> kann auch mit verschiedenen Farben oder verschiedenen anderen Modellen aus derselben Kollektion kombiniert werden, um einen dynamischen Touch zu verleihen.<\/p>\n<blockquote>\n<h2>Merkmale &amp; Eigenschaften<\/h2>\n<p><strong>Marke<\/strong>\u00a0DCW\u00e9ditions<\/p>\n<p><strong>Farbe\u00a0<\/strong>Schwarz<\/p>\n<p><strong>Material<\/strong>\u00a0Stahl<\/p>\n<p style=\"text-align: left;\"><strong>Gl\u00fchbirne<\/strong>\u00a0E27 LED<\/p>\n<p style=\"text-align: left;\"><strong>Max. Leistung (W)<\/strong>\u00a023<\/p>\n<p><strong>Kabell\u00e4nge (cm)<\/strong>\u00a0300 oder 500<\/p>\n<p><strong>Durchmesser (cm)<\/strong>\u00a026<\/p>\n<p><strong>H\u00f6he (cm)<\/strong> 21,6<\/p>\n<p><strong>Durchmesser der Basis (cm) <\/strong>9<\/p>\n<p><strong>Gewicht (kg)<\/strong>\u00a01,1<\/p><\/blockquote>\n","protected":false},"excerpt":{"rendered":"<p>Die 1921 entworfene Lampenkollektion Gras wurde zu einer Ikone des 20. Jahrhunderts und hat im Laufe der Jahre durch ihr zeitloses Design nicht aufgeh\u00f6rt zu gefallen. Diese elegante H\u00e4ngeleuchte besteht aus zwei Kabeln und einer Deckenleuchte, die an 2 separaten Rosetten h\u00e4ngt. Sie eignet sich ideal \u00fcber einem Esstisch, \u00fcber einem Sofa oder \u00fcber einer [&hellip;]<\/p>\n","protected":false},"featured_media":171835,"template":"","meta":{"_acf_changed":false,"om_disable_all_campaigns":false},"product_cat":[291],"product_tag":[1256,896,1188,1265,824,801],"bundled_by":[],"bundle_stock_status":"onbackorder","bundle_stock_quantity":null,"bundle_virtual":false,"bundle_layout":"","bundle_add_to_cart_form_location":"","bundle_editable_in_cart":false,"bundle_sold_individually_context":"","bundle_item_grouping":"","bundle_min_size":"","bundle_max_size":"","bundle_price":[],"bundled_items":[],"bundle_sell_ids":[],"acf":[],"yoast_head":"<!-- This site is optimized with the Yoast SEO Premium plugin v22.2 (Yoast SEO v22.8) - https:\/\/yoast.com\/wordpress\/plugins\/seo\/ -->\n<title>DCW\u00e9ditions | H\u00e4ngeleuchte les Acrobates de Gras Nr. 323 L | Ekkla<\/title>\n<meta name=\"description\" content=\"Diese H\u00e4ngeleuchte ist eine echte Ikone des 20. Jahrhunderts. Sie h\u00e4ngt von zwei Rosetten und kann f\u00fcr einen dynamischen Touch auch kombiniert werden.\" \/>\n<meta name=\"robots\" content=\"index, follow, max-snippet:-1, max-image-preview:large, max-video-preview:-1\" \/>\n<link rel=\"canonical\" href=\"https:\/\/ekkla.ch\/de\/produit\/hangeleuchte-les-acrobates-de-gras-nr-323-l-conic-schwarz-\u220526-dcweditions\/\" \/>\n<meta property=\"og:locale\" content=\"de_DE\" \/>\n<meta property=\"og:type\" content=\"article\" \/>\n<meta property=\"og:title\" content=\"H\u00e4ngeleuchte les Acrobates de Gras Nr. 323 L conic - Schwarz - \u220526 - DCW\u00e9ditions\" \/>\n<meta property=\"og:description\" content=\"Diese H\u00e4ngeleuchte ist eine echte Ikone des 20. Jahrhunderts. Sie h\u00e4ngt von zwei Rosetten und kann f\u00fcr einen dynamischen Touch auch kombiniert werden.\" \/>\n<meta property=\"og:url\" content=\"https:\/\/ekkla.ch\/de\/produit\/hangeleuchte-les-acrobates-de-gras-nr-323-l-conic-schwarz-\u220526-dcweditions\/\" \/>\n<meta property=\"og:site_name\" content=\"Ekkla\" \/>\n<meta property=\"article:modified_time\" content=\"2023-03-21T19:24:27+00:00\" \/>\n<meta property=\"og:image\" content=\"https:\/\/ekkla.ch\/wp-content\/uploads\/2023\/03\/ekkla-light-dcw-luminaires_0007_les-acrobates-de-gras-n323.jpg\" \/>\n\t<meta property=\"og:image:width\" content=\"900\" \/>\n\t<meta property=\"og:image:height\" content=\"900\" \/>\n\t<meta property=\"og:image:type\" content=\"image\/jpeg\" \/>\n<meta name=\"twitter:card\" content=\"summary_large_image\" \/>\n<meta name=\"twitter:label1\" content=\"Gesch\u00e4tzte Lesezeit\" \/>\n\t<meta name=\"twitter:data1\" content=\"1\u00a0Minute\" \/>\n<script type=\"application\/ld+json\" class=\"yoast-schema-graph\">{\"@context\":\"https:\/\/schema.org\",\"@graph\":[{\"@type\":\"WebPage\",\"@id\":\"https:\/\/ekkla.ch\/de\/produit\/hangeleuchte-les-acrobates-de-gras-nr-323-l-conic-schwarz-%e2%88%8526-dcweditions\/\",\"url\":\"https:\/\/ekkla.ch\/de\/produit\/hangeleuchte-les-acrobates-de-gras-nr-323-l-conic-schwarz-%e2%88%8526-dcweditions\/\",\"name\":\"DCW\u00e9ditions | H\u00e4ngeleuchte les Acrobates de Gras Nr. 323 L | Ekkla\",\"isPartOf\":{\"@id\":\"https:\/\/ekkla.ch\/#website\"},\"primaryImageOfPage\":{\"@id\":\"https:\/\/ekkla.ch\/de\/produit\/hangeleuchte-les-acrobates-de-gras-nr-323-l-conic-schwarz-%e2%88%8526-dcweditions\/#primaryimage\"},\"image\":{\"@id\":\"https:\/\/ekkla.ch\/de\/produit\/hangeleuchte-les-acrobates-de-gras-nr-323-l-conic-schwarz-%e2%88%8526-dcweditions\/#primaryimage\"},\"thumbnailUrl\":\"https:\/\/ekkla.ch\/wp-content\/uploads\/2023\/03\/ekkla-light-dcw-luminaires_0007_les-acrobates-de-gras-n323.jpg\",\"datePublished\":\"2023-03-07T19:56:10+00:00\",\"dateModified\":\"2023-03-21T19:24:27+00:00\",\"description\":\"Diese H\u00e4ngeleuchte ist eine echte Ikone des 20. Jahrhunderts. Sie h\u00e4ngt von zwei Rosetten und kann f\u00fcr einen dynamischen Touch auch kombiniert werden.\",\"breadcrumb\":{\"@id\":\"https:\/\/ekkla.ch\/de\/produit\/hangeleuchte-les-acrobates-de-gras-nr-323-l-conic-schwarz-%e2%88%8526-dcweditions\/#breadcrumb\"},\"inLanguage\":\"de\",\"potentialAction\":[{\"@type\":\"ReadAction\",\"target\":[\"https:\/\/ekkla.ch\/de\/produit\/hangeleuchte-les-acrobates-de-gras-nr-323-l-conic-schwarz-%e2%88%8526-dcweditions\/\"]}]},{\"@type\":\"ImageObject\",\"inLanguage\":\"de\",\"@id\":\"https:\/\/ekkla.ch\/de\/produit\/hangeleuchte-les-acrobates-de-gras-nr-323-l-conic-schwarz-%e2%88%8526-dcweditions\/#primaryimage\",\"url\":\"https:\/\/ekkla.ch\/wp-content\/uploads\/2023\/03\/ekkla-light-dcw-luminaires_0007_les-acrobates-de-gras-n323.jpg\",\"contentUrl\":\"https:\/\/ekkla.ch\/wp-content\/uploads\/2023\/03\/ekkla-light-dcw-luminaires_0007_les-acrobates-de-gras-n323.jpg\",\"width\":900,\"height\":900},{\"@type\":\"BreadcrumbList\",\"@id\":\"https:\/\/ekkla.ch\/de\/produit\/hangeleuchte-les-acrobates-de-gras-nr-323-l-conic-schwarz-%e2%88%8526-dcweditions\/#breadcrumb\",\"itemListElement\":[{\"@type\":\"ListItem\",\"position\":1,\"name\":\"Home\",\"item\":\"https:\/\/ekkla.ch\/de\/\"},{\"@type\":\"ListItem\",\"position\":2,\"name\":\"Shop\",\"item\":\"https:\/\/ekkla.ch\/de\/shop\/\"},{\"@type\":\"ListItem\",\"position\":3,\"name\":\"H\u00e4ngeleuchte les Acrobates de Gras Nr. 323 L conic &#8211; Schwarz &#8211; \u220526 &#8211; DCW\u00e9ditions\"}]},{\"@type\":\"WebSite\",\"@id\":\"https:\/\/ekkla.ch\/#website\",\"url\":\"https:\/\/ekkla.ch\/\",\"name\":\"Ekkla\",\"description\":\"Der Onlineshop f\u00fcr Beleuchtung\",\"publisher\":{\"@id\":\"https:\/\/ekkla.ch\/#organization\"},\"potentialAction\":[{\"@type\":\"SearchAction\",\"target\":{\"@type\":\"EntryPoint\",\"urlTemplate\":\"https:\/\/ekkla.ch\/?s={search_term_string}\"},\"query-input\":\"required name=search_term_string\"}],\"inLanguage\":\"de\"},{\"@type\":\"Organization\",\"@id\":\"https:\/\/ekkla.ch\/#organization\",\"name\":\"Ekkla\",\"url\":\"https:\/\/ekkla.ch\/\",\"logo\":{\"@type\":\"ImageObject\",\"inLanguage\":\"de\",\"@id\":\"https:\/\/ekkla.ch\/#\/schema\/logo\/image\/\",\"url\":\"http:\/\/ekkla.ch\/wp-content\/uploads\/2019\/07\/logo-1.svg\",\"contentUrl\":\"http:\/\/ekkla.ch\/wp-content\/uploads\/2019\/07\/logo-1.svg\",\"width\":1,\"height\":1,\"caption\":\"Ekkla\"},\"image\":{\"@id\":\"https:\/\/ekkla.ch\/#\/schema\/logo\/image\/\"},\"sameAs\":[\"https:\/\/www.instagram.com\/ekkla_light\/\"]}]}<\/script>\n<!-- \/ Yoast SEO Premium plugin. -->","yoast_head_json":{"title":"DCW\u00e9ditions | H\u00e4ngeleuchte les Acrobates de Gras Nr. 323 L | Ekkla","description":"Diese H\u00e4ngeleuchte ist eine echte Ikone des 20. Jahrhunderts. Sie h\u00e4ngt von zwei Rosetten und kann f\u00fcr einen dynamischen Touch auch kombiniert werden.","robots":{"index":"index","follow":"follow","max-snippet":"max-snippet:-1","max-image-preview":"max-image-preview:large","max-video-preview":"max-video-preview:-1"},"canonical":"https:\/\/ekkla.ch\/de\/produit\/hangeleuchte-les-acrobates-de-gras-nr-323-l-conic-schwarz-\u220526-dcweditions\/","og_locale":"de_DE","og_type":"article","og_title":"H\u00e4ngeleuchte les Acrobates de Gras Nr. 323 L conic - Schwarz - \u220526 - DCW\u00e9ditions","og_description":"Diese H\u00e4ngeleuchte ist eine echte Ikone des 20. Jahrhunderts. Sie h\u00e4ngt von zwei Rosetten und kann f\u00fcr einen dynamischen Touch auch kombiniert werden.","og_url":"https:\/\/ekkla.ch\/de\/produit\/hangeleuchte-les-acrobates-de-gras-nr-323-l-conic-schwarz-\u220526-dcweditions\/","og_site_name":"Ekkla","article_modified_time":"2023-03-21T19:24:27+00:00","og_image":[{"width":900,"height":900,"url":"https:\/\/ekkla.ch\/wp-content\/uploads\/2023\/03\/ekkla-light-dcw-luminaires_0007_les-acrobates-de-gras-n323.jpg","type":"image\/jpeg"}],"twitter_card":"summary_large_image","twitter_misc":{"Gesch\u00e4tzte Lesezeit":"1\u00a0Minute"},"schema":{"@context":"https:\/\/schema.org","@graph":[{"@type":"WebPage","@id":"https:\/\/ekkla.ch\/de\/produit\/hangeleuchte-les-acrobates-de-gras-nr-323-l-conic-schwarz-%e2%88%8526-dcweditions\/","url":"https:\/\/ekkla.ch\/de\/produit\/hangeleuchte-les-acrobates-de-gras-nr-323-l-conic-schwarz-%e2%88%8526-dcweditions\/","name":"DCW\u00e9ditions | H\u00e4ngeleuchte les Acrobates de Gras Nr. 323 L | Ekkla","isPartOf":{"@id":"https:\/\/ekkla.ch\/#website"},"primaryImageOfPage":{"@id":"https:\/\/ekkla.ch\/de\/produit\/hangeleuchte-les-acrobates-de-gras-nr-323-l-conic-schwarz-%e2%88%8526-dcweditions\/#primaryimage"},"image":{"@id":"https:\/\/ekkla.ch\/de\/produit\/hangeleuchte-les-acrobates-de-gras-nr-323-l-conic-schwarz-%e2%88%8526-dcweditions\/#primaryimage"},"thumbnailUrl":"https:\/\/ekkla.ch\/wp-content\/uploads\/2023\/03\/ekkla-light-dcw-luminaires_0007_les-acrobates-de-gras-n323.jpg","datePublished":"2023-03-07T19:56:10+00:00","dateModified":"2023-03-21T19:24:27+00:00","description":"Diese H\u00e4ngeleuchte ist eine echte Ikone des 20. Jahrhunderts. Sie h\u00e4ngt von zwei Rosetten und kann f\u00fcr einen dynamischen Touch auch kombiniert werden.","breadcrumb":{"@id":"https:\/\/ekkla.ch\/de\/produit\/hangeleuchte-les-acrobates-de-gras-nr-323-l-conic-schwarz-%e2%88%8526-dcweditions\/#breadcrumb"},"inLanguage":"de","potentialAction":[{"@type":"ReadAction","target":["https:\/\/ekkla.ch\/de\/produit\/hangeleuchte-les-acrobates-de-gras-nr-323-l-conic-schwarz-%e2%88%8526-dcweditions\/"]}]},{"@type":"ImageObject","inLanguage":"de","@id":"https:\/\/ekkla.ch\/de\/produit\/hangeleuchte-les-acrobates-de-gras-nr-323-l-conic-schwarz-%e2%88%8526-dcweditions\/#primaryimage","url":"https:\/\/ekkla.ch\/wp-content\/uploads\/2023\/03\/ekkla-light-dcw-luminaires_0007_les-acrobates-de-gras-n323.jpg","contentUrl":"https:\/\/ekkla.ch\/wp-content\/uploads\/2023\/03\/ekkla-light-dcw-luminaires_0007_les-acrobates-de-gras-n323.jpg","width":900,"height":900},{"@type":"BreadcrumbList","@id":"https:\/\/ekkla.ch\/de\/produit\/hangeleuchte-les-acrobates-de-gras-nr-323-l-conic-schwarz-%e2%88%8526-dcweditions\/#breadcrumb","itemListElement":[{"@type":"ListItem","position":1,"name":"Home","item":"https:\/\/ekkla.ch\/de\/"},{"@type":"ListItem","position":2,"name":"Shop","item":"https:\/\/ekkla.ch\/de\/shop\/"},{"@type":"ListItem","position":3,"name":"H\u00e4ngeleuchte les Acrobates de Gras Nr. 323 L conic &#8211; Schwarz &#8211; \u220526 &#8211; DCW\u00e9ditions"}]},{"@type":"WebSite","@id":"https:\/\/ekkla.ch\/#website","url":"https:\/\/ekkla.ch\/","name":"Ekkla","description":"Der Onlineshop f\u00fcr Beleuchtung","publisher":{"@id":"https:\/\/ekkla.ch\/#organization"},"potentialAction":[{"@type":"SearchAction","target":{"@type":"EntryPoint","urlTemplate":"https:\/\/ekkla.ch\/?s={search_term_string}"},"query-input":"required name=search_term_string"}],"inLanguage":"de"},{"@type":"Organization","@id":"https:\/\/ekkla.ch\/#organization","name":"Ekkla","url":"https:\/\/ekkla.ch\/","logo":{"@type":"ImageObject","inLanguage":"de","@id":"https:\/\/ekkla.ch\/#\/schema\/logo\/image\/","url":"http:\/\/ekkla.ch\/wp-content\/uploads\/2019\/07\/logo-1.svg","contentUrl":"http:\/\/ekkla.ch\/wp-content\/uploads\/2019\/07\/logo-1.svg","width":1,"height":1,"caption":"Ekkla"},"image":{"@id":"https:\/\/ekkla.ch\/#\/schema\/logo\/image\/"},"sameAs":["https:\/\/www.instagram.com\/ekkla_light\/"]}]}},"_links":{"self":[{"href":"https:\/\/ekkla.ch\/de\/wp-json\/wp\/v2\/product\/171188"}],"collection":[{"href":"https:\/\/ekkla.ch\/de\/wp-json\/wp\/v2\/product"}],"about":[{"href":"https:\/\/ekkla.ch\/de\/wp-json\/wp\/v2\/types\/product"}],"wp:featuredmedia":[{"embeddable":true,"href":"https:\/\/ekkla.ch\/de\/wp-json\/wp\/v2\/media\/171835"}],"wp:attachment":[{"href":"https:\/\/ekkla.ch\/de\/wp-json\/wp\/v2\/media?parent=171188"}],"wp:term":[{"taxonomy":"product_cat","embeddable":true,"href":"https:\/\/ekkla.ch\/de\/wp-json\/wp\/v2\/product_cat?post=171188"},{"taxonomy":"product_tag","embeddable":true,"href":"https:\/\/ekkla.ch\/de\/wp-json\/wp\/v2\/product_tag?post=171188"}],"curies":[{"name":"wp","href":"https:\/\/api.w.org\/{rel}","templated":true}]}}