{"id":171191,"date":"2023-03-09T21:33:51","date_gmt":"2023-03-09T20:33:51","guid":{"rendered":"https:\/\/ekkla.ch\/produit\/wandleuchte-in-the-sun-gold-o38-dcweditions\/"},"modified":"2023-03-21T20:34:12","modified_gmt":"2023-03-21T19:34:12","slug":"wandleuchte-in-the-sun-gold-o38-dcweditions","status":"publish","type":"product","link":"https:\/\/ekkla.ch\/de\/produit\/wandleuchte-in-the-sun-gold-o38-dcweditions\/","title":{"rendered":"Wandleuchte In The Sun &#8211; Gold &#8211; \u00d838 &#8211; DCW\u00e9ditions"},"content":{"rendered":"<p>Die Wandleuchte <em>In The Sun<\/em> wurde 2008 von Dominique Perrault und Ga\u00eblle Lauriot-Pr\u00e9vost f\u00fcr DCW\u00e9ditions entworfen.<\/p>\n<p>Die Wandleuchte bringt dank ihrer goldenen Farbe Fr\u00f6hlichkeit und ein festliches Licht in Ihre Wohnung. Dies sorgt f\u00fcr eine ganz besondere Atmosph\u00e4re.\u00a0<em>In The Sun<\/em> kann als Wand- oder Deckenleuchte verwendet werden. Mit ihren fr\u00f6hlichen Schatten und ihrem strahlenden Licht passt sie in jeden Raum!<\/p>\n<p>F\u00fcr einen noch stilvolleren Look k\u00f6nnen Sie auch mehrere Leuchten in verschiedenen Gr\u00f6ssen kombinieren.<\/p>\n<blockquote>\n<h2>Merkmale &amp; Eigenschaften<\/h2>\n<p><strong>Marke<\/strong> DCW\u00e9ditions<\/p>\n<p><strong>Farbe\u00a0<\/strong>Gold<\/p>\n<p><strong>Materialien<\/strong>\u00a0Stahl, Aluminium, eloxierter Stahl und Messing<\/p>\n<p style=\"text-align: left;\"><strong>Gl\u00fchbirne<\/strong>\u00a0E27<\/p>\n<p style=\"text-align: left;\"><strong>Max. Leistung (W) <\/strong>23<\/p>\n<p><strong>Durchmesser (cm)<\/strong>\u00a038<\/p>\n<p><strong>Gewicht (kg)<\/strong> 1,8<\/p><\/blockquote>\n","protected":false},"excerpt":{"rendered":"<p>Die Wandleuchte In The Sun wurde 2008 von Dominique Perrault und Ga\u00eblle Lauriot-Pr\u00e9vost f\u00fcr DCW\u00e9ditions entworfen. Die Wandleuchte bringt dank ihrer goldenen Farbe Fr\u00f6hlichkeit und ein festliches Licht in Ihre Wohnung. Dies sorgt f\u00fcr eine ganz besondere Atmosph\u00e4re.\u00a0In The Sun kann als Wand- oder Deckenleuchte verwendet werden. Mit ihren fr\u00f6hlichen Schatten und ihrem strahlenden Licht [&hellip;]<\/p>\n","protected":false},"featured_media":172043,"template":"","meta":{"_acf_changed":false,"om_disable_all_campaigns":false},"product_cat":[286],"product_tag":[1256,896,1188,1265,801],"bundled_by":[],"bundle_stock_status":"onbackorder","bundle_stock_quantity":null,"bundle_virtual":false,"bundle_layout":"","bundle_add_to_cart_form_location":"","bundle_editable_in_cart":false,"bundle_sold_individually_context":"","bundle_item_grouping":"","bundle_min_size":"","bundle_max_size":"","bundle_price":[],"bundled_items":[],"bundle_sell_ids":[],"acf":[],"yoast_head":"<!-- This site is optimized with the Yoast SEO Premium plugin v22.2 (Yoast SEO v22.8) - https:\/\/yoast.com\/wordpress\/plugins\/seo\/ -->\n<title>DCW\u00e9ditions | Wandleuchte In The Sun | Ekkla<\/title>\n<meta name=\"description\" content=\"Die Wandleuchte In The Sun bringt mit ihrer goldenen Farbe Fr\u00f6hlichkeit und ein festliches Licht. Sie mischt heitere Schatten mit strahlendem Licht.\" \/>\n<meta name=\"robots\" content=\"index, follow, max-snippet:-1, max-image-preview:large, max-video-preview:-1\" \/>\n<link rel=\"canonical\" href=\"https:\/\/ekkla.ch\/de\/produit\/wandleuchte-in-the-sun-gold-o38-dcweditions\/\" \/>\n<meta property=\"og:locale\" content=\"de_DE\" \/>\n<meta property=\"og:type\" content=\"article\" \/>\n<meta property=\"og:title\" content=\"Wandleuchte In The Sun - Gold - \u00d838 - DCW\u00e9ditions\" \/>\n<meta property=\"og:description\" content=\"Die Wandleuchte In The Sun bringt mit ihrer goldenen Farbe Fr\u00f6hlichkeit und ein festliches Licht. Sie mischt heitere Schatten mit strahlendem Licht.\" \/>\n<meta property=\"og:url\" content=\"https:\/\/ekkla.ch\/de\/produit\/wandleuchte-in-the-sun-gold-o38-dcweditions\/\" \/>\n<meta property=\"og:site_name\" content=\"Ekkla\" \/>\n<meta property=\"article:modified_time\" content=\"2023-03-21T19:34:12+00:00\" \/>\n<meta property=\"og:image\" content=\"https:\/\/ekkla.ch\/wp-content\/uploads\/2023\/03\/ekkla-light-dcw-luminaires_0022_in-the-sun-wall-380.jpg\" \/>\n\t<meta property=\"og:image:width\" content=\"900\" \/>\n\t<meta property=\"og:image:height\" content=\"900\" \/>\n\t<meta property=\"og:image:type\" content=\"image\/jpeg\" \/>\n<meta name=\"twitter:card\" content=\"summary_large_image\" \/>\n<meta name=\"twitter:label1\" content=\"Gesch\u00e4tzte Lesezeit\" \/>\n\t<meta name=\"twitter:data1\" content=\"1\u00a0Minute\" \/>\n<script type=\"application\/ld+json\" class=\"yoast-schema-graph\">{\"@context\":\"https:\/\/schema.org\",\"@graph\":[{\"@type\":\"WebPage\",\"@id\":\"https:\/\/ekkla.ch\/de\/produit\/wandleuchte-in-the-sun-gold-o38-dcweditions\/\",\"url\":\"https:\/\/ekkla.ch\/de\/produit\/wandleuchte-in-the-sun-gold-o38-dcweditions\/\",\"name\":\"DCW\u00e9ditions | Wandleuchte In The Sun | Ekkla\",\"isPartOf\":{\"@id\":\"https:\/\/ekkla.ch\/#website\"},\"primaryImageOfPage\":{\"@id\":\"https:\/\/ekkla.ch\/de\/produit\/wandleuchte-in-the-sun-gold-o38-dcweditions\/#primaryimage\"},\"image\":{\"@id\":\"https:\/\/ekkla.ch\/de\/produit\/wandleuchte-in-the-sun-gold-o38-dcweditions\/#primaryimage\"},\"thumbnailUrl\":\"https:\/\/ekkla.ch\/wp-content\/uploads\/2023\/03\/ekkla-light-dcw-luminaires_0022_in-the-sun-wall-380.jpg\",\"datePublished\":\"2023-03-09T20:33:51+00:00\",\"dateModified\":\"2023-03-21T19:34:12+00:00\",\"description\":\"Die Wandleuchte In The Sun bringt mit ihrer goldenen Farbe Fr\u00f6hlichkeit und ein festliches Licht. Sie mischt heitere Schatten mit strahlendem Licht.\",\"breadcrumb\":{\"@id\":\"https:\/\/ekkla.ch\/de\/produit\/wandleuchte-in-the-sun-gold-o38-dcweditions\/#breadcrumb\"},\"inLanguage\":\"de\",\"potentialAction\":[{\"@type\":\"ReadAction\",\"target\":[\"https:\/\/ekkla.ch\/de\/produit\/wandleuchte-in-the-sun-gold-o38-dcweditions\/\"]}]},{\"@type\":\"ImageObject\",\"inLanguage\":\"de\",\"@id\":\"https:\/\/ekkla.ch\/de\/produit\/wandleuchte-in-the-sun-gold-o38-dcweditions\/#primaryimage\",\"url\":\"https:\/\/ekkla.ch\/wp-content\/uploads\/2023\/03\/ekkla-light-dcw-luminaires_0022_in-the-sun-wall-380.jpg\",\"contentUrl\":\"https:\/\/ekkla.ch\/wp-content\/uploads\/2023\/03\/ekkla-light-dcw-luminaires_0022_in-the-sun-wall-380.jpg\",\"width\":900,\"height\":900},{\"@type\":\"BreadcrumbList\",\"@id\":\"https:\/\/ekkla.ch\/de\/produit\/wandleuchte-in-the-sun-gold-o38-dcweditions\/#breadcrumb\",\"itemListElement\":[{\"@type\":\"ListItem\",\"position\":1,\"name\":\"Home\",\"item\":\"https:\/\/ekkla.ch\/de\/\"},{\"@type\":\"ListItem\",\"position\":2,\"name\":\"Shop\",\"item\":\"https:\/\/ekkla.ch\/de\/shop\/\"},{\"@type\":\"ListItem\",\"position\":3,\"name\":\"Wandleuchte In The Sun &#8211; Gold &#8211; \u00d838 &#8211; DCW\u00e9ditions\"}]},{\"@type\":\"WebSite\",\"@id\":\"https:\/\/ekkla.ch\/#website\",\"url\":\"https:\/\/ekkla.ch\/\",\"name\":\"Ekkla\",\"description\":\"Der Onlineshop f\u00fcr Beleuchtung\",\"publisher\":{\"@id\":\"https:\/\/ekkla.ch\/#organization\"},\"potentialAction\":[{\"@type\":\"SearchAction\",\"target\":{\"@type\":\"EntryPoint\",\"urlTemplate\":\"https:\/\/ekkla.ch\/?s={search_term_string}\"},\"query-input\":\"required name=search_term_string\"}],\"inLanguage\":\"de\"},{\"@type\":\"Organization\",\"@id\":\"https:\/\/ekkla.ch\/#organization\",\"name\":\"Ekkla\",\"url\":\"https:\/\/ekkla.ch\/\",\"logo\":{\"@type\":\"ImageObject\",\"inLanguage\":\"de\",\"@id\":\"https:\/\/ekkla.ch\/#\/schema\/logo\/image\/\",\"url\":\"http:\/\/ekkla.ch\/wp-content\/uploads\/2019\/07\/logo-1.svg\",\"contentUrl\":\"http:\/\/ekkla.ch\/wp-content\/uploads\/2019\/07\/logo-1.svg\",\"width\":1,\"height\":1,\"caption\":\"Ekkla\"},\"image\":{\"@id\":\"https:\/\/ekkla.ch\/#\/schema\/logo\/image\/\"},\"sameAs\":[\"https:\/\/www.instagram.com\/ekkla_light\/\"]}]}<\/script>\n<!-- \/ Yoast SEO Premium plugin. -->","yoast_head_json":{"title":"DCW\u00e9ditions | Wandleuchte In The Sun | Ekkla","description":"Die Wandleuchte In The Sun bringt mit ihrer goldenen Farbe Fr\u00f6hlichkeit und ein festliches Licht. Sie mischt heitere Schatten mit strahlendem Licht.","robots":{"index":"index","follow":"follow","max-snippet":"max-snippet:-1","max-image-preview":"max-image-preview:large","max-video-preview":"max-video-preview:-1"},"canonical":"https:\/\/ekkla.ch\/de\/produit\/wandleuchte-in-the-sun-gold-o38-dcweditions\/","og_locale":"de_DE","og_type":"article","og_title":"Wandleuchte In The Sun - Gold - \u00d838 - DCW\u00e9ditions","og_description":"Die Wandleuchte In The Sun bringt mit ihrer goldenen Farbe Fr\u00f6hlichkeit und ein festliches Licht. Sie mischt heitere Schatten mit strahlendem Licht.","og_url":"https:\/\/ekkla.ch\/de\/produit\/wandleuchte-in-the-sun-gold-o38-dcweditions\/","og_site_name":"Ekkla","article_modified_time":"2023-03-21T19:34:12+00:00","og_image":[{"width":900,"height":900,"url":"https:\/\/ekkla.ch\/wp-content\/uploads\/2023\/03\/ekkla-light-dcw-luminaires_0022_in-the-sun-wall-380.jpg","type":"image\/jpeg"}],"twitter_card":"summary_large_image","twitter_misc":{"Gesch\u00e4tzte Lesezeit":"1\u00a0Minute"},"schema":{"@context":"https:\/\/schema.org","@graph":[{"@type":"WebPage","@id":"https:\/\/ekkla.ch\/de\/produit\/wandleuchte-in-the-sun-gold-o38-dcweditions\/","url":"https:\/\/ekkla.ch\/de\/produit\/wandleuchte-in-the-sun-gold-o38-dcweditions\/","name":"DCW\u00e9ditions | Wandleuchte In The Sun | Ekkla","isPartOf":{"@id":"https:\/\/ekkla.ch\/#website"},"primaryImageOfPage":{"@id":"https:\/\/ekkla.ch\/de\/produit\/wandleuchte-in-the-sun-gold-o38-dcweditions\/#primaryimage"},"image":{"@id":"https:\/\/ekkla.ch\/de\/produit\/wandleuchte-in-the-sun-gold-o38-dcweditions\/#primaryimage"},"thumbnailUrl":"https:\/\/ekkla.ch\/wp-content\/uploads\/2023\/03\/ekkla-light-dcw-luminaires_0022_in-the-sun-wall-380.jpg","datePublished":"2023-03-09T20:33:51+00:00","dateModified":"2023-03-21T19:34:12+00:00","description":"Die Wandleuchte In The Sun bringt mit ihrer goldenen Farbe Fr\u00f6hlichkeit und ein festliches Licht. Sie mischt heitere Schatten mit strahlendem Licht.","breadcrumb":{"@id":"https:\/\/ekkla.ch\/de\/produit\/wandleuchte-in-the-sun-gold-o38-dcweditions\/#breadcrumb"},"inLanguage":"de","potentialAction":[{"@type":"ReadAction","target":["https:\/\/ekkla.ch\/de\/produit\/wandleuchte-in-the-sun-gold-o38-dcweditions\/"]}]},{"@type":"ImageObject","inLanguage":"de","@id":"https:\/\/ekkla.ch\/de\/produit\/wandleuchte-in-the-sun-gold-o38-dcweditions\/#primaryimage","url":"https:\/\/ekkla.ch\/wp-content\/uploads\/2023\/03\/ekkla-light-dcw-luminaires_0022_in-the-sun-wall-380.jpg","contentUrl":"https:\/\/ekkla.ch\/wp-content\/uploads\/2023\/03\/ekkla-light-dcw-luminaires_0022_in-the-sun-wall-380.jpg","width":900,"height":900},{"@type":"BreadcrumbList","@id":"https:\/\/ekkla.ch\/de\/produit\/wandleuchte-in-the-sun-gold-o38-dcweditions\/#breadcrumb","itemListElement":[{"@type":"ListItem","position":1,"name":"Home","item":"https:\/\/ekkla.ch\/de\/"},{"@type":"ListItem","position":2,"name":"Shop","item":"https:\/\/ekkla.ch\/de\/shop\/"},{"@type":"ListItem","position":3,"name":"Wandleuchte In The Sun &#8211; Gold &#8211; \u00d838 &#8211; DCW\u00e9ditions"}]},{"@type":"WebSite","@id":"https:\/\/ekkla.ch\/#website","url":"https:\/\/ekkla.ch\/","name":"Ekkla","description":"Der Onlineshop f\u00fcr Beleuchtung","publisher":{"@id":"https:\/\/ekkla.ch\/#organization"},"potentialAction":[{"@type":"SearchAction","target":{"@type":"EntryPoint","urlTemplate":"https:\/\/ekkla.ch\/?s={search_term_string}"},"query-input":"required name=search_term_string"}],"inLanguage":"de"},{"@type":"Organization","@id":"https:\/\/ekkla.ch\/#organization","name":"Ekkla","url":"https:\/\/ekkla.ch\/","logo":{"@type":"ImageObject","inLanguage":"de","@id":"https:\/\/ekkla.ch\/#\/schema\/logo\/image\/","url":"http:\/\/ekkla.ch\/wp-content\/uploads\/2019\/07\/logo-1.svg","contentUrl":"http:\/\/ekkla.ch\/wp-content\/uploads\/2019\/07\/logo-1.svg","width":1,"height":1,"caption":"Ekkla"},"image":{"@id":"https:\/\/ekkla.ch\/#\/schema\/logo\/image\/"},"sameAs":["https:\/\/www.instagram.com\/ekkla_light\/"]}]}},"_links":{"self":[{"href":"https:\/\/ekkla.ch\/de\/wp-json\/wp\/v2\/product\/171191"}],"collection":[{"href":"https:\/\/ekkla.ch\/de\/wp-json\/wp\/v2\/product"}],"about":[{"href":"https:\/\/ekkla.ch\/de\/wp-json\/wp\/v2\/types\/product"}],"wp:featuredmedia":[{"embeddable":true,"href":"https:\/\/ekkla.ch\/de\/wp-json\/wp\/v2\/media\/172043"}],"wp:attachment":[{"href":"https:\/\/ekkla.ch\/de\/wp-json\/wp\/v2\/media?parent=171191"}],"wp:term":[{"taxonomy":"product_cat","embeddable":true,"href":"https:\/\/ekkla.ch\/de\/wp-json\/wp\/v2\/product_cat?post=171191"},{"taxonomy":"product_tag","embeddable":true,"href":"https:\/\/ekkla.ch\/de\/wp-json\/wp\/v2\/product_tag?post=171191"}],"curies":[{"name":"wp","href":"https:\/\/api.w.org\/{rel}","templated":true}]}}