{"id":171372,"date":"2023-03-12T10:55:03","date_gmt":"2023-03-12T09:55:03","guid":{"rendered":"https:\/\/ekkla.ch\/produit\/haengeleuchte-original-1227-%e2%88%8514cm-weisses-leinen-anglepoise\/"},"modified":"2023-03-24T19:18:34","modified_gmt":"2023-03-24T18:18:34","slug":"haengeleuchte-original-1227-%e2%88%8514cm-weisses-leinen-anglepoise","status":"publish","type":"product","link":"https:\/\/ekkla.ch\/de\/produit\/haengeleuchte-original-1227-%e2%88%8514cm-weisses-leinen-anglepoise\/","title":{"rendered":"H\u00e4ngeleuchte Original 1227 &#8211; \u220514cm &#8211; Weisses Leinen &#8211;  Anglepoise"},"content":{"rendered":"<p>Die Kollektion <em>Original 1227<\/em>, zu der auch die H\u00e4ngeleuchte Original 1227 geh\u00f6rt, begann mit einer einfachen Schreibtischlampe und entwickelte sich zu einer Vielzahl unterschiedlicher Leuchtenmodelle. George Carwardine ist der Sch\u00f6pfer dieser beispielhaften Kollektion, die f\u00fcr alle Arten von R\u00e4umen gedacht ist. Ob \u00fcber einem Tisch, im Wohnzimmer oder in einem Schlafzimmer \u2013 ihre Schlichtheit passt sich jedem Ort an.<\/p>\n<p>Die H\u00e4ngeleuchte <em>Original 1227<\/em> ist anpassungsf\u00e4hig und modern. Sie besteht aus einem traditionellen Lampenschirm aus dem Hause Anglepoise und einem geflochtenen Kabel. Sie ist nicht nur ein schlichter Blickfang in jedem Raum, sondern sieht auch in Kombination mit anderen Lampen sehr gut aus.<\/p>\n<p>Anglepoise ist eine Marke, die einfache, zeitgem\u00e4sse und schlichte Lampen f\u00fcr eine einfache Installation und Verwendung anbietet.<\/p>\n<h2>\u00a0 \u00a0 Merkmale &amp; Eigenschaften<\/h2>\n<p><strong>\u00a0 \u00a0 \u00a0Marke\u00a0<\/strong>Anglepoise<\/p>\n<p><strong>\u00a0 \u00a0 \u00a0 Farbe<\/strong>\u00a0Weisses Leinen<\/p>\n<p><strong>\u00a0 \u00a0 \u00a0 Material<\/strong>\u00a0Stahl<\/p>\n<p><strong>\u00a0 \u00a0 \u00a0 Gl\u00fchbirne<\/strong>\u00a0E27<\/p>\n<p><strong>\u00a0 \u00a0 \u00a0 Durchmesser (cm)<\/strong>\u00a014<\/p>\n<p><strong>\u00a0 \u00a0 \u00a0 H\u00f6he (cm) <\/strong>16<\/p>\n<p><strong>\u00a0 \u00a0 \u00a0 Max. Kabell\u00e4nge (cm) <\/strong>174<\/p>\n","protected":false},"excerpt":{"rendered":"<p>Die Kollektion Original 1227, zu der auch die H\u00e4ngeleuchte Original 1227 geh\u00f6rt, begann mit einer einfachen Schreibtischlampe und entwickelte sich zu einer Vielzahl unterschiedlicher Leuchtenmodelle. George Carwardine ist der Sch\u00f6pfer dieser beispielhaften Kollektion, die f\u00fcr alle Arten von R\u00e4umen gedacht ist. Ob \u00fcber einem Tisch, im Wohnzimmer oder in einem Schlafzimmer \u2013 ihre Schlichtheit passt [&hellip;]<\/p>\n","protected":false},"featured_media":172160,"template":"","meta":{"_acf_changed":false,"om_disable_all_campaigns":false},"product_cat":[291],"product_tag":[896,1188,801,816],"bundled_by":[],"bundle_stock_status":"onbackorder","bundle_stock_quantity":null,"bundle_virtual":false,"bundle_layout":"","bundle_add_to_cart_form_location":"","bundle_editable_in_cart":false,"bundle_sold_individually_context":"","bundle_item_grouping":"","bundle_min_size":"","bundle_max_size":"","bundle_price":[],"bundled_items":[],"bundle_sell_ids":[],"acf":[],"yoast_head":"<!-- This site is optimized with the Yoast SEO Premium plugin v22.2 (Yoast SEO v22.8) - https:\/\/yoast.com\/wordpress\/plugins\/seo\/ -->\n<title>Anglepoise | H\u00e4ngeleuchte Original 1227 | Weisses Leinen | Ekkla<\/title>\n<meta name=\"description\" content=\"Die H\u00e4ngeleuchte Original 1227 ist anpassungsf\u00e4hig und modern. Sie kleidet Ihren Raum mit ihrer Schlichtheit, kann aber auch sehr gut kombiniert werden.\" \/>\n<meta name=\"robots\" content=\"index, follow, max-snippet:-1, max-image-preview:large, max-video-preview:-1\" \/>\n<link rel=\"canonical\" href=\"https:\/\/ekkla.ch\/de\/produit\/haengeleuchte-original-1227-\u220514cm-weisses-leinen-anglepoise\/\" \/>\n<meta property=\"og:locale\" content=\"de_DE\" \/>\n<meta property=\"og:type\" content=\"article\" \/>\n<meta property=\"og:title\" content=\"H\u00e4ngeleuchte Original 1227 - \u220514cm - Weisses Leinen - Anglepoise\" \/>\n<meta property=\"og:description\" content=\"Die H\u00e4ngeleuchte Original 1227 ist anpassungsf\u00e4hig und modern. Sie kleidet Ihren Raum mit ihrer Schlichtheit, kann aber auch sehr gut kombiniert werden.\" \/>\n<meta property=\"og:url\" content=\"https:\/\/ekkla.ch\/de\/produit\/haengeleuchte-original-1227-\u220514cm-weisses-leinen-anglepoise\/\" \/>\n<meta property=\"og:site_name\" content=\"Ekkla\" \/>\n<meta property=\"article:modified_time\" content=\"2023-03-24T18:18:34+00:00\" \/>\n<meta property=\"og:image\" content=\"https:\/\/ekkla.ch\/wp-content\/uploads\/2023\/03\/ekkla-light-anglepoise-luminaires_0012_original-1227-pendant-linen-white-1.jpg\" \/>\n\t<meta property=\"og:image:width\" content=\"900\" \/>\n\t<meta property=\"og:image:height\" content=\"900\" \/>\n\t<meta property=\"og:image:type\" content=\"image\/jpeg\" \/>\n<meta name=\"twitter:card\" content=\"summary_large_image\" \/>\n<meta name=\"twitter:label1\" content=\"Gesch\u00e4tzte Lesezeit\" \/>\n\t<meta name=\"twitter:data1\" content=\"1\u00a0Minute\" \/>\n<script type=\"application\/ld+json\" class=\"yoast-schema-graph\">{\"@context\":\"https:\/\/schema.org\",\"@graph\":[{\"@type\":\"WebPage\",\"@id\":\"https:\/\/ekkla.ch\/de\/produit\/haengeleuchte-original-1227-%e2%88%8514cm-weisses-leinen-anglepoise\/\",\"url\":\"https:\/\/ekkla.ch\/de\/produit\/haengeleuchte-original-1227-%e2%88%8514cm-weisses-leinen-anglepoise\/\",\"name\":\"Anglepoise | H\u00e4ngeleuchte Original 1227 | Weisses Leinen | Ekkla\",\"isPartOf\":{\"@id\":\"https:\/\/ekkla.ch\/#website\"},\"primaryImageOfPage\":{\"@id\":\"https:\/\/ekkla.ch\/de\/produit\/haengeleuchte-original-1227-%e2%88%8514cm-weisses-leinen-anglepoise\/#primaryimage\"},\"image\":{\"@id\":\"https:\/\/ekkla.ch\/de\/produit\/haengeleuchte-original-1227-%e2%88%8514cm-weisses-leinen-anglepoise\/#primaryimage\"},\"thumbnailUrl\":\"https:\/\/ekkla.ch\/wp-content\/uploads\/2023\/03\/ekkla-light-anglepoise-luminaires_0012_original-1227-pendant-linen-white-1.jpg\",\"datePublished\":\"2023-03-12T09:55:03+00:00\",\"dateModified\":\"2023-03-24T18:18:34+00:00\",\"description\":\"Die H\u00e4ngeleuchte Original 1227 ist anpassungsf\u00e4hig und modern. Sie kleidet Ihren Raum mit ihrer Schlichtheit, kann aber auch sehr gut kombiniert werden.\",\"breadcrumb\":{\"@id\":\"https:\/\/ekkla.ch\/de\/produit\/haengeleuchte-original-1227-%e2%88%8514cm-weisses-leinen-anglepoise\/#breadcrumb\"},\"inLanguage\":\"de\",\"potentialAction\":[{\"@type\":\"ReadAction\",\"target\":[\"https:\/\/ekkla.ch\/de\/produit\/haengeleuchte-original-1227-%e2%88%8514cm-weisses-leinen-anglepoise\/\"]}]},{\"@type\":\"ImageObject\",\"inLanguage\":\"de\",\"@id\":\"https:\/\/ekkla.ch\/de\/produit\/haengeleuchte-original-1227-%e2%88%8514cm-weisses-leinen-anglepoise\/#primaryimage\",\"url\":\"https:\/\/ekkla.ch\/wp-content\/uploads\/2023\/03\/ekkla-light-anglepoise-luminaires_0012_original-1227-pendant-linen-white-1.jpg\",\"contentUrl\":\"https:\/\/ekkla.ch\/wp-content\/uploads\/2023\/03\/ekkla-light-anglepoise-luminaires_0012_original-1227-pendant-linen-white-1.jpg\",\"width\":900,\"height\":900},{\"@type\":\"BreadcrumbList\",\"@id\":\"https:\/\/ekkla.ch\/de\/produit\/haengeleuchte-original-1227-%e2%88%8514cm-weisses-leinen-anglepoise\/#breadcrumb\",\"itemListElement\":[{\"@type\":\"ListItem\",\"position\":1,\"name\":\"Home\",\"item\":\"https:\/\/ekkla.ch\/de\/\"},{\"@type\":\"ListItem\",\"position\":2,\"name\":\"Shop\",\"item\":\"https:\/\/ekkla.ch\/de\/shop\/\"},{\"@type\":\"ListItem\",\"position\":3,\"name\":\"H\u00e4ngeleuchte Original 1227 &#8211; \u220514cm &#8211; Weisses Leinen &#8211; Anglepoise\"}]},{\"@type\":\"WebSite\",\"@id\":\"https:\/\/ekkla.ch\/#website\",\"url\":\"https:\/\/ekkla.ch\/\",\"name\":\"Ekkla\",\"description\":\"Der Onlineshop f\u00fcr Beleuchtung\",\"publisher\":{\"@id\":\"https:\/\/ekkla.ch\/#organization\"},\"potentialAction\":[{\"@type\":\"SearchAction\",\"target\":{\"@type\":\"EntryPoint\",\"urlTemplate\":\"https:\/\/ekkla.ch\/?s={search_term_string}\"},\"query-input\":\"required name=search_term_string\"}],\"inLanguage\":\"de\"},{\"@type\":\"Organization\",\"@id\":\"https:\/\/ekkla.ch\/#organization\",\"name\":\"Ekkla\",\"url\":\"https:\/\/ekkla.ch\/\",\"logo\":{\"@type\":\"ImageObject\",\"inLanguage\":\"de\",\"@id\":\"https:\/\/ekkla.ch\/#\/schema\/logo\/image\/\",\"url\":\"http:\/\/ekkla.ch\/wp-content\/uploads\/2019\/07\/logo-1.svg\",\"contentUrl\":\"http:\/\/ekkla.ch\/wp-content\/uploads\/2019\/07\/logo-1.svg\",\"width\":1,\"height\":1,\"caption\":\"Ekkla\"},\"image\":{\"@id\":\"https:\/\/ekkla.ch\/#\/schema\/logo\/image\/\"},\"sameAs\":[\"https:\/\/www.instagram.com\/ekkla_light\/\"]}]}<\/script>\n<!-- \/ Yoast SEO Premium plugin. -->","yoast_head_json":{"title":"Anglepoise | H\u00e4ngeleuchte Original 1227 | Weisses Leinen | Ekkla","description":"Die H\u00e4ngeleuchte Original 1227 ist anpassungsf\u00e4hig und modern. Sie kleidet Ihren Raum mit ihrer Schlichtheit, kann aber auch sehr gut kombiniert werden.","robots":{"index":"index","follow":"follow","max-snippet":"max-snippet:-1","max-image-preview":"max-image-preview:large","max-video-preview":"max-video-preview:-1"},"canonical":"https:\/\/ekkla.ch\/de\/produit\/haengeleuchte-original-1227-\u220514cm-weisses-leinen-anglepoise\/","og_locale":"de_DE","og_type":"article","og_title":"H\u00e4ngeleuchte Original 1227 - \u220514cm - Weisses Leinen - Anglepoise","og_description":"Die H\u00e4ngeleuchte Original 1227 ist anpassungsf\u00e4hig und modern. Sie kleidet Ihren Raum mit ihrer Schlichtheit, kann aber auch sehr gut kombiniert werden.","og_url":"https:\/\/ekkla.ch\/de\/produit\/haengeleuchte-original-1227-\u220514cm-weisses-leinen-anglepoise\/","og_site_name":"Ekkla","article_modified_time":"2023-03-24T18:18:34+00:00","og_image":[{"width":900,"height":900,"url":"https:\/\/ekkla.ch\/wp-content\/uploads\/2023\/03\/ekkla-light-anglepoise-luminaires_0012_original-1227-pendant-linen-white-1.jpg","type":"image\/jpeg"}],"twitter_card":"summary_large_image","twitter_misc":{"Gesch\u00e4tzte Lesezeit":"1\u00a0Minute"},"schema":{"@context":"https:\/\/schema.org","@graph":[{"@type":"WebPage","@id":"https:\/\/ekkla.ch\/de\/produit\/haengeleuchte-original-1227-%e2%88%8514cm-weisses-leinen-anglepoise\/","url":"https:\/\/ekkla.ch\/de\/produit\/haengeleuchte-original-1227-%e2%88%8514cm-weisses-leinen-anglepoise\/","name":"Anglepoise | H\u00e4ngeleuchte Original 1227 | Weisses Leinen | Ekkla","isPartOf":{"@id":"https:\/\/ekkla.ch\/#website"},"primaryImageOfPage":{"@id":"https:\/\/ekkla.ch\/de\/produit\/haengeleuchte-original-1227-%e2%88%8514cm-weisses-leinen-anglepoise\/#primaryimage"},"image":{"@id":"https:\/\/ekkla.ch\/de\/produit\/haengeleuchte-original-1227-%e2%88%8514cm-weisses-leinen-anglepoise\/#primaryimage"},"thumbnailUrl":"https:\/\/ekkla.ch\/wp-content\/uploads\/2023\/03\/ekkla-light-anglepoise-luminaires_0012_original-1227-pendant-linen-white-1.jpg","datePublished":"2023-03-12T09:55:03+00:00","dateModified":"2023-03-24T18:18:34+00:00","description":"Die H\u00e4ngeleuchte Original 1227 ist anpassungsf\u00e4hig und modern. Sie kleidet Ihren Raum mit ihrer Schlichtheit, kann aber auch sehr gut kombiniert werden.","breadcrumb":{"@id":"https:\/\/ekkla.ch\/de\/produit\/haengeleuchte-original-1227-%e2%88%8514cm-weisses-leinen-anglepoise\/#breadcrumb"},"inLanguage":"de","potentialAction":[{"@type":"ReadAction","target":["https:\/\/ekkla.ch\/de\/produit\/haengeleuchte-original-1227-%e2%88%8514cm-weisses-leinen-anglepoise\/"]}]},{"@type":"ImageObject","inLanguage":"de","@id":"https:\/\/ekkla.ch\/de\/produit\/haengeleuchte-original-1227-%e2%88%8514cm-weisses-leinen-anglepoise\/#primaryimage","url":"https:\/\/ekkla.ch\/wp-content\/uploads\/2023\/03\/ekkla-light-anglepoise-luminaires_0012_original-1227-pendant-linen-white-1.jpg","contentUrl":"https:\/\/ekkla.ch\/wp-content\/uploads\/2023\/03\/ekkla-light-anglepoise-luminaires_0012_original-1227-pendant-linen-white-1.jpg","width":900,"height":900},{"@type":"BreadcrumbList","@id":"https:\/\/ekkla.ch\/de\/produit\/haengeleuchte-original-1227-%e2%88%8514cm-weisses-leinen-anglepoise\/#breadcrumb","itemListElement":[{"@type":"ListItem","position":1,"name":"Home","item":"https:\/\/ekkla.ch\/de\/"},{"@type":"ListItem","position":2,"name":"Shop","item":"https:\/\/ekkla.ch\/de\/shop\/"},{"@type":"ListItem","position":3,"name":"H\u00e4ngeleuchte Original 1227 &#8211; \u220514cm &#8211; Weisses Leinen &#8211; Anglepoise"}]},{"@type":"WebSite","@id":"https:\/\/ekkla.ch\/#website","url":"https:\/\/ekkla.ch\/","name":"Ekkla","description":"Der Onlineshop f\u00fcr Beleuchtung","publisher":{"@id":"https:\/\/ekkla.ch\/#organization"},"potentialAction":[{"@type":"SearchAction","target":{"@type":"EntryPoint","urlTemplate":"https:\/\/ekkla.ch\/?s={search_term_string}"},"query-input":"required name=search_term_string"}],"inLanguage":"de"},{"@type":"Organization","@id":"https:\/\/ekkla.ch\/#organization","name":"Ekkla","url":"https:\/\/ekkla.ch\/","logo":{"@type":"ImageObject","inLanguage":"de","@id":"https:\/\/ekkla.ch\/#\/schema\/logo\/image\/","url":"http:\/\/ekkla.ch\/wp-content\/uploads\/2019\/07\/logo-1.svg","contentUrl":"http:\/\/ekkla.ch\/wp-content\/uploads\/2019\/07\/logo-1.svg","width":1,"height":1,"caption":"Ekkla"},"image":{"@id":"https:\/\/ekkla.ch\/#\/schema\/logo\/image\/"},"sameAs":["https:\/\/www.instagram.com\/ekkla_light\/"]}]}},"_links":{"self":[{"href":"https:\/\/ekkla.ch\/de\/wp-json\/wp\/v2\/product\/171372"}],"collection":[{"href":"https:\/\/ekkla.ch\/de\/wp-json\/wp\/v2\/product"}],"about":[{"href":"https:\/\/ekkla.ch\/de\/wp-json\/wp\/v2\/types\/product"}],"wp:featuredmedia":[{"embeddable":true,"href":"https:\/\/ekkla.ch\/de\/wp-json\/wp\/v2\/media\/172160"}],"wp:attachment":[{"href":"https:\/\/ekkla.ch\/de\/wp-json\/wp\/v2\/media?parent=171372"}],"wp:term":[{"taxonomy":"product_cat","embeddable":true,"href":"https:\/\/ekkla.ch\/de\/wp-json\/wp\/v2\/product_cat?post=171372"},{"taxonomy":"product_tag","embeddable":true,"href":"https:\/\/ekkla.ch\/de\/wp-json\/wp\/v2\/product_tag?post=171372"}],"curies":[{"name":"wp","href":"https:\/\/api.w.org\/{rel}","templated":true}]}}