{"id":171409,"date":"2023-03-15T21:46:46","date_gmt":"2023-03-15T20:46:46","guid":{"rendered":"https:\/\/ekkla.ch\/produit\/hangeleuchte-ball-glossy-chrome-o18-frandsen\/"},"modified":"2023-03-26T20:47:00","modified_gmt":"2023-03-26T18:47:00","slug":"hangeleuchte-ball-glossy-chrome-o18-frandsen","status":"publish","type":"product","link":"https:\/\/ekkla.ch\/de\/produit\/hangeleuchte-ball-glossy-chrome-o18-frandsen\/","title":{"rendered":"H\u00e4ngeleuchte Ball &#8211; Glossy chrome &#8211; \u00d818 &#8211; Frandsen"},"content":{"rendered":"<p>Mit ihrer einfachen Geometrie, ihrer intuitiven Funktionalit\u00e4t und ihrer pr\u00e4zisen Lichtsteuerung wurde die H\u00e4ngeleuchte <em>Ball glossy chrome<\/em> in D\u00e4nemark und sp\u00e4ter auch in vielen anderen L\u00e4ndern schnell bekannt. Benny Frandsen hat sich als einer der grossen d\u00e4nischen Lampendesigner einen Namen gemacht, und die <em>Ball<\/em>-Lampe hat sich somit ihren Platz als ein st\u00e4ndig aufgefrischter moderner Klassiker verdient.<\/p>\n<p>Die H\u00e4ngeleuchte wird mit einer schwarzen Stoffkordel geliefert.\u00a0H\u00e4ngen Sie sie direkt an die Decke, allein oder in der Mehrzahl, je nach Geschmack. Das Licht eignet sich perfekt zum Arbeiten oder Lesen.<\/p>\n<p>&nbsp;<\/p>\n<blockquote>\n<h2 style=\"text-align: left;\">Merkmale &amp; Eigenschaften<\/h2>\n<p><strong>Marke<\/strong> Frandsen<\/p>\n<p style=\"text-align: left;\"><strong>Farbe<\/strong> Gl\u00e4nzendes Chrome<\/p>\n<p><strong>Material<\/strong> Metall<\/p>\n<p><strong>Gl\u00fchbirne<\/strong> E27<\/p>\n<p><strong>Max. Leistung (W)<\/strong> 40<\/p>\n<p><b>H\u00f6he (cm)<\/b>\u00a016<\/p>\n<p><strong>Durchmesser (cm)<\/strong> 18<\/p>\n<p><strong>Kabell\u00e4nge (cm)<\/strong> 200<\/p>\n<p><strong>Gewicht (kg)<\/strong> 0.7<\/p><\/blockquote>\n","protected":false},"excerpt":{"rendered":"<p>Mit ihrer einfachen Geometrie, ihrer intuitiven Funktionalit\u00e4t und ihrer pr\u00e4zisen Lichtsteuerung wurde die H\u00e4ngeleuchte Ball glossy chrome in D\u00e4nemark und sp\u00e4ter auch in vielen anderen L\u00e4ndern schnell bekannt. Benny Frandsen hat sich als einer der grossen d\u00e4nischen Lampendesigner einen Namen gemacht, und die Ball-Lampe hat sich somit ihren Platz als ein st\u00e4ndig aufgefrischter moderner Klassiker [&hellip;]<\/p>\n","protected":false},"featured_media":174072,"template":"","meta":{"_acf_changed":false,"om_disable_all_campaigns":false},"product_cat":[291],"product_tag":[1256,896,1188,1265,816],"bundled_by":[],"bundle_stock_status":"onbackorder","bundle_stock_quantity":null,"bundle_virtual":false,"bundle_layout":"","bundle_add_to_cart_form_location":"","bundle_editable_in_cart":false,"bundle_sold_individually_context":"","bundle_item_grouping":"","bundle_min_size":"","bundle_max_size":"","bundle_price":[],"bundled_items":[],"bundle_sell_ids":[],"acf":[],"yoast_head":"<!-- This site is optimized with the Yoast SEO Premium plugin v22.2 (Yoast SEO v22.8) - https:\/\/yoast.com\/wordpress\/plugins\/seo\/ -->\n<title>H\u00e4ngeleuchte Ball glossy chrome | Frandsen | Metall | Ekkla<\/title>\n<meta name=\"description\" content=\"Mit ihrer einfachen Geometrie, der intuitiven Funktionalit\u00e4t und der pr\u00e4zisen Lichtsteuerung ist die H\u00e4ngeleuchte Ball ideal zum Lesen und Arbeiten.\" \/>\n<meta name=\"robots\" content=\"index, follow, max-snippet:-1, max-image-preview:large, max-video-preview:-1\" \/>\n<link rel=\"canonical\" href=\"https:\/\/ekkla.ch\/de\/produit\/hangeleuchte-ball-glossy-chrome-o18-frandsen\/\" \/>\n<meta property=\"og:locale\" content=\"de_DE\" \/>\n<meta property=\"og:type\" content=\"article\" \/>\n<meta property=\"og:title\" content=\"H\u00e4ngeleuchte Ball - Glossy chrome - \u00d818 - Frandsen\" \/>\n<meta property=\"og:description\" content=\"Mit ihrer einfachen Geometrie, der intuitiven Funktionalit\u00e4t und der pr\u00e4zisen Lichtsteuerung ist die H\u00e4ngeleuchte Ball ideal zum Lesen und Arbeiten.\" \/>\n<meta property=\"og:url\" content=\"https:\/\/ekkla.ch\/de\/produit\/hangeleuchte-ball-glossy-chrome-o18-frandsen\/\" \/>\n<meta property=\"og:site_name\" content=\"Ekkla\" \/>\n<meta property=\"article:modified_time\" content=\"2023-03-26T18:47:00+00:00\" \/>\n<meta property=\"og:image\" content=\"https:\/\/ekkla.ch\/wp-content\/uploads\/2023\/03\/ekkla-light-Frandsen_0002_Pendant-ball-glossy-chrome.jpg\" \/>\n\t<meta property=\"og:image:width\" content=\"900\" \/>\n\t<meta property=\"og:image:height\" content=\"900\" \/>\n\t<meta property=\"og:image:type\" content=\"image\/jpeg\" \/>\n<meta name=\"twitter:card\" content=\"summary_large_image\" \/>\n<meta name=\"twitter:label1\" content=\"Gesch\u00e4tzte Lesezeit\" \/>\n\t<meta name=\"twitter:data1\" content=\"1\u00a0Minute\" \/>\n<script type=\"application\/ld+json\" class=\"yoast-schema-graph\">{\"@context\":\"https:\/\/schema.org\",\"@graph\":[{\"@type\":\"WebPage\",\"@id\":\"https:\/\/ekkla.ch\/de\/produit\/hangeleuchte-ball-glossy-chrome-o18-frandsen\/\",\"url\":\"https:\/\/ekkla.ch\/de\/produit\/hangeleuchte-ball-glossy-chrome-o18-frandsen\/\",\"name\":\"H\u00e4ngeleuchte Ball glossy chrome | Frandsen | Metall | Ekkla\",\"isPartOf\":{\"@id\":\"https:\/\/ekkla.ch\/#website\"},\"primaryImageOfPage\":{\"@id\":\"https:\/\/ekkla.ch\/de\/produit\/hangeleuchte-ball-glossy-chrome-o18-frandsen\/#primaryimage\"},\"image\":{\"@id\":\"https:\/\/ekkla.ch\/de\/produit\/hangeleuchte-ball-glossy-chrome-o18-frandsen\/#primaryimage\"},\"thumbnailUrl\":\"https:\/\/ekkla.ch\/wp-content\/uploads\/2023\/03\/ekkla-light-Frandsen_0002_Pendant-ball-glossy-chrome.jpg\",\"datePublished\":\"2023-03-15T20:46:46+00:00\",\"dateModified\":\"2023-03-26T18:47:00+00:00\",\"description\":\"Mit ihrer einfachen Geometrie, der intuitiven Funktionalit\u00e4t und der pr\u00e4zisen Lichtsteuerung ist die H\u00e4ngeleuchte Ball ideal zum Lesen und Arbeiten.\",\"breadcrumb\":{\"@id\":\"https:\/\/ekkla.ch\/de\/produit\/hangeleuchte-ball-glossy-chrome-o18-frandsen\/#breadcrumb\"},\"inLanguage\":\"de\",\"potentialAction\":[{\"@type\":\"ReadAction\",\"target\":[\"https:\/\/ekkla.ch\/de\/produit\/hangeleuchte-ball-glossy-chrome-o18-frandsen\/\"]}]},{\"@type\":\"ImageObject\",\"inLanguage\":\"de\",\"@id\":\"https:\/\/ekkla.ch\/de\/produit\/hangeleuchte-ball-glossy-chrome-o18-frandsen\/#primaryimage\",\"url\":\"https:\/\/ekkla.ch\/wp-content\/uploads\/2023\/03\/ekkla-light-Frandsen_0002_Pendant-ball-glossy-chrome.jpg\",\"contentUrl\":\"https:\/\/ekkla.ch\/wp-content\/uploads\/2023\/03\/ekkla-light-Frandsen_0002_Pendant-ball-glossy-chrome.jpg\",\"width\":900,\"height\":900},{\"@type\":\"BreadcrumbList\",\"@id\":\"https:\/\/ekkla.ch\/de\/produit\/hangeleuchte-ball-glossy-chrome-o18-frandsen\/#breadcrumb\",\"itemListElement\":[{\"@type\":\"ListItem\",\"position\":1,\"name\":\"Home\",\"item\":\"https:\/\/ekkla.ch\/de\/\"},{\"@type\":\"ListItem\",\"position\":2,\"name\":\"Shop\",\"item\":\"https:\/\/ekkla.ch\/de\/shop\/\"},{\"@type\":\"ListItem\",\"position\":3,\"name\":\"H\u00e4ngeleuchte Ball &#8211; Glossy chrome &#8211; \u00d818 &#8211; Frandsen\"}]},{\"@type\":\"WebSite\",\"@id\":\"https:\/\/ekkla.ch\/#website\",\"url\":\"https:\/\/ekkla.ch\/\",\"name\":\"Ekkla\",\"description\":\"Der Onlineshop f\u00fcr Beleuchtung\",\"publisher\":{\"@id\":\"https:\/\/ekkla.ch\/#organization\"},\"potentialAction\":[{\"@type\":\"SearchAction\",\"target\":{\"@type\":\"EntryPoint\",\"urlTemplate\":\"https:\/\/ekkla.ch\/?s={search_term_string}\"},\"query-input\":\"required name=search_term_string\"}],\"inLanguage\":\"de\"},{\"@type\":\"Organization\",\"@id\":\"https:\/\/ekkla.ch\/#organization\",\"name\":\"Ekkla\",\"url\":\"https:\/\/ekkla.ch\/\",\"logo\":{\"@type\":\"ImageObject\",\"inLanguage\":\"de\",\"@id\":\"https:\/\/ekkla.ch\/#\/schema\/logo\/image\/\",\"url\":\"http:\/\/ekkla.ch\/wp-content\/uploads\/2019\/07\/logo-1.svg\",\"contentUrl\":\"http:\/\/ekkla.ch\/wp-content\/uploads\/2019\/07\/logo-1.svg\",\"width\":1,\"height\":1,\"caption\":\"Ekkla\"},\"image\":{\"@id\":\"https:\/\/ekkla.ch\/#\/schema\/logo\/image\/\"},\"sameAs\":[\"https:\/\/www.instagram.com\/ekkla_light\/\"]}]}<\/script>\n<!-- \/ Yoast SEO Premium plugin. -->","yoast_head_json":{"title":"H\u00e4ngeleuchte Ball glossy chrome | Frandsen | Metall | Ekkla","description":"Mit ihrer einfachen Geometrie, der intuitiven Funktionalit\u00e4t und der pr\u00e4zisen Lichtsteuerung ist die H\u00e4ngeleuchte Ball ideal zum Lesen und Arbeiten.","robots":{"index":"index","follow":"follow","max-snippet":"max-snippet:-1","max-image-preview":"max-image-preview:large","max-video-preview":"max-video-preview:-1"},"canonical":"https:\/\/ekkla.ch\/de\/produit\/hangeleuchte-ball-glossy-chrome-o18-frandsen\/","og_locale":"de_DE","og_type":"article","og_title":"H\u00e4ngeleuchte Ball - Glossy chrome - \u00d818 - Frandsen","og_description":"Mit ihrer einfachen Geometrie, der intuitiven Funktionalit\u00e4t und der pr\u00e4zisen Lichtsteuerung ist die H\u00e4ngeleuchte Ball ideal zum Lesen und Arbeiten.","og_url":"https:\/\/ekkla.ch\/de\/produit\/hangeleuchte-ball-glossy-chrome-o18-frandsen\/","og_site_name":"Ekkla","article_modified_time":"2023-03-26T18:47:00+00:00","og_image":[{"width":900,"height":900,"url":"https:\/\/ekkla.ch\/wp-content\/uploads\/2023\/03\/ekkla-light-Frandsen_0002_Pendant-ball-glossy-chrome.jpg","type":"image\/jpeg"}],"twitter_card":"summary_large_image","twitter_misc":{"Gesch\u00e4tzte Lesezeit":"1\u00a0Minute"},"schema":{"@context":"https:\/\/schema.org","@graph":[{"@type":"WebPage","@id":"https:\/\/ekkla.ch\/de\/produit\/hangeleuchte-ball-glossy-chrome-o18-frandsen\/","url":"https:\/\/ekkla.ch\/de\/produit\/hangeleuchte-ball-glossy-chrome-o18-frandsen\/","name":"H\u00e4ngeleuchte Ball glossy chrome | Frandsen | Metall | Ekkla","isPartOf":{"@id":"https:\/\/ekkla.ch\/#website"},"primaryImageOfPage":{"@id":"https:\/\/ekkla.ch\/de\/produit\/hangeleuchte-ball-glossy-chrome-o18-frandsen\/#primaryimage"},"image":{"@id":"https:\/\/ekkla.ch\/de\/produit\/hangeleuchte-ball-glossy-chrome-o18-frandsen\/#primaryimage"},"thumbnailUrl":"https:\/\/ekkla.ch\/wp-content\/uploads\/2023\/03\/ekkla-light-Frandsen_0002_Pendant-ball-glossy-chrome.jpg","datePublished":"2023-03-15T20:46:46+00:00","dateModified":"2023-03-26T18:47:00+00:00","description":"Mit ihrer einfachen Geometrie, der intuitiven Funktionalit\u00e4t und der pr\u00e4zisen Lichtsteuerung ist die H\u00e4ngeleuchte Ball ideal zum Lesen und Arbeiten.","breadcrumb":{"@id":"https:\/\/ekkla.ch\/de\/produit\/hangeleuchte-ball-glossy-chrome-o18-frandsen\/#breadcrumb"},"inLanguage":"de","potentialAction":[{"@type":"ReadAction","target":["https:\/\/ekkla.ch\/de\/produit\/hangeleuchte-ball-glossy-chrome-o18-frandsen\/"]}]},{"@type":"ImageObject","inLanguage":"de","@id":"https:\/\/ekkla.ch\/de\/produit\/hangeleuchte-ball-glossy-chrome-o18-frandsen\/#primaryimage","url":"https:\/\/ekkla.ch\/wp-content\/uploads\/2023\/03\/ekkla-light-Frandsen_0002_Pendant-ball-glossy-chrome.jpg","contentUrl":"https:\/\/ekkla.ch\/wp-content\/uploads\/2023\/03\/ekkla-light-Frandsen_0002_Pendant-ball-glossy-chrome.jpg","width":900,"height":900},{"@type":"BreadcrumbList","@id":"https:\/\/ekkla.ch\/de\/produit\/hangeleuchte-ball-glossy-chrome-o18-frandsen\/#breadcrumb","itemListElement":[{"@type":"ListItem","position":1,"name":"Home","item":"https:\/\/ekkla.ch\/de\/"},{"@type":"ListItem","position":2,"name":"Shop","item":"https:\/\/ekkla.ch\/de\/shop\/"},{"@type":"ListItem","position":3,"name":"H\u00e4ngeleuchte Ball &#8211; Glossy chrome &#8211; \u00d818 &#8211; Frandsen"}]},{"@type":"WebSite","@id":"https:\/\/ekkla.ch\/#website","url":"https:\/\/ekkla.ch\/","name":"Ekkla","description":"Der Onlineshop f\u00fcr Beleuchtung","publisher":{"@id":"https:\/\/ekkla.ch\/#organization"},"potentialAction":[{"@type":"SearchAction","target":{"@type":"EntryPoint","urlTemplate":"https:\/\/ekkla.ch\/?s={search_term_string}"},"query-input":"required name=search_term_string"}],"inLanguage":"de"},{"@type":"Organization","@id":"https:\/\/ekkla.ch\/#organization","name":"Ekkla","url":"https:\/\/ekkla.ch\/","logo":{"@type":"ImageObject","inLanguage":"de","@id":"https:\/\/ekkla.ch\/#\/schema\/logo\/image\/","url":"http:\/\/ekkla.ch\/wp-content\/uploads\/2019\/07\/logo-1.svg","contentUrl":"http:\/\/ekkla.ch\/wp-content\/uploads\/2019\/07\/logo-1.svg","width":1,"height":1,"caption":"Ekkla"},"image":{"@id":"https:\/\/ekkla.ch\/#\/schema\/logo\/image\/"},"sameAs":["https:\/\/www.instagram.com\/ekkla_light\/"]}]}},"_links":{"self":[{"href":"https:\/\/ekkla.ch\/de\/wp-json\/wp\/v2\/product\/171409"}],"collection":[{"href":"https:\/\/ekkla.ch\/de\/wp-json\/wp\/v2\/product"}],"about":[{"href":"https:\/\/ekkla.ch\/de\/wp-json\/wp\/v2\/types\/product"}],"wp:featuredmedia":[{"embeddable":true,"href":"https:\/\/ekkla.ch\/de\/wp-json\/wp\/v2\/media\/174072"}],"wp:attachment":[{"href":"https:\/\/ekkla.ch\/de\/wp-json\/wp\/v2\/media?parent=171409"}],"wp:term":[{"taxonomy":"product_cat","embeddable":true,"href":"https:\/\/ekkla.ch\/de\/wp-json\/wp\/v2\/product_cat?post=171409"},{"taxonomy":"product_tag","embeddable":true,"href":"https:\/\/ekkla.ch\/de\/wp-json\/wp\/v2\/product_tag?post=171409"}],"curies":[{"name":"wp","href":"https:\/\/api.w.org\/{rel}","templated":true}]}}