{"id":171458,"date":"2023-03-15T20:26:44","date_gmt":"2023-03-15T19:26:44","guid":{"rendered":"https:\/\/ekkla.ch\/produit\/stehleuchte-tree-schwarz-h-167-faro-barcelona\/"},"modified":"2023-03-27T14:44:28","modified_gmt":"2023-03-27T12:44:28","slug":"stehleuchte-tree-schwarz-h-167-faro-barcelona","status":"publish","type":"product","link":"https:\/\/ekkla.ch\/de\/produit\/stehleuchte-tree-schwarz-h-167-faro-barcelona\/","title":{"rendered":"Stehleuchte Tree &#8211; Schwarz &#8211; H.167 &#8211; Faro Barcelona"},"content":{"rendered":"<p>Tree ist eine von Estudi Ribaud\u00ed entworfene Innenleuchte mit einem klassischen Lampenschirm, der sch\u00f6ne Schatten wirft. Die Leuchte eignet sich dank ihres schlichten und eleganten Designs ideal zur Dekoration Ihres Schlaf- oder Wohnzimmers. Zudem spielt sie dank ihrer LED-Beleuchtung mit der Technologie.<\/p>\n<p>Die Stehleuchte Tree macht hat einen lustigen Look dank des Designs ihres Fusses, der an die \u00c4ste eines Baumes erinnert. Dieses Aussehen gab der Leuchte schlussendlich auch ihren Namen: Tree.<\/p>\n<p>Faro Barcelona ist ein spanisches Haus, das Gl\u00fcck in Ihre R\u00e4ume bringen m\u00f6chte und dabei erschwingliche und nachhaltige Produkte anbietet.<\/p>\n<blockquote>\n<h2>Merkmale &amp; Eigenschaften<\/h2>\n<p><strong>Marke<\/strong> Faro Barcelona<\/p>\n<p><strong>Farbe<\/strong> Schwarz<\/p>\n<p><strong>Material\u00a0<\/strong>Stahl<\/p>\n<p><strong>Gl\u00fchbirne<\/strong> LED E27<\/p>\n<p><strong>Durchmesser (cm) <\/strong>36<\/p>\n<p><strong>H\u00f6he (cm)<\/strong> 167,5<\/p>\n<p><strong>Gewicht (kg)<\/strong> 8<\/p><\/blockquote>\n","protected":false},"excerpt":{"rendered":"<p>Tree ist eine von Estudi Ribaud\u00ed entworfene Innenleuchte mit einem klassischen Lampenschirm, der sch\u00f6ne Schatten wirft. Die Leuchte eignet sich dank ihres schlichten und eleganten Designs ideal zur Dekoration Ihres Schlaf- oder Wohnzimmers. Zudem spielt sie dank ihrer LED-Beleuchtung mit der Technologie. Die Stehleuchte Tree macht hat einen lustigen Look dank des Designs ihres Fusses, [&hellip;]<\/p>\n","protected":false},"featured_media":173263,"template":"","meta":{"_acf_changed":false,"om_disable_all_campaigns":false},"product_cat":[289],"product_tag":[1258,896,1188,1265,840,816],"bundled_by":[],"bundle_stock_status":"onbackorder","bundle_stock_quantity":null,"bundle_virtual":false,"bundle_layout":"","bundle_add_to_cart_form_location":"","bundle_editable_in_cart":false,"bundle_sold_individually_context":"","bundle_item_grouping":"","bundle_min_size":"","bundle_max_size":"","bundle_price":[],"bundled_items":[],"bundle_sell_ids":[],"acf":[],"yoast_head":"<!-- This site is optimized with the Yoast SEO Premium plugin v22.2 (Yoast SEO v22.8) - https:\/\/yoast.com\/wordpress\/plugins\/seo\/ -->\n<title>Faro Barcelona | Stehleuchte Tree | Schwarzer Stahl | Ekkla<\/title>\n<meta name=\"description\" content=\"Dank des Designs der Leuchte, das an die Baum\u00e4ste erinnert, wird sie mit ihrem einfachen und eleganten Design Ihrem Raum einen modernen Touch verleihen.\" \/>\n<meta name=\"robots\" content=\"index, follow, max-snippet:-1, max-image-preview:large, max-video-preview:-1\" \/>\n<link rel=\"canonical\" href=\"https:\/\/ekkla.ch\/de\/produit\/stehleuchte-tree-schwarz-h-167-faro-barcelona\/\" \/>\n<meta property=\"og:locale\" content=\"de_DE\" \/>\n<meta property=\"og:type\" content=\"article\" \/>\n<meta property=\"og:title\" content=\"Stehleuchte Tree - Schwarz - H.167 - Faro Barcelona\" \/>\n<meta property=\"og:description\" content=\"Dank des Designs der Leuchte, das an die Baum\u00e4ste erinnert, wird sie mit ihrem einfachen und eleganten Design Ihrem Raum einen modernen Touch verleihen.\" \/>\n<meta property=\"og:url\" content=\"https:\/\/ekkla.ch\/de\/produit\/stehleuchte-tree-schwarz-h-167-faro-barcelona\/\" \/>\n<meta property=\"og:site_name\" content=\"Ekkla\" \/>\n<meta property=\"article:modified_time\" content=\"2023-03-27T12:44:28+00:00\" \/>\n<meta property=\"og:image\" content=\"https:\/\/ekkla.ch\/wp-content\/uploads\/2023\/03\/Faro-barcelona-ekkla-light-luminaires_0020_Lampadaire_Tree_Noir-.jpg\" \/>\n\t<meta property=\"og:image:width\" content=\"900\" \/>\n\t<meta property=\"og:image:height\" content=\"900\" \/>\n\t<meta property=\"og:image:type\" content=\"image\/jpeg\" \/>\n<meta name=\"twitter:card\" content=\"summary_large_image\" \/>\n<meta name=\"twitter:label1\" content=\"Gesch\u00e4tzte Lesezeit\" \/>\n\t<meta name=\"twitter:data1\" content=\"1\u00a0Minute\" \/>\n<script type=\"application\/ld+json\" class=\"yoast-schema-graph\">{\"@context\":\"https:\/\/schema.org\",\"@graph\":[{\"@type\":\"WebPage\",\"@id\":\"https:\/\/ekkla.ch\/de\/produit\/stehleuchte-tree-schwarz-h-167-faro-barcelona\/\",\"url\":\"https:\/\/ekkla.ch\/de\/produit\/stehleuchte-tree-schwarz-h-167-faro-barcelona\/\",\"name\":\"Faro Barcelona | Stehleuchte Tree | Schwarzer Stahl | Ekkla\",\"isPartOf\":{\"@id\":\"https:\/\/ekkla.ch\/#website\"},\"primaryImageOfPage\":{\"@id\":\"https:\/\/ekkla.ch\/de\/produit\/stehleuchte-tree-schwarz-h-167-faro-barcelona\/#primaryimage\"},\"image\":{\"@id\":\"https:\/\/ekkla.ch\/de\/produit\/stehleuchte-tree-schwarz-h-167-faro-barcelona\/#primaryimage\"},\"thumbnailUrl\":\"https:\/\/ekkla.ch\/wp-content\/uploads\/2023\/03\/Faro-barcelona-ekkla-light-luminaires_0020_Lampadaire_Tree_Noir-.jpg\",\"datePublished\":\"2023-03-15T19:26:44+00:00\",\"dateModified\":\"2023-03-27T12:44:28+00:00\",\"description\":\"Dank des Designs der Leuchte, das an die Baum\u00e4ste erinnert, wird sie mit ihrem einfachen und eleganten Design Ihrem Raum einen modernen Touch verleihen.\",\"breadcrumb\":{\"@id\":\"https:\/\/ekkla.ch\/de\/produit\/stehleuchte-tree-schwarz-h-167-faro-barcelona\/#breadcrumb\"},\"inLanguage\":\"de\",\"potentialAction\":[{\"@type\":\"ReadAction\",\"target\":[\"https:\/\/ekkla.ch\/de\/produit\/stehleuchte-tree-schwarz-h-167-faro-barcelona\/\"]}]},{\"@type\":\"ImageObject\",\"inLanguage\":\"de\",\"@id\":\"https:\/\/ekkla.ch\/de\/produit\/stehleuchte-tree-schwarz-h-167-faro-barcelona\/#primaryimage\",\"url\":\"https:\/\/ekkla.ch\/wp-content\/uploads\/2023\/03\/Faro-barcelona-ekkla-light-luminaires_0020_Lampadaire_Tree_Noir-.jpg\",\"contentUrl\":\"https:\/\/ekkla.ch\/wp-content\/uploads\/2023\/03\/Faro-barcelona-ekkla-light-luminaires_0020_Lampadaire_Tree_Noir-.jpg\",\"width\":900,\"height\":900},{\"@type\":\"BreadcrumbList\",\"@id\":\"https:\/\/ekkla.ch\/de\/produit\/stehleuchte-tree-schwarz-h-167-faro-barcelona\/#breadcrumb\",\"itemListElement\":[{\"@type\":\"ListItem\",\"position\":1,\"name\":\"Home\",\"item\":\"https:\/\/ekkla.ch\/de\/\"},{\"@type\":\"ListItem\",\"position\":2,\"name\":\"Shop\",\"item\":\"https:\/\/ekkla.ch\/de\/shop\/\"},{\"@type\":\"ListItem\",\"position\":3,\"name\":\"Stehleuchte Tree &#8211; Schwarz &#8211; H.167 &#8211; Faro Barcelona\"}]},{\"@type\":\"WebSite\",\"@id\":\"https:\/\/ekkla.ch\/#website\",\"url\":\"https:\/\/ekkla.ch\/\",\"name\":\"Ekkla\",\"description\":\"Der Onlineshop f\u00fcr Beleuchtung\",\"publisher\":{\"@id\":\"https:\/\/ekkla.ch\/#organization\"},\"potentialAction\":[{\"@type\":\"SearchAction\",\"target\":{\"@type\":\"EntryPoint\",\"urlTemplate\":\"https:\/\/ekkla.ch\/?s={search_term_string}\"},\"query-input\":\"required name=search_term_string\"}],\"inLanguage\":\"de\"},{\"@type\":\"Organization\",\"@id\":\"https:\/\/ekkla.ch\/#organization\",\"name\":\"Ekkla\",\"url\":\"https:\/\/ekkla.ch\/\",\"logo\":{\"@type\":\"ImageObject\",\"inLanguage\":\"de\",\"@id\":\"https:\/\/ekkla.ch\/#\/schema\/logo\/image\/\",\"url\":\"http:\/\/ekkla.ch\/wp-content\/uploads\/2019\/07\/logo-1.svg\",\"contentUrl\":\"http:\/\/ekkla.ch\/wp-content\/uploads\/2019\/07\/logo-1.svg\",\"width\":1,\"height\":1,\"caption\":\"Ekkla\"},\"image\":{\"@id\":\"https:\/\/ekkla.ch\/#\/schema\/logo\/image\/\"},\"sameAs\":[\"https:\/\/www.instagram.com\/ekkla_light\/\"]}]}<\/script>\n<!-- \/ Yoast SEO Premium plugin. -->","yoast_head_json":{"title":"Faro Barcelona | Stehleuchte Tree | Schwarzer Stahl | Ekkla","description":"Dank des Designs der Leuchte, das an die Baum\u00e4ste erinnert, wird sie mit ihrem einfachen und eleganten Design Ihrem Raum einen modernen Touch verleihen.","robots":{"index":"index","follow":"follow","max-snippet":"max-snippet:-1","max-image-preview":"max-image-preview:large","max-video-preview":"max-video-preview:-1"},"canonical":"https:\/\/ekkla.ch\/de\/produit\/stehleuchte-tree-schwarz-h-167-faro-barcelona\/","og_locale":"de_DE","og_type":"article","og_title":"Stehleuchte Tree - Schwarz - H.167 - Faro Barcelona","og_description":"Dank des Designs der Leuchte, das an die Baum\u00e4ste erinnert, wird sie mit ihrem einfachen und eleganten Design Ihrem Raum einen modernen Touch verleihen.","og_url":"https:\/\/ekkla.ch\/de\/produit\/stehleuchte-tree-schwarz-h-167-faro-barcelona\/","og_site_name":"Ekkla","article_modified_time":"2023-03-27T12:44:28+00:00","og_image":[{"width":900,"height":900,"url":"https:\/\/ekkla.ch\/wp-content\/uploads\/2023\/03\/Faro-barcelona-ekkla-light-luminaires_0020_Lampadaire_Tree_Noir-.jpg","type":"image\/jpeg"}],"twitter_card":"summary_large_image","twitter_misc":{"Gesch\u00e4tzte Lesezeit":"1\u00a0Minute"},"schema":{"@context":"https:\/\/schema.org","@graph":[{"@type":"WebPage","@id":"https:\/\/ekkla.ch\/de\/produit\/stehleuchte-tree-schwarz-h-167-faro-barcelona\/","url":"https:\/\/ekkla.ch\/de\/produit\/stehleuchte-tree-schwarz-h-167-faro-barcelona\/","name":"Faro Barcelona | Stehleuchte Tree | Schwarzer Stahl | Ekkla","isPartOf":{"@id":"https:\/\/ekkla.ch\/#website"},"primaryImageOfPage":{"@id":"https:\/\/ekkla.ch\/de\/produit\/stehleuchte-tree-schwarz-h-167-faro-barcelona\/#primaryimage"},"image":{"@id":"https:\/\/ekkla.ch\/de\/produit\/stehleuchte-tree-schwarz-h-167-faro-barcelona\/#primaryimage"},"thumbnailUrl":"https:\/\/ekkla.ch\/wp-content\/uploads\/2023\/03\/Faro-barcelona-ekkla-light-luminaires_0020_Lampadaire_Tree_Noir-.jpg","datePublished":"2023-03-15T19:26:44+00:00","dateModified":"2023-03-27T12:44:28+00:00","description":"Dank des Designs der Leuchte, das an die Baum\u00e4ste erinnert, wird sie mit ihrem einfachen und eleganten Design Ihrem Raum einen modernen Touch verleihen.","breadcrumb":{"@id":"https:\/\/ekkla.ch\/de\/produit\/stehleuchte-tree-schwarz-h-167-faro-barcelona\/#breadcrumb"},"inLanguage":"de","potentialAction":[{"@type":"ReadAction","target":["https:\/\/ekkla.ch\/de\/produit\/stehleuchte-tree-schwarz-h-167-faro-barcelona\/"]}]},{"@type":"ImageObject","inLanguage":"de","@id":"https:\/\/ekkla.ch\/de\/produit\/stehleuchte-tree-schwarz-h-167-faro-barcelona\/#primaryimage","url":"https:\/\/ekkla.ch\/wp-content\/uploads\/2023\/03\/Faro-barcelona-ekkla-light-luminaires_0020_Lampadaire_Tree_Noir-.jpg","contentUrl":"https:\/\/ekkla.ch\/wp-content\/uploads\/2023\/03\/Faro-barcelona-ekkla-light-luminaires_0020_Lampadaire_Tree_Noir-.jpg","width":900,"height":900},{"@type":"BreadcrumbList","@id":"https:\/\/ekkla.ch\/de\/produit\/stehleuchte-tree-schwarz-h-167-faro-barcelona\/#breadcrumb","itemListElement":[{"@type":"ListItem","position":1,"name":"Home","item":"https:\/\/ekkla.ch\/de\/"},{"@type":"ListItem","position":2,"name":"Shop","item":"https:\/\/ekkla.ch\/de\/shop\/"},{"@type":"ListItem","position":3,"name":"Stehleuchte Tree &#8211; Schwarz &#8211; H.167 &#8211; Faro Barcelona"}]},{"@type":"WebSite","@id":"https:\/\/ekkla.ch\/#website","url":"https:\/\/ekkla.ch\/","name":"Ekkla","description":"Der Onlineshop f\u00fcr Beleuchtung","publisher":{"@id":"https:\/\/ekkla.ch\/#organization"},"potentialAction":[{"@type":"SearchAction","target":{"@type":"EntryPoint","urlTemplate":"https:\/\/ekkla.ch\/?s={search_term_string}"},"query-input":"required name=search_term_string"}],"inLanguage":"de"},{"@type":"Organization","@id":"https:\/\/ekkla.ch\/#organization","name":"Ekkla","url":"https:\/\/ekkla.ch\/","logo":{"@type":"ImageObject","inLanguage":"de","@id":"https:\/\/ekkla.ch\/#\/schema\/logo\/image\/","url":"http:\/\/ekkla.ch\/wp-content\/uploads\/2019\/07\/logo-1.svg","contentUrl":"http:\/\/ekkla.ch\/wp-content\/uploads\/2019\/07\/logo-1.svg","width":1,"height":1,"caption":"Ekkla"},"image":{"@id":"https:\/\/ekkla.ch\/#\/schema\/logo\/image\/"},"sameAs":["https:\/\/www.instagram.com\/ekkla_light\/"]}]}},"_links":{"self":[{"href":"https:\/\/ekkla.ch\/de\/wp-json\/wp\/v2\/product\/171458"}],"collection":[{"href":"https:\/\/ekkla.ch\/de\/wp-json\/wp\/v2\/product"}],"about":[{"href":"https:\/\/ekkla.ch\/de\/wp-json\/wp\/v2\/types\/product"}],"wp:featuredmedia":[{"embeddable":true,"href":"https:\/\/ekkla.ch\/de\/wp-json\/wp\/v2\/media\/173263"}],"wp:attachment":[{"href":"https:\/\/ekkla.ch\/de\/wp-json\/wp\/v2\/media?parent=171458"}],"wp:term":[{"taxonomy":"product_cat","embeddable":true,"href":"https:\/\/ekkla.ch\/de\/wp-json\/wp\/v2\/product_cat?post=171458"},{"taxonomy":"product_tag","embeddable":true,"href":"https:\/\/ekkla.ch\/de\/wp-json\/wp\/v2\/product_tag?post=171458"}],"curies":[{"name":"wp","href":"https:\/\/api.w.org\/{rel}","templated":true}]}}