{"id":172296,"date":"2023-03-13T20:46:43","date_gmt":"2023-03-13T19:46:43","guid":{"rendered":"https:\/\/ekkla.ch\/produit\/hangeleuchte-dreifache-mooon-o15-acapulco-blau-fermob\/"},"modified":"2023-04-11T14:46:06","modified_gmt":"2023-04-11T12:46:06","slug":"hangeleuchte-dreifache-mooon-o15-acapulco-blau-fermob","status":"publish","type":"product","link":"https:\/\/ekkla.ch\/de\/produit\/hangeleuchte-dreifache-mooon-o15-acapulco-blau-fermob\/","title":{"rendered":"H\u00e4ngeleuchte dreifache Mooon! &#8211; \u00d815 &#8211; Acapulco Blau &#8211; Fermob"},"content":{"rendered":"<p>Die Kollektion MOOON! \u2013 aufgeladen mit der Symbolik der Pariser Strassenlaternen des 19.Jahrhunderts \u2013 w\u00e4chst st\u00e4ndig weiter. Heute gibt es die kabellose LED-Leuchte auch mit Kabelanschluss als Wandlampe und als H\u00e4ngelampe. Neue Technologien und die stets noch umweltfreundlichere Gestaltung ebnen ihr den Weg zu neuen Designs und Nutzungsm\u00f6glichkeiten.<\/p>\n<p>Die Kollektion MOOON! mit ihrer ausgewogenen Verteilung von funktioneller und dekorativer Beleuchtung ist ideal f\u00fcr alle Wohnbereiche oder gastronomischen Einrichtungen.<\/p>\n<p>Die 3 LED-Leuchten mit Glas-Diffusoren zu je \u00d815 cm dieser Mooon! H\u00e4ngeleuchte haben zusammen eine Gesamtleuchtst\u00e4rke von 1050 lm. Das Design \u2013 zugleich zeitlos und im Zeitgeist verankert \u2013 verleiht dieser Leuchte eine moderne \u00c4sthetik mit derselben Beleuchtungsqualit\u00e4t und Vielfalt an Beleuchtungsszenarien wie die einzelne Leuchte! Auch bei den Nutzungsm\u00f6glichkeiten und technischen Daten ist alles wie gehabt. Doch die aussergew\u00f6hnliche Geometrie wird mit Sicherheit grossen Anklang bei privaten und gewerblichen Nutzern finden!<\/p>\n<p>Die zeitlose, stilvolle Leuchte mit ihrem harmonierenden Farbkonzept (Deckenleuchte + Kabel + Leuchte) ist h\u00f6henverstellbar und l\u00e4sst sich bequem \u00fcber die Fermob Lighting App f\u00fcr verschiedene Beleuchtungsszenarien fernsteuern. Eine angenehme Lichtquelle, die der Deko einzeln oder zu mehreren das gewisse Etwas verleiht!<\/p>\n<p>Einfache und sichere Installation mit \u201eQuick&#8217;n&#8217;clic\u201c, einem \u201eVierteldrehungs\u201c-System mit integrierter Wasserwaage und abnehmbaren Klemmen. Umweltvertr\u00e4gliches Design (umweltfreundliche Werkstoffe + Zerlegbarkeit).<\/p>\n<blockquote>\n<h2>Merkmale &amp; Eigenschaften<\/h2>\n<p><strong>Marke<\/strong> Fermob<\/p>\n<p><strong>Farbe <\/strong>Acapulco Blau<\/p>\n<p><strong>Materialien\u00a0<\/strong>Aluminium und Polyethylen<\/p>\n<p><strong>Stromfluss (lm)<\/strong> 1050<\/p>\n<p><strong>Schutz (IP) <\/strong>42<\/p>\n<p><strong>Technologie<\/strong> Integrierte LED (dimmbar)<\/p>\n<p><strong>H\u00f6he (cm) <\/strong>115<\/p>\n<p><strong>Durchmesser (cm) <\/strong>15<\/p>\n<p><strong>Gewicht (kg)<\/strong> 2.5<\/p><\/blockquote>\n","protected":false},"excerpt":{"rendered":"<p>Die Kollektion MOOON! \u2013 aufgeladen mit der Symbolik der Pariser Strassenlaternen des 19.Jahrhunderts \u2013 w\u00e4chst st\u00e4ndig weiter. Heute gibt es die kabellose LED-Leuchte auch mit Kabelanschluss als Wandlampe und als H\u00e4ngelampe. Neue Technologien und die stets noch umweltfreundlichere Gestaltung ebnen ihr den Weg zu neuen Designs und Nutzungsm\u00f6glichkeiten. Die Kollektion MOOON! mit ihrer ausgewogenen Verteilung [&hellip;]<\/p>\n","protected":false},"featured_media":171988,"template":"","meta":{"_acf_changed":false,"om_disable_all_campaigns":false},"product_cat":[291],"product_tag":[1254,1265,1022,862,785],"bundled_by":[],"bundle_stock_status":"onbackorder","bundle_stock_quantity":null,"bundle_virtual":false,"bundle_layout":"","bundle_add_to_cart_form_location":"","bundle_editable_in_cart":false,"bundle_sold_individually_context":"","bundle_item_grouping":"","bundle_min_size":"","bundle_max_size":"","bundle_price":[],"bundled_items":[],"bundle_sell_ids":[],"acf":[],"yoast_head":"<!-- This site is optimized with the Yoast SEO Premium plugin v22.2 (Yoast SEO v22.8) - https:\/\/yoast.com\/wordpress\/plugins\/seo\/ -->\n<title>Fermob | H\u00e4ngeleuchte dreifache Mooon! \u00d815 Acapulco Blau | Outdoor-Leuchte | Ekkla<\/title>\n<meta name=\"description\" content=\"Draussen oder drinnen, auf einem Tisch oder auf dem Boden... die vernetzte Outdoor-Lampe Mooon! begleitet warme Mahlzeiten ebenso wie gem\u00fctliche Abende.\" \/>\n<meta name=\"robots\" content=\"index, follow, max-snippet:-1, max-image-preview:large, max-video-preview:-1\" \/>\n<link rel=\"canonical\" href=\"https:\/\/ekkla.ch\/de\/produit\/hangeleuchte-dreifache-mooon-o15-acapulco-blau-fermob\/\" \/>\n<meta property=\"og:locale\" content=\"de_DE\" \/>\n<meta property=\"og:type\" content=\"article\" \/>\n<meta property=\"og:title\" content=\"H\u00e4ngeleuchte dreifache Mooon! - \u00d815 - Acapulco Blau - Fermob\" \/>\n<meta property=\"og:description\" content=\"Draussen oder drinnen, auf einem Tisch oder auf dem Boden... die vernetzte Outdoor-Lampe Mooon! begleitet warme Mahlzeiten ebenso wie gem\u00fctliche Abende.\" \/>\n<meta property=\"og:url\" content=\"https:\/\/ekkla.ch\/de\/produit\/hangeleuchte-dreifache-mooon-o15-acapulco-blau-fermob\/\" \/>\n<meta property=\"og:site_name\" content=\"Ekkla\" \/>\n<meta property=\"article:modified_time\" content=\"2023-04-11T12:46:06+00:00\" \/>\n<meta property=\"og:image\" content=\"https:\/\/ekkla.ch\/wp-content\/uploads\/2023\/03\/luminaires_0007_hd_suspension_triple_mooon_bleu_acapulco_fermob_ekkla_light.jpg\" \/>\n\t<meta property=\"og:image:width\" content=\"900\" \/>\n\t<meta property=\"og:image:height\" content=\"900\" \/>\n\t<meta property=\"og:image:type\" content=\"image\/jpeg\" \/>\n<meta name=\"twitter:card\" content=\"summary_large_image\" \/>\n<meta name=\"twitter:label1\" content=\"Gesch\u00e4tzte Lesezeit\" \/>\n\t<meta name=\"twitter:data1\" content=\"2\u00a0Minuten\" \/>\n<script type=\"application\/ld+json\" class=\"yoast-schema-graph\">{\"@context\":\"https:\/\/schema.org\",\"@graph\":[{\"@type\":\"WebPage\",\"@id\":\"https:\/\/ekkla.ch\/de\/produit\/hangeleuchte-dreifache-mooon-o15-acapulco-blau-fermob\/\",\"url\":\"https:\/\/ekkla.ch\/de\/produit\/hangeleuchte-dreifache-mooon-o15-acapulco-blau-fermob\/\",\"name\":\"Fermob | H\u00e4ngeleuchte dreifache Mooon! \u00d815 Acapulco Blau | Outdoor-Leuchte | Ekkla\",\"isPartOf\":{\"@id\":\"https:\/\/ekkla.ch\/#website\"},\"primaryImageOfPage\":{\"@id\":\"https:\/\/ekkla.ch\/de\/produit\/hangeleuchte-dreifache-mooon-o15-acapulco-blau-fermob\/#primaryimage\"},\"image\":{\"@id\":\"https:\/\/ekkla.ch\/de\/produit\/hangeleuchte-dreifache-mooon-o15-acapulco-blau-fermob\/#primaryimage\"},\"thumbnailUrl\":\"https:\/\/ekkla.ch\/wp-content\/uploads\/2023\/03\/luminaires_0007_hd_suspension_triple_mooon_bleu_acapulco_fermob_ekkla_light.jpg\",\"datePublished\":\"2023-03-13T19:46:43+00:00\",\"dateModified\":\"2023-04-11T12:46:06+00:00\",\"description\":\"Draussen oder drinnen, auf einem Tisch oder auf dem Boden... die vernetzte Outdoor-Lampe Mooon! begleitet warme Mahlzeiten ebenso wie gem\u00fctliche Abende.\",\"breadcrumb\":{\"@id\":\"https:\/\/ekkla.ch\/de\/produit\/hangeleuchte-dreifache-mooon-o15-acapulco-blau-fermob\/#breadcrumb\"},\"inLanguage\":\"de\",\"potentialAction\":[{\"@type\":\"ReadAction\",\"target\":[\"https:\/\/ekkla.ch\/de\/produit\/hangeleuchte-dreifache-mooon-o15-acapulco-blau-fermob\/\"]}]},{\"@type\":\"ImageObject\",\"inLanguage\":\"de\",\"@id\":\"https:\/\/ekkla.ch\/de\/produit\/hangeleuchte-dreifache-mooon-o15-acapulco-blau-fermob\/#primaryimage\",\"url\":\"https:\/\/ekkla.ch\/wp-content\/uploads\/2023\/03\/luminaires_0007_hd_suspension_triple_mooon_bleu_acapulco_fermob_ekkla_light.jpg\",\"contentUrl\":\"https:\/\/ekkla.ch\/wp-content\/uploads\/2023\/03\/luminaires_0007_hd_suspension_triple_mooon_bleu_acapulco_fermob_ekkla_light.jpg\",\"width\":900,\"height\":900},{\"@type\":\"BreadcrumbList\",\"@id\":\"https:\/\/ekkla.ch\/de\/produit\/hangeleuchte-dreifache-mooon-o15-acapulco-blau-fermob\/#breadcrumb\",\"itemListElement\":[{\"@type\":\"ListItem\",\"position\":1,\"name\":\"Home\",\"item\":\"https:\/\/ekkla.ch\/de\/\"},{\"@type\":\"ListItem\",\"position\":2,\"name\":\"Shop\",\"item\":\"https:\/\/ekkla.ch\/de\/shop\/\"},{\"@type\":\"ListItem\",\"position\":3,\"name\":\"H\u00e4ngeleuchte dreifache Mooon! &#8211; \u00d815 &#8211; Acapulco Blau &#8211; Fermob\"}]},{\"@type\":\"WebSite\",\"@id\":\"https:\/\/ekkla.ch\/#website\",\"url\":\"https:\/\/ekkla.ch\/\",\"name\":\"Ekkla\",\"description\":\"Der Onlineshop f\u00fcr Beleuchtung\",\"publisher\":{\"@id\":\"https:\/\/ekkla.ch\/#organization\"},\"potentialAction\":[{\"@type\":\"SearchAction\",\"target\":{\"@type\":\"EntryPoint\",\"urlTemplate\":\"https:\/\/ekkla.ch\/?s={search_term_string}\"},\"query-input\":\"required name=search_term_string\"}],\"inLanguage\":\"de\"},{\"@type\":\"Organization\",\"@id\":\"https:\/\/ekkla.ch\/#organization\",\"name\":\"Ekkla\",\"url\":\"https:\/\/ekkla.ch\/\",\"logo\":{\"@type\":\"ImageObject\",\"inLanguage\":\"de\",\"@id\":\"https:\/\/ekkla.ch\/#\/schema\/logo\/image\/\",\"url\":\"http:\/\/ekkla.ch\/wp-content\/uploads\/2019\/07\/logo-1.svg\",\"contentUrl\":\"http:\/\/ekkla.ch\/wp-content\/uploads\/2019\/07\/logo-1.svg\",\"width\":1,\"height\":1,\"caption\":\"Ekkla\"},\"image\":{\"@id\":\"https:\/\/ekkla.ch\/#\/schema\/logo\/image\/\"},\"sameAs\":[\"https:\/\/www.instagram.com\/ekkla_light\/\"]}]}<\/script>\n<!-- \/ Yoast SEO Premium plugin. -->","yoast_head_json":{"title":"Fermob | H\u00e4ngeleuchte dreifache Mooon! \u00d815 Acapulco Blau | Outdoor-Leuchte | Ekkla","description":"Draussen oder drinnen, auf einem Tisch oder auf dem Boden... die vernetzte Outdoor-Lampe Mooon! begleitet warme Mahlzeiten ebenso wie gem\u00fctliche Abende.","robots":{"index":"index","follow":"follow","max-snippet":"max-snippet:-1","max-image-preview":"max-image-preview:large","max-video-preview":"max-video-preview:-1"},"canonical":"https:\/\/ekkla.ch\/de\/produit\/hangeleuchte-dreifache-mooon-o15-acapulco-blau-fermob\/","og_locale":"de_DE","og_type":"article","og_title":"H\u00e4ngeleuchte dreifache Mooon! - \u00d815 - Acapulco Blau - Fermob","og_description":"Draussen oder drinnen, auf einem Tisch oder auf dem Boden... die vernetzte Outdoor-Lampe Mooon! begleitet warme Mahlzeiten ebenso wie gem\u00fctliche Abende.","og_url":"https:\/\/ekkla.ch\/de\/produit\/hangeleuchte-dreifache-mooon-o15-acapulco-blau-fermob\/","og_site_name":"Ekkla","article_modified_time":"2023-04-11T12:46:06+00:00","og_image":[{"width":900,"height":900,"url":"https:\/\/ekkla.ch\/wp-content\/uploads\/2023\/03\/luminaires_0007_hd_suspension_triple_mooon_bleu_acapulco_fermob_ekkla_light.jpg","type":"image\/jpeg"}],"twitter_card":"summary_large_image","twitter_misc":{"Gesch\u00e4tzte Lesezeit":"2\u00a0Minuten"},"schema":{"@context":"https:\/\/schema.org","@graph":[{"@type":"WebPage","@id":"https:\/\/ekkla.ch\/de\/produit\/hangeleuchte-dreifache-mooon-o15-acapulco-blau-fermob\/","url":"https:\/\/ekkla.ch\/de\/produit\/hangeleuchte-dreifache-mooon-o15-acapulco-blau-fermob\/","name":"Fermob | H\u00e4ngeleuchte dreifache Mooon! \u00d815 Acapulco Blau | Outdoor-Leuchte | Ekkla","isPartOf":{"@id":"https:\/\/ekkla.ch\/#website"},"primaryImageOfPage":{"@id":"https:\/\/ekkla.ch\/de\/produit\/hangeleuchte-dreifache-mooon-o15-acapulco-blau-fermob\/#primaryimage"},"image":{"@id":"https:\/\/ekkla.ch\/de\/produit\/hangeleuchte-dreifache-mooon-o15-acapulco-blau-fermob\/#primaryimage"},"thumbnailUrl":"https:\/\/ekkla.ch\/wp-content\/uploads\/2023\/03\/luminaires_0007_hd_suspension_triple_mooon_bleu_acapulco_fermob_ekkla_light.jpg","datePublished":"2023-03-13T19:46:43+00:00","dateModified":"2023-04-11T12:46:06+00:00","description":"Draussen oder drinnen, auf einem Tisch oder auf dem Boden... die vernetzte Outdoor-Lampe Mooon! begleitet warme Mahlzeiten ebenso wie gem\u00fctliche Abende.","breadcrumb":{"@id":"https:\/\/ekkla.ch\/de\/produit\/hangeleuchte-dreifache-mooon-o15-acapulco-blau-fermob\/#breadcrumb"},"inLanguage":"de","potentialAction":[{"@type":"ReadAction","target":["https:\/\/ekkla.ch\/de\/produit\/hangeleuchte-dreifache-mooon-o15-acapulco-blau-fermob\/"]}]},{"@type":"ImageObject","inLanguage":"de","@id":"https:\/\/ekkla.ch\/de\/produit\/hangeleuchte-dreifache-mooon-o15-acapulco-blau-fermob\/#primaryimage","url":"https:\/\/ekkla.ch\/wp-content\/uploads\/2023\/03\/luminaires_0007_hd_suspension_triple_mooon_bleu_acapulco_fermob_ekkla_light.jpg","contentUrl":"https:\/\/ekkla.ch\/wp-content\/uploads\/2023\/03\/luminaires_0007_hd_suspension_triple_mooon_bleu_acapulco_fermob_ekkla_light.jpg","width":900,"height":900},{"@type":"BreadcrumbList","@id":"https:\/\/ekkla.ch\/de\/produit\/hangeleuchte-dreifache-mooon-o15-acapulco-blau-fermob\/#breadcrumb","itemListElement":[{"@type":"ListItem","position":1,"name":"Home","item":"https:\/\/ekkla.ch\/de\/"},{"@type":"ListItem","position":2,"name":"Shop","item":"https:\/\/ekkla.ch\/de\/shop\/"},{"@type":"ListItem","position":3,"name":"H\u00e4ngeleuchte dreifache Mooon! &#8211; \u00d815 &#8211; Acapulco Blau &#8211; Fermob"}]},{"@type":"WebSite","@id":"https:\/\/ekkla.ch\/#website","url":"https:\/\/ekkla.ch\/","name":"Ekkla","description":"Der Onlineshop f\u00fcr Beleuchtung","publisher":{"@id":"https:\/\/ekkla.ch\/#organization"},"potentialAction":[{"@type":"SearchAction","target":{"@type":"EntryPoint","urlTemplate":"https:\/\/ekkla.ch\/?s={search_term_string}"},"query-input":"required name=search_term_string"}],"inLanguage":"de"},{"@type":"Organization","@id":"https:\/\/ekkla.ch\/#organization","name":"Ekkla","url":"https:\/\/ekkla.ch\/","logo":{"@type":"ImageObject","inLanguage":"de","@id":"https:\/\/ekkla.ch\/#\/schema\/logo\/image\/","url":"http:\/\/ekkla.ch\/wp-content\/uploads\/2019\/07\/logo-1.svg","contentUrl":"http:\/\/ekkla.ch\/wp-content\/uploads\/2019\/07\/logo-1.svg","width":1,"height":1,"caption":"Ekkla"},"image":{"@id":"https:\/\/ekkla.ch\/#\/schema\/logo\/image\/"},"sameAs":["https:\/\/www.instagram.com\/ekkla_light\/"]}]}},"_links":{"self":[{"href":"https:\/\/ekkla.ch\/de\/wp-json\/wp\/v2\/product\/172296"}],"collection":[{"href":"https:\/\/ekkla.ch\/de\/wp-json\/wp\/v2\/product"}],"about":[{"href":"https:\/\/ekkla.ch\/de\/wp-json\/wp\/v2\/types\/product"}],"wp:featuredmedia":[{"embeddable":true,"href":"https:\/\/ekkla.ch\/de\/wp-json\/wp\/v2\/media\/171988"}],"wp:attachment":[{"href":"https:\/\/ekkla.ch\/de\/wp-json\/wp\/v2\/media?parent=172296"}],"wp:term":[{"taxonomy":"product_cat","embeddable":true,"href":"https:\/\/ekkla.ch\/de\/wp-json\/wp\/v2\/product_cat?post=172296"},{"taxonomy":"product_tag","embeddable":true,"href":"https:\/\/ekkla.ch\/de\/wp-json\/wp\/v2\/product_tag?post=172296"}],"curies":[{"name":"wp","href":"https:\/\/api.w.org\/{rel}","templated":true}]}}