{"id":172453,"date":"2023-04-05T08:31:40","date_gmt":"2023-04-05T06:31:40","guid":{"rendered":"https:\/\/ekkla.ch\/produit\/hangeleuchte-lederam-manta-1-schwarz-und-goldig-o60-catellani-smith\/"},"modified":"2023-04-10T20:41:34","modified_gmt":"2023-04-10T18:41:34","slug":"hangeleuchte-lederam-manta-1-schwarz-und-gold-o60-catellani-smith","status":"publish","type":"product","link":"https:\/\/ekkla.ch\/de\/produit\/hangeleuchte-lederam-manta-1-schwarz-und-gold-o60-catellani-smith\/","title":{"rendered":"H\u00e4ngeleuchte Lederam Manta 1 &#8211; Schwarz und Gold &#8211;  \u00d860 &#8211; Catellani &#038; Smith"},"content":{"rendered":"<p>Lederam Manta 1 ist eine H\u00e4ngeleuchte und wird von der italienischen Marke Catellani &amp; Smith hergestellt. Sie zeichnet sich durch einen eleganten Lampenschirm mit fliessenden, dynamischen Formen aus, die an die Form eines Manta-Rochens erinnern. Lederam steht f\u00fcr die Strenge der Geste, mit der eine Linie gezogen wird, w\u00e4hrend die Scheiben in warmen und weichen Farben ein ultraflaches LED-Modul enthalten, das schlanke Lampen und H\u00e4ngeformen mit geschwungenen und gewundenen Linien erm\u00f6glicht. Die H\u00e4ngeleuchte Lederam Manta 1 ist eine ideale Option f\u00fcr Wohnbereiche wie das Wohnzimmer, das Esszimmer oder auch den Eingangsbereich. Sie eignet sich auch hervorragend, um in B\u00fcror\u00e4umen eine warme und gem\u00fctliche Atmosph\u00e4re zu schaffen. Diese H\u00e4ngeleuchte bringt ein elegantes und zeitgem\u00e4sses Design in Ihr Zuhause.<\/p>\n<p>Catellani &amp; Smith ist eine italienische Leuchtenfirma, die 1989 gegr\u00fcndet wurde. Sie stellt einzigartige und elegante Lampen her, indem sie hochwertige Materialien verwendet. Die Lampen von Catellani &amp; Smith zeichnen sich oft durch innovative Designs, organische Formen und hochwertige Verarbeitung aus, wodurch einzigartige und elegante Lichteffekte entstehen. Sie zeichnen sich durch ihren kreativen Ansatz, ihre Liebe zum Detail und ihre F\u00e4higkeit aus, Licht in ein emotionales Erlebnis zu verwandeln.<\/p>\n<blockquote>\n<h2>Merkmale &amp; Eigenschaften<\/h2>\n<p><strong>Marke<\/strong>\u00a0Catellani &amp; Smith<\/p>\n<p><strong>Farbe <\/strong>Schwarz und Gold<\/p>\n<p><strong>Materialien<\/strong> Aluminium und Metall<\/p>\n<p><strong>Lichtquelle<\/strong>\u00a0LED<\/p>\n<p><strong>Stromversorgung (V) <\/strong>110 oder 240 (dimmbar)<\/p>\n<p><strong>Lichtstrom (lm)<\/strong> 1700<\/p>\n<p><strong>Durchmesser (cm) <\/strong>60<\/p>\n<p><strong>H\u00f6he (cm)<\/strong> 30<\/p>\n<p><strong>Max. L\u00e4nge (cm)<\/strong>\u00a0120<\/p><\/blockquote>\n","protected":false},"excerpt":{"rendered":"<p>Lederam Manta 1 ist eine H\u00e4ngeleuchte und wird von der italienischen Marke Catellani &amp; Smith hergestellt. Sie zeichnet sich durch einen eleganten Lampenschirm mit fliessenden, dynamischen Formen aus, die an die Form eines Manta-Rochens erinnern. Lederam steht f\u00fcr die Strenge der Geste, mit der eine Linie gezogen wird, w\u00e4hrend die Scheiben in warmen und weichen [&hellip;]<\/p>\n","protected":false},"featured_media":172538,"template":"","meta":{"_acf_changed":false,"om_disable_all_campaigns":false},"product_cat":[291],"product_tag":[1254,1265,801],"bundled_by":[],"bundle_stock_status":"onbackorder","bundle_stock_quantity":null,"bundle_virtual":false,"bundle_layout":"","bundle_add_to_cart_form_location":"","bundle_editable_in_cart":false,"bundle_sold_individually_context":"","bundle_item_grouping":"","bundle_min_size":"","bundle_max_size":"","bundle_price":[],"bundled_items":[],"bundle_sell_ids":[],"acf":[],"yoast_head":"<!-- This site is optimized with the Yoast SEO Premium plugin v22.2 (Yoast SEO v22.8) - https:\/\/yoast.com\/wordpress\/plugins\/seo\/ -->\n<title>H\u00e4ngeleuchte Lederam Manta 1 | Catellani &amp; Smith | Design | Ekkla<\/title>\n<meta name=\"description\" content=\"Die H\u00e4ngeleuchte Lederam Manta 1 ist eine ideale Option f\u00fcr Wohnr\u00e4ume. Sie wird Ihrem Zuhause eine warme und gem\u00fctliche Atmosph\u00e4re verleihen.\" \/>\n<meta name=\"robots\" content=\"index, follow, max-snippet:-1, max-image-preview:large, max-video-preview:-1\" \/>\n<link rel=\"canonical\" href=\"https:\/\/ekkla.ch\/de\/produit\/hangeleuchte-lederam-manta-1-schwarz-und-gold-o60-catellani-smith\/\" \/>\n<meta property=\"og:locale\" content=\"de_DE\" \/>\n<meta property=\"og:type\" content=\"article\" \/>\n<meta property=\"og:title\" content=\"H\u00e4ngeleuchte Lederam Manta 1 - Schwarz und Gold - \u00d860 - Catellani &amp; Smith\" \/>\n<meta property=\"og:description\" content=\"Die H\u00e4ngeleuchte Lederam Manta 1 ist eine ideale Option f\u00fcr Wohnr\u00e4ume. Sie wird Ihrem Zuhause eine warme und gem\u00fctliche Atmosph\u00e4re verleihen.\" \/>\n<meta property=\"og:url\" content=\"https:\/\/ekkla.ch\/de\/produit\/hangeleuchte-lederam-manta-1-schwarz-und-gold-o60-catellani-smith\/\" \/>\n<meta property=\"og:site_name\" content=\"Ekkla\" \/>\n<meta property=\"article:modified_time\" content=\"2023-04-10T18:41:34+00:00\" \/>\n<meta property=\"og:image\" content=\"https:\/\/ekkla.ch\/wp-content\/uploads\/2023\/04\/Catellani-ekkla-light_0039_Lederam-Manta-S1.jpg\" \/>\n\t<meta property=\"og:image:width\" content=\"900\" \/>\n\t<meta property=\"og:image:height\" content=\"900\" \/>\n\t<meta property=\"og:image:type\" content=\"image\/jpeg\" \/>\n<meta name=\"twitter:card\" content=\"summary_large_image\" \/>\n<meta name=\"twitter:label1\" content=\"Gesch\u00e4tzte Lesezeit\" \/>\n\t<meta name=\"twitter:data1\" content=\"2\u00a0Minuten\" \/>\n<script type=\"application\/ld+json\" class=\"yoast-schema-graph\">{\"@context\":\"https:\/\/schema.org\",\"@graph\":[{\"@type\":\"WebPage\",\"@id\":\"https:\/\/ekkla.ch\/de\/produit\/hangeleuchte-lederam-manta-1-schwarz-und-gold-o60-catellani-smith\/\",\"url\":\"https:\/\/ekkla.ch\/de\/produit\/hangeleuchte-lederam-manta-1-schwarz-und-gold-o60-catellani-smith\/\",\"name\":\"H\u00e4ngeleuchte Lederam Manta 1 | Catellani & Smith | Design | Ekkla\",\"isPartOf\":{\"@id\":\"https:\/\/ekkla.ch\/#website\"},\"primaryImageOfPage\":{\"@id\":\"https:\/\/ekkla.ch\/de\/produit\/hangeleuchte-lederam-manta-1-schwarz-und-gold-o60-catellani-smith\/#primaryimage\"},\"image\":{\"@id\":\"https:\/\/ekkla.ch\/de\/produit\/hangeleuchte-lederam-manta-1-schwarz-und-gold-o60-catellani-smith\/#primaryimage\"},\"thumbnailUrl\":\"https:\/\/ekkla.ch\/wp-content\/uploads\/2023\/04\/Catellani-ekkla-light_0039_Lederam-Manta-S1.jpg\",\"datePublished\":\"2023-04-05T06:31:40+00:00\",\"dateModified\":\"2023-04-10T18:41:34+00:00\",\"description\":\"Die H\u00e4ngeleuchte Lederam Manta 1 ist eine ideale Option f\u00fcr Wohnr\u00e4ume. Sie wird Ihrem Zuhause eine warme und gem\u00fctliche Atmosph\u00e4re verleihen.\",\"breadcrumb\":{\"@id\":\"https:\/\/ekkla.ch\/de\/produit\/hangeleuchte-lederam-manta-1-schwarz-und-gold-o60-catellani-smith\/#breadcrumb\"},\"inLanguage\":\"de\",\"potentialAction\":[{\"@type\":\"ReadAction\",\"target\":[\"https:\/\/ekkla.ch\/de\/produit\/hangeleuchte-lederam-manta-1-schwarz-und-gold-o60-catellani-smith\/\"]}]},{\"@type\":\"ImageObject\",\"inLanguage\":\"de\",\"@id\":\"https:\/\/ekkla.ch\/de\/produit\/hangeleuchte-lederam-manta-1-schwarz-und-gold-o60-catellani-smith\/#primaryimage\",\"url\":\"https:\/\/ekkla.ch\/wp-content\/uploads\/2023\/04\/Catellani-ekkla-light_0039_Lederam-Manta-S1.jpg\",\"contentUrl\":\"https:\/\/ekkla.ch\/wp-content\/uploads\/2023\/04\/Catellani-ekkla-light_0039_Lederam-Manta-S1.jpg\",\"width\":900,\"height\":900},{\"@type\":\"BreadcrumbList\",\"@id\":\"https:\/\/ekkla.ch\/de\/produit\/hangeleuchte-lederam-manta-1-schwarz-und-gold-o60-catellani-smith\/#breadcrumb\",\"itemListElement\":[{\"@type\":\"ListItem\",\"position\":1,\"name\":\"Home\",\"item\":\"https:\/\/ekkla.ch\/de\/\"},{\"@type\":\"ListItem\",\"position\":2,\"name\":\"Shop\",\"item\":\"https:\/\/ekkla.ch\/de\/shop\/\"},{\"@type\":\"ListItem\",\"position\":3,\"name\":\"H\u00e4ngeleuchte Lederam Manta 1 &#8211; Schwarz und Gold &#8211; \u00d860 &#8211; Catellani &#038; Smith\"}]},{\"@type\":\"WebSite\",\"@id\":\"https:\/\/ekkla.ch\/#website\",\"url\":\"https:\/\/ekkla.ch\/\",\"name\":\"Ekkla\",\"description\":\"Der Onlineshop f\u00fcr Beleuchtung\",\"publisher\":{\"@id\":\"https:\/\/ekkla.ch\/#organization\"},\"potentialAction\":[{\"@type\":\"SearchAction\",\"target\":{\"@type\":\"EntryPoint\",\"urlTemplate\":\"https:\/\/ekkla.ch\/?s={search_term_string}\"},\"query-input\":\"required name=search_term_string\"}],\"inLanguage\":\"de\"},{\"@type\":\"Organization\",\"@id\":\"https:\/\/ekkla.ch\/#organization\",\"name\":\"Ekkla\",\"url\":\"https:\/\/ekkla.ch\/\",\"logo\":{\"@type\":\"ImageObject\",\"inLanguage\":\"de\",\"@id\":\"https:\/\/ekkla.ch\/#\/schema\/logo\/image\/\",\"url\":\"http:\/\/ekkla.ch\/wp-content\/uploads\/2019\/07\/logo-1.svg\",\"contentUrl\":\"http:\/\/ekkla.ch\/wp-content\/uploads\/2019\/07\/logo-1.svg\",\"width\":1,\"height\":1,\"caption\":\"Ekkla\"},\"image\":{\"@id\":\"https:\/\/ekkla.ch\/#\/schema\/logo\/image\/\"},\"sameAs\":[\"https:\/\/www.instagram.com\/ekkla_light\/\"]}]}<\/script>\n<!-- \/ Yoast SEO Premium plugin. -->","yoast_head_json":{"title":"H\u00e4ngeleuchte Lederam Manta 1 | Catellani & Smith | Design | Ekkla","description":"Die H\u00e4ngeleuchte Lederam Manta 1 ist eine ideale Option f\u00fcr Wohnr\u00e4ume. Sie wird Ihrem Zuhause eine warme und gem\u00fctliche Atmosph\u00e4re verleihen.","robots":{"index":"index","follow":"follow","max-snippet":"max-snippet:-1","max-image-preview":"max-image-preview:large","max-video-preview":"max-video-preview:-1"},"canonical":"https:\/\/ekkla.ch\/de\/produit\/hangeleuchte-lederam-manta-1-schwarz-und-gold-o60-catellani-smith\/","og_locale":"de_DE","og_type":"article","og_title":"H\u00e4ngeleuchte Lederam Manta 1 - Schwarz und Gold - \u00d860 - Catellani & Smith","og_description":"Die H\u00e4ngeleuchte Lederam Manta 1 ist eine ideale Option f\u00fcr Wohnr\u00e4ume. Sie wird Ihrem Zuhause eine warme und gem\u00fctliche Atmosph\u00e4re verleihen.","og_url":"https:\/\/ekkla.ch\/de\/produit\/hangeleuchte-lederam-manta-1-schwarz-und-gold-o60-catellani-smith\/","og_site_name":"Ekkla","article_modified_time":"2023-04-10T18:41:34+00:00","og_image":[{"width":900,"height":900,"url":"https:\/\/ekkla.ch\/wp-content\/uploads\/2023\/04\/Catellani-ekkla-light_0039_Lederam-Manta-S1.jpg","type":"image\/jpeg"}],"twitter_card":"summary_large_image","twitter_misc":{"Gesch\u00e4tzte Lesezeit":"2\u00a0Minuten"},"schema":{"@context":"https:\/\/schema.org","@graph":[{"@type":"WebPage","@id":"https:\/\/ekkla.ch\/de\/produit\/hangeleuchte-lederam-manta-1-schwarz-und-gold-o60-catellani-smith\/","url":"https:\/\/ekkla.ch\/de\/produit\/hangeleuchte-lederam-manta-1-schwarz-und-gold-o60-catellani-smith\/","name":"H\u00e4ngeleuchte Lederam Manta 1 | Catellani & Smith | Design | Ekkla","isPartOf":{"@id":"https:\/\/ekkla.ch\/#website"},"primaryImageOfPage":{"@id":"https:\/\/ekkla.ch\/de\/produit\/hangeleuchte-lederam-manta-1-schwarz-und-gold-o60-catellani-smith\/#primaryimage"},"image":{"@id":"https:\/\/ekkla.ch\/de\/produit\/hangeleuchte-lederam-manta-1-schwarz-und-gold-o60-catellani-smith\/#primaryimage"},"thumbnailUrl":"https:\/\/ekkla.ch\/wp-content\/uploads\/2023\/04\/Catellani-ekkla-light_0039_Lederam-Manta-S1.jpg","datePublished":"2023-04-05T06:31:40+00:00","dateModified":"2023-04-10T18:41:34+00:00","description":"Die H\u00e4ngeleuchte Lederam Manta 1 ist eine ideale Option f\u00fcr Wohnr\u00e4ume. Sie wird Ihrem Zuhause eine warme und gem\u00fctliche Atmosph\u00e4re verleihen.","breadcrumb":{"@id":"https:\/\/ekkla.ch\/de\/produit\/hangeleuchte-lederam-manta-1-schwarz-und-gold-o60-catellani-smith\/#breadcrumb"},"inLanguage":"de","potentialAction":[{"@type":"ReadAction","target":["https:\/\/ekkla.ch\/de\/produit\/hangeleuchte-lederam-manta-1-schwarz-und-gold-o60-catellani-smith\/"]}]},{"@type":"ImageObject","inLanguage":"de","@id":"https:\/\/ekkla.ch\/de\/produit\/hangeleuchte-lederam-manta-1-schwarz-und-gold-o60-catellani-smith\/#primaryimage","url":"https:\/\/ekkla.ch\/wp-content\/uploads\/2023\/04\/Catellani-ekkla-light_0039_Lederam-Manta-S1.jpg","contentUrl":"https:\/\/ekkla.ch\/wp-content\/uploads\/2023\/04\/Catellani-ekkla-light_0039_Lederam-Manta-S1.jpg","width":900,"height":900},{"@type":"BreadcrumbList","@id":"https:\/\/ekkla.ch\/de\/produit\/hangeleuchte-lederam-manta-1-schwarz-und-gold-o60-catellani-smith\/#breadcrumb","itemListElement":[{"@type":"ListItem","position":1,"name":"Home","item":"https:\/\/ekkla.ch\/de\/"},{"@type":"ListItem","position":2,"name":"Shop","item":"https:\/\/ekkla.ch\/de\/shop\/"},{"@type":"ListItem","position":3,"name":"H\u00e4ngeleuchte Lederam Manta 1 &#8211; Schwarz und Gold &#8211; \u00d860 &#8211; Catellani &#038; Smith"}]},{"@type":"WebSite","@id":"https:\/\/ekkla.ch\/#website","url":"https:\/\/ekkla.ch\/","name":"Ekkla","description":"Der Onlineshop f\u00fcr Beleuchtung","publisher":{"@id":"https:\/\/ekkla.ch\/#organization"},"potentialAction":[{"@type":"SearchAction","target":{"@type":"EntryPoint","urlTemplate":"https:\/\/ekkla.ch\/?s={search_term_string}"},"query-input":"required name=search_term_string"}],"inLanguage":"de"},{"@type":"Organization","@id":"https:\/\/ekkla.ch\/#organization","name":"Ekkla","url":"https:\/\/ekkla.ch\/","logo":{"@type":"ImageObject","inLanguage":"de","@id":"https:\/\/ekkla.ch\/#\/schema\/logo\/image\/","url":"http:\/\/ekkla.ch\/wp-content\/uploads\/2019\/07\/logo-1.svg","contentUrl":"http:\/\/ekkla.ch\/wp-content\/uploads\/2019\/07\/logo-1.svg","width":1,"height":1,"caption":"Ekkla"},"image":{"@id":"https:\/\/ekkla.ch\/#\/schema\/logo\/image\/"},"sameAs":["https:\/\/www.instagram.com\/ekkla_light\/"]}]}},"_links":{"self":[{"href":"https:\/\/ekkla.ch\/de\/wp-json\/wp\/v2\/product\/172453"}],"collection":[{"href":"https:\/\/ekkla.ch\/de\/wp-json\/wp\/v2\/product"}],"about":[{"href":"https:\/\/ekkla.ch\/de\/wp-json\/wp\/v2\/types\/product"}],"wp:featuredmedia":[{"embeddable":true,"href":"https:\/\/ekkla.ch\/de\/wp-json\/wp\/v2\/media\/172538"}],"wp:attachment":[{"href":"https:\/\/ekkla.ch\/de\/wp-json\/wp\/v2\/media?parent=172453"}],"wp:term":[{"taxonomy":"product_cat","embeddable":true,"href":"https:\/\/ekkla.ch\/de\/wp-json\/wp\/v2\/product_cat?post=172453"},{"taxonomy":"product_tag","embeddable":true,"href":"https:\/\/ekkla.ch\/de\/wp-json\/wp\/v2\/product_tag?post=172453"}],"curies":[{"name":"wp","href":"https:\/\/api.w.org\/{rel}","templated":true}]}}