{"id":172464,"date":"2023-04-05T11:39:20","date_gmt":"2023-04-05T09:39:20","guid":{"rendered":"https:\/\/ekkla.ch\/produit\/deckenleuchte-lederam-c180-weiss-und-goldig-o80-catellani-smith\/"},"modified":"2023-04-10T21:03:40","modified_gmt":"2023-04-10T19:03:40","slug":"deckenleuchte-lederam-c180-weiss-und-gold-o80-catellani-smith","status":"publish","type":"product","link":"https:\/\/ekkla.ch\/de\/produit\/deckenleuchte-lederam-c180-weiss-und-gold-o80-catellani-smith\/","title":{"rendered":"Deckenleuchte Lederam C180 &#8211; Weiss und Gold &#8211; \u00d880 &#8211; Catellani &#038; Smith"},"content":{"rendered":"<p>Die Deckenleuchte Lederam C180 ist eine moderne Lampe, die von der italienischen Marke Catellani &amp; Smith hergestellt wird. Die Deckenleuchte besteht aus zwei Scheiben, die mit St\u00e4ben verbunden sind. Da die beiden Scheiben abnehmbar sind, kann man die Lichtintensit\u00e4t regulieren und Lichteffekte erzeugen. Lederam steht f\u00fcr die Strenge der Geste, mit der eine Linie gezogen wird, w\u00e4hrend die Scheiben in warmen, weichen Farben ein ultraflaches LED-Modul enthalten, mit dem sich schlanke Lampen und h\u00e4ngende Formen mit geschwungenen, kurvigen Linien kreieren lassen. So ist die Lederam C180 Deckenleuchte eine ideale Option f\u00fcr Schlafzimmer, Esszimmer oder auch den Eingangsbereich. Sie eignet sich auch perfekt, um in B\u00fcros eine warme und gem\u00fctliche Atmosph\u00e4re zu schaffen. Diese Deckenleuchte wird Ihrem Zuhause ein elegantes und zeitgem\u00e4sses Design verleihen.<\/p>\n<p>Catellani &amp; Smith ist eine italienische Leuchtenfirma, die 1989 gegr\u00fcndet wurde. Sie stellt einzigartige und elegante Lampen her, indem sie hochwertige Materialien verwendet. Die Lampen von Catellani &amp; Smith zeichnen sich oft durch innovative Designs, organische Formen und hochwertige Verarbeitung aus, wodurch einzigartige und elegante Lichteffekte entstehen. Sie zeichnen sich durch ihren kreativen Ansatz, ihre Liebe zum Detail und ihre F\u00e4higkeit aus, Licht in ein emotionales Erlebnis zu verwandeln.<\/p>\n<blockquote>\n<h2>Merkmale &amp; Eigenschaften<\/h2>\n<p><strong>Marke<\/strong>\u00a0Catellani &amp; Smith<\/p>\n<p><strong>Farben <\/strong>Weiss und Gold<\/p>\n<p><strong>Materialien<\/strong> Aluminium und Metall<\/p>\n<p><strong>Lichtquelle<\/strong> LED<\/p>\n<p><strong>Stromversorgung (V) <\/strong>110 oder 240 (dimmbar)<\/p>\n<p><strong>Lichtstrom\u00a0(lm)<\/strong> 2875<\/p>\n<p><strong>Durchmesser der Scheibe\u00a01 (cm) <\/strong>80<\/p>\n<p><strong>Durchmesser der Scheibe 2 (cm) <\/strong>25<\/p>\n<p><strong>H\u00f6he (cm)<\/strong> 35<\/p><\/blockquote>\n","protected":false},"excerpt":{"rendered":"<p>Die Deckenleuchte Lederam C180 ist eine moderne Lampe, die von der italienischen Marke Catellani &amp; Smith hergestellt wird. Die Deckenleuchte besteht aus zwei Scheiben, die mit St\u00e4ben verbunden sind. Da die beiden Scheiben abnehmbar sind, kann man die Lichtintensit\u00e4t regulieren und Lichteffekte erzeugen. Lederam steht f\u00fcr die Strenge der Geste, mit der eine Linie gezogen [&hellip;]<\/p>\n","protected":false},"featured_media":172582,"template":"","meta":{"_acf_changed":false,"om_disable_all_campaigns":false},"product_cat":[561,291],"product_tag":[1254,1265,801],"bundled_by":[],"bundle_stock_status":"onbackorder","bundle_stock_quantity":null,"bundle_virtual":false,"bundle_layout":"","bundle_add_to_cart_form_location":"","bundle_editable_in_cart":false,"bundle_sold_individually_context":"","bundle_item_grouping":"","bundle_min_size":"","bundle_max_size":"","bundle_price":[],"bundled_items":[],"bundle_sell_ids":[],"acf":[],"yoast_head":"<!-- This site is optimized with the Yoast SEO Premium plugin v22.2 (Yoast SEO v22.8) - https:\/\/yoast.com\/wordpress\/plugins\/seo\/ -->\n<title>Deckenleuchte Lederam C180 | Catellani &amp; Smith | Design | Ekkla<\/title>\n<meta name=\"description\" content=\"Die Deckenleuchte Lederam C180 ist eine ideale Option f\u00fcr Wohnr\u00e4ume. Sie wird Ihrem Zuhause eine warme und gem\u00fctliche Atmosph\u00e4re verleihen.\" \/>\n<meta name=\"robots\" content=\"index, follow, max-snippet:-1, max-image-preview:large, max-video-preview:-1\" \/>\n<link rel=\"canonical\" href=\"https:\/\/ekkla.ch\/de\/produit\/deckenleuchte-lederam-c180-weiss-und-gold-o80-catellani-smith\/\" \/>\n<meta property=\"og:locale\" content=\"de_DE\" \/>\n<meta property=\"og:type\" content=\"article\" \/>\n<meta property=\"og:title\" content=\"Deckenleuchte Lederam C180 - Weiss und Gold - \u00d880 - Catellani &amp; Smith\" \/>\n<meta property=\"og:description\" content=\"Die Deckenleuchte Lederam C180 ist eine ideale Option f\u00fcr Wohnr\u00e4ume. Sie wird Ihrem Zuhause eine warme und gem\u00fctliche Atmosph\u00e4re verleihen.\" \/>\n<meta property=\"og:url\" content=\"https:\/\/ekkla.ch\/de\/produit\/deckenleuchte-lederam-c180-weiss-und-gold-o80-catellani-smith\/\" \/>\n<meta property=\"og:site_name\" content=\"Ekkla\" \/>\n<meta property=\"article:modified_time\" content=\"2023-04-10T19:03:40+00:00\" \/>\n<meta property=\"og:image\" content=\"https:\/\/ekkla.ch\/wp-content\/uploads\/2023\/04\/Catellani-ekkla-light_0051_Lederam-C180-gold-off.jpg\" \/>\n\t<meta property=\"og:image:width\" content=\"900\" \/>\n\t<meta property=\"og:image:height\" content=\"900\" \/>\n\t<meta property=\"og:image:type\" content=\"image\/jpeg\" \/>\n<meta name=\"twitter:card\" content=\"summary_large_image\" \/>\n<meta name=\"twitter:label1\" content=\"Gesch\u00e4tzte Lesezeit\" \/>\n\t<meta name=\"twitter:data1\" content=\"2\u00a0Minuten\" \/>\n<script type=\"application\/ld+json\" class=\"yoast-schema-graph\">{\"@context\":\"https:\/\/schema.org\",\"@graph\":[{\"@type\":\"WebPage\",\"@id\":\"https:\/\/ekkla.ch\/de\/produit\/deckenleuchte-lederam-c180-weiss-und-gold-o80-catellani-smith\/\",\"url\":\"https:\/\/ekkla.ch\/de\/produit\/deckenleuchte-lederam-c180-weiss-und-gold-o80-catellani-smith\/\",\"name\":\"Deckenleuchte Lederam C180 | Catellani & Smith | Design | Ekkla\",\"isPartOf\":{\"@id\":\"https:\/\/ekkla.ch\/#website\"},\"primaryImageOfPage\":{\"@id\":\"https:\/\/ekkla.ch\/de\/produit\/deckenleuchte-lederam-c180-weiss-und-gold-o80-catellani-smith\/#primaryimage\"},\"image\":{\"@id\":\"https:\/\/ekkla.ch\/de\/produit\/deckenleuchte-lederam-c180-weiss-und-gold-o80-catellani-smith\/#primaryimage\"},\"thumbnailUrl\":\"https:\/\/ekkla.ch\/wp-content\/uploads\/2023\/04\/Catellani-ekkla-light_0051_Lederam-C180-gold-off.jpg\",\"datePublished\":\"2023-04-05T09:39:20+00:00\",\"dateModified\":\"2023-04-10T19:03:40+00:00\",\"description\":\"Die Deckenleuchte Lederam C180 ist eine ideale Option f\u00fcr Wohnr\u00e4ume. Sie wird Ihrem Zuhause eine warme und gem\u00fctliche Atmosph\u00e4re verleihen.\",\"breadcrumb\":{\"@id\":\"https:\/\/ekkla.ch\/de\/produit\/deckenleuchte-lederam-c180-weiss-und-gold-o80-catellani-smith\/#breadcrumb\"},\"inLanguage\":\"de\",\"potentialAction\":[{\"@type\":\"ReadAction\",\"target\":[\"https:\/\/ekkla.ch\/de\/produit\/deckenleuchte-lederam-c180-weiss-und-gold-o80-catellani-smith\/\"]}]},{\"@type\":\"ImageObject\",\"inLanguage\":\"de\",\"@id\":\"https:\/\/ekkla.ch\/de\/produit\/deckenleuchte-lederam-c180-weiss-und-gold-o80-catellani-smith\/#primaryimage\",\"url\":\"https:\/\/ekkla.ch\/wp-content\/uploads\/2023\/04\/Catellani-ekkla-light_0051_Lederam-C180-gold-off.jpg\",\"contentUrl\":\"https:\/\/ekkla.ch\/wp-content\/uploads\/2023\/04\/Catellani-ekkla-light_0051_Lederam-C180-gold-off.jpg\",\"width\":900,\"height\":900},{\"@type\":\"BreadcrumbList\",\"@id\":\"https:\/\/ekkla.ch\/de\/produit\/deckenleuchte-lederam-c180-weiss-und-gold-o80-catellani-smith\/#breadcrumb\",\"itemListElement\":[{\"@type\":\"ListItem\",\"position\":1,\"name\":\"Home\",\"item\":\"https:\/\/ekkla.ch\/de\/\"},{\"@type\":\"ListItem\",\"position\":2,\"name\":\"Shop\",\"item\":\"https:\/\/ekkla.ch\/de\/shop\/\"},{\"@type\":\"ListItem\",\"position\":3,\"name\":\"Deckenleuchte Lederam C180 &#8211; Weiss und Gold &#8211; \u00d880 &#8211; Catellani &#038; Smith\"}]},{\"@type\":\"WebSite\",\"@id\":\"https:\/\/ekkla.ch\/#website\",\"url\":\"https:\/\/ekkla.ch\/\",\"name\":\"Ekkla\",\"description\":\"Der Onlineshop f\u00fcr Beleuchtung\",\"publisher\":{\"@id\":\"https:\/\/ekkla.ch\/#organization\"},\"potentialAction\":[{\"@type\":\"SearchAction\",\"target\":{\"@type\":\"EntryPoint\",\"urlTemplate\":\"https:\/\/ekkla.ch\/?s={search_term_string}\"},\"query-input\":\"required name=search_term_string\"}],\"inLanguage\":\"de\"},{\"@type\":\"Organization\",\"@id\":\"https:\/\/ekkla.ch\/#organization\",\"name\":\"Ekkla\",\"url\":\"https:\/\/ekkla.ch\/\",\"logo\":{\"@type\":\"ImageObject\",\"inLanguage\":\"de\",\"@id\":\"https:\/\/ekkla.ch\/#\/schema\/logo\/image\/\",\"url\":\"http:\/\/ekkla.ch\/wp-content\/uploads\/2019\/07\/logo-1.svg\",\"contentUrl\":\"http:\/\/ekkla.ch\/wp-content\/uploads\/2019\/07\/logo-1.svg\",\"width\":1,\"height\":1,\"caption\":\"Ekkla\"},\"image\":{\"@id\":\"https:\/\/ekkla.ch\/#\/schema\/logo\/image\/\"},\"sameAs\":[\"https:\/\/www.instagram.com\/ekkla_light\/\"]}]}<\/script>\n<!-- \/ Yoast SEO Premium plugin. -->","yoast_head_json":{"title":"Deckenleuchte Lederam C180 | Catellani & Smith | Design | Ekkla","description":"Die Deckenleuchte Lederam C180 ist eine ideale Option f\u00fcr Wohnr\u00e4ume. Sie wird Ihrem Zuhause eine warme und gem\u00fctliche Atmosph\u00e4re verleihen.","robots":{"index":"index","follow":"follow","max-snippet":"max-snippet:-1","max-image-preview":"max-image-preview:large","max-video-preview":"max-video-preview:-1"},"canonical":"https:\/\/ekkla.ch\/de\/produit\/deckenleuchte-lederam-c180-weiss-und-gold-o80-catellani-smith\/","og_locale":"de_DE","og_type":"article","og_title":"Deckenleuchte Lederam C180 - Weiss und Gold - \u00d880 - Catellani & Smith","og_description":"Die Deckenleuchte Lederam C180 ist eine ideale Option f\u00fcr Wohnr\u00e4ume. Sie wird Ihrem Zuhause eine warme und gem\u00fctliche Atmosph\u00e4re verleihen.","og_url":"https:\/\/ekkla.ch\/de\/produit\/deckenleuchte-lederam-c180-weiss-und-gold-o80-catellani-smith\/","og_site_name":"Ekkla","article_modified_time":"2023-04-10T19:03:40+00:00","og_image":[{"width":900,"height":900,"url":"https:\/\/ekkla.ch\/wp-content\/uploads\/2023\/04\/Catellani-ekkla-light_0051_Lederam-C180-gold-off.jpg","type":"image\/jpeg"}],"twitter_card":"summary_large_image","twitter_misc":{"Gesch\u00e4tzte Lesezeit":"2\u00a0Minuten"},"schema":{"@context":"https:\/\/schema.org","@graph":[{"@type":"WebPage","@id":"https:\/\/ekkla.ch\/de\/produit\/deckenleuchte-lederam-c180-weiss-und-gold-o80-catellani-smith\/","url":"https:\/\/ekkla.ch\/de\/produit\/deckenleuchte-lederam-c180-weiss-und-gold-o80-catellani-smith\/","name":"Deckenleuchte Lederam C180 | Catellani & Smith | Design | Ekkla","isPartOf":{"@id":"https:\/\/ekkla.ch\/#website"},"primaryImageOfPage":{"@id":"https:\/\/ekkla.ch\/de\/produit\/deckenleuchte-lederam-c180-weiss-und-gold-o80-catellani-smith\/#primaryimage"},"image":{"@id":"https:\/\/ekkla.ch\/de\/produit\/deckenleuchte-lederam-c180-weiss-und-gold-o80-catellani-smith\/#primaryimage"},"thumbnailUrl":"https:\/\/ekkla.ch\/wp-content\/uploads\/2023\/04\/Catellani-ekkla-light_0051_Lederam-C180-gold-off.jpg","datePublished":"2023-04-05T09:39:20+00:00","dateModified":"2023-04-10T19:03:40+00:00","description":"Die Deckenleuchte Lederam C180 ist eine ideale Option f\u00fcr Wohnr\u00e4ume. Sie wird Ihrem Zuhause eine warme und gem\u00fctliche Atmosph\u00e4re verleihen.","breadcrumb":{"@id":"https:\/\/ekkla.ch\/de\/produit\/deckenleuchte-lederam-c180-weiss-und-gold-o80-catellani-smith\/#breadcrumb"},"inLanguage":"de","potentialAction":[{"@type":"ReadAction","target":["https:\/\/ekkla.ch\/de\/produit\/deckenleuchte-lederam-c180-weiss-und-gold-o80-catellani-smith\/"]}]},{"@type":"ImageObject","inLanguage":"de","@id":"https:\/\/ekkla.ch\/de\/produit\/deckenleuchte-lederam-c180-weiss-und-gold-o80-catellani-smith\/#primaryimage","url":"https:\/\/ekkla.ch\/wp-content\/uploads\/2023\/04\/Catellani-ekkla-light_0051_Lederam-C180-gold-off.jpg","contentUrl":"https:\/\/ekkla.ch\/wp-content\/uploads\/2023\/04\/Catellani-ekkla-light_0051_Lederam-C180-gold-off.jpg","width":900,"height":900},{"@type":"BreadcrumbList","@id":"https:\/\/ekkla.ch\/de\/produit\/deckenleuchte-lederam-c180-weiss-und-gold-o80-catellani-smith\/#breadcrumb","itemListElement":[{"@type":"ListItem","position":1,"name":"Home","item":"https:\/\/ekkla.ch\/de\/"},{"@type":"ListItem","position":2,"name":"Shop","item":"https:\/\/ekkla.ch\/de\/shop\/"},{"@type":"ListItem","position":3,"name":"Deckenleuchte Lederam C180 &#8211; Weiss und Gold &#8211; \u00d880 &#8211; Catellani &#038; Smith"}]},{"@type":"WebSite","@id":"https:\/\/ekkla.ch\/#website","url":"https:\/\/ekkla.ch\/","name":"Ekkla","description":"Der Onlineshop f\u00fcr Beleuchtung","publisher":{"@id":"https:\/\/ekkla.ch\/#organization"},"potentialAction":[{"@type":"SearchAction","target":{"@type":"EntryPoint","urlTemplate":"https:\/\/ekkla.ch\/?s={search_term_string}"},"query-input":"required name=search_term_string"}],"inLanguage":"de"},{"@type":"Organization","@id":"https:\/\/ekkla.ch\/#organization","name":"Ekkla","url":"https:\/\/ekkla.ch\/","logo":{"@type":"ImageObject","inLanguage":"de","@id":"https:\/\/ekkla.ch\/#\/schema\/logo\/image\/","url":"http:\/\/ekkla.ch\/wp-content\/uploads\/2019\/07\/logo-1.svg","contentUrl":"http:\/\/ekkla.ch\/wp-content\/uploads\/2019\/07\/logo-1.svg","width":1,"height":1,"caption":"Ekkla"},"image":{"@id":"https:\/\/ekkla.ch\/#\/schema\/logo\/image\/"},"sameAs":["https:\/\/www.instagram.com\/ekkla_light\/"]}]}},"_links":{"self":[{"href":"https:\/\/ekkla.ch\/de\/wp-json\/wp\/v2\/product\/172464"}],"collection":[{"href":"https:\/\/ekkla.ch\/de\/wp-json\/wp\/v2\/product"}],"about":[{"href":"https:\/\/ekkla.ch\/de\/wp-json\/wp\/v2\/types\/product"}],"wp:featuredmedia":[{"embeddable":true,"href":"https:\/\/ekkla.ch\/de\/wp-json\/wp\/v2\/media\/172582"}],"wp:attachment":[{"href":"https:\/\/ekkla.ch\/de\/wp-json\/wp\/v2\/media?parent=172464"}],"wp:term":[{"taxonomy":"product_cat","embeddable":true,"href":"https:\/\/ekkla.ch\/de\/wp-json\/wp\/v2\/product_cat?post=172464"},{"taxonomy":"product_tag","embeddable":true,"href":"https:\/\/ekkla.ch\/de\/wp-json\/wp\/v2\/product_tag?post=172464"}],"curies":[{"name":"wp","href":"https:\/\/api.w.org\/{rel}","templated":true}]}}