{"id":172476,"date":"2023-04-05T15:45:47","date_gmt":"2023-04-05T13:45:47","guid":{"rendered":"https:\/\/ekkla.ch\/produit\/stehlampe-fil-de-fer-f-aluminium-o50-catellani-smith\/"},"modified":"2023-04-10T21:52:28","modified_gmt":"2023-04-10T19:52:28","slug":"stehlampe-fil-de-fer-f-aluminium-o50-catellani-smith","status":"publish","type":"product","link":"https:\/\/ekkla.ch\/de\/produit\/stehlampe-fil-de-fer-f-aluminium-o50-catellani-smith\/","title":{"rendered":"Stehlampe Fil de Fer F &#8211; Aluminium &#8211; \u00d850 &#8211; Catellani &#038; Smith"},"content":{"rendered":"<p>Die Lampe Fil de Fer F 50 ist eine moderne Stehlampe der italienischen Marke Catellani &amp; Smith. Fil de Fer ist eine Lampe aus geformtem und geflochtenem Aluminiumdraht, die im Inneren von winzigen Gl\u00fchbirnen beleuchtet wird. Sie wurde von Enzo Catellani entworfen und hergestellt und ist die Kreation, die ihm am meisten am Herzen liegt. Sie wurde vor fast zwanzig Jahren f\u00fcr einen Sonderauftrag entworfen, aber nicht f\u00fcr dieses Projekt verwendet und hing daher in seinem Labor. Jedes Mal, wenn diese Lampe eingeschaltet gesehen wurde, gelang es ihr, ihren Betrachter mit etwas Besonderem und Magischem zu verzaubern. Enzo Catellani beschloss daraufhin, weiter daran zu arbeiten. Die Lampe wurde sp\u00e4ter auf den Markt gebracht und wurde zur repr\u00e4sentativsten Ikone der Catellani &amp; Smith-Produktion.<\/p>\n<p>Die Lampe Fil de Fer F 50 ist eine ideale Option, um in Schlafzimmern, im Esszimmer oder auch im Eingangsbereich eine warme Atmosph\u00e4re zu schaffen. Sie wird Ihrem Zuhause ein elegantes und zeitgem\u00e4sses Design verleihen.<\/p>\n<p>Catellani &amp; Smith ist eine italienische Leuchtenfirma, die 1989 gegr\u00fcndet wurde. Sie stellt einzigartige und elegante Lampen her, indem sie hochwertige Materialien verwendet. Die Lampen von Catellani &amp; Smith zeichnen sich oft durch innovative Designs, organische Formen und hochwertige Verarbeitung aus, wodurch einzigartige und elegante Lichteffekte entstehen. Sie zeichnen sich durch ihren kreativen Ansatz, ihre Liebe zum Detail und ihre F\u00e4higkeit aus, Licht in ein emotionales Erlebnis zu verwandeln.<\/p>\n<blockquote>\n<h2>Merkmale &amp; Eigenschaften<\/h2>\n<p><strong>Marke<\/strong>\u00a0Catellani &amp; Smith<\/p>\n<p><strong>Farbe <\/strong>Grau<\/p>\n<p><strong>Material<\/strong>\u00a0Aluminium<\/p>\n<p><strong>Lichtquelle<\/strong> LED<\/p>\n<p><strong>Stromversorgung (V)<\/strong> 110 &#8211; 240<\/p>\n<p><strong>Lichtstrom (lm)<\/strong> 750<\/p>\n<p><strong>Durchmesser (cm)<\/strong> 50<\/p>\n<p><strong>Kabell\u00e4nge (cm) <\/strong>170<\/p><\/blockquote>\n","protected":false},"excerpt":{"rendered":"<p>Die Lampe Fil de Fer F 50 ist eine moderne Stehlampe der italienischen Marke Catellani &amp; Smith. Fil de Fer ist eine Lampe aus geformtem und geflochtenem Aluminiumdraht, die im Inneren von winzigen Gl\u00fchbirnen beleuchtet wird. Sie wurde von Enzo Catellani entworfen und hergestellt und ist die Kreation, die ihm am meisten am Herzen liegt. [&hellip;]<\/p>\n","protected":false},"featured_media":172610,"template":"","meta":{"_acf_changed":false,"om_disable_all_campaigns":false},"product_cat":[289],"product_tag":[1254,1265,801],"bundled_by":[],"bundle_stock_status":"onbackorder","bundle_stock_quantity":null,"bundle_virtual":false,"bundle_layout":"","bundle_add_to_cart_form_location":"","bundle_editable_in_cart":false,"bundle_sold_individually_context":"","bundle_item_grouping":"","bundle_min_size":"","bundle_max_size":"","bundle_price":[],"bundled_items":[],"bundle_sell_ids":[],"acf":[],"yoast_head":"<!-- This site is optimized with the Yoast SEO Premium plugin v22.2 (Yoast SEO v22.8) - https:\/\/yoast.com\/wordpress\/plugins\/seo\/ -->\n<title>Stehlampe Fil de Fer F 50 | Catellani &amp; Smith | Design | Ekkla<\/title>\n<meta name=\"description\" content=\"Die Stehlampe Fil de Fer F 50 ist eine ideale Option f\u00fcr Wohnr\u00e4ume. Sie wird Ihrem Zuhause eine warme und gem\u00fctliche Atmosph\u00e4re verleihen.\" \/>\n<meta name=\"robots\" content=\"index, follow, max-snippet:-1, max-image-preview:large, max-video-preview:-1\" \/>\n<link rel=\"canonical\" href=\"https:\/\/ekkla.ch\/de\/produit\/stehlampe-fil-de-fer-f-aluminium-o50-catellani-smith\/\" \/>\n<meta property=\"og:locale\" content=\"de_DE\" \/>\n<meta property=\"og:type\" content=\"article\" \/>\n<meta property=\"og:title\" content=\"Stehlampe Fil de Fer F - Aluminium - \u00d850 - Catellani &amp; Smith\" \/>\n<meta property=\"og:description\" content=\"Die Stehlampe Fil de Fer F 50 ist eine ideale Option f\u00fcr Wohnr\u00e4ume. Sie wird Ihrem Zuhause eine warme und gem\u00fctliche Atmosph\u00e4re verleihen.\" \/>\n<meta property=\"og:url\" content=\"https:\/\/ekkla.ch\/de\/produit\/stehlampe-fil-de-fer-f-aluminium-o50-catellani-smith\/\" \/>\n<meta property=\"og:site_name\" content=\"Ekkla\" \/>\n<meta property=\"article:modified_time\" content=\"2023-04-10T19:52:28+00:00\" \/>\n<meta property=\"og:image\" content=\"https:\/\/ekkla.ch\/wp-content\/uploads\/2023\/04\/Catellani-ekkla-light_0059_Fil-de-Fer-F-off.jpg\" \/>\n\t<meta property=\"og:image:width\" content=\"900\" \/>\n\t<meta property=\"og:image:height\" content=\"900\" \/>\n\t<meta property=\"og:image:type\" content=\"image\/jpeg\" \/>\n<meta name=\"twitter:card\" content=\"summary_large_image\" \/>\n<meta name=\"twitter:label1\" content=\"Gesch\u00e4tzte Lesezeit\" \/>\n\t<meta name=\"twitter:data1\" content=\"2\u00a0Minuten\" \/>\n<script type=\"application\/ld+json\" class=\"yoast-schema-graph\">{\"@context\":\"https:\/\/schema.org\",\"@graph\":[{\"@type\":\"WebPage\",\"@id\":\"https:\/\/ekkla.ch\/de\/produit\/stehlampe-fil-de-fer-f-aluminium-o50-catellani-smith\/\",\"url\":\"https:\/\/ekkla.ch\/de\/produit\/stehlampe-fil-de-fer-f-aluminium-o50-catellani-smith\/\",\"name\":\"Stehlampe Fil de Fer F 50 | Catellani & Smith | Design | Ekkla\",\"isPartOf\":{\"@id\":\"https:\/\/ekkla.ch\/#website\"},\"primaryImageOfPage\":{\"@id\":\"https:\/\/ekkla.ch\/de\/produit\/stehlampe-fil-de-fer-f-aluminium-o50-catellani-smith\/#primaryimage\"},\"image\":{\"@id\":\"https:\/\/ekkla.ch\/de\/produit\/stehlampe-fil-de-fer-f-aluminium-o50-catellani-smith\/#primaryimage\"},\"thumbnailUrl\":\"https:\/\/ekkla.ch\/wp-content\/uploads\/2023\/04\/Catellani-ekkla-light_0059_Fil-de-Fer-F-off.jpg\",\"datePublished\":\"2023-04-05T13:45:47+00:00\",\"dateModified\":\"2023-04-10T19:52:28+00:00\",\"description\":\"Die Stehlampe Fil de Fer F 50 ist eine ideale Option f\u00fcr Wohnr\u00e4ume. Sie wird Ihrem Zuhause eine warme und gem\u00fctliche Atmosph\u00e4re verleihen.\",\"breadcrumb\":{\"@id\":\"https:\/\/ekkla.ch\/de\/produit\/stehlampe-fil-de-fer-f-aluminium-o50-catellani-smith\/#breadcrumb\"},\"inLanguage\":\"de\",\"potentialAction\":[{\"@type\":\"ReadAction\",\"target\":[\"https:\/\/ekkla.ch\/de\/produit\/stehlampe-fil-de-fer-f-aluminium-o50-catellani-smith\/\"]}]},{\"@type\":\"ImageObject\",\"inLanguage\":\"de\",\"@id\":\"https:\/\/ekkla.ch\/de\/produit\/stehlampe-fil-de-fer-f-aluminium-o50-catellani-smith\/#primaryimage\",\"url\":\"https:\/\/ekkla.ch\/wp-content\/uploads\/2023\/04\/Catellani-ekkla-light_0059_Fil-de-Fer-F-off.jpg\",\"contentUrl\":\"https:\/\/ekkla.ch\/wp-content\/uploads\/2023\/04\/Catellani-ekkla-light_0059_Fil-de-Fer-F-off.jpg\",\"width\":900,\"height\":900},{\"@type\":\"BreadcrumbList\",\"@id\":\"https:\/\/ekkla.ch\/de\/produit\/stehlampe-fil-de-fer-f-aluminium-o50-catellani-smith\/#breadcrumb\",\"itemListElement\":[{\"@type\":\"ListItem\",\"position\":1,\"name\":\"Home\",\"item\":\"https:\/\/ekkla.ch\/de\/\"},{\"@type\":\"ListItem\",\"position\":2,\"name\":\"Shop\",\"item\":\"https:\/\/ekkla.ch\/de\/shop\/\"},{\"@type\":\"ListItem\",\"position\":3,\"name\":\"Stehlampe Fil de Fer F &#8211; Aluminium &#8211; \u00d850 &#8211; Catellani &#038; Smith\"}]},{\"@type\":\"WebSite\",\"@id\":\"https:\/\/ekkla.ch\/#website\",\"url\":\"https:\/\/ekkla.ch\/\",\"name\":\"Ekkla\",\"description\":\"Der Onlineshop f\u00fcr Beleuchtung\",\"publisher\":{\"@id\":\"https:\/\/ekkla.ch\/#organization\"},\"potentialAction\":[{\"@type\":\"SearchAction\",\"target\":{\"@type\":\"EntryPoint\",\"urlTemplate\":\"https:\/\/ekkla.ch\/?s={search_term_string}\"},\"query-input\":\"required name=search_term_string\"}],\"inLanguage\":\"de\"},{\"@type\":\"Organization\",\"@id\":\"https:\/\/ekkla.ch\/#organization\",\"name\":\"Ekkla\",\"url\":\"https:\/\/ekkla.ch\/\",\"logo\":{\"@type\":\"ImageObject\",\"inLanguage\":\"de\",\"@id\":\"https:\/\/ekkla.ch\/#\/schema\/logo\/image\/\",\"url\":\"http:\/\/ekkla.ch\/wp-content\/uploads\/2019\/07\/logo-1.svg\",\"contentUrl\":\"http:\/\/ekkla.ch\/wp-content\/uploads\/2019\/07\/logo-1.svg\",\"width\":1,\"height\":1,\"caption\":\"Ekkla\"},\"image\":{\"@id\":\"https:\/\/ekkla.ch\/#\/schema\/logo\/image\/\"},\"sameAs\":[\"https:\/\/www.instagram.com\/ekkla_light\/\"]}]}<\/script>\n<!-- \/ Yoast SEO Premium plugin. -->","yoast_head_json":{"title":"Stehlampe Fil de Fer F 50 | Catellani & Smith | Design | Ekkla","description":"Die Stehlampe Fil de Fer F 50 ist eine ideale Option f\u00fcr Wohnr\u00e4ume. Sie wird Ihrem Zuhause eine warme und gem\u00fctliche Atmosph\u00e4re verleihen.","robots":{"index":"index","follow":"follow","max-snippet":"max-snippet:-1","max-image-preview":"max-image-preview:large","max-video-preview":"max-video-preview:-1"},"canonical":"https:\/\/ekkla.ch\/de\/produit\/stehlampe-fil-de-fer-f-aluminium-o50-catellani-smith\/","og_locale":"de_DE","og_type":"article","og_title":"Stehlampe Fil de Fer F - Aluminium - \u00d850 - Catellani & Smith","og_description":"Die Stehlampe Fil de Fer F 50 ist eine ideale Option f\u00fcr Wohnr\u00e4ume. Sie wird Ihrem Zuhause eine warme und gem\u00fctliche Atmosph\u00e4re verleihen.","og_url":"https:\/\/ekkla.ch\/de\/produit\/stehlampe-fil-de-fer-f-aluminium-o50-catellani-smith\/","og_site_name":"Ekkla","article_modified_time":"2023-04-10T19:52:28+00:00","og_image":[{"width":900,"height":900,"url":"https:\/\/ekkla.ch\/wp-content\/uploads\/2023\/04\/Catellani-ekkla-light_0059_Fil-de-Fer-F-off.jpg","type":"image\/jpeg"}],"twitter_card":"summary_large_image","twitter_misc":{"Gesch\u00e4tzte Lesezeit":"2\u00a0Minuten"},"schema":{"@context":"https:\/\/schema.org","@graph":[{"@type":"WebPage","@id":"https:\/\/ekkla.ch\/de\/produit\/stehlampe-fil-de-fer-f-aluminium-o50-catellani-smith\/","url":"https:\/\/ekkla.ch\/de\/produit\/stehlampe-fil-de-fer-f-aluminium-o50-catellani-smith\/","name":"Stehlampe Fil de Fer F 50 | Catellani & Smith | Design | Ekkla","isPartOf":{"@id":"https:\/\/ekkla.ch\/#website"},"primaryImageOfPage":{"@id":"https:\/\/ekkla.ch\/de\/produit\/stehlampe-fil-de-fer-f-aluminium-o50-catellani-smith\/#primaryimage"},"image":{"@id":"https:\/\/ekkla.ch\/de\/produit\/stehlampe-fil-de-fer-f-aluminium-o50-catellani-smith\/#primaryimage"},"thumbnailUrl":"https:\/\/ekkla.ch\/wp-content\/uploads\/2023\/04\/Catellani-ekkla-light_0059_Fil-de-Fer-F-off.jpg","datePublished":"2023-04-05T13:45:47+00:00","dateModified":"2023-04-10T19:52:28+00:00","description":"Die Stehlampe Fil de Fer F 50 ist eine ideale Option f\u00fcr Wohnr\u00e4ume. Sie wird Ihrem Zuhause eine warme und gem\u00fctliche Atmosph\u00e4re verleihen.","breadcrumb":{"@id":"https:\/\/ekkla.ch\/de\/produit\/stehlampe-fil-de-fer-f-aluminium-o50-catellani-smith\/#breadcrumb"},"inLanguage":"de","potentialAction":[{"@type":"ReadAction","target":["https:\/\/ekkla.ch\/de\/produit\/stehlampe-fil-de-fer-f-aluminium-o50-catellani-smith\/"]}]},{"@type":"ImageObject","inLanguage":"de","@id":"https:\/\/ekkla.ch\/de\/produit\/stehlampe-fil-de-fer-f-aluminium-o50-catellani-smith\/#primaryimage","url":"https:\/\/ekkla.ch\/wp-content\/uploads\/2023\/04\/Catellani-ekkla-light_0059_Fil-de-Fer-F-off.jpg","contentUrl":"https:\/\/ekkla.ch\/wp-content\/uploads\/2023\/04\/Catellani-ekkla-light_0059_Fil-de-Fer-F-off.jpg","width":900,"height":900},{"@type":"BreadcrumbList","@id":"https:\/\/ekkla.ch\/de\/produit\/stehlampe-fil-de-fer-f-aluminium-o50-catellani-smith\/#breadcrumb","itemListElement":[{"@type":"ListItem","position":1,"name":"Home","item":"https:\/\/ekkla.ch\/de\/"},{"@type":"ListItem","position":2,"name":"Shop","item":"https:\/\/ekkla.ch\/de\/shop\/"},{"@type":"ListItem","position":3,"name":"Stehlampe Fil de Fer F &#8211; Aluminium &#8211; \u00d850 &#8211; Catellani &#038; Smith"}]},{"@type":"WebSite","@id":"https:\/\/ekkla.ch\/#website","url":"https:\/\/ekkla.ch\/","name":"Ekkla","description":"Der Onlineshop f\u00fcr Beleuchtung","publisher":{"@id":"https:\/\/ekkla.ch\/#organization"},"potentialAction":[{"@type":"SearchAction","target":{"@type":"EntryPoint","urlTemplate":"https:\/\/ekkla.ch\/?s={search_term_string}"},"query-input":"required name=search_term_string"}],"inLanguage":"de"},{"@type":"Organization","@id":"https:\/\/ekkla.ch\/#organization","name":"Ekkla","url":"https:\/\/ekkla.ch\/","logo":{"@type":"ImageObject","inLanguage":"de","@id":"https:\/\/ekkla.ch\/#\/schema\/logo\/image\/","url":"http:\/\/ekkla.ch\/wp-content\/uploads\/2019\/07\/logo-1.svg","contentUrl":"http:\/\/ekkla.ch\/wp-content\/uploads\/2019\/07\/logo-1.svg","width":1,"height":1,"caption":"Ekkla"},"image":{"@id":"https:\/\/ekkla.ch\/#\/schema\/logo\/image\/"},"sameAs":["https:\/\/www.instagram.com\/ekkla_light\/"]}]}},"_links":{"self":[{"href":"https:\/\/ekkla.ch\/de\/wp-json\/wp\/v2\/product\/172476"}],"collection":[{"href":"https:\/\/ekkla.ch\/de\/wp-json\/wp\/v2\/product"}],"about":[{"href":"https:\/\/ekkla.ch\/de\/wp-json\/wp\/v2\/types\/product"}],"wp:featuredmedia":[{"embeddable":true,"href":"https:\/\/ekkla.ch\/de\/wp-json\/wp\/v2\/media\/172610"}],"wp:attachment":[{"href":"https:\/\/ekkla.ch\/de\/wp-json\/wp\/v2\/media?parent=172476"}],"wp:term":[{"taxonomy":"product_cat","embeddable":true,"href":"https:\/\/ekkla.ch\/de\/wp-json\/wp\/v2\/product_cat?post=172476"},{"taxonomy":"product_tag","embeddable":true,"href":"https:\/\/ekkla.ch\/de\/wp-json\/wp\/v2\/product_tag?post=172476"}],"curies":[{"name":"wp","href":"https:\/\/api.w.org\/{rel}","templated":true}]}}