{"id":172482,"date":"2023-04-05T16:22:26","date_gmt":"2023-04-05T14:22:26","guid":{"rendered":"https:\/\/ekkla.ch\/produit\/hangeleuchte-macchina-della-luce-i-silber-o80-catellani-smith\/"},"modified":"2023-04-10T22:31:58","modified_gmt":"2023-04-10T20:31:58","slug":"hangeleuchte-macchina-della-luce-i-silber-o80-catellani-smith","status":"publish","type":"product","link":"https:\/\/ekkla.ch\/de\/produit\/hangeleuchte-macchina-della-luce-i-silber-o80-catellani-smith\/","title":{"rendered":"H\u00e4ngeleuchte Macchina della Luce I &#8211; Silber &#8211; \u00d880 &#8211; Catellani &#038; Smith"},"content":{"rendered":"<p>Die H\u00e4ngeleuchte Macchina della Luce I ist eine moderne Lampe der italienischen Marke Catellani &amp; Smith. Macchina della Luce entstammt der Kollektion Luci d&#8217;Oro, die ebenfalls als Reflexion \u00fcber die Farbe des Lichts entstand: das goldene Licht der Sonne, des Feuers; warme Lichter, bei denen das Konzept der Lichtbrechung in Enzo Catellanis Kopf Gestalt anzunehmen begann und von ihm oft auf andere Kreationen angewendet wurde. Die H\u00e4ngeleuchte Macchina della Luce I ist eine ideale Option, um eine warme Atmosph\u00e4re in Schlafzimmern, Esszimmern oder auch im Eingangsbereich zu schaffen. Sie wird Ihrem Zuhause ein elegantes und zeitgem\u00e4sses Design verleihen.<\/p>\n<p>Catellani &amp; Smith ist eine italienische Leuchtenfirma, die 1989 gegr\u00fcndet wurde. Sie stellt einzigartige und elegante Lampen her, indem sie hochwertige Materialien verwendet. Die Lampen von Catellani &amp; Smith zeichnen sich oft durch innovative Designs, organische Formen und hochwertige Verarbeitung aus, wodurch einzigartige und elegante Lichteffekte entstehen. Sie zeichnen sich durch ihren kreativen Ansatz, ihre Liebe zum Detail und ihre F\u00e4higkeit aus, Licht in ein emotionales Erlebnis zu verwandeln.<\/p>\n<blockquote>\n<h2>Merkmale &amp; Eigenschaften<\/h2>\n<p><strong>Marke<\/strong> Catellani &amp; Smith<\/p>\n<p><strong>Farbe <\/strong>Silber<\/p>\n<p><strong>Materialien<\/strong> Aluminium undNickel<\/p>\n<p><strong>Lichtquelle<\/strong> LED<\/p>\n<p><strong>Stromversorgung (V)<\/strong> 220 &#8211; 240 (dimmable)<\/p>\n<p><strong>Lichtstrom (lm)<\/strong> 3150<\/p>\n<p><strong>Durchmesser der Scheiben (cm)<\/strong> 80 &#8211; 50 &#8211; 30<\/p>\n<p><strong>Max. H\u00f6he\u00a0(cm) <\/strong>145<\/p>\n<p><strong>Gewicht (kg)<\/strong> 8<\/p><\/blockquote>\n","protected":false},"excerpt":{"rendered":"<p>Die H\u00e4ngeleuchte Macchina della Luce I ist eine moderne Lampe der italienischen Marke Catellani &amp; Smith. Macchina della Luce entstammt der Kollektion Luci d&#8217;Oro, die ebenfalls als Reflexion \u00fcber die Farbe des Lichts entstand: das goldene Licht der Sonne, des Feuers; warme Lichter, bei denen das Konzept der Lichtbrechung in Enzo Catellanis Kopf Gestalt anzunehmen [&hellip;]<\/p>\n","protected":false},"featured_media":172624,"template":"","meta":{"_acf_changed":false,"om_disable_all_campaigns":false},"product_cat":[291],"product_tag":[1254,1265,801],"bundled_by":[],"bundle_stock_status":"onbackorder","bundle_stock_quantity":null,"bundle_virtual":false,"bundle_layout":"","bundle_add_to_cart_form_location":"","bundle_editable_in_cart":false,"bundle_sold_individually_context":"","bundle_item_grouping":"","bundle_min_size":"","bundle_max_size":"","bundle_price":[],"bundled_items":[],"bundle_sell_ids":[],"acf":[],"yoast_head":"<!-- This site is optimized with the Yoast SEO Premium plugin v22.2 (Yoast SEO v22.8) - https:\/\/yoast.com\/wordpress\/plugins\/seo\/ -->\n<title>H\u00e4ngeleuchte Macchina della Luce I | Catellani &amp; Smith | Ekkla<\/title>\n<meta name=\"description\" content=\"Die H\u00e4ngeleuchte Macchina della Luce I ist eine ideale Option f\u00fcr Wohnr\u00e4ume. Sie wird Ihrem Zuhause eine warme und gem\u00fctliche Atmosph\u00e4re verleihen.\" \/>\n<meta name=\"robots\" content=\"index, follow, max-snippet:-1, max-image-preview:large, max-video-preview:-1\" \/>\n<link rel=\"canonical\" href=\"https:\/\/ekkla.ch\/de\/produit\/hangeleuchte-macchina-della-luce-i-silber-o80-catellani-smith\/\" \/>\n<meta property=\"og:locale\" content=\"de_DE\" \/>\n<meta property=\"og:type\" content=\"article\" \/>\n<meta property=\"og:title\" content=\"H\u00e4ngeleuchte Macchina della Luce I - Silber - \u00d880 - Catellani &amp; Smith\" \/>\n<meta property=\"og:description\" content=\"Die H\u00e4ngeleuchte Macchina della Luce I ist eine ideale Option f\u00fcr Wohnr\u00e4ume. Sie wird Ihrem Zuhause eine warme und gem\u00fctliche Atmosph\u00e4re verleihen.\" \/>\n<meta property=\"og:url\" content=\"https:\/\/ekkla.ch\/de\/produit\/hangeleuchte-macchina-della-luce-i-silber-o80-catellani-smith\/\" \/>\n<meta property=\"og:site_name\" content=\"Ekkla\" \/>\n<meta property=\"article:modified_time\" content=\"2023-04-10T20:31:58+00:00\" \/>\n<meta property=\"og:image\" content=\"https:\/\/ekkla.ch\/wp-content\/uploads\/2023\/04\/Catellani-ekkla-light_0009_Macchina-della-Luce-I-off.jpg\" \/>\n\t<meta property=\"og:image:width\" content=\"900\" \/>\n\t<meta property=\"og:image:height\" content=\"900\" \/>\n\t<meta property=\"og:image:type\" content=\"image\/jpeg\" \/>\n<meta name=\"twitter:card\" content=\"summary_large_image\" \/>\n<meta name=\"twitter:label1\" content=\"Gesch\u00e4tzte Lesezeit\" \/>\n\t<meta name=\"twitter:data1\" content=\"2\u00a0Minuten\" \/>\n<script type=\"application\/ld+json\" class=\"yoast-schema-graph\">{\"@context\":\"https:\/\/schema.org\",\"@graph\":[{\"@type\":\"WebPage\",\"@id\":\"https:\/\/ekkla.ch\/de\/produit\/hangeleuchte-macchina-della-luce-i-silber-o80-catellani-smith\/\",\"url\":\"https:\/\/ekkla.ch\/de\/produit\/hangeleuchte-macchina-della-luce-i-silber-o80-catellani-smith\/\",\"name\":\"H\u00e4ngeleuchte Macchina della Luce I | Catellani & Smith | Ekkla\",\"isPartOf\":{\"@id\":\"https:\/\/ekkla.ch\/#website\"},\"primaryImageOfPage\":{\"@id\":\"https:\/\/ekkla.ch\/de\/produit\/hangeleuchte-macchina-della-luce-i-silber-o80-catellani-smith\/#primaryimage\"},\"image\":{\"@id\":\"https:\/\/ekkla.ch\/de\/produit\/hangeleuchte-macchina-della-luce-i-silber-o80-catellani-smith\/#primaryimage\"},\"thumbnailUrl\":\"https:\/\/ekkla.ch\/wp-content\/uploads\/2023\/04\/Catellani-ekkla-light_0009_Macchina-della-Luce-I-off.jpg\",\"datePublished\":\"2023-04-05T14:22:26+00:00\",\"dateModified\":\"2023-04-10T20:31:58+00:00\",\"description\":\"Die H\u00e4ngeleuchte Macchina della Luce I ist eine ideale Option f\u00fcr Wohnr\u00e4ume. Sie wird Ihrem Zuhause eine warme und gem\u00fctliche Atmosph\u00e4re verleihen.\",\"breadcrumb\":{\"@id\":\"https:\/\/ekkla.ch\/de\/produit\/hangeleuchte-macchina-della-luce-i-silber-o80-catellani-smith\/#breadcrumb\"},\"inLanguage\":\"de\",\"potentialAction\":[{\"@type\":\"ReadAction\",\"target\":[\"https:\/\/ekkla.ch\/de\/produit\/hangeleuchte-macchina-della-luce-i-silber-o80-catellani-smith\/\"]}]},{\"@type\":\"ImageObject\",\"inLanguage\":\"de\",\"@id\":\"https:\/\/ekkla.ch\/de\/produit\/hangeleuchte-macchina-della-luce-i-silber-o80-catellani-smith\/#primaryimage\",\"url\":\"https:\/\/ekkla.ch\/wp-content\/uploads\/2023\/04\/Catellani-ekkla-light_0009_Macchina-della-Luce-I-off.jpg\",\"contentUrl\":\"https:\/\/ekkla.ch\/wp-content\/uploads\/2023\/04\/Catellani-ekkla-light_0009_Macchina-della-Luce-I-off.jpg\",\"width\":900,\"height\":900},{\"@type\":\"BreadcrumbList\",\"@id\":\"https:\/\/ekkla.ch\/de\/produit\/hangeleuchte-macchina-della-luce-i-silber-o80-catellani-smith\/#breadcrumb\",\"itemListElement\":[{\"@type\":\"ListItem\",\"position\":1,\"name\":\"Home\",\"item\":\"https:\/\/ekkla.ch\/de\/\"},{\"@type\":\"ListItem\",\"position\":2,\"name\":\"Shop\",\"item\":\"https:\/\/ekkla.ch\/de\/shop\/\"},{\"@type\":\"ListItem\",\"position\":3,\"name\":\"H\u00e4ngeleuchte Macchina della Luce I &#8211; Silber &#8211; \u00d880 &#8211; Catellani &#038; Smith\"}]},{\"@type\":\"WebSite\",\"@id\":\"https:\/\/ekkla.ch\/#website\",\"url\":\"https:\/\/ekkla.ch\/\",\"name\":\"Ekkla\",\"description\":\"Der Onlineshop f\u00fcr Beleuchtung\",\"publisher\":{\"@id\":\"https:\/\/ekkla.ch\/#organization\"},\"potentialAction\":[{\"@type\":\"SearchAction\",\"target\":{\"@type\":\"EntryPoint\",\"urlTemplate\":\"https:\/\/ekkla.ch\/?s={search_term_string}\"},\"query-input\":\"required name=search_term_string\"}],\"inLanguage\":\"de\"},{\"@type\":\"Organization\",\"@id\":\"https:\/\/ekkla.ch\/#organization\",\"name\":\"Ekkla\",\"url\":\"https:\/\/ekkla.ch\/\",\"logo\":{\"@type\":\"ImageObject\",\"inLanguage\":\"de\",\"@id\":\"https:\/\/ekkla.ch\/#\/schema\/logo\/image\/\",\"url\":\"http:\/\/ekkla.ch\/wp-content\/uploads\/2019\/07\/logo-1.svg\",\"contentUrl\":\"http:\/\/ekkla.ch\/wp-content\/uploads\/2019\/07\/logo-1.svg\",\"width\":1,\"height\":1,\"caption\":\"Ekkla\"},\"image\":{\"@id\":\"https:\/\/ekkla.ch\/#\/schema\/logo\/image\/\"},\"sameAs\":[\"https:\/\/www.instagram.com\/ekkla_light\/\"]}]}<\/script>\n<!-- \/ Yoast SEO Premium plugin. -->","yoast_head_json":{"title":"H\u00e4ngeleuchte Macchina della Luce I | Catellani & Smith | Ekkla","description":"Die H\u00e4ngeleuchte Macchina della Luce I ist eine ideale Option f\u00fcr Wohnr\u00e4ume. Sie wird Ihrem Zuhause eine warme und gem\u00fctliche Atmosph\u00e4re verleihen.","robots":{"index":"index","follow":"follow","max-snippet":"max-snippet:-1","max-image-preview":"max-image-preview:large","max-video-preview":"max-video-preview:-1"},"canonical":"https:\/\/ekkla.ch\/de\/produit\/hangeleuchte-macchina-della-luce-i-silber-o80-catellani-smith\/","og_locale":"de_DE","og_type":"article","og_title":"H\u00e4ngeleuchte Macchina della Luce I - Silber - \u00d880 - Catellani & Smith","og_description":"Die H\u00e4ngeleuchte Macchina della Luce I ist eine ideale Option f\u00fcr Wohnr\u00e4ume. Sie wird Ihrem Zuhause eine warme und gem\u00fctliche Atmosph\u00e4re verleihen.","og_url":"https:\/\/ekkla.ch\/de\/produit\/hangeleuchte-macchina-della-luce-i-silber-o80-catellani-smith\/","og_site_name":"Ekkla","article_modified_time":"2023-04-10T20:31:58+00:00","og_image":[{"width":900,"height":900,"url":"https:\/\/ekkla.ch\/wp-content\/uploads\/2023\/04\/Catellani-ekkla-light_0009_Macchina-della-Luce-I-off.jpg","type":"image\/jpeg"}],"twitter_card":"summary_large_image","twitter_misc":{"Gesch\u00e4tzte Lesezeit":"2\u00a0Minuten"},"schema":{"@context":"https:\/\/schema.org","@graph":[{"@type":"WebPage","@id":"https:\/\/ekkla.ch\/de\/produit\/hangeleuchte-macchina-della-luce-i-silber-o80-catellani-smith\/","url":"https:\/\/ekkla.ch\/de\/produit\/hangeleuchte-macchina-della-luce-i-silber-o80-catellani-smith\/","name":"H\u00e4ngeleuchte Macchina della Luce I | Catellani & Smith | Ekkla","isPartOf":{"@id":"https:\/\/ekkla.ch\/#website"},"primaryImageOfPage":{"@id":"https:\/\/ekkla.ch\/de\/produit\/hangeleuchte-macchina-della-luce-i-silber-o80-catellani-smith\/#primaryimage"},"image":{"@id":"https:\/\/ekkla.ch\/de\/produit\/hangeleuchte-macchina-della-luce-i-silber-o80-catellani-smith\/#primaryimage"},"thumbnailUrl":"https:\/\/ekkla.ch\/wp-content\/uploads\/2023\/04\/Catellani-ekkla-light_0009_Macchina-della-Luce-I-off.jpg","datePublished":"2023-04-05T14:22:26+00:00","dateModified":"2023-04-10T20:31:58+00:00","description":"Die H\u00e4ngeleuchte Macchina della Luce I ist eine ideale Option f\u00fcr Wohnr\u00e4ume. Sie wird Ihrem Zuhause eine warme und gem\u00fctliche Atmosph\u00e4re verleihen.","breadcrumb":{"@id":"https:\/\/ekkla.ch\/de\/produit\/hangeleuchte-macchina-della-luce-i-silber-o80-catellani-smith\/#breadcrumb"},"inLanguage":"de","potentialAction":[{"@type":"ReadAction","target":["https:\/\/ekkla.ch\/de\/produit\/hangeleuchte-macchina-della-luce-i-silber-o80-catellani-smith\/"]}]},{"@type":"ImageObject","inLanguage":"de","@id":"https:\/\/ekkla.ch\/de\/produit\/hangeleuchte-macchina-della-luce-i-silber-o80-catellani-smith\/#primaryimage","url":"https:\/\/ekkla.ch\/wp-content\/uploads\/2023\/04\/Catellani-ekkla-light_0009_Macchina-della-Luce-I-off.jpg","contentUrl":"https:\/\/ekkla.ch\/wp-content\/uploads\/2023\/04\/Catellani-ekkla-light_0009_Macchina-della-Luce-I-off.jpg","width":900,"height":900},{"@type":"BreadcrumbList","@id":"https:\/\/ekkla.ch\/de\/produit\/hangeleuchte-macchina-della-luce-i-silber-o80-catellani-smith\/#breadcrumb","itemListElement":[{"@type":"ListItem","position":1,"name":"Home","item":"https:\/\/ekkla.ch\/de\/"},{"@type":"ListItem","position":2,"name":"Shop","item":"https:\/\/ekkla.ch\/de\/shop\/"},{"@type":"ListItem","position":3,"name":"H\u00e4ngeleuchte Macchina della Luce I &#8211; Silber &#8211; \u00d880 &#8211; Catellani &#038; Smith"}]},{"@type":"WebSite","@id":"https:\/\/ekkla.ch\/#website","url":"https:\/\/ekkla.ch\/","name":"Ekkla","description":"Der Onlineshop f\u00fcr Beleuchtung","publisher":{"@id":"https:\/\/ekkla.ch\/#organization"},"potentialAction":[{"@type":"SearchAction","target":{"@type":"EntryPoint","urlTemplate":"https:\/\/ekkla.ch\/?s={search_term_string}"},"query-input":"required name=search_term_string"}],"inLanguage":"de"},{"@type":"Organization","@id":"https:\/\/ekkla.ch\/#organization","name":"Ekkla","url":"https:\/\/ekkla.ch\/","logo":{"@type":"ImageObject","inLanguage":"de","@id":"https:\/\/ekkla.ch\/#\/schema\/logo\/image\/","url":"http:\/\/ekkla.ch\/wp-content\/uploads\/2019\/07\/logo-1.svg","contentUrl":"http:\/\/ekkla.ch\/wp-content\/uploads\/2019\/07\/logo-1.svg","width":1,"height":1,"caption":"Ekkla"},"image":{"@id":"https:\/\/ekkla.ch\/#\/schema\/logo\/image\/"},"sameAs":["https:\/\/www.instagram.com\/ekkla_light\/"]}]}},"_links":{"self":[{"href":"https:\/\/ekkla.ch\/de\/wp-json\/wp\/v2\/product\/172482"}],"collection":[{"href":"https:\/\/ekkla.ch\/de\/wp-json\/wp\/v2\/product"}],"about":[{"href":"https:\/\/ekkla.ch\/de\/wp-json\/wp\/v2\/types\/product"}],"wp:featuredmedia":[{"embeddable":true,"href":"https:\/\/ekkla.ch\/de\/wp-json\/wp\/v2\/media\/172624"}],"wp:attachment":[{"href":"https:\/\/ekkla.ch\/de\/wp-json\/wp\/v2\/media?parent=172482"}],"wp:term":[{"taxonomy":"product_cat","embeddable":true,"href":"https:\/\/ekkla.ch\/de\/wp-json\/wp\/v2\/product_cat?post=172482"},{"taxonomy":"product_tag","embeddable":true,"href":"https:\/\/ekkla.ch\/de\/wp-json\/wp\/v2\/product_tag?post=172482"}],"curies":[{"name":"wp","href":"https:\/\/api.w.org\/{rel}","templated":true}]}}