{"id":172491,"date":"2023-04-05T17:11:47","date_gmt":"2023-04-05T15:11:47","guid":{"rendered":"https:\/\/ekkla.ch\/produit\/stehleuchte-light-stick-f-schwarz-h-183-catellani-smith\/"},"modified":"2023-04-10T23:19:19","modified_gmt":"2023-04-10T21:19:19","slug":"stehleuchte-light-stick-f-schwarz-h-183-catellani-smith","status":"publish","type":"product","link":"https:\/\/ekkla.ch\/de\/produit\/stehleuchte-light-stick-f-schwarz-h-183-catellani-smith\/","title":{"rendered":"Stehleuchte Light Stick F &#8211; Schwarz &#8211; H.183 &#8211; Catellani &#038; Smith"},"content":{"rendered":"<p>Die Stehleuchte Light Stick F Schwarz ist eine moderne Lampe, die von der italienischen Marke Catellani &amp; Smith hergestellt wird. Sie wurde mit der Absicht entworfen, ein diskretes und essentielles Objekt zu sein, das fast unsichtbar ist, um nur dem Licht Platz zu lassen. Die Stehleuchte Light Stick F Schwarz ist eine ideale Option f\u00fcr das Schlafzimmer, das Esszimmer oder auch den Eingangsbereich. Sie eignet sich auch perfekt, um in B\u00fcros eine warme und gem\u00fctliche, aber dennoch dezente Atmosph\u00e4re zu schaffen. Diese Stehleuchte wird Ihrem Zuhause ein elegantes und zeitgem\u00e4sses Design verleihen.<\/p>\n<p>Catellani &amp; Smith ist eine italienische Leuchtenfirma, die 1989 gegr\u00fcndet wurde. Sie stellt einzigartige und elegante Lampen her, indem sie hochwertige Materialien verwendet. Die Lampen von Catellani &amp; Smith zeichnen sich oft durch innovative Designs, organische Formen und hochwertige Verarbeitung aus, wodurch einzigartige und elegante Lichteffekte entstehen. Sie zeichnen sich durch ihren kreativen Ansatz, ihre Liebe zum Detail und ihre F\u00e4higkeit aus, Licht in ein emotionales Erlebnis zu verwandeln.<\/p>\n<blockquote>\n<h2>Merkmale &amp; Eigenschaften<\/h2>\n<p><strong>Marke<\/strong> Catellani &amp; Smith<\/p>\n<p><strong>Farbe <\/strong>Schwarz<\/p>\n<p><strong>Materialien<\/strong> Metall und Kupfer<\/p>\n<p><strong>Lichtquelle<\/strong> LED<\/p>\n<p><strong>Stromversorgung (V)<\/strong> 110 ou 240 (dimmbar)<\/p>\n<p><strong>Lichtstrom (lm)<\/strong> 1400<\/p>\n<p><strong>Durchmesser der Basis (cm) <\/strong>8<\/p>\n<p><strong>H\u00f6he (cm)<\/strong> 183<\/p><\/blockquote>\n","protected":false},"excerpt":{"rendered":"<p>Die Stehleuchte Light Stick F Schwarz ist eine moderne Lampe, die von der italienischen Marke Catellani &amp; Smith hergestellt wird. Sie wurde mit der Absicht entworfen, ein diskretes und essentielles Objekt zu sein, das fast unsichtbar ist, um nur dem Licht Platz zu lassen. Die Stehleuchte Light Stick F Schwarz ist eine ideale Option f\u00fcr [&hellip;]<\/p>\n","protected":false},"featured_media":172660,"template":"","meta":{"_acf_changed":false,"om_disable_all_campaigns":false},"product_cat":[289],"product_tag":[1254,1265,801],"bundled_by":[],"bundle_stock_status":"onbackorder","bundle_stock_quantity":null,"bundle_virtual":false,"bundle_layout":"","bundle_add_to_cart_form_location":"","bundle_editable_in_cart":false,"bundle_sold_individually_context":"","bundle_item_grouping":"","bundle_min_size":"","bundle_max_size":"","bundle_price":[],"bundled_items":[],"bundle_sell_ids":[],"acf":[],"yoast_head":"<!-- This site is optimized with the Yoast SEO Premium plugin v22.2 (Yoast SEO v22.8) - https:\/\/yoast.com\/wordpress\/plugins\/seo\/ -->\n<title>Stehleuchte Light Stick F Schwarz | Catellani &amp; Smith | Ekkla<\/title>\n<meta name=\"description\" content=\"Die Stehleuchte Light Stick F Schwarz ist eine ideale Option f\u00fcr Wohnr\u00e4ume. Sie wird Ihrem Zuhause eine warme und gem\u00fctliche Atmosph\u00e4re verleihen.\" \/>\n<meta name=\"robots\" content=\"index, follow, max-snippet:-1, max-image-preview:large, max-video-preview:-1\" \/>\n<link rel=\"canonical\" href=\"https:\/\/ekkla.ch\/de\/produit\/stehleuchte-light-stick-f-schwarz-h-183-catellani-smith\/\" \/>\n<meta property=\"og:locale\" content=\"de_DE\" \/>\n<meta property=\"og:type\" content=\"article\" \/>\n<meta property=\"og:title\" content=\"Stehleuchte Light Stick F - Schwarz - H.183 - Catellani &amp; Smith\" \/>\n<meta property=\"og:description\" content=\"Die Stehleuchte Light Stick F Schwarz ist eine ideale Option f\u00fcr Wohnr\u00e4ume. Sie wird Ihrem Zuhause eine warme und gem\u00fctliche Atmosph\u00e4re verleihen.\" \/>\n<meta property=\"og:url\" content=\"https:\/\/ekkla.ch\/de\/produit\/stehleuchte-light-stick-f-schwarz-h-183-catellani-smith\/\" \/>\n<meta property=\"og:site_name\" content=\"Ekkla\" \/>\n<meta property=\"article:modified_time\" content=\"2023-04-10T21:19:19+00:00\" \/>\n<meta property=\"og:image\" content=\"https:\/\/ekkla.ch\/wp-content\/uploads\/2023\/04\/Catellani-ekkla-light_0021_Light-Stick-F-black-off.jpg\" \/>\n\t<meta property=\"og:image:width\" content=\"900\" \/>\n\t<meta property=\"og:image:height\" content=\"900\" \/>\n\t<meta property=\"og:image:type\" content=\"image\/jpeg\" \/>\n<meta name=\"twitter:card\" content=\"summary_large_image\" \/>\n<meta name=\"twitter:label1\" content=\"Gesch\u00e4tzte Lesezeit\" \/>\n\t<meta name=\"twitter:data1\" content=\"1\u00a0Minute\" \/>\n<script type=\"application\/ld+json\" class=\"yoast-schema-graph\">{\"@context\":\"https:\/\/schema.org\",\"@graph\":[{\"@type\":\"WebPage\",\"@id\":\"https:\/\/ekkla.ch\/de\/produit\/stehleuchte-light-stick-f-schwarz-h-183-catellani-smith\/\",\"url\":\"https:\/\/ekkla.ch\/de\/produit\/stehleuchte-light-stick-f-schwarz-h-183-catellani-smith\/\",\"name\":\"Stehleuchte Light Stick F Schwarz | Catellani & Smith | Ekkla\",\"isPartOf\":{\"@id\":\"https:\/\/ekkla.ch\/#website\"},\"primaryImageOfPage\":{\"@id\":\"https:\/\/ekkla.ch\/de\/produit\/stehleuchte-light-stick-f-schwarz-h-183-catellani-smith\/#primaryimage\"},\"image\":{\"@id\":\"https:\/\/ekkla.ch\/de\/produit\/stehleuchte-light-stick-f-schwarz-h-183-catellani-smith\/#primaryimage\"},\"thumbnailUrl\":\"https:\/\/ekkla.ch\/wp-content\/uploads\/2023\/04\/Catellani-ekkla-light_0021_Light-Stick-F-black-off.jpg\",\"datePublished\":\"2023-04-05T15:11:47+00:00\",\"dateModified\":\"2023-04-10T21:19:19+00:00\",\"description\":\"Die Stehleuchte Light Stick F Schwarz ist eine ideale Option f\u00fcr Wohnr\u00e4ume. Sie wird Ihrem Zuhause eine warme und gem\u00fctliche Atmosph\u00e4re verleihen.\",\"breadcrumb\":{\"@id\":\"https:\/\/ekkla.ch\/de\/produit\/stehleuchte-light-stick-f-schwarz-h-183-catellani-smith\/#breadcrumb\"},\"inLanguage\":\"de\",\"potentialAction\":[{\"@type\":\"ReadAction\",\"target\":[\"https:\/\/ekkla.ch\/de\/produit\/stehleuchte-light-stick-f-schwarz-h-183-catellani-smith\/\"]}]},{\"@type\":\"ImageObject\",\"inLanguage\":\"de\",\"@id\":\"https:\/\/ekkla.ch\/de\/produit\/stehleuchte-light-stick-f-schwarz-h-183-catellani-smith\/#primaryimage\",\"url\":\"https:\/\/ekkla.ch\/wp-content\/uploads\/2023\/04\/Catellani-ekkla-light_0021_Light-Stick-F-black-off.jpg\",\"contentUrl\":\"https:\/\/ekkla.ch\/wp-content\/uploads\/2023\/04\/Catellani-ekkla-light_0021_Light-Stick-F-black-off.jpg\",\"width\":900,\"height\":900},{\"@type\":\"BreadcrumbList\",\"@id\":\"https:\/\/ekkla.ch\/de\/produit\/stehleuchte-light-stick-f-schwarz-h-183-catellani-smith\/#breadcrumb\",\"itemListElement\":[{\"@type\":\"ListItem\",\"position\":1,\"name\":\"Home\",\"item\":\"https:\/\/ekkla.ch\/de\/\"},{\"@type\":\"ListItem\",\"position\":2,\"name\":\"Shop\",\"item\":\"https:\/\/ekkla.ch\/de\/shop\/\"},{\"@type\":\"ListItem\",\"position\":3,\"name\":\"Stehleuchte Light Stick F &#8211; Schwarz &#8211; H.183 &#8211; Catellani &#038; Smith\"}]},{\"@type\":\"WebSite\",\"@id\":\"https:\/\/ekkla.ch\/#website\",\"url\":\"https:\/\/ekkla.ch\/\",\"name\":\"Ekkla\",\"description\":\"Der Onlineshop f\u00fcr Beleuchtung\",\"publisher\":{\"@id\":\"https:\/\/ekkla.ch\/#organization\"},\"potentialAction\":[{\"@type\":\"SearchAction\",\"target\":{\"@type\":\"EntryPoint\",\"urlTemplate\":\"https:\/\/ekkla.ch\/?s={search_term_string}\"},\"query-input\":\"required name=search_term_string\"}],\"inLanguage\":\"de\"},{\"@type\":\"Organization\",\"@id\":\"https:\/\/ekkla.ch\/#organization\",\"name\":\"Ekkla\",\"url\":\"https:\/\/ekkla.ch\/\",\"logo\":{\"@type\":\"ImageObject\",\"inLanguage\":\"de\",\"@id\":\"https:\/\/ekkla.ch\/#\/schema\/logo\/image\/\",\"url\":\"http:\/\/ekkla.ch\/wp-content\/uploads\/2019\/07\/logo-1.svg\",\"contentUrl\":\"http:\/\/ekkla.ch\/wp-content\/uploads\/2019\/07\/logo-1.svg\",\"width\":1,\"height\":1,\"caption\":\"Ekkla\"},\"image\":{\"@id\":\"https:\/\/ekkla.ch\/#\/schema\/logo\/image\/\"},\"sameAs\":[\"https:\/\/www.instagram.com\/ekkla_light\/\"]}]}<\/script>\n<!-- \/ Yoast SEO Premium plugin. -->","yoast_head_json":{"title":"Stehleuchte Light Stick F Schwarz | Catellani & Smith | Ekkla","description":"Die Stehleuchte Light Stick F Schwarz ist eine ideale Option f\u00fcr Wohnr\u00e4ume. Sie wird Ihrem Zuhause eine warme und gem\u00fctliche Atmosph\u00e4re verleihen.","robots":{"index":"index","follow":"follow","max-snippet":"max-snippet:-1","max-image-preview":"max-image-preview:large","max-video-preview":"max-video-preview:-1"},"canonical":"https:\/\/ekkla.ch\/de\/produit\/stehleuchte-light-stick-f-schwarz-h-183-catellani-smith\/","og_locale":"de_DE","og_type":"article","og_title":"Stehleuchte Light Stick F - Schwarz - H.183 - Catellani & Smith","og_description":"Die Stehleuchte Light Stick F Schwarz ist eine ideale Option f\u00fcr Wohnr\u00e4ume. Sie wird Ihrem Zuhause eine warme und gem\u00fctliche Atmosph\u00e4re verleihen.","og_url":"https:\/\/ekkla.ch\/de\/produit\/stehleuchte-light-stick-f-schwarz-h-183-catellani-smith\/","og_site_name":"Ekkla","article_modified_time":"2023-04-10T21:19:19+00:00","og_image":[{"width":900,"height":900,"url":"https:\/\/ekkla.ch\/wp-content\/uploads\/2023\/04\/Catellani-ekkla-light_0021_Light-Stick-F-black-off.jpg","type":"image\/jpeg"}],"twitter_card":"summary_large_image","twitter_misc":{"Gesch\u00e4tzte Lesezeit":"1\u00a0Minute"},"schema":{"@context":"https:\/\/schema.org","@graph":[{"@type":"WebPage","@id":"https:\/\/ekkla.ch\/de\/produit\/stehleuchte-light-stick-f-schwarz-h-183-catellani-smith\/","url":"https:\/\/ekkla.ch\/de\/produit\/stehleuchte-light-stick-f-schwarz-h-183-catellani-smith\/","name":"Stehleuchte Light Stick F Schwarz | Catellani & Smith | Ekkla","isPartOf":{"@id":"https:\/\/ekkla.ch\/#website"},"primaryImageOfPage":{"@id":"https:\/\/ekkla.ch\/de\/produit\/stehleuchte-light-stick-f-schwarz-h-183-catellani-smith\/#primaryimage"},"image":{"@id":"https:\/\/ekkla.ch\/de\/produit\/stehleuchte-light-stick-f-schwarz-h-183-catellani-smith\/#primaryimage"},"thumbnailUrl":"https:\/\/ekkla.ch\/wp-content\/uploads\/2023\/04\/Catellani-ekkla-light_0021_Light-Stick-F-black-off.jpg","datePublished":"2023-04-05T15:11:47+00:00","dateModified":"2023-04-10T21:19:19+00:00","description":"Die Stehleuchte Light Stick F Schwarz ist eine ideale Option f\u00fcr Wohnr\u00e4ume. Sie wird Ihrem Zuhause eine warme und gem\u00fctliche Atmosph\u00e4re verleihen.","breadcrumb":{"@id":"https:\/\/ekkla.ch\/de\/produit\/stehleuchte-light-stick-f-schwarz-h-183-catellani-smith\/#breadcrumb"},"inLanguage":"de","potentialAction":[{"@type":"ReadAction","target":["https:\/\/ekkla.ch\/de\/produit\/stehleuchte-light-stick-f-schwarz-h-183-catellani-smith\/"]}]},{"@type":"ImageObject","inLanguage":"de","@id":"https:\/\/ekkla.ch\/de\/produit\/stehleuchte-light-stick-f-schwarz-h-183-catellani-smith\/#primaryimage","url":"https:\/\/ekkla.ch\/wp-content\/uploads\/2023\/04\/Catellani-ekkla-light_0021_Light-Stick-F-black-off.jpg","contentUrl":"https:\/\/ekkla.ch\/wp-content\/uploads\/2023\/04\/Catellani-ekkla-light_0021_Light-Stick-F-black-off.jpg","width":900,"height":900},{"@type":"BreadcrumbList","@id":"https:\/\/ekkla.ch\/de\/produit\/stehleuchte-light-stick-f-schwarz-h-183-catellani-smith\/#breadcrumb","itemListElement":[{"@type":"ListItem","position":1,"name":"Home","item":"https:\/\/ekkla.ch\/de\/"},{"@type":"ListItem","position":2,"name":"Shop","item":"https:\/\/ekkla.ch\/de\/shop\/"},{"@type":"ListItem","position":3,"name":"Stehleuchte Light Stick F &#8211; Schwarz &#8211; H.183 &#8211; Catellani &#038; Smith"}]},{"@type":"WebSite","@id":"https:\/\/ekkla.ch\/#website","url":"https:\/\/ekkla.ch\/","name":"Ekkla","description":"Der Onlineshop f\u00fcr Beleuchtung","publisher":{"@id":"https:\/\/ekkla.ch\/#organization"},"potentialAction":[{"@type":"SearchAction","target":{"@type":"EntryPoint","urlTemplate":"https:\/\/ekkla.ch\/?s={search_term_string}"},"query-input":"required name=search_term_string"}],"inLanguage":"de"},{"@type":"Organization","@id":"https:\/\/ekkla.ch\/#organization","name":"Ekkla","url":"https:\/\/ekkla.ch\/","logo":{"@type":"ImageObject","inLanguage":"de","@id":"https:\/\/ekkla.ch\/#\/schema\/logo\/image\/","url":"http:\/\/ekkla.ch\/wp-content\/uploads\/2019\/07\/logo-1.svg","contentUrl":"http:\/\/ekkla.ch\/wp-content\/uploads\/2019\/07\/logo-1.svg","width":1,"height":1,"caption":"Ekkla"},"image":{"@id":"https:\/\/ekkla.ch\/#\/schema\/logo\/image\/"},"sameAs":["https:\/\/www.instagram.com\/ekkla_light\/"]}]}},"_links":{"self":[{"href":"https:\/\/ekkla.ch\/de\/wp-json\/wp\/v2\/product\/172491"}],"collection":[{"href":"https:\/\/ekkla.ch\/de\/wp-json\/wp\/v2\/product"}],"about":[{"href":"https:\/\/ekkla.ch\/de\/wp-json\/wp\/v2\/types\/product"}],"wp:featuredmedia":[{"embeddable":true,"href":"https:\/\/ekkla.ch\/de\/wp-json\/wp\/v2\/media\/172660"}],"wp:attachment":[{"href":"https:\/\/ekkla.ch\/de\/wp-json\/wp\/v2\/media?parent=172491"}],"wp:term":[{"taxonomy":"product_cat","embeddable":true,"href":"https:\/\/ekkla.ch\/de\/wp-json\/wp\/v2\/product_cat?post=172491"},{"taxonomy":"product_tag","embeddable":true,"href":"https:\/\/ekkla.ch\/de\/wp-json\/wp\/v2\/product_tag?post=172491"}],"curies":[{"name":"wp","href":"https:\/\/api.w.org\/{rel}","templated":true}]}}