{"id":172844,"date":"2023-03-13T18:37:45","date_gmt":"2023-03-13T17:37:45","guid":{"rendered":"https:\/\/ekkla.ch\/produit\/hangeleuchte-snoob-schwarzes-aluminium-o73-karman\/"},"modified":"2023-04-13T20:56:11","modified_gmt":"2023-04-13T18:56:11","slug":"hangeleuchte-snoob-schwarzes-aluminium-o73-karman","status":"publish","type":"product","link":"https:\/\/ekkla.ch\/de\/produit\/hangeleuchte-snoob-schwarzes-aluminium-o73-karman\/","title":{"rendered":"H\u00e4ngeleuchte Snoob &#8211; Schwarzes Aluminium &#8211; \u00d873 &#8211; Karman"},"content":{"rendered":"<p>Die H\u00e4ngeleuchte Snoob ist ein Entwurf von Matteo Ugolini f\u00fcr das ber\u00fchmte italienische Haus Karman. Dieser Kronleuchter, der einer Palastdekoration w\u00fcrdig ist, ist ein imposantes und elegantes Dekoelement. Durch sein schickes, schlichtes Design f\u00fcgt er sich perfekt in jede K\u00fcchendekoration ein. \u00dcber dem Esstisch sorgt die H\u00e4ngeleuchte Snoob mit ihren 16 LED-Lampen f\u00fcr eine stimmungsvolle Beleuchtung.<\/p>\n<blockquote>\n<h2 style=\"text-align: left;\">Merkmale &amp; Eigenschaften<\/h2>\n<p><strong>Marke<\/strong> Karman<\/p>\n<p style=\"text-align: left;\"><strong>Farbe <\/strong>Schwarz<\/p>\n<p><strong>Materialien <\/strong>Metall und Aluminium<\/p>\n<p><strong>Gl\u00fchbirne<\/strong> 16 x E14<\/p>\n<p><strong>Max. Leistung (W)<\/strong> 42<\/p>\n<p><b>Durhchmesser (cm)<\/b> 130<\/p>\n<p><strong>H\u00f6he (cm)<\/strong>\u00a035<\/p>\n<p><strong>Max. Kabell\u00e4nge\u00a0(cm)<\/strong> 200<\/p>\n<p><strong>Gewicht (kg)<\/strong> 5,5<\/p><\/blockquote>\n","protected":false},"excerpt":{"rendered":"<p>Die H\u00e4ngeleuchte Snoob ist ein Entwurf von Matteo Ugolini f\u00fcr das ber\u00fchmte italienische Haus Karman. Dieser Kronleuchter, der einer Palastdekoration w\u00fcrdig ist, ist ein imposantes und elegantes Dekoelement. Durch sein schickes, schlichtes Design f\u00fcgt er sich perfekt in jede K\u00fcchendekoration ein. \u00dcber dem Esstisch sorgt die H\u00e4ngeleuchte Snoob mit ihren 16 LED-Lampen f\u00fcr eine stimmungsvolle [&hellip;]<\/p>\n","protected":false},"featured_media":174132,"template":"","meta":{"_acf_changed":false,"om_disable_all_campaigns":false},"product_cat":[291],"product_tag":[892,1188,801,816],"bundled_by":[],"bundle_stock_status":"onbackorder","bundle_stock_quantity":null,"bundle_virtual":false,"bundle_layout":"","bundle_add_to_cart_form_location":"","bundle_editable_in_cart":false,"bundle_sold_individually_context":"","bundle_item_grouping":"","bundle_min_size":"","bundle_max_size":"","bundle_price":[],"bundled_items":[],"bundle_sell_ids":[],"acf":[],"yoast_head":"<!-- This site is optimized with the Yoast SEO Premium plugin v22.2 (Yoast SEO v22.8) - https:\/\/yoast.com\/wordpress\/plugins\/seo\/ -->\n<title>Karman | H\u00e4ngeleuchte Snoob | Schwarzes Aluminium | Ekkla<\/title>\n<meta name=\"description\" content=\"Die H\u00e4ngeleuchte Snoob k\u00f6nnte in einem Palast ausgestellt werden. Schick und elegant, wird sie mit ihren 16 Gl\u00fchbirnen Ihre Abende erleuchten.\" \/>\n<meta name=\"robots\" content=\"index, follow, max-snippet:-1, max-image-preview:large, max-video-preview:-1\" \/>\n<link rel=\"canonical\" href=\"https:\/\/ekkla.ch\/de\/produit\/hangeleuchte-snoob-schwarzes-aluminium-o73-karman\/\" \/>\n<meta property=\"og:locale\" content=\"de_DE\" \/>\n<meta property=\"og:type\" content=\"article\" \/>\n<meta property=\"og:title\" content=\"H\u00e4ngeleuchte Snoob - Schwarzes Aluminium - \u00d873 - Karman\" \/>\n<meta property=\"og:description\" content=\"Die H\u00e4ngeleuchte Snoob k\u00f6nnte in einem Palast ausgestellt werden. Schick und elegant, wird sie mit ihren 16 Gl\u00fchbirnen Ihre Abende erleuchten.\" \/>\n<meta property=\"og:url\" content=\"https:\/\/ekkla.ch\/de\/produit\/hangeleuchte-snoob-schwarzes-aluminium-o73-karman\/\" \/>\n<meta property=\"og:site_name\" content=\"Ekkla\" \/>\n<meta property=\"article:modified_time\" content=\"2023-04-13T18:56:11+00:00\" \/>\n<meta property=\"og:image\" content=\"https:\/\/ekkla.ch\/wp-content\/uploads\/2023\/03\/karman-ekkla-light_snoob_noir.jpg\" \/>\n\t<meta property=\"og:image:width\" content=\"900\" \/>\n\t<meta property=\"og:image:height\" content=\"900\" \/>\n\t<meta property=\"og:image:type\" content=\"image\/jpeg\" \/>\n<meta name=\"twitter:card\" content=\"summary_large_image\" \/>\n<meta name=\"twitter:label1\" content=\"Gesch\u00e4tzte Lesezeit\" \/>\n\t<meta name=\"twitter:data1\" content=\"1\u00a0Minute\" \/>\n<script type=\"application\/ld+json\" class=\"yoast-schema-graph\">{\"@context\":\"https:\/\/schema.org\",\"@graph\":[{\"@type\":\"WebPage\",\"@id\":\"https:\/\/ekkla.ch\/de\/produit\/hangeleuchte-snoob-schwarzes-aluminium-o73-karman\/\",\"url\":\"https:\/\/ekkla.ch\/de\/produit\/hangeleuchte-snoob-schwarzes-aluminium-o73-karman\/\",\"name\":\"Karman | H\u00e4ngeleuchte Snoob | Schwarzes Aluminium | Ekkla\",\"isPartOf\":{\"@id\":\"https:\/\/ekkla.ch\/#website\"},\"primaryImageOfPage\":{\"@id\":\"https:\/\/ekkla.ch\/de\/produit\/hangeleuchte-snoob-schwarzes-aluminium-o73-karman\/#primaryimage\"},\"image\":{\"@id\":\"https:\/\/ekkla.ch\/de\/produit\/hangeleuchte-snoob-schwarzes-aluminium-o73-karman\/#primaryimage\"},\"thumbnailUrl\":\"https:\/\/ekkla.ch\/wp-content\/uploads\/2023\/03\/karman-ekkla-light_snoob_noir.jpg\",\"datePublished\":\"2023-03-13T17:37:45+00:00\",\"dateModified\":\"2023-04-13T18:56:11+00:00\",\"description\":\"Die H\u00e4ngeleuchte Snoob k\u00f6nnte in einem Palast ausgestellt werden. Schick und elegant, wird sie mit ihren 16 Gl\u00fchbirnen Ihre Abende erleuchten.\",\"breadcrumb\":{\"@id\":\"https:\/\/ekkla.ch\/de\/produit\/hangeleuchte-snoob-schwarzes-aluminium-o73-karman\/#breadcrumb\"},\"inLanguage\":\"de\",\"potentialAction\":[{\"@type\":\"ReadAction\",\"target\":[\"https:\/\/ekkla.ch\/de\/produit\/hangeleuchte-snoob-schwarzes-aluminium-o73-karman\/\"]}]},{\"@type\":\"ImageObject\",\"inLanguage\":\"de\",\"@id\":\"https:\/\/ekkla.ch\/de\/produit\/hangeleuchte-snoob-schwarzes-aluminium-o73-karman\/#primaryimage\",\"url\":\"https:\/\/ekkla.ch\/wp-content\/uploads\/2023\/03\/karman-ekkla-light_snoob_noir.jpg\",\"contentUrl\":\"https:\/\/ekkla.ch\/wp-content\/uploads\/2023\/03\/karman-ekkla-light_snoob_noir.jpg\",\"width\":900,\"height\":900},{\"@type\":\"BreadcrumbList\",\"@id\":\"https:\/\/ekkla.ch\/de\/produit\/hangeleuchte-snoob-schwarzes-aluminium-o73-karman\/#breadcrumb\",\"itemListElement\":[{\"@type\":\"ListItem\",\"position\":1,\"name\":\"Home\",\"item\":\"https:\/\/ekkla.ch\/de\/\"},{\"@type\":\"ListItem\",\"position\":2,\"name\":\"Shop\",\"item\":\"https:\/\/ekkla.ch\/de\/shop\/\"},{\"@type\":\"ListItem\",\"position\":3,\"name\":\"H\u00e4ngeleuchte Snoob &#8211; Schwarzes Aluminium &#8211; \u00d873 &#8211; Karman\"}]},{\"@type\":\"WebSite\",\"@id\":\"https:\/\/ekkla.ch\/#website\",\"url\":\"https:\/\/ekkla.ch\/\",\"name\":\"Ekkla\",\"description\":\"Der Onlineshop f\u00fcr Beleuchtung\",\"publisher\":{\"@id\":\"https:\/\/ekkla.ch\/#organization\"},\"potentialAction\":[{\"@type\":\"SearchAction\",\"target\":{\"@type\":\"EntryPoint\",\"urlTemplate\":\"https:\/\/ekkla.ch\/?s={search_term_string}\"},\"query-input\":\"required name=search_term_string\"}],\"inLanguage\":\"de\"},{\"@type\":\"Organization\",\"@id\":\"https:\/\/ekkla.ch\/#organization\",\"name\":\"Ekkla\",\"url\":\"https:\/\/ekkla.ch\/\",\"logo\":{\"@type\":\"ImageObject\",\"inLanguage\":\"de\",\"@id\":\"https:\/\/ekkla.ch\/#\/schema\/logo\/image\/\",\"url\":\"http:\/\/ekkla.ch\/wp-content\/uploads\/2019\/07\/logo-1.svg\",\"contentUrl\":\"http:\/\/ekkla.ch\/wp-content\/uploads\/2019\/07\/logo-1.svg\",\"width\":1,\"height\":1,\"caption\":\"Ekkla\"},\"image\":{\"@id\":\"https:\/\/ekkla.ch\/#\/schema\/logo\/image\/\"},\"sameAs\":[\"https:\/\/www.instagram.com\/ekkla_light\/\"]}]}<\/script>\n<!-- \/ Yoast SEO Premium plugin. -->","yoast_head_json":{"title":"Karman | H\u00e4ngeleuchte Snoob | Schwarzes Aluminium | Ekkla","description":"Die H\u00e4ngeleuchte Snoob k\u00f6nnte in einem Palast ausgestellt werden. Schick und elegant, wird sie mit ihren 16 Gl\u00fchbirnen Ihre Abende erleuchten.","robots":{"index":"index","follow":"follow","max-snippet":"max-snippet:-1","max-image-preview":"max-image-preview:large","max-video-preview":"max-video-preview:-1"},"canonical":"https:\/\/ekkla.ch\/de\/produit\/hangeleuchte-snoob-schwarzes-aluminium-o73-karman\/","og_locale":"de_DE","og_type":"article","og_title":"H\u00e4ngeleuchte Snoob - Schwarzes Aluminium - \u00d873 - Karman","og_description":"Die H\u00e4ngeleuchte Snoob k\u00f6nnte in einem Palast ausgestellt werden. Schick und elegant, wird sie mit ihren 16 Gl\u00fchbirnen Ihre Abende erleuchten.","og_url":"https:\/\/ekkla.ch\/de\/produit\/hangeleuchte-snoob-schwarzes-aluminium-o73-karman\/","og_site_name":"Ekkla","article_modified_time":"2023-04-13T18:56:11+00:00","og_image":[{"width":900,"height":900,"url":"https:\/\/ekkla.ch\/wp-content\/uploads\/2023\/03\/karman-ekkla-light_snoob_noir.jpg","type":"image\/jpeg"}],"twitter_card":"summary_large_image","twitter_misc":{"Gesch\u00e4tzte Lesezeit":"1\u00a0Minute"},"schema":{"@context":"https:\/\/schema.org","@graph":[{"@type":"WebPage","@id":"https:\/\/ekkla.ch\/de\/produit\/hangeleuchte-snoob-schwarzes-aluminium-o73-karman\/","url":"https:\/\/ekkla.ch\/de\/produit\/hangeleuchte-snoob-schwarzes-aluminium-o73-karman\/","name":"Karman | H\u00e4ngeleuchte Snoob | Schwarzes Aluminium | Ekkla","isPartOf":{"@id":"https:\/\/ekkla.ch\/#website"},"primaryImageOfPage":{"@id":"https:\/\/ekkla.ch\/de\/produit\/hangeleuchte-snoob-schwarzes-aluminium-o73-karman\/#primaryimage"},"image":{"@id":"https:\/\/ekkla.ch\/de\/produit\/hangeleuchte-snoob-schwarzes-aluminium-o73-karman\/#primaryimage"},"thumbnailUrl":"https:\/\/ekkla.ch\/wp-content\/uploads\/2023\/03\/karman-ekkla-light_snoob_noir.jpg","datePublished":"2023-03-13T17:37:45+00:00","dateModified":"2023-04-13T18:56:11+00:00","description":"Die H\u00e4ngeleuchte Snoob k\u00f6nnte in einem Palast ausgestellt werden. Schick und elegant, wird sie mit ihren 16 Gl\u00fchbirnen Ihre Abende erleuchten.","breadcrumb":{"@id":"https:\/\/ekkla.ch\/de\/produit\/hangeleuchte-snoob-schwarzes-aluminium-o73-karman\/#breadcrumb"},"inLanguage":"de","potentialAction":[{"@type":"ReadAction","target":["https:\/\/ekkla.ch\/de\/produit\/hangeleuchte-snoob-schwarzes-aluminium-o73-karman\/"]}]},{"@type":"ImageObject","inLanguage":"de","@id":"https:\/\/ekkla.ch\/de\/produit\/hangeleuchte-snoob-schwarzes-aluminium-o73-karman\/#primaryimage","url":"https:\/\/ekkla.ch\/wp-content\/uploads\/2023\/03\/karman-ekkla-light_snoob_noir.jpg","contentUrl":"https:\/\/ekkla.ch\/wp-content\/uploads\/2023\/03\/karman-ekkla-light_snoob_noir.jpg","width":900,"height":900},{"@type":"BreadcrumbList","@id":"https:\/\/ekkla.ch\/de\/produit\/hangeleuchte-snoob-schwarzes-aluminium-o73-karman\/#breadcrumb","itemListElement":[{"@type":"ListItem","position":1,"name":"Home","item":"https:\/\/ekkla.ch\/de\/"},{"@type":"ListItem","position":2,"name":"Shop","item":"https:\/\/ekkla.ch\/de\/shop\/"},{"@type":"ListItem","position":3,"name":"H\u00e4ngeleuchte Snoob &#8211; Schwarzes Aluminium &#8211; \u00d873 &#8211; Karman"}]},{"@type":"WebSite","@id":"https:\/\/ekkla.ch\/#website","url":"https:\/\/ekkla.ch\/","name":"Ekkla","description":"Der Onlineshop f\u00fcr Beleuchtung","publisher":{"@id":"https:\/\/ekkla.ch\/#organization"},"potentialAction":[{"@type":"SearchAction","target":{"@type":"EntryPoint","urlTemplate":"https:\/\/ekkla.ch\/?s={search_term_string}"},"query-input":"required name=search_term_string"}],"inLanguage":"de"},{"@type":"Organization","@id":"https:\/\/ekkla.ch\/#organization","name":"Ekkla","url":"https:\/\/ekkla.ch\/","logo":{"@type":"ImageObject","inLanguage":"de","@id":"https:\/\/ekkla.ch\/#\/schema\/logo\/image\/","url":"http:\/\/ekkla.ch\/wp-content\/uploads\/2019\/07\/logo-1.svg","contentUrl":"http:\/\/ekkla.ch\/wp-content\/uploads\/2019\/07\/logo-1.svg","width":1,"height":1,"caption":"Ekkla"},"image":{"@id":"https:\/\/ekkla.ch\/#\/schema\/logo\/image\/"},"sameAs":["https:\/\/www.instagram.com\/ekkla_light\/"]}]}},"_links":{"self":[{"href":"https:\/\/ekkla.ch\/de\/wp-json\/wp\/v2\/product\/172844"}],"collection":[{"href":"https:\/\/ekkla.ch\/de\/wp-json\/wp\/v2\/product"}],"about":[{"href":"https:\/\/ekkla.ch\/de\/wp-json\/wp\/v2\/types\/product"}],"wp:featuredmedia":[{"embeddable":true,"href":"https:\/\/ekkla.ch\/de\/wp-json\/wp\/v2\/media\/174132"}],"wp:attachment":[{"href":"https:\/\/ekkla.ch\/de\/wp-json\/wp\/v2\/media?parent=172844"}],"wp:term":[{"taxonomy":"product_cat","embeddable":true,"href":"https:\/\/ekkla.ch\/de\/wp-json\/wp\/v2\/product_cat?post=172844"},{"taxonomy":"product_tag","embeddable":true,"href":"https:\/\/ekkla.ch\/de\/wp-json\/wp\/v2\/product_tag?post=172844"}],"curies":[{"name":"wp","href":"https:\/\/api.w.org\/{rel}","templated":true}]}}