{"id":173121,"date":"2023-04-12T17:09:45","date_gmt":"2023-04-12T15:09:45","guid":{"rendered":"https:\/\/ekkla.ch\/produit\/wandleuchte-arum-drehbar-bronze-h-47-metall-ferm-living\/"},"modified":"2023-04-18T17:27:42","modified_gmt":"2023-04-18T15:27:42","slug":"wandleuchte-arum-drehbar-bronze-h-47-metall-ferm-living","status":"publish","type":"product","link":"https:\/\/ekkla.ch\/de\/produit\/wandleuchte-arum-drehbar-bronze-h-47-metall-ferm-living\/","title":{"rendered":"Wandleuchte Arum drehbar &#8211; Bronze &#8211; H.47 &#8211; Metall &#8211; Ferm Living"},"content":{"rendered":"<p>Die Arum-Wandleuchte zeichnet sich durch ihre organische Form aus, die wie ein Blatt stilvoll an einem geschwungenen Metallbogen aufgeh\u00e4ngt ist. Mit der matten, cremewei\u00dfen Innenseite des Lampenschirms emittiert die Leuchte ein weiches, gleichm\u00e4\u00dfig gestreutes Licht. Der Arm der Leuchte verf\u00fcgt \u00fcber eine schwenkbare Halterung, dank der die Leuchte in alle Richtungen gedreht werden kann. So wird daf\u00fcr gesorgt, dass die Arum-Wandleuchte in jeder Situation optimales Licht spendet. Die Arum-Swivel-Wandleuchte umfasst ein Textilkabel mit Schalter und wird mit einer Wandhalterung geliefert, sodass du die Leuchte einfach an der gew\u00fcnschten Wand montieren kannst.<\/p>\n<h2>Merkmale &amp; Eigenschaften<\/h2>\n<p><strong>Marke<\/strong> Ferm living<\/p>\n<p><strong>Farbe<\/strong> Bronze<\/p>\n<p><strong>Materialien<\/strong> Aluminium und Eisen<\/p>\n<p><strong>Gl\u00fchbirne <\/strong>E14 (nicht inbegriffen)<\/p>\n<p><strong>H\u00f6he (cm) <\/strong>47<\/p>\n<p><strong>Tiefe (cm)<\/strong> 44<\/p>\n<p><strong>Breite (cm)\u00a0<\/strong>26<\/p>\n","protected":false},"excerpt":{"rendered":"<p>Die Arum-Wandleuchte zeichnet sich durch ihre organische Form aus, die wie ein Blatt stilvoll an einem geschwungenen Metallbogen aufgeh\u00e4ngt ist. Mit der matten, cremewei\u00dfen Innenseite des Lampenschirms emittiert die Leuchte ein weiches, gleichm\u00e4\u00dfig gestreutes Licht. Der Arm der Leuchte verf\u00fcgt \u00fcber eine schwenkbare Halterung, dank der die Leuchte in alle Richtungen gedreht werden kann. So [&hellip;]<\/p>\n","protected":false},"featured_media":173566,"template":"","meta":{"_acf_changed":false,"om_disable_all_campaigns":false},"product_cat":[286],"product_tag":[1258,896,1188,1265,858,816],"bundled_by":[],"bundle_stock_status":"onbackorder","bundle_stock_quantity":null,"bundle_virtual":false,"bundle_layout":"","bundle_add_to_cart_form_location":"","bundle_editable_in_cart":false,"bundle_sold_individually_context":"","bundle_item_grouping":"","bundle_min_size":"","bundle_max_size":"","bundle_price":[],"bundled_items":[],"bundle_sell_ids":[],"acf":[],"yoast_head":"<!-- This site is optimized with the Yoast SEO Premium plugin v22.2 (Yoast SEO v22.8) - https:\/\/yoast.com\/wordpress\/plugins\/seo\/ -->\n<title>Wandleuchte Arum | Ferm Living | Ekkla<\/title>\n<meta name=\"description\" content=\"Schaffen Sie eine elegante Atmosph\u00e4re mit der drehbaren Wandleuchte Arum. Eine warme Atmosph\u00e4re ist in jedem Raum garantiert.\" \/>\n<meta name=\"robots\" content=\"index, follow, max-snippet:-1, max-image-preview:large, max-video-preview:-1\" \/>\n<link rel=\"canonical\" href=\"https:\/\/ekkla.ch\/de\/produit\/wandleuchte-arum-drehbar-bronze-h-47-metall-ferm-living\/\" \/>\n<meta property=\"og:locale\" content=\"de_DE\" \/>\n<meta property=\"og:type\" content=\"article\" \/>\n<meta property=\"og:title\" content=\"Wandleuchte Arum drehbar - Bronze - H.47 - Metall - Ferm Living\" \/>\n<meta property=\"og:description\" content=\"Schaffen Sie eine elegante Atmosph\u00e4re mit der drehbaren Wandleuchte Arum. Eine warme Atmosph\u00e4re ist in jedem Raum garantiert.\" \/>\n<meta property=\"og:url\" content=\"https:\/\/ekkla.ch\/de\/produit\/wandleuchte-arum-drehbar-bronze-h-47-metall-ferm-living\/\" \/>\n<meta property=\"og:site_name\" content=\"Ekkla\" \/>\n<meta property=\"article:modified_time\" content=\"2023-04-18T15:27:42+00:00\" \/>\n<meta property=\"og:image\" content=\"https:\/\/ekkla.ch\/wp-content\/uploads\/2023\/04\/ekkla-light_0007_fermLIVING_SS23_ArumSwivelWallLamp_1104266830_1.jpg\" \/>\n\t<meta property=\"og:image:width\" content=\"900\" \/>\n\t<meta property=\"og:image:height\" content=\"900\" \/>\n\t<meta property=\"og:image:type\" content=\"image\/jpeg\" \/>\n<meta name=\"twitter:card\" content=\"summary_large_image\" \/>\n<meta name=\"twitter:label1\" content=\"Gesch\u00e4tzte Lesezeit\" \/>\n\t<meta name=\"twitter:data1\" content=\"1\u00a0Minute\" \/>\n<script type=\"application\/ld+json\" class=\"yoast-schema-graph\">{\"@context\":\"https:\/\/schema.org\",\"@graph\":[{\"@type\":\"WebPage\",\"@id\":\"https:\/\/ekkla.ch\/de\/produit\/wandleuchte-arum-drehbar-bronze-h-47-metall-ferm-living\/\",\"url\":\"https:\/\/ekkla.ch\/de\/produit\/wandleuchte-arum-drehbar-bronze-h-47-metall-ferm-living\/\",\"name\":\"Wandleuchte Arum | Ferm Living | Ekkla\",\"isPartOf\":{\"@id\":\"https:\/\/ekkla.ch\/#website\"},\"primaryImageOfPage\":{\"@id\":\"https:\/\/ekkla.ch\/de\/produit\/wandleuchte-arum-drehbar-bronze-h-47-metall-ferm-living\/#primaryimage\"},\"image\":{\"@id\":\"https:\/\/ekkla.ch\/de\/produit\/wandleuchte-arum-drehbar-bronze-h-47-metall-ferm-living\/#primaryimage\"},\"thumbnailUrl\":\"https:\/\/ekkla.ch\/wp-content\/uploads\/2023\/04\/ekkla-light_0007_fermLIVING_SS23_ArumSwivelWallLamp_1104266830_1.jpg\",\"datePublished\":\"2023-04-12T15:09:45+00:00\",\"dateModified\":\"2023-04-18T15:27:42+00:00\",\"description\":\"Schaffen Sie eine elegante Atmosph\u00e4re mit der drehbaren Wandleuchte Arum. Eine warme Atmosph\u00e4re ist in jedem Raum garantiert.\",\"breadcrumb\":{\"@id\":\"https:\/\/ekkla.ch\/de\/produit\/wandleuchte-arum-drehbar-bronze-h-47-metall-ferm-living\/#breadcrumb\"},\"inLanguage\":\"de\",\"potentialAction\":[{\"@type\":\"ReadAction\",\"target\":[\"https:\/\/ekkla.ch\/de\/produit\/wandleuchte-arum-drehbar-bronze-h-47-metall-ferm-living\/\"]}]},{\"@type\":\"ImageObject\",\"inLanguage\":\"de\",\"@id\":\"https:\/\/ekkla.ch\/de\/produit\/wandleuchte-arum-drehbar-bronze-h-47-metall-ferm-living\/#primaryimage\",\"url\":\"https:\/\/ekkla.ch\/wp-content\/uploads\/2023\/04\/ekkla-light_0007_fermLIVING_SS23_ArumSwivelWallLamp_1104266830_1.jpg\",\"contentUrl\":\"https:\/\/ekkla.ch\/wp-content\/uploads\/2023\/04\/ekkla-light_0007_fermLIVING_SS23_ArumSwivelWallLamp_1104266830_1.jpg\",\"width\":900,\"height\":900},{\"@type\":\"BreadcrumbList\",\"@id\":\"https:\/\/ekkla.ch\/de\/produit\/wandleuchte-arum-drehbar-bronze-h-47-metall-ferm-living\/#breadcrumb\",\"itemListElement\":[{\"@type\":\"ListItem\",\"position\":1,\"name\":\"Home\",\"item\":\"https:\/\/ekkla.ch\/de\/\"},{\"@type\":\"ListItem\",\"position\":2,\"name\":\"Shop\",\"item\":\"https:\/\/ekkla.ch\/de\/shop\/\"},{\"@type\":\"ListItem\",\"position\":3,\"name\":\"Wandleuchte Arum drehbar &#8211; Bronze &#8211; H.47 &#8211; Metall &#8211; Ferm Living\"}]},{\"@type\":\"WebSite\",\"@id\":\"https:\/\/ekkla.ch\/#website\",\"url\":\"https:\/\/ekkla.ch\/\",\"name\":\"Ekkla\",\"description\":\"Der Onlineshop f\u00fcr Beleuchtung\",\"publisher\":{\"@id\":\"https:\/\/ekkla.ch\/#organization\"},\"potentialAction\":[{\"@type\":\"SearchAction\",\"target\":{\"@type\":\"EntryPoint\",\"urlTemplate\":\"https:\/\/ekkla.ch\/?s={search_term_string}\"},\"query-input\":\"required name=search_term_string\"}],\"inLanguage\":\"de\"},{\"@type\":\"Organization\",\"@id\":\"https:\/\/ekkla.ch\/#organization\",\"name\":\"Ekkla\",\"url\":\"https:\/\/ekkla.ch\/\",\"logo\":{\"@type\":\"ImageObject\",\"inLanguage\":\"de\",\"@id\":\"https:\/\/ekkla.ch\/#\/schema\/logo\/image\/\",\"url\":\"http:\/\/ekkla.ch\/wp-content\/uploads\/2019\/07\/logo-1.svg\",\"contentUrl\":\"http:\/\/ekkla.ch\/wp-content\/uploads\/2019\/07\/logo-1.svg\",\"width\":1,\"height\":1,\"caption\":\"Ekkla\"},\"image\":{\"@id\":\"https:\/\/ekkla.ch\/#\/schema\/logo\/image\/\"},\"sameAs\":[\"https:\/\/www.instagram.com\/ekkla_light\/\"]}]}<\/script>\n<!-- \/ Yoast SEO Premium plugin. -->","yoast_head_json":{"title":"Wandleuchte Arum | Ferm Living | Ekkla","description":"Schaffen Sie eine elegante Atmosph\u00e4re mit der drehbaren Wandleuchte Arum. Eine warme Atmosph\u00e4re ist in jedem Raum garantiert.","robots":{"index":"index","follow":"follow","max-snippet":"max-snippet:-1","max-image-preview":"max-image-preview:large","max-video-preview":"max-video-preview:-1"},"canonical":"https:\/\/ekkla.ch\/de\/produit\/wandleuchte-arum-drehbar-bronze-h-47-metall-ferm-living\/","og_locale":"de_DE","og_type":"article","og_title":"Wandleuchte Arum drehbar - Bronze - H.47 - Metall - Ferm Living","og_description":"Schaffen Sie eine elegante Atmosph\u00e4re mit der drehbaren Wandleuchte Arum. Eine warme Atmosph\u00e4re ist in jedem Raum garantiert.","og_url":"https:\/\/ekkla.ch\/de\/produit\/wandleuchte-arum-drehbar-bronze-h-47-metall-ferm-living\/","og_site_name":"Ekkla","article_modified_time":"2023-04-18T15:27:42+00:00","og_image":[{"width":900,"height":900,"url":"https:\/\/ekkla.ch\/wp-content\/uploads\/2023\/04\/ekkla-light_0007_fermLIVING_SS23_ArumSwivelWallLamp_1104266830_1.jpg","type":"image\/jpeg"}],"twitter_card":"summary_large_image","twitter_misc":{"Gesch\u00e4tzte Lesezeit":"1\u00a0Minute"},"schema":{"@context":"https:\/\/schema.org","@graph":[{"@type":"WebPage","@id":"https:\/\/ekkla.ch\/de\/produit\/wandleuchte-arum-drehbar-bronze-h-47-metall-ferm-living\/","url":"https:\/\/ekkla.ch\/de\/produit\/wandleuchte-arum-drehbar-bronze-h-47-metall-ferm-living\/","name":"Wandleuchte Arum | Ferm Living | Ekkla","isPartOf":{"@id":"https:\/\/ekkla.ch\/#website"},"primaryImageOfPage":{"@id":"https:\/\/ekkla.ch\/de\/produit\/wandleuchte-arum-drehbar-bronze-h-47-metall-ferm-living\/#primaryimage"},"image":{"@id":"https:\/\/ekkla.ch\/de\/produit\/wandleuchte-arum-drehbar-bronze-h-47-metall-ferm-living\/#primaryimage"},"thumbnailUrl":"https:\/\/ekkla.ch\/wp-content\/uploads\/2023\/04\/ekkla-light_0007_fermLIVING_SS23_ArumSwivelWallLamp_1104266830_1.jpg","datePublished":"2023-04-12T15:09:45+00:00","dateModified":"2023-04-18T15:27:42+00:00","description":"Schaffen Sie eine elegante Atmosph\u00e4re mit der drehbaren Wandleuchte Arum. Eine warme Atmosph\u00e4re ist in jedem Raum garantiert.","breadcrumb":{"@id":"https:\/\/ekkla.ch\/de\/produit\/wandleuchte-arum-drehbar-bronze-h-47-metall-ferm-living\/#breadcrumb"},"inLanguage":"de","potentialAction":[{"@type":"ReadAction","target":["https:\/\/ekkla.ch\/de\/produit\/wandleuchte-arum-drehbar-bronze-h-47-metall-ferm-living\/"]}]},{"@type":"ImageObject","inLanguage":"de","@id":"https:\/\/ekkla.ch\/de\/produit\/wandleuchte-arum-drehbar-bronze-h-47-metall-ferm-living\/#primaryimage","url":"https:\/\/ekkla.ch\/wp-content\/uploads\/2023\/04\/ekkla-light_0007_fermLIVING_SS23_ArumSwivelWallLamp_1104266830_1.jpg","contentUrl":"https:\/\/ekkla.ch\/wp-content\/uploads\/2023\/04\/ekkla-light_0007_fermLIVING_SS23_ArumSwivelWallLamp_1104266830_1.jpg","width":900,"height":900},{"@type":"BreadcrumbList","@id":"https:\/\/ekkla.ch\/de\/produit\/wandleuchte-arum-drehbar-bronze-h-47-metall-ferm-living\/#breadcrumb","itemListElement":[{"@type":"ListItem","position":1,"name":"Home","item":"https:\/\/ekkla.ch\/de\/"},{"@type":"ListItem","position":2,"name":"Shop","item":"https:\/\/ekkla.ch\/de\/shop\/"},{"@type":"ListItem","position":3,"name":"Wandleuchte Arum drehbar &#8211; Bronze &#8211; H.47 &#8211; Metall &#8211; Ferm Living"}]},{"@type":"WebSite","@id":"https:\/\/ekkla.ch\/#website","url":"https:\/\/ekkla.ch\/","name":"Ekkla","description":"Der Onlineshop f\u00fcr Beleuchtung","publisher":{"@id":"https:\/\/ekkla.ch\/#organization"},"potentialAction":[{"@type":"SearchAction","target":{"@type":"EntryPoint","urlTemplate":"https:\/\/ekkla.ch\/?s={search_term_string}"},"query-input":"required name=search_term_string"}],"inLanguage":"de"},{"@type":"Organization","@id":"https:\/\/ekkla.ch\/#organization","name":"Ekkla","url":"https:\/\/ekkla.ch\/","logo":{"@type":"ImageObject","inLanguage":"de","@id":"https:\/\/ekkla.ch\/#\/schema\/logo\/image\/","url":"http:\/\/ekkla.ch\/wp-content\/uploads\/2019\/07\/logo-1.svg","contentUrl":"http:\/\/ekkla.ch\/wp-content\/uploads\/2019\/07\/logo-1.svg","width":1,"height":1,"caption":"Ekkla"},"image":{"@id":"https:\/\/ekkla.ch\/#\/schema\/logo\/image\/"},"sameAs":["https:\/\/www.instagram.com\/ekkla_light\/"]}]}},"_links":{"self":[{"href":"https:\/\/ekkla.ch\/de\/wp-json\/wp\/v2\/product\/173121"}],"collection":[{"href":"https:\/\/ekkla.ch\/de\/wp-json\/wp\/v2\/product"}],"about":[{"href":"https:\/\/ekkla.ch\/de\/wp-json\/wp\/v2\/types\/product"}],"wp:featuredmedia":[{"embeddable":true,"href":"https:\/\/ekkla.ch\/de\/wp-json\/wp\/v2\/media\/173566"}],"wp:attachment":[{"href":"https:\/\/ekkla.ch\/de\/wp-json\/wp\/v2\/media?parent=173121"}],"wp:term":[{"taxonomy":"product_cat","embeddable":true,"href":"https:\/\/ekkla.ch\/de\/wp-json\/wp\/v2\/product_cat?post=173121"},{"taxonomy":"product_tag","embeddable":true,"href":"https:\/\/ekkla.ch\/de\/wp-json\/wp\/v2\/product_tag?post=173121"}],"curies":[{"name":"wp","href":"https:\/\/api.w.org\/{rel}","templated":true}]}}