{"id":173122,"date":"2023-04-04T10:41:19","date_gmt":"2023-04-04T08:41:19","guid":{"rendered":"https:\/\/ekkla.ch\/produit\/tischleuchte-grashoppa-neuauflage-1947-glanzendes-weiss-gubi\/"},"modified":"2023-04-18T17:19:01","modified_gmt":"2023-04-18T15:19:01","slug":"tischleuchte-grashoppa-neuauflage-1947-glanzendes-weiss-gubi","status":"publish","type":"product","link":"https:\/\/ekkla.ch\/de\/produit\/tischleuchte-grashoppa-neuauflage-1947-glanzendes-weiss-gubi\/","title":{"rendered":"Tischleuchte Gr\u00e4shoppa &#8211; Neuauflage 1947 &#8211; Gl\u00e4nzendes Weiss &#8211; Gubi"},"content":{"rendered":"<p>Die Tischlampe Gr\u00e4shoppa von Gubi ist eine Ikone des skandinavischen Designs und bekannt f\u00fcr ihren minimalistischen und funktionalen Stil. Sie wurde 1947 von der schwedischen Designerin Greta Grossman entworfen, die als eine der ersten Frauen zu einer wichtigen Figur im Industriedesign wurde.<\/p>\n<p>Sie hat einen langen, schlanken Arm, der in einem glockenf\u00f6rmigen Lampenschirm endet, der der Lampe ein elegantes, luftiges Aussehen verleiht. Der Arm und der Sockel der Lampe sind aus Messing gefertigt. Sie eignet sich hervorragend f\u00fcr Ihr Arbeitszimmer, Ihren Nachttisch oder auch f\u00fcr Ihr Wohnzimmer.<\/p>\n<p>Die Gr\u00e4shoppa-Lampe von Gubi gilt als Klassiker des modernen Designs und wird in den renommiertesten Kunstmuseen der Welt ausgestellt. Sie ist die perfekte Wahl f\u00fcr Designliebhaber, die zeitlose und elegante St\u00fccke zu sch\u00e4tzen wissen.<\/p>\n<blockquote>\n<h2 style=\"text-align: left;\">Merkmale &amp; Eigenschaften<\/h2>\n<p><strong>Marke<\/strong> Gubi<\/p>\n<p style=\"text-align: left;\"><strong>Farbe<\/strong> Weiss<\/p>\n<p style=\"text-align: left;\"><strong>Material<\/strong> Lackiertes Messing<\/p>\n<p><strong>Gl\u00fcbirne <\/strong>E14<\/p>\n<p><strong>Max. Leistung\u00a0(W)<\/strong> 6<\/p>\n<p><strong>H\u00f6he (cm)<\/strong>\u00a041<\/p>\n<p><strong>Durchmesser des Lampenschirms (cm) <\/strong>15<\/p>\n<p><strong>Gewicht (kg) <\/strong>2,04<\/p><\/blockquote>\n","protected":false},"excerpt":{"rendered":"<p>Die Tischlampe Gr\u00e4shoppa von Gubi ist eine Ikone des skandinavischen Designs und bekannt f\u00fcr ihren minimalistischen und funktionalen Stil. Sie wurde 1947 von der schwedischen Designerin Greta Grossman entworfen, die als eine der ersten Frauen zu einer wichtigen Figur im Industriedesign wurde. Sie hat einen langen, schlanken Arm, der in einem glockenf\u00f6rmigen Lampenschirm endet, der [&hellip;]<\/p>\n","protected":false},"featured_media":173008,"template":"","meta":{"_acf_changed":false,"om_disable_all_campaigns":false},"product_cat":[290],"product_tag":[1254,892,1188,1265,816],"bundled_by":[],"bundle_stock_status":"onbackorder","bundle_stock_quantity":null,"bundle_virtual":false,"bundle_layout":"","bundle_add_to_cart_form_location":"","bundle_editable_in_cart":false,"bundle_sold_individually_context":"","bundle_item_grouping":"","bundle_min_size":"","bundle_max_size":"","bundle_price":[],"bundled_items":[],"bundle_sell_ids":[],"acf":[],"yoast_head":"<!-- This site is optimized with the Yoast SEO Premium plugin v22.2 (Yoast SEO v22.8) - https:\/\/yoast.com\/wordpress\/plugins\/seo\/ -->\n<title>Gubi | Tischleuchte Gr\u00e4shoppa | Lackiertes Messing | Ekkla<\/title>\n<meta name=\"description\" content=\"Die Lampe Gr\u00e4shoppa von Gubi ist die perfekte Wahl f\u00fcr Designliebhaber, die zeitlose, minimalistische und elegante St\u00fccke zu sch\u00e4tzen wissen!\" \/>\n<meta name=\"robots\" content=\"index, follow, max-snippet:-1, max-image-preview:large, max-video-preview:-1\" \/>\n<link rel=\"canonical\" href=\"https:\/\/ekkla.ch\/de\/produit\/tischleuchte-grashoppa-neuauflage-1947-glanzendes-weiss-gubi\/\" \/>\n<meta property=\"og:locale\" content=\"de_DE\" \/>\n<meta property=\"og:type\" content=\"article\" \/>\n<meta property=\"og:title\" content=\"Tischleuchte Gr\u00e4shoppa - Neuauflage 1947 - Gl\u00e4nzendes Weiss - Gubi\" \/>\n<meta property=\"og:description\" content=\"Die Lampe Gr\u00e4shoppa von Gubi ist die perfekte Wahl f\u00fcr Designliebhaber, die zeitlose, minimalistische und elegante St\u00fccke zu sch\u00e4tzen wissen!\" \/>\n<meta property=\"og:url\" content=\"https:\/\/ekkla.ch\/de\/produit\/tischleuchte-grashoppa-neuauflage-1947-glanzendes-weiss-gubi\/\" \/>\n<meta property=\"og:site_name\" content=\"Ekkla\" \/>\n<meta property=\"article:modified_time\" content=\"2023-04-18T15:19:01+00:00\" \/>\n<meta property=\"og:image\" content=\"https:\/\/ekkla.ch\/wp-content\/uploads\/2023\/04\/ekkla-light-gubi-luminaires_0039_10110709_FRT_Grashoppa_Table-Lamp_Brass_Alabaster-White-Glossy.jpg\" \/>\n\t<meta property=\"og:image:width\" content=\"900\" \/>\n\t<meta property=\"og:image:height\" content=\"900\" \/>\n\t<meta property=\"og:image:type\" content=\"image\/jpeg\" \/>\n<meta name=\"twitter:card\" content=\"summary_large_image\" \/>\n<meta name=\"twitter:label1\" content=\"Gesch\u00e4tzte Lesezeit\" \/>\n\t<meta name=\"twitter:data1\" content=\"1\u00a0Minute\" \/>\n<script type=\"application\/ld+json\" class=\"yoast-schema-graph\">{\"@context\":\"https:\/\/schema.org\",\"@graph\":[{\"@type\":\"WebPage\",\"@id\":\"https:\/\/ekkla.ch\/de\/produit\/tischleuchte-grashoppa-neuauflage-1947-glanzendes-weiss-gubi\/\",\"url\":\"https:\/\/ekkla.ch\/de\/produit\/tischleuchte-grashoppa-neuauflage-1947-glanzendes-weiss-gubi\/\",\"name\":\"Gubi | Tischleuchte Gr\u00e4shoppa | Lackiertes Messing | Ekkla\",\"isPartOf\":{\"@id\":\"https:\/\/ekkla.ch\/#website\"},\"primaryImageOfPage\":{\"@id\":\"https:\/\/ekkla.ch\/de\/produit\/tischleuchte-grashoppa-neuauflage-1947-glanzendes-weiss-gubi\/#primaryimage\"},\"image\":{\"@id\":\"https:\/\/ekkla.ch\/de\/produit\/tischleuchte-grashoppa-neuauflage-1947-glanzendes-weiss-gubi\/#primaryimage\"},\"thumbnailUrl\":\"https:\/\/ekkla.ch\/wp-content\/uploads\/2023\/04\/ekkla-light-gubi-luminaires_0039_10110709_FRT_Grashoppa_Table-Lamp_Brass_Alabaster-White-Glossy.jpg\",\"datePublished\":\"2023-04-04T08:41:19+00:00\",\"dateModified\":\"2023-04-18T15:19:01+00:00\",\"description\":\"Die Lampe Gr\u00e4shoppa von Gubi ist die perfekte Wahl f\u00fcr Designliebhaber, die zeitlose, minimalistische und elegante St\u00fccke zu sch\u00e4tzen wissen!\",\"breadcrumb\":{\"@id\":\"https:\/\/ekkla.ch\/de\/produit\/tischleuchte-grashoppa-neuauflage-1947-glanzendes-weiss-gubi\/#breadcrumb\"},\"inLanguage\":\"de\",\"potentialAction\":[{\"@type\":\"ReadAction\",\"target\":[\"https:\/\/ekkla.ch\/de\/produit\/tischleuchte-grashoppa-neuauflage-1947-glanzendes-weiss-gubi\/\"]}]},{\"@type\":\"ImageObject\",\"inLanguage\":\"de\",\"@id\":\"https:\/\/ekkla.ch\/de\/produit\/tischleuchte-grashoppa-neuauflage-1947-glanzendes-weiss-gubi\/#primaryimage\",\"url\":\"https:\/\/ekkla.ch\/wp-content\/uploads\/2023\/04\/ekkla-light-gubi-luminaires_0039_10110709_FRT_Grashoppa_Table-Lamp_Brass_Alabaster-White-Glossy.jpg\",\"contentUrl\":\"https:\/\/ekkla.ch\/wp-content\/uploads\/2023\/04\/ekkla-light-gubi-luminaires_0039_10110709_FRT_Grashoppa_Table-Lamp_Brass_Alabaster-White-Glossy.jpg\",\"width\":900,\"height\":900},{\"@type\":\"BreadcrumbList\",\"@id\":\"https:\/\/ekkla.ch\/de\/produit\/tischleuchte-grashoppa-neuauflage-1947-glanzendes-weiss-gubi\/#breadcrumb\",\"itemListElement\":[{\"@type\":\"ListItem\",\"position\":1,\"name\":\"Home\",\"item\":\"https:\/\/ekkla.ch\/de\/\"},{\"@type\":\"ListItem\",\"position\":2,\"name\":\"Shop\",\"item\":\"https:\/\/ekkla.ch\/de\/shop\/\"},{\"@type\":\"ListItem\",\"position\":3,\"name\":\"Tischleuchte Gr\u00e4shoppa &#8211; Neuauflage 1947 &#8211; Gl\u00e4nzendes Weiss &#8211; Gubi\"}]},{\"@type\":\"WebSite\",\"@id\":\"https:\/\/ekkla.ch\/#website\",\"url\":\"https:\/\/ekkla.ch\/\",\"name\":\"Ekkla\",\"description\":\"Der Onlineshop f\u00fcr Beleuchtung\",\"publisher\":{\"@id\":\"https:\/\/ekkla.ch\/#organization\"},\"potentialAction\":[{\"@type\":\"SearchAction\",\"target\":{\"@type\":\"EntryPoint\",\"urlTemplate\":\"https:\/\/ekkla.ch\/?s={search_term_string}\"},\"query-input\":\"required name=search_term_string\"}],\"inLanguage\":\"de\"},{\"@type\":\"Organization\",\"@id\":\"https:\/\/ekkla.ch\/#organization\",\"name\":\"Ekkla\",\"url\":\"https:\/\/ekkla.ch\/\",\"logo\":{\"@type\":\"ImageObject\",\"inLanguage\":\"de\",\"@id\":\"https:\/\/ekkla.ch\/#\/schema\/logo\/image\/\",\"url\":\"http:\/\/ekkla.ch\/wp-content\/uploads\/2019\/07\/logo-1.svg\",\"contentUrl\":\"http:\/\/ekkla.ch\/wp-content\/uploads\/2019\/07\/logo-1.svg\",\"width\":1,\"height\":1,\"caption\":\"Ekkla\"},\"image\":{\"@id\":\"https:\/\/ekkla.ch\/#\/schema\/logo\/image\/\"},\"sameAs\":[\"https:\/\/www.instagram.com\/ekkla_light\/\"]}]}<\/script>\n<!-- \/ Yoast SEO Premium plugin. -->","yoast_head_json":{"title":"Gubi | Tischleuchte Gr\u00e4shoppa | Lackiertes Messing | Ekkla","description":"Die Lampe Gr\u00e4shoppa von Gubi ist die perfekte Wahl f\u00fcr Designliebhaber, die zeitlose, minimalistische und elegante St\u00fccke zu sch\u00e4tzen wissen!","robots":{"index":"index","follow":"follow","max-snippet":"max-snippet:-1","max-image-preview":"max-image-preview:large","max-video-preview":"max-video-preview:-1"},"canonical":"https:\/\/ekkla.ch\/de\/produit\/tischleuchte-grashoppa-neuauflage-1947-glanzendes-weiss-gubi\/","og_locale":"de_DE","og_type":"article","og_title":"Tischleuchte Gr\u00e4shoppa - Neuauflage 1947 - Gl\u00e4nzendes Weiss - Gubi","og_description":"Die Lampe Gr\u00e4shoppa von Gubi ist die perfekte Wahl f\u00fcr Designliebhaber, die zeitlose, minimalistische und elegante St\u00fccke zu sch\u00e4tzen wissen!","og_url":"https:\/\/ekkla.ch\/de\/produit\/tischleuchte-grashoppa-neuauflage-1947-glanzendes-weiss-gubi\/","og_site_name":"Ekkla","article_modified_time":"2023-04-18T15:19:01+00:00","og_image":[{"width":900,"height":900,"url":"https:\/\/ekkla.ch\/wp-content\/uploads\/2023\/04\/ekkla-light-gubi-luminaires_0039_10110709_FRT_Grashoppa_Table-Lamp_Brass_Alabaster-White-Glossy.jpg","type":"image\/jpeg"}],"twitter_card":"summary_large_image","twitter_misc":{"Gesch\u00e4tzte Lesezeit":"1\u00a0Minute"},"schema":{"@context":"https:\/\/schema.org","@graph":[{"@type":"WebPage","@id":"https:\/\/ekkla.ch\/de\/produit\/tischleuchte-grashoppa-neuauflage-1947-glanzendes-weiss-gubi\/","url":"https:\/\/ekkla.ch\/de\/produit\/tischleuchte-grashoppa-neuauflage-1947-glanzendes-weiss-gubi\/","name":"Gubi | Tischleuchte Gr\u00e4shoppa | Lackiertes Messing | Ekkla","isPartOf":{"@id":"https:\/\/ekkla.ch\/#website"},"primaryImageOfPage":{"@id":"https:\/\/ekkla.ch\/de\/produit\/tischleuchte-grashoppa-neuauflage-1947-glanzendes-weiss-gubi\/#primaryimage"},"image":{"@id":"https:\/\/ekkla.ch\/de\/produit\/tischleuchte-grashoppa-neuauflage-1947-glanzendes-weiss-gubi\/#primaryimage"},"thumbnailUrl":"https:\/\/ekkla.ch\/wp-content\/uploads\/2023\/04\/ekkla-light-gubi-luminaires_0039_10110709_FRT_Grashoppa_Table-Lamp_Brass_Alabaster-White-Glossy.jpg","datePublished":"2023-04-04T08:41:19+00:00","dateModified":"2023-04-18T15:19:01+00:00","description":"Die Lampe Gr\u00e4shoppa von Gubi ist die perfekte Wahl f\u00fcr Designliebhaber, die zeitlose, minimalistische und elegante St\u00fccke zu sch\u00e4tzen wissen!","breadcrumb":{"@id":"https:\/\/ekkla.ch\/de\/produit\/tischleuchte-grashoppa-neuauflage-1947-glanzendes-weiss-gubi\/#breadcrumb"},"inLanguage":"de","potentialAction":[{"@type":"ReadAction","target":["https:\/\/ekkla.ch\/de\/produit\/tischleuchte-grashoppa-neuauflage-1947-glanzendes-weiss-gubi\/"]}]},{"@type":"ImageObject","inLanguage":"de","@id":"https:\/\/ekkla.ch\/de\/produit\/tischleuchte-grashoppa-neuauflage-1947-glanzendes-weiss-gubi\/#primaryimage","url":"https:\/\/ekkla.ch\/wp-content\/uploads\/2023\/04\/ekkla-light-gubi-luminaires_0039_10110709_FRT_Grashoppa_Table-Lamp_Brass_Alabaster-White-Glossy.jpg","contentUrl":"https:\/\/ekkla.ch\/wp-content\/uploads\/2023\/04\/ekkla-light-gubi-luminaires_0039_10110709_FRT_Grashoppa_Table-Lamp_Brass_Alabaster-White-Glossy.jpg","width":900,"height":900},{"@type":"BreadcrumbList","@id":"https:\/\/ekkla.ch\/de\/produit\/tischleuchte-grashoppa-neuauflage-1947-glanzendes-weiss-gubi\/#breadcrumb","itemListElement":[{"@type":"ListItem","position":1,"name":"Home","item":"https:\/\/ekkla.ch\/de\/"},{"@type":"ListItem","position":2,"name":"Shop","item":"https:\/\/ekkla.ch\/de\/shop\/"},{"@type":"ListItem","position":3,"name":"Tischleuchte Gr\u00e4shoppa &#8211; Neuauflage 1947 &#8211; Gl\u00e4nzendes Weiss &#8211; Gubi"}]},{"@type":"WebSite","@id":"https:\/\/ekkla.ch\/#website","url":"https:\/\/ekkla.ch\/","name":"Ekkla","description":"Der Onlineshop f\u00fcr Beleuchtung","publisher":{"@id":"https:\/\/ekkla.ch\/#organization"},"potentialAction":[{"@type":"SearchAction","target":{"@type":"EntryPoint","urlTemplate":"https:\/\/ekkla.ch\/?s={search_term_string}"},"query-input":"required name=search_term_string"}],"inLanguage":"de"},{"@type":"Organization","@id":"https:\/\/ekkla.ch\/#organization","name":"Ekkla","url":"https:\/\/ekkla.ch\/","logo":{"@type":"ImageObject","inLanguage":"de","@id":"https:\/\/ekkla.ch\/#\/schema\/logo\/image\/","url":"http:\/\/ekkla.ch\/wp-content\/uploads\/2019\/07\/logo-1.svg","contentUrl":"http:\/\/ekkla.ch\/wp-content\/uploads\/2019\/07\/logo-1.svg","width":1,"height":1,"caption":"Ekkla"},"image":{"@id":"https:\/\/ekkla.ch\/#\/schema\/logo\/image\/"},"sameAs":["https:\/\/www.instagram.com\/ekkla_light\/"]}]}},"_links":{"self":[{"href":"https:\/\/ekkla.ch\/de\/wp-json\/wp\/v2\/product\/173122"}],"collection":[{"href":"https:\/\/ekkla.ch\/de\/wp-json\/wp\/v2\/product"}],"about":[{"href":"https:\/\/ekkla.ch\/de\/wp-json\/wp\/v2\/types\/product"}],"wp:featuredmedia":[{"embeddable":true,"href":"https:\/\/ekkla.ch\/de\/wp-json\/wp\/v2\/media\/173008"}],"wp:attachment":[{"href":"https:\/\/ekkla.ch\/de\/wp-json\/wp\/v2\/media?parent=173122"}],"wp:term":[{"taxonomy":"product_cat","embeddable":true,"href":"https:\/\/ekkla.ch\/de\/wp-json\/wp\/v2\/product_cat?post=173122"},{"taxonomy":"product_tag","embeddable":true,"href":"https:\/\/ekkla.ch\/de\/wp-json\/wp\/v2\/product_tag?post=173122"}],"curies":[{"name":"wp","href":"https:\/\/api.w.org\/{rel}","templated":true}]}}