{"id":173123,"date":"2023-04-12T17:23:55","date_gmt":"2023-04-12T15:23:55","guid":{"rendered":"https:\/\/ekkla.ch\/produit\/arum-stehleuchte-schwarz-h-136-marmor-und-metall-ferm-living\/"},"modified":"2023-04-12T17:23:55","modified_gmt":"2023-04-12T15:23:55","slug":"arum-stehleuchte-schwarz-h-136-marmor-und-metall-ferm-living","status":"publish","type":"product","link":"https:\/\/ekkla.ch\/de\/produit\/arum-stehleuchte-schwarz-h-136-marmor-und-metall-ferm-living\/","title":{"rendered":"Arum Stehleuchte &#8211; Schwarz &#8211; H.136 &#8211; Marmor und Metall &#8211; Ferm Living"},"content":{"rendered":"<p>Die \u201eArum\u201d Stehlampe ist durch ihren soliden, schwarzen Marmorfu\u00df in Kombination mit dem organisch geformten Lampenschirm gekennzeichnet. Um die perfekte Balance in der au\u00dfermittigen Struktur der Lampe zu erreichen, wirkt der schwarze Marmorfu\u00df als Gegengewicht zu der sanften Art, mit welcher der Lampenschirm an dem Metallbogen h\u00e4ngt \u2013 wie ein Blatt am St\u00e4ngel. Mit dem matten, cremefarbenen Inneren des Schirms, bietet die Lampe ein weiches, gleichm\u00e4\u00dfig verteiltes Licht. Der Lampenschirm kann nach den jeweiligen Verh\u00e4ltnissen eingestellt werden, damit du in allen Situationen optimale Lichtbedingungen hast.<\/p>\n<h2>Merkmale &amp; Eigenschaften<\/h2>\n<p><strong>Marke<\/strong> Ferm Living<\/p>\n<p><strong>Farben\u00a0<\/strong>Schwarz<\/p>\n<p><strong>Materialen<\/strong> Marmor, Eisen und Aluminium<\/p>\n<p><strong>Gl\u00fchbirne<\/strong> E14 (nicht inbegriffen)<\/p>\n<p><strong>H\u00f6he (cm)<\/strong> 136<\/p>\n<p><strong>Breite (cm)<\/strong> 25<\/p>\n<p><strong>Tiefe (cm)<\/strong> 42<\/p>\n","protected":false},"excerpt":{"rendered":"<p>Die \u201eArum\u201d Stehlampe ist durch ihren soliden, schwarzen Marmorfu\u00df in Kombination mit dem organisch geformten Lampenschirm gekennzeichnet. Um die perfekte Balance in der au\u00dfermittigen Struktur der Lampe zu erreichen, wirkt der schwarze Marmorfu\u00df als Gegengewicht zu der sanften Art, mit welcher der Lampenschirm an dem Metallbogen h\u00e4ngt \u2013 wie ein Blatt am St\u00e4ngel. Mit dem [&hellip;]<\/p>\n","protected":false},"featured_media":173570,"template":"","meta":{"_acf_changed":false,"om_disable_all_campaigns":false},"product_cat":[289],"product_tag":[1258,896,1188,1265,858,816],"bundled_by":[],"bundle_stock_status":"onbackorder","bundle_stock_quantity":null,"bundle_virtual":false,"bundle_layout":"","bundle_add_to_cart_form_location":"","bundle_editable_in_cart":false,"bundle_sold_individually_context":"","bundle_item_grouping":"","bundle_min_size":"","bundle_max_size":"","bundle_price":[],"bundled_items":[],"bundle_sell_ids":[],"acf":[],"yoast_head":"<!-- This site is optimized with the Yoast SEO Premium plugin v22.2 (Yoast SEO v22.8) - https:\/\/yoast.com\/wordpress\/plugins\/seo\/ -->\n<title>Arum Stehleuchte | Ferm Living | Marmor und Metall | Ekkla<\/title>\n<meta name=\"description\" content=\"Die schwarze Stehleuchte Arum von Ferm Living ist ideal, um ein gem\u00fctliches und erholsames Wohnzimmer zu beleuchten. Sie wird Ihrer Einrichtung einen modernen Touch verleihen.\" \/>\n<meta name=\"robots\" content=\"index, follow, max-snippet:-1, max-image-preview:large, max-video-preview:-1\" \/>\n<link rel=\"canonical\" href=\"https:\/\/ekkla.ch\/de\/produit\/arum-stehleuchte-schwarz-h-136-marmor-und-metall-ferm-living\/\" \/>\n<meta property=\"og:locale\" content=\"de_DE\" \/>\n<meta property=\"og:type\" content=\"article\" \/>\n<meta property=\"og:title\" content=\"Arum Stehleuchte - Schwarz - H.136 - Marmor und Metall - Ferm Living\" \/>\n<meta property=\"og:description\" content=\"Die schwarze Stehleuchte Arum von Ferm Living ist ideal, um ein gem\u00fctliches und erholsames Wohnzimmer zu beleuchten. Sie wird Ihrer Einrichtung einen modernen Touch verleihen.\" \/>\n<meta property=\"og:url\" content=\"https:\/\/ekkla.ch\/de\/produit\/arum-stehleuchte-schwarz-h-136-marmor-und-metall-ferm-living\/\" \/>\n<meta property=\"og:site_name\" content=\"Ekkla\" \/>\n<meta property=\"og:image\" content=\"https:\/\/ekkla.ch\/wp-content\/uploads\/2023\/04\/ekkla-light_0002_Arum-floor-lamp_100133-101.jpg\" \/>\n\t<meta property=\"og:image:width\" content=\"900\" \/>\n\t<meta property=\"og:image:height\" content=\"900\" \/>\n\t<meta property=\"og:image:type\" content=\"image\/jpeg\" \/>\n<meta name=\"twitter:card\" content=\"summary_large_image\" \/>\n<meta name=\"twitter:label1\" content=\"Gesch\u00e4tzte Lesezeit\" \/>\n\t<meta name=\"twitter:data1\" content=\"1\u00a0Minute\" \/>\n<script type=\"application\/ld+json\" class=\"yoast-schema-graph\">{\"@context\":\"https:\/\/schema.org\",\"@graph\":[{\"@type\":\"WebPage\",\"@id\":\"https:\/\/ekkla.ch\/de\/produit\/arum-stehleuchte-schwarz-h-136-marmor-und-metall-ferm-living\/\",\"url\":\"https:\/\/ekkla.ch\/de\/produit\/arum-stehleuchte-schwarz-h-136-marmor-und-metall-ferm-living\/\",\"name\":\"Arum Stehleuchte | Ferm Living | Marmor und Metall | Ekkla\",\"isPartOf\":{\"@id\":\"https:\/\/ekkla.ch\/#website\"},\"primaryImageOfPage\":{\"@id\":\"https:\/\/ekkla.ch\/de\/produit\/arum-stehleuchte-schwarz-h-136-marmor-und-metall-ferm-living\/#primaryimage\"},\"image\":{\"@id\":\"https:\/\/ekkla.ch\/de\/produit\/arum-stehleuchte-schwarz-h-136-marmor-und-metall-ferm-living\/#primaryimage\"},\"thumbnailUrl\":\"https:\/\/ekkla.ch\/wp-content\/uploads\/2023\/04\/ekkla-light_0002_Arum-floor-lamp_100133-101.jpg\",\"datePublished\":\"2023-04-12T15:23:55+00:00\",\"dateModified\":\"2023-04-12T15:23:55+00:00\",\"description\":\"Die schwarze Stehleuchte Arum von Ferm Living ist ideal, um ein gem\u00fctliches und erholsames Wohnzimmer zu beleuchten. Sie wird Ihrer Einrichtung einen modernen Touch verleihen.\",\"breadcrumb\":{\"@id\":\"https:\/\/ekkla.ch\/de\/produit\/arum-stehleuchte-schwarz-h-136-marmor-und-metall-ferm-living\/#breadcrumb\"},\"inLanguage\":\"de\",\"potentialAction\":[{\"@type\":\"ReadAction\",\"target\":[\"https:\/\/ekkla.ch\/de\/produit\/arum-stehleuchte-schwarz-h-136-marmor-und-metall-ferm-living\/\"]}]},{\"@type\":\"ImageObject\",\"inLanguage\":\"de\",\"@id\":\"https:\/\/ekkla.ch\/de\/produit\/arum-stehleuchte-schwarz-h-136-marmor-und-metall-ferm-living\/#primaryimage\",\"url\":\"https:\/\/ekkla.ch\/wp-content\/uploads\/2023\/04\/ekkla-light_0002_Arum-floor-lamp_100133-101.jpg\",\"contentUrl\":\"https:\/\/ekkla.ch\/wp-content\/uploads\/2023\/04\/ekkla-light_0002_Arum-floor-lamp_100133-101.jpg\",\"width\":900,\"height\":900},{\"@type\":\"BreadcrumbList\",\"@id\":\"https:\/\/ekkla.ch\/de\/produit\/arum-stehleuchte-schwarz-h-136-marmor-und-metall-ferm-living\/#breadcrumb\",\"itemListElement\":[{\"@type\":\"ListItem\",\"position\":1,\"name\":\"Home\",\"item\":\"https:\/\/ekkla.ch\/de\/\"},{\"@type\":\"ListItem\",\"position\":2,\"name\":\"Shop\",\"item\":\"https:\/\/ekkla.ch\/de\/shop\/\"},{\"@type\":\"ListItem\",\"position\":3,\"name\":\"Arum Stehleuchte &#8211; Schwarz &#8211; H.136 &#8211; Marmor und Metall &#8211; Ferm Living\"}]},{\"@type\":\"WebSite\",\"@id\":\"https:\/\/ekkla.ch\/#website\",\"url\":\"https:\/\/ekkla.ch\/\",\"name\":\"Ekkla\",\"description\":\"Der Onlineshop f\u00fcr Beleuchtung\",\"publisher\":{\"@id\":\"https:\/\/ekkla.ch\/#organization\"},\"potentialAction\":[{\"@type\":\"SearchAction\",\"target\":{\"@type\":\"EntryPoint\",\"urlTemplate\":\"https:\/\/ekkla.ch\/?s={search_term_string}\"},\"query-input\":\"required name=search_term_string\"}],\"inLanguage\":\"de\"},{\"@type\":\"Organization\",\"@id\":\"https:\/\/ekkla.ch\/#organization\",\"name\":\"Ekkla\",\"url\":\"https:\/\/ekkla.ch\/\",\"logo\":{\"@type\":\"ImageObject\",\"inLanguage\":\"de\",\"@id\":\"https:\/\/ekkla.ch\/#\/schema\/logo\/image\/\",\"url\":\"http:\/\/ekkla.ch\/wp-content\/uploads\/2019\/07\/logo-1.svg\",\"contentUrl\":\"http:\/\/ekkla.ch\/wp-content\/uploads\/2019\/07\/logo-1.svg\",\"width\":1,\"height\":1,\"caption\":\"Ekkla\"},\"image\":{\"@id\":\"https:\/\/ekkla.ch\/#\/schema\/logo\/image\/\"},\"sameAs\":[\"https:\/\/www.instagram.com\/ekkla_light\/\"]}]}<\/script>\n<!-- \/ Yoast SEO Premium plugin. -->","yoast_head_json":{"title":"Arum Stehleuchte | Ferm Living | Marmor und Metall | Ekkla","description":"Die schwarze Stehleuchte Arum von Ferm Living ist ideal, um ein gem\u00fctliches und erholsames Wohnzimmer zu beleuchten. Sie wird Ihrer Einrichtung einen modernen Touch verleihen.","robots":{"index":"index","follow":"follow","max-snippet":"max-snippet:-1","max-image-preview":"max-image-preview:large","max-video-preview":"max-video-preview:-1"},"canonical":"https:\/\/ekkla.ch\/de\/produit\/arum-stehleuchte-schwarz-h-136-marmor-und-metall-ferm-living\/","og_locale":"de_DE","og_type":"article","og_title":"Arum Stehleuchte - Schwarz - H.136 - Marmor und Metall - Ferm Living","og_description":"Die schwarze Stehleuchte Arum von Ferm Living ist ideal, um ein gem\u00fctliches und erholsames Wohnzimmer zu beleuchten. Sie wird Ihrer Einrichtung einen modernen Touch verleihen.","og_url":"https:\/\/ekkla.ch\/de\/produit\/arum-stehleuchte-schwarz-h-136-marmor-und-metall-ferm-living\/","og_site_name":"Ekkla","og_image":[{"width":900,"height":900,"url":"https:\/\/ekkla.ch\/wp-content\/uploads\/2023\/04\/ekkla-light_0002_Arum-floor-lamp_100133-101.jpg","type":"image\/jpeg"}],"twitter_card":"summary_large_image","twitter_misc":{"Gesch\u00e4tzte Lesezeit":"1\u00a0Minute"},"schema":{"@context":"https:\/\/schema.org","@graph":[{"@type":"WebPage","@id":"https:\/\/ekkla.ch\/de\/produit\/arum-stehleuchte-schwarz-h-136-marmor-und-metall-ferm-living\/","url":"https:\/\/ekkla.ch\/de\/produit\/arum-stehleuchte-schwarz-h-136-marmor-und-metall-ferm-living\/","name":"Arum Stehleuchte | Ferm Living | Marmor und Metall | Ekkla","isPartOf":{"@id":"https:\/\/ekkla.ch\/#website"},"primaryImageOfPage":{"@id":"https:\/\/ekkla.ch\/de\/produit\/arum-stehleuchte-schwarz-h-136-marmor-und-metall-ferm-living\/#primaryimage"},"image":{"@id":"https:\/\/ekkla.ch\/de\/produit\/arum-stehleuchte-schwarz-h-136-marmor-und-metall-ferm-living\/#primaryimage"},"thumbnailUrl":"https:\/\/ekkla.ch\/wp-content\/uploads\/2023\/04\/ekkla-light_0002_Arum-floor-lamp_100133-101.jpg","datePublished":"2023-04-12T15:23:55+00:00","dateModified":"2023-04-12T15:23:55+00:00","description":"Die schwarze Stehleuchte Arum von Ferm Living ist ideal, um ein gem\u00fctliches und erholsames Wohnzimmer zu beleuchten. Sie wird Ihrer Einrichtung einen modernen Touch verleihen.","breadcrumb":{"@id":"https:\/\/ekkla.ch\/de\/produit\/arum-stehleuchte-schwarz-h-136-marmor-und-metall-ferm-living\/#breadcrumb"},"inLanguage":"de","potentialAction":[{"@type":"ReadAction","target":["https:\/\/ekkla.ch\/de\/produit\/arum-stehleuchte-schwarz-h-136-marmor-und-metall-ferm-living\/"]}]},{"@type":"ImageObject","inLanguage":"de","@id":"https:\/\/ekkla.ch\/de\/produit\/arum-stehleuchte-schwarz-h-136-marmor-und-metall-ferm-living\/#primaryimage","url":"https:\/\/ekkla.ch\/wp-content\/uploads\/2023\/04\/ekkla-light_0002_Arum-floor-lamp_100133-101.jpg","contentUrl":"https:\/\/ekkla.ch\/wp-content\/uploads\/2023\/04\/ekkla-light_0002_Arum-floor-lamp_100133-101.jpg","width":900,"height":900},{"@type":"BreadcrumbList","@id":"https:\/\/ekkla.ch\/de\/produit\/arum-stehleuchte-schwarz-h-136-marmor-und-metall-ferm-living\/#breadcrumb","itemListElement":[{"@type":"ListItem","position":1,"name":"Home","item":"https:\/\/ekkla.ch\/de\/"},{"@type":"ListItem","position":2,"name":"Shop","item":"https:\/\/ekkla.ch\/de\/shop\/"},{"@type":"ListItem","position":3,"name":"Arum Stehleuchte &#8211; Schwarz &#8211; H.136 &#8211; Marmor und Metall &#8211; Ferm Living"}]},{"@type":"WebSite","@id":"https:\/\/ekkla.ch\/#website","url":"https:\/\/ekkla.ch\/","name":"Ekkla","description":"Der Onlineshop f\u00fcr Beleuchtung","publisher":{"@id":"https:\/\/ekkla.ch\/#organization"},"potentialAction":[{"@type":"SearchAction","target":{"@type":"EntryPoint","urlTemplate":"https:\/\/ekkla.ch\/?s={search_term_string}"},"query-input":"required name=search_term_string"}],"inLanguage":"de"},{"@type":"Organization","@id":"https:\/\/ekkla.ch\/#organization","name":"Ekkla","url":"https:\/\/ekkla.ch\/","logo":{"@type":"ImageObject","inLanguage":"de","@id":"https:\/\/ekkla.ch\/#\/schema\/logo\/image\/","url":"http:\/\/ekkla.ch\/wp-content\/uploads\/2019\/07\/logo-1.svg","contentUrl":"http:\/\/ekkla.ch\/wp-content\/uploads\/2019\/07\/logo-1.svg","width":1,"height":1,"caption":"Ekkla"},"image":{"@id":"https:\/\/ekkla.ch\/#\/schema\/logo\/image\/"},"sameAs":["https:\/\/www.instagram.com\/ekkla_light\/"]}]}},"_links":{"self":[{"href":"https:\/\/ekkla.ch\/de\/wp-json\/wp\/v2\/product\/173123"}],"collection":[{"href":"https:\/\/ekkla.ch\/de\/wp-json\/wp\/v2\/product"}],"about":[{"href":"https:\/\/ekkla.ch\/de\/wp-json\/wp\/v2\/types\/product"}],"wp:featuredmedia":[{"embeddable":true,"href":"https:\/\/ekkla.ch\/de\/wp-json\/wp\/v2\/media\/173570"}],"wp:attachment":[{"href":"https:\/\/ekkla.ch\/de\/wp-json\/wp\/v2\/media?parent=173123"}],"wp:term":[{"taxonomy":"product_cat","embeddable":true,"href":"https:\/\/ekkla.ch\/de\/wp-json\/wp\/v2\/product_cat?post=173123"},{"taxonomy":"product_tag","embeddable":true,"href":"https:\/\/ekkla.ch\/de\/wp-json\/wp\/v2\/product_tag?post=173123"}],"curies":[{"name":"wp","href":"https:\/\/api.w.org\/{rel}","templated":true}]}}