{"id":173126,"date":"2023-04-12T15:25:52","date_gmt":"2023-04-12T13:25:52","guid":{"rendered":"https:\/\/ekkla.ch\/produit\/hangeleuchte-semi-%e2%8c%8030-neuauflage-1968-fenchel-gubi\/"},"modified":"2023-04-18T17:51:49","modified_gmt":"2023-04-18T15:51:49","slug":"hangeleuchte-semi-%e2%8c%8030-neuauflage-1968-fenchel-gubi","status":"publish","type":"product","link":"https:\/\/ekkla.ch\/de\/produit\/hangeleuchte-semi-%e2%8c%8030-neuauflage-1968-fenchel-gubi\/","title":{"rendered":"H\u00e4ngeleuchte Semi \u230030 &#8211; Neuauflage 1968 &#8211; Fenchel &#8211; Gubi"},"content":{"rendered":"<p>Die H\u00e4ngeleuchte Semi ist eine echte Ikone des skandinavischen Designs, die vom Verlag Gubi neu aufgelegt wurde. Sie ist das Ergebnis der Zusammenarbeit der beiden ber\u00fchmten d\u00e4nischen Designer Torsten Thorup und Claus Bonderup. Die H\u00e4ngeleuchte wurde im Rahmen eines Wettbewerbs der K\u00f6niglich D\u00e4nischen Akademie der Sch\u00f6nen K\u00fcnste in Kopenhagen entworfen und gewann zahlreiche nationale und internationale Preise. Ihr einzigartiges und zeitloses Design ist typisch f\u00fcr die 80er Jahre, in denen sie zu einem Bestseller mit weltweiter Anerkennung wurde.<\/p>\n<p>Diese H\u00e4ngeleuchte aus emailliertem Metall wird in Handarbeit gefertigt. Die Emaillierung ist kostbar und raffiniert, da sie eine intensive, hochgl\u00e4nzende Farbe hat. Sie passt perfekt \u00fcber einen runden oder ovalen Esstisch oder in eine K\u00fcche. Die Gl\u00fchbirne ist nicht enthalten.<\/p>\n<blockquote>\n<h2 style=\"text-align: left;\">Merkmale &amp; Eigenschaften<\/h2>\n<p><strong>Marke<\/strong> Gubi<\/p>\n<p style=\"text-align: left;\"><strong>Farbe<\/strong> Fenchel<\/p>\n<p style=\"text-align: left;\"><strong>Material<\/strong> Messing<\/p>\n<p style=\"text-align: left;\"><strong>Gl\u00fcbirne<\/strong> E14 (nicht enthalten)<\/p>\n<p><strong>Max. Leistung (W)<\/strong> 60<\/p>\n<p><strong>H\u00f6he (cm)<\/strong> 15<\/p>\n<p><strong>Durchmesser des Lampenschirms (cm) <\/strong>30<\/p>\n<p><strong>Gewicht (kg) <\/strong>1,5<\/p>\n<p><strong>Max. Kabell\u00e4nge (cm)<\/strong> 400<\/p><\/blockquote>\n","protected":false},"excerpt":{"rendered":"<p>Die H\u00e4ngeleuchte Semi ist eine echte Ikone des skandinavischen Designs, die vom Verlag Gubi neu aufgelegt wurde. Sie ist das Ergebnis der Zusammenarbeit der beiden ber\u00fchmten d\u00e4nischen Designer Torsten Thorup und Claus Bonderup. Die H\u00e4ngeleuchte wurde im Rahmen eines Wettbewerbs der K\u00f6niglich D\u00e4nischen Akademie der Sch\u00f6nen K\u00fcnste in Kopenhagen entworfen und gewann zahlreiche nationale und [&hellip;]<\/p>\n","protected":false},"featured_media":173066,"template":"","meta":{"_acf_changed":false,"om_disable_all_campaigns":false},"product_cat":[291],"product_tag":[1254,892,1188,1265,801,816,704],"bundled_by":[],"bundle_stock_status":"onbackorder","bundle_stock_quantity":null,"bundle_virtual":false,"bundle_layout":"","bundle_add_to_cart_form_location":"","bundle_editable_in_cart":false,"bundle_sold_individually_context":"","bundle_item_grouping":"","bundle_min_size":"","bundle_max_size":"","bundle_price":[],"bundled_items":[],"bundle_sell_ids":[],"acf":[],"yoast_head":"<!-- This site is optimized with the Yoast SEO Premium plugin v22.2 (Yoast SEO v22.8) - https:\/\/yoast.com\/wordpress\/plugins\/seo\/ -->\n<title>Gubi | H\u00e4ngeleuchte Semi \u230030 | Neuauflage 1968 | Messing | Ekkla<\/title>\n<meta name=\"description\" content=\"H\u00e4ngeleuchte Semi Gubi, Designikone und weltweiter Bestseller. Eine zeitlose und elegante Lampe, die perfekt in eine K\u00fcche oder ein Esszimmer passt.\" \/>\n<meta name=\"robots\" content=\"index, follow, max-snippet:-1, max-image-preview:large, max-video-preview:-1\" \/>\n<link rel=\"canonical\" href=\"https:\/\/ekkla.ch\/de\/produit\/hangeleuchte-semi-\u230030-neuauflage-1968-fenchel-gubi\/\" \/>\n<meta property=\"og:locale\" content=\"de_DE\" \/>\n<meta property=\"og:type\" content=\"article\" \/>\n<meta property=\"og:title\" content=\"H\u00e4ngeleuchte Semi \u230030 - Neuauflage 1968 - Fenchel - Gubi\" \/>\n<meta property=\"og:description\" content=\"H\u00e4ngeleuchte Semi Gubi, Designikone und weltweiter Bestseller. Eine zeitlose und elegante Lampe, die perfekt in eine K\u00fcche oder ein Esszimmer passt.\" \/>\n<meta property=\"og:url\" content=\"https:\/\/ekkla.ch\/de\/produit\/hangeleuchte-semi-\u230030-neuauflage-1968-fenchel-gubi\/\" \/>\n<meta property=\"og:site_name\" content=\"Ekkla\" \/>\n<meta property=\"article:modified_time\" content=\"2023-04-18T15:51:49+00:00\" \/>\n<meta property=\"og:image\" content=\"https:\/\/ekkla.ch\/wp-content\/uploads\/2023\/04\/ekkla-light-gubi-luminaires_0037_10110911_FRT_Semi-Pendant_O30_Fennel-Seed-Glossy-1.jpg\" \/>\n\t<meta property=\"og:image:width\" content=\"900\" \/>\n\t<meta property=\"og:image:height\" content=\"900\" \/>\n\t<meta property=\"og:image:type\" content=\"image\/jpeg\" \/>\n<meta name=\"twitter:card\" content=\"summary_large_image\" \/>\n<meta name=\"twitter:label1\" content=\"Gesch\u00e4tzte Lesezeit\" \/>\n\t<meta name=\"twitter:data1\" content=\"1\u00a0Minute\" \/>\n<script type=\"application\/ld+json\" class=\"yoast-schema-graph\">{\"@context\":\"https:\/\/schema.org\",\"@graph\":[{\"@type\":\"WebPage\",\"@id\":\"https:\/\/ekkla.ch\/de\/produit\/hangeleuchte-semi-%e2%8c%8030-neuauflage-1968-fenchel-gubi\/\",\"url\":\"https:\/\/ekkla.ch\/de\/produit\/hangeleuchte-semi-%e2%8c%8030-neuauflage-1968-fenchel-gubi\/\",\"name\":\"Gubi | H\u00e4ngeleuchte Semi \u230030 | Neuauflage 1968 | Messing | Ekkla\",\"isPartOf\":{\"@id\":\"https:\/\/ekkla.ch\/#website\"},\"primaryImageOfPage\":{\"@id\":\"https:\/\/ekkla.ch\/de\/produit\/hangeleuchte-semi-%e2%8c%8030-neuauflage-1968-fenchel-gubi\/#primaryimage\"},\"image\":{\"@id\":\"https:\/\/ekkla.ch\/de\/produit\/hangeleuchte-semi-%e2%8c%8030-neuauflage-1968-fenchel-gubi\/#primaryimage\"},\"thumbnailUrl\":\"https:\/\/ekkla.ch\/wp-content\/uploads\/2023\/04\/ekkla-light-gubi-luminaires_0037_10110911_FRT_Semi-Pendant_O30_Fennel-Seed-Glossy-1.jpg\",\"datePublished\":\"2023-04-12T13:25:52+00:00\",\"dateModified\":\"2023-04-18T15:51:49+00:00\",\"description\":\"H\u00e4ngeleuchte Semi Gubi, Designikone und weltweiter Bestseller. Eine zeitlose und elegante Lampe, die perfekt in eine K\u00fcche oder ein Esszimmer passt.\",\"breadcrumb\":{\"@id\":\"https:\/\/ekkla.ch\/de\/produit\/hangeleuchte-semi-%e2%8c%8030-neuauflage-1968-fenchel-gubi\/#breadcrumb\"},\"inLanguage\":\"de\",\"potentialAction\":[{\"@type\":\"ReadAction\",\"target\":[\"https:\/\/ekkla.ch\/de\/produit\/hangeleuchte-semi-%e2%8c%8030-neuauflage-1968-fenchel-gubi\/\"]}]},{\"@type\":\"ImageObject\",\"inLanguage\":\"de\",\"@id\":\"https:\/\/ekkla.ch\/de\/produit\/hangeleuchte-semi-%e2%8c%8030-neuauflage-1968-fenchel-gubi\/#primaryimage\",\"url\":\"https:\/\/ekkla.ch\/wp-content\/uploads\/2023\/04\/ekkla-light-gubi-luminaires_0037_10110911_FRT_Semi-Pendant_O30_Fennel-Seed-Glossy-1.jpg\",\"contentUrl\":\"https:\/\/ekkla.ch\/wp-content\/uploads\/2023\/04\/ekkla-light-gubi-luminaires_0037_10110911_FRT_Semi-Pendant_O30_Fennel-Seed-Glossy-1.jpg\",\"width\":900,\"height\":900},{\"@type\":\"BreadcrumbList\",\"@id\":\"https:\/\/ekkla.ch\/de\/produit\/hangeleuchte-semi-%e2%8c%8030-neuauflage-1968-fenchel-gubi\/#breadcrumb\",\"itemListElement\":[{\"@type\":\"ListItem\",\"position\":1,\"name\":\"Home\",\"item\":\"https:\/\/ekkla.ch\/de\/\"},{\"@type\":\"ListItem\",\"position\":2,\"name\":\"Shop\",\"item\":\"https:\/\/ekkla.ch\/de\/shop\/\"},{\"@type\":\"ListItem\",\"position\":3,\"name\":\"H\u00e4ngeleuchte Semi \u230030 &#8211; Neuauflage 1968 &#8211; Fenchel &#8211; Gubi\"}]},{\"@type\":\"WebSite\",\"@id\":\"https:\/\/ekkla.ch\/#website\",\"url\":\"https:\/\/ekkla.ch\/\",\"name\":\"Ekkla\",\"description\":\"Der Onlineshop f\u00fcr Beleuchtung\",\"publisher\":{\"@id\":\"https:\/\/ekkla.ch\/#organization\"},\"potentialAction\":[{\"@type\":\"SearchAction\",\"target\":{\"@type\":\"EntryPoint\",\"urlTemplate\":\"https:\/\/ekkla.ch\/?s={search_term_string}\"},\"query-input\":\"required name=search_term_string\"}],\"inLanguage\":\"de\"},{\"@type\":\"Organization\",\"@id\":\"https:\/\/ekkla.ch\/#organization\",\"name\":\"Ekkla\",\"url\":\"https:\/\/ekkla.ch\/\",\"logo\":{\"@type\":\"ImageObject\",\"inLanguage\":\"de\",\"@id\":\"https:\/\/ekkla.ch\/#\/schema\/logo\/image\/\",\"url\":\"http:\/\/ekkla.ch\/wp-content\/uploads\/2019\/07\/logo-1.svg\",\"contentUrl\":\"http:\/\/ekkla.ch\/wp-content\/uploads\/2019\/07\/logo-1.svg\",\"width\":1,\"height\":1,\"caption\":\"Ekkla\"},\"image\":{\"@id\":\"https:\/\/ekkla.ch\/#\/schema\/logo\/image\/\"},\"sameAs\":[\"https:\/\/www.instagram.com\/ekkla_light\/\"]}]}<\/script>\n<!-- \/ Yoast SEO Premium plugin. -->","yoast_head_json":{"title":"Gubi | H\u00e4ngeleuchte Semi \u230030 | Neuauflage 1968 | Messing | Ekkla","description":"H\u00e4ngeleuchte Semi Gubi, Designikone und weltweiter Bestseller. Eine zeitlose und elegante Lampe, die perfekt in eine K\u00fcche oder ein Esszimmer passt.","robots":{"index":"index","follow":"follow","max-snippet":"max-snippet:-1","max-image-preview":"max-image-preview:large","max-video-preview":"max-video-preview:-1"},"canonical":"https:\/\/ekkla.ch\/de\/produit\/hangeleuchte-semi-\u230030-neuauflage-1968-fenchel-gubi\/","og_locale":"de_DE","og_type":"article","og_title":"H\u00e4ngeleuchte Semi \u230030 - Neuauflage 1968 - Fenchel - Gubi","og_description":"H\u00e4ngeleuchte Semi Gubi, Designikone und weltweiter Bestseller. Eine zeitlose und elegante Lampe, die perfekt in eine K\u00fcche oder ein Esszimmer passt.","og_url":"https:\/\/ekkla.ch\/de\/produit\/hangeleuchte-semi-\u230030-neuauflage-1968-fenchel-gubi\/","og_site_name":"Ekkla","article_modified_time":"2023-04-18T15:51:49+00:00","og_image":[{"width":900,"height":900,"url":"https:\/\/ekkla.ch\/wp-content\/uploads\/2023\/04\/ekkla-light-gubi-luminaires_0037_10110911_FRT_Semi-Pendant_O30_Fennel-Seed-Glossy-1.jpg","type":"image\/jpeg"}],"twitter_card":"summary_large_image","twitter_misc":{"Gesch\u00e4tzte Lesezeit":"1\u00a0Minute"},"schema":{"@context":"https:\/\/schema.org","@graph":[{"@type":"WebPage","@id":"https:\/\/ekkla.ch\/de\/produit\/hangeleuchte-semi-%e2%8c%8030-neuauflage-1968-fenchel-gubi\/","url":"https:\/\/ekkla.ch\/de\/produit\/hangeleuchte-semi-%e2%8c%8030-neuauflage-1968-fenchel-gubi\/","name":"Gubi | H\u00e4ngeleuchte Semi \u230030 | Neuauflage 1968 | Messing | Ekkla","isPartOf":{"@id":"https:\/\/ekkla.ch\/#website"},"primaryImageOfPage":{"@id":"https:\/\/ekkla.ch\/de\/produit\/hangeleuchte-semi-%e2%8c%8030-neuauflage-1968-fenchel-gubi\/#primaryimage"},"image":{"@id":"https:\/\/ekkla.ch\/de\/produit\/hangeleuchte-semi-%e2%8c%8030-neuauflage-1968-fenchel-gubi\/#primaryimage"},"thumbnailUrl":"https:\/\/ekkla.ch\/wp-content\/uploads\/2023\/04\/ekkla-light-gubi-luminaires_0037_10110911_FRT_Semi-Pendant_O30_Fennel-Seed-Glossy-1.jpg","datePublished":"2023-04-12T13:25:52+00:00","dateModified":"2023-04-18T15:51:49+00:00","description":"H\u00e4ngeleuchte Semi Gubi, Designikone und weltweiter Bestseller. Eine zeitlose und elegante Lampe, die perfekt in eine K\u00fcche oder ein Esszimmer passt.","breadcrumb":{"@id":"https:\/\/ekkla.ch\/de\/produit\/hangeleuchte-semi-%e2%8c%8030-neuauflage-1968-fenchel-gubi\/#breadcrumb"},"inLanguage":"de","potentialAction":[{"@type":"ReadAction","target":["https:\/\/ekkla.ch\/de\/produit\/hangeleuchte-semi-%e2%8c%8030-neuauflage-1968-fenchel-gubi\/"]}]},{"@type":"ImageObject","inLanguage":"de","@id":"https:\/\/ekkla.ch\/de\/produit\/hangeleuchte-semi-%e2%8c%8030-neuauflage-1968-fenchel-gubi\/#primaryimage","url":"https:\/\/ekkla.ch\/wp-content\/uploads\/2023\/04\/ekkla-light-gubi-luminaires_0037_10110911_FRT_Semi-Pendant_O30_Fennel-Seed-Glossy-1.jpg","contentUrl":"https:\/\/ekkla.ch\/wp-content\/uploads\/2023\/04\/ekkla-light-gubi-luminaires_0037_10110911_FRT_Semi-Pendant_O30_Fennel-Seed-Glossy-1.jpg","width":900,"height":900},{"@type":"BreadcrumbList","@id":"https:\/\/ekkla.ch\/de\/produit\/hangeleuchte-semi-%e2%8c%8030-neuauflage-1968-fenchel-gubi\/#breadcrumb","itemListElement":[{"@type":"ListItem","position":1,"name":"Home","item":"https:\/\/ekkla.ch\/de\/"},{"@type":"ListItem","position":2,"name":"Shop","item":"https:\/\/ekkla.ch\/de\/shop\/"},{"@type":"ListItem","position":3,"name":"H\u00e4ngeleuchte Semi \u230030 &#8211; Neuauflage 1968 &#8211; Fenchel &#8211; Gubi"}]},{"@type":"WebSite","@id":"https:\/\/ekkla.ch\/#website","url":"https:\/\/ekkla.ch\/","name":"Ekkla","description":"Der Onlineshop f\u00fcr Beleuchtung","publisher":{"@id":"https:\/\/ekkla.ch\/#organization"},"potentialAction":[{"@type":"SearchAction","target":{"@type":"EntryPoint","urlTemplate":"https:\/\/ekkla.ch\/?s={search_term_string}"},"query-input":"required name=search_term_string"}],"inLanguage":"de"},{"@type":"Organization","@id":"https:\/\/ekkla.ch\/#organization","name":"Ekkla","url":"https:\/\/ekkla.ch\/","logo":{"@type":"ImageObject","inLanguage":"de","@id":"https:\/\/ekkla.ch\/#\/schema\/logo\/image\/","url":"http:\/\/ekkla.ch\/wp-content\/uploads\/2019\/07\/logo-1.svg","contentUrl":"http:\/\/ekkla.ch\/wp-content\/uploads\/2019\/07\/logo-1.svg","width":1,"height":1,"caption":"Ekkla"},"image":{"@id":"https:\/\/ekkla.ch\/#\/schema\/logo\/image\/"},"sameAs":["https:\/\/www.instagram.com\/ekkla_light\/"]}]}},"_links":{"self":[{"href":"https:\/\/ekkla.ch\/de\/wp-json\/wp\/v2\/product\/173126"}],"collection":[{"href":"https:\/\/ekkla.ch\/de\/wp-json\/wp\/v2\/product"}],"about":[{"href":"https:\/\/ekkla.ch\/de\/wp-json\/wp\/v2\/types\/product"}],"wp:featuredmedia":[{"embeddable":true,"href":"https:\/\/ekkla.ch\/de\/wp-json\/wp\/v2\/media\/173066"}],"wp:attachment":[{"href":"https:\/\/ekkla.ch\/de\/wp-json\/wp\/v2\/media?parent=173126"}],"wp:term":[{"taxonomy":"product_cat","embeddable":true,"href":"https:\/\/ekkla.ch\/de\/wp-json\/wp\/v2\/product_cat?post=173126"},{"taxonomy":"product_tag","embeddable":true,"href":"https:\/\/ekkla.ch\/de\/wp-json\/wp\/v2\/product_tag?post=173126"}],"curies":[{"name":"wp","href":"https:\/\/api.w.org\/{rel}","templated":true}]}}