{"id":173144,"date":"2023-04-14T16:10:21","date_gmt":"2023-04-14T14:10:21","guid":{"rendered":"https:\/\/ekkla.ch\/produit\/stehleuchte-tiny-silber-h-124-ferm-living\/"},"modified":"2023-05-02T15:49:45","modified_gmt":"2023-05-02T13:49:45","slug":"stehleuchte-tiny-silber-h-124-ferm-living","status":"publish","type":"product","link":"https:\/\/ekkla.ch\/de\/produit\/stehleuchte-tiny-silber-h-124-ferm-living\/","title":{"rendered":"Stehleuchte Tiny &#8211; Silber &#8211; H.124 &#8211; Ferm Living"},"content":{"rendered":"<p>Die Tiny-Stehleuchte kann als funktionale und dekorative Lichtquelle zum Einsatz kommen. Aufgrund ihrer zierlichen, hohen und schlanken Gestalt passt sie problemlos in die meisten Ecken oder hinter deine Couch, wenn du etwas zus\u00e4tzliches Licht ben\u00f6tigst, um eine gem\u00fctliche Atmosph\u00e4re zu schaffen. Sie ist vom industriellen Stil des Art d\u00e9co inspiriert und strahlt sowohl \u00fcber ihre Optik als auch Metallkonstruktion Schlichtheit aus. Durch die praktische Kippfunktion kannst du den Lampenschirm neigen, um den Look der Leuchte zu ver\u00e4ndern oder sie mit der Atmosph\u00e4re des Raumes in Einklang zu bringen. Es ist ein Spiel mit den Proportionen, wobei der kleine Lampenschirm in Kombination mit dem hohen, schlanken Fu\u00df f\u00fcr das ausdrucksstarke Design und die \u201ePers\u00f6nlichkeit\u201c der Tiny-Stehleuchte sorgt.<\/p>\n<h2>Merkmale &amp; Eigenschaften<\/h2>\n<p><strong>Marke<\/strong> Ferm Living<\/p>\n<p><strong>Farbe<\/strong> Silber<\/p>\n<p><strong>Material<\/strong> Eisen<\/p>\n<p><strong>Gl\u00fchbirne<\/strong> E14 (nicht im Lieferumfang enthalten)<\/p>\n<p><strong>H\u00f6he (cm)<\/strong> 124,2<\/p>\n<p><strong>Durchmesser (cm)<\/strong> 12<\/p>\n","protected":false},"excerpt":{"rendered":"<p>Die Tiny-Stehleuchte kann als funktionale und dekorative Lichtquelle zum Einsatz kommen. Aufgrund ihrer zierlichen, hohen und schlanken Gestalt passt sie problemlos in die meisten Ecken oder hinter deine Couch, wenn du etwas zus\u00e4tzliches Licht ben\u00f6tigst, um eine gem\u00fctliche Atmosph\u00e4re zu schaffen. Sie ist vom industriellen Stil des Art d\u00e9co inspiriert und strahlt sowohl \u00fcber ihre [&hellip;]<\/p>\n","protected":false},"featured_media":173580,"template":"","meta":{"_acf_changed":false,"om_disable_all_campaigns":false},"product_cat":[289],"product_tag":[1258,896,1188,1265,858,816],"bundled_by":[],"bundle_stock_status":"onbackorder","bundle_stock_quantity":null,"bundle_virtual":false,"bundle_layout":"","bundle_add_to_cart_form_location":"","bundle_editable_in_cart":false,"bundle_sold_individually_context":"","bundle_item_grouping":"","bundle_min_size":"","bundle_max_size":"","bundle_price":[],"bundled_items":[],"bundle_sell_ids":[],"acf":[],"yoast_head":"<!-- This site is optimized with the Yoast SEO Premium plugin v22.2 (Yoast SEO v22.8) - https:\/\/yoast.com\/wordpress\/plugins\/seo\/ -->\n<title>Stehleuchte Tiny Silber | Ferm Living | Ekkla<\/title>\n<meta name=\"description\" content=\"Die Stehleuchte Tiny silber von Ferm Living ist ideal, um ein gem\u00fctliches und erholsames Wohnzimmer zu beleuchten. Sie wird Ihrer Einrichtung einen modernen Touch verleihen.\" \/>\n<meta name=\"robots\" content=\"index, follow, max-snippet:-1, max-image-preview:large, max-video-preview:-1\" \/>\n<link rel=\"canonical\" href=\"https:\/\/ekkla.ch\/de\/produit\/stehleuchte-tiny-silber-h-124-ferm-living\/\" \/>\n<meta property=\"og:locale\" content=\"de_DE\" \/>\n<meta property=\"og:type\" content=\"article\" \/>\n<meta property=\"og:title\" content=\"Stehleuchte Tiny - Silber - H.124 - Ferm Living\" \/>\n<meta property=\"og:description\" content=\"Die Stehleuchte Tiny silber von Ferm Living ist ideal, um ein gem\u00fctliches und erholsames Wohnzimmer zu beleuchten. Sie wird Ihrer Einrichtung einen modernen Touch verleihen.\" \/>\n<meta property=\"og:url\" content=\"https:\/\/ekkla.ch\/de\/produit\/stehleuchte-tiny-silber-h-124-ferm-living\/\" \/>\n<meta property=\"og:site_name\" content=\"Ekkla\" \/>\n<meta property=\"article:modified_time\" content=\"2023-05-02T13:49:45+00:00\" \/>\n<meta property=\"og:image\" content=\"https:\/\/ekkla.ch\/wp-content\/uploads\/2023\/04\/ekkla-light_0035_fermLIVING-TinyFloorLamp-Steel-1104264781-pack-1.jpg\" \/>\n\t<meta property=\"og:image:width\" content=\"900\" \/>\n\t<meta property=\"og:image:height\" content=\"900\" \/>\n\t<meta property=\"og:image:type\" content=\"image\/jpeg\" \/>\n<meta name=\"twitter:card\" content=\"summary_large_image\" \/>\n<meta name=\"twitter:label1\" content=\"Gesch\u00e4tzte Lesezeit\" \/>\n\t<meta name=\"twitter:data1\" content=\"1\u00a0Minute\" \/>\n<script type=\"application\/ld+json\" class=\"yoast-schema-graph\">{\"@context\":\"https:\/\/schema.org\",\"@graph\":[{\"@type\":\"WebPage\",\"@id\":\"https:\/\/ekkla.ch\/de\/produit\/stehleuchte-tiny-silber-h-124-ferm-living\/\",\"url\":\"https:\/\/ekkla.ch\/de\/produit\/stehleuchte-tiny-silber-h-124-ferm-living\/\",\"name\":\"Stehleuchte Tiny Silber | Ferm Living | Ekkla\",\"isPartOf\":{\"@id\":\"https:\/\/ekkla.ch\/#website\"},\"primaryImageOfPage\":{\"@id\":\"https:\/\/ekkla.ch\/de\/produit\/stehleuchte-tiny-silber-h-124-ferm-living\/#primaryimage\"},\"image\":{\"@id\":\"https:\/\/ekkla.ch\/de\/produit\/stehleuchte-tiny-silber-h-124-ferm-living\/#primaryimage\"},\"thumbnailUrl\":\"https:\/\/ekkla.ch\/wp-content\/uploads\/2023\/04\/ekkla-light_0035_fermLIVING-TinyFloorLamp-Steel-1104264781-pack-1.jpg\",\"datePublished\":\"2023-04-14T14:10:21+00:00\",\"dateModified\":\"2023-05-02T13:49:45+00:00\",\"description\":\"Die Stehleuchte Tiny silber von Ferm Living ist ideal, um ein gem\u00fctliches und erholsames Wohnzimmer zu beleuchten. Sie wird Ihrer Einrichtung einen modernen Touch verleihen.\",\"breadcrumb\":{\"@id\":\"https:\/\/ekkla.ch\/de\/produit\/stehleuchte-tiny-silber-h-124-ferm-living\/#breadcrumb\"},\"inLanguage\":\"de\",\"potentialAction\":[{\"@type\":\"ReadAction\",\"target\":[\"https:\/\/ekkla.ch\/de\/produit\/stehleuchte-tiny-silber-h-124-ferm-living\/\"]}]},{\"@type\":\"ImageObject\",\"inLanguage\":\"de\",\"@id\":\"https:\/\/ekkla.ch\/de\/produit\/stehleuchte-tiny-silber-h-124-ferm-living\/#primaryimage\",\"url\":\"https:\/\/ekkla.ch\/wp-content\/uploads\/2023\/04\/ekkla-light_0035_fermLIVING-TinyFloorLamp-Steel-1104264781-pack-1.jpg\",\"contentUrl\":\"https:\/\/ekkla.ch\/wp-content\/uploads\/2023\/04\/ekkla-light_0035_fermLIVING-TinyFloorLamp-Steel-1104264781-pack-1.jpg\",\"width\":900,\"height\":900},{\"@type\":\"BreadcrumbList\",\"@id\":\"https:\/\/ekkla.ch\/de\/produit\/stehleuchte-tiny-silber-h-124-ferm-living\/#breadcrumb\",\"itemListElement\":[{\"@type\":\"ListItem\",\"position\":1,\"name\":\"Home\",\"item\":\"https:\/\/ekkla.ch\/de\/\"},{\"@type\":\"ListItem\",\"position\":2,\"name\":\"Shop\",\"item\":\"https:\/\/ekkla.ch\/de\/shop\/\"},{\"@type\":\"ListItem\",\"position\":3,\"name\":\"Stehleuchte Tiny &#8211; Silber &#8211; H.124 &#8211; Ferm Living\"}]},{\"@type\":\"WebSite\",\"@id\":\"https:\/\/ekkla.ch\/#website\",\"url\":\"https:\/\/ekkla.ch\/\",\"name\":\"Ekkla\",\"description\":\"Der Onlineshop f\u00fcr Beleuchtung\",\"publisher\":{\"@id\":\"https:\/\/ekkla.ch\/#organization\"},\"potentialAction\":[{\"@type\":\"SearchAction\",\"target\":{\"@type\":\"EntryPoint\",\"urlTemplate\":\"https:\/\/ekkla.ch\/?s={search_term_string}\"},\"query-input\":\"required name=search_term_string\"}],\"inLanguage\":\"de\"},{\"@type\":\"Organization\",\"@id\":\"https:\/\/ekkla.ch\/#organization\",\"name\":\"Ekkla\",\"url\":\"https:\/\/ekkla.ch\/\",\"logo\":{\"@type\":\"ImageObject\",\"inLanguage\":\"de\",\"@id\":\"https:\/\/ekkla.ch\/#\/schema\/logo\/image\/\",\"url\":\"http:\/\/ekkla.ch\/wp-content\/uploads\/2019\/07\/logo-1.svg\",\"contentUrl\":\"http:\/\/ekkla.ch\/wp-content\/uploads\/2019\/07\/logo-1.svg\",\"width\":1,\"height\":1,\"caption\":\"Ekkla\"},\"image\":{\"@id\":\"https:\/\/ekkla.ch\/#\/schema\/logo\/image\/\"},\"sameAs\":[\"https:\/\/www.instagram.com\/ekkla_light\/\"]}]}<\/script>\n<!-- \/ Yoast SEO Premium plugin. -->","yoast_head_json":{"title":"Stehleuchte Tiny Silber | Ferm Living | Ekkla","description":"Die Stehleuchte Tiny silber von Ferm Living ist ideal, um ein gem\u00fctliches und erholsames Wohnzimmer zu beleuchten. Sie wird Ihrer Einrichtung einen modernen Touch verleihen.","robots":{"index":"index","follow":"follow","max-snippet":"max-snippet:-1","max-image-preview":"max-image-preview:large","max-video-preview":"max-video-preview:-1"},"canonical":"https:\/\/ekkla.ch\/de\/produit\/stehleuchte-tiny-silber-h-124-ferm-living\/","og_locale":"de_DE","og_type":"article","og_title":"Stehleuchte Tiny - Silber - H.124 - Ferm Living","og_description":"Die Stehleuchte Tiny silber von Ferm Living ist ideal, um ein gem\u00fctliches und erholsames Wohnzimmer zu beleuchten. Sie wird Ihrer Einrichtung einen modernen Touch verleihen.","og_url":"https:\/\/ekkla.ch\/de\/produit\/stehleuchte-tiny-silber-h-124-ferm-living\/","og_site_name":"Ekkla","article_modified_time":"2023-05-02T13:49:45+00:00","og_image":[{"width":900,"height":900,"url":"https:\/\/ekkla.ch\/wp-content\/uploads\/2023\/04\/ekkla-light_0035_fermLIVING-TinyFloorLamp-Steel-1104264781-pack-1.jpg","type":"image\/jpeg"}],"twitter_card":"summary_large_image","twitter_misc":{"Gesch\u00e4tzte Lesezeit":"1\u00a0Minute"},"schema":{"@context":"https:\/\/schema.org","@graph":[{"@type":"WebPage","@id":"https:\/\/ekkla.ch\/de\/produit\/stehleuchte-tiny-silber-h-124-ferm-living\/","url":"https:\/\/ekkla.ch\/de\/produit\/stehleuchte-tiny-silber-h-124-ferm-living\/","name":"Stehleuchte Tiny Silber | Ferm Living | Ekkla","isPartOf":{"@id":"https:\/\/ekkla.ch\/#website"},"primaryImageOfPage":{"@id":"https:\/\/ekkla.ch\/de\/produit\/stehleuchte-tiny-silber-h-124-ferm-living\/#primaryimage"},"image":{"@id":"https:\/\/ekkla.ch\/de\/produit\/stehleuchte-tiny-silber-h-124-ferm-living\/#primaryimage"},"thumbnailUrl":"https:\/\/ekkla.ch\/wp-content\/uploads\/2023\/04\/ekkla-light_0035_fermLIVING-TinyFloorLamp-Steel-1104264781-pack-1.jpg","datePublished":"2023-04-14T14:10:21+00:00","dateModified":"2023-05-02T13:49:45+00:00","description":"Die Stehleuchte Tiny silber von Ferm Living ist ideal, um ein gem\u00fctliches und erholsames Wohnzimmer zu beleuchten. Sie wird Ihrer Einrichtung einen modernen Touch verleihen.","breadcrumb":{"@id":"https:\/\/ekkla.ch\/de\/produit\/stehleuchte-tiny-silber-h-124-ferm-living\/#breadcrumb"},"inLanguage":"de","potentialAction":[{"@type":"ReadAction","target":["https:\/\/ekkla.ch\/de\/produit\/stehleuchte-tiny-silber-h-124-ferm-living\/"]}]},{"@type":"ImageObject","inLanguage":"de","@id":"https:\/\/ekkla.ch\/de\/produit\/stehleuchte-tiny-silber-h-124-ferm-living\/#primaryimage","url":"https:\/\/ekkla.ch\/wp-content\/uploads\/2023\/04\/ekkla-light_0035_fermLIVING-TinyFloorLamp-Steel-1104264781-pack-1.jpg","contentUrl":"https:\/\/ekkla.ch\/wp-content\/uploads\/2023\/04\/ekkla-light_0035_fermLIVING-TinyFloorLamp-Steel-1104264781-pack-1.jpg","width":900,"height":900},{"@type":"BreadcrumbList","@id":"https:\/\/ekkla.ch\/de\/produit\/stehleuchte-tiny-silber-h-124-ferm-living\/#breadcrumb","itemListElement":[{"@type":"ListItem","position":1,"name":"Home","item":"https:\/\/ekkla.ch\/de\/"},{"@type":"ListItem","position":2,"name":"Shop","item":"https:\/\/ekkla.ch\/de\/shop\/"},{"@type":"ListItem","position":3,"name":"Stehleuchte Tiny &#8211; Silber &#8211; H.124 &#8211; Ferm Living"}]},{"@type":"WebSite","@id":"https:\/\/ekkla.ch\/#website","url":"https:\/\/ekkla.ch\/","name":"Ekkla","description":"Der Onlineshop f\u00fcr Beleuchtung","publisher":{"@id":"https:\/\/ekkla.ch\/#organization"},"potentialAction":[{"@type":"SearchAction","target":{"@type":"EntryPoint","urlTemplate":"https:\/\/ekkla.ch\/?s={search_term_string}"},"query-input":"required name=search_term_string"}],"inLanguage":"de"},{"@type":"Organization","@id":"https:\/\/ekkla.ch\/#organization","name":"Ekkla","url":"https:\/\/ekkla.ch\/","logo":{"@type":"ImageObject","inLanguage":"de","@id":"https:\/\/ekkla.ch\/#\/schema\/logo\/image\/","url":"http:\/\/ekkla.ch\/wp-content\/uploads\/2019\/07\/logo-1.svg","contentUrl":"http:\/\/ekkla.ch\/wp-content\/uploads\/2019\/07\/logo-1.svg","width":1,"height":1,"caption":"Ekkla"},"image":{"@id":"https:\/\/ekkla.ch\/#\/schema\/logo\/image\/"},"sameAs":["https:\/\/www.instagram.com\/ekkla_light\/"]}]}},"_links":{"self":[{"href":"https:\/\/ekkla.ch\/de\/wp-json\/wp\/v2\/product\/173144"}],"collection":[{"href":"https:\/\/ekkla.ch\/de\/wp-json\/wp\/v2\/product"}],"about":[{"href":"https:\/\/ekkla.ch\/de\/wp-json\/wp\/v2\/types\/product"}],"wp:featuredmedia":[{"embeddable":true,"href":"https:\/\/ekkla.ch\/de\/wp-json\/wp\/v2\/media\/173580"}],"wp:attachment":[{"href":"https:\/\/ekkla.ch\/de\/wp-json\/wp\/v2\/media?parent=173144"}],"wp:term":[{"taxonomy":"product_cat","embeddable":true,"href":"https:\/\/ekkla.ch\/de\/wp-json\/wp\/v2\/product_cat?post=173144"},{"taxonomy":"product_tag","embeddable":true,"href":"https:\/\/ekkla.ch\/de\/wp-json\/wp\/v2\/product_tag?post=173144"}],"curies":[{"name":"wp","href":"https:\/\/api.w.org\/{rel}","templated":true}]}}