{"id":173151,"date":"2023-04-18T10:16:53","date_gmt":"2023-04-18T08:16:53","guid":{"rendered":"https:\/\/ekkla.ch\/produit\/wandleuchte-ruuvi-schwarz-metall-h-16-ferm-living\/"},"modified":"2023-04-18T10:16:53","modified_gmt":"2023-04-18T08:16:53","slug":"wandleuchte-ruuvi-schwarz-metall-h-16-ferm-living","status":"publish","type":"product","link":"https:\/\/ekkla.ch\/de\/produit\/wandleuchte-ruuvi-schwarz-metall-h-16-ferm-living\/","title":{"rendered":"Wandleuchte Ruuvi &#8211; Schwarz &#8211; Metall &#8211; H.16 &#8211; Ferm Living"},"content":{"rendered":"<p>Die praktische und langlebige Ruuvi-Leuchte ist von industrieller Architektur und Technik inspiriert und hat einen klaren und zugleich sanften Ausdruck. Der Lampenschirm der Ruuvi-Leuchte l\u00e4sst sich mit den praktischen Handschrauben \u2013 die auch den Produktnamen inspirierten \u2013 so einstellen, dass er in jede Richtung Licht emittiert. Die Leuchte selbst kann dank des Klemmsystems an jeder Oberfl\u00e4che des Zuhauses befestigt werden. Nutze die funktionelle Leuchte zum Beleuchten deines Lieblingsregals, der Seiten deines Lieblingsbuchs beim Lesen im Bett, als helles Licht bei der Zubereitung k\u00f6stlicher Mahlzeiten in der K\u00fcche oder in jedem anderen Raum, in dem du eine praktische Lichtquelle ben\u00f6tigst, die sich leicht bewegen und einstellen l\u00e4sst.<\/p>\n<h2>Merkmale &amp; Eigenschaften<\/h2>\n<p><strong>Marke<\/strong> Ferm Living<\/p>\n<p><strong>Farbe<\/strong> Schwarz<\/p>\n<p><strong>Material<\/strong> Eisen<\/p>\n<p><strong>Gl\u00fchbirne<\/strong> GU10 max 8W (nicht inbegriffen)<\/p>\n<p><strong>Stromversorgung (V)<\/strong> 220 &#8211; 240<\/p>\n<p><strong>H\u00f6he (cm)<\/strong> 16<\/p>\n<p><strong>Durchmesser (cm)<\/strong> 6<\/p>\n","protected":false},"excerpt":{"rendered":"<p>Die praktische und langlebige Ruuvi-Leuchte ist von industrieller Architektur und Technik inspiriert und hat einen klaren und zugleich sanften Ausdruck. Der Lampenschirm der Ruuvi-Leuchte l\u00e4sst sich mit den praktischen Handschrauben \u2013 die auch den Produktnamen inspirierten \u2013 so einstellen, dass er in jede Richtung Licht emittiert. Die Leuchte selbst kann dank des Klemmsystems an jeder [&hellip;]<\/p>\n","protected":false},"featured_media":173608,"template":"","meta":{"_acf_changed":false,"om_disable_all_campaigns":false},"product_cat":[286],"product_tag":[1258,896,898,1188,1265,1077,858,1204,816],"bundled_by":[],"bundle_stock_status":"onbackorder","bundle_stock_quantity":1,"bundle_virtual":false,"bundle_layout":"","bundle_add_to_cart_form_location":"","bundle_editable_in_cart":false,"bundle_sold_individually_context":"","bundle_item_grouping":"","bundle_min_size":"","bundle_max_size":"","bundle_price":[],"bundled_items":[],"bundle_sell_ids":[],"acf":[],"yoast_head":"<!-- This site is optimized with the Yoast SEO Premium plugin v22.2 (Yoast SEO v22.8) - https:\/\/yoast.com\/wordpress\/plugins\/seo\/ -->\n<title>Wandleuchte Ruuvi | Ferm Living | Ekkla<\/title>\n<meta name=\"description\" content=\"Schaffen Sie eine elegante Atmosph\u00e4re mit der Wandleuchte Ruuvi. Eine warme und elegante Atmosph\u00e4re ist in jedem Raum garantiert.\" \/>\n<meta name=\"robots\" content=\"index, follow, max-snippet:-1, max-image-preview:large, max-video-preview:-1\" \/>\n<link rel=\"canonical\" href=\"https:\/\/ekkla.ch\/de\/produit\/wandleuchte-ruuvi-schwarz-metall-h-16-ferm-living\/\" \/>\n<meta property=\"og:locale\" content=\"de_DE\" \/>\n<meta property=\"og:type\" content=\"article\" \/>\n<meta property=\"og:title\" content=\"Wandleuchte Ruuvi - Schwarz - Metall - H.16 - Ferm Living\" \/>\n<meta property=\"og:description\" content=\"Schaffen Sie eine elegante Atmosph\u00e4re mit der Wandleuchte Ruuvi. Eine warme und elegante Atmosph\u00e4re ist in jedem Raum garantiert.\" \/>\n<meta property=\"og:url\" content=\"https:\/\/ekkla.ch\/de\/produit\/wandleuchte-ruuvi-schwarz-metall-h-16-ferm-living\/\" \/>\n<meta property=\"og:site_name\" content=\"Ekkla\" \/>\n<meta property=\"og:image\" content=\"https:\/\/ekkla.ch\/wp-content\/uploads\/2023\/04\/ekkla-light_0022_fermLIVING_SS23_RuuviLamp_1104266767_1-1.jpg\" \/>\n\t<meta property=\"og:image:width\" content=\"900\" \/>\n\t<meta property=\"og:image:height\" content=\"900\" \/>\n\t<meta property=\"og:image:type\" content=\"image\/jpeg\" \/>\n<meta name=\"twitter:card\" content=\"summary_large_image\" \/>\n<meta name=\"twitter:label1\" content=\"Gesch\u00e4tzte Lesezeit\" \/>\n\t<meta name=\"twitter:data1\" content=\"1\u00a0Minute\" \/>\n<script type=\"application\/ld+json\" class=\"yoast-schema-graph\">{\"@context\":\"https:\/\/schema.org\",\"@graph\":[{\"@type\":\"WebPage\",\"@id\":\"https:\/\/ekkla.ch\/de\/produit\/wandleuchte-ruuvi-schwarz-metall-h-16-ferm-living\/\",\"url\":\"https:\/\/ekkla.ch\/de\/produit\/wandleuchte-ruuvi-schwarz-metall-h-16-ferm-living\/\",\"name\":\"Wandleuchte Ruuvi | Ferm Living | Ekkla\",\"isPartOf\":{\"@id\":\"https:\/\/ekkla.ch\/#website\"},\"primaryImageOfPage\":{\"@id\":\"https:\/\/ekkla.ch\/de\/produit\/wandleuchte-ruuvi-schwarz-metall-h-16-ferm-living\/#primaryimage\"},\"image\":{\"@id\":\"https:\/\/ekkla.ch\/de\/produit\/wandleuchte-ruuvi-schwarz-metall-h-16-ferm-living\/#primaryimage\"},\"thumbnailUrl\":\"https:\/\/ekkla.ch\/wp-content\/uploads\/2023\/04\/ekkla-light_0022_fermLIVING_SS23_RuuviLamp_1104266767_1-1.jpg\",\"datePublished\":\"2023-04-18T08:16:53+00:00\",\"dateModified\":\"2023-04-18T08:16:53+00:00\",\"description\":\"Schaffen Sie eine elegante Atmosph\u00e4re mit der Wandleuchte Ruuvi. Eine warme und elegante Atmosph\u00e4re ist in jedem Raum garantiert.\",\"breadcrumb\":{\"@id\":\"https:\/\/ekkla.ch\/de\/produit\/wandleuchte-ruuvi-schwarz-metall-h-16-ferm-living\/#breadcrumb\"},\"inLanguage\":\"de\",\"potentialAction\":[{\"@type\":\"ReadAction\",\"target\":[\"https:\/\/ekkla.ch\/de\/produit\/wandleuchte-ruuvi-schwarz-metall-h-16-ferm-living\/\"]}]},{\"@type\":\"ImageObject\",\"inLanguage\":\"de\",\"@id\":\"https:\/\/ekkla.ch\/de\/produit\/wandleuchte-ruuvi-schwarz-metall-h-16-ferm-living\/#primaryimage\",\"url\":\"https:\/\/ekkla.ch\/wp-content\/uploads\/2023\/04\/ekkla-light_0022_fermLIVING_SS23_RuuviLamp_1104266767_1-1.jpg\",\"contentUrl\":\"https:\/\/ekkla.ch\/wp-content\/uploads\/2023\/04\/ekkla-light_0022_fermLIVING_SS23_RuuviLamp_1104266767_1-1.jpg\",\"width\":900,\"height\":900},{\"@type\":\"BreadcrumbList\",\"@id\":\"https:\/\/ekkla.ch\/de\/produit\/wandleuchte-ruuvi-schwarz-metall-h-16-ferm-living\/#breadcrumb\",\"itemListElement\":[{\"@type\":\"ListItem\",\"position\":1,\"name\":\"Home\",\"item\":\"https:\/\/ekkla.ch\/de\/\"},{\"@type\":\"ListItem\",\"position\":2,\"name\":\"Shop\",\"item\":\"https:\/\/ekkla.ch\/de\/shop\/\"},{\"@type\":\"ListItem\",\"position\":3,\"name\":\"Wandleuchte Ruuvi &#8211; Schwarz &#8211; Metall &#8211; H.16 &#8211; Ferm Living\"}]},{\"@type\":\"WebSite\",\"@id\":\"https:\/\/ekkla.ch\/#website\",\"url\":\"https:\/\/ekkla.ch\/\",\"name\":\"Ekkla\",\"description\":\"Der Onlineshop f\u00fcr Beleuchtung\",\"publisher\":{\"@id\":\"https:\/\/ekkla.ch\/#organization\"},\"potentialAction\":[{\"@type\":\"SearchAction\",\"target\":{\"@type\":\"EntryPoint\",\"urlTemplate\":\"https:\/\/ekkla.ch\/?s={search_term_string}\"},\"query-input\":\"required name=search_term_string\"}],\"inLanguage\":\"de\"},{\"@type\":\"Organization\",\"@id\":\"https:\/\/ekkla.ch\/#organization\",\"name\":\"Ekkla\",\"url\":\"https:\/\/ekkla.ch\/\",\"logo\":{\"@type\":\"ImageObject\",\"inLanguage\":\"de\",\"@id\":\"https:\/\/ekkla.ch\/#\/schema\/logo\/image\/\",\"url\":\"http:\/\/ekkla.ch\/wp-content\/uploads\/2019\/07\/logo-1.svg\",\"contentUrl\":\"http:\/\/ekkla.ch\/wp-content\/uploads\/2019\/07\/logo-1.svg\",\"width\":1,\"height\":1,\"caption\":\"Ekkla\"},\"image\":{\"@id\":\"https:\/\/ekkla.ch\/#\/schema\/logo\/image\/\"},\"sameAs\":[\"https:\/\/www.instagram.com\/ekkla_light\/\"]}]}<\/script>\n<!-- \/ Yoast SEO Premium plugin. -->","yoast_head_json":{"title":"Wandleuchte Ruuvi | Ferm Living | Ekkla","description":"Schaffen Sie eine elegante Atmosph\u00e4re mit der Wandleuchte Ruuvi. Eine warme und elegante Atmosph\u00e4re ist in jedem Raum garantiert.","robots":{"index":"index","follow":"follow","max-snippet":"max-snippet:-1","max-image-preview":"max-image-preview:large","max-video-preview":"max-video-preview:-1"},"canonical":"https:\/\/ekkla.ch\/de\/produit\/wandleuchte-ruuvi-schwarz-metall-h-16-ferm-living\/","og_locale":"de_DE","og_type":"article","og_title":"Wandleuchte Ruuvi - Schwarz - Metall - H.16 - Ferm Living","og_description":"Schaffen Sie eine elegante Atmosph\u00e4re mit der Wandleuchte Ruuvi. Eine warme und elegante Atmosph\u00e4re ist in jedem Raum garantiert.","og_url":"https:\/\/ekkla.ch\/de\/produit\/wandleuchte-ruuvi-schwarz-metall-h-16-ferm-living\/","og_site_name":"Ekkla","og_image":[{"width":900,"height":900,"url":"https:\/\/ekkla.ch\/wp-content\/uploads\/2023\/04\/ekkla-light_0022_fermLIVING_SS23_RuuviLamp_1104266767_1-1.jpg","type":"image\/jpeg"}],"twitter_card":"summary_large_image","twitter_misc":{"Gesch\u00e4tzte Lesezeit":"1\u00a0Minute"},"schema":{"@context":"https:\/\/schema.org","@graph":[{"@type":"WebPage","@id":"https:\/\/ekkla.ch\/de\/produit\/wandleuchte-ruuvi-schwarz-metall-h-16-ferm-living\/","url":"https:\/\/ekkla.ch\/de\/produit\/wandleuchte-ruuvi-schwarz-metall-h-16-ferm-living\/","name":"Wandleuchte Ruuvi | Ferm Living | Ekkla","isPartOf":{"@id":"https:\/\/ekkla.ch\/#website"},"primaryImageOfPage":{"@id":"https:\/\/ekkla.ch\/de\/produit\/wandleuchte-ruuvi-schwarz-metall-h-16-ferm-living\/#primaryimage"},"image":{"@id":"https:\/\/ekkla.ch\/de\/produit\/wandleuchte-ruuvi-schwarz-metall-h-16-ferm-living\/#primaryimage"},"thumbnailUrl":"https:\/\/ekkla.ch\/wp-content\/uploads\/2023\/04\/ekkla-light_0022_fermLIVING_SS23_RuuviLamp_1104266767_1-1.jpg","datePublished":"2023-04-18T08:16:53+00:00","dateModified":"2023-04-18T08:16:53+00:00","description":"Schaffen Sie eine elegante Atmosph\u00e4re mit der Wandleuchte Ruuvi. Eine warme und elegante Atmosph\u00e4re ist in jedem Raum garantiert.","breadcrumb":{"@id":"https:\/\/ekkla.ch\/de\/produit\/wandleuchte-ruuvi-schwarz-metall-h-16-ferm-living\/#breadcrumb"},"inLanguage":"de","potentialAction":[{"@type":"ReadAction","target":["https:\/\/ekkla.ch\/de\/produit\/wandleuchte-ruuvi-schwarz-metall-h-16-ferm-living\/"]}]},{"@type":"ImageObject","inLanguage":"de","@id":"https:\/\/ekkla.ch\/de\/produit\/wandleuchte-ruuvi-schwarz-metall-h-16-ferm-living\/#primaryimage","url":"https:\/\/ekkla.ch\/wp-content\/uploads\/2023\/04\/ekkla-light_0022_fermLIVING_SS23_RuuviLamp_1104266767_1-1.jpg","contentUrl":"https:\/\/ekkla.ch\/wp-content\/uploads\/2023\/04\/ekkla-light_0022_fermLIVING_SS23_RuuviLamp_1104266767_1-1.jpg","width":900,"height":900},{"@type":"BreadcrumbList","@id":"https:\/\/ekkla.ch\/de\/produit\/wandleuchte-ruuvi-schwarz-metall-h-16-ferm-living\/#breadcrumb","itemListElement":[{"@type":"ListItem","position":1,"name":"Home","item":"https:\/\/ekkla.ch\/de\/"},{"@type":"ListItem","position":2,"name":"Shop","item":"https:\/\/ekkla.ch\/de\/shop\/"},{"@type":"ListItem","position":3,"name":"Wandleuchte Ruuvi &#8211; Schwarz &#8211; Metall &#8211; H.16 &#8211; Ferm Living"}]},{"@type":"WebSite","@id":"https:\/\/ekkla.ch\/#website","url":"https:\/\/ekkla.ch\/","name":"Ekkla","description":"Der Onlineshop f\u00fcr Beleuchtung","publisher":{"@id":"https:\/\/ekkla.ch\/#organization"},"potentialAction":[{"@type":"SearchAction","target":{"@type":"EntryPoint","urlTemplate":"https:\/\/ekkla.ch\/?s={search_term_string}"},"query-input":"required name=search_term_string"}],"inLanguage":"de"},{"@type":"Organization","@id":"https:\/\/ekkla.ch\/#organization","name":"Ekkla","url":"https:\/\/ekkla.ch\/","logo":{"@type":"ImageObject","inLanguage":"de","@id":"https:\/\/ekkla.ch\/#\/schema\/logo\/image\/","url":"http:\/\/ekkla.ch\/wp-content\/uploads\/2019\/07\/logo-1.svg","contentUrl":"http:\/\/ekkla.ch\/wp-content\/uploads\/2019\/07\/logo-1.svg","width":1,"height":1,"caption":"Ekkla"},"image":{"@id":"https:\/\/ekkla.ch\/#\/schema\/logo\/image\/"},"sameAs":["https:\/\/www.instagram.com\/ekkla_light\/"]}]}},"_links":{"self":[{"href":"https:\/\/ekkla.ch\/de\/wp-json\/wp\/v2\/product\/173151"}],"collection":[{"href":"https:\/\/ekkla.ch\/de\/wp-json\/wp\/v2\/product"}],"about":[{"href":"https:\/\/ekkla.ch\/de\/wp-json\/wp\/v2\/types\/product"}],"wp:featuredmedia":[{"embeddable":true,"href":"https:\/\/ekkla.ch\/de\/wp-json\/wp\/v2\/media\/173608"}],"wp:attachment":[{"href":"https:\/\/ekkla.ch\/de\/wp-json\/wp\/v2\/media?parent=173151"}],"wp:term":[{"taxonomy":"product_cat","embeddable":true,"href":"https:\/\/ekkla.ch\/de\/wp-json\/wp\/v2\/product_cat?post=173151"},{"taxonomy":"product_tag","embeddable":true,"href":"https:\/\/ekkla.ch\/de\/wp-json\/wp\/v2\/product_tag?post=173151"}],"curies":[{"name":"wp","href":"https:\/\/api.w.org\/{rel}","templated":true}]}}